{"id":45606,"date":"2026-02-14T14:42:02","date_gmt":"2026-02-14T14:42:02","guid":{"rendered":"https:\/\/anadolupet.com.tr\/urun\/kong-kediler-icin-odul-mamasi-dagitma-oyuncagi\/"},"modified":"2026-02-23T12:49:07","modified_gmt":"2026-02-23T12:49:07","slug":"kong-kediler-icin-odul-mamasi-dagitma-oyuncagi","status":"publish","type":"product","link":"https:\/\/anadolupet.com.tr\/en\/urun\/kong-kediler-icin-odul-mamasi-dagitma-oyuncagi\/","title":{"rendered":"KONG Kediler i\u00e7in \u00d6d\u00fcl Mamas\u0131 Da\u011f\u0131tma Oyunca\u011f\u0131"},"content":{"rendered":"","protected":false},"excerpt":{"rendered":"<p>KONG Treat Ball kedinizin oyun zaman\u0131n\u0131 daha e\u011flenceli ve sa\u011fl\u0131kl\u0131 hale getirir. \u0130\u00e7ine \u00f6d\u00fcl mamalar\u0131 yerle\u015ftirildi\u011finde kediniz topu kovalay\u0131p patileriyle vurur, b\u00f6ylece hem zihinsel hem de fiziksel olarak aktif kal\u0131r. E\u011flenceli ve \u00f6ng\u00f6r\u00fclemeyen hareketleri kedinizin ilgisini uzun s\u00fcre canl\u0131 tutar, ayn\u0131 zamanda sa\u011fl\u0131kl\u0131 egzersiz yapmas\u0131n\u0131 sa\u011flar.<\/p>","protected":false},"featured_media":43828,"comment_status":"open","ping_status":"closed","template":"","meta":{"_acf_changed":false},"product_brand":[],"product_cat":[3837],"product_tag":[],"class_list":{"0":"post-45606","1":"product","2":"type-product","3":"status-publish","4":"has-post-thumbnail","6":"product_cat-oyuncaklari-kedi","8":"first","9":"instock","10":"shipping-taxable","11":"product-type-simple"},"acf":[],"yoast_head":"<!-- This site is optimized with the Yoast SEO plugin v27.4 - https:\/\/yoast.com\/product\/yoast-seo-wordpress\/ -->\n<title>KONG Kediler i\u00e7in \u00d6d\u00fcl Mamas\u0131 Da\u011f\u0131tma Oyunca\u011f\u0131 - Anadolu Pet Grup<\/title>\n<meta name=\"robots\" content=\"index, follow, max-snippet:-1, max-image-preview:large, max-video-preview:-1\" \/>\n<link rel=\"canonical\" href=\"https:\/\/anadolupet.com.tr\/en\/product\/kong-kediler-icin-odul-mamasi-dagitma-oyuncagi\/\" \/>\n<meta property=\"og:locale\" content=\"en_US\" \/>\n<meta property=\"og:type\" content=\"article\" \/>\n<meta property=\"og:title\" content=\"KONG Kediler i\u00e7in \u00d6d\u00fcl Mamas\u0131 Da\u011f\u0131tma Oyunca\u011f\u0131 - Anadolu Pet Grup\" \/>\n<meta property=\"og:description\" content=\"KONG Treat Ball kedinizin oyun zaman\u0131n\u0131 daha e\u011flenceli ve sa\u011fl\u0131kl\u0131 hale getirir. \u0130\u00e7ine \u00f6d\u00fcl mamalar\u0131 yerle\u015ftirildi\u011finde kediniz topu kovalay\u0131p patileriyle vurur, b\u00f6ylece hem zihinsel hem de fiziksel olarak aktif kal\u0131r. E\u011flenceli ve \u00f6ng\u00f6r\u00fclemeyen hareketleri kedinizin ilgisini uzun s\u00fcre canl\u0131 tutar, ayn\u0131 zamanda sa\u011fl\u0131kl\u0131 egzersiz yapmas\u0131n\u0131 sa\u011flar.\" \/>\n<meta property=\"og:url\" content=\"https:\/\/anadolupet.com.tr\/en\/product\/kong-kediler-icin-odul-mamasi-dagitma-oyuncagi\/\" \/>\n<meta property=\"og:site_name\" content=\"Anadolu Pet Grup\" \/>\n<meta property=\"article:modified_time\" content=\"2026-02-23T12:49:07+00:00\" \/>\n<meta property=\"og:image\" content=\"https:\/\/anadolupet.com.tr\/wp-content\/uploads\/2026\/02\/390-PE4E.jpg\" \/>\n\t<meta property=\"og:image:width\" content=\"750\" \/>\n\t<meta property=\"og:image:height\" content=\"750\" \/>\n\t<meta property=\"og:image:type\" content=\"image\/jpeg\" \/>\n<meta name=\"twitter:card\" content=\"summary_large_image\" \/>\n<script type=\"application\/ld+json\" class=\"yoast-schema-graph\">{\"@context\":\"https:\\\/\\\/schema.org\",\"@graph\":[{\"@type\":\"WebPage\",\"@id\":\"https:\\\/\\\/anadolupet.com.tr\\\/urun\\\/kong-kediler-icin-odul-mamasi-dagitma-oyuncagi\\\/\",\"url\":\"https:\\\/\\\/anadolupet.com.tr\\\/urun\\\/kong-kediler-icin-odul-mamasi-dagitma-oyuncagi\\\/\",\"name\":\"KONG Kediler i\u00e7in \u00d6d\u00fcl Mamas\u0131 Da\u011f\u0131tma Oyunca\u011f\u0131 - Anadolu Pet Grup\",\"isPartOf\":{\"@id\":\"https:\\\/\\\/anadolupet.com.tr\\\/#website\"},\"primaryImageOfPage\":{\"@id\":\"https:\\\/\\\/anadolupet.com.tr\\\/urun\\\/kong-kediler-icin-odul-mamasi-dagitma-oyuncagi\\\/#primaryimage\"},\"image\":{\"@id\":\"https:\\\/\\\/anadolupet.com.tr\\\/urun\\\/kong-kediler-icin-odul-mamasi-dagitma-oyuncagi\\\/#primaryimage\"},\"thumbnailUrl\":\"https:\\\/\\\/anadolupet.com.tr\\\/wp-content\\\/uploads\\\/2026\\\/02\\\/390-PE4E.jpg\",\"datePublished\":\"2026-02-14T14:42:02+00:00\",\"dateModified\":\"2026-02-23T12:49:07+00:00\",\"breadcrumb\":{\"@id\":\"https:\\\/\\\/anadolupet.com.tr\\\/urun\\\/kong-kediler-icin-odul-mamasi-dagitma-oyuncagi\\\/#breadcrumb\"},\"inLanguage\":\"en-US\",\"potentialAction\":[{\"@type\":\"ReadAction\",\"target\":[\"https:\\\/\\\/anadolupet.com.tr\\\/urun\\\/kong-kediler-icin-odul-mamasi-dagitma-oyuncagi\\\/\"]}]},{\"@type\":\"ImageObject\",\"inLanguage\":\"en-US\",\"@id\":\"https:\\\/\\\/anadolupet.com.tr\\\/urun\\\/kong-kediler-icin-odul-mamasi-dagitma-oyuncagi\\\/#primaryimage\",\"url\":\"https:\\\/\\\/anadolupet.com.tr\\\/wp-content\\\/uploads\\\/2026\\\/02\\\/390-PE4E.jpg\",\"contentUrl\":\"https:\\\/\\\/anadolupet.com.tr\\\/wp-content\\\/uploads\\\/2026\\\/02\\\/390-PE4E.jpg\",\"width\":750,\"height\":750},{\"@type\":\"BreadcrumbList\",\"@id\":\"https:\\\/\\\/anadolupet.com.tr\\\/urun\\\/kong-kediler-icin-odul-mamasi-dagitma-oyuncagi\\\/#breadcrumb\",\"itemListElement\":[{\"@type\":\"ListItem\",\"position\":1,\"name\":\"Anasayfa\",\"item\":\"https:\\\/\\\/anadolupet.com.tr\\\/\"},{\"@type\":\"ListItem\",\"position\":2,\"name\":\"\u00dcr\u00fcnler\",\"item\":\"https:\\\/\\\/anadolupet.com.tr\\\/urunler\\\/\"},{\"@type\":\"ListItem\",\"position\":3,\"name\":\"KONG Kediler i\u00e7in \u00d6d\u00fcl Mamas\u0131 Da\u011f\u0131tma Oyunca\u011f\u0131\"}]},{\"@type\":\"WebSite\",\"@id\":\"https:\\\/\\\/anadolupet.com.tr\\\/#website\",\"url\":\"https:\\\/\\\/anadolupet.com.tr\\\/\",\"name\":\"Anadolu Pet Grup\",\"description\":\"Her Can\u0131n \u0130yi Ya\u015fam\u0131 \u0130\u00e7in Biraraday\u0131z\",\"publisher\":{\"@id\":\"https:\\\/\\\/anadolupet.com.tr\\\/#organization\"},\"potentialAction\":[{\"@type\":\"SearchAction\",\"target\":{\"@type\":\"EntryPoint\",\"urlTemplate\":\"https:\\\/\\\/anadolupet.com.tr\\\/?s={search_term_string}\"},\"query-input\":{\"@type\":\"PropertyValueSpecification\",\"valueRequired\":true,\"valueName\":\"search_term_string\"}}],\"inLanguage\":\"en-US\"},{\"@type\":\"Organization\",\"@id\":\"https:\\\/\\\/anadolupet.com.tr\\\/#organization\",\"name\":\"Anadolu Pet Grup\",\"alternateName\":\"Anadolu Pet\",\"url\":\"https:\\\/\\\/anadolupet.com.tr\\\/\",\"logo\":{\"@type\":\"ImageObject\",\"inLanguage\":\"en-US\",\"@id\":\"https:\\\/\\\/anadolupet.com.tr\\\/#\\\/schema\\\/logo\\\/image\\\/\",\"url\":\"https:\\\/\\\/anadolupet.com.tr\\\/wp-content\\\/uploads\\\/2026\\\/03\\\/1614666743370.jpg\",\"contentUrl\":\"https:\\\/\\\/anadolupet.com.tr\\\/wp-content\\\/uploads\\\/2026\\\/03\\\/1614666743370.jpg\",\"width\":800,\"height\":571,\"caption\":\"Anadolu Pet Grup\"},\"image\":{\"@id\":\"https:\\\/\\\/anadolupet.com.tr\\\/#\\\/schema\\\/logo\\\/image\\\/\"}}]}<\/script>\n<!-- \/ Yoast SEO plugin. -->","yoast_head_json":{"title":"KONG Kediler i\u00e7in \u00d6d\u00fcl Mamas\u0131 Da\u011f\u0131tma Oyunca\u011f\u0131 - Anadolu Pet Grup","robots":{"index":"index","follow":"follow","max-snippet":"max-snippet:-1","max-image-preview":"max-image-preview:large","max-video-preview":"max-video-preview:-1"},"canonical":"https:\/\/anadolupet.com.tr\/en\/product\/kong-kediler-icin-odul-mamasi-dagitma-oyuncagi\/","og_locale":"en_US","og_type":"article","og_title":"KONG Kediler i\u00e7in \u00d6d\u00fcl Mamas\u0131 Da\u011f\u0131tma Oyunca\u011f\u0131 - Anadolu Pet Grup","og_description":"KONG Treat Ball kedinizin oyun zaman\u0131n\u0131 daha e\u011flenceli ve sa\u011fl\u0131kl\u0131 hale getirir. \u0130\u00e7ine \u00f6d\u00fcl mamalar\u0131 yerle\u015ftirildi\u011finde kediniz topu kovalay\u0131p patileriyle vurur, b\u00f6ylece hem zihinsel hem de fiziksel olarak aktif kal\u0131r. E\u011flenceli ve \u00f6ng\u00f6r\u00fclemeyen hareketleri kedinizin ilgisini uzun s\u00fcre canl\u0131 tutar, ayn\u0131 zamanda sa\u011fl\u0131kl\u0131 egzersiz yapmas\u0131n\u0131 sa\u011flar.","og_url":"https:\/\/anadolupet.com.tr\/en\/product\/kong-kediler-icin-odul-mamasi-dagitma-oyuncagi\/","og_site_name":"Anadolu Pet Grup","article_modified_time":"2026-02-23T12:49:07+00:00","og_image":[{"width":750,"height":750,"url":"https:\/\/anadolupet.com.tr\/wp-content\/uploads\/2026\/02\/390-PE4E.jpg","type":"image\/jpeg"}],"twitter_card":"summary_large_image","schema":{"@context":"https:\/\/schema.org","@graph":[{"@type":"WebPage","@id":"https:\/\/anadolupet.com.tr\/urun\/kong-kediler-icin-odul-mamasi-dagitma-oyuncagi\/","url":"https:\/\/anadolupet.com.tr\/urun\/kong-kediler-icin-odul-mamasi-dagitma-oyuncagi\/","name":"KONG Kediler i\u00e7in \u00d6d\u00fcl Mamas\u0131 Da\u011f\u0131tma Oyunca\u011f\u0131 - Anadolu Pet Grup","isPartOf":{"@id":"https:\/\/anadolupet.com.tr\/#website"},"primaryImageOfPage":{"@id":"https:\/\/anadolupet.com.tr\/urun\/kong-kediler-icin-odul-mamasi-dagitma-oyuncagi\/#primaryimage"},"image":{"@id":"https:\/\/anadolupet.com.tr\/urun\/kong-kediler-icin-odul-mamasi-dagitma-oyuncagi\/#primaryimage"},"thumbnailUrl":"https:\/\/anadolupet.com.tr\/wp-content\/uploads\/2026\/02\/390-PE4E.jpg","datePublished":"2026-02-14T14:42:02+00:00","dateModified":"2026-02-23T12:49:07+00:00","breadcrumb":{"@id":"https:\/\/anadolupet.com.tr\/urun\/kong-kediler-icin-odul-mamasi-dagitma-oyuncagi\/#breadcrumb"},"inLanguage":"en-US","potentialAction":[{"@type":"ReadAction","target":["https:\/\/anadolupet.com.tr\/urun\/kong-kediler-icin-odul-mamasi-dagitma-oyuncagi\/"]}]},{"@type":"ImageObject","inLanguage":"en-US","@id":"https:\/\/anadolupet.com.tr\/urun\/kong-kediler-icin-odul-mamasi-dagitma-oyuncagi\/#primaryimage","url":"https:\/\/anadolupet.com.tr\/wp-content\/uploads\/2026\/02\/390-PE4E.jpg","contentUrl":"https:\/\/anadolupet.com.tr\/wp-content\/uploads\/2026\/02\/390-PE4E.jpg","width":750,"height":750},{"@type":"BreadcrumbList","@id":"https:\/\/anadolupet.com.tr\/urun\/kong-kediler-icin-odul-mamasi-dagitma-oyuncagi\/#breadcrumb","itemListElement":[{"@type":"ListItem","position":1,"name":"Anasayfa","item":"https:\/\/anadolupet.com.tr\/"},{"@type":"ListItem","position":2,"name":"\u00dcr\u00fcnler","item":"https:\/\/anadolupet.com.tr\/urunler\/"},{"@type":"ListItem","position":3,"name":"KONG Kediler i\u00e7in \u00d6d\u00fcl Mamas\u0131 Da\u011f\u0131tma Oyunca\u011f\u0131"}]},{"@type":"WebSite","@id":"https:\/\/anadolupet.com.tr\/#website","url":"https:\/\/anadolupet.com.tr\/","name":"Anadolu Pet Group","description":"We Stand Together for the Well-Being of Every Life","publisher":{"@id":"https:\/\/anadolupet.com.tr\/#organization"},"potentialAction":[{"@type":"SearchAction","target":{"@type":"EntryPoint","urlTemplate":"https:\/\/anadolupet.com.tr\/?s={search_term_string}"},"query-input":{"@type":"PropertyValueSpecification","valueRequired":true,"valueName":"search_term_string"}}],"inLanguage":"en-US"},{"@type":"Organization","@id":"https:\/\/anadolupet.com.tr\/#organization","name":"Anadolu Pet Group","alternateName":"Anadolu Pet","url":"https:\/\/anadolupet.com.tr\/","logo":{"@type":"ImageObject","inLanguage":"en-US","@id":"https:\/\/anadolupet.com.tr\/#\/schema\/logo\/image\/","url":"https:\/\/anadolupet.com.tr\/wp-content\/uploads\/2026\/03\/1614666743370.jpg","contentUrl":"https:\/\/anadolupet.com.tr\/wp-content\/uploads\/2026\/03\/1614666743370.jpg","width":800,"height":571,"caption":"Anadolu Pet Grup"},"image":{"@id":"https:\/\/anadolupet.com.tr\/#\/schema\/logo\/image\/"}}]}},"_links":{"self":[{"href":"https:\/\/anadolupet.com.tr\/en\/wp-json\/wp\/v2\/product\/45606","targetHints":{"allow":["GET"]}}],"collection":[{"href":"https:\/\/anadolupet.com.tr\/en\/wp-json\/wp\/v2\/product"}],"about":[{"href":"https:\/\/anadolupet.com.tr\/en\/wp-json\/wp\/v2\/types\/product"}],"replies":[{"embeddable":true,"href":"https:\/\/anadolupet.com.tr\/en\/wp-json\/wp\/v2\/comments?post=45606"}],"wp:featuredmedia":[{"embeddable":true,"href":"https:\/\/anadolupet.com.tr\/en\/wp-json\/wp\/v2\/media\/43828"}],"wp:attachment":[{"href":"https:\/\/anadolupet.com.tr\/en\/wp-json\/wp\/v2\/media?parent=45606"}],"wp:term":[{"taxonomy":"product_brand","embeddable":true,"href":"https:\/\/anadolupet.com.tr\/en\/wp-json\/wp\/v2\/product_brand?post=45606"},{"taxonomy":"product_cat","embeddable":true,"href":"https:\/\/anadolupet.com.tr\/en\/wp-json\/wp\/v2\/product_cat?post=45606"},{"taxonomy":"product_tag","embeddable":true,"href":"https:\/\/anadolupet.com.tr\/en\/wp-json\/wp\/v2\/product_tag?post=45606"}],"curies":[{"name":"wp","href":"https:\/\/api.w.org\/{rel}","templated":true}]}}