{"id":45610,"date":"2026-02-14T14:42:02","date_gmt":"2026-02-14T14:42:02","guid":{"rendered":"https:\/\/anadolupet.com.tr\/urun\/kong-low-stuff-gulen-surat-detayli-pelus-kopek-oyuncagi-l\/"},"modified":"2026-02-23T12:49:08","modified_gmt":"2026-02-23T12:49:08","slug":"kong-low-stuff-gulen-surat-detayli-pelus-kopek-oyuncagi-l","status":"publish","type":"product","link":"https:\/\/anadolupet.com.tr\/en\/urun\/kong-low-stuff-gulen-surat-detayli-pelus-kopek-oyuncagi-l\/","title":{"rendered":"KONG Low Stuff G\u00fclen Surat Detayl\u0131 Pelu\u015f K\u00f6pek Oyunca\u011f\u0131 L"},"content":{"rendered":"","protected":false},"excerpt":{"rendered":"<p>KONG Low Stuff Crackle Tummiez, k\u00f6peklerin \u00e7i\u011fneme ve \u00e7alkalama i\u00e7g\u00fcd\u00fclerini harekete ge\u00e7irmek \u00fczere tasarlanm\u0131\u015f, az dolgulu ve sesli bir pelu\u015f oyuncakt\u0131r. \u0130\u00e7indeki \u00e7\u0131t\u0131rt\u0131l\u0131 ve ses \u00e7\u0131karan yap\u0131, oyuna olan ilgiyi s\u00fcrekli canl\u0131 tutar ve etkile\u015fim s\u00fcresini uzat\u0131r. Az dolgu formu sayesinde minimum da\u011f\u0131n\u0131kl\u0131k sa\u011flar ve i\u00e7 mek\u00e2n kullan\u0131m\u0131na uygundur. Y\u00fczey \u015fekli \u00e7alkalama davran\u0131\u015f\u0131n\u0131 desteklerken, dayan\u0131kl\u0131 diki\u015fleri g\u00fcvenli ve uzun \u00f6m\u00fcrl\u00fc bir oyun deneyimi sunar. T\u00fcm boyutlardaki k\u00f6pekler i\u00e7in uygundur.<\/p>","protected":false},"featured_media":43819,"comment_status":"open","ping_status":"closed","template":"","meta":{"_acf_changed":false},"product_brand":[],"product_cat":[3835],"product_tag":[],"class_list":{"0":"post-45610","1":"product","2":"type-product","3":"status-publish","4":"has-post-thumbnail","6":"product_cat-oyuncaklari","8":"first","9":"instock","10":"shipping-taxable","11":"product-type-simple"},"acf":[],"yoast_head":"<!-- This site is optimized with the Yoast SEO plugin v27.5 - https:\/\/yoast.com\/product\/yoast-seo-wordpress\/ -->\n<title>KONG Low Stuff G\u00fclen Surat Detayl\u0131 Pelu\u015f K\u00f6pek Oyunca\u011f\u0131 L - Anadolu Pet Grup<\/title>\n<meta name=\"robots\" content=\"index, follow, max-snippet:-1, max-image-preview:large, max-video-preview:-1\" \/>\n<link rel=\"canonical\" href=\"https:\/\/anadolupet.com.tr\/en\/product\/kong-low-stuff-gulen-surat-detayli-pelus-kopek-oyuncagi-l\/\" \/>\n<meta property=\"og:locale\" content=\"en_US\" \/>\n<meta property=\"og:type\" content=\"article\" \/>\n<meta property=\"og:title\" content=\"KONG Low Stuff G\u00fclen Surat Detayl\u0131 Pelu\u015f K\u00f6pek Oyunca\u011f\u0131 L - Anadolu Pet Grup\" \/>\n<meta property=\"og:description\" content=\"KONG Low Stuff Crackle Tummiez, k\u00f6peklerin \u00e7i\u011fneme ve \u00e7alkalama i\u00e7g\u00fcd\u00fclerini harekete ge\u00e7irmek \u00fczere tasarlanm\u0131\u015f, az dolgulu ve sesli bir pelu\u015f oyuncakt\u0131r. \u0130\u00e7indeki \u00e7\u0131t\u0131rt\u0131l\u0131 ve ses \u00e7\u0131karan yap\u0131, oyuna olan ilgiyi s\u00fcrekli canl\u0131 tutar ve etkile\u015fim s\u00fcresini uzat\u0131r. Az dolgu formu sayesinde minimum da\u011f\u0131n\u0131kl\u0131k sa\u011flar ve i\u00e7 mek\u00e2n kullan\u0131m\u0131na uygundur. Y\u00fczey \u015fekli \u00e7alkalama davran\u0131\u015f\u0131n\u0131 desteklerken, dayan\u0131kl\u0131 diki\u015fleri g\u00fcvenli ve uzun \u00f6m\u00fcrl\u00fc bir oyun deneyimi sunar. T\u00fcm boyutlardaki k\u00f6pekler i\u00e7in uygundur.\" \/>\n<meta property=\"og:url\" content=\"https:\/\/anadolupet.com.tr\/en\/product\/kong-low-stuff-gulen-surat-detayli-pelus-kopek-oyuncagi-l\/\" \/>\n<meta property=\"og:site_name\" content=\"Anadolu Pet Grup\" \/>\n<meta property=\"article:modified_time\" content=\"2026-02-23T12:49:08+00:00\" \/>\n<meta property=\"og:image\" content=\"https:\/\/anadolupet.com.tr\/wp-content\/uploads\/2026\/02\/390-LWR14E.jpg\" \/>\n\t<meta property=\"og:image:width\" content=\"750\" \/>\n\t<meta property=\"og:image:height\" content=\"750\" \/>\n\t<meta property=\"og:image:type\" content=\"image\/jpeg\" \/>\n<meta name=\"twitter:card\" content=\"summary_large_image\" \/>\n<script type=\"application\/ld+json\" class=\"yoast-schema-graph\">{\"@context\":\"https:\\\/\\\/schema.org\",\"@graph\":[{\"@type\":\"WebPage\",\"@id\":\"https:\\\/\\\/anadolupet.com.tr\\\/urun\\\/kong-low-stuff-gulen-surat-detayli-pelus-kopek-oyuncagi-l\\\/\",\"url\":\"https:\\\/\\\/anadolupet.com.tr\\\/urun\\\/kong-low-stuff-gulen-surat-detayli-pelus-kopek-oyuncagi-l\\\/\",\"name\":\"KONG Low Stuff G\u00fclen Surat Detayl\u0131 Pelu\u015f K\u00f6pek Oyunca\u011f\u0131 L - Anadolu Pet Grup\",\"isPartOf\":{\"@id\":\"https:\\\/\\\/anadolupet.com.tr\\\/#website\"},\"primaryImageOfPage\":{\"@id\":\"https:\\\/\\\/anadolupet.com.tr\\\/urun\\\/kong-low-stuff-gulen-surat-detayli-pelus-kopek-oyuncagi-l\\\/#primaryimage\"},\"image\":{\"@id\":\"https:\\\/\\\/anadolupet.com.tr\\\/urun\\\/kong-low-stuff-gulen-surat-detayli-pelus-kopek-oyuncagi-l\\\/#primaryimage\"},\"thumbnailUrl\":\"https:\\\/\\\/anadolupet.com.tr\\\/wp-content\\\/uploads\\\/2026\\\/02\\\/390-LWR14E.jpg\",\"datePublished\":\"2026-02-14T14:42:02+00:00\",\"dateModified\":\"2026-02-23T12:49:08+00:00\",\"breadcrumb\":{\"@id\":\"https:\\\/\\\/anadolupet.com.tr\\\/urun\\\/kong-low-stuff-gulen-surat-detayli-pelus-kopek-oyuncagi-l\\\/#breadcrumb\"},\"inLanguage\":\"en-US\",\"potentialAction\":[{\"@type\":\"ReadAction\",\"target\":[\"https:\\\/\\\/anadolupet.com.tr\\\/urun\\\/kong-low-stuff-gulen-surat-detayli-pelus-kopek-oyuncagi-l\\\/\"]}]},{\"@type\":\"ImageObject\",\"inLanguage\":\"en-US\",\"@id\":\"https:\\\/\\\/anadolupet.com.tr\\\/urun\\\/kong-low-stuff-gulen-surat-detayli-pelus-kopek-oyuncagi-l\\\/#primaryimage\",\"url\":\"https:\\\/\\\/anadolupet.com.tr\\\/wp-content\\\/uploads\\\/2026\\\/02\\\/390-LWR14E.jpg\",\"contentUrl\":\"https:\\\/\\\/anadolupet.com.tr\\\/wp-content\\\/uploads\\\/2026\\\/02\\\/390-LWR14E.jpg\",\"width\":750,\"height\":750},{\"@type\":\"BreadcrumbList\",\"@id\":\"https:\\\/\\\/anadolupet.com.tr\\\/urun\\\/kong-low-stuff-gulen-surat-detayli-pelus-kopek-oyuncagi-l\\\/#breadcrumb\",\"itemListElement\":[{\"@type\":\"ListItem\",\"position\":1,\"name\":\"Anasayfa\",\"item\":\"https:\\\/\\\/anadolupet.com.tr\\\/\"},{\"@type\":\"ListItem\",\"position\":2,\"name\":\"\u00dcr\u00fcnler\",\"item\":\"https:\\\/\\\/anadolupet.com.tr\\\/urunler\\\/\"},{\"@type\":\"ListItem\",\"position\":3,\"name\":\"KONG Low Stuff G\u00fclen Surat Detayl\u0131 Pelu\u015f K\u00f6pek Oyunca\u011f\u0131 L\"}]},{\"@type\":\"WebSite\",\"@id\":\"https:\\\/\\\/anadolupet.com.tr\\\/#website\",\"url\":\"https:\\\/\\\/anadolupet.com.tr\\\/\",\"name\":\"Anadolu Pet Grup\",\"description\":\"Her Can\u0131n \u0130yi Ya\u015fam\u0131 \u0130\u00e7in Biraraday\u0131z\",\"publisher\":{\"@id\":\"https:\\\/\\\/anadolupet.com.tr\\\/#organization\"},\"potentialAction\":[{\"@type\":\"SearchAction\",\"target\":{\"@type\":\"EntryPoint\",\"urlTemplate\":\"https:\\\/\\\/anadolupet.com.tr\\\/?s={search_term_string}\"},\"query-input\":{\"@type\":\"PropertyValueSpecification\",\"valueRequired\":true,\"valueName\":\"search_term_string\"}}],\"inLanguage\":\"en-US\"},{\"@type\":\"Organization\",\"@id\":\"https:\\\/\\\/anadolupet.com.tr\\\/#organization\",\"name\":\"Anadolu Pet Grup\",\"alternateName\":\"Anadolu Pet\",\"url\":\"https:\\\/\\\/anadolupet.com.tr\\\/\",\"logo\":{\"@type\":\"ImageObject\",\"inLanguage\":\"en-US\",\"@id\":\"https:\\\/\\\/anadolupet.com.tr\\\/#\\\/schema\\\/logo\\\/image\\\/\",\"url\":\"https:\\\/\\\/anadolupet.com.tr\\\/wp-content\\\/uploads\\\/2026\\\/03\\\/1614666743370.jpg\",\"contentUrl\":\"https:\\\/\\\/anadolupet.com.tr\\\/wp-content\\\/uploads\\\/2026\\\/03\\\/1614666743370.jpg\",\"width\":800,\"height\":571,\"caption\":\"Anadolu Pet Grup\"},\"image\":{\"@id\":\"https:\\\/\\\/anadolupet.com.tr\\\/#\\\/schema\\\/logo\\\/image\\\/\"}}]}<\/script>\n<!-- \/ Yoast SEO plugin. -->","yoast_head_json":{"title":"KONG Low Stuff G\u00fclen Surat Detayl\u0131 Pelu\u015f K\u00f6pek Oyunca\u011f\u0131 L - Anadolu Pet Grup","robots":{"index":"index","follow":"follow","max-snippet":"max-snippet:-1","max-image-preview":"max-image-preview:large","max-video-preview":"max-video-preview:-1"},"canonical":"https:\/\/anadolupet.com.tr\/en\/product\/kong-low-stuff-gulen-surat-detayli-pelus-kopek-oyuncagi-l\/","og_locale":"en_US","og_type":"article","og_title":"KONG Low Stuff G\u00fclen Surat Detayl\u0131 Pelu\u015f K\u00f6pek Oyunca\u011f\u0131 L - Anadolu Pet Grup","og_description":"KONG Low Stuff Crackle Tummiez, k\u00f6peklerin \u00e7i\u011fneme ve \u00e7alkalama i\u00e7g\u00fcd\u00fclerini harekete ge\u00e7irmek \u00fczere tasarlanm\u0131\u015f, az dolgulu ve sesli bir pelu\u015f oyuncakt\u0131r. \u0130\u00e7indeki \u00e7\u0131t\u0131rt\u0131l\u0131 ve ses \u00e7\u0131karan yap\u0131, oyuna olan ilgiyi s\u00fcrekli canl\u0131 tutar ve etkile\u015fim s\u00fcresini uzat\u0131r. Az dolgu formu sayesinde minimum da\u011f\u0131n\u0131kl\u0131k sa\u011flar ve i\u00e7 mek\u00e2n kullan\u0131m\u0131na uygundur. Y\u00fczey \u015fekli \u00e7alkalama davran\u0131\u015f\u0131n\u0131 desteklerken, dayan\u0131kl\u0131 diki\u015fleri g\u00fcvenli ve uzun \u00f6m\u00fcrl\u00fc bir oyun deneyimi sunar. T\u00fcm boyutlardaki k\u00f6pekler i\u00e7in uygundur.","og_url":"https:\/\/anadolupet.com.tr\/en\/product\/kong-low-stuff-gulen-surat-detayli-pelus-kopek-oyuncagi-l\/","og_site_name":"Anadolu Pet Grup","article_modified_time":"2026-02-23T12:49:08+00:00","og_image":[{"width":750,"height":750,"url":"https:\/\/anadolupet.com.tr\/wp-content\/uploads\/2026\/02\/390-LWR14E.jpg","type":"image\/jpeg"}],"twitter_card":"summary_large_image","schema":{"@context":"https:\/\/schema.org","@graph":[{"@type":"WebPage","@id":"https:\/\/anadolupet.com.tr\/urun\/kong-low-stuff-gulen-surat-detayli-pelus-kopek-oyuncagi-l\/","url":"https:\/\/anadolupet.com.tr\/urun\/kong-low-stuff-gulen-surat-detayli-pelus-kopek-oyuncagi-l\/","name":"KONG Low Stuff G\u00fclen Surat Detayl\u0131 Pelu\u015f K\u00f6pek Oyunca\u011f\u0131 L - Anadolu Pet Grup","isPartOf":{"@id":"https:\/\/anadolupet.com.tr\/#website"},"primaryImageOfPage":{"@id":"https:\/\/anadolupet.com.tr\/urun\/kong-low-stuff-gulen-surat-detayli-pelus-kopek-oyuncagi-l\/#primaryimage"},"image":{"@id":"https:\/\/anadolupet.com.tr\/urun\/kong-low-stuff-gulen-surat-detayli-pelus-kopek-oyuncagi-l\/#primaryimage"},"thumbnailUrl":"https:\/\/anadolupet.com.tr\/wp-content\/uploads\/2026\/02\/390-LWR14E.jpg","datePublished":"2026-02-14T14:42:02+00:00","dateModified":"2026-02-23T12:49:08+00:00","breadcrumb":{"@id":"https:\/\/anadolupet.com.tr\/urun\/kong-low-stuff-gulen-surat-detayli-pelus-kopek-oyuncagi-l\/#breadcrumb"},"inLanguage":"en-US","potentialAction":[{"@type":"ReadAction","target":["https:\/\/anadolupet.com.tr\/urun\/kong-low-stuff-gulen-surat-detayli-pelus-kopek-oyuncagi-l\/"]}]},{"@type":"ImageObject","inLanguage":"en-US","@id":"https:\/\/anadolupet.com.tr\/urun\/kong-low-stuff-gulen-surat-detayli-pelus-kopek-oyuncagi-l\/#primaryimage","url":"https:\/\/anadolupet.com.tr\/wp-content\/uploads\/2026\/02\/390-LWR14E.jpg","contentUrl":"https:\/\/anadolupet.com.tr\/wp-content\/uploads\/2026\/02\/390-LWR14E.jpg","width":750,"height":750},{"@type":"BreadcrumbList","@id":"https:\/\/anadolupet.com.tr\/urun\/kong-low-stuff-gulen-surat-detayli-pelus-kopek-oyuncagi-l\/#breadcrumb","itemListElement":[{"@type":"ListItem","position":1,"name":"Anasayfa","item":"https:\/\/anadolupet.com.tr\/"},{"@type":"ListItem","position":2,"name":"\u00dcr\u00fcnler","item":"https:\/\/anadolupet.com.tr\/urunler\/"},{"@type":"ListItem","position":3,"name":"KONG Low Stuff G\u00fclen Surat Detayl\u0131 Pelu\u015f K\u00f6pek Oyunca\u011f\u0131 L"}]},{"@type":"WebSite","@id":"https:\/\/anadolupet.com.tr\/#website","url":"https:\/\/anadolupet.com.tr\/","name":"Anadolu Pet Group","description":"We Stand Together for the Well-Being of Every Life","publisher":{"@id":"https:\/\/anadolupet.com.tr\/#organization"},"potentialAction":[{"@type":"SearchAction","target":{"@type":"EntryPoint","urlTemplate":"https:\/\/anadolupet.com.tr\/?s={search_term_string}"},"query-input":{"@type":"PropertyValueSpecification","valueRequired":true,"valueName":"search_term_string"}}],"inLanguage":"en-US"},{"@type":"Organization","@id":"https:\/\/anadolupet.com.tr\/#organization","name":"Anadolu Pet Group","alternateName":"Anadolu Pet","url":"https:\/\/anadolupet.com.tr\/","logo":{"@type":"ImageObject","inLanguage":"en-US","@id":"https:\/\/anadolupet.com.tr\/#\/schema\/logo\/image\/","url":"https:\/\/anadolupet.com.tr\/wp-content\/uploads\/2026\/03\/1614666743370.jpg","contentUrl":"https:\/\/anadolupet.com.tr\/wp-content\/uploads\/2026\/03\/1614666743370.jpg","width":800,"height":571,"caption":"Anadolu Pet Grup"},"image":{"@id":"https:\/\/anadolupet.com.tr\/#\/schema\/logo\/image\/"}}]}},"_links":{"self":[{"href":"https:\/\/anadolupet.com.tr\/en\/wp-json\/wp\/v2\/product\/45610","targetHints":{"allow":["GET"]}}],"collection":[{"href":"https:\/\/anadolupet.com.tr\/en\/wp-json\/wp\/v2\/product"}],"about":[{"href":"https:\/\/anadolupet.com.tr\/en\/wp-json\/wp\/v2\/types\/product"}],"replies":[{"embeddable":true,"href":"https:\/\/anadolupet.com.tr\/en\/wp-json\/wp\/v2\/comments?post=45610"}],"wp:featuredmedia":[{"embeddable":true,"href":"https:\/\/anadolupet.com.tr\/en\/wp-json\/wp\/v2\/media\/43819"}],"wp:attachment":[{"href":"https:\/\/anadolupet.com.tr\/en\/wp-json\/wp\/v2\/media?parent=45610"}],"wp:term":[{"taxonomy":"product_brand","embeddable":true,"href":"https:\/\/anadolupet.com.tr\/en\/wp-json\/wp\/v2\/product_brand?post=45610"},{"taxonomy":"product_cat","embeddable":true,"href":"https:\/\/anadolupet.com.tr\/en\/wp-json\/wp\/v2\/product_cat?post=45610"},{"taxonomy":"product_tag","embeddable":true,"href":"https:\/\/anadolupet.com.tr\/en\/wp-json\/wp\/v2\/product_tag?post=45610"}],"curies":[{"name":"wp","href":"https:\/\/api.w.org\/{rel}","templated":true}]}}