{"id":45623,"date":"2026-02-14T14:42:06","date_gmt":"2026-02-14T14:42:06","guid":{"rendered":"https:\/\/anadolupet.com.tr\/urun\/kong-puppy-goodie-bone-kemik-seklinde-cok-amacli-yavru-kopek-oyuncagi-s\/"},"modified":"2026-02-23T12:49:09","modified_gmt":"2026-02-23T12:49:09","slug":"kong-puppy-goodie-bone-kemik-seklinde-cok-amacli-yavru-kopek-oyuncagi-s","status":"publish","type":"product","link":"https:\/\/anadolupet.com.tr\/en\/urun\/kong-puppy-goodie-bone-kemik-seklinde-cok-amacli-yavru-kopek-oyuncagi-s\/","title":{"rendered":"KONG Puppy Goodie Bone Kemik \u015eeklinde \u00c7ok Ama\u00e7l\u0131 Yavru K\u00f6pek Oyunca\u011f\u0131 S"},"content":{"rendered":"","protected":false},"excerpt":{"rendered":"<p>KONG\u00ae Puppy Goodie Bone\u2122, uygun \u00e7i\u011fneme davran\u0131\u015f\u0131n\u0131 \u00f6\u011frenen yavru k\u00f6pekler i\u00e7in \u00f6zel olarak tasarlanm\u0131\u015ft\u0131r. KONG Classic \u00f6zel yavru kau\u00e7uk form\u00fcl\u00fc ile \u00fcretilen bu kemik, \u00e7i\u011fneme i\u00e7g\u00fcd\u00fcs\u00fcn\u00fc tatmin ederken ayn\u0131 zamanda hassas di\u015f ve di\u015f etlerini rahatlat\u0131r. Patentli Goodie Grippers\u2122 b\u00f6l\u00fcmleri sayesinde \u00f6d\u00fcl mamalar\u0131, macun veya f\u0131st\u0131k ezmesi ile doldurularak e\u011flenceli bir \u00f6d\u00fcl da\u011f\u0131t\u0131c\u0131ya d\u00f6n\u00fc\u015f\u00fcr. Daha uzun \u00e7i\u011fneme seanslar\u0131 i\u00e7in KONG Puppy Snacks\u2122 ve KONG Puppy Easy Treat\u2122 ile kullanabilirsiniz.<\/p>","protected":false},"featured_media":43796,"comment_status":"open","ping_status":"closed","template":"","meta":{"_acf_changed":false},"product_brand":[],"product_cat":[3835],"product_tag":[],"class_list":{"0":"post-45623","1":"product","2":"type-product","3":"status-publish","4":"has-post-thumbnail","6":"product_cat-oyuncaklari","8":"first","9":"instock","10":"shipping-taxable","11":"product-type-simple"},"acf":[],"yoast_head":"<!-- This site is optimized with the Yoast SEO plugin v27.5 - https:\/\/yoast.com\/product\/yoast-seo-wordpress\/ -->\n<title>KONG Puppy Goodie Bone Kemik \u015eeklinde \u00c7ok Ama\u00e7l\u0131 Yavru K\u00f6pek Oyunca\u011f\u0131 S - Anadolu Pet Grup<\/title>\n<meta name=\"robots\" content=\"index, follow, max-snippet:-1, max-image-preview:large, max-video-preview:-1\" \/>\n<link rel=\"canonical\" href=\"https:\/\/anadolupet.com.tr\/en\/product\/kong-puppy-goodie-bone-kemik-seklinde-cok-amacli-yavru-kopek-oyuncagi-s\/\" \/>\n<meta property=\"og:locale\" content=\"en_US\" \/>\n<meta property=\"og:type\" content=\"article\" \/>\n<meta property=\"og:title\" content=\"KONG Puppy Goodie Bone Kemik \u015eeklinde \u00c7ok Ama\u00e7l\u0131 Yavru K\u00f6pek Oyunca\u011f\u0131 S - Anadolu Pet Grup\" \/>\n<meta property=\"og:description\" content=\"KONG\u00ae Puppy Goodie Bone\u2122, uygun \u00e7i\u011fneme davran\u0131\u015f\u0131n\u0131 \u00f6\u011frenen yavru k\u00f6pekler i\u00e7in \u00f6zel olarak tasarlanm\u0131\u015ft\u0131r. KONG Classic \u00f6zel yavru kau\u00e7uk form\u00fcl\u00fc ile \u00fcretilen bu kemik, \u00e7i\u011fneme i\u00e7g\u00fcd\u00fcs\u00fcn\u00fc tatmin ederken ayn\u0131 zamanda hassas di\u015f ve di\u015f etlerini rahatlat\u0131r. Patentli Goodie Grippers\u2122 b\u00f6l\u00fcmleri sayesinde \u00f6d\u00fcl mamalar\u0131, macun veya f\u0131st\u0131k ezmesi ile doldurularak e\u011flenceli bir \u00f6d\u00fcl da\u011f\u0131t\u0131c\u0131ya d\u00f6n\u00fc\u015f\u00fcr. Daha uzun \u00e7i\u011fneme seanslar\u0131 i\u00e7in KONG Puppy Snacks\u2122 ve KONG Puppy Easy Treat\u2122 ile kullanabilirsiniz.\" \/>\n<meta property=\"og:url\" content=\"https:\/\/anadolupet.com.tr\/en\/product\/kong-puppy-goodie-bone-kemik-seklinde-cok-amacli-yavru-kopek-oyuncagi-s\/\" \/>\n<meta property=\"og:site_name\" content=\"Anadolu Pet Grup\" \/>\n<meta property=\"article:modified_time\" content=\"2026-02-23T12:49:09+00:00\" \/>\n<meta property=\"og:image\" content=\"https:\/\/anadolupet.com.tr\/wp-content\/uploads\/2026\/02\/390-KP31E.jpg\" \/>\n\t<meta property=\"og:image:width\" content=\"750\" \/>\n\t<meta property=\"og:image:height\" content=\"750\" \/>\n\t<meta property=\"og:image:type\" content=\"image\/jpeg\" \/>\n<meta name=\"twitter:card\" content=\"summary_large_image\" \/>\n<script type=\"application\/ld+json\" class=\"yoast-schema-graph\">{\"@context\":\"https:\\\/\\\/schema.org\",\"@graph\":[{\"@type\":\"WebPage\",\"@id\":\"https:\\\/\\\/anadolupet.com.tr\\\/urun\\\/kong-puppy-goodie-bone-kemik-seklinde-cok-amacli-yavru-kopek-oyuncagi-s\\\/\",\"url\":\"https:\\\/\\\/anadolupet.com.tr\\\/urun\\\/kong-puppy-goodie-bone-kemik-seklinde-cok-amacli-yavru-kopek-oyuncagi-s\\\/\",\"name\":\"KONG Puppy Goodie Bone Kemik \u015eeklinde \u00c7ok Ama\u00e7l\u0131 Yavru K\u00f6pek Oyunca\u011f\u0131 S - Anadolu Pet Grup\",\"isPartOf\":{\"@id\":\"https:\\\/\\\/anadolupet.com.tr\\\/#website\"},\"primaryImageOfPage\":{\"@id\":\"https:\\\/\\\/anadolupet.com.tr\\\/urun\\\/kong-puppy-goodie-bone-kemik-seklinde-cok-amacli-yavru-kopek-oyuncagi-s\\\/#primaryimage\"},\"image\":{\"@id\":\"https:\\\/\\\/anadolupet.com.tr\\\/urun\\\/kong-puppy-goodie-bone-kemik-seklinde-cok-amacli-yavru-kopek-oyuncagi-s\\\/#primaryimage\"},\"thumbnailUrl\":\"https:\\\/\\\/anadolupet.com.tr\\\/wp-content\\\/uploads\\\/2026\\\/02\\\/390-KP31E.jpg\",\"datePublished\":\"2026-02-14T14:42:06+00:00\",\"dateModified\":\"2026-02-23T12:49:09+00:00\",\"breadcrumb\":{\"@id\":\"https:\\\/\\\/anadolupet.com.tr\\\/urun\\\/kong-puppy-goodie-bone-kemik-seklinde-cok-amacli-yavru-kopek-oyuncagi-s\\\/#breadcrumb\"},\"inLanguage\":\"en-US\",\"potentialAction\":[{\"@type\":\"ReadAction\",\"target\":[\"https:\\\/\\\/anadolupet.com.tr\\\/urun\\\/kong-puppy-goodie-bone-kemik-seklinde-cok-amacli-yavru-kopek-oyuncagi-s\\\/\"]}]},{\"@type\":\"ImageObject\",\"inLanguage\":\"en-US\",\"@id\":\"https:\\\/\\\/anadolupet.com.tr\\\/urun\\\/kong-puppy-goodie-bone-kemik-seklinde-cok-amacli-yavru-kopek-oyuncagi-s\\\/#primaryimage\",\"url\":\"https:\\\/\\\/anadolupet.com.tr\\\/wp-content\\\/uploads\\\/2026\\\/02\\\/390-KP31E.jpg\",\"contentUrl\":\"https:\\\/\\\/anadolupet.com.tr\\\/wp-content\\\/uploads\\\/2026\\\/02\\\/390-KP31E.jpg\",\"width\":750,\"height\":750},{\"@type\":\"BreadcrumbList\",\"@id\":\"https:\\\/\\\/anadolupet.com.tr\\\/urun\\\/kong-puppy-goodie-bone-kemik-seklinde-cok-amacli-yavru-kopek-oyuncagi-s\\\/#breadcrumb\",\"itemListElement\":[{\"@type\":\"ListItem\",\"position\":1,\"name\":\"Anasayfa\",\"item\":\"https:\\\/\\\/anadolupet.com.tr\\\/\"},{\"@type\":\"ListItem\",\"position\":2,\"name\":\"\u00dcr\u00fcnler\",\"item\":\"https:\\\/\\\/anadolupet.com.tr\\\/urunler\\\/\"},{\"@type\":\"ListItem\",\"position\":3,\"name\":\"KONG Puppy Goodie Bone Kemik \u015eeklinde \u00c7ok Ama\u00e7l\u0131 Yavru K\u00f6pek Oyunca\u011f\u0131 S\"}]},{\"@type\":\"WebSite\",\"@id\":\"https:\\\/\\\/anadolupet.com.tr\\\/#website\",\"url\":\"https:\\\/\\\/anadolupet.com.tr\\\/\",\"name\":\"Anadolu Pet Grup\",\"description\":\"Her Can\u0131n \u0130yi Ya\u015fam\u0131 \u0130\u00e7in Biraraday\u0131z\",\"publisher\":{\"@id\":\"https:\\\/\\\/anadolupet.com.tr\\\/#organization\"},\"potentialAction\":[{\"@type\":\"SearchAction\",\"target\":{\"@type\":\"EntryPoint\",\"urlTemplate\":\"https:\\\/\\\/anadolupet.com.tr\\\/?s={search_term_string}\"},\"query-input\":{\"@type\":\"PropertyValueSpecification\",\"valueRequired\":true,\"valueName\":\"search_term_string\"}}],\"inLanguage\":\"en-US\"},{\"@type\":\"Organization\",\"@id\":\"https:\\\/\\\/anadolupet.com.tr\\\/#organization\",\"name\":\"Anadolu Pet Grup\",\"alternateName\":\"Anadolu Pet\",\"url\":\"https:\\\/\\\/anadolupet.com.tr\\\/\",\"logo\":{\"@type\":\"ImageObject\",\"inLanguage\":\"en-US\",\"@id\":\"https:\\\/\\\/anadolupet.com.tr\\\/#\\\/schema\\\/logo\\\/image\\\/\",\"url\":\"https:\\\/\\\/anadolupet.com.tr\\\/wp-content\\\/uploads\\\/2026\\\/03\\\/1614666743370.jpg\",\"contentUrl\":\"https:\\\/\\\/anadolupet.com.tr\\\/wp-content\\\/uploads\\\/2026\\\/03\\\/1614666743370.jpg\",\"width\":800,\"height\":571,\"caption\":\"Anadolu Pet Grup\"},\"image\":{\"@id\":\"https:\\\/\\\/anadolupet.com.tr\\\/#\\\/schema\\\/logo\\\/image\\\/\"}}]}<\/script>\n<!-- \/ Yoast SEO plugin. -->","yoast_head_json":{"title":"KONG Puppy Goodie Bone Kemik \u015eeklinde \u00c7ok Ama\u00e7l\u0131 Yavru K\u00f6pek Oyunca\u011f\u0131 S - Anadolu Pet Grup","robots":{"index":"index","follow":"follow","max-snippet":"max-snippet:-1","max-image-preview":"max-image-preview:large","max-video-preview":"max-video-preview:-1"},"canonical":"https:\/\/anadolupet.com.tr\/en\/product\/kong-puppy-goodie-bone-kemik-seklinde-cok-amacli-yavru-kopek-oyuncagi-s\/","og_locale":"en_US","og_type":"article","og_title":"KONG Puppy Goodie Bone Kemik \u015eeklinde \u00c7ok Ama\u00e7l\u0131 Yavru K\u00f6pek Oyunca\u011f\u0131 S - Anadolu Pet Grup","og_description":"KONG\u00ae Puppy Goodie Bone\u2122, uygun \u00e7i\u011fneme davran\u0131\u015f\u0131n\u0131 \u00f6\u011frenen yavru k\u00f6pekler i\u00e7in \u00f6zel olarak tasarlanm\u0131\u015ft\u0131r. KONG Classic \u00f6zel yavru kau\u00e7uk form\u00fcl\u00fc ile \u00fcretilen bu kemik, \u00e7i\u011fneme i\u00e7g\u00fcd\u00fcs\u00fcn\u00fc tatmin ederken ayn\u0131 zamanda hassas di\u015f ve di\u015f etlerini rahatlat\u0131r. Patentli Goodie Grippers\u2122 b\u00f6l\u00fcmleri sayesinde \u00f6d\u00fcl mamalar\u0131, macun veya f\u0131st\u0131k ezmesi ile doldurularak e\u011flenceli bir \u00f6d\u00fcl da\u011f\u0131t\u0131c\u0131ya d\u00f6n\u00fc\u015f\u00fcr. Daha uzun \u00e7i\u011fneme seanslar\u0131 i\u00e7in KONG Puppy Snacks\u2122 ve KONG Puppy Easy Treat\u2122 ile kullanabilirsiniz.","og_url":"https:\/\/anadolupet.com.tr\/en\/product\/kong-puppy-goodie-bone-kemik-seklinde-cok-amacli-yavru-kopek-oyuncagi-s\/","og_site_name":"Anadolu Pet Grup","article_modified_time":"2026-02-23T12:49:09+00:00","og_image":[{"width":750,"height":750,"url":"https:\/\/anadolupet.com.tr\/wp-content\/uploads\/2026\/02\/390-KP31E.jpg","type":"image\/jpeg"}],"twitter_card":"summary_large_image","schema":{"@context":"https:\/\/schema.org","@graph":[{"@type":"WebPage","@id":"https:\/\/anadolupet.com.tr\/urun\/kong-puppy-goodie-bone-kemik-seklinde-cok-amacli-yavru-kopek-oyuncagi-s\/","url":"https:\/\/anadolupet.com.tr\/urun\/kong-puppy-goodie-bone-kemik-seklinde-cok-amacli-yavru-kopek-oyuncagi-s\/","name":"KONG Puppy Goodie Bone Kemik \u015eeklinde \u00c7ok Ama\u00e7l\u0131 Yavru K\u00f6pek Oyunca\u011f\u0131 S - Anadolu Pet Grup","isPartOf":{"@id":"https:\/\/anadolupet.com.tr\/#website"},"primaryImageOfPage":{"@id":"https:\/\/anadolupet.com.tr\/urun\/kong-puppy-goodie-bone-kemik-seklinde-cok-amacli-yavru-kopek-oyuncagi-s\/#primaryimage"},"image":{"@id":"https:\/\/anadolupet.com.tr\/urun\/kong-puppy-goodie-bone-kemik-seklinde-cok-amacli-yavru-kopek-oyuncagi-s\/#primaryimage"},"thumbnailUrl":"https:\/\/anadolupet.com.tr\/wp-content\/uploads\/2026\/02\/390-KP31E.jpg","datePublished":"2026-02-14T14:42:06+00:00","dateModified":"2026-02-23T12:49:09+00:00","breadcrumb":{"@id":"https:\/\/anadolupet.com.tr\/urun\/kong-puppy-goodie-bone-kemik-seklinde-cok-amacli-yavru-kopek-oyuncagi-s\/#breadcrumb"},"inLanguage":"en-US","potentialAction":[{"@type":"ReadAction","target":["https:\/\/anadolupet.com.tr\/urun\/kong-puppy-goodie-bone-kemik-seklinde-cok-amacli-yavru-kopek-oyuncagi-s\/"]}]},{"@type":"ImageObject","inLanguage":"en-US","@id":"https:\/\/anadolupet.com.tr\/urun\/kong-puppy-goodie-bone-kemik-seklinde-cok-amacli-yavru-kopek-oyuncagi-s\/#primaryimage","url":"https:\/\/anadolupet.com.tr\/wp-content\/uploads\/2026\/02\/390-KP31E.jpg","contentUrl":"https:\/\/anadolupet.com.tr\/wp-content\/uploads\/2026\/02\/390-KP31E.jpg","width":750,"height":750},{"@type":"BreadcrumbList","@id":"https:\/\/anadolupet.com.tr\/urun\/kong-puppy-goodie-bone-kemik-seklinde-cok-amacli-yavru-kopek-oyuncagi-s\/#breadcrumb","itemListElement":[{"@type":"ListItem","position":1,"name":"Anasayfa","item":"https:\/\/anadolupet.com.tr\/"},{"@type":"ListItem","position":2,"name":"\u00dcr\u00fcnler","item":"https:\/\/anadolupet.com.tr\/urunler\/"},{"@type":"ListItem","position":3,"name":"KONG Puppy Goodie Bone Kemik \u015eeklinde \u00c7ok Ama\u00e7l\u0131 Yavru K\u00f6pek Oyunca\u011f\u0131 S"}]},{"@type":"WebSite","@id":"https:\/\/anadolupet.com.tr\/#website","url":"https:\/\/anadolupet.com.tr\/","name":"Anadolu Pet Group","description":"We Stand Together for the Well-Being of Every Life","publisher":{"@id":"https:\/\/anadolupet.com.tr\/#organization"},"potentialAction":[{"@type":"SearchAction","target":{"@type":"EntryPoint","urlTemplate":"https:\/\/anadolupet.com.tr\/?s={search_term_string}"},"query-input":{"@type":"PropertyValueSpecification","valueRequired":true,"valueName":"search_term_string"}}],"inLanguage":"en-US"},{"@type":"Organization","@id":"https:\/\/anadolupet.com.tr\/#organization","name":"Anadolu Pet Group","alternateName":"Anadolu Pet","url":"https:\/\/anadolupet.com.tr\/","logo":{"@type":"ImageObject","inLanguage":"en-US","@id":"https:\/\/anadolupet.com.tr\/#\/schema\/logo\/image\/","url":"https:\/\/anadolupet.com.tr\/wp-content\/uploads\/2026\/03\/1614666743370.jpg","contentUrl":"https:\/\/anadolupet.com.tr\/wp-content\/uploads\/2026\/03\/1614666743370.jpg","width":800,"height":571,"caption":"Anadolu Pet Grup"},"image":{"@id":"https:\/\/anadolupet.com.tr\/#\/schema\/logo\/image\/"}}]}},"_links":{"self":[{"href":"https:\/\/anadolupet.com.tr\/en\/wp-json\/wp\/v2\/product\/45623","targetHints":{"allow":["GET"]}}],"collection":[{"href":"https:\/\/anadolupet.com.tr\/en\/wp-json\/wp\/v2\/product"}],"about":[{"href":"https:\/\/anadolupet.com.tr\/en\/wp-json\/wp\/v2\/types\/product"}],"replies":[{"embeddable":true,"href":"https:\/\/anadolupet.com.tr\/en\/wp-json\/wp\/v2\/comments?post=45623"}],"wp:featuredmedia":[{"embeddable":true,"href":"https:\/\/anadolupet.com.tr\/en\/wp-json\/wp\/v2\/media\/43796"}],"wp:attachment":[{"href":"https:\/\/anadolupet.com.tr\/en\/wp-json\/wp\/v2\/media?parent=45623"}],"wp:term":[{"taxonomy":"product_brand","embeddable":true,"href":"https:\/\/anadolupet.com.tr\/en\/wp-json\/wp\/v2\/product_brand?post=45623"},{"taxonomy":"product_cat","embeddable":true,"href":"https:\/\/anadolupet.com.tr\/en\/wp-json\/wp\/v2\/product_cat?post=45623"},{"taxonomy":"product_tag","embeddable":true,"href":"https:\/\/anadolupet.com.tr\/en\/wp-json\/wp\/v2\/product_tag?post=45623"}],"curies":[{"name":"wp","href":"https:\/\/api.w.org\/{rel}","templated":true}]}}