{"id":45624,"date":"2026-02-14T14:42:06","date_gmt":"2026-02-14T14:42:06","guid":{"rendered":"https:\/\/anadolupet.com.tr\/urun\/kong-puppy-teething-stick-dis-temizligi-saglayan-cok-amacli-yavru-kopek-oyuncagi-l\/"},"modified":"2026-02-23T12:49:09","modified_gmt":"2026-02-23T12:49:09","slug":"kong-puppy-teething-stick-dis-temizligi-saglayan-cok-amacli-yavru-kopek-oyuncagi-l","status":"publish","type":"product","link":"https:\/\/anadolupet.com.tr\/en\/urun\/kong-puppy-teething-stick-dis-temizligi-saglayan-cok-amacli-yavru-kopek-oyuncagi-l\/","title":{"rendered":"KONG Puppy Teething Stick Di\u015f Temizli\u011fi Sa\u011flayan \u00c7ok Ama\u00e7l\u0131 Yavru K\u00f6pek Oyunca\u011f\u0131 L"},"content":{"rendered":"","protected":false},"excerpt":{"rendered":"<p>KONG\u00ae Puppy Teething Stick, b\u00fcy\u00fcyen yavru k\u00f6peklerin a\u011f\u0131z sa\u011fl\u0131\u011f\u0131n\u0131 desteklemek i\u00e7in \u00f6zel olarak tasarlanm\u0131\u015ft\u0131r. Patentli Denta-Ridges\u2122 yap\u0131s\u0131 \u00e7i\u011fnendi\u011finde di\u015fleri nazik\u00e7e temizler ve hassas di\u015f etlerini rahatlat\u0131r. Oyunca\u011f\u0131n oluklar\u0131na KONG Puppy Easy Treat\u2122 eklenerek oyun daha e\u011flenceli ve etkili hale getirilebilir. KONG Puppy Teething Stick, KONG serisinin en yumu\u015fak kau\u00e7uk form\u00fcl\u00fcnden \u00fcretilmi\u015ftir ve di\u015f \u00e7\u0131karma d\u00f6nemindeki yavrular i\u00e7in idealdir.<\/p>","protected":false},"featured_media":43791,"comment_status":"open","ping_status":"closed","template":"","meta":{"_acf_changed":false},"product_brand":[],"product_cat":[3835],"product_tag":[],"class_list":{"0":"post-45624","1":"product","2":"type-product","3":"status-publish","4":"has-post-thumbnail","6":"product_cat-oyuncaklari","8":"first","9":"instock","10":"shipping-taxable","11":"product-type-simple"},"acf":[],"yoast_head":"<!-- This site is optimized with the Yoast SEO plugin v27.4 - https:\/\/yoast.com\/product\/yoast-seo-wordpress\/ -->\n<title>KONG Puppy Teething Stick Di\u015f Temizli\u011fi Sa\u011flayan \u00c7ok Ama\u00e7l\u0131 Yavru K\u00f6pek Oyunca\u011f\u0131 L - Anadolu Pet Grup<\/title>\n<meta name=\"robots\" content=\"index, follow, max-snippet:-1, max-image-preview:large, max-video-preview:-1\" \/>\n<link rel=\"canonical\" href=\"https:\/\/anadolupet.com.tr\/en\/product\/kong-puppy-teething-stick-dis-temizligi-saglayan-cok-amacli-yavru-kopek-oyuncagi-l\/\" \/>\n<meta property=\"og:locale\" content=\"en_US\" \/>\n<meta property=\"og:type\" content=\"article\" \/>\n<meta property=\"og:title\" content=\"KONG Puppy Teething Stick Di\u015f Temizli\u011fi Sa\u011flayan \u00c7ok Ama\u00e7l\u0131 Yavru K\u00f6pek Oyunca\u011f\u0131 L - Anadolu Pet Grup\" \/>\n<meta property=\"og:description\" content=\"KONG\u00ae Puppy Teething Stick, b\u00fcy\u00fcyen yavru k\u00f6peklerin a\u011f\u0131z sa\u011fl\u0131\u011f\u0131n\u0131 desteklemek i\u00e7in \u00f6zel olarak tasarlanm\u0131\u015ft\u0131r. Patentli Denta-Ridges\u2122 yap\u0131s\u0131 \u00e7i\u011fnendi\u011finde di\u015fleri nazik\u00e7e temizler ve hassas di\u015f etlerini rahatlat\u0131r. Oyunca\u011f\u0131n oluklar\u0131na KONG Puppy Easy Treat\u2122 eklenerek oyun daha e\u011flenceli ve etkili hale getirilebilir. KONG Puppy Teething Stick, KONG serisinin en yumu\u015fak kau\u00e7uk form\u00fcl\u00fcnden \u00fcretilmi\u015ftir ve di\u015f \u00e7\u0131karma d\u00f6nemindeki yavrular i\u00e7in idealdir.\" \/>\n<meta property=\"og:url\" content=\"https:\/\/anadolupet.com.tr\/en\/product\/kong-puppy-teething-stick-dis-temizligi-saglayan-cok-amacli-yavru-kopek-oyuncagi-l\/\" \/>\n<meta property=\"og:site_name\" content=\"Anadolu Pet Grup\" \/>\n<meta property=\"article:modified_time\" content=\"2026-02-23T12:49:09+00:00\" \/>\n<meta property=\"og:image\" content=\"https:\/\/anadolupet.com.tr\/wp-content\/uploads\/2026\/02\/390-KP13E.jpg\" \/>\n\t<meta property=\"og:image:width\" content=\"750\" \/>\n\t<meta property=\"og:image:height\" content=\"750\" \/>\n\t<meta property=\"og:image:type\" content=\"image\/jpeg\" \/>\n<meta name=\"twitter:card\" content=\"summary_large_image\" \/>\n<script type=\"application\/ld+json\" class=\"yoast-schema-graph\">{\"@context\":\"https:\\\/\\\/schema.org\",\"@graph\":[{\"@type\":\"WebPage\",\"@id\":\"https:\\\/\\\/anadolupet.com.tr\\\/urun\\\/kong-puppy-teething-stick-dis-temizligi-saglayan-cok-amacli-yavru-kopek-oyuncagi-l\\\/\",\"url\":\"https:\\\/\\\/anadolupet.com.tr\\\/urun\\\/kong-puppy-teething-stick-dis-temizligi-saglayan-cok-amacli-yavru-kopek-oyuncagi-l\\\/\",\"name\":\"KONG Puppy Teething Stick Di\u015f Temizli\u011fi Sa\u011flayan \u00c7ok Ama\u00e7l\u0131 Yavru K\u00f6pek Oyunca\u011f\u0131 L - Anadolu Pet Grup\",\"isPartOf\":{\"@id\":\"https:\\\/\\\/anadolupet.com.tr\\\/#website\"},\"primaryImageOfPage\":{\"@id\":\"https:\\\/\\\/anadolupet.com.tr\\\/urun\\\/kong-puppy-teething-stick-dis-temizligi-saglayan-cok-amacli-yavru-kopek-oyuncagi-l\\\/#primaryimage\"},\"image\":{\"@id\":\"https:\\\/\\\/anadolupet.com.tr\\\/urun\\\/kong-puppy-teething-stick-dis-temizligi-saglayan-cok-amacli-yavru-kopek-oyuncagi-l\\\/#primaryimage\"},\"thumbnailUrl\":\"https:\\\/\\\/anadolupet.com.tr\\\/wp-content\\\/uploads\\\/2026\\\/02\\\/390-KP13E.jpg\",\"datePublished\":\"2026-02-14T14:42:06+00:00\",\"dateModified\":\"2026-02-23T12:49:09+00:00\",\"breadcrumb\":{\"@id\":\"https:\\\/\\\/anadolupet.com.tr\\\/urun\\\/kong-puppy-teething-stick-dis-temizligi-saglayan-cok-amacli-yavru-kopek-oyuncagi-l\\\/#breadcrumb\"},\"inLanguage\":\"en-US\",\"potentialAction\":[{\"@type\":\"ReadAction\",\"target\":[\"https:\\\/\\\/anadolupet.com.tr\\\/urun\\\/kong-puppy-teething-stick-dis-temizligi-saglayan-cok-amacli-yavru-kopek-oyuncagi-l\\\/\"]}]},{\"@type\":\"ImageObject\",\"inLanguage\":\"en-US\",\"@id\":\"https:\\\/\\\/anadolupet.com.tr\\\/urun\\\/kong-puppy-teething-stick-dis-temizligi-saglayan-cok-amacli-yavru-kopek-oyuncagi-l\\\/#primaryimage\",\"url\":\"https:\\\/\\\/anadolupet.com.tr\\\/wp-content\\\/uploads\\\/2026\\\/02\\\/390-KP13E.jpg\",\"contentUrl\":\"https:\\\/\\\/anadolupet.com.tr\\\/wp-content\\\/uploads\\\/2026\\\/02\\\/390-KP13E.jpg\",\"width\":750,\"height\":750},{\"@type\":\"BreadcrumbList\",\"@id\":\"https:\\\/\\\/anadolupet.com.tr\\\/urun\\\/kong-puppy-teething-stick-dis-temizligi-saglayan-cok-amacli-yavru-kopek-oyuncagi-l\\\/#breadcrumb\",\"itemListElement\":[{\"@type\":\"ListItem\",\"position\":1,\"name\":\"Anasayfa\",\"item\":\"https:\\\/\\\/anadolupet.com.tr\\\/\"},{\"@type\":\"ListItem\",\"position\":2,\"name\":\"\u00dcr\u00fcnler\",\"item\":\"https:\\\/\\\/anadolupet.com.tr\\\/urunler\\\/\"},{\"@type\":\"ListItem\",\"position\":3,\"name\":\"KONG Puppy Teething Stick Di\u015f Temizli\u011fi Sa\u011flayan \u00c7ok Ama\u00e7l\u0131 Yavru K\u00f6pek Oyunca\u011f\u0131 L\"}]},{\"@type\":\"WebSite\",\"@id\":\"https:\\\/\\\/anadolupet.com.tr\\\/#website\",\"url\":\"https:\\\/\\\/anadolupet.com.tr\\\/\",\"name\":\"Anadolu Pet Grup\",\"description\":\"Her Can\u0131n \u0130yi Ya\u015fam\u0131 \u0130\u00e7in Biraraday\u0131z\",\"publisher\":{\"@id\":\"https:\\\/\\\/anadolupet.com.tr\\\/#organization\"},\"potentialAction\":[{\"@type\":\"SearchAction\",\"target\":{\"@type\":\"EntryPoint\",\"urlTemplate\":\"https:\\\/\\\/anadolupet.com.tr\\\/?s={search_term_string}\"},\"query-input\":{\"@type\":\"PropertyValueSpecification\",\"valueRequired\":true,\"valueName\":\"search_term_string\"}}],\"inLanguage\":\"en-US\"},{\"@type\":\"Organization\",\"@id\":\"https:\\\/\\\/anadolupet.com.tr\\\/#organization\",\"name\":\"Anadolu Pet Grup\",\"alternateName\":\"Anadolu Pet\",\"url\":\"https:\\\/\\\/anadolupet.com.tr\\\/\",\"logo\":{\"@type\":\"ImageObject\",\"inLanguage\":\"en-US\",\"@id\":\"https:\\\/\\\/anadolupet.com.tr\\\/#\\\/schema\\\/logo\\\/image\\\/\",\"url\":\"https:\\\/\\\/anadolupet.com.tr\\\/wp-content\\\/uploads\\\/2026\\\/03\\\/1614666743370.jpg\",\"contentUrl\":\"https:\\\/\\\/anadolupet.com.tr\\\/wp-content\\\/uploads\\\/2026\\\/03\\\/1614666743370.jpg\",\"width\":800,\"height\":571,\"caption\":\"Anadolu Pet Grup\"},\"image\":{\"@id\":\"https:\\\/\\\/anadolupet.com.tr\\\/#\\\/schema\\\/logo\\\/image\\\/\"}}]}<\/script>\n<!-- \/ Yoast SEO plugin. -->","yoast_head_json":{"title":"KONG Puppy Teething Stick Di\u015f Temizli\u011fi Sa\u011flayan \u00c7ok Ama\u00e7l\u0131 Yavru K\u00f6pek Oyunca\u011f\u0131 L - Anadolu Pet Grup","robots":{"index":"index","follow":"follow","max-snippet":"max-snippet:-1","max-image-preview":"max-image-preview:large","max-video-preview":"max-video-preview:-1"},"canonical":"https:\/\/anadolupet.com.tr\/en\/product\/kong-puppy-teething-stick-dis-temizligi-saglayan-cok-amacli-yavru-kopek-oyuncagi-l\/","og_locale":"en_US","og_type":"article","og_title":"KONG Puppy Teething Stick Di\u015f Temizli\u011fi Sa\u011flayan \u00c7ok Ama\u00e7l\u0131 Yavru K\u00f6pek Oyunca\u011f\u0131 L - Anadolu Pet Grup","og_description":"KONG\u00ae Puppy Teething Stick, b\u00fcy\u00fcyen yavru k\u00f6peklerin a\u011f\u0131z sa\u011fl\u0131\u011f\u0131n\u0131 desteklemek i\u00e7in \u00f6zel olarak tasarlanm\u0131\u015ft\u0131r. Patentli Denta-Ridges\u2122 yap\u0131s\u0131 \u00e7i\u011fnendi\u011finde di\u015fleri nazik\u00e7e temizler ve hassas di\u015f etlerini rahatlat\u0131r. Oyunca\u011f\u0131n oluklar\u0131na KONG Puppy Easy Treat\u2122 eklenerek oyun daha e\u011flenceli ve etkili hale getirilebilir. KONG Puppy Teething Stick, KONG serisinin en yumu\u015fak kau\u00e7uk form\u00fcl\u00fcnden \u00fcretilmi\u015ftir ve di\u015f \u00e7\u0131karma d\u00f6nemindeki yavrular i\u00e7in idealdir.","og_url":"https:\/\/anadolupet.com.tr\/en\/product\/kong-puppy-teething-stick-dis-temizligi-saglayan-cok-amacli-yavru-kopek-oyuncagi-l\/","og_site_name":"Anadolu Pet Grup","article_modified_time":"2026-02-23T12:49:09+00:00","og_image":[{"width":750,"height":750,"url":"https:\/\/anadolupet.com.tr\/wp-content\/uploads\/2026\/02\/390-KP13E.jpg","type":"image\/jpeg"}],"twitter_card":"summary_large_image","schema":{"@context":"https:\/\/schema.org","@graph":[{"@type":"WebPage","@id":"https:\/\/anadolupet.com.tr\/urun\/kong-puppy-teething-stick-dis-temizligi-saglayan-cok-amacli-yavru-kopek-oyuncagi-l\/","url":"https:\/\/anadolupet.com.tr\/urun\/kong-puppy-teething-stick-dis-temizligi-saglayan-cok-amacli-yavru-kopek-oyuncagi-l\/","name":"KONG Puppy Teething Stick Di\u015f Temizli\u011fi Sa\u011flayan \u00c7ok Ama\u00e7l\u0131 Yavru K\u00f6pek Oyunca\u011f\u0131 L - Anadolu Pet Grup","isPartOf":{"@id":"https:\/\/anadolupet.com.tr\/#website"},"primaryImageOfPage":{"@id":"https:\/\/anadolupet.com.tr\/urun\/kong-puppy-teething-stick-dis-temizligi-saglayan-cok-amacli-yavru-kopek-oyuncagi-l\/#primaryimage"},"image":{"@id":"https:\/\/anadolupet.com.tr\/urun\/kong-puppy-teething-stick-dis-temizligi-saglayan-cok-amacli-yavru-kopek-oyuncagi-l\/#primaryimage"},"thumbnailUrl":"https:\/\/anadolupet.com.tr\/wp-content\/uploads\/2026\/02\/390-KP13E.jpg","datePublished":"2026-02-14T14:42:06+00:00","dateModified":"2026-02-23T12:49:09+00:00","breadcrumb":{"@id":"https:\/\/anadolupet.com.tr\/urun\/kong-puppy-teething-stick-dis-temizligi-saglayan-cok-amacli-yavru-kopek-oyuncagi-l\/#breadcrumb"},"inLanguage":"en-US","potentialAction":[{"@type":"ReadAction","target":["https:\/\/anadolupet.com.tr\/urun\/kong-puppy-teething-stick-dis-temizligi-saglayan-cok-amacli-yavru-kopek-oyuncagi-l\/"]}]},{"@type":"ImageObject","inLanguage":"en-US","@id":"https:\/\/anadolupet.com.tr\/urun\/kong-puppy-teething-stick-dis-temizligi-saglayan-cok-amacli-yavru-kopek-oyuncagi-l\/#primaryimage","url":"https:\/\/anadolupet.com.tr\/wp-content\/uploads\/2026\/02\/390-KP13E.jpg","contentUrl":"https:\/\/anadolupet.com.tr\/wp-content\/uploads\/2026\/02\/390-KP13E.jpg","width":750,"height":750},{"@type":"BreadcrumbList","@id":"https:\/\/anadolupet.com.tr\/urun\/kong-puppy-teething-stick-dis-temizligi-saglayan-cok-amacli-yavru-kopek-oyuncagi-l\/#breadcrumb","itemListElement":[{"@type":"ListItem","position":1,"name":"Anasayfa","item":"https:\/\/anadolupet.com.tr\/"},{"@type":"ListItem","position":2,"name":"\u00dcr\u00fcnler","item":"https:\/\/anadolupet.com.tr\/urunler\/"},{"@type":"ListItem","position":3,"name":"KONG Puppy Teething Stick Di\u015f Temizli\u011fi Sa\u011flayan \u00c7ok Ama\u00e7l\u0131 Yavru K\u00f6pek Oyunca\u011f\u0131 L"}]},{"@type":"WebSite","@id":"https:\/\/anadolupet.com.tr\/#website","url":"https:\/\/anadolupet.com.tr\/","name":"Anadolu Pet Group","description":"We Stand Together for the Well-Being of Every Life","publisher":{"@id":"https:\/\/anadolupet.com.tr\/#organization"},"potentialAction":[{"@type":"SearchAction","target":{"@type":"EntryPoint","urlTemplate":"https:\/\/anadolupet.com.tr\/?s={search_term_string}"},"query-input":{"@type":"PropertyValueSpecification","valueRequired":true,"valueName":"search_term_string"}}],"inLanguage":"en-US"},{"@type":"Organization","@id":"https:\/\/anadolupet.com.tr\/#organization","name":"Anadolu Pet Group","alternateName":"Anadolu Pet","url":"https:\/\/anadolupet.com.tr\/","logo":{"@type":"ImageObject","inLanguage":"en-US","@id":"https:\/\/anadolupet.com.tr\/#\/schema\/logo\/image\/","url":"https:\/\/anadolupet.com.tr\/wp-content\/uploads\/2026\/03\/1614666743370.jpg","contentUrl":"https:\/\/anadolupet.com.tr\/wp-content\/uploads\/2026\/03\/1614666743370.jpg","width":800,"height":571,"caption":"Anadolu Pet Grup"},"image":{"@id":"https:\/\/anadolupet.com.tr\/#\/schema\/logo\/image\/"}}]}},"_links":{"self":[{"href":"https:\/\/anadolupet.com.tr\/en\/wp-json\/wp\/v2\/product\/45624","targetHints":{"allow":["GET"]}}],"collection":[{"href":"https:\/\/anadolupet.com.tr\/en\/wp-json\/wp\/v2\/product"}],"about":[{"href":"https:\/\/anadolupet.com.tr\/en\/wp-json\/wp\/v2\/types\/product"}],"replies":[{"embeddable":true,"href":"https:\/\/anadolupet.com.tr\/en\/wp-json\/wp\/v2\/comments?post=45624"}],"wp:featuredmedia":[{"embeddable":true,"href":"https:\/\/anadolupet.com.tr\/en\/wp-json\/wp\/v2\/media\/43791"}],"wp:attachment":[{"href":"https:\/\/anadolupet.com.tr\/en\/wp-json\/wp\/v2\/media?parent=45624"}],"wp:term":[{"taxonomy":"product_brand","embeddable":true,"href":"https:\/\/anadolupet.com.tr\/en\/wp-json\/wp\/v2\/product_brand?post=45624"},{"taxonomy":"product_cat","embeddable":true,"href":"https:\/\/anadolupet.com.tr\/en\/wp-json\/wp\/v2\/product_cat?post=45624"},{"taxonomy":"product_tag","embeddable":true,"href":"https:\/\/anadolupet.com.tr\/en\/wp-json\/wp\/v2\/product_tag?post=45624"}],"curies":[{"name":"wp","href":"https:\/\/api.w.org\/{rel}","templated":true}]}}