{"id":45634,"date":"2026-02-14T14:42:07","date_gmt":"2026-02-14T14:42:07","guid":{"rendered":"https:\/\/anadolupet.com.tr\/urun\/kong-rewards-ball-kopekler-icin-odul-mamasi-dagitma-oyuncagi-l\/"},"modified":"2026-02-23T12:49:10","modified_gmt":"2026-02-23T12:49:10","slug":"kong-rewards-ball-kopekler-icin-odul-mamasi-dagitma-oyuncagi-l","status":"publish","type":"product","link":"https:\/\/anadolupet.com.tr\/en\/urun\/kong-rewards-ball-kopekler-icin-odul-mamasi-dagitma-oyuncagi-l\/","title":{"rendered":"KONG Rewards Ball K\u00f6pekler i\u00e7in \u00d6d\u00fcl Mamas\u0131 Da\u011f\u0131tma Oyunca\u011f\u0131 L"},"content":{"rendered":"","protected":false},"excerpt":{"rendered":"<p>KONG Rewards Ball k\u00f6pe\u011finizin hem zihinsel hem de fiziksel olarak aktif kalmas\u0131n\u0131 sa\u011flayan e\u011flenceli bir \u00f6d\u00fcl oyunca\u011f\u0131d\u0131r. Dayan\u0131kl\u0131 yap\u0131s\u0131 sayesinde uzun s\u00fcreli kullan\u0131m sunarken, \u00f6zel tasar\u0131m\u0131yla mama veya \u00f6d\u00fcl mamas\u0131n\u0131 k\u00f6pe\u011finizin yuvarlama, z\u0131platma ve itme hareketleriyle serbest b\u0131rak\u0131r. Bu sayede \u00f6\u011f\u00fcnler e\u011flenceli bir meydan okumaya d\u00f6n\u00fc\u015f\u00fcr. Sessiz ve sa\u011flam malzemesi ev i\u00e7i ba\u011f\u0131ms\u0131z oyunlar i\u00e7in idealdir. Dahili huni tasar\u0131m\u0131 sayesinde kolayca doldurulabilir ve h\u0131zl\u0131 yiyen k\u00f6pekler i\u00e7in mama kab\u0131 alternatifi olarak kullan\u0131labilir.<\/p>","protected":false},"featured_media":43830,"comment_status":"open","ping_status":"closed","template":"","meta":{"_acf_changed":false},"product_brand":[],"product_cat":[3835],"product_tag":[],"class_list":{"0":"post-45634","1":"product","2":"type-product","3":"status-publish","4":"has-post-thumbnail","6":"product_cat-oyuncaklari","8":"first","9":"instock","10":"shipping-taxable","11":"product-type-simple"},"acf":[],"yoast_head":"<!-- This site is optimized with the Yoast SEO plugin v27.5 - https:\/\/yoast.com\/product\/yoast-seo-wordpress\/ -->\n<title>KONG Rewards Ball K\u00f6pekler i\u00e7in \u00d6d\u00fcl Mamas\u0131 Da\u011f\u0131tma Oyunca\u011f\u0131 L - Anadolu Pet Grup<\/title>\n<meta name=\"robots\" content=\"index, follow, max-snippet:-1, max-image-preview:large, max-video-preview:-1\" \/>\n<link rel=\"canonical\" href=\"https:\/\/anadolupet.com.tr\/en\/product\/kong-rewards-ball-kopekler-icin-odul-mamasi-dagitma-oyuncagi-l\/\" \/>\n<meta property=\"og:locale\" content=\"en_US\" \/>\n<meta property=\"og:type\" content=\"article\" \/>\n<meta property=\"og:title\" content=\"KONG Rewards Ball K\u00f6pekler i\u00e7in \u00d6d\u00fcl Mamas\u0131 Da\u011f\u0131tma Oyunca\u011f\u0131 L - Anadolu Pet Grup\" \/>\n<meta property=\"og:description\" content=\"KONG Rewards Ball k\u00f6pe\u011finizin hem zihinsel hem de fiziksel olarak aktif kalmas\u0131n\u0131 sa\u011flayan e\u011flenceli bir \u00f6d\u00fcl oyunca\u011f\u0131d\u0131r. Dayan\u0131kl\u0131 yap\u0131s\u0131 sayesinde uzun s\u00fcreli kullan\u0131m sunarken, \u00f6zel tasar\u0131m\u0131yla mama veya \u00f6d\u00fcl mamas\u0131n\u0131 k\u00f6pe\u011finizin yuvarlama, z\u0131platma ve itme hareketleriyle serbest b\u0131rak\u0131r. Bu sayede \u00f6\u011f\u00fcnler e\u011flenceli bir meydan okumaya d\u00f6n\u00fc\u015f\u00fcr. Sessiz ve sa\u011flam malzemesi ev i\u00e7i ba\u011f\u0131ms\u0131z oyunlar i\u00e7in idealdir. Dahili huni tasar\u0131m\u0131 sayesinde kolayca doldurulabilir ve h\u0131zl\u0131 yiyen k\u00f6pekler i\u00e7in mama kab\u0131 alternatifi olarak kullan\u0131labilir.\" \/>\n<meta property=\"og:url\" content=\"https:\/\/anadolupet.com.tr\/en\/product\/kong-rewards-ball-kopekler-icin-odul-mamasi-dagitma-oyuncagi-l\/\" \/>\n<meta property=\"og:site_name\" content=\"Anadolu Pet Grup\" \/>\n<meta property=\"article:modified_time\" content=\"2026-02-23T12:49:10+00:00\" \/>\n<meta property=\"og:image\" content=\"https:\/\/anadolupet.com.tr\/wp-content\/uploads\/2026\/02\/390-PEP12E.jpg\" \/>\n\t<meta property=\"og:image:width\" content=\"750\" \/>\n\t<meta property=\"og:image:height\" content=\"750\" \/>\n\t<meta property=\"og:image:type\" content=\"image\/jpeg\" \/>\n<meta name=\"twitter:card\" content=\"summary_large_image\" \/>\n<script type=\"application\/ld+json\" class=\"yoast-schema-graph\">{\"@context\":\"https:\\\/\\\/schema.org\",\"@graph\":[{\"@type\":\"WebPage\",\"@id\":\"https:\\\/\\\/anadolupet.com.tr\\\/urun\\\/kong-rewards-ball-kopekler-icin-odul-mamasi-dagitma-oyuncagi-l\\\/\",\"url\":\"https:\\\/\\\/anadolupet.com.tr\\\/urun\\\/kong-rewards-ball-kopekler-icin-odul-mamasi-dagitma-oyuncagi-l\\\/\",\"name\":\"KONG Rewards Ball K\u00f6pekler i\u00e7in \u00d6d\u00fcl Mamas\u0131 Da\u011f\u0131tma Oyunca\u011f\u0131 L - Anadolu Pet Grup\",\"isPartOf\":{\"@id\":\"https:\\\/\\\/anadolupet.com.tr\\\/#website\"},\"primaryImageOfPage\":{\"@id\":\"https:\\\/\\\/anadolupet.com.tr\\\/urun\\\/kong-rewards-ball-kopekler-icin-odul-mamasi-dagitma-oyuncagi-l\\\/#primaryimage\"},\"image\":{\"@id\":\"https:\\\/\\\/anadolupet.com.tr\\\/urun\\\/kong-rewards-ball-kopekler-icin-odul-mamasi-dagitma-oyuncagi-l\\\/#primaryimage\"},\"thumbnailUrl\":\"https:\\\/\\\/anadolupet.com.tr\\\/wp-content\\\/uploads\\\/2026\\\/02\\\/390-PEP12E.jpg\",\"datePublished\":\"2026-02-14T14:42:07+00:00\",\"dateModified\":\"2026-02-23T12:49:10+00:00\",\"breadcrumb\":{\"@id\":\"https:\\\/\\\/anadolupet.com.tr\\\/urun\\\/kong-rewards-ball-kopekler-icin-odul-mamasi-dagitma-oyuncagi-l\\\/#breadcrumb\"},\"inLanguage\":\"en-US\",\"potentialAction\":[{\"@type\":\"ReadAction\",\"target\":[\"https:\\\/\\\/anadolupet.com.tr\\\/urun\\\/kong-rewards-ball-kopekler-icin-odul-mamasi-dagitma-oyuncagi-l\\\/\"]}]},{\"@type\":\"ImageObject\",\"inLanguage\":\"en-US\",\"@id\":\"https:\\\/\\\/anadolupet.com.tr\\\/urun\\\/kong-rewards-ball-kopekler-icin-odul-mamasi-dagitma-oyuncagi-l\\\/#primaryimage\",\"url\":\"https:\\\/\\\/anadolupet.com.tr\\\/wp-content\\\/uploads\\\/2026\\\/02\\\/390-PEP12E.jpg\",\"contentUrl\":\"https:\\\/\\\/anadolupet.com.tr\\\/wp-content\\\/uploads\\\/2026\\\/02\\\/390-PEP12E.jpg\",\"width\":750,\"height\":750},{\"@type\":\"BreadcrumbList\",\"@id\":\"https:\\\/\\\/anadolupet.com.tr\\\/urun\\\/kong-rewards-ball-kopekler-icin-odul-mamasi-dagitma-oyuncagi-l\\\/#breadcrumb\",\"itemListElement\":[{\"@type\":\"ListItem\",\"position\":1,\"name\":\"Anasayfa\",\"item\":\"https:\\\/\\\/anadolupet.com.tr\\\/\"},{\"@type\":\"ListItem\",\"position\":2,\"name\":\"\u00dcr\u00fcnler\",\"item\":\"https:\\\/\\\/anadolupet.com.tr\\\/urunler\\\/\"},{\"@type\":\"ListItem\",\"position\":3,\"name\":\"KONG Rewards Ball K\u00f6pekler i\u00e7in \u00d6d\u00fcl Mamas\u0131 Da\u011f\u0131tma Oyunca\u011f\u0131 L\"}]},{\"@type\":\"WebSite\",\"@id\":\"https:\\\/\\\/anadolupet.com.tr\\\/#website\",\"url\":\"https:\\\/\\\/anadolupet.com.tr\\\/\",\"name\":\"Anadolu Pet Grup\",\"description\":\"Her Can\u0131n \u0130yi Ya\u015fam\u0131 \u0130\u00e7in Biraraday\u0131z\",\"publisher\":{\"@id\":\"https:\\\/\\\/anadolupet.com.tr\\\/#organization\"},\"potentialAction\":[{\"@type\":\"SearchAction\",\"target\":{\"@type\":\"EntryPoint\",\"urlTemplate\":\"https:\\\/\\\/anadolupet.com.tr\\\/?s={search_term_string}\"},\"query-input\":{\"@type\":\"PropertyValueSpecification\",\"valueRequired\":true,\"valueName\":\"search_term_string\"}}],\"inLanguage\":\"en-US\"},{\"@type\":\"Organization\",\"@id\":\"https:\\\/\\\/anadolupet.com.tr\\\/#organization\",\"name\":\"Anadolu Pet Grup\",\"alternateName\":\"Anadolu Pet\",\"url\":\"https:\\\/\\\/anadolupet.com.tr\\\/\",\"logo\":{\"@type\":\"ImageObject\",\"inLanguage\":\"en-US\",\"@id\":\"https:\\\/\\\/anadolupet.com.tr\\\/#\\\/schema\\\/logo\\\/image\\\/\",\"url\":\"https:\\\/\\\/anadolupet.com.tr\\\/wp-content\\\/uploads\\\/2026\\\/03\\\/1614666743370.jpg\",\"contentUrl\":\"https:\\\/\\\/anadolupet.com.tr\\\/wp-content\\\/uploads\\\/2026\\\/03\\\/1614666743370.jpg\",\"width\":800,\"height\":571,\"caption\":\"Anadolu Pet Grup\"},\"image\":{\"@id\":\"https:\\\/\\\/anadolupet.com.tr\\\/#\\\/schema\\\/logo\\\/image\\\/\"}}]}<\/script>\n<!-- \/ Yoast SEO plugin. -->","yoast_head_json":{"title":"KONG Rewards Ball K\u00f6pekler i\u00e7in \u00d6d\u00fcl Mamas\u0131 Da\u011f\u0131tma Oyunca\u011f\u0131 L - Anadolu Pet Grup","robots":{"index":"index","follow":"follow","max-snippet":"max-snippet:-1","max-image-preview":"max-image-preview:large","max-video-preview":"max-video-preview:-1"},"canonical":"https:\/\/anadolupet.com.tr\/en\/product\/kong-rewards-ball-kopekler-icin-odul-mamasi-dagitma-oyuncagi-l\/","og_locale":"en_US","og_type":"article","og_title":"KONG Rewards Ball K\u00f6pekler i\u00e7in \u00d6d\u00fcl Mamas\u0131 Da\u011f\u0131tma Oyunca\u011f\u0131 L - Anadolu Pet Grup","og_description":"KONG Rewards Ball k\u00f6pe\u011finizin hem zihinsel hem de fiziksel olarak aktif kalmas\u0131n\u0131 sa\u011flayan e\u011flenceli bir \u00f6d\u00fcl oyunca\u011f\u0131d\u0131r. Dayan\u0131kl\u0131 yap\u0131s\u0131 sayesinde uzun s\u00fcreli kullan\u0131m sunarken, \u00f6zel tasar\u0131m\u0131yla mama veya \u00f6d\u00fcl mamas\u0131n\u0131 k\u00f6pe\u011finizin yuvarlama, z\u0131platma ve itme hareketleriyle serbest b\u0131rak\u0131r. Bu sayede \u00f6\u011f\u00fcnler e\u011flenceli bir meydan okumaya d\u00f6n\u00fc\u015f\u00fcr. Sessiz ve sa\u011flam malzemesi ev i\u00e7i ba\u011f\u0131ms\u0131z oyunlar i\u00e7in idealdir. Dahili huni tasar\u0131m\u0131 sayesinde kolayca doldurulabilir ve h\u0131zl\u0131 yiyen k\u00f6pekler i\u00e7in mama kab\u0131 alternatifi olarak kullan\u0131labilir.","og_url":"https:\/\/anadolupet.com.tr\/en\/product\/kong-rewards-ball-kopekler-icin-odul-mamasi-dagitma-oyuncagi-l\/","og_site_name":"Anadolu Pet Grup","article_modified_time":"2026-02-23T12:49:10+00:00","og_image":[{"width":750,"height":750,"url":"https:\/\/anadolupet.com.tr\/wp-content\/uploads\/2026\/02\/390-PEP12E.jpg","type":"image\/jpeg"}],"twitter_card":"summary_large_image","schema":{"@context":"https:\/\/schema.org","@graph":[{"@type":"WebPage","@id":"https:\/\/anadolupet.com.tr\/urun\/kong-rewards-ball-kopekler-icin-odul-mamasi-dagitma-oyuncagi-l\/","url":"https:\/\/anadolupet.com.tr\/urun\/kong-rewards-ball-kopekler-icin-odul-mamasi-dagitma-oyuncagi-l\/","name":"KONG Rewards Ball K\u00f6pekler i\u00e7in \u00d6d\u00fcl Mamas\u0131 Da\u011f\u0131tma Oyunca\u011f\u0131 L - Anadolu Pet Grup","isPartOf":{"@id":"https:\/\/anadolupet.com.tr\/#website"},"primaryImageOfPage":{"@id":"https:\/\/anadolupet.com.tr\/urun\/kong-rewards-ball-kopekler-icin-odul-mamasi-dagitma-oyuncagi-l\/#primaryimage"},"image":{"@id":"https:\/\/anadolupet.com.tr\/urun\/kong-rewards-ball-kopekler-icin-odul-mamasi-dagitma-oyuncagi-l\/#primaryimage"},"thumbnailUrl":"https:\/\/anadolupet.com.tr\/wp-content\/uploads\/2026\/02\/390-PEP12E.jpg","datePublished":"2026-02-14T14:42:07+00:00","dateModified":"2026-02-23T12:49:10+00:00","breadcrumb":{"@id":"https:\/\/anadolupet.com.tr\/urun\/kong-rewards-ball-kopekler-icin-odul-mamasi-dagitma-oyuncagi-l\/#breadcrumb"},"inLanguage":"en-US","potentialAction":[{"@type":"ReadAction","target":["https:\/\/anadolupet.com.tr\/urun\/kong-rewards-ball-kopekler-icin-odul-mamasi-dagitma-oyuncagi-l\/"]}]},{"@type":"ImageObject","inLanguage":"en-US","@id":"https:\/\/anadolupet.com.tr\/urun\/kong-rewards-ball-kopekler-icin-odul-mamasi-dagitma-oyuncagi-l\/#primaryimage","url":"https:\/\/anadolupet.com.tr\/wp-content\/uploads\/2026\/02\/390-PEP12E.jpg","contentUrl":"https:\/\/anadolupet.com.tr\/wp-content\/uploads\/2026\/02\/390-PEP12E.jpg","width":750,"height":750},{"@type":"BreadcrumbList","@id":"https:\/\/anadolupet.com.tr\/urun\/kong-rewards-ball-kopekler-icin-odul-mamasi-dagitma-oyuncagi-l\/#breadcrumb","itemListElement":[{"@type":"ListItem","position":1,"name":"Anasayfa","item":"https:\/\/anadolupet.com.tr\/"},{"@type":"ListItem","position":2,"name":"\u00dcr\u00fcnler","item":"https:\/\/anadolupet.com.tr\/urunler\/"},{"@type":"ListItem","position":3,"name":"KONG Rewards Ball K\u00f6pekler i\u00e7in \u00d6d\u00fcl Mamas\u0131 Da\u011f\u0131tma Oyunca\u011f\u0131 L"}]},{"@type":"WebSite","@id":"https:\/\/anadolupet.com.tr\/#website","url":"https:\/\/anadolupet.com.tr\/","name":"Anadolu Pet Group","description":"We Stand Together for the Well-Being of Every Life","publisher":{"@id":"https:\/\/anadolupet.com.tr\/#organization"},"potentialAction":[{"@type":"SearchAction","target":{"@type":"EntryPoint","urlTemplate":"https:\/\/anadolupet.com.tr\/?s={search_term_string}"},"query-input":{"@type":"PropertyValueSpecification","valueRequired":true,"valueName":"search_term_string"}}],"inLanguage":"en-US"},{"@type":"Organization","@id":"https:\/\/anadolupet.com.tr\/#organization","name":"Anadolu Pet Group","alternateName":"Anadolu Pet","url":"https:\/\/anadolupet.com.tr\/","logo":{"@type":"ImageObject","inLanguage":"en-US","@id":"https:\/\/anadolupet.com.tr\/#\/schema\/logo\/image\/","url":"https:\/\/anadolupet.com.tr\/wp-content\/uploads\/2026\/03\/1614666743370.jpg","contentUrl":"https:\/\/anadolupet.com.tr\/wp-content\/uploads\/2026\/03\/1614666743370.jpg","width":800,"height":571,"caption":"Anadolu Pet Grup"},"image":{"@id":"https:\/\/anadolupet.com.tr\/#\/schema\/logo\/image\/"}}]}},"_links":{"self":[{"href":"https:\/\/anadolupet.com.tr\/en\/wp-json\/wp\/v2\/product\/45634","targetHints":{"allow":["GET"]}}],"collection":[{"href":"https:\/\/anadolupet.com.tr\/en\/wp-json\/wp\/v2\/product"}],"about":[{"href":"https:\/\/anadolupet.com.tr\/en\/wp-json\/wp\/v2\/types\/product"}],"replies":[{"embeddable":true,"href":"https:\/\/anadolupet.com.tr\/en\/wp-json\/wp\/v2\/comments?post=45634"}],"wp:featuredmedia":[{"embeddable":true,"href":"https:\/\/anadolupet.com.tr\/en\/wp-json\/wp\/v2\/media\/43830"}],"wp:attachment":[{"href":"https:\/\/anadolupet.com.tr\/en\/wp-json\/wp\/v2\/media?parent=45634"}],"wp:term":[{"taxonomy":"product_brand","embeddable":true,"href":"https:\/\/anadolupet.com.tr\/en\/wp-json\/wp\/v2\/product_brand?post=45634"},{"taxonomy":"product_cat","embeddable":true,"href":"https:\/\/anadolupet.com.tr\/en\/wp-json\/wp\/v2\/product_cat?post=45634"},{"taxonomy":"product_tag","embeddable":true,"href":"https:\/\/anadolupet.com.tr\/en\/wp-json\/wp\/v2\/product_tag?post=45634"}],"curies":[{"name":"wp","href":"https:\/\/api.w.org\/{rel}","templated":true}]}}