{"id":45651,"date":"2026-02-14T14:42:10","date_gmt":"2026-02-14T14:42:10","guid":{"rendered":"https:\/\/anadolupet.com.tr\/urun\/kong-signature-rope-cift-tutma-uclu-ip-kopek-oyuncagi-55-cm\/"},"modified":"2026-02-23T12:49:11","modified_gmt":"2026-02-23T12:49:11","slug":"kong-signature-rope-cift-tutma-uclu-ip-kopek-oyuncagi-55-cm","status":"publish","type":"product","link":"https:\/\/anadolupet.com.tr\/en\/urun\/kong-signature-rope-cift-tutma-uclu-ip-kopek-oyuncagi-55-cm\/","title":{"rendered":"KONG Signature Rope \u00c7ift Tutma U\u00e7lu \u0130p K\u00f6pek Oyunca\u011f\u0131 55 cm"},"content":{"rendered":"","protected":false},"excerpt":{"rendered":"<p>KONG Signature\u2122 Double Tug Rope, k\u00f6pe\u011finizin \u00e7eki\u015ftirme ve \u00e7i\u011fneme i\u00e7g\u00fcd\u00fclerini tatmin eden dayan\u0131kl\u0131 ve e\u011flenceli bir oyuncakt\u0131r. Pamuk ve polar kuma\u015f ipten \u00f6r\u00fclm\u00fc\u015f \u00f6zel \u00f6rg\u00fc yap\u0131s\u0131 esnekli\u011fiyle a\u011f\u0131zda daha nazik bir his sunar. Dayan\u0131kl\u0131 malzemesi sayesinde do\u011fal \u00e7i\u011fneme davran\u0131\u015f\u0131n\u0131 tekrar tekrar \u00f6d\u00fcllendirir ve di\u015f temizli\u011fine katk\u0131da bulunur. \u00c7ift halkal\u0131 tasar\u0131m\u0131 ise etkile\u015fimli oyunlar\u0131 daha e\u011flenceli ve uzun s\u00fcreli hale getirir.<\/p>","protected":false},"featured_media":43880,"comment_status":"open","ping_status":"closed","template":"","meta":{"_acf_changed":false},"product_brand":[],"product_cat":[3835],"product_tag":[],"class_list":{"0":"post-45651","1":"product","2":"type-product","3":"status-publish","4":"has-post-thumbnail","6":"product_cat-oyuncaklari","8":"first","9":"instock","10":"shipping-taxable","11":"product-type-simple"},"acf":[],"yoast_head":"<!-- This site is optimized with the Yoast SEO plugin v27.5 - https:\/\/yoast.com\/product\/yoast-seo-wordpress\/ -->\n<title>KONG Signature Rope \u00c7ift Tutma U\u00e7lu \u0130p K\u00f6pek Oyunca\u011f\u0131 55 cm - Anadolu Pet Grup<\/title>\n<meta name=\"robots\" content=\"index, follow, max-snippet:-1, max-image-preview:large, max-video-preview:-1\" \/>\n<link rel=\"canonical\" href=\"https:\/\/anadolupet.com.tr\/en\/product\/kong-signature-rope-cift-tutma-uclu-ip-kopek-oyuncagi-55-cm\/\" \/>\n<meta property=\"og:locale\" content=\"en_US\" \/>\n<meta property=\"og:type\" content=\"article\" \/>\n<meta property=\"og:title\" content=\"KONG Signature Rope \u00c7ift Tutma U\u00e7lu \u0130p K\u00f6pek Oyunca\u011f\u0131 55 cm - Anadolu Pet Grup\" \/>\n<meta property=\"og:description\" content=\"KONG Signature\u2122 Double Tug Rope, k\u00f6pe\u011finizin \u00e7eki\u015ftirme ve \u00e7i\u011fneme i\u00e7g\u00fcd\u00fclerini tatmin eden dayan\u0131kl\u0131 ve e\u011flenceli bir oyuncakt\u0131r. Pamuk ve polar kuma\u015f ipten \u00f6r\u00fclm\u00fc\u015f \u00f6zel \u00f6rg\u00fc yap\u0131s\u0131 esnekli\u011fiyle a\u011f\u0131zda daha nazik bir his sunar. Dayan\u0131kl\u0131 malzemesi sayesinde do\u011fal \u00e7i\u011fneme davran\u0131\u015f\u0131n\u0131 tekrar tekrar \u00f6d\u00fcllendirir ve di\u015f temizli\u011fine katk\u0131da bulunur. \u00c7ift halkal\u0131 tasar\u0131m\u0131 ise etkile\u015fimli oyunlar\u0131 daha e\u011flenceli ve uzun s\u00fcreli hale getirir.\" \/>\n<meta property=\"og:url\" content=\"https:\/\/anadolupet.com.tr\/en\/product\/kong-signature-rope-cift-tutma-uclu-ip-kopek-oyuncagi-55-cm\/\" \/>\n<meta property=\"og:site_name\" content=\"Anadolu Pet Grup\" \/>\n<meta property=\"article:modified_time\" content=\"2026-02-23T12:49:11+00:00\" \/>\n<meta property=\"og:image\" content=\"https:\/\/anadolupet.com.tr\/wp-content\/uploads\/2026\/02\/390-SKT12E.jpg\" \/>\n\t<meta property=\"og:image:width\" content=\"750\" \/>\n\t<meta property=\"og:image:height\" content=\"750\" \/>\n\t<meta property=\"og:image:type\" content=\"image\/jpeg\" \/>\n<meta name=\"twitter:card\" content=\"summary_large_image\" \/>\n<script type=\"application\/ld+json\" class=\"yoast-schema-graph\">{\"@context\":\"https:\\\/\\\/schema.org\",\"@graph\":[{\"@type\":\"WebPage\",\"@id\":\"https:\\\/\\\/anadolupet.com.tr\\\/urun\\\/kong-signature-rope-cift-tutma-uclu-ip-kopek-oyuncagi-55-cm\\\/\",\"url\":\"https:\\\/\\\/anadolupet.com.tr\\\/urun\\\/kong-signature-rope-cift-tutma-uclu-ip-kopek-oyuncagi-55-cm\\\/\",\"name\":\"KONG Signature Rope \u00c7ift Tutma U\u00e7lu \u0130p K\u00f6pek Oyunca\u011f\u0131 55 cm - Anadolu Pet Grup\",\"isPartOf\":{\"@id\":\"https:\\\/\\\/anadolupet.com.tr\\\/#website\"},\"primaryImageOfPage\":{\"@id\":\"https:\\\/\\\/anadolupet.com.tr\\\/urun\\\/kong-signature-rope-cift-tutma-uclu-ip-kopek-oyuncagi-55-cm\\\/#primaryimage\"},\"image\":{\"@id\":\"https:\\\/\\\/anadolupet.com.tr\\\/urun\\\/kong-signature-rope-cift-tutma-uclu-ip-kopek-oyuncagi-55-cm\\\/#primaryimage\"},\"thumbnailUrl\":\"https:\\\/\\\/anadolupet.com.tr\\\/wp-content\\\/uploads\\\/2026\\\/02\\\/390-SKT12E.jpg\",\"datePublished\":\"2026-02-14T14:42:10+00:00\",\"dateModified\":\"2026-02-23T12:49:11+00:00\",\"breadcrumb\":{\"@id\":\"https:\\\/\\\/anadolupet.com.tr\\\/urun\\\/kong-signature-rope-cift-tutma-uclu-ip-kopek-oyuncagi-55-cm\\\/#breadcrumb\"},\"inLanguage\":\"en-US\",\"potentialAction\":[{\"@type\":\"ReadAction\",\"target\":[\"https:\\\/\\\/anadolupet.com.tr\\\/urun\\\/kong-signature-rope-cift-tutma-uclu-ip-kopek-oyuncagi-55-cm\\\/\"]}]},{\"@type\":\"ImageObject\",\"inLanguage\":\"en-US\",\"@id\":\"https:\\\/\\\/anadolupet.com.tr\\\/urun\\\/kong-signature-rope-cift-tutma-uclu-ip-kopek-oyuncagi-55-cm\\\/#primaryimage\",\"url\":\"https:\\\/\\\/anadolupet.com.tr\\\/wp-content\\\/uploads\\\/2026\\\/02\\\/390-SKT12E.jpg\",\"contentUrl\":\"https:\\\/\\\/anadolupet.com.tr\\\/wp-content\\\/uploads\\\/2026\\\/02\\\/390-SKT12E.jpg\",\"width\":750,\"height\":750},{\"@type\":\"BreadcrumbList\",\"@id\":\"https:\\\/\\\/anadolupet.com.tr\\\/urun\\\/kong-signature-rope-cift-tutma-uclu-ip-kopek-oyuncagi-55-cm\\\/#breadcrumb\",\"itemListElement\":[{\"@type\":\"ListItem\",\"position\":1,\"name\":\"Anasayfa\",\"item\":\"https:\\\/\\\/anadolupet.com.tr\\\/\"},{\"@type\":\"ListItem\",\"position\":2,\"name\":\"\u00dcr\u00fcnler\",\"item\":\"https:\\\/\\\/anadolupet.com.tr\\\/urunler\\\/\"},{\"@type\":\"ListItem\",\"position\":3,\"name\":\"KONG Signature Rope \u00c7ift Tutma U\u00e7lu \u0130p K\u00f6pek Oyunca\u011f\u0131 55 cm\"}]},{\"@type\":\"WebSite\",\"@id\":\"https:\\\/\\\/anadolupet.com.tr\\\/#website\",\"url\":\"https:\\\/\\\/anadolupet.com.tr\\\/\",\"name\":\"Anadolu Pet Grup\",\"description\":\"Her Can\u0131n \u0130yi Ya\u015fam\u0131 \u0130\u00e7in Biraraday\u0131z\",\"publisher\":{\"@id\":\"https:\\\/\\\/anadolupet.com.tr\\\/#organization\"},\"potentialAction\":[{\"@type\":\"SearchAction\",\"target\":{\"@type\":\"EntryPoint\",\"urlTemplate\":\"https:\\\/\\\/anadolupet.com.tr\\\/?s={search_term_string}\"},\"query-input\":{\"@type\":\"PropertyValueSpecification\",\"valueRequired\":true,\"valueName\":\"search_term_string\"}}],\"inLanguage\":\"en-US\"},{\"@type\":\"Organization\",\"@id\":\"https:\\\/\\\/anadolupet.com.tr\\\/#organization\",\"name\":\"Anadolu Pet Grup\",\"alternateName\":\"Anadolu Pet\",\"url\":\"https:\\\/\\\/anadolupet.com.tr\\\/\",\"logo\":{\"@type\":\"ImageObject\",\"inLanguage\":\"en-US\",\"@id\":\"https:\\\/\\\/anadolupet.com.tr\\\/#\\\/schema\\\/logo\\\/image\\\/\",\"url\":\"https:\\\/\\\/anadolupet.com.tr\\\/wp-content\\\/uploads\\\/2026\\\/03\\\/1614666743370.jpg\",\"contentUrl\":\"https:\\\/\\\/anadolupet.com.tr\\\/wp-content\\\/uploads\\\/2026\\\/03\\\/1614666743370.jpg\",\"width\":800,\"height\":571,\"caption\":\"Anadolu Pet Grup\"},\"image\":{\"@id\":\"https:\\\/\\\/anadolupet.com.tr\\\/#\\\/schema\\\/logo\\\/image\\\/\"}}]}<\/script>\n<!-- \/ Yoast SEO plugin. -->","yoast_head_json":{"title":"KONG Signature Rope \u00c7ift Tutma U\u00e7lu \u0130p K\u00f6pek Oyunca\u011f\u0131 55 cm - Anadolu Pet Grup","robots":{"index":"index","follow":"follow","max-snippet":"max-snippet:-1","max-image-preview":"max-image-preview:large","max-video-preview":"max-video-preview:-1"},"canonical":"https:\/\/anadolupet.com.tr\/en\/product\/kong-signature-rope-cift-tutma-uclu-ip-kopek-oyuncagi-55-cm\/","og_locale":"en_US","og_type":"article","og_title":"KONG Signature Rope \u00c7ift Tutma U\u00e7lu \u0130p K\u00f6pek Oyunca\u011f\u0131 55 cm - Anadolu Pet Grup","og_description":"KONG Signature\u2122 Double Tug Rope, k\u00f6pe\u011finizin \u00e7eki\u015ftirme ve \u00e7i\u011fneme i\u00e7g\u00fcd\u00fclerini tatmin eden dayan\u0131kl\u0131 ve e\u011flenceli bir oyuncakt\u0131r. Pamuk ve polar kuma\u015f ipten \u00f6r\u00fclm\u00fc\u015f \u00f6zel \u00f6rg\u00fc yap\u0131s\u0131 esnekli\u011fiyle a\u011f\u0131zda daha nazik bir his sunar. Dayan\u0131kl\u0131 malzemesi sayesinde do\u011fal \u00e7i\u011fneme davran\u0131\u015f\u0131n\u0131 tekrar tekrar \u00f6d\u00fcllendirir ve di\u015f temizli\u011fine katk\u0131da bulunur. \u00c7ift halkal\u0131 tasar\u0131m\u0131 ise etkile\u015fimli oyunlar\u0131 daha e\u011flenceli ve uzun s\u00fcreli hale getirir.","og_url":"https:\/\/anadolupet.com.tr\/en\/product\/kong-signature-rope-cift-tutma-uclu-ip-kopek-oyuncagi-55-cm\/","og_site_name":"Anadolu Pet Grup","article_modified_time":"2026-02-23T12:49:11+00:00","og_image":[{"width":750,"height":750,"url":"https:\/\/anadolupet.com.tr\/wp-content\/uploads\/2026\/02\/390-SKT12E.jpg","type":"image\/jpeg"}],"twitter_card":"summary_large_image","schema":{"@context":"https:\/\/schema.org","@graph":[{"@type":"WebPage","@id":"https:\/\/anadolupet.com.tr\/urun\/kong-signature-rope-cift-tutma-uclu-ip-kopek-oyuncagi-55-cm\/","url":"https:\/\/anadolupet.com.tr\/urun\/kong-signature-rope-cift-tutma-uclu-ip-kopek-oyuncagi-55-cm\/","name":"KONG Signature Rope \u00c7ift Tutma U\u00e7lu \u0130p K\u00f6pek Oyunca\u011f\u0131 55 cm - Anadolu Pet Grup","isPartOf":{"@id":"https:\/\/anadolupet.com.tr\/#website"},"primaryImageOfPage":{"@id":"https:\/\/anadolupet.com.tr\/urun\/kong-signature-rope-cift-tutma-uclu-ip-kopek-oyuncagi-55-cm\/#primaryimage"},"image":{"@id":"https:\/\/anadolupet.com.tr\/urun\/kong-signature-rope-cift-tutma-uclu-ip-kopek-oyuncagi-55-cm\/#primaryimage"},"thumbnailUrl":"https:\/\/anadolupet.com.tr\/wp-content\/uploads\/2026\/02\/390-SKT12E.jpg","datePublished":"2026-02-14T14:42:10+00:00","dateModified":"2026-02-23T12:49:11+00:00","breadcrumb":{"@id":"https:\/\/anadolupet.com.tr\/urun\/kong-signature-rope-cift-tutma-uclu-ip-kopek-oyuncagi-55-cm\/#breadcrumb"},"inLanguage":"en-US","potentialAction":[{"@type":"ReadAction","target":["https:\/\/anadolupet.com.tr\/urun\/kong-signature-rope-cift-tutma-uclu-ip-kopek-oyuncagi-55-cm\/"]}]},{"@type":"ImageObject","inLanguage":"en-US","@id":"https:\/\/anadolupet.com.tr\/urun\/kong-signature-rope-cift-tutma-uclu-ip-kopek-oyuncagi-55-cm\/#primaryimage","url":"https:\/\/anadolupet.com.tr\/wp-content\/uploads\/2026\/02\/390-SKT12E.jpg","contentUrl":"https:\/\/anadolupet.com.tr\/wp-content\/uploads\/2026\/02\/390-SKT12E.jpg","width":750,"height":750},{"@type":"BreadcrumbList","@id":"https:\/\/anadolupet.com.tr\/urun\/kong-signature-rope-cift-tutma-uclu-ip-kopek-oyuncagi-55-cm\/#breadcrumb","itemListElement":[{"@type":"ListItem","position":1,"name":"Anasayfa","item":"https:\/\/anadolupet.com.tr\/"},{"@type":"ListItem","position":2,"name":"\u00dcr\u00fcnler","item":"https:\/\/anadolupet.com.tr\/urunler\/"},{"@type":"ListItem","position":3,"name":"KONG Signature Rope \u00c7ift Tutma U\u00e7lu \u0130p K\u00f6pek Oyunca\u011f\u0131 55 cm"}]},{"@type":"WebSite","@id":"https:\/\/anadolupet.com.tr\/#website","url":"https:\/\/anadolupet.com.tr\/","name":"Anadolu Pet Group","description":"We Stand Together for the Well-Being of Every Life","publisher":{"@id":"https:\/\/anadolupet.com.tr\/#organization"},"potentialAction":[{"@type":"SearchAction","target":{"@type":"EntryPoint","urlTemplate":"https:\/\/anadolupet.com.tr\/?s={search_term_string}"},"query-input":{"@type":"PropertyValueSpecification","valueRequired":true,"valueName":"search_term_string"}}],"inLanguage":"en-US"},{"@type":"Organization","@id":"https:\/\/anadolupet.com.tr\/#organization","name":"Anadolu Pet Group","alternateName":"Anadolu Pet","url":"https:\/\/anadolupet.com.tr\/","logo":{"@type":"ImageObject","inLanguage":"en-US","@id":"https:\/\/anadolupet.com.tr\/#\/schema\/logo\/image\/","url":"https:\/\/anadolupet.com.tr\/wp-content\/uploads\/2026\/03\/1614666743370.jpg","contentUrl":"https:\/\/anadolupet.com.tr\/wp-content\/uploads\/2026\/03\/1614666743370.jpg","width":800,"height":571,"caption":"Anadolu Pet Grup"},"image":{"@id":"https:\/\/anadolupet.com.tr\/#\/schema\/logo\/image\/"}}]}},"_links":{"self":[{"href":"https:\/\/anadolupet.com.tr\/en\/wp-json\/wp\/v2\/product\/45651","targetHints":{"allow":["GET"]}}],"collection":[{"href":"https:\/\/anadolupet.com.tr\/en\/wp-json\/wp\/v2\/product"}],"about":[{"href":"https:\/\/anadolupet.com.tr\/en\/wp-json\/wp\/v2\/types\/product"}],"replies":[{"embeddable":true,"href":"https:\/\/anadolupet.com.tr\/en\/wp-json\/wp\/v2\/comments?post=45651"}],"wp:featuredmedia":[{"embeddable":true,"href":"https:\/\/anadolupet.com.tr\/en\/wp-json\/wp\/v2\/media\/43880"}],"wp:attachment":[{"href":"https:\/\/anadolupet.com.tr\/en\/wp-json\/wp\/v2\/media?parent=45651"}],"wp:term":[{"taxonomy":"product_brand","embeddable":true,"href":"https:\/\/anadolupet.com.tr\/en\/wp-json\/wp\/v2\/product_brand?post=45651"},{"taxonomy":"product_cat","embeddable":true,"href":"https:\/\/anadolupet.com.tr\/en\/wp-json\/wp\/v2\/product_cat?post=45651"},{"taxonomy":"product_tag","embeddable":true,"href":"https:\/\/anadolupet.com.tr\/en\/wp-json\/wp\/v2\/product_tag?post=45651"}],"curies":[{"name":"wp","href":"https:\/\/api.w.org\/{rel}","templated":true}]}}