{"id":45654,"date":"2026-02-14T14:42:11","date_gmt":"2026-02-14T14:42:11","guid":{"rendered":"https:\/\/anadolupet.com.tr\/?post_type=product&#038;p=45654"},"modified":"2026-02-23T12:49:11","modified_gmt":"2026-02-23T12:49:11","slug":"lavital-kuzu-etli-kisirlastilmis-sterilised-yetiskin-kedi-mamasi-12kg","status":"publish","type":"product","link":"https:\/\/anadolupet.com.tr\/en\/urun\/lavital-kuzu-etli-kisirlastilmis-sterilised-yetiskin-kedi-mamasi-12kg\/","title":{"rendered":"LaVital Kuzu Etli K\u0131s\u0131rla\u015ft\u0131lm\u0131\u015f (Sterilised) Yeti\u015fkin Kedi Mamas\u0131 12kg"},"content":{"rendered":"","protected":false},"excerpt":{"rendered":"<p>K\u0131s\u0131rla\u015ft\u0131r\u0131lm\u0131\u015f yeti\u015fkin (1+ ya\u015f) kediler i\u00e7in kuzu etli tam ve dengeli mama.<br \/>\nK\u0131s\u0131rla\u015ft\u0131r\u0131lman\u0131n ard\u0131ndan hormon dengesi de\u011fi\u015fen kedilerde i\u015ftah art\u0131\u015f\u0131 ve beraberinde kilo al\u0131m\u0131 g\u00f6r\u00fclebilir. Bunun \u00f6n\u00fcne ge\u00e7mek i\u00e7in kedilerin beslenmeleri kilo kontrol\u00fc sa\u011flanacak \u015fekilde tekrar d\u00fczenlenmelidir. Ayr\u0131ca bu s\u00fcre\u00e7te b\u00f6brek sa\u011fl\u0131\u011f\u0131na daha fazla \u00f6zen g\u00f6stermek gerekti\u011finden, besinlerin mineral i\u00e7eriklerine dikkat edilmelidir.<br \/>\nLaVital Sterilised Adult Lamb Formula, 12 ay \u00fczeri k\u0131s\u0131rla\u015ft\u0131r\u0131lm\u0131\u015f kediler i\u00e7in ideal bak\u0131m sa\u011flamak i\u00e7in \u00f6zel olarak form\u00fcle edilmi\u015ftir. Bu besleyici ve dengeli \u00f6zel form\u00fcl, k\u0131s\u0131rla\u015ft\u0131r\u0131lm\u0131\u015f kedilerde ideal kilonun korunmas\u0131na yard\u0131mc\u0131 olur.<br \/>\n1- Kolay sindirilir: Kaliteli ve sindirim oran\u0131 y\u00fcksek i\u00e7erikle form\u00fcle edilmi\u015ftir. Ba\u011f\u0131rsak aktivitesini destekleyen bir prebiyotik olan frukto-oligosakkarit i\u00e7erir.<br \/>\n2- Metabolik Kontrol: D\u00fc\u015f\u00fck kalorili form\u00fcl, k\u0131s\u0131rla\u015ft\u0131r\u0131lm\u0131\u015f kedilerde ideal v\u00fccut kondisyonunun s\u00fcrd\u00fcr\u00fclmesini sa\u011flar.<br \/>\n3- D\u00fc\u015f\u00fck Magnezyum Seviyesi: B\u00f6brek hastal\u0131klar\u0131n\u0131 \u00f6nlemek i\u00e7in, kaliteli i\u00e7erik ve d\u00fc\u015f\u00fck magnezyum ile form\u00fcle edilmi\u015ftir.<br \/>\n4- GDO \u0130\u00e7ermez: Se\u00e7ilen(*) i\u00e7erik geneti\u011fi de\u011fi\u015ftirilmi\u015f organizma i\u00e7ermez. (*)AB mevzuat\u0131na g\u00f6re.<br \/>\n\u0130\u00c7ER\u0130K: \u0130\u015flenmi\u015f Hayvansal Protein, M\u0131s\u0131r Gluteni, M\u0131s\u0131r, pirin\u00e7 %12, Bu\u011fday, Tavuk Ya\u011f\u0131, kuzu protein %12, bitkisel lifler, bezelye, \u015eeker pancar\u0131, Kurutulmu\u015f Maya, Potasyum Klor\u00fcr, Sodyum Klor\u00fcr, Fruktooligosakkaritler(FOS) %0,3, taurine 2200 mg\/kg, yucca schidigera %0,1, Meyveler ve baharatlar\u0131n i\u015flenmesi ile elde edilmi\u015f \u00fcr\u00fcnler %0,05(karanfil (clove), zerde\u00e7al (curcuma sp.), turun\u00e7gil (citrus sp.), biberiye (rosmarinus sp.), \u00fcz\u00fcm \u00e7ekirde\u011fi (vitis sp.), Glukosamin (200 mg\/kg), Prebiyotik Mannanoligosakkaritler, Beta Glukan.<br \/>\nANAL\u0130T\u0130K B\u0130LE\u015eENLER: Protein: %32, Ya\u011f \u0130\u00e7eri\u011fi: %10 Ham Sel\u00fcloz: %5, Ham K\u00fcl: %7.0, Kalsiyum: %1.6, Fosfor: %0,6, Magnezyum: %0,08<br \/>\n\u0130LAVE KATKILAR: Besinsel Katk\u0131lar: Vitamin A(3a672a) 31,000 IU\/kg, Vitamin D3(3a671) 1,850 IU\/kg, Vitamin E(3a700) 300 mg\/kg, Vitamin C 600 mg\/kg, L-carnitine 200 mg\/kg, Demir(II) s\u00fclfat monohidrat 342 mg\/kg(Demir(3b103) 112 mg\/kg), Bak\u0131r s\u00fclfat pentahidrat 44 mg\/kg (Bak\u0131r(3b405) 11,2 mg\/kg), Mangan s\u00fclfat monohidrat 38,5 mg\/kg (Mangan(3b503) 12,5 mg\/kg), \u00c7inko s\u00fclfat monohidrat 342 mg(kg (\u00c7inko(3b605) 125 mg\/kg), Anhidre kalsiyum iyodat 3,4 mg\/kg ( \u0130yot(3b203) 2,2 mg\/kg), Sodyum Selenit 0,68 mg\/kg (Selenyum(3b802) 0,31 mg\/kg).<br \/>\nTeknolojik Katk\u0131lar: Antioksidanlar<br \/>\nBESLEME \u00d6NER\u0130LER\u0130: Mamaya, tabloda belirtilen miktarlarda ba\u015flay\u0131n. G\u00fcnl\u00fck miktar tablosu bir yol g\u00f6stericidir ve hayvan\u0131n g\u00fcnl\u00fck aktivitesine, fizyolojik durumuna ve \u00c7evre s\u0131cakl\u0131\u011f\u0131na ba\u011fl\u0131 olarak de\u011fi\u015febilir. Mama ile birlikte her zaman taze ve temiz su bulundurunuz. Serin ve kuru yerde saklay\u0131n\u0131z.<\/p>","protected":false},"featured_media":44466,"comment_status":"open","ping_status":"closed","template":"","meta":{"_acf_changed":false},"product_brand":[],"product_cat":[2442],"product_tag":[],"class_list":{"0":"post-45654","1":"product","2":"type-product","3":"status-publish","4":"has-post-thumbnail","6":"product_cat-yetiskin-kedi-mamalari","8":"first","9":"instock","10":"shipping-taxable","11":"product-type-simple"},"acf":[],"yoast_head":"<!-- This site is optimized with the Yoast SEO plugin v27.5 - https:\/\/yoast.com\/product\/yoast-seo-wordpress\/ -->\n<title>LaVital Kuzu Etli K\u0131s\u0131rla\u015ft\u0131lm\u0131\u015f (Sterilised) Yeti\u015fkin Kedi Mamas\u0131 12kg - Anadolu Pet Grup<\/title>\n<meta name=\"robots\" content=\"index, follow, max-snippet:-1, max-image-preview:large, max-video-preview:-1\" \/>\n<link rel=\"canonical\" href=\"https:\/\/anadolupet.com.tr\/en\/product\/lavital-kuzu-etli-kisirlastilmis-sterilised-yetiskin-kedi-mamasi-12kg\/\" \/>\n<meta property=\"og:locale\" content=\"en_US\" \/>\n<meta property=\"og:type\" content=\"article\" \/>\n<meta property=\"og:title\" content=\"LaVital Kuzu Etli K\u0131s\u0131rla\u015ft\u0131lm\u0131\u015f (Sterilised) Yeti\u015fkin Kedi Mamas\u0131 12kg - Anadolu Pet Grup\" \/>\n<meta property=\"og:description\" content=\"K\u0131s\u0131rla\u015ft\u0131r\u0131lm\u0131\u015f yeti\u015fkin (1+ ya\u015f) kediler i\u00e7in kuzu etli tam ve dengeli mama. K\u0131s\u0131rla\u015ft\u0131r\u0131lman\u0131n ard\u0131ndan hormon dengesi de\u011fi\u015fen kedilerde i\u015ftah art\u0131\u015f\u0131 ve beraberinde kilo al\u0131m\u0131 g\u00f6r\u00fclebilir. Bunun \u00f6n\u00fcne ge\u00e7mek i\u00e7in kedilerin beslenmeleri kilo kontrol\u00fc sa\u011flanacak \u015fekilde tekrar d\u00fczenlenmelidir. Ayr\u0131ca bu s\u00fcre\u00e7te b\u00f6brek sa\u011fl\u0131\u011f\u0131na daha fazla \u00f6zen g\u00f6stermek gerekti\u011finden, besinlerin mineral i\u00e7eriklerine dikkat edilmelidir. LaVital Sterilised Adult Lamb Formula, 12 ay \u00fczeri k\u0131s\u0131rla\u015ft\u0131r\u0131lm\u0131\u015f kediler i\u00e7in ideal bak\u0131m sa\u011flamak i\u00e7in \u00f6zel olarak form\u00fcle edilmi\u015ftir. Bu besleyici ve dengeli \u00f6zel form\u00fcl, k\u0131s\u0131rla\u015ft\u0131r\u0131lm\u0131\u015f kedilerde ideal kilonun korunmas\u0131na yard\u0131mc\u0131 olur. 1- Kolay sindirilir: Kaliteli ve sindirim oran\u0131 y\u00fcksek i\u00e7erikle form\u00fcle edilmi\u015ftir. Ba\u011f\u0131rsak aktivitesini destekleyen bir prebiyotik olan frukto-oligosakkarit i\u00e7erir. 2- Metabolik Kontrol: D\u00fc\u015f\u00fck kalorili form\u00fcl, k\u0131s\u0131rla\u015ft\u0131r\u0131lm\u0131\u015f kedilerde ideal v\u00fccut kondisyonunun s\u00fcrd\u00fcr\u00fclmesini sa\u011flar. 3- D\u00fc\u015f\u00fck Magnezyum Seviyesi: B\u00f6brek hastal\u0131klar\u0131n\u0131 \u00f6nlemek i\u00e7in, kaliteli i\u00e7erik ve d\u00fc\u015f\u00fck magnezyum ile form\u00fcle edilmi\u015ftir. 4- GDO \u0130\u00e7ermez: Se\u00e7ilen(*) i\u00e7erik geneti\u011fi de\u011fi\u015ftirilmi\u015f organizma i\u00e7ermez. (*)AB mevzuat\u0131na g\u00f6re. \u0130\u00c7ER\u0130K: \u0130\u015flenmi\u015f Hayvansal Protein, M\u0131s\u0131r Gluteni, M\u0131s\u0131r, pirin\u00e7 %12, Bu\u011fday, Tavuk Ya\u011f\u0131, kuzu protein %12, bitkisel lifler, bezelye, \u015eeker pancar\u0131, Kurutulmu\u015f Maya, Potasyum Klor\u00fcr, Sodyum Klor\u00fcr, Fruktooligosakkaritler(FOS) %0,3, taurine 2200 mg\/kg, yucca schidigera %0,1, Meyveler ve baharatlar\u0131n i\u015flenmesi ile elde edilmi\u015f \u00fcr\u00fcnler %0,05(karanfil (clove), zerde\u00e7al (curcuma sp.), turun\u00e7gil (citrus sp.), biberiye (rosmarinus sp.), \u00fcz\u00fcm \u00e7ekirde\u011fi (vitis sp.), Glukosamin (200 mg\/kg), Prebiyotik Mannanoligosakkaritler, Beta Glukan. ANAL\u0130T\u0130K B\u0130LE\u015eENLER: Protein: %32, Ya\u011f \u0130\u00e7eri\u011fi: %10 Ham Sel\u00fcloz: %5, Ham K\u00fcl: %7.0, Kalsiyum: %1.6, Fosfor: %0,6, Magnezyum: %0,08 \u0130LAVE KATKILAR: Besinsel Katk\u0131lar: Vitamin A(3a672a) 31,000 IU\/kg, Vitamin D3(3a671) 1,850 IU\/kg, Vitamin E(3a700) 300 mg\/kg, Vitamin C 600 mg\/kg, L-carnitine 200 mg\/kg, Demir(II) s\u00fclfat monohidrat 342 mg\/kg(Demir(3b103) 112 mg\/kg), Bak\u0131r s\u00fclfat pentahidrat 44 mg\/kg (Bak\u0131r(3b405) 11,2 mg\/kg), Mangan s\u00fclfat monohidrat 38,5 mg\/kg (Mangan(3b503) 12,5 mg\/kg), \u00c7inko s\u00fclfat monohidrat 342 mg(kg (\u00c7inko(3b605) 125 mg\/kg), Anhidre kalsiyum iyodat 3,4 mg\/kg ( \u0130yot(3b203) 2,2 mg\/kg), Sodyum Selenit 0,68 mg\/kg (Selenyum(3b802) 0,31 mg\/kg). Teknolojik Katk\u0131lar: Antioksidanlar BESLEME \u00d6NER\u0130LER\u0130: Mamaya, tabloda belirtilen miktarlarda ba\u015flay\u0131n. G\u00fcnl\u00fck miktar tablosu bir yol g\u00f6stericidir ve hayvan\u0131n g\u00fcnl\u00fck aktivitesine, fizyolojik durumuna ve \u00c7evre s\u0131cakl\u0131\u011f\u0131na ba\u011fl\u0131 olarak de\u011fi\u015febilir. Mama ile birlikte her zaman taze ve temiz su bulundurunuz. Serin ve kuru yerde saklay\u0131n\u0131z.\" \/>\n<meta property=\"og:url\" content=\"https:\/\/anadolupet.com.tr\/en\/product\/lavital-kuzu-etli-kisirlastilmis-sterilised-yetiskin-kedi-mamasi-12kg\/\" \/>\n<meta property=\"og:site_name\" content=\"Anadolu Pet Grup\" \/>\n<meta property=\"article:modified_time\" content=\"2026-02-23T12:49:11+00:00\" \/>\n<meta property=\"og:image\" content=\"https:\/\/anadolupet.com.tr\/wp-content\/uploads\/2026\/02\/800-103848_3.jpg\" \/>\n\t<meta property=\"og:image:width\" content=\"750\" \/>\n\t<meta property=\"og:image:height\" content=\"750\" \/>\n\t<meta property=\"og:image:type\" content=\"image\/jpeg\" \/>\n<meta name=\"twitter:card\" content=\"summary_large_image\" \/>\n<script type=\"application\/ld+json\" class=\"yoast-schema-graph\">{\"@context\":\"https:\\\/\\\/schema.org\",\"@graph\":[{\"@type\":\"WebPage\",\"@id\":\"https:\\\/\\\/anadolupet.com.tr\\\/urun\\\/lavital-kuzu-etli-kisirlastilmis-sterilised-yetiskin-kedi-mamasi-12kg\\\/\",\"url\":\"https:\\\/\\\/anadolupet.com.tr\\\/urun\\\/lavital-kuzu-etli-kisirlastilmis-sterilised-yetiskin-kedi-mamasi-12kg\\\/\",\"name\":\"LaVital Kuzu Etli K\u0131s\u0131rla\u015ft\u0131lm\u0131\u015f (Sterilised) Yeti\u015fkin Kedi Mamas\u0131 12kg - Anadolu Pet Grup\",\"isPartOf\":{\"@id\":\"https:\\\/\\\/anadolupet.com.tr\\\/#website\"},\"primaryImageOfPage\":{\"@id\":\"https:\\\/\\\/anadolupet.com.tr\\\/urun\\\/lavital-kuzu-etli-kisirlastilmis-sterilised-yetiskin-kedi-mamasi-12kg\\\/#primaryimage\"},\"image\":{\"@id\":\"https:\\\/\\\/anadolupet.com.tr\\\/urun\\\/lavital-kuzu-etli-kisirlastilmis-sterilised-yetiskin-kedi-mamasi-12kg\\\/#primaryimage\"},\"thumbnailUrl\":\"https:\\\/\\\/anadolupet.com.tr\\\/wp-content\\\/uploads\\\/2026\\\/02\\\/800-103848_3.jpg\",\"datePublished\":\"2026-02-14T14:42:11+00:00\",\"dateModified\":\"2026-02-23T12:49:11+00:00\",\"breadcrumb\":{\"@id\":\"https:\\\/\\\/anadolupet.com.tr\\\/urun\\\/lavital-kuzu-etli-kisirlastilmis-sterilised-yetiskin-kedi-mamasi-12kg\\\/#breadcrumb\"},\"inLanguage\":\"en-US\",\"potentialAction\":[{\"@type\":\"ReadAction\",\"target\":[\"https:\\\/\\\/anadolupet.com.tr\\\/urun\\\/lavital-kuzu-etli-kisirlastilmis-sterilised-yetiskin-kedi-mamasi-12kg\\\/\"]}]},{\"@type\":\"ImageObject\",\"inLanguage\":\"en-US\",\"@id\":\"https:\\\/\\\/anadolupet.com.tr\\\/urun\\\/lavital-kuzu-etli-kisirlastilmis-sterilised-yetiskin-kedi-mamasi-12kg\\\/#primaryimage\",\"url\":\"https:\\\/\\\/anadolupet.com.tr\\\/wp-content\\\/uploads\\\/2026\\\/02\\\/800-103848_3.jpg\",\"contentUrl\":\"https:\\\/\\\/anadolupet.com.tr\\\/wp-content\\\/uploads\\\/2026\\\/02\\\/800-103848_3.jpg\",\"width\":750,\"height\":750},{\"@type\":\"BreadcrumbList\",\"@id\":\"https:\\\/\\\/anadolupet.com.tr\\\/urun\\\/lavital-kuzu-etli-kisirlastilmis-sterilised-yetiskin-kedi-mamasi-12kg\\\/#breadcrumb\",\"itemListElement\":[{\"@type\":\"ListItem\",\"position\":1,\"name\":\"Anasayfa\",\"item\":\"https:\\\/\\\/anadolupet.com.tr\\\/\"},{\"@type\":\"ListItem\",\"position\":2,\"name\":\"\u00dcr\u00fcnler\",\"item\":\"https:\\\/\\\/anadolupet.com.tr\\\/urunler\\\/\"},{\"@type\":\"ListItem\",\"position\":3,\"name\":\"LaVital Kuzu Etli K\u0131s\u0131rla\u015ft\u0131lm\u0131\u015f (Sterilised) Yeti\u015fkin Kedi Mamas\u0131 12kg\"}]},{\"@type\":\"WebSite\",\"@id\":\"https:\\\/\\\/anadolupet.com.tr\\\/#website\",\"url\":\"https:\\\/\\\/anadolupet.com.tr\\\/\",\"name\":\"Anadolu Pet Grup\",\"description\":\"Her Can\u0131n \u0130yi Ya\u015fam\u0131 \u0130\u00e7in Biraraday\u0131z\",\"publisher\":{\"@id\":\"https:\\\/\\\/anadolupet.com.tr\\\/#organization\"},\"potentialAction\":[{\"@type\":\"SearchAction\",\"target\":{\"@type\":\"EntryPoint\",\"urlTemplate\":\"https:\\\/\\\/anadolupet.com.tr\\\/?s={search_term_string}\"},\"query-input\":{\"@type\":\"PropertyValueSpecification\",\"valueRequired\":true,\"valueName\":\"search_term_string\"}}],\"inLanguage\":\"en-US\"},{\"@type\":\"Organization\",\"@id\":\"https:\\\/\\\/anadolupet.com.tr\\\/#organization\",\"name\":\"Anadolu Pet Grup\",\"alternateName\":\"Anadolu Pet\",\"url\":\"https:\\\/\\\/anadolupet.com.tr\\\/\",\"logo\":{\"@type\":\"ImageObject\",\"inLanguage\":\"en-US\",\"@id\":\"https:\\\/\\\/anadolupet.com.tr\\\/#\\\/schema\\\/logo\\\/image\\\/\",\"url\":\"https:\\\/\\\/anadolupet.com.tr\\\/wp-content\\\/uploads\\\/2026\\\/03\\\/1614666743370.jpg\",\"contentUrl\":\"https:\\\/\\\/anadolupet.com.tr\\\/wp-content\\\/uploads\\\/2026\\\/03\\\/1614666743370.jpg\",\"width\":800,\"height\":571,\"caption\":\"Anadolu Pet Grup\"},\"image\":{\"@id\":\"https:\\\/\\\/anadolupet.com.tr\\\/#\\\/schema\\\/logo\\\/image\\\/\"}}]}<\/script>\n<!-- \/ Yoast SEO plugin. -->","yoast_head_json":{"title":"LaVital Kuzu Etli K\u0131s\u0131rla\u015ft\u0131lm\u0131\u015f (Sterilised) Yeti\u015fkin Kedi Mamas\u0131 12kg - Anadolu Pet Grup","robots":{"index":"index","follow":"follow","max-snippet":"max-snippet:-1","max-image-preview":"max-image-preview:large","max-video-preview":"max-video-preview:-1"},"canonical":"https:\/\/anadolupet.com.tr\/en\/product\/lavital-kuzu-etli-kisirlastilmis-sterilised-yetiskin-kedi-mamasi-12kg\/","og_locale":"en_US","og_type":"article","og_title":"LaVital Kuzu Etli K\u0131s\u0131rla\u015ft\u0131lm\u0131\u015f (Sterilised) Yeti\u015fkin Kedi Mamas\u0131 12kg - Anadolu Pet Grup","og_description":"K\u0131s\u0131rla\u015ft\u0131r\u0131lm\u0131\u015f yeti\u015fkin (1+ ya\u015f) kediler i\u00e7in kuzu etli tam ve dengeli mama. K\u0131s\u0131rla\u015ft\u0131r\u0131lman\u0131n ard\u0131ndan hormon dengesi de\u011fi\u015fen kedilerde i\u015ftah art\u0131\u015f\u0131 ve beraberinde kilo al\u0131m\u0131 g\u00f6r\u00fclebilir. Bunun \u00f6n\u00fcne ge\u00e7mek i\u00e7in kedilerin beslenmeleri kilo kontrol\u00fc sa\u011flanacak \u015fekilde tekrar d\u00fczenlenmelidir. Ayr\u0131ca bu s\u00fcre\u00e7te b\u00f6brek sa\u011fl\u0131\u011f\u0131na daha fazla \u00f6zen g\u00f6stermek gerekti\u011finden, besinlerin mineral i\u00e7eriklerine dikkat edilmelidir. LaVital Sterilised Adult Lamb Formula, 12 ay \u00fczeri k\u0131s\u0131rla\u015ft\u0131r\u0131lm\u0131\u015f kediler i\u00e7in ideal bak\u0131m sa\u011flamak i\u00e7in \u00f6zel olarak form\u00fcle edilmi\u015ftir. Bu besleyici ve dengeli \u00f6zel form\u00fcl, k\u0131s\u0131rla\u015ft\u0131r\u0131lm\u0131\u015f kedilerde ideal kilonun korunmas\u0131na yard\u0131mc\u0131 olur. 1- Kolay sindirilir: Kaliteli ve sindirim oran\u0131 y\u00fcksek i\u00e7erikle form\u00fcle edilmi\u015ftir. Ba\u011f\u0131rsak aktivitesini destekleyen bir prebiyotik olan frukto-oligosakkarit i\u00e7erir. 2- Metabolik Kontrol: D\u00fc\u015f\u00fck kalorili form\u00fcl, k\u0131s\u0131rla\u015ft\u0131r\u0131lm\u0131\u015f kedilerde ideal v\u00fccut kondisyonunun s\u00fcrd\u00fcr\u00fclmesini sa\u011flar. 3- D\u00fc\u015f\u00fck Magnezyum Seviyesi: B\u00f6brek hastal\u0131klar\u0131n\u0131 \u00f6nlemek i\u00e7in, kaliteli i\u00e7erik ve d\u00fc\u015f\u00fck magnezyum ile form\u00fcle edilmi\u015ftir. 4- GDO \u0130\u00e7ermez: Se\u00e7ilen(*) i\u00e7erik geneti\u011fi de\u011fi\u015ftirilmi\u015f organizma i\u00e7ermez. (*)AB mevzuat\u0131na g\u00f6re. \u0130\u00c7ER\u0130K: \u0130\u015flenmi\u015f Hayvansal Protein, M\u0131s\u0131r Gluteni, M\u0131s\u0131r, pirin\u00e7 %12, Bu\u011fday, Tavuk Ya\u011f\u0131, kuzu protein %12, bitkisel lifler, bezelye, \u015eeker pancar\u0131, Kurutulmu\u015f Maya, Potasyum Klor\u00fcr, Sodyum Klor\u00fcr, Fruktooligosakkaritler(FOS) %0,3, taurine 2200 mg\/kg, yucca schidigera %0,1, Meyveler ve baharatlar\u0131n i\u015flenmesi ile elde edilmi\u015f \u00fcr\u00fcnler %0,05(karanfil (clove), zerde\u00e7al (curcuma sp.), turun\u00e7gil (citrus sp.), biberiye (rosmarinus sp.), \u00fcz\u00fcm \u00e7ekirde\u011fi (vitis sp.), Glukosamin (200 mg\/kg), Prebiyotik Mannanoligosakkaritler, Beta Glukan. ANAL\u0130T\u0130K B\u0130LE\u015eENLER: Protein: %32, Ya\u011f \u0130\u00e7eri\u011fi: %10 Ham Sel\u00fcloz: %5, Ham K\u00fcl: %7.0, Kalsiyum: %1.6, Fosfor: %0,6, Magnezyum: %0,08 \u0130LAVE KATKILAR: Besinsel Katk\u0131lar: Vitamin A(3a672a) 31,000 IU\/kg, Vitamin D3(3a671) 1,850 IU\/kg, Vitamin E(3a700) 300 mg\/kg, Vitamin C 600 mg\/kg, L-carnitine 200 mg\/kg, Demir(II) s\u00fclfat monohidrat 342 mg\/kg(Demir(3b103) 112 mg\/kg), Bak\u0131r s\u00fclfat pentahidrat 44 mg\/kg (Bak\u0131r(3b405) 11,2 mg\/kg), Mangan s\u00fclfat monohidrat 38,5 mg\/kg (Mangan(3b503) 12,5 mg\/kg), \u00c7inko s\u00fclfat monohidrat 342 mg(kg (\u00c7inko(3b605) 125 mg\/kg), Anhidre kalsiyum iyodat 3,4 mg\/kg ( \u0130yot(3b203) 2,2 mg\/kg), Sodyum Selenit 0,68 mg\/kg (Selenyum(3b802) 0,31 mg\/kg). Teknolojik Katk\u0131lar: Antioksidanlar BESLEME \u00d6NER\u0130LER\u0130: Mamaya, tabloda belirtilen miktarlarda ba\u015flay\u0131n. G\u00fcnl\u00fck miktar tablosu bir yol g\u00f6stericidir ve hayvan\u0131n g\u00fcnl\u00fck aktivitesine, fizyolojik durumuna ve \u00c7evre s\u0131cakl\u0131\u011f\u0131na ba\u011fl\u0131 olarak de\u011fi\u015febilir. Mama ile birlikte her zaman taze ve temiz su bulundurunuz. Serin ve kuru yerde saklay\u0131n\u0131z.","og_url":"https:\/\/anadolupet.com.tr\/en\/product\/lavital-kuzu-etli-kisirlastilmis-sterilised-yetiskin-kedi-mamasi-12kg\/","og_site_name":"Anadolu Pet Grup","article_modified_time":"2026-02-23T12:49:11+00:00","og_image":[{"width":750,"height":750,"url":"https:\/\/anadolupet.com.tr\/wp-content\/uploads\/2026\/02\/800-103848_3.jpg","type":"image\/jpeg"}],"twitter_card":"summary_large_image","schema":{"@context":"https:\/\/schema.org","@graph":[{"@type":"WebPage","@id":"https:\/\/anadolupet.com.tr\/urun\/lavital-kuzu-etli-kisirlastilmis-sterilised-yetiskin-kedi-mamasi-12kg\/","url":"https:\/\/anadolupet.com.tr\/urun\/lavital-kuzu-etli-kisirlastilmis-sterilised-yetiskin-kedi-mamasi-12kg\/","name":"LaVital Kuzu Etli K\u0131s\u0131rla\u015ft\u0131lm\u0131\u015f (Sterilised) Yeti\u015fkin Kedi Mamas\u0131 12kg - Anadolu Pet Grup","isPartOf":{"@id":"https:\/\/anadolupet.com.tr\/#website"},"primaryImageOfPage":{"@id":"https:\/\/anadolupet.com.tr\/urun\/lavital-kuzu-etli-kisirlastilmis-sterilised-yetiskin-kedi-mamasi-12kg\/#primaryimage"},"image":{"@id":"https:\/\/anadolupet.com.tr\/urun\/lavital-kuzu-etli-kisirlastilmis-sterilised-yetiskin-kedi-mamasi-12kg\/#primaryimage"},"thumbnailUrl":"https:\/\/anadolupet.com.tr\/wp-content\/uploads\/2026\/02\/800-103848_3.jpg","datePublished":"2026-02-14T14:42:11+00:00","dateModified":"2026-02-23T12:49:11+00:00","breadcrumb":{"@id":"https:\/\/anadolupet.com.tr\/urun\/lavital-kuzu-etli-kisirlastilmis-sterilised-yetiskin-kedi-mamasi-12kg\/#breadcrumb"},"inLanguage":"en-US","potentialAction":[{"@type":"ReadAction","target":["https:\/\/anadolupet.com.tr\/urun\/lavital-kuzu-etli-kisirlastilmis-sterilised-yetiskin-kedi-mamasi-12kg\/"]}]},{"@type":"ImageObject","inLanguage":"en-US","@id":"https:\/\/anadolupet.com.tr\/urun\/lavital-kuzu-etli-kisirlastilmis-sterilised-yetiskin-kedi-mamasi-12kg\/#primaryimage","url":"https:\/\/anadolupet.com.tr\/wp-content\/uploads\/2026\/02\/800-103848_3.jpg","contentUrl":"https:\/\/anadolupet.com.tr\/wp-content\/uploads\/2026\/02\/800-103848_3.jpg","width":750,"height":750},{"@type":"BreadcrumbList","@id":"https:\/\/anadolupet.com.tr\/urun\/lavital-kuzu-etli-kisirlastilmis-sterilised-yetiskin-kedi-mamasi-12kg\/#breadcrumb","itemListElement":[{"@type":"ListItem","position":1,"name":"Anasayfa","item":"https:\/\/anadolupet.com.tr\/"},{"@type":"ListItem","position":2,"name":"\u00dcr\u00fcnler","item":"https:\/\/anadolupet.com.tr\/urunler\/"},{"@type":"ListItem","position":3,"name":"LaVital Kuzu Etli K\u0131s\u0131rla\u015ft\u0131lm\u0131\u015f (Sterilised) Yeti\u015fkin Kedi Mamas\u0131 12kg"}]},{"@type":"WebSite","@id":"https:\/\/anadolupet.com.tr\/#website","url":"https:\/\/anadolupet.com.tr\/","name":"Anadolu Pet Group","description":"We Stand Together for the Well-Being of Every Life","publisher":{"@id":"https:\/\/anadolupet.com.tr\/#organization"},"potentialAction":[{"@type":"SearchAction","target":{"@type":"EntryPoint","urlTemplate":"https:\/\/anadolupet.com.tr\/?s={search_term_string}"},"query-input":{"@type":"PropertyValueSpecification","valueRequired":true,"valueName":"search_term_string"}}],"inLanguage":"en-US"},{"@type":"Organization","@id":"https:\/\/anadolupet.com.tr\/#organization","name":"Anadolu Pet Group","alternateName":"Anadolu Pet","url":"https:\/\/anadolupet.com.tr\/","logo":{"@type":"ImageObject","inLanguage":"en-US","@id":"https:\/\/anadolupet.com.tr\/#\/schema\/logo\/image\/","url":"https:\/\/anadolupet.com.tr\/wp-content\/uploads\/2026\/03\/1614666743370.jpg","contentUrl":"https:\/\/anadolupet.com.tr\/wp-content\/uploads\/2026\/03\/1614666743370.jpg","width":800,"height":571,"caption":"Anadolu Pet Grup"},"image":{"@id":"https:\/\/anadolupet.com.tr\/#\/schema\/logo\/image\/"}}]}},"_links":{"self":[{"href":"https:\/\/anadolupet.com.tr\/en\/wp-json\/wp\/v2\/product\/45654","targetHints":{"allow":["GET"]}}],"collection":[{"href":"https:\/\/anadolupet.com.tr\/en\/wp-json\/wp\/v2\/product"}],"about":[{"href":"https:\/\/anadolupet.com.tr\/en\/wp-json\/wp\/v2\/types\/product"}],"replies":[{"embeddable":true,"href":"https:\/\/anadolupet.com.tr\/en\/wp-json\/wp\/v2\/comments?post=45654"}],"wp:featuredmedia":[{"embeddable":true,"href":"https:\/\/anadolupet.com.tr\/en\/wp-json\/wp\/v2\/media\/44466"}],"wp:attachment":[{"href":"https:\/\/anadolupet.com.tr\/en\/wp-json\/wp\/v2\/media?parent=45654"}],"wp:term":[{"taxonomy":"product_brand","embeddable":true,"href":"https:\/\/anadolupet.com.tr\/en\/wp-json\/wp\/v2\/product_brand?post=45654"},{"taxonomy":"product_cat","embeddable":true,"href":"https:\/\/anadolupet.com.tr\/en\/wp-json\/wp\/v2\/product_cat?post=45654"},{"taxonomy":"product_tag","embeddable":true,"href":"https:\/\/anadolupet.com.tr\/en\/wp-json\/wp\/v2\/product_tag?post=45654"}],"curies":[{"name":"wp","href":"https:\/\/api.w.org\/{rel}","templated":true}]}}