{"id":45668,"date":"2026-02-14T14:42:13","date_gmt":"2026-02-14T14:42:13","guid":{"rendered":"https:\/\/anadolupet.com.tr\/urun\/kong-squigles-tavsan-figurlu-pelus-kopek-oyuncagi-s\/"},"modified":"2026-02-23T12:49:12","modified_gmt":"2026-02-23T12:49:12","slug":"kong-squigles-tavsan-figurlu-pelus-kopek-oyuncagi-s","status":"publish","type":"product","link":"https:\/\/anadolupet.com.tr\/en\/urun\/kong-squigles-tavsan-figurlu-pelus-kopek-oyuncagi-s\/","title":{"rendered":"KONG Squigles Tav\u015fan Fig\u00fcrl\u00fc Pelu\u015f K\u00f6pek Oyunca\u011f\u0131 S"},"content":{"rendered":"","protected":false},"excerpt":{"rendered":"<p>KONG Squiggles Tav\u015fan Fig\u00fcrl\u00fc Pelu\u015f K\u00f6pek Oyunca\u011f\u0131, k\u00f6peklerin \u00e7i\u011fneme, \u00e7eki\u015ftirme ve ta\u015f\u0131ma gibi do\u011fal oyun davran\u0131\u015flar\u0131n\u0131 desteklemek \u00fczere tasarlanm\u0131\u015f, esnek yap\u0131l\u0131 bir pelu\u015f oyuncakt\u0131r. Elastik g\u00f6vdesi, \u00e7eki\u015ftirme oyunlar\u0131n\u0131 daha dinamik h\u00e2le getirirken; yumu\u015fak pelu\u015f y\u00fczeyi di\u015f ve di\u015f etlerine kar\u015f\u0131 nazik bir kullan\u0131m sunar.<br \/>\nSevimli tav\u015fan fig\u00fcr\u00fc, oyunca\u011f\u0131n k\u00f6pek taraf\u0131ndan kolayca fark edilmesini sa\u011flarken; i\u00e7 k\u0131sm\u0131nda yer alan ses \u00e7\u0131karan mekanizma, ilgiyi canl\u0131 tutarak oyun s\u00fcresinin uzamas\u0131na yard\u0131mc\u0131 olur. Hafif ve esnek yap\u0131s\u0131 sayesinde hem bireysel oyunlar hem de k\u00f6pekle etkile\u015fimli oyunlar i\u00e7in uygundur.<\/p>","protected":false},"featured_media":43884,"comment_status":"open","ping_status":"closed","template":"","meta":{"_acf_changed":false},"product_brand":[],"product_cat":[3835],"product_tag":[],"class_list":{"0":"post-45668","1":"product","2":"type-product","3":"status-publish","4":"has-post-thumbnail","6":"product_cat-oyuncaklari","8":"first","9":"instock","10":"shipping-taxable","11":"product-type-simple"},"acf":[],"yoast_head":"<!-- This site is optimized with the Yoast SEO plugin v27.5 - https:\/\/yoast.com\/product\/yoast-seo-wordpress\/ -->\n<title>KONG Squigles Tav\u015fan Fig\u00fcrl\u00fc Pelu\u015f K\u00f6pek Oyunca\u011f\u0131 S - Anadolu Pet Grup<\/title>\n<meta name=\"robots\" content=\"index, follow, max-snippet:-1, max-image-preview:large, max-video-preview:-1\" \/>\n<link rel=\"canonical\" href=\"https:\/\/anadolupet.com.tr\/en\/product\/kong-squigles-tavsan-figurlu-pelus-kopek-oyuncagi-s\/\" \/>\n<meta property=\"og:locale\" content=\"en_US\" \/>\n<meta property=\"og:type\" content=\"article\" \/>\n<meta property=\"og:title\" content=\"KONG Squigles Tav\u015fan Fig\u00fcrl\u00fc Pelu\u015f K\u00f6pek Oyunca\u011f\u0131 S - Anadolu Pet Grup\" \/>\n<meta property=\"og:description\" content=\"KONG Squiggles Tav\u015fan Fig\u00fcrl\u00fc Pelu\u015f K\u00f6pek Oyunca\u011f\u0131, k\u00f6peklerin \u00e7i\u011fneme, \u00e7eki\u015ftirme ve ta\u015f\u0131ma gibi do\u011fal oyun davran\u0131\u015flar\u0131n\u0131 desteklemek \u00fczere tasarlanm\u0131\u015f, esnek yap\u0131l\u0131 bir pelu\u015f oyuncakt\u0131r. Elastik g\u00f6vdesi, \u00e7eki\u015ftirme oyunlar\u0131n\u0131 daha dinamik h\u00e2le getirirken; yumu\u015fak pelu\u015f y\u00fczeyi di\u015f ve di\u015f etlerine kar\u015f\u0131 nazik bir kullan\u0131m sunar. Sevimli tav\u015fan fig\u00fcr\u00fc, oyunca\u011f\u0131n k\u00f6pek taraf\u0131ndan kolayca fark edilmesini sa\u011flarken; i\u00e7 k\u0131sm\u0131nda yer alan ses \u00e7\u0131karan mekanizma, ilgiyi canl\u0131 tutarak oyun s\u00fcresinin uzamas\u0131na yard\u0131mc\u0131 olur. Hafif ve esnek yap\u0131s\u0131 sayesinde hem bireysel oyunlar hem de k\u00f6pekle etkile\u015fimli oyunlar i\u00e7in uygundur.\" \/>\n<meta property=\"og:url\" content=\"https:\/\/anadolupet.com.tr\/en\/product\/kong-squigles-tavsan-figurlu-pelus-kopek-oyuncagi-s\/\" \/>\n<meta property=\"og:site_name\" content=\"Anadolu Pet Grup\" \/>\n<meta property=\"article:modified_time\" content=\"2026-02-23T12:49:12+00:00\" \/>\n<meta property=\"og:image\" content=\"https:\/\/anadolupet.com.tr\/wp-content\/uploads\/2026\/02\/390-SQ3E.jpg\" \/>\n\t<meta property=\"og:image:width\" content=\"750\" \/>\n\t<meta property=\"og:image:height\" content=\"750\" \/>\n\t<meta property=\"og:image:type\" content=\"image\/jpeg\" \/>\n<meta name=\"twitter:card\" content=\"summary_large_image\" \/>\n<script type=\"application\/ld+json\" class=\"yoast-schema-graph\">{\"@context\":\"https:\\\/\\\/schema.org\",\"@graph\":[{\"@type\":\"WebPage\",\"@id\":\"https:\\\/\\\/anadolupet.com.tr\\\/urun\\\/kong-squigles-tavsan-figurlu-pelus-kopek-oyuncagi-s\\\/\",\"url\":\"https:\\\/\\\/anadolupet.com.tr\\\/urun\\\/kong-squigles-tavsan-figurlu-pelus-kopek-oyuncagi-s\\\/\",\"name\":\"KONG Squigles Tav\u015fan Fig\u00fcrl\u00fc Pelu\u015f K\u00f6pek Oyunca\u011f\u0131 S - Anadolu Pet Grup\",\"isPartOf\":{\"@id\":\"https:\\\/\\\/anadolupet.com.tr\\\/#website\"},\"primaryImageOfPage\":{\"@id\":\"https:\\\/\\\/anadolupet.com.tr\\\/urun\\\/kong-squigles-tavsan-figurlu-pelus-kopek-oyuncagi-s\\\/#primaryimage\"},\"image\":{\"@id\":\"https:\\\/\\\/anadolupet.com.tr\\\/urun\\\/kong-squigles-tavsan-figurlu-pelus-kopek-oyuncagi-s\\\/#primaryimage\"},\"thumbnailUrl\":\"https:\\\/\\\/anadolupet.com.tr\\\/wp-content\\\/uploads\\\/2026\\\/02\\\/390-SQ3E.jpg\",\"datePublished\":\"2026-02-14T14:42:13+00:00\",\"dateModified\":\"2026-02-23T12:49:12+00:00\",\"breadcrumb\":{\"@id\":\"https:\\\/\\\/anadolupet.com.tr\\\/urun\\\/kong-squigles-tavsan-figurlu-pelus-kopek-oyuncagi-s\\\/#breadcrumb\"},\"inLanguage\":\"en-US\",\"potentialAction\":[{\"@type\":\"ReadAction\",\"target\":[\"https:\\\/\\\/anadolupet.com.tr\\\/urun\\\/kong-squigles-tavsan-figurlu-pelus-kopek-oyuncagi-s\\\/\"]}]},{\"@type\":\"ImageObject\",\"inLanguage\":\"en-US\",\"@id\":\"https:\\\/\\\/anadolupet.com.tr\\\/urun\\\/kong-squigles-tavsan-figurlu-pelus-kopek-oyuncagi-s\\\/#primaryimage\",\"url\":\"https:\\\/\\\/anadolupet.com.tr\\\/wp-content\\\/uploads\\\/2026\\\/02\\\/390-SQ3E.jpg\",\"contentUrl\":\"https:\\\/\\\/anadolupet.com.tr\\\/wp-content\\\/uploads\\\/2026\\\/02\\\/390-SQ3E.jpg\",\"width\":750,\"height\":750},{\"@type\":\"BreadcrumbList\",\"@id\":\"https:\\\/\\\/anadolupet.com.tr\\\/urun\\\/kong-squigles-tavsan-figurlu-pelus-kopek-oyuncagi-s\\\/#breadcrumb\",\"itemListElement\":[{\"@type\":\"ListItem\",\"position\":1,\"name\":\"Anasayfa\",\"item\":\"https:\\\/\\\/anadolupet.com.tr\\\/\"},{\"@type\":\"ListItem\",\"position\":2,\"name\":\"\u00dcr\u00fcnler\",\"item\":\"https:\\\/\\\/anadolupet.com.tr\\\/urunler\\\/\"},{\"@type\":\"ListItem\",\"position\":3,\"name\":\"KONG Squigles Tav\u015fan Fig\u00fcrl\u00fc Pelu\u015f K\u00f6pek Oyunca\u011f\u0131 S\"}]},{\"@type\":\"WebSite\",\"@id\":\"https:\\\/\\\/anadolupet.com.tr\\\/#website\",\"url\":\"https:\\\/\\\/anadolupet.com.tr\\\/\",\"name\":\"Anadolu Pet Grup\",\"description\":\"Her Can\u0131n \u0130yi Ya\u015fam\u0131 \u0130\u00e7in Biraraday\u0131z\",\"publisher\":{\"@id\":\"https:\\\/\\\/anadolupet.com.tr\\\/#organization\"},\"potentialAction\":[{\"@type\":\"SearchAction\",\"target\":{\"@type\":\"EntryPoint\",\"urlTemplate\":\"https:\\\/\\\/anadolupet.com.tr\\\/?s={search_term_string}\"},\"query-input\":{\"@type\":\"PropertyValueSpecification\",\"valueRequired\":true,\"valueName\":\"search_term_string\"}}],\"inLanguage\":\"en-US\"},{\"@type\":\"Organization\",\"@id\":\"https:\\\/\\\/anadolupet.com.tr\\\/#organization\",\"name\":\"Anadolu Pet Grup\",\"alternateName\":\"Anadolu Pet\",\"url\":\"https:\\\/\\\/anadolupet.com.tr\\\/\",\"logo\":{\"@type\":\"ImageObject\",\"inLanguage\":\"en-US\",\"@id\":\"https:\\\/\\\/anadolupet.com.tr\\\/#\\\/schema\\\/logo\\\/image\\\/\",\"url\":\"https:\\\/\\\/anadolupet.com.tr\\\/wp-content\\\/uploads\\\/2026\\\/03\\\/1614666743370.jpg\",\"contentUrl\":\"https:\\\/\\\/anadolupet.com.tr\\\/wp-content\\\/uploads\\\/2026\\\/03\\\/1614666743370.jpg\",\"width\":800,\"height\":571,\"caption\":\"Anadolu Pet Grup\"},\"image\":{\"@id\":\"https:\\\/\\\/anadolupet.com.tr\\\/#\\\/schema\\\/logo\\\/image\\\/\"}}]}<\/script>\n<!-- \/ Yoast SEO plugin. -->","yoast_head_json":{"title":"KONG Squigles Tav\u015fan Fig\u00fcrl\u00fc Pelu\u015f K\u00f6pek Oyunca\u011f\u0131 S - Anadolu Pet Grup","robots":{"index":"index","follow":"follow","max-snippet":"max-snippet:-1","max-image-preview":"max-image-preview:large","max-video-preview":"max-video-preview:-1"},"canonical":"https:\/\/anadolupet.com.tr\/en\/product\/kong-squigles-tavsan-figurlu-pelus-kopek-oyuncagi-s\/","og_locale":"en_US","og_type":"article","og_title":"KONG Squigles Tav\u015fan Fig\u00fcrl\u00fc Pelu\u015f K\u00f6pek Oyunca\u011f\u0131 S - Anadolu Pet Grup","og_description":"KONG Squiggles Tav\u015fan Fig\u00fcrl\u00fc Pelu\u015f K\u00f6pek Oyunca\u011f\u0131, k\u00f6peklerin \u00e7i\u011fneme, \u00e7eki\u015ftirme ve ta\u015f\u0131ma gibi do\u011fal oyun davran\u0131\u015flar\u0131n\u0131 desteklemek \u00fczere tasarlanm\u0131\u015f, esnek yap\u0131l\u0131 bir pelu\u015f oyuncakt\u0131r. Elastik g\u00f6vdesi, \u00e7eki\u015ftirme oyunlar\u0131n\u0131 daha dinamik h\u00e2le getirirken; yumu\u015fak pelu\u015f y\u00fczeyi di\u015f ve di\u015f etlerine kar\u015f\u0131 nazik bir kullan\u0131m sunar. Sevimli tav\u015fan fig\u00fcr\u00fc, oyunca\u011f\u0131n k\u00f6pek taraf\u0131ndan kolayca fark edilmesini sa\u011flarken; i\u00e7 k\u0131sm\u0131nda yer alan ses \u00e7\u0131karan mekanizma, ilgiyi canl\u0131 tutarak oyun s\u00fcresinin uzamas\u0131na yard\u0131mc\u0131 olur. Hafif ve esnek yap\u0131s\u0131 sayesinde hem bireysel oyunlar hem de k\u00f6pekle etkile\u015fimli oyunlar i\u00e7in uygundur.","og_url":"https:\/\/anadolupet.com.tr\/en\/product\/kong-squigles-tavsan-figurlu-pelus-kopek-oyuncagi-s\/","og_site_name":"Anadolu Pet Grup","article_modified_time":"2026-02-23T12:49:12+00:00","og_image":[{"width":750,"height":750,"url":"https:\/\/anadolupet.com.tr\/wp-content\/uploads\/2026\/02\/390-SQ3E.jpg","type":"image\/jpeg"}],"twitter_card":"summary_large_image","schema":{"@context":"https:\/\/schema.org","@graph":[{"@type":"WebPage","@id":"https:\/\/anadolupet.com.tr\/urun\/kong-squigles-tavsan-figurlu-pelus-kopek-oyuncagi-s\/","url":"https:\/\/anadolupet.com.tr\/urun\/kong-squigles-tavsan-figurlu-pelus-kopek-oyuncagi-s\/","name":"KONG Squigles Tav\u015fan Fig\u00fcrl\u00fc Pelu\u015f K\u00f6pek Oyunca\u011f\u0131 S - Anadolu Pet Grup","isPartOf":{"@id":"https:\/\/anadolupet.com.tr\/#website"},"primaryImageOfPage":{"@id":"https:\/\/anadolupet.com.tr\/urun\/kong-squigles-tavsan-figurlu-pelus-kopek-oyuncagi-s\/#primaryimage"},"image":{"@id":"https:\/\/anadolupet.com.tr\/urun\/kong-squigles-tavsan-figurlu-pelus-kopek-oyuncagi-s\/#primaryimage"},"thumbnailUrl":"https:\/\/anadolupet.com.tr\/wp-content\/uploads\/2026\/02\/390-SQ3E.jpg","datePublished":"2026-02-14T14:42:13+00:00","dateModified":"2026-02-23T12:49:12+00:00","breadcrumb":{"@id":"https:\/\/anadolupet.com.tr\/urun\/kong-squigles-tavsan-figurlu-pelus-kopek-oyuncagi-s\/#breadcrumb"},"inLanguage":"en-US","potentialAction":[{"@type":"ReadAction","target":["https:\/\/anadolupet.com.tr\/urun\/kong-squigles-tavsan-figurlu-pelus-kopek-oyuncagi-s\/"]}]},{"@type":"ImageObject","inLanguage":"en-US","@id":"https:\/\/anadolupet.com.tr\/urun\/kong-squigles-tavsan-figurlu-pelus-kopek-oyuncagi-s\/#primaryimage","url":"https:\/\/anadolupet.com.tr\/wp-content\/uploads\/2026\/02\/390-SQ3E.jpg","contentUrl":"https:\/\/anadolupet.com.tr\/wp-content\/uploads\/2026\/02\/390-SQ3E.jpg","width":750,"height":750},{"@type":"BreadcrumbList","@id":"https:\/\/anadolupet.com.tr\/urun\/kong-squigles-tavsan-figurlu-pelus-kopek-oyuncagi-s\/#breadcrumb","itemListElement":[{"@type":"ListItem","position":1,"name":"Anasayfa","item":"https:\/\/anadolupet.com.tr\/"},{"@type":"ListItem","position":2,"name":"\u00dcr\u00fcnler","item":"https:\/\/anadolupet.com.tr\/urunler\/"},{"@type":"ListItem","position":3,"name":"KONG Squigles Tav\u015fan Fig\u00fcrl\u00fc Pelu\u015f K\u00f6pek Oyunca\u011f\u0131 S"}]},{"@type":"WebSite","@id":"https:\/\/anadolupet.com.tr\/#website","url":"https:\/\/anadolupet.com.tr\/","name":"Anadolu Pet Group","description":"We Stand Together for the Well-Being of Every Life","publisher":{"@id":"https:\/\/anadolupet.com.tr\/#organization"},"potentialAction":[{"@type":"SearchAction","target":{"@type":"EntryPoint","urlTemplate":"https:\/\/anadolupet.com.tr\/?s={search_term_string}"},"query-input":{"@type":"PropertyValueSpecification","valueRequired":true,"valueName":"search_term_string"}}],"inLanguage":"en-US"},{"@type":"Organization","@id":"https:\/\/anadolupet.com.tr\/#organization","name":"Anadolu Pet Group","alternateName":"Anadolu Pet","url":"https:\/\/anadolupet.com.tr\/","logo":{"@type":"ImageObject","inLanguage":"en-US","@id":"https:\/\/anadolupet.com.tr\/#\/schema\/logo\/image\/","url":"https:\/\/anadolupet.com.tr\/wp-content\/uploads\/2026\/03\/1614666743370.jpg","contentUrl":"https:\/\/anadolupet.com.tr\/wp-content\/uploads\/2026\/03\/1614666743370.jpg","width":800,"height":571,"caption":"Anadolu Pet Grup"},"image":{"@id":"https:\/\/anadolupet.com.tr\/#\/schema\/logo\/image\/"}}]}},"_links":{"self":[{"href":"https:\/\/anadolupet.com.tr\/en\/wp-json\/wp\/v2\/product\/45668","targetHints":{"allow":["GET"]}}],"collection":[{"href":"https:\/\/anadolupet.com.tr\/en\/wp-json\/wp\/v2\/product"}],"about":[{"href":"https:\/\/anadolupet.com.tr\/en\/wp-json\/wp\/v2\/types\/product"}],"replies":[{"embeddable":true,"href":"https:\/\/anadolupet.com.tr\/en\/wp-json\/wp\/v2\/comments?post=45668"}],"wp:featuredmedia":[{"embeddable":true,"href":"https:\/\/anadolupet.com.tr\/en\/wp-json\/wp\/v2\/media\/43884"}],"wp:attachment":[{"href":"https:\/\/anadolupet.com.tr\/en\/wp-json\/wp\/v2\/media?parent=45668"}],"wp:term":[{"taxonomy":"product_brand","embeddable":true,"href":"https:\/\/anadolupet.com.tr\/en\/wp-json\/wp\/v2\/product_brand?post=45668"},{"taxonomy":"product_cat","embeddable":true,"href":"https:\/\/anadolupet.com.tr\/en\/wp-json\/wp\/v2\/product_cat?post=45668"},{"taxonomy":"product_tag","embeddable":true,"href":"https:\/\/anadolupet.com.tr\/en\/wp-json\/wp\/v2\/product_tag?post=45668"}],"curies":[{"name":"wp","href":"https:\/\/api.w.org\/{rel}","templated":true}]}}