{"id":45679,"date":"2026-02-14T14:42:25","date_gmt":"2026-02-14T14:42:25","guid":{"rendered":"https:\/\/anadolupet.com.tr\/urun\/lavital-kuzu-etli-kucuk-irk-yavru-kopek-mamasi-15kg\/"},"modified":"2026-02-23T12:49:23","modified_gmt":"2026-02-23T12:49:23","slug":"lavital-kuzu-etli-kucuk-irk-yavru-kopek-mamasi-15kg","status":"publish","type":"product","link":"https:\/\/anadolupet.com.tr\/en\/urun\/lavital-kuzu-etli-kucuk-irk-yavru-kopek-mamasi-15kg\/","title":{"rendered":"LaVital Kuzu Etli K\u00fc\u00e7\u00fck Irk Yavru K\u00f6pek Mamas\u0131 1,5kg"},"content":{"rendered":"","protected":false},"excerpt":{"rendered":"<p>LaVital K\u00fc\u00e7\u00fck Irk Yavru Kuzu Etli K\u00f6pek Mamas\u0131 (Mini Puppy Lamb Formula), 2 ayl\u0131k ya\u015ftan yeti\u015fkin oluncaya kadarki b\u00fcy\u00fcme d\u00f6nemde k\u00fc\u00e7\u00fck \u0131rk yavru k\u00f6peklerin b\u00fcy\u00fcme ve geli\u015fmesinin desteklenmesi i\u00e7in \u00f6zel olarak form\u00fcle edilmi\u015ftir. Bile\u015fimindeki kaliteli protein kayna\u011f\u0131, vitamin ve mineral dengesi sayesinde yavru k\u00fc\u00e7\u00fck \u0131rk k\u00f6peklerin besin madde ihtiya\u00e7lar\u0131n\u0131 eksiksiz olarak kar\u015f\u0131layacak d\u00fczeydedir. Mama tanecik yap\u0131s\u0131 ise yavrular\u0131n kolayl\u0131kla k\u0131r\u0131p par\u00e7alayabilece\u011fi \u015fekildedir.<br \/>\n\u2022 Yavrular\u0131n kemik, kas ve beyin fonksiyonlar\u0131n\u0131n geli\u015fmesini desteklemeye y\u00f6nelik kaliteli protein kayna\u011f\u0131 ve vitamin mineralleri i\u00e7ermektedir.<br \/>\n\u2022 \u0130\u00e7eri\u011finde bulunan do\u011fal antioksidanlar sayesinde serbest radikaller n\u00f6tralize edilerek h\u00fccre ve dokular korunmaktad\u0131r. B\u00f6ylelikle ba\u011f\u0131\u015f\u0131kl\u0131k sistemi ve genel sa\u011fl\u0131\u011f\u0131 g\u00fc\u00e7lendirmeye destek olur.<br \/>\n\u2022 Bile\u015fiminde bulunan kalsiyum, fosfor oran\u0131n dengeli olmas\u0131 sebebiyle kemik ve kas yap\u0131s\u0131n\u0131n g\u00fc\u00e7lenmesini desteklemektedir.<br \/>\n\u2022 Kaliteli ve sindirim oran\u0131 y\u00fcksek i\u00e7erikle form\u00fcle edilmi\u015ftir. Prebiyotik \u00f6zellik g\u00f6steren Frukto-oligasakkaritler (FOS) sayesinde ba\u011f\u0131rsak floras\u0131n\u0131n sa\u011fl\u0131\u011f\u0131n\u0131 d\u00fczenlemektedir.<br \/>\nGeneti\u011fi de\u011fi\u015ftirilmi\u015f hi\u00e7bir organizma i\u00e7ermemekle birlikte AB mevzuatlar\u0131na uygun bir kuzu etli k\u00f6pek mamas\u0131d\u0131r.<br \/>\n\u0130\u00e7eri\u011fi: \u0130\u015flenmi\u015f Hayvansal Protein (%12 Kuzu), Pirin\u00e7, M\u0131s\u0131r, Bu\u011fday, Tavuk Ya\u011f\u0131, M\u0131s\u0131r Gluteni, Bal\u0131k Protein, \u015eeker Pancar\u0131, Bal\u0131k Ya\u011f\u0131 %1, Frukto-Oligosakkaritler (FOS) %1, Kurutulmu\u015f Maya, Dikalsiyum Fosfat, Potasyum Klor\u00fcr, Sodyum Klor\u00fcr, Mojave Yucca %0,1, Prebiyotik Mannanoligosakkaritler, Beta Glukan.<br \/>\nBesleyici \u0130laveler:<br \/>\nVitamin A (3a672a) 25,000 IU\/kg, Vitamin D3 (3a671) 1,500 IU\/kg, Vitamin E (3a700) 240 mg\/kg, Demir(II) S\u00fclfat Monohidrat 274 mg\/kg (Demir (3b103) 90 mg\/kg), Bak\u0131r S\u00fclfat Pentahidrat 35,4 mg\/kg (Bak\u0131r (3b405) 9 mg\/kg), Mangan S\u00fclfat Monohidrat 30,8 mg\/kg (Mangan (3b503) 10 mg\/kg), \u00c7inko S\u00fclfat Monohidrat 274 mg(kg (\u00c7inko (3b605) 100 mg\/kg), Anhidre Kalsiyum Iyodat 2,8 mg\/kg (\u0130yot (3b203) 1,8 mg\/kg), Sodyum Selenit 0,55 mg\/kg (Selenyum (3b802) 0,25 mg\/kg). Teknolojik \u0130laveler: Antioksidanlar.<br \/>\nBesleme \u00d6nerileri:<br \/>\nMamaya, tabloda belirtilen miktarlarda ba\u015flaman\u0131z \u00f6nerilir. G\u00fcnl\u00fck miktar yol g\u00f6stericidir ve hayvan\u0131n aktivitesine, fizyolojik durumuna ve \u00e7evre s\u0131cakl\u0131\u011f\u0131na ba\u011fl\u0131 olarak de\u011fi\u015febilir. Mama ile birlikte her zaman taze ve temiz su bulundurunuz. Mamay\u0131, serin ve kuru bir yerde saklay\u0131n\u0131z.<\/p>","protected":false},"featured_media":44482,"comment_status":"open","ping_status":"closed","template":"","meta":{"_acf_changed":false},"product_brand":[],"product_cat":[2464],"product_tag":[],"class_list":{"0":"post-45679","1":"product","2":"type-product","3":"status-publish","4":"has-post-thumbnail","6":"product_cat-yetiskin-kopek-mamalari","8":"first","9":"instock","10":"shipping-taxable","11":"product-type-simple"},"acf":[],"yoast_head":"<!-- This site is optimized with the Yoast SEO plugin v27.5 - https:\/\/yoast.com\/product\/yoast-seo-wordpress\/ -->\n<title>LaVital Kuzu Etli K\u00fc\u00e7\u00fck Irk Yavru K\u00f6pek Mamas\u0131 1,5kg - Anadolu Pet Grup<\/title>\n<meta name=\"robots\" content=\"index, follow, max-snippet:-1, max-image-preview:large, max-video-preview:-1\" \/>\n<link rel=\"canonical\" href=\"https:\/\/anadolupet.com.tr\/en\/product\/lavital-kuzu-etli-kucuk-irk-yavru-kopek-mamasi-15kg\/\" \/>\n<meta property=\"og:locale\" content=\"en_US\" \/>\n<meta property=\"og:type\" content=\"article\" \/>\n<meta property=\"og:title\" content=\"LaVital Kuzu Etli K\u00fc\u00e7\u00fck Irk Yavru K\u00f6pek Mamas\u0131 1,5kg - Anadolu Pet Grup\" \/>\n<meta property=\"og:description\" content=\"LaVital K\u00fc\u00e7\u00fck Irk Yavru Kuzu Etli K\u00f6pek Mamas\u0131 (Mini Puppy Lamb Formula), 2 ayl\u0131k ya\u015ftan yeti\u015fkin oluncaya kadarki b\u00fcy\u00fcme d\u00f6nemde k\u00fc\u00e7\u00fck \u0131rk yavru k\u00f6peklerin b\u00fcy\u00fcme ve geli\u015fmesinin desteklenmesi i\u00e7in \u00f6zel olarak form\u00fcle edilmi\u015ftir. Bile\u015fimindeki kaliteli protein kayna\u011f\u0131, vitamin ve mineral dengesi sayesinde yavru k\u00fc\u00e7\u00fck \u0131rk k\u00f6peklerin besin madde ihtiya\u00e7lar\u0131n\u0131 eksiksiz olarak kar\u015f\u0131layacak d\u00fczeydedir. Mama tanecik yap\u0131s\u0131 ise yavrular\u0131n kolayl\u0131kla k\u0131r\u0131p par\u00e7alayabilece\u011fi \u015fekildedir. \u2022 Yavrular\u0131n kemik, kas ve beyin fonksiyonlar\u0131n\u0131n geli\u015fmesini desteklemeye y\u00f6nelik kaliteli protein kayna\u011f\u0131 ve vitamin mineralleri i\u00e7ermektedir. \u2022 \u0130\u00e7eri\u011finde bulunan do\u011fal antioksidanlar sayesinde serbest radikaller n\u00f6tralize edilerek h\u00fccre ve dokular korunmaktad\u0131r. B\u00f6ylelikle ba\u011f\u0131\u015f\u0131kl\u0131k sistemi ve genel sa\u011fl\u0131\u011f\u0131 g\u00fc\u00e7lendirmeye destek olur. \u2022 Bile\u015fiminde bulunan kalsiyum, fosfor oran\u0131n dengeli olmas\u0131 sebebiyle kemik ve kas yap\u0131s\u0131n\u0131n g\u00fc\u00e7lenmesini desteklemektedir. \u2022 Kaliteli ve sindirim oran\u0131 y\u00fcksek i\u00e7erikle form\u00fcle edilmi\u015ftir. Prebiyotik \u00f6zellik g\u00f6steren Frukto-oligasakkaritler (FOS) sayesinde ba\u011f\u0131rsak floras\u0131n\u0131n sa\u011fl\u0131\u011f\u0131n\u0131 d\u00fczenlemektedir. Geneti\u011fi de\u011fi\u015ftirilmi\u015f hi\u00e7bir organizma i\u00e7ermemekle birlikte AB mevzuatlar\u0131na uygun bir kuzu etli k\u00f6pek mamas\u0131d\u0131r. \u0130\u00e7eri\u011fi: \u0130\u015flenmi\u015f Hayvansal Protein (%12 Kuzu), Pirin\u00e7, M\u0131s\u0131r, Bu\u011fday, Tavuk Ya\u011f\u0131, M\u0131s\u0131r Gluteni, Bal\u0131k Protein, \u015eeker Pancar\u0131, Bal\u0131k Ya\u011f\u0131 %1, Frukto-Oligosakkaritler (FOS) %1, Kurutulmu\u015f Maya, Dikalsiyum Fosfat, Potasyum Klor\u00fcr, Sodyum Klor\u00fcr, Mojave Yucca %0,1, Prebiyotik Mannanoligosakkaritler, Beta Glukan. Besleyici \u0130laveler: Vitamin A (3a672a) 25,000 IU\/kg, Vitamin D3 (3a671) 1,500 IU\/kg, Vitamin E (3a700) 240 mg\/kg, Demir(II) S\u00fclfat Monohidrat 274 mg\/kg (Demir (3b103) 90 mg\/kg), Bak\u0131r S\u00fclfat Pentahidrat 35,4 mg\/kg (Bak\u0131r (3b405) 9 mg\/kg), Mangan S\u00fclfat Monohidrat 30,8 mg\/kg (Mangan (3b503) 10 mg\/kg), \u00c7inko S\u00fclfat Monohidrat 274 mg(kg (\u00c7inko (3b605) 100 mg\/kg), Anhidre Kalsiyum Iyodat 2,8 mg\/kg (\u0130yot (3b203) 1,8 mg\/kg), Sodyum Selenit 0,55 mg\/kg (Selenyum (3b802) 0,25 mg\/kg). Teknolojik \u0130laveler: Antioksidanlar. Besleme \u00d6nerileri: Mamaya, tabloda belirtilen miktarlarda ba\u015flaman\u0131z \u00f6nerilir. G\u00fcnl\u00fck miktar yol g\u00f6stericidir ve hayvan\u0131n aktivitesine, fizyolojik durumuna ve \u00e7evre s\u0131cakl\u0131\u011f\u0131na ba\u011fl\u0131 olarak de\u011fi\u015febilir. Mama ile birlikte her zaman taze ve temiz su bulundurunuz. Mamay\u0131, serin ve kuru bir yerde saklay\u0131n\u0131z.\" \/>\n<meta property=\"og:url\" content=\"https:\/\/anadolupet.com.tr\/en\/product\/lavital-kuzu-etli-kucuk-irk-yavru-kopek-mamasi-15kg\/\" \/>\n<meta property=\"og:site_name\" content=\"Anadolu Pet Grup\" \/>\n<meta property=\"article:modified_time\" content=\"2026-02-23T12:49:23+00:00\" \/>\n<meta property=\"og:image\" content=\"https:\/\/anadolupet.com.tr\/wp-content\/uploads\/2026\/02\/801-103898.jpg\" \/>\n\t<meta property=\"og:image:width\" content=\"750\" \/>\n\t<meta property=\"og:image:height\" content=\"750\" \/>\n\t<meta property=\"og:image:type\" content=\"image\/jpeg\" \/>\n<meta name=\"twitter:card\" content=\"summary_large_image\" \/>\n<script type=\"application\/ld+json\" class=\"yoast-schema-graph\">{\"@context\":\"https:\\\/\\\/schema.org\",\"@graph\":[{\"@type\":\"WebPage\",\"@id\":\"https:\\\/\\\/anadolupet.com.tr\\\/urun\\\/lavital-kuzu-etli-kucuk-irk-yavru-kopek-mamasi-15kg\\\/\",\"url\":\"https:\\\/\\\/anadolupet.com.tr\\\/urun\\\/lavital-kuzu-etli-kucuk-irk-yavru-kopek-mamasi-15kg\\\/\",\"name\":\"LaVital Kuzu Etli K\u00fc\u00e7\u00fck Irk Yavru K\u00f6pek Mamas\u0131 1,5kg - Anadolu Pet Grup\",\"isPartOf\":{\"@id\":\"https:\\\/\\\/anadolupet.com.tr\\\/#website\"},\"primaryImageOfPage\":{\"@id\":\"https:\\\/\\\/anadolupet.com.tr\\\/urun\\\/lavital-kuzu-etli-kucuk-irk-yavru-kopek-mamasi-15kg\\\/#primaryimage\"},\"image\":{\"@id\":\"https:\\\/\\\/anadolupet.com.tr\\\/urun\\\/lavital-kuzu-etli-kucuk-irk-yavru-kopek-mamasi-15kg\\\/#primaryimage\"},\"thumbnailUrl\":\"https:\\\/\\\/anadolupet.com.tr\\\/wp-content\\\/uploads\\\/2026\\\/02\\\/801-103898.jpg\",\"datePublished\":\"2026-02-14T14:42:25+00:00\",\"dateModified\":\"2026-02-23T12:49:23+00:00\",\"breadcrumb\":{\"@id\":\"https:\\\/\\\/anadolupet.com.tr\\\/urun\\\/lavital-kuzu-etli-kucuk-irk-yavru-kopek-mamasi-15kg\\\/#breadcrumb\"},\"inLanguage\":\"en-US\",\"potentialAction\":[{\"@type\":\"ReadAction\",\"target\":[\"https:\\\/\\\/anadolupet.com.tr\\\/urun\\\/lavital-kuzu-etli-kucuk-irk-yavru-kopek-mamasi-15kg\\\/\"]}]},{\"@type\":\"ImageObject\",\"inLanguage\":\"en-US\",\"@id\":\"https:\\\/\\\/anadolupet.com.tr\\\/urun\\\/lavital-kuzu-etli-kucuk-irk-yavru-kopek-mamasi-15kg\\\/#primaryimage\",\"url\":\"https:\\\/\\\/anadolupet.com.tr\\\/wp-content\\\/uploads\\\/2026\\\/02\\\/801-103898.jpg\",\"contentUrl\":\"https:\\\/\\\/anadolupet.com.tr\\\/wp-content\\\/uploads\\\/2026\\\/02\\\/801-103898.jpg\",\"width\":750,\"height\":750},{\"@type\":\"BreadcrumbList\",\"@id\":\"https:\\\/\\\/anadolupet.com.tr\\\/urun\\\/lavital-kuzu-etli-kucuk-irk-yavru-kopek-mamasi-15kg\\\/#breadcrumb\",\"itemListElement\":[{\"@type\":\"ListItem\",\"position\":1,\"name\":\"Anasayfa\",\"item\":\"https:\\\/\\\/anadolupet.com.tr\\\/\"},{\"@type\":\"ListItem\",\"position\":2,\"name\":\"\u00dcr\u00fcnler\",\"item\":\"https:\\\/\\\/anadolupet.com.tr\\\/urunler\\\/\"},{\"@type\":\"ListItem\",\"position\":3,\"name\":\"LaVital Kuzu Etli K\u00fc\u00e7\u00fck Irk Yavru K\u00f6pek Mamas\u0131 1,5kg\"}]},{\"@type\":\"WebSite\",\"@id\":\"https:\\\/\\\/anadolupet.com.tr\\\/#website\",\"url\":\"https:\\\/\\\/anadolupet.com.tr\\\/\",\"name\":\"Anadolu Pet Grup\",\"description\":\"Her Can\u0131n \u0130yi Ya\u015fam\u0131 \u0130\u00e7in Biraraday\u0131z\",\"publisher\":{\"@id\":\"https:\\\/\\\/anadolupet.com.tr\\\/#organization\"},\"potentialAction\":[{\"@type\":\"SearchAction\",\"target\":{\"@type\":\"EntryPoint\",\"urlTemplate\":\"https:\\\/\\\/anadolupet.com.tr\\\/?s={search_term_string}\"},\"query-input\":{\"@type\":\"PropertyValueSpecification\",\"valueRequired\":true,\"valueName\":\"search_term_string\"}}],\"inLanguage\":\"en-US\"},{\"@type\":\"Organization\",\"@id\":\"https:\\\/\\\/anadolupet.com.tr\\\/#organization\",\"name\":\"Anadolu Pet Grup\",\"alternateName\":\"Anadolu Pet\",\"url\":\"https:\\\/\\\/anadolupet.com.tr\\\/\",\"logo\":{\"@type\":\"ImageObject\",\"inLanguage\":\"en-US\",\"@id\":\"https:\\\/\\\/anadolupet.com.tr\\\/#\\\/schema\\\/logo\\\/image\\\/\",\"url\":\"https:\\\/\\\/anadolupet.com.tr\\\/wp-content\\\/uploads\\\/2026\\\/03\\\/1614666743370.jpg\",\"contentUrl\":\"https:\\\/\\\/anadolupet.com.tr\\\/wp-content\\\/uploads\\\/2026\\\/03\\\/1614666743370.jpg\",\"width\":800,\"height\":571,\"caption\":\"Anadolu Pet Grup\"},\"image\":{\"@id\":\"https:\\\/\\\/anadolupet.com.tr\\\/#\\\/schema\\\/logo\\\/image\\\/\"}}]}<\/script>\n<!-- \/ Yoast SEO plugin. -->","yoast_head_json":{"title":"LaVital Kuzu Etli K\u00fc\u00e7\u00fck Irk Yavru K\u00f6pek Mamas\u0131 1,5kg - Anadolu Pet Grup","robots":{"index":"index","follow":"follow","max-snippet":"max-snippet:-1","max-image-preview":"max-image-preview:large","max-video-preview":"max-video-preview:-1"},"canonical":"https:\/\/anadolupet.com.tr\/en\/product\/lavital-kuzu-etli-kucuk-irk-yavru-kopek-mamasi-15kg\/","og_locale":"en_US","og_type":"article","og_title":"LaVital Kuzu Etli K\u00fc\u00e7\u00fck Irk Yavru K\u00f6pek Mamas\u0131 1,5kg - Anadolu Pet Grup","og_description":"LaVital K\u00fc\u00e7\u00fck Irk Yavru Kuzu Etli K\u00f6pek Mamas\u0131 (Mini Puppy Lamb Formula), 2 ayl\u0131k ya\u015ftan yeti\u015fkin oluncaya kadarki b\u00fcy\u00fcme d\u00f6nemde k\u00fc\u00e7\u00fck \u0131rk yavru k\u00f6peklerin b\u00fcy\u00fcme ve geli\u015fmesinin desteklenmesi i\u00e7in \u00f6zel olarak form\u00fcle edilmi\u015ftir. Bile\u015fimindeki kaliteli protein kayna\u011f\u0131, vitamin ve mineral dengesi sayesinde yavru k\u00fc\u00e7\u00fck \u0131rk k\u00f6peklerin besin madde ihtiya\u00e7lar\u0131n\u0131 eksiksiz olarak kar\u015f\u0131layacak d\u00fczeydedir. Mama tanecik yap\u0131s\u0131 ise yavrular\u0131n kolayl\u0131kla k\u0131r\u0131p par\u00e7alayabilece\u011fi \u015fekildedir. \u2022 Yavrular\u0131n kemik, kas ve beyin fonksiyonlar\u0131n\u0131n geli\u015fmesini desteklemeye y\u00f6nelik kaliteli protein kayna\u011f\u0131 ve vitamin mineralleri i\u00e7ermektedir. \u2022 \u0130\u00e7eri\u011finde bulunan do\u011fal antioksidanlar sayesinde serbest radikaller n\u00f6tralize edilerek h\u00fccre ve dokular korunmaktad\u0131r. B\u00f6ylelikle ba\u011f\u0131\u015f\u0131kl\u0131k sistemi ve genel sa\u011fl\u0131\u011f\u0131 g\u00fc\u00e7lendirmeye destek olur. \u2022 Bile\u015fiminde bulunan kalsiyum, fosfor oran\u0131n dengeli olmas\u0131 sebebiyle kemik ve kas yap\u0131s\u0131n\u0131n g\u00fc\u00e7lenmesini desteklemektedir. \u2022 Kaliteli ve sindirim oran\u0131 y\u00fcksek i\u00e7erikle form\u00fcle edilmi\u015ftir. Prebiyotik \u00f6zellik g\u00f6steren Frukto-oligasakkaritler (FOS) sayesinde ba\u011f\u0131rsak floras\u0131n\u0131n sa\u011fl\u0131\u011f\u0131n\u0131 d\u00fczenlemektedir. Geneti\u011fi de\u011fi\u015ftirilmi\u015f hi\u00e7bir organizma i\u00e7ermemekle birlikte AB mevzuatlar\u0131na uygun bir kuzu etli k\u00f6pek mamas\u0131d\u0131r. \u0130\u00e7eri\u011fi: \u0130\u015flenmi\u015f Hayvansal Protein (%12 Kuzu), Pirin\u00e7, M\u0131s\u0131r, Bu\u011fday, Tavuk Ya\u011f\u0131, M\u0131s\u0131r Gluteni, Bal\u0131k Protein, \u015eeker Pancar\u0131, Bal\u0131k Ya\u011f\u0131 %1, Frukto-Oligosakkaritler (FOS) %1, Kurutulmu\u015f Maya, Dikalsiyum Fosfat, Potasyum Klor\u00fcr, Sodyum Klor\u00fcr, Mojave Yucca %0,1, Prebiyotik Mannanoligosakkaritler, Beta Glukan. Besleyici \u0130laveler: Vitamin A (3a672a) 25,000 IU\/kg, Vitamin D3 (3a671) 1,500 IU\/kg, Vitamin E (3a700) 240 mg\/kg, Demir(II) S\u00fclfat Monohidrat 274 mg\/kg (Demir (3b103) 90 mg\/kg), Bak\u0131r S\u00fclfat Pentahidrat 35,4 mg\/kg (Bak\u0131r (3b405) 9 mg\/kg), Mangan S\u00fclfat Monohidrat 30,8 mg\/kg (Mangan (3b503) 10 mg\/kg), \u00c7inko S\u00fclfat Monohidrat 274 mg(kg (\u00c7inko (3b605) 100 mg\/kg), Anhidre Kalsiyum Iyodat 2,8 mg\/kg (\u0130yot (3b203) 1,8 mg\/kg), Sodyum Selenit 0,55 mg\/kg (Selenyum (3b802) 0,25 mg\/kg). Teknolojik \u0130laveler: Antioksidanlar. Besleme \u00d6nerileri: Mamaya, tabloda belirtilen miktarlarda ba\u015flaman\u0131z \u00f6nerilir. G\u00fcnl\u00fck miktar yol g\u00f6stericidir ve hayvan\u0131n aktivitesine, fizyolojik durumuna ve \u00e7evre s\u0131cakl\u0131\u011f\u0131na ba\u011fl\u0131 olarak de\u011fi\u015febilir. Mama ile birlikte her zaman taze ve temiz su bulundurunuz. Mamay\u0131, serin ve kuru bir yerde saklay\u0131n\u0131z.","og_url":"https:\/\/anadolupet.com.tr\/en\/product\/lavital-kuzu-etli-kucuk-irk-yavru-kopek-mamasi-15kg\/","og_site_name":"Anadolu Pet Grup","article_modified_time":"2026-02-23T12:49:23+00:00","og_image":[{"width":750,"height":750,"url":"https:\/\/anadolupet.com.tr\/wp-content\/uploads\/2026\/02\/801-103898.jpg","type":"image\/jpeg"}],"twitter_card":"summary_large_image","schema":{"@context":"https:\/\/schema.org","@graph":[{"@type":"WebPage","@id":"https:\/\/anadolupet.com.tr\/urun\/lavital-kuzu-etli-kucuk-irk-yavru-kopek-mamasi-15kg\/","url":"https:\/\/anadolupet.com.tr\/urun\/lavital-kuzu-etli-kucuk-irk-yavru-kopek-mamasi-15kg\/","name":"LaVital Kuzu Etli K\u00fc\u00e7\u00fck Irk Yavru K\u00f6pek Mamas\u0131 1,5kg - Anadolu Pet Grup","isPartOf":{"@id":"https:\/\/anadolupet.com.tr\/#website"},"primaryImageOfPage":{"@id":"https:\/\/anadolupet.com.tr\/urun\/lavital-kuzu-etli-kucuk-irk-yavru-kopek-mamasi-15kg\/#primaryimage"},"image":{"@id":"https:\/\/anadolupet.com.tr\/urun\/lavital-kuzu-etli-kucuk-irk-yavru-kopek-mamasi-15kg\/#primaryimage"},"thumbnailUrl":"https:\/\/anadolupet.com.tr\/wp-content\/uploads\/2026\/02\/801-103898.jpg","datePublished":"2026-02-14T14:42:25+00:00","dateModified":"2026-02-23T12:49:23+00:00","breadcrumb":{"@id":"https:\/\/anadolupet.com.tr\/urun\/lavital-kuzu-etli-kucuk-irk-yavru-kopek-mamasi-15kg\/#breadcrumb"},"inLanguage":"en-US","potentialAction":[{"@type":"ReadAction","target":["https:\/\/anadolupet.com.tr\/urun\/lavital-kuzu-etli-kucuk-irk-yavru-kopek-mamasi-15kg\/"]}]},{"@type":"ImageObject","inLanguage":"en-US","@id":"https:\/\/anadolupet.com.tr\/urun\/lavital-kuzu-etli-kucuk-irk-yavru-kopek-mamasi-15kg\/#primaryimage","url":"https:\/\/anadolupet.com.tr\/wp-content\/uploads\/2026\/02\/801-103898.jpg","contentUrl":"https:\/\/anadolupet.com.tr\/wp-content\/uploads\/2026\/02\/801-103898.jpg","width":750,"height":750},{"@type":"BreadcrumbList","@id":"https:\/\/anadolupet.com.tr\/urun\/lavital-kuzu-etli-kucuk-irk-yavru-kopek-mamasi-15kg\/#breadcrumb","itemListElement":[{"@type":"ListItem","position":1,"name":"Anasayfa","item":"https:\/\/anadolupet.com.tr\/"},{"@type":"ListItem","position":2,"name":"\u00dcr\u00fcnler","item":"https:\/\/anadolupet.com.tr\/urunler\/"},{"@type":"ListItem","position":3,"name":"LaVital Kuzu Etli K\u00fc\u00e7\u00fck Irk Yavru K\u00f6pek Mamas\u0131 1,5kg"}]},{"@type":"WebSite","@id":"https:\/\/anadolupet.com.tr\/#website","url":"https:\/\/anadolupet.com.tr\/","name":"Anadolu Pet Group","description":"We Stand Together for the Well-Being of Every Life","publisher":{"@id":"https:\/\/anadolupet.com.tr\/#organization"},"potentialAction":[{"@type":"SearchAction","target":{"@type":"EntryPoint","urlTemplate":"https:\/\/anadolupet.com.tr\/?s={search_term_string}"},"query-input":{"@type":"PropertyValueSpecification","valueRequired":true,"valueName":"search_term_string"}}],"inLanguage":"en-US"},{"@type":"Organization","@id":"https:\/\/anadolupet.com.tr\/#organization","name":"Anadolu Pet Group","alternateName":"Anadolu Pet","url":"https:\/\/anadolupet.com.tr\/","logo":{"@type":"ImageObject","inLanguage":"en-US","@id":"https:\/\/anadolupet.com.tr\/#\/schema\/logo\/image\/","url":"https:\/\/anadolupet.com.tr\/wp-content\/uploads\/2026\/03\/1614666743370.jpg","contentUrl":"https:\/\/anadolupet.com.tr\/wp-content\/uploads\/2026\/03\/1614666743370.jpg","width":800,"height":571,"caption":"Anadolu Pet Grup"},"image":{"@id":"https:\/\/anadolupet.com.tr\/#\/schema\/logo\/image\/"}}]}},"_links":{"self":[{"href":"https:\/\/anadolupet.com.tr\/en\/wp-json\/wp\/v2\/product\/45679","targetHints":{"allow":["GET"]}}],"collection":[{"href":"https:\/\/anadolupet.com.tr\/en\/wp-json\/wp\/v2\/product"}],"about":[{"href":"https:\/\/anadolupet.com.tr\/en\/wp-json\/wp\/v2\/types\/product"}],"replies":[{"embeddable":true,"href":"https:\/\/anadolupet.com.tr\/en\/wp-json\/wp\/v2\/comments?post=45679"}],"wp:featuredmedia":[{"embeddable":true,"href":"https:\/\/anadolupet.com.tr\/en\/wp-json\/wp\/v2\/media\/44482"}],"wp:attachment":[{"href":"https:\/\/anadolupet.com.tr\/en\/wp-json\/wp\/v2\/media?parent=45679"}],"wp:term":[{"taxonomy":"product_brand","embeddable":true,"href":"https:\/\/anadolupet.com.tr\/en\/wp-json\/wp\/v2\/product_brand?post=45679"},{"taxonomy":"product_cat","embeddable":true,"href":"https:\/\/anadolupet.com.tr\/en\/wp-json\/wp\/v2\/product_cat?post=45679"},{"taxonomy":"product_tag","embeddable":true,"href":"https:\/\/anadolupet.com.tr\/en\/wp-json\/wp\/v2\/product_tag?post=45679"}],"curies":[{"name":"wp","href":"https:\/\/api.w.org\/{rel}","templated":true}]}}