{"id":45684,"date":"2026-02-14T14:42:26","date_gmt":"2026-02-14T14:42:26","guid":{"rendered":"https:\/\/anadolupet.com.tr\/?post_type=product&#038;p=45684"},"modified":"2026-02-23T12:49:23","modified_gmt":"2026-02-23T12:49:23","slug":"lavital-kuzu-etli-orta-buyuk-irk-yetiskin-kopek-mamasi-3kg","status":"publish","type":"product","link":"https:\/\/anadolupet.com.tr\/en\/urun\/lavital-kuzu-etli-orta-buyuk-irk-yetiskin-kopek-mamasi-3kg\/","title":{"rendered":"LaVital Kuzu Etli Orta-B\u00fcy\u00fck Irk Yeti\u015fkin K\u00f6pek Mamas\u0131 3kg"},"content":{"rendered":"","protected":false},"excerpt":{"rendered":"<p>15 ay \u00fczeri b\u00fcy\u00fck \u0131rk k\u00f6peklerin sa\u011fl\u0131kl\u0131 ya\u015famalar\u0131n\u0131 desteklemek ve \u00f6zel ihtiya\u00e7lar\u0131n\u0131 kar\u015f\u0131lamak i\u00e7in form\u00fcle edilmi\u015ftir. B\u00fcy\u00fck \u0131rk k\u00f6peklerin iri c\u00fcsseleri nedeniyle eklemlerine olduk\u00e7a fazla y\u00fck binmektedir. Bu nedenle LaVital Maxi Adult Lamb Formula, eklem ve kemik sa\u011fl\u0131\u011f\u0131n\u0131 destekleyen \u00f6zel i\u00e7eriklerle zenginle\u015ftirilmi\u015ftir. Ayn\u0131 zamanda, vitamin ihtiyac\u0131n\u0131 en \u00fcst seviyede kar\u015f\u0131layarak deri ve t\u00fcy sa\u011fl\u0131\u011f\u0131na katk\u0131da bulunur.<br \/>\n1- Kolay sindirilir: Kaliteli ve sindirim oran\u0131 y\u00fcksek i\u00e7erikle form\u00fcle edilmi\u015ftir. Ba\u011f\u0131rsak aktivitesini destekleyen bir prebiyotik olan frukto-oligosakkarit i\u00e7erir.<br \/>\n2- Ba\u011f\u0131\u015f\u0131kl\u0131k Sistemi Korumas\u0131: \u00d6zel se\u00e7ilmi\u015f do\u011fal antioksidanlar, serbest radikallerle sava\u015farak ba\u011f\u0131\u015f\u0131kl\u0131k sistemini destekler.<br \/>\n3- Eklem ve Kemik Deste\u011fi: \u00d6zel form\u00fcl\u00fcyle eklemleri destekler ve genel kemik sa\u011fl\u0131\u011f\u0131n\u0131 g\u00fc\u00e7lendirir.<br \/>\n4- GDO \u0130\u00e7ermez: Se\u00e7ilen i\u00e7erik geneti\u011fi de\u011fi\u015ftirilmi\u015f organizma i\u00e7ermez. AB mevzuat\u0131na g\u00f6re.<br \/>\n\u0130\u00c7ER\u0130K: Pirin\u00e7 %20, M\u0131s\u0131r, Bu\u011fday, \u0130\u015flenmi\u015f Hayvansal Protein (%10 Kuzu), M\u0131s\u0131r Gluteni, Tavuk ya\u011f\u0131, \u015eeker Pancar\u0131 Posas\u0131, Frukto-oligosakkaritler %0,5, kurutulmu\u015f mayalar, dikalsiyum fosfat, potasyum klor\u00fcr, sodium klor\u00fcr, Mojave yucca, glukozamin (500mg\/kg)<br \/>\nANAL\u0130T\u0130K B\u0130LE\u015eENLER: Protein: %24, Ya\u011f \u0130\u00e7eri\u011fi: %11 Ham Sel\u00fcloz: %3, Ham K\u00fcl: %8, Kalsiyum: %1, Fosfor: %0.85<br \/>\nBesinsel Katk\u0131lar: Vitamin A(3a672a) 25,000 IU\/kg, Vitamin D3(3a671) 1,500 IU\/kg, Vitamin E(3a700) 240 mg\/kg, Demir(II) s\u00fclfat monohidrat 274 mg\/kg(Demir(3b103) 90 mg\/kg), Bak\u0131r s\u00fclfat pentahidrat 35,4 mg\/kg (Bak\u0131r(3b405) 9 mg\/kg), Mangan s\u00fclfat monohidrat 30,8 mg\/kg (Mangan(3b503) 10 mg\/kg), \u00c7inko s\u00fclfat monohidrat 274 mg(kg (\u00c7inko(3b605) 100 mg\/kg), Anhidre kalsiyum iyodat 2,8 mg\/kg ( \u0130yot(3b203) 1,8mg\/kg), Sodyum Selenit 0,55 mg\/kg (Selenyum(3b802) 0,25 mg\/kg).<br \/>\nTeknolojik \u0130laveler: Antioksidanlar<br \/>\nBESLEME \u00d6NER\u0130LER\u0130: Mamaya, tabloda belirtilen miktarlarda ba\u015flay\u0131n. G\u00fcnl\u00fck miktar yol g\u00f6stericidir ve hayvan\u0131n g\u00fcnl\u00fck aktivitesine, fizyolojik durumuna ve \u00c7evre s\u0131cakl\u0131\u011f\u0131na ba\u011fl\u0131 olarak de\u011fi\u015febilir. Mama ile birlikte her zaman taze ve temiz su bulundurunuz. Serin ve kuru yerde saklay\u0131n\u0131z.<\/p>","protected":false},"featured_media":44469,"comment_status":"open","ping_status":"closed","template":"","meta":{"_acf_changed":false},"product_brand":[],"product_cat":[2464],"product_tag":[],"class_list":{"0":"post-45684","1":"product","2":"type-product","3":"status-publish","4":"has-post-thumbnail","6":"product_cat-yetiskin-kopek-mamalari","8":"first","9":"instock","10":"shipping-taxable","11":"product-type-simple"},"acf":[],"yoast_head":"<!-- This site is optimized with the Yoast SEO plugin v27.5 - https:\/\/yoast.com\/product\/yoast-seo-wordpress\/ -->\n<title>LaVital Kuzu Etli Orta-B\u00fcy\u00fck Irk Yeti\u015fkin K\u00f6pek Mamas\u0131 3kg - Anadolu Pet Grup<\/title>\n<meta name=\"robots\" content=\"index, follow, max-snippet:-1, max-image-preview:large, max-video-preview:-1\" \/>\n<link rel=\"canonical\" href=\"https:\/\/anadolupet.com.tr\/en\/product\/lavital-kuzu-etli-orta-buyuk-irk-yetiskin-kopek-mamasi-3kg\/\" \/>\n<meta property=\"og:locale\" content=\"en_US\" \/>\n<meta property=\"og:type\" content=\"article\" \/>\n<meta property=\"og:title\" content=\"LaVital Kuzu Etli Orta-B\u00fcy\u00fck Irk Yeti\u015fkin K\u00f6pek Mamas\u0131 3kg - Anadolu Pet Grup\" \/>\n<meta property=\"og:description\" content=\"15 ay \u00fczeri b\u00fcy\u00fck \u0131rk k\u00f6peklerin sa\u011fl\u0131kl\u0131 ya\u015famalar\u0131n\u0131 desteklemek ve \u00f6zel ihtiya\u00e7lar\u0131n\u0131 kar\u015f\u0131lamak i\u00e7in form\u00fcle edilmi\u015ftir. B\u00fcy\u00fck \u0131rk k\u00f6peklerin iri c\u00fcsseleri nedeniyle eklemlerine olduk\u00e7a fazla y\u00fck binmektedir. Bu nedenle LaVital Maxi Adult Lamb Formula, eklem ve kemik sa\u011fl\u0131\u011f\u0131n\u0131 destekleyen \u00f6zel i\u00e7eriklerle zenginle\u015ftirilmi\u015ftir. Ayn\u0131 zamanda, vitamin ihtiyac\u0131n\u0131 en \u00fcst seviyede kar\u015f\u0131layarak deri ve t\u00fcy sa\u011fl\u0131\u011f\u0131na katk\u0131da bulunur. 1- Kolay sindirilir: Kaliteli ve sindirim oran\u0131 y\u00fcksek i\u00e7erikle form\u00fcle edilmi\u015ftir. Ba\u011f\u0131rsak aktivitesini destekleyen bir prebiyotik olan frukto-oligosakkarit i\u00e7erir. 2- Ba\u011f\u0131\u015f\u0131kl\u0131k Sistemi Korumas\u0131: \u00d6zel se\u00e7ilmi\u015f do\u011fal antioksidanlar, serbest radikallerle sava\u015farak ba\u011f\u0131\u015f\u0131kl\u0131k sistemini destekler. 3- Eklem ve Kemik Deste\u011fi: \u00d6zel form\u00fcl\u00fcyle eklemleri destekler ve genel kemik sa\u011fl\u0131\u011f\u0131n\u0131 g\u00fc\u00e7lendirir. 4- GDO \u0130\u00e7ermez: Se\u00e7ilen i\u00e7erik geneti\u011fi de\u011fi\u015ftirilmi\u015f organizma i\u00e7ermez. AB mevzuat\u0131na g\u00f6re. \u0130\u00c7ER\u0130K: Pirin\u00e7 %20, M\u0131s\u0131r, Bu\u011fday, \u0130\u015flenmi\u015f Hayvansal Protein (%10 Kuzu), M\u0131s\u0131r Gluteni, Tavuk ya\u011f\u0131, \u015eeker Pancar\u0131 Posas\u0131, Frukto-oligosakkaritler %0,5, kurutulmu\u015f mayalar, dikalsiyum fosfat, potasyum klor\u00fcr, sodium klor\u00fcr, Mojave yucca, glukozamin (500mg\/kg) ANAL\u0130T\u0130K B\u0130LE\u015eENLER: Protein: %24, Ya\u011f \u0130\u00e7eri\u011fi: %11 Ham Sel\u00fcloz: %3, Ham K\u00fcl: %8, Kalsiyum: %1, Fosfor: %0.85 Besinsel Katk\u0131lar: Vitamin A(3a672a) 25,000 IU\/kg, Vitamin D3(3a671) 1,500 IU\/kg, Vitamin E(3a700) 240 mg\/kg, Demir(II) s\u00fclfat monohidrat 274 mg\/kg(Demir(3b103) 90 mg\/kg), Bak\u0131r s\u00fclfat pentahidrat 35,4 mg\/kg (Bak\u0131r(3b405) 9 mg\/kg), Mangan s\u00fclfat monohidrat 30,8 mg\/kg (Mangan(3b503) 10 mg\/kg), \u00c7inko s\u00fclfat monohidrat 274 mg(kg (\u00c7inko(3b605) 100 mg\/kg), Anhidre kalsiyum iyodat 2,8 mg\/kg ( \u0130yot(3b203) 1,8mg\/kg), Sodyum Selenit 0,55 mg\/kg (Selenyum(3b802) 0,25 mg\/kg). Teknolojik \u0130laveler: Antioksidanlar BESLEME \u00d6NER\u0130LER\u0130: Mamaya, tabloda belirtilen miktarlarda ba\u015flay\u0131n. G\u00fcnl\u00fck miktar yol g\u00f6stericidir ve hayvan\u0131n g\u00fcnl\u00fck aktivitesine, fizyolojik durumuna ve \u00c7evre s\u0131cakl\u0131\u011f\u0131na ba\u011fl\u0131 olarak de\u011fi\u015febilir. Mama ile birlikte her zaman taze ve temiz su bulundurunuz. Serin ve kuru yerde saklay\u0131n\u0131z.\" \/>\n<meta property=\"og:url\" content=\"https:\/\/anadolupet.com.tr\/en\/product\/lavital-kuzu-etli-orta-buyuk-irk-yetiskin-kopek-mamasi-3kg\/\" \/>\n<meta property=\"og:site_name\" content=\"Anadolu Pet Grup\" \/>\n<meta property=\"article:modified_time\" content=\"2026-02-23T12:49:23+00:00\" \/>\n<meta property=\"og:image\" content=\"https:\/\/anadolupet.com.tr\/wp-content\/uploads\/2026\/02\/801-103837_3.jpg\" \/>\n\t<meta property=\"og:image:width\" content=\"750\" \/>\n\t<meta property=\"og:image:height\" content=\"750\" \/>\n\t<meta property=\"og:image:type\" content=\"image\/jpeg\" \/>\n<meta name=\"twitter:card\" content=\"summary_large_image\" \/>\n<script type=\"application\/ld+json\" class=\"yoast-schema-graph\">{\"@context\":\"https:\\\/\\\/schema.org\",\"@graph\":[{\"@type\":\"WebPage\",\"@id\":\"https:\\\/\\\/anadolupet.com.tr\\\/urun\\\/lavital-kuzu-etli-orta-buyuk-irk-yetiskin-kopek-mamasi-3kg\\\/\",\"url\":\"https:\\\/\\\/anadolupet.com.tr\\\/urun\\\/lavital-kuzu-etli-orta-buyuk-irk-yetiskin-kopek-mamasi-3kg\\\/\",\"name\":\"LaVital Kuzu Etli Orta-B\u00fcy\u00fck Irk Yeti\u015fkin K\u00f6pek Mamas\u0131 3kg - Anadolu Pet Grup\",\"isPartOf\":{\"@id\":\"https:\\\/\\\/anadolupet.com.tr\\\/#website\"},\"primaryImageOfPage\":{\"@id\":\"https:\\\/\\\/anadolupet.com.tr\\\/urun\\\/lavital-kuzu-etli-orta-buyuk-irk-yetiskin-kopek-mamasi-3kg\\\/#primaryimage\"},\"image\":{\"@id\":\"https:\\\/\\\/anadolupet.com.tr\\\/urun\\\/lavital-kuzu-etli-orta-buyuk-irk-yetiskin-kopek-mamasi-3kg\\\/#primaryimage\"},\"thumbnailUrl\":\"https:\\\/\\\/anadolupet.com.tr\\\/wp-content\\\/uploads\\\/2026\\\/02\\\/801-103837_3.jpg\",\"datePublished\":\"2026-02-14T14:42:26+00:00\",\"dateModified\":\"2026-02-23T12:49:23+00:00\",\"breadcrumb\":{\"@id\":\"https:\\\/\\\/anadolupet.com.tr\\\/urun\\\/lavital-kuzu-etli-orta-buyuk-irk-yetiskin-kopek-mamasi-3kg\\\/#breadcrumb\"},\"inLanguage\":\"en-US\",\"potentialAction\":[{\"@type\":\"ReadAction\",\"target\":[\"https:\\\/\\\/anadolupet.com.tr\\\/urun\\\/lavital-kuzu-etli-orta-buyuk-irk-yetiskin-kopek-mamasi-3kg\\\/\"]}]},{\"@type\":\"ImageObject\",\"inLanguage\":\"en-US\",\"@id\":\"https:\\\/\\\/anadolupet.com.tr\\\/urun\\\/lavital-kuzu-etli-orta-buyuk-irk-yetiskin-kopek-mamasi-3kg\\\/#primaryimage\",\"url\":\"https:\\\/\\\/anadolupet.com.tr\\\/wp-content\\\/uploads\\\/2026\\\/02\\\/801-103837_3.jpg\",\"contentUrl\":\"https:\\\/\\\/anadolupet.com.tr\\\/wp-content\\\/uploads\\\/2026\\\/02\\\/801-103837_3.jpg\",\"width\":750,\"height\":750},{\"@type\":\"BreadcrumbList\",\"@id\":\"https:\\\/\\\/anadolupet.com.tr\\\/urun\\\/lavital-kuzu-etli-orta-buyuk-irk-yetiskin-kopek-mamasi-3kg\\\/#breadcrumb\",\"itemListElement\":[{\"@type\":\"ListItem\",\"position\":1,\"name\":\"Anasayfa\",\"item\":\"https:\\\/\\\/anadolupet.com.tr\\\/\"},{\"@type\":\"ListItem\",\"position\":2,\"name\":\"\u00dcr\u00fcnler\",\"item\":\"https:\\\/\\\/anadolupet.com.tr\\\/urunler\\\/\"},{\"@type\":\"ListItem\",\"position\":3,\"name\":\"LaVital Kuzu Etli Orta-B\u00fcy\u00fck Irk Yeti\u015fkin K\u00f6pek Mamas\u0131 3kg\"}]},{\"@type\":\"WebSite\",\"@id\":\"https:\\\/\\\/anadolupet.com.tr\\\/#website\",\"url\":\"https:\\\/\\\/anadolupet.com.tr\\\/\",\"name\":\"Anadolu Pet Grup\",\"description\":\"Her Can\u0131n \u0130yi Ya\u015fam\u0131 \u0130\u00e7in Biraraday\u0131z\",\"publisher\":{\"@id\":\"https:\\\/\\\/anadolupet.com.tr\\\/#organization\"},\"potentialAction\":[{\"@type\":\"SearchAction\",\"target\":{\"@type\":\"EntryPoint\",\"urlTemplate\":\"https:\\\/\\\/anadolupet.com.tr\\\/?s={search_term_string}\"},\"query-input\":{\"@type\":\"PropertyValueSpecification\",\"valueRequired\":true,\"valueName\":\"search_term_string\"}}],\"inLanguage\":\"en-US\"},{\"@type\":\"Organization\",\"@id\":\"https:\\\/\\\/anadolupet.com.tr\\\/#organization\",\"name\":\"Anadolu Pet Grup\",\"alternateName\":\"Anadolu Pet\",\"url\":\"https:\\\/\\\/anadolupet.com.tr\\\/\",\"logo\":{\"@type\":\"ImageObject\",\"inLanguage\":\"en-US\",\"@id\":\"https:\\\/\\\/anadolupet.com.tr\\\/#\\\/schema\\\/logo\\\/image\\\/\",\"url\":\"https:\\\/\\\/anadolupet.com.tr\\\/wp-content\\\/uploads\\\/2026\\\/03\\\/1614666743370.jpg\",\"contentUrl\":\"https:\\\/\\\/anadolupet.com.tr\\\/wp-content\\\/uploads\\\/2026\\\/03\\\/1614666743370.jpg\",\"width\":800,\"height\":571,\"caption\":\"Anadolu Pet Grup\"},\"image\":{\"@id\":\"https:\\\/\\\/anadolupet.com.tr\\\/#\\\/schema\\\/logo\\\/image\\\/\"}}]}<\/script>\n<!-- \/ Yoast SEO plugin. -->","yoast_head_json":{"title":"LaVital Kuzu Etli Orta-B\u00fcy\u00fck Irk Yeti\u015fkin K\u00f6pek Mamas\u0131 3kg - Anadolu Pet Grup","robots":{"index":"index","follow":"follow","max-snippet":"max-snippet:-1","max-image-preview":"max-image-preview:large","max-video-preview":"max-video-preview:-1"},"canonical":"https:\/\/anadolupet.com.tr\/en\/product\/lavital-kuzu-etli-orta-buyuk-irk-yetiskin-kopek-mamasi-3kg\/","og_locale":"en_US","og_type":"article","og_title":"LaVital Kuzu Etli Orta-B\u00fcy\u00fck Irk Yeti\u015fkin K\u00f6pek Mamas\u0131 3kg - Anadolu Pet Grup","og_description":"15 ay \u00fczeri b\u00fcy\u00fck \u0131rk k\u00f6peklerin sa\u011fl\u0131kl\u0131 ya\u015famalar\u0131n\u0131 desteklemek ve \u00f6zel ihtiya\u00e7lar\u0131n\u0131 kar\u015f\u0131lamak i\u00e7in form\u00fcle edilmi\u015ftir. B\u00fcy\u00fck \u0131rk k\u00f6peklerin iri c\u00fcsseleri nedeniyle eklemlerine olduk\u00e7a fazla y\u00fck binmektedir. Bu nedenle LaVital Maxi Adult Lamb Formula, eklem ve kemik sa\u011fl\u0131\u011f\u0131n\u0131 destekleyen \u00f6zel i\u00e7eriklerle zenginle\u015ftirilmi\u015ftir. Ayn\u0131 zamanda, vitamin ihtiyac\u0131n\u0131 en \u00fcst seviyede kar\u015f\u0131layarak deri ve t\u00fcy sa\u011fl\u0131\u011f\u0131na katk\u0131da bulunur. 1- Kolay sindirilir: Kaliteli ve sindirim oran\u0131 y\u00fcksek i\u00e7erikle form\u00fcle edilmi\u015ftir. Ba\u011f\u0131rsak aktivitesini destekleyen bir prebiyotik olan frukto-oligosakkarit i\u00e7erir. 2- Ba\u011f\u0131\u015f\u0131kl\u0131k Sistemi Korumas\u0131: \u00d6zel se\u00e7ilmi\u015f do\u011fal antioksidanlar, serbest radikallerle sava\u015farak ba\u011f\u0131\u015f\u0131kl\u0131k sistemini destekler. 3- Eklem ve Kemik Deste\u011fi: \u00d6zel form\u00fcl\u00fcyle eklemleri destekler ve genel kemik sa\u011fl\u0131\u011f\u0131n\u0131 g\u00fc\u00e7lendirir. 4- GDO \u0130\u00e7ermez: Se\u00e7ilen i\u00e7erik geneti\u011fi de\u011fi\u015ftirilmi\u015f organizma i\u00e7ermez. AB mevzuat\u0131na g\u00f6re. \u0130\u00c7ER\u0130K: Pirin\u00e7 %20, M\u0131s\u0131r, Bu\u011fday, \u0130\u015flenmi\u015f Hayvansal Protein (%10 Kuzu), M\u0131s\u0131r Gluteni, Tavuk ya\u011f\u0131, \u015eeker Pancar\u0131 Posas\u0131, Frukto-oligosakkaritler %0,5, kurutulmu\u015f mayalar, dikalsiyum fosfat, potasyum klor\u00fcr, sodium klor\u00fcr, Mojave yucca, glukozamin (500mg\/kg) ANAL\u0130T\u0130K B\u0130LE\u015eENLER: Protein: %24, Ya\u011f \u0130\u00e7eri\u011fi: %11 Ham Sel\u00fcloz: %3, Ham K\u00fcl: %8, Kalsiyum: %1, Fosfor: %0.85 Besinsel Katk\u0131lar: Vitamin A(3a672a) 25,000 IU\/kg, Vitamin D3(3a671) 1,500 IU\/kg, Vitamin E(3a700) 240 mg\/kg, Demir(II) s\u00fclfat monohidrat 274 mg\/kg(Demir(3b103) 90 mg\/kg), Bak\u0131r s\u00fclfat pentahidrat 35,4 mg\/kg (Bak\u0131r(3b405) 9 mg\/kg), Mangan s\u00fclfat monohidrat 30,8 mg\/kg (Mangan(3b503) 10 mg\/kg), \u00c7inko s\u00fclfat monohidrat 274 mg(kg (\u00c7inko(3b605) 100 mg\/kg), Anhidre kalsiyum iyodat 2,8 mg\/kg ( \u0130yot(3b203) 1,8mg\/kg), Sodyum Selenit 0,55 mg\/kg (Selenyum(3b802) 0,25 mg\/kg). Teknolojik \u0130laveler: Antioksidanlar BESLEME \u00d6NER\u0130LER\u0130: Mamaya, tabloda belirtilen miktarlarda ba\u015flay\u0131n. G\u00fcnl\u00fck miktar yol g\u00f6stericidir ve hayvan\u0131n g\u00fcnl\u00fck aktivitesine, fizyolojik durumuna ve \u00c7evre s\u0131cakl\u0131\u011f\u0131na ba\u011fl\u0131 olarak de\u011fi\u015febilir. Mama ile birlikte her zaman taze ve temiz su bulundurunuz. Serin ve kuru yerde saklay\u0131n\u0131z.","og_url":"https:\/\/anadolupet.com.tr\/en\/product\/lavital-kuzu-etli-orta-buyuk-irk-yetiskin-kopek-mamasi-3kg\/","og_site_name":"Anadolu Pet Grup","article_modified_time":"2026-02-23T12:49:23+00:00","og_image":[{"width":750,"height":750,"url":"https:\/\/anadolupet.com.tr\/wp-content\/uploads\/2026\/02\/801-103837_3.jpg","type":"image\/jpeg"}],"twitter_card":"summary_large_image","schema":{"@context":"https:\/\/schema.org","@graph":[{"@type":"WebPage","@id":"https:\/\/anadolupet.com.tr\/urun\/lavital-kuzu-etli-orta-buyuk-irk-yetiskin-kopek-mamasi-3kg\/","url":"https:\/\/anadolupet.com.tr\/urun\/lavital-kuzu-etli-orta-buyuk-irk-yetiskin-kopek-mamasi-3kg\/","name":"LaVital Kuzu Etli Orta-B\u00fcy\u00fck Irk Yeti\u015fkin K\u00f6pek Mamas\u0131 3kg - Anadolu Pet Grup","isPartOf":{"@id":"https:\/\/anadolupet.com.tr\/#website"},"primaryImageOfPage":{"@id":"https:\/\/anadolupet.com.tr\/urun\/lavital-kuzu-etli-orta-buyuk-irk-yetiskin-kopek-mamasi-3kg\/#primaryimage"},"image":{"@id":"https:\/\/anadolupet.com.tr\/urun\/lavital-kuzu-etli-orta-buyuk-irk-yetiskin-kopek-mamasi-3kg\/#primaryimage"},"thumbnailUrl":"https:\/\/anadolupet.com.tr\/wp-content\/uploads\/2026\/02\/801-103837_3.jpg","datePublished":"2026-02-14T14:42:26+00:00","dateModified":"2026-02-23T12:49:23+00:00","breadcrumb":{"@id":"https:\/\/anadolupet.com.tr\/urun\/lavital-kuzu-etli-orta-buyuk-irk-yetiskin-kopek-mamasi-3kg\/#breadcrumb"},"inLanguage":"en-US","potentialAction":[{"@type":"ReadAction","target":["https:\/\/anadolupet.com.tr\/urun\/lavital-kuzu-etli-orta-buyuk-irk-yetiskin-kopek-mamasi-3kg\/"]}]},{"@type":"ImageObject","inLanguage":"en-US","@id":"https:\/\/anadolupet.com.tr\/urun\/lavital-kuzu-etli-orta-buyuk-irk-yetiskin-kopek-mamasi-3kg\/#primaryimage","url":"https:\/\/anadolupet.com.tr\/wp-content\/uploads\/2026\/02\/801-103837_3.jpg","contentUrl":"https:\/\/anadolupet.com.tr\/wp-content\/uploads\/2026\/02\/801-103837_3.jpg","width":750,"height":750},{"@type":"BreadcrumbList","@id":"https:\/\/anadolupet.com.tr\/urun\/lavital-kuzu-etli-orta-buyuk-irk-yetiskin-kopek-mamasi-3kg\/#breadcrumb","itemListElement":[{"@type":"ListItem","position":1,"name":"Anasayfa","item":"https:\/\/anadolupet.com.tr\/"},{"@type":"ListItem","position":2,"name":"\u00dcr\u00fcnler","item":"https:\/\/anadolupet.com.tr\/urunler\/"},{"@type":"ListItem","position":3,"name":"LaVital Kuzu Etli Orta-B\u00fcy\u00fck Irk Yeti\u015fkin K\u00f6pek Mamas\u0131 3kg"}]},{"@type":"WebSite","@id":"https:\/\/anadolupet.com.tr\/#website","url":"https:\/\/anadolupet.com.tr\/","name":"Anadolu Pet Group","description":"We Stand Together for the Well-Being of Every Life","publisher":{"@id":"https:\/\/anadolupet.com.tr\/#organization"},"potentialAction":[{"@type":"SearchAction","target":{"@type":"EntryPoint","urlTemplate":"https:\/\/anadolupet.com.tr\/?s={search_term_string}"},"query-input":{"@type":"PropertyValueSpecification","valueRequired":true,"valueName":"search_term_string"}}],"inLanguage":"en-US"},{"@type":"Organization","@id":"https:\/\/anadolupet.com.tr\/#organization","name":"Anadolu Pet Group","alternateName":"Anadolu Pet","url":"https:\/\/anadolupet.com.tr\/","logo":{"@type":"ImageObject","inLanguage":"en-US","@id":"https:\/\/anadolupet.com.tr\/#\/schema\/logo\/image\/","url":"https:\/\/anadolupet.com.tr\/wp-content\/uploads\/2026\/03\/1614666743370.jpg","contentUrl":"https:\/\/anadolupet.com.tr\/wp-content\/uploads\/2026\/03\/1614666743370.jpg","width":800,"height":571,"caption":"Anadolu Pet Grup"},"image":{"@id":"https:\/\/anadolupet.com.tr\/#\/schema\/logo\/image\/"}}]}},"_links":{"self":[{"href":"https:\/\/anadolupet.com.tr\/en\/wp-json\/wp\/v2\/product\/45684","targetHints":{"allow":["GET"]}}],"collection":[{"href":"https:\/\/anadolupet.com.tr\/en\/wp-json\/wp\/v2\/product"}],"about":[{"href":"https:\/\/anadolupet.com.tr\/en\/wp-json\/wp\/v2\/types\/product"}],"replies":[{"embeddable":true,"href":"https:\/\/anadolupet.com.tr\/en\/wp-json\/wp\/v2\/comments?post=45684"}],"wp:featuredmedia":[{"embeddable":true,"href":"https:\/\/anadolupet.com.tr\/en\/wp-json\/wp\/v2\/media\/44469"}],"wp:attachment":[{"href":"https:\/\/anadolupet.com.tr\/en\/wp-json\/wp\/v2\/media?parent=45684"}],"wp:term":[{"taxonomy":"product_brand","embeddable":true,"href":"https:\/\/anadolupet.com.tr\/en\/wp-json\/wp\/v2\/product_brand?post=45684"},{"taxonomy":"product_cat","embeddable":true,"href":"https:\/\/anadolupet.com.tr\/en\/wp-json\/wp\/v2\/product_cat?post=45684"},{"taxonomy":"product_tag","embeddable":true,"href":"https:\/\/anadolupet.com.tr\/en\/wp-json\/wp\/v2\/product_tag?post=45684"}],"curies":[{"name":"wp","href":"https:\/\/api.w.org\/{rel}","templated":true}]}}