{"id":45687,"date":"2026-02-14T14:42:26","date_gmt":"2026-02-14T14:42:26","guid":{"rendered":"https:\/\/anadolupet.com.tr\/?post_type=product&#038;p=45687"},"modified":"2026-02-23T12:49:23","modified_gmt":"2026-02-23T12:49:23","slug":"lavital-somonlu-orta-irk-yetiskin-kopek-mamasi-3-kg","status":"publish","type":"product","link":"https:\/\/anadolupet.com.tr\/en\/urun\/lavital-somonlu-orta-irk-yetiskin-kopek-mamasi-3-kg\/","title":{"rendered":"LaVital Somonlu Orta Irk Yeti\u015fkin K\u00f6pek Mamas\u0131 3 KG"},"content":{"rendered":"","protected":false},"excerpt":{"rendered":"<p>LaVital Orta Irk Yeti\u015fkin Somonlu K\u00f6pek Mamas\u0131 (Medium Adult Salmon Formula), orta \u0131rk yeti\u015fkin k\u00f6peklerin genel sa\u011fl\u0131klar\u0131n\u0131 desteklemek ve besin madde ihtiya\u00e7lar\u0131n\u0131 kar\u015f\u0131lamak \u00fczere form\u00fcle edilmi\u015ftir.<br \/>\nY\u00fcksek kaliteli protein ve dengeli vitamin-mineral i\u00e7eri\u011fi sayesinde eklem ve kemik sa\u011fl\u0131\u011f\u0131n\u0131 destekler. B\u00f6ylelikle yeti\u015fkinlikle birlikte artan kilo a\u011f\u0131rl\u0131\u011f\u0131n\u0131 ta\u015f\u0131yacak eklem, kemik ve kas yap\u0131s\u0131 g\u00fc\u00e7lenmi\u015f olur. Beslenme ayn\u0131 zamanda deri ve t\u00fcy yap\u0131s\u0131nda geli\u015fecek olas\u0131 hassasiyetlerin \u00f6n\u00fcne ge\u00e7ecek \u015fekilde d\u00fczenlenmelidir. LaVital Medium Adult Salmon Formula\u2019n\u0131n \u00f6zel form\u00fcl\u00fc, omega-6 deste\u011fiyle deri sa\u011fl\u0131\u011f\u0131na katk\u0131da bulunarak ka\u015f\u0131nt\u0131 ve tahri\u015f riskini minimuma indirir.<br \/>\nBile\u015fiminde bulunan kaliteli protein kayna\u011f\u0131 somon sayesinde k\u00f6pe\u011finizin omega 6 ya\u011f asitleri ve bitkisel ya\u011f ihtiya\u00e7lar\u0131n\u0131 kar\u015f\u0131lamaktad\u0131r. Omega 6 ya\u011f asitleri sayesinde t\u00fcylerde d\u00f6k\u00fclme, deride kepeklenme gibi deri problemlerinin \u00f6n\u00fcne ge\u00e7erek yeti\u015fkin k\u00f6peklerin t\u00fcy ve deri sa\u011fl\u0131\u011f\u0131n\u0131 desteklemektedir. \u2022 Kaliteli ve sindirim oran\u0131 y\u00fcksek i\u00e7erikle form\u00fcle edilmi\u015ftir. Prebiyotik \u00f6zellik g\u00f6steren Frukto-oligasakkaritler (FOS) sayesinde ba\u011f\u0131rsak floras\u0131n\u0131n sa\u011fl\u0131\u011f\u0131n\u0131 d\u00fczenlemektedir.<br \/>\n\u2022 Omega 6 ya\u011f asitleri sayesinde t\u00fcy ve deri sa\u011fl\u0131\u011f\u0131n\u0131 korumaktad\u0131r. B\u00f6ylelikle deride kepeklenme, t\u00fcylerde d\u00f6k\u00fclme gibi deri sorunlar\u0131n\u0131n azalt\u0131lmas\u0131n\u0131 sa\u011flamaktad\u0131r.<br \/>\n\u2022 Bile\u015fiminde bulunan kalsiyum, fosfor oran\u0131n dengeli olmas\u0131 sebebiyle kemik ve kas yap\u0131s\u0131n\u0131n g\u00fc\u00e7lenmesini desteklemektedir.<br \/>\nGeneti\u011fi de\u011fi\u015ftirilmi\u015f hi\u00e7bir organizma i\u00e7ermemekle birlikte AB mevzuatlar\u0131na uygun bir somonlu k\u00f6pek mamas\u0131d\u0131r. \u0130\u00e7eri\u011fi: Pirin\u00e7 %20, M\u0131s\u0131r, Somon Protein %10, I\u015flenmi\u015f Hayvansal Protein, Bu\u011fday, M\u0131s\u0131r Gluteni, Tavuk Ya\u011f\u0131, \u015eeker Pancar\u0131 Posas\u0131, Somon Ya\u011f\u0131 %1, Kurutulmu\u015f Mayalar, Frukto-Oligosakkaritler, Potasyum Klor\u00fcr, Sodium Klor\u00fcr, Mojave Yucca %0,1, Prebiyotik Mannan-Oligosakkaritler, Beta Glucan, Glukozamin (500 mg\/kg)<br \/>\nBesinsel Katk\u0131lar:<br \/>\nVitamin A (3a672a) 25,000 IU\/kg, Vitamin D3 (3a671) 1,500 IU\/kg, Vitamin E (3a700) 240 mg\/kg, Demir(II) S\u00fclfat Monohidrat 274 mg\/kg (Demir (3b103) 90 mg\/kg), Bak\u0131r S\u00fclfat Pentahidrat 35,4 mg\/kg (Bak\u0131r (3b405) 9 mg\/kg), Mangan S\u00fclfat Monohidrat 30,8 mg\/kg (Mangan (3b503) 10 mg\/kg), \u00c7inko S\u00fclfat Monohidrat 274 mg\/kg (\u00c7inko (3b605) 100 mg\/kg), Anhidre Kalsiyum Iyodat 2,8 mg\/kg (\u0130yot (3b203) 1,8mg\/kg), Sodyum Selenit 0,55 mg\/kg (Selenyum (3b802) 0,25 mg\/kg).<br \/>\nTeknolojik \u0130laveler: Antioksidanlar.<br \/>\nBesleme \u00d6nerileri:<br \/>\nMamaya, tabloda belirtilen miktarlarda ba\u015flaman\u0131z \u00f6nerilir. G\u00fcnl\u00fck miktar yol g\u00f6stericidir ve hayvan\u0131n aktivitesine, fizyolojik durumuna ve \u00e7evre s\u0131cakl\u0131\u011f\u0131na ba\u011fl\u0131 olarak de\u011fi\u015febilir. Mama ile birlikte her zaman taze ve temiz su bulundurunuz. Mamay\u0131, serin ve kuru bir yerde saklay\u0131n\u0131z.<\/p>","protected":false},"featured_media":44481,"comment_status":"open","ping_status":"closed","template":"","meta":{"_acf_changed":false},"product_brand":[],"product_cat":[2464],"product_tag":[],"class_list":{"0":"post-45687","1":"product","2":"type-product","3":"status-publish","4":"has-post-thumbnail","6":"product_cat-yetiskin-kopek-mamalari","8":"first","9":"instock","10":"shipping-taxable","11":"product-type-simple"},"acf":[],"yoast_head":"<!-- This site is optimized with the Yoast SEO plugin v27.5 - https:\/\/yoast.com\/product\/yoast-seo-wordpress\/ -->\n<title>LaVital Somonlu Orta Irk Yeti\u015fkin K\u00f6pek Mamas\u0131 3 KG - Anadolu Pet Grup<\/title>\n<meta name=\"robots\" content=\"index, follow, max-snippet:-1, max-image-preview:large, max-video-preview:-1\" \/>\n<link rel=\"canonical\" href=\"https:\/\/anadolupet.com.tr\/en\/product\/lavital-somonlu-orta-irk-yetiskin-kopek-mamasi-3-kg\/\" \/>\n<meta property=\"og:locale\" content=\"en_US\" \/>\n<meta property=\"og:type\" content=\"article\" \/>\n<meta property=\"og:title\" content=\"LaVital Somonlu Orta Irk Yeti\u015fkin K\u00f6pek Mamas\u0131 3 KG - Anadolu Pet Grup\" \/>\n<meta property=\"og:description\" content=\"LaVital Orta Irk Yeti\u015fkin Somonlu K\u00f6pek Mamas\u0131 (Medium Adult Salmon Formula), orta \u0131rk yeti\u015fkin k\u00f6peklerin genel sa\u011fl\u0131klar\u0131n\u0131 desteklemek ve besin madde ihtiya\u00e7lar\u0131n\u0131 kar\u015f\u0131lamak \u00fczere form\u00fcle edilmi\u015ftir. Y\u00fcksek kaliteli protein ve dengeli vitamin-mineral i\u00e7eri\u011fi sayesinde eklem ve kemik sa\u011fl\u0131\u011f\u0131n\u0131 destekler. B\u00f6ylelikle yeti\u015fkinlikle birlikte artan kilo a\u011f\u0131rl\u0131\u011f\u0131n\u0131 ta\u015f\u0131yacak eklem, kemik ve kas yap\u0131s\u0131 g\u00fc\u00e7lenmi\u015f olur. Beslenme ayn\u0131 zamanda deri ve t\u00fcy yap\u0131s\u0131nda geli\u015fecek olas\u0131 hassasiyetlerin \u00f6n\u00fcne ge\u00e7ecek \u015fekilde d\u00fczenlenmelidir. LaVital Medium Adult Salmon Formula\u2019n\u0131n \u00f6zel form\u00fcl\u00fc, omega-6 deste\u011fiyle deri sa\u011fl\u0131\u011f\u0131na katk\u0131da bulunarak ka\u015f\u0131nt\u0131 ve tahri\u015f riskini minimuma indirir. Bile\u015fiminde bulunan kaliteli protein kayna\u011f\u0131 somon sayesinde k\u00f6pe\u011finizin omega 6 ya\u011f asitleri ve bitkisel ya\u011f ihtiya\u00e7lar\u0131n\u0131 kar\u015f\u0131lamaktad\u0131r. Omega 6 ya\u011f asitleri sayesinde t\u00fcylerde d\u00f6k\u00fclme, deride kepeklenme gibi deri problemlerinin \u00f6n\u00fcne ge\u00e7erek yeti\u015fkin k\u00f6peklerin t\u00fcy ve deri sa\u011fl\u0131\u011f\u0131n\u0131 desteklemektedir. \u2022 Kaliteli ve sindirim oran\u0131 y\u00fcksek i\u00e7erikle form\u00fcle edilmi\u015ftir. Prebiyotik \u00f6zellik g\u00f6steren Frukto-oligasakkaritler (FOS) sayesinde ba\u011f\u0131rsak floras\u0131n\u0131n sa\u011fl\u0131\u011f\u0131n\u0131 d\u00fczenlemektedir. \u2022 Omega 6 ya\u011f asitleri sayesinde t\u00fcy ve deri sa\u011fl\u0131\u011f\u0131n\u0131 korumaktad\u0131r. B\u00f6ylelikle deride kepeklenme, t\u00fcylerde d\u00f6k\u00fclme gibi deri sorunlar\u0131n\u0131n azalt\u0131lmas\u0131n\u0131 sa\u011flamaktad\u0131r. \u2022 Bile\u015fiminde bulunan kalsiyum, fosfor oran\u0131n dengeli olmas\u0131 sebebiyle kemik ve kas yap\u0131s\u0131n\u0131n g\u00fc\u00e7lenmesini desteklemektedir. Geneti\u011fi de\u011fi\u015ftirilmi\u015f hi\u00e7bir organizma i\u00e7ermemekle birlikte AB mevzuatlar\u0131na uygun bir somonlu k\u00f6pek mamas\u0131d\u0131r. \u0130\u00e7eri\u011fi: Pirin\u00e7 %20, M\u0131s\u0131r, Somon Protein %10, I\u015flenmi\u015f Hayvansal Protein, Bu\u011fday, M\u0131s\u0131r Gluteni, Tavuk Ya\u011f\u0131, \u015eeker Pancar\u0131 Posas\u0131, Somon Ya\u011f\u0131 %1, Kurutulmu\u015f Mayalar, Frukto-Oligosakkaritler, Potasyum Klor\u00fcr, Sodium Klor\u00fcr, Mojave Yucca %0,1, Prebiyotik Mannan-Oligosakkaritler, Beta Glucan, Glukozamin (500 mg\/kg) Besinsel Katk\u0131lar: Vitamin A (3a672a) 25,000 IU\/kg, Vitamin D3 (3a671) 1,500 IU\/kg, Vitamin E (3a700) 240 mg\/kg, Demir(II) S\u00fclfat Monohidrat 274 mg\/kg (Demir (3b103) 90 mg\/kg), Bak\u0131r S\u00fclfat Pentahidrat 35,4 mg\/kg (Bak\u0131r (3b405) 9 mg\/kg), Mangan S\u00fclfat Monohidrat 30,8 mg\/kg (Mangan (3b503) 10 mg\/kg), \u00c7inko S\u00fclfat Monohidrat 274 mg\/kg (\u00c7inko (3b605) 100 mg\/kg), Anhidre Kalsiyum Iyodat 2,8 mg\/kg (\u0130yot (3b203) 1,8mg\/kg), Sodyum Selenit 0,55 mg\/kg (Selenyum (3b802) 0,25 mg\/kg). Teknolojik \u0130laveler: Antioksidanlar. Besleme \u00d6nerileri: Mamaya, tabloda belirtilen miktarlarda ba\u015flaman\u0131z \u00f6nerilir. G\u00fcnl\u00fck miktar yol g\u00f6stericidir ve hayvan\u0131n aktivitesine, fizyolojik durumuna ve \u00e7evre s\u0131cakl\u0131\u011f\u0131na ba\u011fl\u0131 olarak de\u011fi\u015febilir. Mama ile birlikte her zaman taze ve temiz su bulundurunuz. Mamay\u0131, serin ve kuru bir yerde saklay\u0131n\u0131z.\" \/>\n<meta property=\"og:url\" content=\"https:\/\/anadolupet.com.tr\/en\/product\/lavital-somonlu-orta-irk-yetiskin-kopek-mamasi-3-kg\/\" \/>\n<meta property=\"og:site_name\" content=\"Anadolu Pet Grup\" \/>\n<meta property=\"article:modified_time\" content=\"2026-02-23T12:49:23+00:00\" \/>\n<meta property=\"og:image\" content=\"https:\/\/anadolupet.com.tr\/wp-content\/uploads\/2026\/02\/801-103896_3.jpg\" \/>\n\t<meta property=\"og:image:width\" content=\"750\" \/>\n\t<meta property=\"og:image:height\" content=\"750\" \/>\n\t<meta property=\"og:image:type\" content=\"image\/jpeg\" \/>\n<meta name=\"twitter:card\" content=\"summary_large_image\" \/>\n<script type=\"application\/ld+json\" class=\"yoast-schema-graph\">{\"@context\":\"https:\\\/\\\/schema.org\",\"@graph\":[{\"@type\":\"WebPage\",\"@id\":\"https:\\\/\\\/anadolupet.com.tr\\\/urun\\\/lavital-somonlu-orta-irk-yetiskin-kopek-mamasi-3-kg\\\/\",\"url\":\"https:\\\/\\\/anadolupet.com.tr\\\/urun\\\/lavital-somonlu-orta-irk-yetiskin-kopek-mamasi-3-kg\\\/\",\"name\":\"LaVital Somonlu Orta Irk Yeti\u015fkin K\u00f6pek Mamas\u0131 3 KG - Anadolu Pet Grup\",\"isPartOf\":{\"@id\":\"https:\\\/\\\/anadolupet.com.tr\\\/#website\"},\"primaryImageOfPage\":{\"@id\":\"https:\\\/\\\/anadolupet.com.tr\\\/urun\\\/lavital-somonlu-orta-irk-yetiskin-kopek-mamasi-3-kg\\\/#primaryimage\"},\"image\":{\"@id\":\"https:\\\/\\\/anadolupet.com.tr\\\/urun\\\/lavital-somonlu-orta-irk-yetiskin-kopek-mamasi-3-kg\\\/#primaryimage\"},\"thumbnailUrl\":\"https:\\\/\\\/anadolupet.com.tr\\\/wp-content\\\/uploads\\\/2026\\\/02\\\/801-103896_3.jpg\",\"datePublished\":\"2026-02-14T14:42:26+00:00\",\"dateModified\":\"2026-02-23T12:49:23+00:00\",\"breadcrumb\":{\"@id\":\"https:\\\/\\\/anadolupet.com.tr\\\/urun\\\/lavital-somonlu-orta-irk-yetiskin-kopek-mamasi-3-kg\\\/#breadcrumb\"},\"inLanguage\":\"en-US\",\"potentialAction\":[{\"@type\":\"ReadAction\",\"target\":[\"https:\\\/\\\/anadolupet.com.tr\\\/urun\\\/lavital-somonlu-orta-irk-yetiskin-kopek-mamasi-3-kg\\\/\"]}]},{\"@type\":\"ImageObject\",\"inLanguage\":\"en-US\",\"@id\":\"https:\\\/\\\/anadolupet.com.tr\\\/urun\\\/lavital-somonlu-orta-irk-yetiskin-kopek-mamasi-3-kg\\\/#primaryimage\",\"url\":\"https:\\\/\\\/anadolupet.com.tr\\\/wp-content\\\/uploads\\\/2026\\\/02\\\/801-103896_3.jpg\",\"contentUrl\":\"https:\\\/\\\/anadolupet.com.tr\\\/wp-content\\\/uploads\\\/2026\\\/02\\\/801-103896_3.jpg\",\"width\":750,\"height\":750},{\"@type\":\"BreadcrumbList\",\"@id\":\"https:\\\/\\\/anadolupet.com.tr\\\/urun\\\/lavital-somonlu-orta-irk-yetiskin-kopek-mamasi-3-kg\\\/#breadcrumb\",\"itemListElement\":[{\"@type\":\"ListItem\",\"position\":1,\"name\":\"Anasayfa\",\"item\":\"https:\\\/\\\/anadolupet.com.tr\\\/\"},{\"@type\":\"ListItem\",\"position\":2,\"name\":\"\u00dcr\u00fcnler\",\"item\":\"https:\\\/\\\/anadolupet.com.tr\\\/urunler\\\/\"},{\"@type\":\"ListItem\",\"position\":3,\"name\":\"LaVital Somonlu Orta Irk Yeti\u015fkin K\u00f6pek Mamas\u0131 3 KG\"}]},{\"@type\":\"WebSite\",\"@id\":\"https:\\\/\\\/anadolupet.com.tr\\\/#website\",\"url\":\"https:\\\/\\\/anadolupet.com.tr\\\/\",\"name\":\"Anadolu Pet Grup\",\"description\":\"Her Can\u0131n \u0130yi Ya\u015fam\u0131 \u0130\u00e7in Biraraday\u0131z\",\"publisher\":{\"@id\":\"https:\\\/\\\/anadolupet.com.tr\\\/#organization\"},\"potentialAction\":[{\"@type\":\"SearchAction\",\"target\":{\"@type\":\"EntryPoint\",\"urlTemplate\":\"https:\\\/\\\/anadolupet.com.tr\\\/?s={search_term_string}\"},\"query-input\":{\"@type\":\"PropertyValueSpecification\",\"valueRequired\":true,\"valueName\":\"search_term_string\"}}],\"inLanguage\":\"en-US\"},{\"@type\":\"Organization\",\"@id\":\"https:\\\/\\\/anadolupet.com.tr\\\/#organization\",\"name\":\"Anadolu Pet Grup\",\"alternateName\":\"Anadolu Pet\",\"url\":\"https:\\\/\\\/anadolupet.com.tr\\\/\",\"logo\":{\"@type\":\"ImageObject\",\"inLanguage\":\"en-US\",\"@id\":\"https:\\\/\\\/anadolupet.com.tr\\\/#\\\/schema\\\/logo\\\/image\\\/\",\"url\":\"https:\\\/\\\/anadolupet.com.tr\\\/wp-content\\\/uploads\\\/2026\\\/03\\\/1614666743370.jpg\",\"contentUrl\":\"https:\\\/\\\/anadolupet.com.tr\\\/wp-content\\\/uploads\\\/2026\\\/03\\\/1614666743370.jpg\",\"width\":800,\"height\":571,\"caption\":\"Anadolu Pet Grup\"},\"image\":{\"@id\":\"https:\\\/\\\/anadolupet.com.tr\\\/#\\\/schema\\\/logo\\\/image\\\/\"}}]}<\/script>\n<!-- \/ Yoast SEO plugin. -->","yoast_head_json":{"title":"LaVital Somonlu Orta Irk Yeti\u015fkin K\u00f6pek Mamas\u0131 3 KG - Anadolu Pet Grup","robots":{"index":"index","follow":"follow","max-snippet":"max-snippet:-1","max-image-preview":"max-image-preview:large","max-video-preview":"max-video-preview:-1"},"canonical":"https:\/\/anadolupet.com.tr\/en\/product\/lavital-somonlu-orta-irk-yetiskin-kopek-mamasi-3-kg\/","og_locale":"en_US","og_type":"article","og_title":"LaVital Somonlu Orta Irk Yeti\u015fkin K\u00f6pek Mamas\u0131 3 KG - Anadolu Pet Grup","og_description":"LaVital Orta Irk Yeti\u015fkin Somonlu K\u00f6pek Mamas\u0131 (Medium Adult Salmon Formula), orta \u0131rk yeti\u015fkin k\u00f6peklerin genel sa\u011fl\u0131klar\u0131n\u0131 desteklemek ve besin madde ihtiya\u00e7lar\u0131n\u0131 kar\u015f\u0131lamak \u00fczere form\u00fcle edilmi\u015ftir. Y\u00fcksek kaliteli protein ve dengeli vitamin-mineral i\u00e7eri\u011fi sayesinde eklem ve kemik sa\u011fl\u0131\u011f\u0131n\u0131 destekler. B\u00f6ylelikle yeti\u015fkinlikle birlikte artan kilo a\u011f\u0131rl\u0131\u011f\u0131n\u0131 ta\u015f\u0131yacak eklem, kemik ve kas yap\u0131s\u0131 g\u00fc\u00e7lenmi\u015f olur. Beslenme ayn\u0131 zamanda deri ve t\u00fcy yap\u0131s\u0131nda geli\u015fecek olas\u0131 hassasiyetlerin \u00f6n\u00fcne ge\u00e7ecek \u015fekilde d\u00fczenlenmelidir. LaVital Medium Adult Salmon Formula\u2019n\u0131n \u00f6zel form\u00fcl\u00fc, omega-6 deste\u011fiyle deri sa\u011fl\u0131\u011f\u0131na katk\u0131da bulunarak ka\u015f\u0131nt\u0131 ve tahri\u015f riskini minimuma indirir. Bile\u015fiminde bulunan kaliteli protein kayna\u011f\u0131 somon sayesinde k\u00f6pe\u011finizin omega 6 ya\u011f asitleri ve bitkisel ya\u011f ihtiya\u00e7lar\u0131n\u0131 kar\u015f\u0131lamaktad\u0131r. Omega 6 ya\u011f asitleri sayesinde t\u00fcylerde d\u00f6k\u00fclme, deride kepeklenme gibi deri problemlerinin \u00f6n\u00fcne ge\u00e7erek yeti\u015fkin k\u00f6peklerin t\u00fcy ve deri sa\u011fl\u0131\u011f\u0131n\u0131 desteklemektedir. \u2022 Kaliteli ve sindirim oran\u0131 y\u00fcksek i\u00e7erikle form\u00fcle edilmi\u015ftir. Prebiyotik \u00f6zellik g\u00f6steren Frukto-oligasakkaritler (FOS) sayesinde ba\u011f\u0131rsak floras\u0131n\u0131n sa\u011fl\u0131\u011f\u0131n\u0131 d\u00fczenlemektedir. \u2022 Omega 6 ya\u011f asitleri sayesinde t\u00fcy ve deri sa\u011fl\u0131\u011f\u0131n\u0131 korumaktad\u0131r. B\u00f6ylelikle deride kepeklenme, t\u00fcylerde d\u00f6k\u00fclme gibi deri sorunlar\u0131n\u0131n azalt\u0131lmas\u0131n\u0131 sa\u011flamaktad\u0131r. \u2022 Bile\u015fiminde bulunan kalsiyum, fosfor oran\u0131n dengeli olmas\u0131 sebebiyle kemik ve kas yap\u0131s\u0131n\u0131n g\u00fc\u00e7lenmesini desteklemektedir. Geneti\u011fi de\u011fi\u015ftirilmi\u015f hi\u00e7bir organizma i\u00e7ermemekle birlikte AB mevzuatlar\u0131na uygun bir somonlu k\u00f6pek mamas\u0131d\u0131r. \u0130\u00e7eri\u011fi: Pirin\u00e7 %20, M\u0131s\u0131r, Somon Protein %10, I\u015flenmi\u015f Hayvansal Protein, Bu\u011fday, M\u0131s\u0131r Gluteni, Tavuk Ya\u011f\u0131, \u015eeker Pancar\u0131 Posas\u0131, Somon Ya\u011f\u0131 %1, Kurutulmu\u015f Mayalar, Frukto-Oligosakkaritler, Potasyum Klor\u00fcr, Sodium Klor\u00fcr, Mojave Yucca %0,1, Prebiyotik Mannan-Oligosakkaritler, Beta Glucan, Glukozamin (500 mg\/kg) Besinsel Katk\u0131lar: Vitamin A (3a672a) 25,000 IU\/kg, Vitamin D3 (3a671) 1,500 IU\/kg, Vitamin E (3a700) 240 mg\/kg, Demir(II) S\u00fclfat Monohidrat 274 mg\/kg (Demir (3b103) 90 mg\/kg), Bak\u0131r S\u00fclfat Pentahidrat 35,4 mg\/kg (Bak\u0131r (3b405) 9 mg\/kg), Mangan S\u00fclfat Monohidrat 30,8 mg\/kg (Mangan (3b503) 10 mg\/kg), \u00c7inko S\u00fclfat Monohidrat 274 mg\/kg (\u00c7inko (3b605) 100 mg\/kg), Anhidre Kalsiyum Iyodat 2,8 mg\/kg (\u0130yot (3b203) 1,8mg\/kg), Sodyum Selenit 0,55 mg\/kg (Selenyum (3b802) 0,25 mg\/kg). Teknolojik \u0130laveler: Antioksidanlar. Besleme \u00d6nerileri: Mamaya, tabloda belirtilen miktarlarda ba\u015flaman\u0131z \u00f6nerilir. G\u00fcnl\u00fck miktar yol g\u00f6stericidir ve hayvan\u0131n aktivitesine, fizyolojik durumuna ve \u00e7evre s\u0131cakl\u0131\u011f\u0131na ba\u011fl\u0131 olarak de\u011fi\u015febilir. Mama ile birlikte her zaman taze ve temiz su bulundurunuz. Mamay\u0131, serin ve kuru bir yerde saklay\u0131n\u0131z.","og_url":"https:\/\/anadolupet.com.tr\/en\/product\/lavital-somonlu-orta-irk-yetiskin-kopek-mamasi-3-kg\/","og_site_name":"Anadolu Pet Grup","article_modified_time":"2026-02-23T12:49:23+00:00","og_image":[{"width":750,"height":750,"url":"https:\/\/anadolupet.com.tr\/wp-content\/uploads\/2026\/02\/801-103896_3.jpg","type":"image\/jpeg"}],"twitter_card":"summary_large_image","schema":{"@context":"https:\/\/schema.org","@graph":[{"@type":"WebPage","@id":"https:\/\/anadolupet.com.tr\/urun\/lavital-somonlu-orta-irk-yetiskin-kopek-mamasi-3-kg\/","url":"https:\/\/anadolupet.com.tr\/urun\/lavital-somonlu-orta-irk-yetiskin-kopek-mamasi-3-kg\/","name":"LaVital Somonlu Orta Irk Yeti\u015fkin K\u00f6pek Mamas\u0131 3 KG - Anadolu Pet Grup","isPartOf":{"@id":"https:\/\/anadolupet.com.tr\/#website"},"primaryImageOfPage":{"@id":"https:\/\/anadolupet.com.tr\/urun\/lavital-somonlu-orta-irk-yetiskin-kopek-mamasi-3-kg\/#primaryimage"},"image":{"@id":"https:\/\/anadolupet.com.tr\/urun\/lavital-somonlu-orta-irk-yetiskin-kopek-mamasi-3-kg\/#primaryimage"},"thumbnailUrl":"https:\/\/anadolupet.com.tr\/wp-content\/uploads\/2026\/02\/801-103896_3.jpg","datePublished":"2026-02-14T14:42:26+00:00","dateModified":"2026-02-23T12:49:23+00:00","breadcrumb":{"@id":"https:\/\/anadolupet.com.tr\/urun\/lavital-somonlu-orta-irk-yetiskin-kopek-mamasi-3-kg\/#breadcrumb"},"inLanguage":"en-US","potentialAction":[{"@type":"ReadAction","target":["https:\/\/anadolupet.com.tr\/urun\/lavital-somonlu-orta-irk-yetiskin-kopek-mamasi-3-kg\/"]}]},{"@type":"ImageObject","inLanguage":"en-US","@id":"https:\/\/anadolupet.com.tr\/urun\/lavital-somonlu-orta-irk-yetiskin-kopek-mamasi-3-kg\/#primaryimage","url":"https:\/\/anadolupet.com.tr\/wp-content\/uploads\/2026\/02\/801-103896_3.jpg","contentUrl":"https:\/\/anadolupet.com.tr\/wp-content\/uploads\/2026\/02\/801-103896_3.jpg","width":750,"height":750},{"@type":"BreadcrumbList","@id":"https:\/\/anadolupet.com.tr\/urun\/lavital-somonlu-orta-irk-yetiskin-kopek-mamasi-3-kg\/#breadcrumb","itemListElement":[{"@type":"ListItem","position":1,"name":"Anasayfa","item":"https:\/\/anadolupet.com.tr\/"},{"@type":"ListItem","position":2,"name":"\u00dcr\u00fcnler","item":"https:\/\/anadolupet.com.tr\/urunler\/"},{"@type":"ListItem","position":3,"name":"LaVital Somonlu Orta Irk Yeti\u015fkin K\u00f6pek Mamas\u0131 3 KG"}]},{"@type":"WebSite","@id":"https:\/\/anadolupet.com.tr\/#website","url":"https:\/\/anadolupet.com.tr\/","name":"Anadolu Pet Group","description":"We Stand Together for the Well-Being of Every Life","publisher":{"@id":"https:\/\/anadolupet.com.tr\/#organization"},"potentialAction":[{"@type":"SearchAction","target":{"@type":"EntryPoint","urlTemplate":"https:\/\/anadolupet.com.tr\/?s={search_term_string}"},"query-input":{"@type":"PropertyValueSpecification","valueRequired":true,"valueName":"search_term_string"}}],"inLanguage":"en-US"},{"@type":"Organization","@id":"https:\/\/anadolupet.com.tr\/#organization","name":"Anadolu Pet Group","alternateName":"Anadolu Pet","url":"https:\/\/anadolupet.com.tr\/","logo":{"@type":"ImageObject","inLanguage":"en-US","@id":"https:\/\/anadolupet.com.tr\/#\/schema\/logo\/image\/","url":"https:\/\/anadolupet.com.tr\/wp-content\/uploads\/2026\/03\/1614666743370.jpg","contentUrl":"https:\/\/anadolupet.com.tr\/wp-content\/uploads\/2026\/03\/1614666743370.jpg","width":800,"height":571,"caption":"Anadolu Pet Grup"},"image":{"@id":"https:\/\/anadolupet.com.tr\/#\/schema\/logo\/image\/"}}]}},"_links":{"self":[{"href":"https:\/\/anadolupet.com.tr\/en\/wp-json\/wp\/v2\/product\/45687","targetHints":{"allow":["GET"]}}],"collection":[{"href":"https:\/\/anadolupet.com.tr\/en\/wp-json\/wp\/v2\/product"}],"about":[{"href":"https:\/\/anadolupet.com.tr\/en\/wp-json\/wp\/v2\/types\/product"}],"replies":[{"embeddable":true,"href":"https:\/\/anadolupet.com.tr\/en\/wp-json\/wp\/v2\/comments?post=45687"}],"wp:featuredmedia":[{"embeddable":true,"href":"https:\/\/anadolupet.com.tr\/en\/wp-json\/wp\/v2\/media\/44481"}],"wp:attachment":[{"href":"https:\/\/anadolupet.com.tr\/en\/wp-json\/wp\/v2\/media?parent=45687"}],"wp:term":[{"taxonomy":"product_brand","embeddable":true,"href":"https:\/\/anadolupet.com.tr\/en\/wp-json\/wp\/v2\/product_brand?post=45687"},{"taxonomy":"product_cat","embeddable":true,"href":"https:\/\/anadolupet.com.tr\/en\/wp-json\/wp\/v2\/product_cat?post=45687"},{"taxonomy":"product_tag","embeddable":true,"href":"https:\/\/anadolupet.com.tr\/en\/wp-json\/wp\/v2\/product_tag?post=45687"}],"curies":[{"name":"wp","href":"https:\/\/api.w.org\/{rel}","templated":true}]}}