{"id":45688,"date":"2026-02-14T14:42:27","date_gmt":"2026-02-14T14:42:27","guid":{"rendered":"https:\/\/anadolupet.com.tr\/?post_type=product&#038;p=45688"},"modified":"2026-02-23T12:49:24","modified_gmt":"2026-02-23T12:49:24","slug":"lavital-somonlu-sensitive-yetiskin-kedi-mamasi-12kg","status":"publish","type":"product","link":"https:\/\/anadolupet.com.tr\/en\/urun\/lavital-somonlu-sensitive-yetiskin-kedi-mamasi-12kg\/","title":{"rendered":"LaVital Somonlu Sensitive Yeti\u015fkin Kedi Mamas\u0131 12kg"},"content":{"rendered":"","protected":false},"excerpt":{"rendered":"<p>Sindirim ve deri hassasiyeti olan yeti\u015fkin (1+ ya\u015f) kediler i\u00e7in somon bal\u0131kl\u0131 tam ve dengeli mama.<br \/>\nBaz\u0131 kediler yediklerini kolayca sindiremez. Ayr\u0131ca t\u00fcylerde matl\u0131k, d\u00f6k\u00fclme, deride kepeklenme gibi problemlere de yatk\u0131nd\u0131rlar. Hassas deri ve t\u00fcy yap\u0131s\u0131 ve sindirim problemleri, dengeli bir beslenme ile kontrol alt\u0131nda tutulabilir. Ba\u011f\u0131rsak aktivitesinin destekleyen \u00f6\u011felerle sindirim problemlerinin \u00f6n\u00fcne ge\u00e7ilebilir. Omega ya\u011f asitleri de hem deri problemlerini hem de t\u00fcy d\u00f6k\u00fclmesini azaltmakta etkilidir.<br \/>\nLaVital Sensitive Adult Salmon Formula, hassas deri ve t\u00fcylere sahip olan ve sindirim problemlerini s\u0131k ya\u015fayan 12 ay \u00fczeri kediler i\u00e7in \u00f6zel olarak form\u00fcle edilmi\u015ftir. Bu \u00f6zel form\u00fcl, ba\u011f\u0131rsak floras\u0131n\u0131n dengesinin korunmas\u0131na yard\u0131mc\u0131 olarak sindirim sistemini g\u00fc\u00e7lendirir. Ayr\u0131ca Omega ya\u011f asitleri ve bitkisel ya\u011flar, t\u00fcy d\u00f6k\u00fclmesi, deride kepeklenme gibi problemlerden koruyarak deri ve t\u00fcy sa\u011fl\u0131\u011f\u0131n\u0131 destekler.<br \/>\n1- Kolay sindirilir: Kaliteli ve sindirim oran\u0131 y\u00fcksek i\u00e7erikle form\u00fcle edilmi\u015ftir. Ba\u011f\u0131rsak aktivitesini destekleyen bir prebiyotik olan frukto-oligosakkarit i\u00e7erir.<br \/>\n2- D\u00fc\u015f\u00fck Magnezyum Seviyesi: B\u00f6brek hastal\u0131klar\u0131n\u0131 \u00f6nlemek i\u00e7in, kaliteli i\u00e7erik ve d\u00fc\u015f\u00fck magnezyum ile form\u00fcle edilmi\u015ftir.<br \/>\n3- Omega Ya\u011f Asitleri \u0130lavesi: Somon bal\u0131\u011f\u0131 ve bitkisel ya\u011flar, deri ve t\u00fcy sa\u011fl\u0131\u011f\u0131na katk\u0131da bulunur.<br \/>\n4- GDO \u0130\u00e7ermez: Se\u00e7ilen(*) i\u00e7erik geneti\u011fi de\u011fi\u015ftirilmi\u015f organizma i\u00e7ermez. (*)AB mevzuat\u0131na g\u00f6re.<br \/>\n\u0130\u00c7ER\u0130K: \u0130\u015flenmi\u015f Hayvansal Protein (%10 somon), M\u0131s\u0131r, M\u0131s\u0131r Gluteni, pirin\u00e7 %18, Bu\u011fday, Tavuk Ya\u011f\u0131, Hidrolize Hayvansal Protein, Kurutulmu\u015f Maya, Bitkisel Lifler, \u015eeker Pancar\u0131, Somon ya\u011f\u0131 %1, Fruktooligosakkaritler(FOS) %1, n\u00fckleotid maya protein, Sodyum Klor\u00fcr, Potasyum Klor\u00fcr, Taurine 1400 mg\/kg yucca schidigera %0,1, Prebiyotik Mannanoligosakkaritler, Beta Glukan.<br \/>\nANAL\u0130T\u0130K B\u0130LE\u015eENLER: Protein: %34.0, Ya\u011f \u0130\u00e7eri\u011fi: %13.8 Ham Sel\u00fcloz: %1.7, Ham K\u00fcl: %7.3, Kalsiyum: %1.4, Fosfor: %1.1, Magnezyum: %0.09<br \/>\n\u0130LAVE KATKILAR: Besinsel Katk\u0131lar: Vitamin A(3a672a) 31,000 IU\/kg, Vitamin D3(3a671) 1,850 IU\/kg, Vitamin E(3a700) 300 mg\/kg, Vitamin C 600 mg\/kg, Demir(II) s\u00fclfat monohidrat 342 mg\/kg(Demir(3b103) 112 mg\/kg), Bak\u0131r s\u00fclfat pentahidrat 44 mg\/kg (Bak\u0131r(3b405) 11,2 mg\/kg), Mangan s\u00fclfat monohidrat 38,5 mg\/kg (Mangan(3b503) 12,5 mg\/kg), \u00c7inko s\u00fclfat monohidrat 342 mg(kg (\u00c7inko(3b605) 125 mg\/kg), Anhidre kalsiyum iyodat 3,4 mg\/kg ( \u0130yot(3b203) 2,2 mg\/kg), Sodyum Selenit 0,68 mg\/kg (Selenyum(3b802) 0,31 mg\/kg).<br \/>\nTeknolojik Katk\u0131lar: Antioksidanlar<br \/>\nBESLEME \u00d6NER\u0130LER\u0130: Mamaya, tabloda belirtilen miktarlarda ba\u015flay\u0131n. G\u00fcnl\u00fck miktar yol g\u00f6stericidir ve hayvan\u0131n g\u00fcnl\u00fck aktivitesine, fizyolojik durumuna ve \u00c7evre s\u0131cakl\u0131\u011f\u0131na ba\u011fl\u0131 olarak de\u011fi\u015febilir. Mama ile birlikte her zaman taze ve temiz su bulundurunuz. Serin ve kuru yerde saklay\u0131n\u0131z.<\/p>","protected":false},"featured_media":44454,"comment_status":"open","ping_status":"closed","template":"","meta":{"_acf_changed":false},"product_brand":[],"product_cat":[2442],"product_tag":[],"class_list":{"0":"post-45688","1":"product","2":"type-product","3":"status-publish","4":"has-post-thumbnail","6":"product_cat-yetiskin-kedi-mamalari","8":"first","9":"instock","10":"shipping-taxable","11":"product-type-simple"},"acf":[],"yoast_head":"<!-- This site is optimized with the Yoast SEO plugin v27.5 - https:\/\/yoast.com\/product\/yoast-seo-wordpress\/ -->\n<title>LaVital Somonlu Sensitive Yeti\u015fkin Kedi Mamas\u0131 12kg - Anadolu Pet Grup<\/title>\n<meta name=\"robots\" content=\"index, follow, max-snippet:-1, max-image-preview:large, max-video-preview:-1\" \/>\n<link rel=\"canonical\" href=\"https:\/\/anadolupet.com.tr\/en\/product\/lavital-somonlu-sensitive-yetiskin-kedi-mamasi-12kg\/\" \/>\n<meta property=\"og:locale\" content=\"en_US\" \/>\n<meta property=\"og:type\" content=\"article\" \/>\n<meta property=\"og:title\" content=\"LaVital Somonlu Sensitive Yeti\u015fkin Kedi Mamas\u0131 12kg - Anadolu Pet Grup\" \/>\n<meta property=\"og:description\" content=\"Sindirim ve deri hassasiyeti olan yeti\u015fkin (1+ ya\u015f) kediler i\u00e7in somon bal\u0131kl\u0131 tam ve dengeli mama. Baz\u0131 kediler yediklerini kolayca sindiremez. Ayr\u0131ca t\u00fcylerde matl\u0131k, d\u00f6k\u00fclme, deride kepeklenme gibi problemlere de yatk\u0131nd\u0131rlar. Hassas deri ve t\u00fcy yap\u0131s\u0131 ve sindirim problemleri, dengeli bir beslenme ile kontrol alt\u0131nda tutulabilir. Ba\u011f\u0131rsak aktivitesinin destekleyen \u00f6\u011felerle sindirim problemlerinin \u00f6n\u00fcne ge\u00e7ilebilir. Omega ya\u011f asitleri de hem deri problemlerini hem de t\u00fcy d\u00f6k\u00fclmesini azaltmakta etkilidir. LaVital Sensitive Adult Salmon Formula, hassas deri ve t\u00fcylere sahip olan ve sindirim problemlerini s\u0131k ya\u015fayan 12 ay \u00fczeri kediler i\u00e7in \u00f6zel olarak form\u00fcle edilmi\u015ftir. Bu \u00f6zel form\u00fcl, ba\u011f\u0131rsak floras\u0131n\u0131n dengesinin korunmas\u0131na yard\u0131mc\u0131 olarak sindirim sistemini g\u00fc\u00e7lendirir. Ayr\u0131ca Omega ya\u011f asitleri ve bitkisel ya\u011flar, t\u00fcy d\u00f6k\u00fclmesi, deride kepeklenme gibi problemlerden koruyarak deri ve t\u00fcy sa\u011fl\u0131\u011f\u0131n\u0131 destekler. 1- Kolay sindirilir: Kaliteli ve sindirim oran\u0131 y\u00fcksek i\u00e7erikle form\u00fcle edilmi\u015ftir. Ba\u011f\u0131rsak aktivitesini destekleyen bir prebiyotik olan frukto-oligosakkarit i\u00e7erir. 2- D\u00fc\u015f\u00fck Magnezyum Seviyesi: B\u00f6brek hastal\u0131klar\u0131n\u0131 \u00f6nlemek i\u00e7in, kaliteli i\u00e7erik ve d\u00fc\u015f\u00fck magnezyum ile form\u00fcle edilmi\u015ftir. 3- Omega Ya\u011f Asitleri \u0130lavesi: Somon bal\u0131\u011f\u0131 ve bitkisel ya\u011flar, deri ve t\u00fcy sa\u011fl\u0131\u011f\u0131na katk\u0131da bulunur. 4- GDO \u0130\u00e7ermez: Se\u00e7ilen(*) i\u00e7erik geneti\u011fi de\u011fi\u015ftirilmi\u015f organizma i\u00e7ermez. (*)AB mevzuat\u0131na g\u00f6re. \u0130\u00c7ER\u0130K: \u0130\u015flenmi\u015f Hayvansal Protein (%10 somon), M\u0131s\u0131r, M\u0131s\u0131r Gluteni, pirin\u00e7 %18, Bu\u011fday, Tavuk Ya\u011f\u0131, Hidrolize Hayvansal Protein, Kurutulmu\u015f Maya, Bitkisel Lifler, \u015eeker Pancar\u0131, Somon ya\u011f\u0131 %1, Fruktooligosakkaritler(FOS) %1, n\u00fckleotid maya protein, Sodyum Klor\u00fcr, Potasyum Klor\u00fcr, Taurine 1400 mg\/kg yucca schidigera %0,1, Prebiyotik Mannanoligosakkaritler, Beta Glukan. ANAL\u0130T\u0130K B\u0130LE\u015eENLER: Protein: %34.0, Ya\u011f \u0130\u00e7eri\u011fi: %13.8 Ham Sel\u00fcloz: %1.7, Ham K\u00fcl: %7.3, Kalsiyum: %1.4, Fosfor: %1.1, Magnezyum: %0.09 \u0130LAVE KATKILAR: Besinsel Katk\u0131lar: Vitamin A(3a672a) 31,000 IU\/kg, Vitamin D3(3a671) 1,850 IU\/kg, Vitamin E(3a700) 300 mg\/kg, Vitamin C 600 mg\/kg, Demir(II) s\u00fclfat monohidrat 342 mg\/kg(Demir(3b103) 112 mg\/kg), Bak\u0131r s\u00fclfat pentahidrat 44 mg\/kg (Bak\u0131r(3b405) 11,2 mg\/kg), Mangan s\u00fclfat monohidrat 38,5 mg\/kg (Mangan(3b503) 12,5 mg\/kg), \u00c7inko s\u00fclfat monohidrat 342 mg(kg (\u00c7inko(3b605) 125 mg\/kg), Anhidre kalsiyum iyodat 3,4 mg\/kg ( \u0130yot(3b203) 2,2 mg\/kg), Sodyum Selenit 0,68 mg\/kg (Selenyum(3b802) 0,31 mg\/kg). Teknolojik Katk\u0131lar: Antioksidanlar BESLEME \u00d6NER\u0130LER\u0130: Mamaya, tabloda belirtilen miktarlarda ba\u015flay\u0131n. G\u00fcnl\u00fck miktar yol g\u00f6stericidir ve hayvan\u0131n g\u00fcnl\u00fck aktivitesine, fizyolojik durumuna ve \u00c7evre s\u0131cakl\u0131\u011f\u0131na ba\u011fl\u0131 olarak de\u011fi\u015febilir. Mama ile birlikte her zaman taze ve temiz su bulundurunuz. Serin ve kuru yerde saklay\u0131n\u0131z.\" \/>\n<meta property=\"og:url\" content=\"https:\/\/anadolupet.com.tr\/en\/product\/lavital-somonlu-sensitive-yetiskin-kedi-mamasi-12kg\/\" \/>\n<meta property=\"og:site_name\" content=\"Anadolu Pet Grup\" \/>\n<meta property=\"article:modified_time\" content=\"2026-02-23T12:49:24+00:00\" \/>\n<meta property=\"og:image\" content=\"https:\/\/anadolupet.com.tr\/wp-content\/uploads\/2026\/02\/800-103841_3.jpg\" \/>\n\t<meta property=\"og:image:width\" content=\"750\" \/>\n\t<meta property=\"og:image:height\" content=\"750\" \/>\n\t<meta property=\"og:image:type\" content=\"image\/jpeg\" \/>\n<meta name=\"twitter:card\" content=\"summary_large_image\" \/>\n<script type=\"application\/ld+json\" class=\"yoast-schema-graph\">{\"@context\":\"https:\\\/\\\/schema.org\",\"@graph\":[{\"@type\":\"WebPage\",\"@id\":\"https:\\\/\\\/anadolupet.com.tr\\\/urun\\\/lavital-somonlu-sensitive-yetiskin-kedi-mamasi-12kg\\\/\",\"url\":\"https:\\\/\\\/anadolupet.com.tr\\\/urun\\\/lavital-somonlu-sensitive-yetiskin-kedi-mamasi-12kg\\\/\",\"name\":\"LaVital Somonlu Sensitive Yeti\u015fkin Kedi Mamas\u0131 12kg - Anadolu Pet Grup\",\"isPartOf\":{\"@id\":\"https:\\\/\\\/anadolupet.com.tr\\\/#website\"},\"primaryImageOfPage\":{\"@id\":\"https:\\\/\\\/anadolupet.com.tr\\\/urun\\\/lavital-somonlu-sensitive-yetiskin-kedi-mamasi-12kg\\\/#primaryimage\"},\"image\":{\"@id\":\"https:\\\/\\\/anadolupet.com.tr\\\/urun\\\/lavital-somonlu-sensitive-yetiskin-kedi-mamasi-12kg\\\/#primaryimage\"},\"thumbnailUrl\":\"https:\\\/\\\/anadolupet.com.tr\\\/wp-content\\\/uploads\\\/2026\\\/02\\\/800-103841_3.jpg\",\"datePublished\":\"2026-02-14T14:42:27+00:00\",\"dateModified\":\"2026-02-23T12:49:24+00:00\",\"breadcrumb\":{\"@id\":\"https:\\\/\\\/anadolupet.com.tr\\\/urun\\\/lavital-somonlu-sensitive-yetiskin-kedi-mamasi-12kg\\\/#breadcrumb\"},\"inLanguage\":\"en-US\",\"potentialAction\":[{\"@type\":\"ReadAction\",\"target\":[\"https:\\\/\\\/anadolupet.com.tr\\\/urun\\\/lavital-somonlu-sensitive-yetiskin-kedi-mamasi-12kg\\\/\"]}]},{\"@type\":\"ImageObject\",\"inLanguage\":\"en-US\",\"@id\":\"https:\\\/\\\/anadolupet.com.tr\\\/urun\\\/lavital-somonlu-sensitive-yetiskin-kedi-mamasi-12kg\\\/#primaryimage\",\"url\":\"https:\\\/\\\/anadolupet.com.tr\\\/wp-content\\\/uploads\\\/2026\\\/02\\\/800-103841_3.jpg\",\"contentUrl\":\"https:\\\/\\\/anadolupet.com.tr\\\/wp-content\\\/uploads\\\/2026\\\/02\\\/800-103841_3.jpg\",\"width\":750,\"height\":750},{\"@type\":\"BreadcrumbList\",\"@id\":\"https:\\\/\\\/anadolupet.com.tr\\\/urun\\\/lavital-somonlu-sensitive-yetiskin-kedi-mamasi-12kg\\\/#breadcrumb\",\"itemListElement\":[{\"@type\":\"ListItem\",\"position\":1,\"name\":\"Anasayfa\",\"item\":\"https:\\\/\\\/anadolupet.com.tr\\\/\"},{\"@type\":\"ListItem\",\"position\":2,\"name\":\"\u00dcr\u00fcnler\",\"item\":\"https:\\\/\\\/anadolupet.com.tr\\\/urunler\\\/\"},{\"@type\":\"ListItem\",\"position\":3,\"name\":\"LaVital Somonlu Sensitive Yeti\u015fkin Kedi Mamas\u0131 12kg\"}]},{\"@type\":\"WebSite\",\"@id\":\"https:\\\/\\\/anadolupet.com.tr\\\/#website\",\"url\":\"https:\\\/\\\/anadolupet.com.tr\\\/\",\"name\":\"Anadolu Pet Grup\",\"description\":\"Her Can\u0131n \u0130yi Ya\u015fam\u0131 \u0130\u00e7in Biraraday\u0131z\",\"publisher\":{\"@id\":\"https:\\\/\\\/anadolupet.com.tr\\\/#organization\"},\"potentialAction\":[{\"@type\":\"SearchAction\",\"target\":{\"@type\":\"EntryPoint\",\"urlTemplate\":\"https:\\\/\\\/anadolupet.com.tr\\\/?s={search_term_string}\"},\"query-input\":{\"@type\":\"PropertyValueSpecification\",\"valueRequired\":true,\"valueName\":\"search_term_string\"}}],\"inLanguage\":\"en-US\"},{\"@type\":\"Organization\",\"@id\":\"https:\\\/\\\/anadolupet.com.tr\\\/#organization\",\"name\":\"Anadolu Pet Grup\",\"alternateName\":\"Anadolu Pet\",\"url\":\"https:\\\/\\\/anadolupet.com.tr\\\/\",\"logo\":{\"@type\":\"ImageObject\",\"inLanguage\":\"en-US\",\"@id\":\"https:\\\/\\\/anadolupet.com.tr\\\/#\\\/schema\\\/logo\\\/image\\\/\",\"url\":\"https:\\\/\\\/anadolupet.com.tr\\\/wp-content\\\/uploads\\\/2026\\\/03\\\/1614666743370.jpg\",\"contentUrl\":\"https:\\\/\\\/anadolupet.com.tr\\\/wp-content\\\/uploads\\\/2026\\\/03\\\/1614666743370.jpg\",\"width\":800,\"height\":571,\"caption\":\"Anadolu Pet Grup\"},\"image\":{\"@id\":\"https:\\\/\\\/anadolupet.com.tr\\\/#\\\/schema\\\/logo\\\/image\\\/\"}}]}<\/script>\n<!-- \/ Yoast SEO plugin. -->","yoast_head_json":{"title":"LaVital Somonlu Sensitive Yeti\u015fkin Kedi Mamas\u0131 12kg - Anadolu Pet Grup","robots":{"index":"index","follow":"follow","max-snippet":"max-snippet:-1","max-image-preview":"max-image-preview:large","max-video-preview":"max-video-preview:-1"},"canonical":"https:\/\/anadolupet.com.tr\/en\/product\/lavital-somonlu-sensitive-yetiskin-kedi-mamasi-12kg\/","og_locale":"en_US","og_type":"article","og_title":"LaVital Somonlu Sensitive Yeti\u015fkin Kedi Mamas\u0131 12kg - Anadolu Pet Grup","og_description":"Sindirim ve deri hassasiyeti olan yeti\u015fkin (1+ ya\u015f) kediler i\u00e7in somon bal\u0131kl\u0131 tam ve dengeli mama. Baz\u0131 kediler yediklerini kolayca sindiremez. Ayr\u0131ca t\u00fcylerde matl\u0131k, d\u00f6k\u00fclme, deride kepeklenme gibi problemlere de yatk\u0131nd\u0131rlar. Hassas deri ve t\u00fcy yap\u0131s\u0131 ve sindirim problemleri, dengeli bir beslenme ile kontrol alt\u0131nda tutulabilir. Ba\u011f\u0131rsak aktivitesinin destekleyen \u00f6\u011felerle sindirim problemlerinin \u00f6n\u00fcne ge\u00e7ilebilir. Omega ya\u011f asitleri de hem deri problemlerini hem de t\u00fcy d\u00f6k\u00fclmesini azaltmakta etkilidir. LaVital Sensitive Adult Salmon Formula, hassas deri ve t\u00fcylere sahip olan ve sindirim problemlerini s\u0131k ya\u015fayan 12 ay \u00fczeri kediler i\u00e7in \u00f6zel olarak form\u00fcle edilmi\u015ftir. Bu \u00f6zel form\u00fcl, ba\u011f\u0131rsak floras\u0131n\u0131n dengesinin korunmas\u0131na yard\u0131mc\u0131 olarak sindirim sistemini g\u00fc\u00e7lendirir. Ayr\u0131ca Omega ya\u011f asitleri ve bitkisel ya\u011flar, t\u00fcy d\u00f6k\u00fclmesi, deride kepeklenme gibi problemlerden koruyarak deri ve t\u00fcy sa\u011fl\u0131\u011f\u0131n\u0131 destekler. 1- Kolay sindirilir: Kaliteli ve sindirim oran\u0131 y\u00fcksek i\u00e7erikle form\u00fcle edilmi\u015ftir. Ba\u011f\u0131rsak aktivitesini destekleyen bir prebiyotik olan frukto-oligosakkarit i\u00e7erir. 2- D\u00fc\u015f\u00fck Magnezyum Seviyesi: B\u00f6brek hastal\u0131klar\u0131n\u0131 \u00f6nlemek i\u00e7in, kaliteli i\u00e7erik ve d\u00fc\u015f\u00fck magnezyum ile form\u00fcle edilmi\u015ftir. 3- Omega Ya\u011f Asitleri \u0130lavesi: Somon bal\u0131\u011f\u0131 ve bitkisel ya\u011flar, deri ve t\u00fcy sa\u011fl\u0131\u011f\u0131na katk\u0131da bulunur. 4- GDO \u0130\u00e7ermez: Se\u00e7ilen(*) i\u00e7erik geneti\u011fi de\u011fi\u015ftirilmi\u015f organizma i\u00e7ermez. (*)AB mevzuat\u0131na g\u00f6re. \u0130\u00c7ER\u0130K: \u0130\u015flenmi\u015f Hayvansal Protein (%10 somon), M\u0131s\u0131r, M\u0131s\u0131r Gluteni, pirin\u00e7 %18, Bu\u011fday, Tavuk Ya\u011f\u0131, Hidrolize Hayvansal Protein, Kurutulmu\u015f Maya, Bitkisel Lifler, \u015eeker Pancar\u0131, Somon ya\u011f\u0131 %1, Fruktooligosakkaritler(FOS) %1, n\u00fckleotid maya protein, Sodyum Klor\u00fcr, Potasyum Klor\u00fcr, Taurine 1400 mg\/kg yucca schidigera %0,1, Prebiyotik Mannanoligosakkaritler, Beta Glukan. ANAL\u0130T\u0130K B\u0130LE\u015eENLER: Protein: %34.0, Ya\u011f \u0130\u00e7eri\u011fi: %13.8 Ham Sel\u00fcloz: %1.7, Ham K\u00fcl: %7.3, Kalsiyum: %1.4, Fosfor: %1.1, Magnezyum: %0.09 \u0130LAVE KATKILAR: Besinsel Katk\u0131lar: Vitamin A(3a672a) 31,000 IU\/kg, Vitamin D3(3a671) 1,850 IU\/kg, Vitamin E(3a700) 300 mg\/kg, Vitamin C 600 mg\/kg, Demir(II) s\u00fclfat monohidrat 342 mg\/kg(Demir(3b103) 112 mg\/kg), Bak\u0131r s\u00fclfat pentahidrat 44 mg\/kg (Bak\u0131r(3b405) 11,2 mg\/kg), Mangan s\u00fclfat monohidrat 38,5 mg\/kg (Mangan(3b503) 12,5 mg\/kg), \u00c7inko s\u00fclfat monohidrat 342 mg(kg (\u00c7inko(3b605) 125 mg\/kg), Anhidre kalsiyum iyodat 3,4 mg\/kg ( \u0130yot(3b203) 2,2 mg\/kg), Sodyum Selenit 0,68 mg\/kg (Selenyum(3b802) 0,31 mg\/kg). Teknolojik Katk\u0131lar: Antioksidanlar BESLEME \u00d6NER\u0130LER\u0130: Mamaya, tabloda belirtilen miktarlarda ba\u015flay\u0131n. G\u00fcnl\u00fck miktar yol g\u00f6stericidir ve hayvan\u0131n g\u00fcnl\u00fck aktivitesine, fizyolojik durumuna ve \u00c7evre s\u0131cakl\u0131\u011f\u0131na ba\u011fl\u0131 olarak de\u011fi\u015febilir. Mama ile birlikte her zaman taze ve temiz su bulundurunuz. Serin ve kuru yerde saklay\u0131n\u0131z.","og_url":"https:\/\/anadolupet.com.tr\/en\/product\/lavital-somonlu-sensitive-yetiskin-kedi-mamasi-12kg\/","og_site_name":"Anadolu Pet Grup","article_modified_time":"2026-02-23T12:49:24+00:00","og_image":[{"width":750,"height":750,"url":"https:\/\/anadolupet.com.tr\/wp-content\/uploads\/2026\/02\/800-103841_3.jpg","type":"image\/jpeg"}],"twitter_card":"summary_large_image","schema":{"@context":"https:\/\/schema.org","@graph":[{"@type":"WebPage","@id":"https:\/\/anadolupet.com.tr\/urun\/lavital-somonlu-sensitive-yetiskin-kedi-mamasi-12kg\/","url":"https:\/\/anadolupet.com.tr\/urun\/lavital-somonlu-sensitive-yetiskin-kedi-mamasi-12kg\/","name":"LaVital Somonlu Sensitive Yeti\u015fkin Kedi Mamas\u0131 12kg - Anadolu Pet Grup","isPartOf":{"@id":"https:\/\/anadolupet.com.tr\/#website"},"primaryImageOfPage":{"@id":"https:\/\/anadolupet.com.tr\/urun\/lavital-somonlu-sensitive-yetiskin-kedi-mamasi-12kg\/#primaryimage"},"image":{"@id":"https:\/\/anadolupet.com.tr\/urun\/lavital-somonlu-sensitive-yetiskin-kedi-mamasi-12kg\/#primaryimage"},"thumbnailUrl":"https:\/\/anadolupet.com.tr\/wp-content\/uploads\/2026\/02\/800-103841_3.jpg","datePublished":"2026-02-14T14:42:27+00:00","dateModified":"2026-02-23T12:49:24+00:00","breadcrumb":{"@id":"https:\/\/anadolupet.com.tr\/urun\/lavital-somonlu-sensitive-yetiskin-kedi-mamasi-12kg\/#breadcrumb"},"inLanguage":"en-US","potentialAction":[{"@type":"ReadAction","target":["https:\/\/anadolupet.com.tr\/urun\/lavital-somonlu-sensitive-yetiskin-kedi-mamasi-12kg\/"]}]},{"@type":"ImageObject","inLanguage":"en-US","@id":"https:\/\/anadolupet.com.tr\/urun\/lavital-somonlu-sensitive-yetiskin-kedi-mamasi-12kg\/#primaryimage","url":"https:\/\/anadolupet.com.tr\/wp-content\/uploads\/2026\/02\/800-103841_3.jpg","contentUrl":"https:\/\/anadolupet.com.tr\/wp-content\/uploads\/2026\/02\/800-103841_3.jpg","width":750,"height":750},{"@type":"BreadcrumbList","@id":"https:\/\/anadolupet.com.tr\/urun\/lavital-somonlu-sensitive-yetiskin-kedi-mamasi-12kg\/#breadcrumb","itemListElement":[{"@type":"ListItem","position":1,"name":"Anasayfa","item":"https:\/\/anadolupet.com.tr\/"},{"@type":"ListItem","position":2,"name":"\u00dcr\u00fcnler","item":"https:\/\/anadolupet.com.tr\/urunler\/"},{"@type":"ListItem","position":3,"name":"LaVital Somonlu Sensitive Yeti\u015fkin Kedi Mamas\u0131 12kg"}]},{"@type":"WebSite","@id":"https:\/\/anadolupet.com.tr\/#website","url":"https:\/\/anadolupet.com.tr\/","name":"Anadolu Pet Group","description":"We Stand Together for the Well-Being of Every Life","publisher":{"@id":"https:\/\/anadolupet.com.tr\/#organization"},"potentialAction":[{"@type":"SearchAction","target":{"@type":"EntryPoint","urlTemplate":"https:\/\/anadolupet.com.tr\/?s={search_term_string}"},"query-input":{"@type":"PropertyValueSpecification","valueRequired":true,"valueName":"search_term_string"}}],"inLanguage":"en-US"},{"@type":"Organization","@id":"https:\/\/anadolupet.com.tr\/#organization","name":"Anadolu Pet Group","alternateName":"Anadolu Pet","url":"https:\/\/anadolupet.com.tr\/","logo":{"@type":"ImageObject","inLanguage":"en-US","@id":"https:\/\/anadolupet.com.tr\/#\/schema\/logo\/image\/","url":"https:\/\/anadolupet.com.tr\/wp-content\/uploads\/2026\/03\/1614666743370.jpg","contentUrl":"https:\/\/anadolupet.com.tr\/wp-content\/uploads\/2026\/03\/1614666743370.jpg","width":800,"height":571,"caption":"Anadolu Pet Grup"},"image":{"@id":"https:\/\/anadolupet.com.tr\/#\/schema\/logo\/image\/"}}]}},"_links":{"self":[{"href":"https:\/\/anadolupet.com.tr\/en\/wp-json\/wp\/v2\/product\/45688","targetHints":{"allow":["GET"]}}],"collection":[{"href":"https:\/\/anadolupet.com.tr\/en\/wp-json\/wp\/v2\/product"}],"about":[{"href":"https:\/\/anadolupet.com.tr\/en\/wp-json\/wp\/v2\/types\/product"}],"replies":[{"embeddable":true,"href":"https:\/\/anadolupet.com.tr\/en\/wp-json\/wp\/v2\/comments?post=45688"}],"wp:featuredmedia":[{"embeddable":true,"href":"https:\/\/anadolupet.com.tr\/en\/wp-json\/wp\/v2\/media\/44454"}],"wp:attachment":[{"href":"https:\/\/anadolupet.com.tr\/en\/wp-json\/wp\/v2\/media?parent=45688"}],"wp:term":[{"taxonomy":"product_brand","embeddable":true,"href":"https:\/\/anadolupet.com.tr\/en\/wp-json\/wp\/v2\/product_brand?post=45688"},{"taxonomy":"product_cat","embeddable":true,"href":"https:\/\/anadolupet.com.tr\/en\/wp-json\/wp\/v2\/product_cat?post=45688"},{"taxonomy":"product_tag","embeddable":true,"href":"https:\/\/anadolupet.com.tr\/en\/wp-json\/wp\/v2\/product_tag?post=45688"}],"curies":[{"name":"wp","href":"https:\/\/api.w.org\/{rel}","templated":true}]}}