{"id":45690,"date":"2026-02-14T14:42:27","date_gmt":"2026-02-14T14:42:27","guid":{"rendered":"https:\/\/anadolupet.com.tr\/?post_type=product&#038;p=45690"},"modified":"2026-02-23T12:49:24","modified_gmt":"2026-02-23T12:49:24","slug":"lavital-somonlu-yavru-kedi-mamasi-12kg","status":"publish","type":"product","link":"https:\/\/anadolupet.com.tr\/en\/urun\/lavital-somonlu-yavru-kedi-mamasi-12kg\/","title":{"rendered":"LaVital Somonlu Yavru Kedi Mamas\u0131 12kg"},"content":{"rendered":"","protected":false},"excerpt":{"rendered":"<p>Yavru ve b\u00fcy\u00fcme d\u00f6nemindeki (3 hafta &#8211; 12 ay aras\u0131) kediler i\u00e7in somon bal\u0131kl\u0131 tam ve dengeli mama.<br \/>\nB\u00fcy\u00fcme d\u00f6nemi, kedinin ileride sa\u011fl\u0131kl\u0131 bir ya\u015fam s\u00fcrmesi i\u00e7in kritik bir d\u00f6nemdir. Beslenme, sa\u011fl\u0131kl\u0131 bir b\u00fcy\u00fcme d\u00f6nemini etkileyen en \u00f6nemli fakt\u00f6rd\u00fcr. Bu d\u00f6nemde protein, ya\u011f, karbonhidrat ve mineral bak\u0131m\u0131ndan dengeli bir beslenme gereklidir. Ayn\u0131 zamanda yavru kedinin y\u00fcksek enerji ihtiyac\u0131 kar\u015f\u0131lanmal\u0131d\u0131r. Ayr\u0131ca ba\u011f\u0131\u015f\u0131kl\u0131k sisteminin yeni olu\u015fmaya ba\u015flad\u0131\u011f\u0131 bu hassas s\u00fcre\u00e7te, \u00f6zel i\u00e7eriklerle ba\u011f\u0131\u015f\u0131kl\u0131k desteklenmelidir.<br \/>\nLaVital Kitten Salmon Formula, 3 hafta &#8211; 12 ay aras\u0131 yavru kedilerin, sa\u011fl\u0131kl\u0131 b\u00fcy\u00fcmelerini destekleyen t\u00fcm besin maddelerini i\u00e7erir. Bu \u00f6zel form\u00fcl, yavru kedilerin b\u00fcy\u00fcme d\u00f6nemindeki enerji ihtiya\u00e7lar\u0131n\u0131 kar\u015f\u0131lar.<br \/>\n1- Kolay sindirilir: Kaliteli ve sindirim oran\u0131 y\u00fcksek i\u00e7erikle form\u00fcle edilmi\u015ftir. Ba\u011f\u0131rsak aktivitesini destekleyen bir prebiyotik olan frukto-oligosakkarit i\u00e7erir.<br \/>\n2- Ba\u011f\u0131\u015f\u0131kl\u0131k Sistemi Korumas\u0131: \u00d6zel se\u00e7ilmi\u015f do\u011fal antioksidanlar, serbest radikallerle sava\u015farak ba\u011f\u0131\u015f\u0131kl\u0131k sistemini destekler.<br \/>\n3- B\u00fcy\u00fcme Deste\u011fi: DHA\/EPA kayna\u011f\u0131 olan bal\u0131k ya\u011f\u0131 i\u00e7ermesi ve y\u00fcksek kaliteli proteinler ile form\u00fcle edilmesi sayesinde, kedilerin b\u00fcy\u00fcme d\u00f6nemine destek olur.<br \/>\n4- GDO \u0130\u00e7ermez: Se\u00e7ilen(*) i\u00e7erik geneti\u011fi de\u011fi\u015ftirilmi\u015f organizma i\u00e7ermez. (*)AB mevzuat\u0131na g\u00f6re.<br \/>\n\u0130\u00e7erik: \u0130\u015flenmi\u015f Hayvansal Protein (%10 Somon), Pirin\u00e7 %20, Tavuk Ya\u011f\u0131, M\u0131s\u0131r Gluteni, Bu\u011fday, Bezelye, Somon Ya\u011f\u0131 %1, Kurutulmu\u015f Maya, Fruktooligosakkaritle (FOS) %0,6, Bitkisel Lifler, Potasyum Klor\u00fcr, Sodyum Fosfat, Yucca Schidigera %0,1, Taurin 2200 mg\/kg, Prebiyotik Mannanoligosakkaritler, Beta Glukan.<br \/>\nAnalitik Bile\u015fenler: Protein %34, Ya\u011f i\u00e7eri\u011fi %19, Ham sel\u00fcloz %2.8, Ham k\u00fcl %6.6, Kalsiyum %0.95, Fosfor %0.85<br \/>\n\u0130lave Katk\u0131lar:<br \/>\nBesinsel Katk\u0131lar: Vitamin A (3a672a) 31,000 IU\/kg, Vitamin D3 (3a671) 1,850 IU\/kg, Vitamin E (3a700) 300 mg\/kg, Demir(II) S\u00fclfat Monohidrat 342 mg\/kg (Demir (3b103) 112 mg\/kg), Bak\u0131r S\u00fclfat Pentahidrat 44 mg\/kg (Bak\u0131r (3b405) 11,2 mg\/kg), Mangan S\u00fclfat Monohidrat 38,5 mg\/kg (Mangan (3b503) 12,5 mg\/kg), \u00c7inko S\u00fclfat Monohidrat 342 mg\/kg (\u00c7inko (3b605) 125 mg\/kg), Anhidre Kalsiyum Iyodat 3,4 mg\/kg (\u0130yot (3b203) 2,2 mg\/kg), Sodyum Selenit 0,68 mg\/kg (Selenyum (3b802) 0,31 mg\/kg).<br \/>\nTeknolojik Katk\u0131lar: Antioksidanlar.<br \/>\nBeslenme \u00d6nerileri:<br \/>\nMamaya, tabloda belirtilen miktarlarda ba\u015flaman\u0131z \u00f6nerilir. G\u00fcnl\u00fck miktar yol g\u00f6stericidir ve hayvan\u0131n aktivitesine, fizyolojik durumuna ve \u00e7evre s\u0131cakl\u0131\u011f\u0131na ba\u011fl\u0131 olarak de\u011fi\u015febilir. Mama ile birlikte her zaman taze ve temiz su bulundurunuz. Mamay\u0131, serin ve kuru bir yerde saklay\u0131n\u0131z.<\/p>","protected":false},"featured_media":44451,"comment_status":"open","ping_status":"closed","template":"","meta":{"_acf_changed":false},"product_brand":[],"product_cat":[2441],"product_tag":[],"class_list":{"0":"post-45690","1":"product","2":"type-product","3":"status-publish","4":"has-post-thumbnail","6":"product_cat-yavru-kedi-mamalari","8":"first","9":"instock","10":"shipping-taxable","11":"product-type-simple"},"acf":[],"yoast_head":"<!-- This site is optimized with the Yoast SEO plugin v27.5 - https:\/\/yoast.com\/product\/yoast-seo-wordpress\/ -->\n<title>LaVital Somonlu Yavru Kedi Mamas\u0131 12kg - Anadolu Pet Grup<\/title>\n<meta name=\"robots\" content=\"index, follow, max-snippet:-1, max-image-preview:large, max-video-preview:-1\" \/>\n<link rel=\"canonical\" href=\"https:\/\/anadolupet.com.tr\/en\/product\/lavital-somonlu-yavru-kedi-mamasi-12kg\/\" \/>\n<meta property=\"og:locale\" content=\"en_US\" \/>\n<meta property=\"og:type\" content=\"article\" \/>\n<meta property=\"og:title\" content=\"LaVital Somonlu Yavru Kedi Mamas\u0131 12kg - Anadolu Pet Grup\" \/>\n<meta property=\"og:description\" content=\"Yavru ve b\u00fcy\u00fcme d\u00f6nemindeki (3 hafta - 12 ay aras\u0131) kediler i\u00e7in somon bal\u0131kl\u0131 tam ve dengeli mama. B\u00fcy\u00fcme d\u00f6nemi, kedinin ileride sa\u011fl\u0131kl\u0131 bir ya\u015fam s\u00fcrmesi i\u00e7in kritik bir d\u00f6nemdir. Beslenme, sa\u011fl\u0131kl\u0131 bir b\u00fcy\u00fcme d\u00f6nemini etkileyen en \u00f6nemli fakt\u00f6rd\u00fcr. Bu d\u00f6nemde protein, ya\u011f, karbonhidrat ve mineral bak\u0131m\u0131ndan dengeli bir beslenme gereklidir. Ayn\u0131 zamanda yavru kedinin y\u00fcksek enerji ihtiyac\u0131 kar\u015f\u0131lanmal\u0131d\u0131r. Ayr\u0131ca ba\u011f\u0131\u015f\u0131kl\u0131k sisteminin yeni olu\u015fmaya ba\u015flad\u0131\u011f\u0131 bu hassas s\u00fcre\u00e7te, \u00f6zel i\u00e7eriklerle ba\u011f\u0131\u015f\u0131kl\u0131k desteklenmelidir. LaVital Kitten Salmon Formula, 3 hafta - 12 ay aras\u0131 yavru kedilerin, sa\u011fl\u0131kl\u0131 b\u00fcy\u00fcmelerini destekleyen t\u00fcm besin maddelerini i\u00e7erir. Bu \u00f6zel form\u00fcl, yavru kedilerin b\u00fcy\u00fcme d\u00f6nemindeki enerji ihtiya\u00e7lar\u0131n\u0131 kar\u015f\u0131lar. 1- Kolay sindirilir: Kaliteli ve sindirim oran\u0131 y\u00fcksek i\u00e7erikle form\u00fcle edilmi\u015ftir. Ba\u011f\u0131rsak aktivitesini destekleyen bir prebiyotik olan frukto-oligosakkarit i\u00e7erir. 2- Ba\u011f\u0131\u015f\u0131kl\u0131k Sistemi Korumas\u0131: \u00d6zel se\u00e7ilmi\u015f do\u011fal antioksidanlar, serbest radikallerle sava\u015farak ba\u011f\u0131\u015f\u0131kl\u0131k sistemini destekler. 3- B\u00fcy\u00fcme Deste\u011fi: DHA\/EPA kayna\u011f\u0131 olan bal\u0131k ya\u011f\u0131 i\u00e7ermesi ve y\u00fcksek kaliteli proteinler ile form\u00fcle edilmesi sayesinde, kedilerin b\u00fcy\u00fcme d\u00f6nemine destek olur. 4- GDO \u0130\u00e7ermez: Se\u00e7ilen(*) i\u00e7erik geneti\u011fi de\u011fi\u015ftirilmi\u015f organizma i\u00e7ermez. (*)AB mevzuat\u0131na g\u00f6re. \u0130\u00e7erik: \u0130\u015flenmi\u015f Hayvansal Protein (%10 Somon), Pirin\u00e7 %20, Tavuk Ya\u011f\u0131, M\u0131s\u0131r Gluteni, Bu\u011fday, Bezelye, Somon Ya\u011f\u0131 %1, Kurutulmu\u015f Maya, Fruktooligosakkaritle (FOS) %0,6, Bitkisel Lifler, Potasyum Klor\u00fcr, Sodyum Fosfat, Yucca Schidigera %0,1, Taurin 2200 mg\/kg, Prebiyotik Mannanoligosakkaritler, Beta Glukan. Analitik Bile\u015fenler: Protein %34, Ya\u011f i\u00e7eri\u011fi %19, Ham sel\u00fcloz %2.8, Ham k\u00fcl %6.6, Kalsiyum %0.95, Fosfor %0.85 \u0130lave Katk\u0131lar: Besinsel Katk\u0131lar: Vitamin A (3a672a) 31,000 IU\/kg, Vitamin D3 (3a671) 1,850 IU\/kg, Vitamin E (3a700) 300 mg\/kg, Demir(II) S\u00fclfat Monohidrat 342 mg\/kg (Demir (3b103) 112 mg\/kg), Bak\u0131r S\u00fclfat Pentahidrat 44 mg\/kg (Bak\u0131r (3b405) 11,2 mg\/kg), Mangan S\u00fclfat Monohidrat 38,5 mg\/kg (Mangan (3b503) 12,5 mg\/kg), \u00c7inko S\u00fclfat Monohidrat 342 mg\/kg (\u00c7inko (3b605) 125 mg\/kg), Anhidre Kalsiyum Iyodat 3,4 mg\/kg (\u0130yot (3b203) 2,2 mg\/kg), Sodyum Selenit 0,68 mg\/kg (Selenyum (3b802) 0,31 mg\/kg). Teknolojik Katk\u0131lar: Antioksidanlar. Beslenme \u00d6nerileri: Mamaya, tabloda belirtilen miktarlarda ba\u015flaman\u0131z \u00f6nerilir. G\u00fcnl\u00fck miktar yol g\u00f6stericidir ve hayvan\u0131n aktivitesine, fizyolojik durumuna ve \u00e7evre s\u0131cakl\u0131\u011f\u0131na ba\u011fl\u0131 olarak de\u011fi\u015febilir. Mama ile birlikte her zaman taze ve temiz su bulundurunuz. Mamay\u0131, serin ve kuru bir yerde saklay\u0131n\u0131z.\" \/>\n<meta property=\"og:url\" content=\"https:\/\/anadolupet.com.tr\/en\/product\/lavital-somonlu-yavru-kedi-mamasi-12kg\/\" \/>\n<meta property=\"og:site_name\" content=\"Anadolu Pet Grup\" \/>\n<meta property=\"article:modified_time\" content=\"2026-02-23T12:49:24+00:00\" \/>\n<meta property=\"og:image\" content=\"https:\/\/anadolupet.com.tr\/wp-content\/uploads\/2026\/02\/800-103839_3.jpg\" \/>\n\t<meta property=\"og:image:width\" content=\"750\" \/>\n\t<meta property=\"og:image:height\" content=\"750\" \/>\n\t<meta property=\"og:image:type\" content=\"image\/jpeg\" \/>\n<meta name=\"twitter:card\" content=\"summary_large_image\" \/>\n<script type=\"application\/ld+json\" class=\"yoast-schema-graph\">{\"@context\":\"https:\\\/\\\/schema.org\",\"@graph\":[{\"@type\":\"WebPage\",\"@id\":\"https:\\\/\\\/anadolupet.com.tr\\\/urun\\\/lavital-somonlu-yavru-kedi-mamasi-12kg\\\/\",\"url\":\"https:\\\/\\\/anadolupet.com.tr\\\/urun\\\/lavital-somonlu-yavru-kedi-mamasi-12kg\\\/\",\"name\":\"LaVital Somonlu Yavru Kedi Mamas\u0131 12kg - Anadolu Pet Grup\",\"isPartOf\":{\"@id\":\"https:\\\/\\\/anadolupet.com.tr\\\/#website\"},\"primaryImageOfPage\":{\"@id\":\"https:\\\/\\\/anadolupet.com.tr\\\/urun\\\/lavital-somonlu-yavru-kedi-mamasi-12kg\\\/#primaryimage\"},\"image\":{\"@id\":\"https:\\\/\\\/anadolupet.com.tr\\\/urun\\\/lavital-somonlu-yavru-kedi-mamasi-12kg\\\/#primaryimage\"},\"thumbnailUrl\":\"https:\\\/\\\/anadolupet.com.tr\\\/wp-content\\\/uploads\\\/2026\\\/02\\\/800-103839_3.jpg\",\"datePublished\":\"2026-02-14T14:42:27+00:00\",\"dateModified\":\"2026-02-23T12:49:24+00:00\",\"breadcrumb\":{\"@id\":\"https:\\\/\\\/anadolupet.com.tr\\\/urun\\\/lavital-somonlu-yavru-kedi-mamasi-12kg\\\/#breadcrumb\"},\"inLanguage\":\"en-US\",\"potentialAction\":[{\"@type\":\"ReadAction\",\"target\":[\"https:\\\/\\\/anadolupet.com.tr\\\/urun\\\/lavital-somonlu-yavru-kedi-mamasi-12kg\\\/\"]}]},{\"@type\":\"ImageObject\",\"inLanguage\":\"en-US\",\"@id\":\"https:\\\/\\\/anadolupet.com.tr\\\/urun\\\/lavital-somonlu-yavru-kedi-mamasi-12kg\\\/#primaryimage\",\"url\":\"https:\\\/\\\/anadolupet.com.tr\\\/wp-content\\\/uploads\\\/2026\\\/02\\\/800-103839_3.jpg\",\"contentUrl\":\"https:\\\/\\\/anadolupet.com.tr\\\/wp-content\\\/uploads\\\/2026\\\/02\\\/800-103839_3.jpg\",\"width\":750,\"height\":750},{\"@type\":\"BreadcrumbList\",\"@id\":\"https:\\\/\\\/anadolupet.com.tr\\\/urun\\\/lavital-somonlu-yavru-kedi-mamasi-12kg\\\/#breadcrumb\",\"itemListElement\":[{\"@type\":\"ListItem\",\"position\":1,\"name\":\"Anasayfa\",\"item\":\"https:\\\/\\\/anadolupet.com.tr\\\/\"},{\"@type\":\"ListItem\",\"position\":2,\"name\":\"\u00dcr\u00fcnler\",\"item\":\"https:\\\/\\\/anadolupet.com.tr\\\/urunler\\\/\"},{\"@type\":\"ListItem\",\"position\":3,\"name\":\"LaVital Somonlu Yavru Kedi Mamas\u0131 12kg\"}]},{\"@type\":\"WebSite\",\"@id\":\"https:\\\/\\\/anadolupet.com.tr\\\/#website\",\"url\":\"https:\\\/\\\/anadolupet.com.tr\\\/\",\"name\":\"Anadolu Pet Grup\",\"description\":\"Her Can\u0131n \u0130yi Ya\u015fam\u0131 \u0130\u00e7in Biraraday\u0131z\",\"publisher\":{\"@id\":\"https:\\\/\\\/anadolupet.com.tr\\\/#organization\"},\"potentialAction\":[{\"@type\":\"SearchAction\",\"target\":{\"@type\":\"EntryPoint\",\"urlTemplate\":\"https:\\\/\\\/anadolupet.com.tr\\\/?s={search_term_string}\"},\"query-input\":{\"@type\":\"PropertyValueSpecification\",\"valueRequired\":true,\"valueName\":\"search_term_string\"}}],\"inLanguage\":\"en-US\"},{\"@type\":\"Organization\",\"@id\":\"https:\\\/\\\/anadolupet.com.tr\\\/#organization\",\"name\":\"Anadolu Pet Grup\",\"alternateName\":\"Anadolu Pet\",\"url\":\"https:\\\/\\\/anadolupet.com.tr\\\/\",\"logo\":{\"@type\":\"ImageObject\",\"inLanguage\":\"en-US\",\"@id\":\"https:\\\/\\\/anadolupet.com.tr\\\/#\\\/schema\\\/logo\\\/image\\\/\",\"url\":\"https:\\\/\\\/anadolupet.com.tr\\\/wp-content\\\/uploads\\\/2026\\\/03\\\/1614666743370.jpg\",\"contentUrl\":\"https:\\\/\\\/anadolupet.com.tr\\\/wp-content\\\/uploads\\\/2026\\\/03\\\/1614666743370.jpg\",\"width\":800,\"height\":571,\"caption\":\"Anadolu Pet Grup\"},\"image\":{\"@id\":\"https:\\\/\\\/anadolupet.com.tr\\\/#\\\/schema\\\/logo\\\/image\\\/\"}}]}<\/script>\n<!-- \/ Yoast SEO plugin. -->","yoast_head_json":{"title":"LaVital Somonlu Yavru Kedi Mamas\u0131 12kg - Anadolu Pet Grup","robots":{"index":"index","follow":"follow","max-snippet":"max-snippet:-1","max-image-preview":"max-image-preview:large","max-video-preview":"max-video-preview:-1"},"canonical":"https:\/\/anadolupet.com.tr\/en\/product\/lavital-somonlu-yavru-kedi-mamasi-12kg\/","og_locale":"en_US","og_type":"article","og_title":"LaVital Somonlu Yavru Kedi Mamas\u0131 12kg - Anadolu Pet Grup","og_description":"Yavru ve b\u00fcy\u00fcme d\u00f6nemindeki (3 hafta - 12 ay aras\u0131) kediler i\u00e7in somon bal\u0131kl\u0131 tam ve dengeli mama. B\u00fcy\u00fcme d\u00f6nemi, kedinin ileride sa\u011fl\u0131kl\u0131 bir ya\u015fam s\u00fcrmesi i\u00e7in kritik bir d\u00f6nemdir. Beslenme, sa\u011fl\u0131kl\u0131 bir b\u00fcy\u00fcme d\u00f6nemini etkileyen en \u00f6nemli fakt\u00f6rd\u00fcr. Bu d\u00f6nemde protein, ya\u011f, karbonhidrat ve mineral bak\u0131m\u0131ndan dengeli bir beslenme gereklidir. Ayn\u0131 zamanda yavru kedinin y\u00fcksek enerji ihtiyac\u0131 kar\u015f\u0131lanmal\u0131d\u0131r. Ayr\u0131ca ba\u011f\u0131\u015f\u0131kl\u0131k sisteminin yeni olu\u015fmaya ba\u015flad\u0131\u011f\u0131 bu hassas s\u00fcre\u00e7te, \u00f6zel i\u00e7eriklerle ba\u011f\u0131\u015f\u0131kl\u0131k desteklenmelidir. LaVital Kitten Salmon Formula, 3 hafta - 12 ay aras\u0131 yavru kedilerin, sa\u011fl\u0131kl\u0131 b\u00fcy\u00fcmelerini destekleyen t\u00fcm besin maddelerini i\u00e7erir. Bu \u00f6zel form\u00fcl, yavru kedilerin b\u00fcy\u00fcme d\u00f6nemindeki enerji ihtiya\u00e7lar\u0131n\u0131 kar\u015f\u0131lar. 1- Kolay sindirilir: Kaliteli ve sindirim oran\u0131 y\u00fcksek i\u00e7erikle form\u00fcle edilmi\u015ftir. Ba\u011f\u0131rsak aktivitesini destekleyen bir prebiyotik olan frukto-oligosakkarit i\u00e7erir. 2- Ba\u011f\u0131\u015f\u0131kl\u0131k Sistemi Korumas\u0131: \u00d6zel se\u00e7ilmi\u015f do\u011fal antioksidanlar, serbest radikallerle sava\u015farak ba\u011f\u0131\u015f\u0131kl\u0131k sistemini destekler. 3- B\u00fcy\u00fcme Deste\u011fi: DHA\/EPA kayna\u011f\u0131 olan bal\u0131k ya\u011f\u0131 i\u00e7ermesi ve y\u00fcksek kaliteli proteinler ile form\u00fcle edilmesi sayesinde, kedilerin b\u00fcy\u00fcme d\u00f6nemine destek olur. 4- GDO \u0130\u00e7ermez: Se\u00e7ilen(*) i\u00e7erik geneti\u011fi de\u011fi\u015ftirilmi\u015f organizma i\u00e7ermez. (*)AB mevzuat\u0131na g\u00f6re. \u0130\u00e7erik: \u0130\u015flenmi\u015f Hayvansal Protein (%10 Somon), Pirin\u00e7 %20, Tavuk Ya\u011f\u0131, M\u0131s\u0131r Gluteni, Bu\u011fday, Bezelye, Somon Ya\u011f\u0131 %1, Kurutulmu\u015f Maya, Fruktooligosakkaritle (FOS) %0,6, Bitkisel Lifler, Potasyum Klor\u00fcr, Sodyum Fosfat, Yucca Schidigera %0,1, Taurin 2200 mg\/kg, Prebiyotik Mannanoligosakkaritler, Beta Glukan. Analitik Bile\u015fenler: Protein %34, Ya\u011f i\u00e7eri\u011fi %19, Ham sel\u00fcloz %2.8, Ham k\u00fcl %6.6, Kalsiyum %0.95, Fosfor %0.85 \u0130lave Katk\u0131lar: Besinsel Katk\u0131lar: Vitamin A (3a672a) 31,000 IU\/kg, Vitamin D3 (3a671) 1,850 IU\/kg, Vitamin E (3a700) 300 mg\/kg, Demir(II) S\u00fclfat Monohidrat 342 mg\/kg (Demir (3b103) 112 mg\/kg), Bak\u0131r S\u00fclfat Pentahidrat 44 mg\/kg (Bak\u0131r (3b405) 11,2 mg\/kg), Mangan S\u00fclfat Monohidrat 38,5 mg\/kg (Mangan (3b503) 12,5 mg\/kg), \u00c7inko S\u00fclfat Monohidrat 342 mg\/kg (\u00c7inko (3b605) 125 mg\/kg), Anhidre Kalsiyum Iyodat 3,4 mg\/kg (\u0130yot (3b203) 2,2 mg\/kg), Sodyum Selenit 0,68 mg\/kg (Selenyum (3b802) 0,31 mg\/kg). Teknolojik Katk\u0131lar: Antioksidanlar. Beslenme \u00d6nerileri: Mamaya, tabloda belirtilen miktarlarda ba\u015flaman\u0131z \u00f6nerilir. G\u00fcnl\u00fck miktar yol g\u00f6stericidir ve hayvan\u0131n aktivitesine, fizyolojik durumuna ve \u00e7evre s\u0131cakl\u0131\u011f\u0131na ba\u011fl\u0131 olarak de\u011fi\u015febilir. Mama ile birlikte her zaman taze ve temiz su bulundurunuz. Mamay\u0131, serin ve kuru bir yerde saklay\u0131n\u0131z.","og_url":"https:\/\/anadolupet.com.tr\/en\/product\/lavital-somonlu-yavru-kedi-mamasi-12kg\/","og_site_name":"Anadolu Pet Grup","article_modified_time":"2026-02-23T12:49:24+00:00","og_image":[{"width":750,"height":750,"url":"https:\/\/anadolupet.com.tr\/wp-content\/uploads\/2026\/02\/800-103839_3.jpg","type":"image\/jpeg"}],"twitter_card":"summary_large_image","schema":{"@context":"https:\/\/schema.org","@graph":[{"@type":"WebPage","@id":"https:\/\/anadolupet.com.tr\/urun\/lavital-somonlu-yavru-kedi-mamasi-12kg\/","url":"https:\/\/anadolupet.com.tr\/urun\/lavital-somonlu-yavru-kedi-mamasi-12kg\/","name":"LaVital Somonlu Yavru Kedi Mamas\u0131 12kg - Anadolu Pet Grup","isPartOf":{"@id":"https:\/\/anadolupet.com.tr\/#website"},"primaryImageOfPage":{"@id":"https:\/\/anadolupet.com.tr\/urun\/lavital-somonlu-yavru-kedi-mamasi-12kg\/#primaryimage"},"image":{"@id":"https:\/\/anadolupet.com.tr\/urun\/lavital-somonlu-yavru-kedi-mamasi-12kg\/#primaryimage"},"thumbnailUrl":"https:\/\/anadolupet.com.tr\/wp-content\/uploads\/2026\/02\/800-103839_3.jpg","datePublished":"2026-02-14T14:42:27+00:00","dateModified":"2026-02-23T12:49:24+00:00","breadcrumb":{"@id":"https:\/\/anadolupet.com.tr\/urun\/lavital-somonlu-yavru-kedi-mamasi-12kg\/#breadcrumb"},"inLanguage":"en-US","potentialAction":[{"@type":"ReadAction","target":["https:\/\/anadolupet.com.tr\/urun\/lavital-somonlu-yavru-kedi-mamasi-12kg\/"]}]},{"@type":"ImageObject","inLanguage":"en-US","@id":"https:\/\/anadolupet.com.tr\/urun\/lavital-somonlu-yavru-kedi-mamasi-12kg\/#primaryimage","url":"https:\/\/anadolupet.com.tr\/wp-content\/uploads\/2026\/02\/800-103839_3.jpg","contentUrl":"https:\/\/anadolupet.com.tr\/wp-content\/uploads\/2026\/02\/800-103839_3.jpg","width":750,"height":750},{"@type":"BreadcrumbList","@id":"https:\/\/anadolupet.com.tr\/urun\/lavital-somonlu-yavru-kedi-mamasi-12kg\/#breadcrumb","itemListElement":[{"@type":"ListItem","position":1,"name":"Anasayfa","item":"https:\/\/anadolupet.com.tr\/"},{"@type":"ListItem","position":2,"name":"\u00dcr\u00fcnler","item":"https:\/\/anadolupet.com.tr\/urunler\/"},{"@type":"ListItem","position":3,"name":"LaVital Somonlu Yavru Kedi Mamas\u0131 12kg"}]},{"@type":"WebSite","@id":"https:\/\/anadolupet.com.tr\/#website","url":"https:\/\/anadolupet.com.tr\/","name":"Anadolu Pet Group","description":"We Stand Together for the Well-Being of Every Life","publisher":{"@id":"https:\/\/anadolupet.com.tr\/#organization"},"potentialAction":[{"@type":"SearchAction","target":{"@type":"EntryPoint","urlTemplate":"https:\/\/anadolupet.com.tr\/?s={search_term_string}"},"query-input":{"@type":"PropertyValueSpecification","valueRequired":true,"valueName":"search_term_string"}}],"inLanguage":"en-US"},{"@type":"Organization","@id":"https:\/\/anadolupet.com.tr\/#organization","name":"Anadolu Pet Group","alternateName":"Anadolu Pet","url":"https:\/\/anadolupet.com.tr\/","logo":{"@type":"ImageObject","inLanguage":"en-US","@id":"https:\/\/anadolupet.com.tr\/#\/schema\/logo\/image\/","url":"https:\/\/anadolupet.com.tr\/wp-content\/uploads\/2026\/03\/1614666743370.jpg","contentUrl":"https:\/\/anadolupet.com.tr\/wp-content\/uploads\/2026\/03\/1614666743370.jpg","width":800,"height":571,"caption":"Anadolu Pet Grup"},"image":{"@id":"https:\/\/anadolupet.com.tr\/#\/schema\/logo\/image\/"}}]}},"_links":{"self":[{"href":"https:\/\/anadolupet.com.tr\/en\/wp-json\/wp\/v2\/product\/45690","targetHints":{"allow":["GET"]}}],"collection":[{"href":"https:\/\/anadolupet.com.tr\/en\/wp-json\/wp\/v2\/product"}],"about":[{"href":"https:\/\/anadolupet.com.tr\/en\/wp-json\/wp\/v2\/types\/product"}],"replies":[{"embeddable":true,"href":"https:\/\/anadolupet.com.tr\/en\/wp-json\/wp\/v2\/comments?post=45690"}],"wp:featuredmedia":[{"embeddable":true,"href":"https:\/\/anadolupet.com.tr\/en\/wp-json\/wp\/v2\/media\/44451"}],"wp:attachment":[{"href":"https:\/\/anadolupet.com.tr\/en\/wp-json\/wp\/v2\/media?parent=45690"}],"wp:term":[{"taxonomy":"product_brand","embeddable":true,"href":"https:\/\/anadolupet.com.tr\/en\/wp-json\/wp\/v2\/product_brand?post=45690"},{"taxonomy":"product_cat","embeddable":true,"href":"https:\/\/anadolupet.com.tr\/en\/wp-json\/wp\/v2\/product_cat?post=45690"},{"taxonomy":"product_tag","embeddable":true,"href":"https:\/\/anadolupet.com.tr\/en\/wp-json\/wp\/v2\/product_tag?post=45690"}],"curies":[{"name":"wp","href":"https:\/\/api.w.org\/{rel}","templated":true}]}}