{"id":45712,"date":"2026-02-14T14:43:39","date_gmt":"2026-02-14T14:43:39","guid":{"rendered":"https:\/\/anadolupet.com.tr\/urun\/lavital-somonlu-kisirlastilmis-sterilised-yetiskin-kedi-mamasi-15kg\/"},"modified":"2026-02-23T12:50:33","modified_gmt":"2026-02-23T12:50:33","slug":"lavital-somonlu-kisirlastilmis-sterilised-yetiskin-kedi-mamasi-15kg","status":"publish","type":"product","link":"https:\/\/anadolupet.com.tr\/en\/urun\/lavital-somonlu-kisirlastilmis-sterilised-yetiskin-kedi-mamasi-15kg\/","title":{"rendered":"LaVital Somonlu K\u0131s\u0131rla\u015ft\u0131lm\u0131\u015f (Sterilised) Yeti\u015fkin Kedi Mamas\u0131 1,5kg"},"content":{"rendered":"","protected":false},"excerpt":{"rendered":"<p>LaVital Somonlu K\u0131s\u0131rla\u015ft\u0131r\u0131lm\u0131\u015f Kedi Mamas\u0131 (Sterilised Adult Salmon Formula), 12 ay \u00fczeri k\u0131s\u0131rla\u015ft\u0131r\u0131lm\u0131\u015f yeti\u015fkin kediler i\u00e7in ideal kilonun korunmas\u0131n\u0131 desteklemek amac\u0131yla \u00f6zel olarak form\u00fcle edilmi\u015ftir.<br \/>\nBile\u015fiminde bulunan kaliteli protein kayna\u011f\u0131 somon sayesinde kedinizin omega 6 ya\u011f asitleri ve bitkisel ya\u011f ihtiya\u00e7lar\u0131n\u0131 kar\u015f\u0131lamaktad\u0131r. Omega ya\u011f asitleri sayesinde t\u00fcylerde d\u00f6k\u00fclme, deride kepeklenme gibi deri problemlerinin \u00f6n\u00fcne ge\u00e7erek yeti\u015fkin kedilerin t\u00fcy ve deri sa\u011fl\u0131\u011f\u0131n\u0131 desteklemektedir. \u2022 Kaliteli ve sindirim oran\u0131 y\u00fcksek i\u00e7erikle form\u00fcle edilmi\u015ftir. Prebiyotik \u00f6zellik g\u00f6steren Frukto-oligasakkaritler (FOS) sayesinde ba\u011f\u0131rsak floras\u0131n\u0131n sa\u011fl\u0131\u011f\u0131n\u0131 d\u00fczenlemektedir.<br \/>\n\u2022 D\u00fc\u015f\u00fck kaloride olmas\u0131 sebebiyle k\u0131s\u0131rla\u015ft\u0131r\u0131lm\u0131\u015f kedilerde ideal kilonun korunmas\u0131n\u0131 sa\u011flamaktad\u0131r.<br \/>\n\u2022 Vitamin-mineral dengesi ve d\u00fc\u015f\u00fck magnezyum seviyesi sayesinde b\u00f6brek ve idrar kesesinin sa\u011fl\u0131\u011f\u0131n\u0131 korumaktad\u0131r.<br \/>\nGeneti\u011fi de\u011fi\u015ftirilmi\u015f hi\u00e7bir organizma i\u00e7ermemekle birlikte AB mevzuatlar\u0131na uygun bir somonlu k\u0131s\u0131rla\u015ft\u0131r\u0131lm\u0131\u015f kedi mamas\u0131d\u0131r.<\/p>","protected":false},"featured_media":44457,"comment_status":"open","ping_status":"closed","template":"","meta":{"_acf_changed":false},"product_brand":[],"product_cat":[2442],"product_tag":[],"class_list":{"0":"post-45712","1":"product","2":"type-product","3":"status-publish","4":"has-post-thumbnail","6":"product_cat-yetiskin-kedi-mamalari","8":"first","9":"instock","10":"shipping-taxable","11":"product-type-simple"},"acf":[],"yoast_head":"<!-- This site is optimized with the Yoast SEO plugin v27.5 - https:\/\/yoast.com\/product\/yoast-seo-wordpress\/ -->\n<title>LaVital Somonlu K\u0131s\u0131rla\u015ft\u0131lm\u0131\u015f (Sterilised) Yeti\u015fkin Kedi Mamas\u0131 1,5kg - Anadolu Pet Grup<\/title>\n<meta name=\"robots\" content=\"index, follow, max-snippet:-1, max-image-preview:large, max-video-preview:-1\" \/>\n<link rel=\"canonical\" href=\"https:\/\/anadolupet.com.tr\/en\/product\/lavital-somonlu-kisirlastilmis-sterilised-yetiskin-kedi-mamasi-15kg\/\" \/>\n<meta property=\"og:locale\" content=\"en_US\" \/>\n<meta property=\"og:type\" content=\"article\" \/>\n<meta property=\"og:title\" content=\"LaVital Somonlu K\u0131s\u0131rla\u015ft\u0131lm\u0131\u015f (Sterilised) Yeti\u015fkin Kedi Mamas\u0131 1,5kg - Anadolu Pet Grup\" \/>\n<meta property=\"og:description\" content=\"LaVital Somonlu K\u0131s\u0131rla\u015ft\u0131r\u0131lm\u0131\u015f Kedi Mamas\u0131 (Sterilised Adult Salmon Formula), 12 ay \u00fczeri k\u0131s\u0131rla\u015ft\u0131r\u0131lm\u0131\u015f yeti\u015fkin kediler i\u00e7in ideal kilonun korunmas\u0131n\u0131 desteklemek amac\u0131yla \u00f6zel olarak form\u00fcle edilmi\u015ftir. Bile\u015fiminde bulunan kaliteli protein kayna\u011f\u0131 somon sayesinde kedinizin omega 6 ya\u011f asitleri ve bitkisel ya\u011f ihtiya\u00e7lar\u0131n\u0131 kar\u015f\u0131lamaktad\u0131r. Omega ya\u011f asitleri sayesinde t\u00fcylerde d\u00f6k\u00fclme, deride kepeklenme gibi deri problemlerinin \u00f6n\u00fcne ge\u00e7erek yeti\u015fkin kedilerin t\u00fcy ve deri sa\u011fl\u0131\u011f\u0131n\u0131 desteklemektedir. \u2022 Kaliteli ve sindirim oran\u0131 y\u00fcksek i\u00e7erikle form\u00fcle edilmi\u015ftir. Prebiyotik \u00f6zellik g\u00f6steren Frukto-oligasakkaritler (FOS) sayesinde ba\u011f\u0131rsak floras\u0131n\u0131n sa\u011fl\u0131\u011f\u0131n\u0131 d\u00fczenlemektedir. \u2022 D\u00fc\u015f\u00fck kaloride olmas\u0131 sebebiyle k\u0131s\u0131rla\u015ft\u0131r\u0131lm\u0131\u015f kedilerde ideal kilonun korunmas\u0131n\u0131 sa\u011flamaktad\u0131r. \u2022 Vitamin-mineral dengesi ve d\u00fc\u015f\u00fck magnezyum seviyesi sayesinde b\u00f6brek ve idrar kesesinin sa\u011fl\u0131\u011f\u0131n\u0131 korumaktad\u0131r. Geneti\u011fi de\u011fi\u015ftirilmi\u015f hi\u00e7bir organizma i\u00e7ermemekle birlikte AB mevzuatlar\u0131na uygun bir somonlu k\u0131s\u0131rla\u015ft\u0131r\u0131lm\u0131\u015f kedi mamas\u0131d\u0131r.\" \/>\n<meta property=\"og:url\" content=\"https:\/\/anadolupet.com.tr\/en\/product\/lavital-somonlu-kisirlastilmis-sterilised-yetiskin-kedi-mamasi-15kg\/\" \/>\n<meta property=\"og:site_name\" content=\"Anadolu Pet Grup\" \/>\n<meta property=\"article:modified_time\" content=\"2026-02-23T12:50:33+00:00\" \/>\n<meta property=\"og:image\" content=\"https:\/\/anadolupet.com.tr\/wp-content\/uploads\/2026\/02\/800-103842_3.jpg\" \/>\n\t<meta property=\"og:image:width\" content=\"750\" \/>\n\t<meta property=\"og:image:height\" content=\"750\" \/>\n\t<meta property=\"og:image:type\" content=\"image\/jpeg\" \/>\n<meta name=\"twitter:card\" content=\"summary_large_image\" \/>\n<script type=\"application\/ld+json\" class=\"yoast-schema-graph\">{\"@context\":\"https:\\\/\\\/schema.org\",\"@graph\":[{\"@type\":\"WebPage\",\"@id\":\"https:\\\/\\\/anadolupet.com.tr\\\/urun\\\/lavital-somonlu-kisirlastilmis-sterilised-yetiskin-kedi-mamasi-15kg\\\/\",\"url\":\"https:\\\/\\\/anadolupet.com.tr\\\/urun\\\/lavital-somonlu-kisirlastilmis-sterilised-yetiskin-kedi-mamasi-15kg\\\/\",\"name\":\"LaVital Somonlu K\u0131s\u0131rla\u015ft\u0131lm\u0131\u015f (Sterilised) Yeti\u015fkin Kedi Mamas\u0131 1,5kg - Anadolu Pet Grup\",\"isPartOf\":{\"@id\":\"https:\\\/\\\/anadolupet.com.tr\\\/#website\"},\"primaryImageOfPage\":{\"@id\":\"https:\\\/\\\/anadolupet.com.tr\\\/urun\\\/lavital-somonlu-kisirlastilmis-sterilised-yetiskin-kedi-mamasi-15kg\\\/#primaryimage\"},\"image\":{\"@id\":\"https:\\\/\\\/anadolupet.com.tr\\\/urun\\\/lavital-somonlu-kisirlastilmis-sterilised-yetiskin-kedi-mamasi-15kg\\\/#primaryimage\"},\"thumbnailUrl\":\"https:\\\/\\\/anadolupet.com.tr\\\/wp-content\\\/uploads\\\/2026\\\/02\\\/800-103842_3.jpg\",\"datePublished\":\"2026-02-14T14:43:39+00:00\",\"dateModified\":\"2026-02-23T12:50:33+00:00\",\"breadcrumb\":{\"@id\":\"https:\\\/\\\/anadolupet.com.tr\\\/urun\\\/lavital-somonlu-kisirlastilmis-sterilised-yetiskin-kedi-mamasi-15kg\\\/#breadcrumb\"},\"inLanguage\":\"en-US\",\"potentialAction\":[{\"@type\":\"ReadAction\",\"target\":[\"https:\\\/\\\/anadolupet.com.tr\\\/urun\\\/lavital-somonlu-kisirlastilmis-sterilised-yetiskin-kedi-mamasi-15kg\\\/\"]}]},{\"@type\":\"ImageObject\",\"inLanguage\":\"en-US\",\"@id\":\"https:\\\/\\\/anadolupet.com.tr\\\/urun\\\/lavital-somonlu-kisirlastilmis-sterilised-yetiskin-kedi-mamasi-15kg\\\/#primaryimage\",\"url\":\"https:\\\/\\\/anadolupet.com.tr\\\/wp-content\\\/uploads\\\/2026\\\/02\\\/800-103842_3.jpg\",\"contentUrl\":\"https:\\\/\\\/anadolupet.com.tr\\\/wp-content\\\/uploads\\\/2026\\\/02\\\/800-103842_3.jpg\",\"width\":750,\"height\":750},{\"@type\":\"BreadcrumbList\",\"@id\":\"https:\\\/\\\/anadolupet.com.tr\\\/urun\\\/lavital-somonlu-kisirlastilmis-sterilised-yetiskin-kedi-mamasi-15kg\\\/#breadcrumb\",\"itemListElement\":[{\"@type\":\"ListItem\",\"position\":1,\"name\":\"Anasayfa\",\"item\":\"https:\\\/\\\/anadolupet.com.tr\\\/\"},{\"@type\":\"ListItem\",\"position\":2,\"name\":\"\u00dcr\u00fcnler\",\"item\":\"https:\\\/\\\/anadolupet.com.tr\\\/urunler\\\/\"},{\"@type\":\"ListItem\",\"position\":3,\"name\":\"LaVital Somonlu K\u0131s\u0131rla\u015ft\u0131lm\u0131\u015f (Sterilised) Yeti\u015fkin Kedi Mamas\u0131 1,5kg\"}]},{\"@type\":\"WebSite\",\"@id\":\"https:\\\/\\\/anadolupet.com.tr\\\/#website\",\"url\":\"https:\\\/\\\/anadolupet.com.tr\\\/\",\"name\":\"Anadolu Pet Grup\",\"description\":\"Her Can\u0131n \u0130yi Ya\u015fam\u0131 \u0130\u00e7in Biraraday\u0131z\",\"publisher\":{\"@id\":\"https:\\\/\\\/anadolupet.com.tr\\\/#organization\"},\"potentialAction\":[{\"@type\":\"SearchAction\",\"target\":{\"@type\":\"EntryPoint\",\"urlTemplate\":\"https:\\\/\\\/anadolupet.com.tr\\\/?s={search_term_string}\"},\"query-input\":{\"@type\":\"PropertyValueSpecification\",\"valueRequired\":true,\"valueName\":\"search_term_string\"}}],\"inLanguage\":\"en-US\"},{\"@type\":\"Organization\",\"@id\":\"https:\\\/\\\/anadolupet.com.tr\\\/#organization\",\"name\":\"Anadolu Pet Grup\",\"alternateName\":\"Anadolu Pet\",\"url\":\"https:\\\/\\\/anadolupet.com.tr\\\/\",\"logo\":{\"@type\":\"ImageObject\",\"inLanguage\":\"en-US\",\"@id\":\"https:\\\/\\\/anadolupet.com.tr\\\/#\\\/schema\\\/logo\\\/image\\\/\",\"url\":\"https:\\\/\\\/anadolupet.com.tr\\\/wp-content\\\/uploads\\\/2026\\\/03\\\/1614666743370.jpg\",\"contentUrl\":\"https:\\\/\\\/anadolupet.com.tr\\\/wp-content\\\/uploads\\\/2026\\\/03\\\/1614666743370.jpg\",\"width\":800,\"height\":571,\"caption\":\"Anadolu Pet Grup\"},\"image\":{\"@id\":\"https:\\\/\\\/anadolupet.com.tr\\\/#\\\/schema\\\/logo\\\/image\\\/\"}}]}<\/script>\n<!-- \/ Yoast SEO plugin. -->","yoast_head_json":{"title":"LaVital Somonlu K\u0131s\u0131rla\u015ft\u0131lm\u0131\u015f (Sterilised) Yeti\u015fkin Kedi Mamas\u0131 1,5kg - Anadolu Pet Grup","robots":{"index":"index","follow":"follow","max-snippet":"max-snippet:-1","max-image-preview":"max-image-preview:large","max-video-preview":"max-video-preview:-1"},"canonical":"https:\/\/anadolupet.com.tr\/en\/product\/lavital-somonlu-kisirlastilmis-sterilised-yetiskin-kedi-mamasi-15kg\/","og_locale":"en_US","og_type":"article","og_title":"LaVital Somonlu K\u0131s\u0131rla\u015ft\u0131lm\u0131\u015f (Sterilised) Yeti\u015fkin Kedi Mamas\u0131 1,5kg - Anadolu Pet Grup","og_description":"LaVital Somonlu K\u0131s\u0131rla\u015ft\u0131r\u0131lm\u0131\u015f Kedi Mamas\u0131 (Sterilised Adult Salmon Formula), 12 ay \u00fczeri k\u0131s\u0131rla\u015ft\u0131r\u0131lm\u0131\u015f yeti\u015fkin kediler i\u00e7in ideal kilonun korunmas\u0131n\u0131 desteklemek amac\u0131yla \u00f6zel olarak form\u00fcle edilmi\u015ftir. Bile\u015fiminde bulunan kaliteli protein kayna\u011f\u0131 somon sayesinde kedinizin omega 6 ya\u011f asitleri ve bitkisel ya\u011f ihtiya\u00e7lar\u0131n\u0131 kar\u015f\u0131lamaktad\u0131r. Omega ya\u011f asitleri sayesinde t\u00fcylerde d\u00f6k\u00fclme, deride kepeklenme gibi deri problemlerinin \u00f6n\u00fcne ge\u00e7erek yeti\u015fkin kedilerin t\u00fcy ve deri sa\u011fl\u0131\u011f\u0131n\u0131 desteklemektedir. \u2022 Kaliteli ve sindirim oran\u0131 y\u00fcksek i\u00e7erikle form\u00fcle edilmi\u015ftir. Prebiyotik \u00f6zellik g\u00f6steren Frukto-oligasakkaritler (FOS) sayesinde ba\u011f\u0131rsak floras\u0131n\u0131n sa\u011fl\u0131\u011f\u0131n\u0131 d\u00fczenlemektedir. \u2022 D\u00fc\u015f\u00fck kaloride olmas\u0131 sebebiyle k\u0131s\u0131rla\u015ft\u0131r\u0131lm\u0131\u015f kedilerde ideal kilonun korunmas\u0131n\u0131 sa\u011flamaktad\u0131r. \u2022 Vitamin-mineral dengesi ve d\u00fc\u015f\u00fck magnezyum seviyesi sayesinde b\u00f6brek ve idrar kesesinin sa\u011fl\u0131\u011f\u0131n\u0131 korumaktad\u0131r. Geneti\u011fi de\u011fi\u015ftirilmi\u015f hi\u00e7bir organizma i\u00e7ermemekle birlikte AB mevzuatlar\u0131na uygun bir somonlu k\u0131s\u0131rla\u015ft\u0131r\u0131lm\u0131\u015f kedi mamas\u0131d\u0131r.","og_url":"https:\/\/anadolupet.com.tr\/en\/product\/lavital-somonlu-kisirlastilmis-sterilised-yetiskin-kedi-mamasi-15kg\/","og_site_name":"Anadolu Pet Grup","article_modified_time":"2026-02-23T12:50:33+00:00","og_image":[{"width":750,"height":750,"url":"https:\/\/anadolupet.com.tr\/wp-content\/uploads\/2026\/02\/800-103842_3.jpg","type":"image\/jpeg"}],"twitter_card":"summary_large_image","schema":{"@context":"https:\/\/schema.org","@graph":[{"@type":"WebPage","@id":"https:\/\/anadolupet.com.tr\/urun\/lavital-somonlu-kisirlastilmis-sterilised-yetiskin-kedi-mamasi-15kg\/","url":"https:\/\/anadolupet.com.tr\/urun\/lavital-somonlu-kisirlastilmis-sterilised-yetiskin-kedi-mamasi-15kg\/","name":"LaVital Somonlu K\u0131s\u0131rla\u015ft\u0131lm\u0131\u015f (Sterilised) Yeti\u015fkin Kedi Mamas\u0131 1,5kg - Anadolu Pet Grup","isPartOf":{"@id":"https:\/\/anadolupet.com.tr\/#website"},"primaryImageOfPage":{"@id":"https:\/\/anadolupet.com.tr\/urun\/lavital-somonlu-kisirlastilmis-sterilised-yetiskin-kedi-mamasi-15kg\/#primaryimage"},"image":{"@id":"https:\/\/anadolupet.com.tr\/urun\/lavital-somonlu-kisirlastilmis-sterilised-yetiskin-kedi-mamasi-15kg\/#primaryimage"},"thumbnailUrl":"https:\/\/anadolupet.com.tr\/wp-content\/uploads\/2026\/02\/800-103842_3.jpg","datePublished":"2026-02-14T14:43:39+00:00","dateModified":"2026-02-23T12:50:33+00:00","breadcrumb":{"@id":"https:\/\/anadolupet.com.tr\/urun\/lavital-somonlu-kisirlastilmis-sterilised-yetiskin-kedi-mamasi-15kg\/#breadcrumb"},"inLanguage":"en-US","potentialAction":[{"@type":"ReadAction","target":["https:\/\/anadolupet.com.tr\/urun\/lavital-somonlu-kisirlastilmis-sterilised-yetiskin-kedi-mamasi-15kg\/"]}]},{"@type":"ImageObject","inLanguage":"en-US","@id":"https:\/\/anadolupet.com.tr\/urun\/lavital-somonlu-kisirlastilmis-sterilised-yetiskin-kedi-mamasi-15kg\/#primaryimage","url":"https:\/\/anadolupet.com.tr\/wp-content\/uploads\/2026\/02\/800-103842_3.jpg","contentUrl":"https:\/\/anadolupet.com.tr\/wp-content\/uploads\/2026\/02\/800-103842_3.jpg","width":750,"height":750},{"@type":"BreadcrumbList","@id":"https:\/\/anadolupet.com.tr\/urun\/lavital-somonlu-kisirlastilmis-sterilised-yetiskin-kedi-mamasi-15kg\/#breadcrumb","itemListElement":[{"@type":"ListItem","position":1,"name":"Anasayfa","item":"https:\/\/anadolupet.com.tr\/"},{"@type":"ListItem","position":2,"name":"\u00dcr\u00fcnler","item":"https:\/\/anadolupet.com.tr\/urunler\/"},{"@type":"ListItem","position":3,"name":"LaVital Somonlu K\u0131s\u0131rla\u015ft\u0131lm\u0131\u015f (Sterilised) Yeti\u015fkin Kedi Mamas\u0131 1,5kg"}]},{"@type":"WebSite","@id":"https:\/\/anadolupet.com.tr\/#website","url":"https:\/\/anadolupet.com.tr\/","name":"Anadolu Pet Group","description":"We Stand Together for the Well-Being of Every Life","publisher":{"@id":"https:\/\/anadolupet.com.tr\/#organization"},"potentialAction":[{"@type":"SearchAction","target":{"@type":"EntryPoint","urlTemplate":"https:\/\/anadolupet.com.tr\/?s={search_term_string}"},"query-input":{"@type":"PropertyValueSpecification","valueRequired":true,"valueName":"search_term_string"}}],"inLanguage":"en-US"},{"@type":"Organization","@id":"https:\/\/anadolupet.com.tr\/#organization","name":"Anadolu Pet Group","alternateName":"Anadolu Pet","url":"https:\/\/anadolupet.com.tr\/","logo":{"@type":"ImageObject","inLanguage":"en-US","@id":"https:\/\/anadolupet.com.tr\/#\/schema\/logo\/image\/","url":"https:\/\/anadolupet.com.tr\/wp-content\/uploads\/2026\/03\/1614666743370.jpg","contentUrl":"https:\/\/anadolupet.com.tr\/wp-content\/uploads\/2026\/03\/1614666743370.jpg","width":800,"height":571,"caption":"Anadolu Pet Grup"},"image":{"@id":"https:\/\/anadolupet.com.tr\/#\/schema\/logo\/image\/"}}]}},"_links":{"self":[{"href":"https:\/\/anadolupet.com.tr\/en\/wp-json\/wp\/v2\/product\/45712","targetHints":{"allow":["GET"]}}],"collection":[{"href":"https:\/\/anadolupet.com.tr\/en\/wp-json\/wp\/v2\/product"}],"about":[{"href":"https:\/\/anadolupet.com.tr\/en\/wp-json\/wp\/v2\/types\/product"}],"replies":[{"embeddable":true,"href":"https:\/\/anadolupet.com.tr\/en\/wp-json\/wp\/v2\/comments?post=45712"}],"wp:featuredmedia":[{"embeddable":true,"href":"https:\/\/anadolupet.com.tr\/en\/wp-json\/wp\/v2\/media\/44457"}],"wp:attachment":[{"href":"https:\/\/anadolupet.com.tr\/en\/wp-json\/wp\/v2\/media?parent=45712"}],"wp:term":[{"taxonomy":"product_brand","embeddable":true,"href":"https:\/\/anadolupet.com.tr\/en\/wp-json\/wp\/v2\/product_brand?post=45712"},{"taxonomy":"product_cat","embeddable":true,"href":"https:\/\/anadolupet.com.tr\/en\/wp-json\/wp\/v2\/product_cat?post=45712"},{"taxonomy":"product_tag","embeddable":true,"href":"https:\/\/anadolupet.com.tr\/en\/wp-json\/wp\/v2\/product_tag?post=45712"}],"curies":[{"name":"wp","href":"https:\/\/api.w.org\/{rel}","templated":true}]}}