{"id":45713,"date":"2026-02-14T14:43:40","date_gmt":"2026-02-14T14:43:40","guid":{"rendered":"https:\/\/anadolupet.com.tr\/urun\/lavital-somonlu-kucuk-irk-yetiskin-kopek-mamasi-15kg\/"},"modified":"2026-02-23T12:50:33","modified_gmt":"2026-02-23T12:50:33","slug":"lavital-somonlu-kucuk-irk-yetiskin-kopek-mamasi-15kg","status":"publish","type":"product","link":"https:\/\/anadolupet.com.tr\/en\/urun\/lavital-somonlu-kucuk-irk-yetiskin-kopek-mamasi-15kg\/","title":{"rendered":"LaVital Somonlu K\u00fc\u00e7\u00fck Irk Yeti\u015fkin K\u00f6pek Mamas\u0131 1,5kg"},"content":{"rendered":"","protected":false},"excerpt":{"rendered":"<p>LaVital Somonlu K\u00fc\u00e7\u00fck Irk Yeti\u015fkin K\u00f6pek Mamas\u0131 (Mini Adult Dog Salmon), k\u00fc\u00e7\u00fck \u0131rk yeti\u015fkin k\u00f6pekler i\u00e7in g\u00fcnl\u00fck beslenme ihtiya\u00e7lar\u0131n\u0131 kar\u015f\u0131lamaya yard\u0131mc\u0131 olmak \u00fczere kedi\/k\u00f6pek beslenme uzmanlar\u0131 taraf\u0131ndan \u00f6zenle form\u00fcle edilmi\u015f, somon proteini i\u00e7eren, tam ve dengeli yeti\u015fkin k\u00f6pek mamas\u0131d\u0131r.<br \/>\n*Kaliteli ve sindirim oran\u0131 y\u00fcksek i\u00e7erikle form\u00fcle edilmi\u015ftir. Prebiyotik \u00f6zellik g\u00f6steren Frukto-oligasakkaritler (FOS) sayesinde ba\u011f\u0131rsak floras\u0131n\u0131n sa\u011fl\u0131\u011f\u0131n\u0131 d\u00fczenlemektedir.<br \/>\n*Bile\u015fiminde bulunan kalsiyum, fosfor oran\u0131n dengeli olmas\u0131 sebebiyle kemik ve kas yap\u0131s\u0131n\u0131n g\u00fc\u00e7lenmesini desteklemektedir.<br \/>\n*\u0130\u00e7eri\u011finde bulunan do\u011fal antioksidanlar sayesinde serbest radikaller n\u00f6tralize edilerek h\u00fccre ve dokular korunmaktad\u0131r. B\u00f6ylelikle ba\u011f\u0131\u015f\u0131kl\u0131k sistemi ve genel sa\u011fl\u0131\u011f\u0131 g\u00fc\u00e7lendirmeye destek olur.<br \/>\nGeneti\u011fi de\u011fi\u015ftirilmi\u015f hi\u00e7bir organizma i\u00e7ermemekle birlikte AB mevzuatlar\u0131na uygun bir kuzu etli k\u00f6pek mamas\u0131d\u0131r.<br \/>\n\u0130\u00e7eri\u011fi:<br \/>\nPirin\u00e7 %20, m\u0131s\u0131r, somon proteini %10, i\u015flenmi\u015f hayvansal protein, bu\u011fday, m\u0131s\u0131r gluteni, tavuk ya\u011f\u0131, \u015feker pancar\u0131 posas\u0131, somon ya\u011f\u0131 %1, kurutulmu\u015f mayalar, frukto-oligosakkaritler, potasyum klor\u00fcr, sodyum klor\u00fcr, Mojave yucca %0,1, prebiyotik mannan-oligosakkaritler, beta glucan, glukozamin (500 mg\/kg).<br \/>\nBesleyici \u0130laveler: Vitamin A (3a672a) 25,000 IU\/kg, Vitamin D3 (E671) 1,500 IU\/kg, Vitamin E (3a700) 240 mg\/kg, Demir(II) s\u00fclfat monohidrat 274 mg\/kg (Demir(E1) 90 mg\/kg), Bak\u0131r s\u00fclfat pentahidrat 35,4 mg\/kg (Bak\u0131r(E4) 9 mg\/kg), Mangan s\u00fclfat monohidrat 30,8 mg\/kg (Mangan(E5) 10 mg\/kg), \u00c7inko s\u00fclfat monohidrat 274 mg(kg (\u00c7inko(3b603) 100 mg\/kg), Anhidre kalsiyum iyodat 2,8 mg\/kg ( \u0130yot(3b202) 1,8mg\/kg), Sodyum Selenit 0,55 mg\/kg (Selenyum(E8) 0,25 mg\/kg).<br \/>\nTeknolojik ilaveler: Antioksidanlar.<br \/>\nBesleme Talimat\u0131:<br \/>\nMamaya, tabloda belirtilen miktarlarda ba\u015flay\u0131n. Ancak daha sonra k\u00f6pe\u011finizin i\u015ftah ve kondisyon durumuna g\u00f6re verilecek miktarlar\u0131 de\u011fi\u015ftirebilirsiniz. K\u00f6pe\u011finizin besinsel ihtiya\u00e7lar\u0131, ya\u015f\u0131na, \u0131rk\u0131na, b\u00fcy\u00fckl\u00fc\u011f\u00fcne, aktive derecesine ve \u00e7evre ko\u015fullar\u0131na g\u00f6re farkl\u0131l\u0131k g\u00f6sterebilir. Beslenme tablosu g\u00fcnl\u00fck mama miktar\u0131na g\u00f6re d\u00fczenlenmi\u015ftir. Bu tabloyu rehber olarak k\u00f6pe\u011finiz i\u00e7in uygun olan miktar\u0131 g\u00fcnl\u00fck en az 2 \u00f6\u011f\u00fcn olmak \u00fczere \u00f6\u011f\u00fcn say\u0131s\u0131na g\u00f6re b\u00f6lerek k\u00f6pe\u011finizi besleyebilirsiniz. Daima mama ile birlikte taze ve temiz su bulundurun. T\u00fcm diyet de\u011fi\u015fiklikleri kademeli olmal\u0131d\u0131r. \u00dcr\u00fcn\u00fc serin ve kuru bir ortamda saklay\u0131n\u0131z.<\/p>","protected":false},"featured_media":44477,"comment_status":"open","ping_status":"closed","template":"","meta":{"_acf_changed":false},"product_brand":[],"product_cat":[2464],"product_tag":[],"class_list":{"0":"post-45713","1":"product","2":"type-product","3":"status-publish","4":"has-post-thumbnail","6":"product_cat-yetiskin-kopek-mamalari","8":"first","9":"instock","10":"shipping-taxable","11":"product-type-simple"},"acf":[],"yoast_head":"<!-- This site is optimized with the Yoast SEO plugin v27.5 - https:\/\/yoast.com\/product\/yoast-seo-wordpress\/ -->\n<title>LaVital Somonlu K\u00fc\u00e7\u00fck Irk Yeti\u015fkin K\u00f6pek Mamas\u0131 1,5kg - Anadolu Pet Grup<\/title>\n<meta name=\"robots\" content=\"index, follow, max-snippet:-1, max-image-preview:large, max-video-preview:-1\" \/>\n<link rel=\"canonical\" href=\"https:\/\/anadolupet.com.tr\/en\/product\/lavital-somonlu-kucuk-irk-yetiskin-kopek-mamasi-15kg\/\" \/>\n<meta property=\"og:locale\" content=\"en_US\" \/>\n<meta property=\"og:type\" content=\"article\" \/>\n<meta property=\"og:title\" content=\"LaVital Somonlu K\u00fc\u00e7\u00fck Irk Yeti\u015fkin K\u00f6pek Mamas\u0131 1,5kg - Anadolu Pet Grup\" \/>\n<meta property=\"og:description\" content=\"LaVital Somonlu K\u00fc\u00e7\u00fck Irk Yeti\u015fkin K\u00f6pek Mamas\u0131 (Mini Adult Dog Salmon), k\u00fc\u00e7\u00fck \u0131rk yeti\u015fkin k\u00f6pekler i\u00e7in g\u00fcnl\u00fck beslenme ihtiya\u00e7lar\u0131n\u0131 kar\u015f\u0131lamaya yard\u0131mc\u0131 olmak \u00fczere kedi\/k\u00f6pek beslenme uzmanlar\u0131 taraf\u0131ndan \u00f6zenle form\u00fcle edilmi\u015f, somon proteini i\u00e7eren, tam ve dengeli yeti\u015fkin k\u00f6pek mamas\u0131d\u0131r. *Kaliteli ve sindirim oran\u0131 y\u00fcksek i\u00e7erikle form\u00fcle edilmi\u015ftir. Prebiyotik \u00f6zellik g\u00f6steren Frukto-oligasakkaritler (FOS) sayesinde ba\u011f\u0131rsak floras\u0131n\u0131n sa\u011fl\u0131\u011f\u0131n\u0131 d\u00fczenlemektedir. *Bile\u015fiminde bulunan kalsiyum, fosfor oran\u0131n dengeli olmas\u0131 sebebiyle kemik ve kas yap\u0131s\u0131n\u0131n g\u00fc\u00e7lenmesini desteklemektedir. *\u0130\u00e7eri\u011finde bulunan do\u011fal antioksidanlar sayesinde serbest radikaller n\u00f6tralize edilerek h\u00fccre ve dokular korunmaktad\u0131r. B\u00f6ylelikle ba\u011f\u0131\u015f\u0131kl\u0131k sistemi ve genel sa\u011fl\u0131\u011f\u0131 g\u00fc\u00e7lendirmeye destek olur. Geneti\u011fi de\u011fi\u015ftirilmi\u015f hi\u00e7bir organizma i\u00e7ermemekle birlikte AB mevzuatlar\u0131na uygun bir kuzu etli k\u00f6pek mamas\u0131d\u0131r. \u0130\u00e7eri\u011fi: Pirin\u00e7 %20, m\u0131s\u0131r, somon proteini %10, i\u015flenmi\u015f hayvansal protein, bu\u011fday, m\u0131s\u0131r gluteni, tavuk ya\u011f\u0131, \u015feker pancar\u0131 posas\u0131, somon ya\u011f\u0131 %1, kurutulmu\u015f mayalar, frukto-oligosakkaritler, potasyum klor\u00fcr, sodyum klor\u00fcr, Mojave yucca %0,1, prebiyotik mannan-oligosakkaritler, beta glucan, glukozamin (500 mg\/kg). Besleyici \u0130laveler: Vitamin A (3a672a) 25,000 IU\/kg, Vitamin D3 (E671) 1,500 IU\/kg, Vitamin E (3a700) 240 mg\/kg, Demir(II) s\u00fclfat monohidrat 274 mg\/kg (Demir(E1) 90 mg\/kg), Bak\u0131r s\u00fclfat pentahidrat 35,4 mg\/kg (Bak\u0131r(E4) 9 mg\/kg), Mangan s\u00fclfat monohidrat 30,8 mg\/kg (Mangan(E5) 10 mg\/kg), \u00c7inko s\u00fclfat monohidrat 274 mg(kg (\u00c7inko(3b603) 100 mg\/kg), Anhidre kalsiyum iyodat 2,8 mg\/kg ( \u0130yot(3b202) 1,8mg\/kg), Sodyum Selenit 0,55 mg\/kg (Selenyum(E8) 0,25 mg\/kg). Teknolojik ilaveler: Antioksidanlar. Besleme Talimat\u0131: Mamaya, tabloda belirtilen miktarlarda ba\u015flay\u0131n. Ancak daha sonra k\u00f6pe\u011finizin i\u015ftah ve kondisyon durumuna g\u00f6re verilecek miktarlar\u0131 de\u011fi\u015ftirebilirsiniz. K\u00f6pe\u011finizin besinsel ihtiya\u00e7lar\u0131, ya\u015f\u0131na, \u0131rk\u0131na, b\u00fcy\u00fckl\u00fc\u011f\u00fcne, aktive derecesine ve \u00e7evre ko\u015fullar\u0131na g\u00f6re farkl\u0131l\u0131k g\u00f6sterebilir. Beslenme tablosu g\u00fcnl\u00fck mama miktar\u0131na g\u00f6re d\u00fczenlenmi\u015ftir. Bu tabloyu rehber olarak k\u00f6pe\u011finiz i\u00e7in uygun olan miktar\u0131 g\u00fcnl\u00fck en az 2 \u00f6\u011f\u00fcn olmak \u00fczere \u00f6\u011f\u00fcn say\u0131s\u0131na g\u00f6re b\u00f6lerek k\u00f6pe\u011finizi besleyebilirsiniz. Daima mama ile birlikte taze ve temiz su bulundurun. T\u00fcm diyet de\u011fi\u015fiklikleri kademeli olmal\u0131d\u0131r. \u00dcr\u00fcn\u00fc serin ve kuru bir ortamda saklay\u0131n\u0131z.\" \/>\n<meta property=\"og:url\" content=\"https:\/\/anadolupet.com.tr\/en\/product\/lavital-somonlu-kucuk-irk-yetiskin-kopek-mamasi-15kg\/\" \/>\n<meta property=\"og:site_name\" content=\"Anadolu Pet Grup\" \/>\n<meta property=\"article:modified_time\" content=\"2026-02-23T12:50:33+00:00\" \/>\n<meta property=\"og:image\" content=\"https:\/\/anadolupet.com.tr\/wp-content\/uploads\/2026\/02\/801-103844.jpg\" \/>\n\t<meta property=\"og:image:width\" content=\"750\" \/>\n\t<meta property=\"og:image:height\" content=\"750\" \/>\n\t<meta property=\"og:image:type\" content=\"image\/jpeg\" \/>\n<meta name=\"twitter:card\" content=\"summary_large_image\" \/>\n<script type=\"application\/ld+json\" class=\"yoast-schema-graph\">{\"@context\":\"https:\\\/\\\/schema.org\",\"@graph\":[{\"@type\":\"WebPage\",\"@id\":\"https:\\\/\\\/anadolupet.com.tr\\\/urun\\\/lavital-somonlu-kucuk-irk-yetiskin-kopek-mamasi-15kg\\\/\",\"url\":\"https:\\\/\\\/anadolupet.com.tr\\\/urun\\\/lavital-somonlu-kucuk-irk-yetiskin-kopek-mamasi-15kg\\\/\",\"name\":\"LaVital Somonlu K\u00fc\u00e7\u00fck Irk Yeti\u015fkin K\u00f6pek Mamas\u0131 1,5kg - Anadolu Pet Grup\",\"isPartOf\":{\"@id\":\"https:\\\/\\\/anadolupet.com.tr\\\/#website\"},\"primaryImageOfPage\":{\"@id\":\"https:\\\/\\\/anadolupet.com.tr\\\/urun\\\/lavital-somonlu-kucuk-irk-yetiskin-kopek-mamasi-15kg\\\/#primaryimage\"},\"image\":{\"@id\":\"https:\\\/\\\/anadolupet.com.tr\\\/urun\\\/lavital-somonlu-kucuk-irk-yetiskin-kopek-mamasi-15kg\\\/#primaryimage\"},\"thumbnailUrl\":\"https:\\\/\\\/anadolupet.com.tr\\\/wp-content\\\/uploads\\\/2026\\\/02\\\/801-103844.jpg\",\"datePublished\":\"2026-02-14T14:43:40+00:00\",\"dateModified\":\"2026-02-23T12:50:33+00:00\",\"breadcrumb\":{\"@id\":\"https:\\\/\\\/anadolupet.com.tr\\\/urun\\\/lavital-somonlu-kucuk-irk-yetiskin-kopek-mamasi-15kg\\\/#breadcrumb\"},\"inLanguage\":\"en-US\",\"potentialAction\":[{\"@type\":\"ReadAction\",\"target\":[\"https:\\\/\\\/anadolupet.com.tr\\\/urun\\\/lavital-somonlu-kucuk-irk-yetiskin-kopek-mamasi-15kg\\\/\"]}]},{\"@type\":\"ImageObject\",\"inLanguage\":\"en-US\",\"@id\":\"https:\\\/\\\/anadolupet.com.tr\\\/urun\\\/lavital-somonlu-kucuk-irk-yetiskin-kopek-mamasi-15kg\\\/#primaryimage\",\"url\":\"https:\\\/\\\/anadolupet.com.tr\\\/wp-content\\\/uploads\\\/2026\\\/02\\\/801-103844.jpg\",\"contentUrl\":\"https:\\\/\\\/anadolupet.com.tr\\\/wp-content\\\/uploads\\\/2026\\\/02\\\/801-103844.jpg\",\"width\":750,\"height\":750},{\"@type\":\"BreadcrumbList\",\"@id\":\"https:\\\/\\\/anadolupet.com.tr\\\/urun\\\/lavital-somonlu-kucuk-irk-yetiskin-kopek-mamasi-15kg\\\/#breadcrumb\",\"itemListElement\":[{\"@type\":\"ListItem\",\"position\":1,\"name\":\"Anasayfa\",\"item\":\"https:\\\/\\\/anadolupet.com.tr\\\/\"},{\"@type\":\"ListItem\",\"position\":2,\"name\":\"\u00dcr\u00fcnler\",\"item\":\"https:\\\/\\\/anadolupet.com.tr\\\/urunler\\\/\"},{\"@type\":\"ListItem\",\"position\":3,\"name\":\"LaVital Somonlu K\u00fc\u00e7\u00fck Irk Yeti\u015fkin K\u00f6pek Mamas\u0131 1,5kg\"}]},{\"@type\":\"WebSite\",\"@id\":\"https:\\\/\\\/anadolupet.com.tr\\\/#website\",\"url\":\"https:\\\/\\\/anadolupet.com.tr\\\/\",\"name\":\"Anadolu Pet Grup\",\"description\":\"Her Can\u0131n \u0130yi Ya\u015fam\u0131 \u0130\u00e7in Biraraday\u0131z\",\"publisher\":{\"@id\":\"https:\\\/\\\/anadolupet.com.tr\\\/#organization\"},\"potentialAction\":[{\"@type\":\"SearchAction\",\"target\":{\"@type\":\"EntryPoint\",\"urlTemplate\":\"https:\\\/\\\/anadolupet.com.tr\\\/?s={search_term_string}\"},\"query-input\":{\"@type\":\"PropertyValueSpecification\",\"valueRequired\":true,\"valueName\":\"search_term_string\"}}],\"inLanguage\":\"en-US\"},{\"@type\":\"Organization\",\"@id\":\"https:\\\/\\\/anadolupet.com.tr\\\/#organization\",\"name\":\"Anadolu Pet Grup\",\"alternateName\":\"Anadolu Pet\",\"url\":\"https:\\\/\\\/anadolupet.com.tr\\\/\",\"logo\":{\"@type\":\"ImageObject\",\"inLanguage\":\"en-US\",\"@id\":\"https:\\\/\\\/anadolupet.com.tr\\\/#\\\/schema\\\/logo\\\/image\\\/\",\"url\":\"https:\\\/\\\/anadolupet.com.tr\\\/wp-content\\\/uploads\\\/2026\\\/03\\\/1614666743370.jpg\",\"contentUrl\":\"https:\\\/\\\/anadolupet.com.tr\\\/wp-content\\\/uploads\\\/2026\\\/03\\\/1614666743370.jpg\",\"width\":800,\"height\":571,\"caption\":\"Anadolu Pet Grup\"},\"image\":{\"@id\":\"https:\\\/\\\/anadolupet.com.tr\\\/#\\\/schema\\\/logo\\\/image\\\/\"}}]}<\/script>\n<!-- \/ Yoast SEO plugin. -->","yoast_head_json":{"title":"LaVital Somonlu K\u00fc\u00e7\u00fck Irk Yeti\u015fkin K\u00f6pek Mamas\u0131 1,5kg - Anadolu Pet Grup","robots":{"index":"index","follow":"follow","max-snippet":"max-snippet:-1","max-image-preview":"max-image-preview:large","max-video-preview":"max-video-preview:-1"},"canonical":"https:\/\/anadolupet.com.tr\/en\/product\/lavital-somonlu-kucuk-irk-yetiskin-kopek-mamasi-15kg\/","og_locale":"en_US","og_type":"article","og_title":"LaVital Somonlu K\u00fc\u00e7\u00fck Irk Yeti\u015fkin K\u00f6pek Mamas\u0131 1,5kg - Anadolu Pet Grup","og_description":"LaVital Somonlu K\u00fc\u00e7\u00fck Irk Yeti\u015fkin K\u00f6pek Mamas\u0131 (Mini Adult Dog Salmon), k\u00fc\u00e7\u00fck \u0131rk yeti\u015fkin k\u00f6pekler i\u00e7in g\u00fcnl\u00fck beslenme ihtiya\u00e7lar\u0131n\u0131 kar\u015f\u0131lamaya yard\u0131mc\u0131 olmak \u00fczere kedi\/k\u00f6pek beslenme uzmanlar\u0131 taraf\u0131ndan \u00f6zenle form\u00fcle edilmi\u015f, somon proteini i\u00e7eren, tam ve dengeli yeti\u015fkin k\u00f6pek mamas\u0131d\u0131r. *Kaliteli ve sindirim oran\u0131 y\u00fcksek i\u00e7erikle form\u00fcle edilmi\u015ftir. Prebiyotik \u00f6zellik g\u00f6steren Frukto-oligasakkaritler (FOS) sayesinde ba\u011f\u0131rsak floras\u0131n\u0131n sa\u011fl\u0131\u011f\u0131n\u0131 d\u00fczenlemektedir. *Bile\u015fiminde bulunan kalsiyum, fosfor oran\u0131n dengeli olmas\u0131 sebebiyle kemik ve kas yap\u0131s\u0131n\u0131n g\u00fc\u00e7lenmesini desteklemektedir. *\u0130\u00e7eri\u011finde bulunan do\u011fal antioksidanlar sayesinde serbest radikaller n\u00f6tralize edilerek h\u00fccre ve dokular korunmaktad\u0131r. B\u00f6ylelikle ba\u011f\u0131\u015f\u0131kl\u0131k sistemi ve genel sa\u011fl\u0131\u011f\u0131 g\u00fc\u00e7lendirmeye destek olur. Geneti\u011fi de\u011fi\u015ftirilmi\u015f hi\u00e7bir organizma i\u00e7ermemekle birlikte AB mevzuatlar\u0131na uygun bir kuzu etli k\u00f6pek mamas\u0131d\u0131r. \u0130\u00e7eri\u011fi: Pirin\u00e7 %20, m\u0131s\u0131r, somon proteini %10, i\u015flenmi\u015f hayvansal protein, bu\u011fday, m\u0131s\u0131r gluteni, tavuk ya\u011f\u0131, \u015feker pancar\u0131 posas\u0131, somon ya\u011f\u0131 %1, kurutulmu\u015f mayalar, frukto-oligosakkaritler, potasyum klor\u00fcr, sodyum klor\u00fcr, Mojave yucca %0,1, prebiyotik mannan-oligosakkaritler, beta glucan, glukozamin (500 mg\/kg). Besleyici \u0130laveler: Vitamin A (3a672a) 25,000 IU\/kg, Vitamin D3 (E671) 1,500 IU\/kg, Vitamin E (3a700) 240 mg\/kg, Demir(II) s\u00fclfat monohidrat 274 mg\/kg (Demir(E1) 90 mg\/kg), Bak\u0131r s\u00fclfat pentahidrat 35,4 mg\/kg (Bak\u0131r(E4) 9 mg\/kg), Mangan s\u00fclfat monohidrat 30,8 mg\/kg (Mangan(E5) 10 mg\/kg), \u00c7inko s\u00fclfat monohidrat 274 mg(kg (\u00c7inko(3b603) 100 mg\/kg), Anhidre kalsiyum iyodat 2,8 mg\/kg ( \u0130yot(3b202) 1,8mg\/kg), Sodyum Selenit 0,55 mg\/kg (Selenyum(E8) 0,25 mg\/kg). Teknolojik ilaveler: Antioksidanlar. Besleme Talimat\u0131: Mamaya, tabloda belirtilen miktarlarda ba\u015flay\u0131n. Ancak daha sonra k\u00f6pe\u011finizin i\u015ftah ve kondisyon durumuna g\u00f6re verilecek miktarlar\u0131 de\u011fi\u015ftirebilirsiniz. K\u00f6pe\u011finizin besinsel ihtiya\u00e7lar\u0131, ya\u015f\u0131na, \u0131rk\u0131na, b\u00fcy\u00fckl\u00fc\u011f\u00fcne, aktive derecesine ve \u00e7evre ko\u015fullar\u0131na g\u00f6re farkl\u0131l\u0131k g\u00f6sterebilir. Beslenme tablosu g\u00fcnl\u00fck mama miktar\u0131na g\u00f6re d\u00fczenlenmi\u015ftir. Bu tabloyu rehber olarak k\u00f6pe\u011finiz i\u00e7in uygun olan miktar\u0131 g\u00fcnl\u00fck en az 2 \u00f6\u011f\u00fcn olmak \u00fczere \u00f6\u011f\u00fcn say\u0131s\u0131na g\u00f6re b\u00f6lerek k\u00f6pe\u011finizi besleyebilirsiniz. Daima mama ile birlikte taze ve temiz su bulundurun. T\u00fcm diyet de\u011fi\u015fiklikleri kademeli olmal\u0131d\u0131r. \u00dcr\u00fcn\u00fc serin ve kuru bir ortamda saklay\u0131n\u0131z.","og_url":"https:\/\/anadolupet.com.tr\/en\/product\/lavital-somonlu-kucuk-irk-yetiskin-kopek-mamasi-15kg\/","og_site_name":"Anadolu Pet Grup","article_modified_time":"2026-02-23T12:50:33+00:00","og_image":[{"width":750,"height":750,"url":"https:\/\/anadolupet.com.tr\/wp-content\/uploads\/2026\/02\/801-103844.jpg","type":"image\/jpeg"}],"twitter_card":"summary_large_image","schema":{"@context":"https:\/\/schema.org","@graph":[{"@type":"WebPage","@id":"https:\/\/anadolupet.com.tr\/urun\/lavital-somonlu-kucuk-irk-yetiskin-kopek-mamasi-15kg\/","url":"https:\/\/anadolupet.com.tr\/urun\/lavital-somonlu-kucuk-irk-yetiskin-kopek-mamasi-15kg\/","name":"LaVital Somonlu K\u00fc\u00e7\u00fck Irk Yeti\u015fkin K\u00f6pek Mamas\u0131 1,5kg - Anadolu Pet Grup","isPartOf":{"@id":"https:\/\/anadolupet.com.tr\/#website"},"primaryImageOfPage":{"@id":"https:\/\/anadolupet.com.tr\/urun\/lavital-somonlu-kucuk-irk-yetiskin-kopek-mamasi-15kg\/#primaryimage"},"image":{"@id":"https:\/\/anadolupet.com.tr\/urun\/lavital-somonlu-kucuk-irk-yetiskin-kopek-mamasi-15kg\/#primaryimage"},"thumbnailUrl":"https:\/\/anadolupet.com.tr\/wp-content\/uploads\/2026\/02\/801-103844.jpg","datePublished":"2026-02-14T14:43:40+00:00","dateModified":"2026-02-23T12:50:33+00:00","breadcrumb":{"@id":"https:\/\/anadolupet.com.tr\/urun\/lavital-somonlu-kucuk-irk-yetiskin-kopek-mamasi-15kg\/#breadcrumb"},"inLanguage":"en-US","potentialAction":[{"@type":"ReadAction","target":["https:\/\/anadolupet.com.tr\/urun\/lavital-somonlu-kucuk-irk-yetiskin-kopek-mamasi-15kg\/"]}]},{"@type":"ImageObject","inLanguage":"en-US","@id":"https:\/\/anadolupet.com.tr\/urun\/lavital-somonlu-kucuk-irk-yetiskin-kopek-mamasi-15kg\/#primaryimage","url":"https:\/\/anadolupet.com.tr\/wp-content\/uploads\/2026\/02\/801-103844.jpg","contentUrl":"https:\/\/anadolupet.com.tr\/wp-content\/uploads\/2026\/02\/801-103844.jpg","width":750,"height":750},{"@type":"BreadcrumbList","@id":"https:\/\/anadolupet.com.tr\/urun\/lavital-somonlu-kucuk-irk-yetiskin-kopek-mamasi-15kg\/#breadcrumb","itemListElement":[{"@type":"ListItem","position":1,"name":"Anasayfa","item":"https:\/\/anadolupet.com.tr\/"},{"@type":"ListItem","position":2,"name":"\u00dcr\u00fcnler","item":"https:\/\/anadolupet.com.tr\/urunler\/"},{"@type":"ListItem","position":3,"name":"LaVital Somonlu K\u00fc\u00e7\u00fck Irk Yeti\u015fkin K\u00f6pek Mamas\u0131 1,5kg"}]},{"@type":"WebSite","@id":"https:\/\/anadolupet.com.tr\/#website","url":"https:\/\/anadolupet.com.tr\/","name":"Anadolu Pet Group","description":"We Stand Together for the Well-Being of Every Life","publisher":{"@id":"https:\/\/anadolupet.com.tr\/#organization"},"potentialAction":[{"@type":"SearchAction","target":{"@type":"EntryPoint","urlTemplate":"https:\/\/anadolupet.com.tr\/?s={search_term_string}"},"query-input":{"@type":"PropertyValueSpecification","valueRequired":true,"valueName":"search_term_string"}}],"inLanguage":"en-US"},{"@type":"Organization","@id":"https:\/\/anadolupet.com.tr\/#organization","name":"Anadolu Pet Group","alternateName":"Anadolu Pet","url":"https:\/\/anadolupet.com.tr\/","logo":{"@type":"ImageObject","inLanguage":"en-US","@id":"https:\/\/anadolupet.com.tr\/#\/schema\/logo\/image\/","url":"https:\/\/anadolupet.com.tr\/wp-content\/uploads\/2026\/03\/1614666743370.jpg","contentUrl":"https:\/\/anadolupet.com.tr\/wp-content\/uploads\/2026\/03\/1614666743370.jpg","width":800,"height":571,"caption":"Anadolu Pet Grup"},"image":{"@id":"https:\/\/anadolupet.com.tr\/#\/schema\/logo\/image\/"}}]}},"_links":{"self":[{"href":"https:\/\/anadolupet.com.tr\/en\/wp-json\/wp\/v2\/product\/45713","targetHints":{"allow":["GET"]}}],"collection":[{"href":"https:\/\/anadolupet.com.tr\/en\/wp-json\/wp\/v2\/product"}],"about":[{"href":"https:\/\/anadolupet.com.tr\/en\/wp-json\/wp\/v2\/types\/product"}],"replies":[{"embeddable":true,"href":"https:\/\/anadolupet.com.tr\/en\/wp-json\/wp\/v2\/comments?post=45713"}],"wp:featuredmedia":[{"embeddable":true,"href":"https:\/\/anadolupet.com.tr\/en\/wp-json\/wp\/v2\/media\/44477"}],"wp:attachment":[{"href":"https:\/\/anadolupet.com.tr\/en\/wp-json\/wp\/v2\/media?parent=45713"}],"wp:term":[{"taxonomy":"product_brand","embeddable":true,"href":"https:\/\/anadolupet.com.tr\/en\/wp-json\/wp\/v2\/product_brand?post=45713"},{"taxonomy":"product_cat","embeddable":true,"href":"https:\/\/anadolupet.com.tr\/en\/wp-json\/wp\/v2\/product_cat?post=45713"},{"taxonomy":"product_tag","embeddable":true,"href":"https:\/\/anadolupet.com.tr\/en\/wp-json\/wp\/v2\/product_tag?post=45713"}],"curies":[{"name":"wp","href":"https:\/\/api.w.org\/{rel}","templated":true}]}}