{"id":45714,"date":"2026-02-14T14:43:40","date_gmt":"2026-02-14T14:43:40","guid":{"rendered":"https:\/\/anadolupet.com.tr\/urun\/lavital-somonlu-orta-buyuk-irk-yetiskin-yavru-kopek-mamasi-132kg-hediyeli\/"},"modified":"2026-02-23T12:50:33","modified_gmt":"2026-02-23T12:50:33","slug":"lavital-somonlu-orta-buyuk-irk-yetiskin-yavru-kopek-mamasi-132kg-hediyeli","status":"publish","type":"product","link":"https:\/\/anadolupet.com.tr\/en\/urun\/lavital-somonlu-orta-buyuk-irk-yetiskin-yavru-kopek-mamasi-132kg-hediyeli\/","title":{"rendered":"LaVital Somonlu Orta-B\u00fcy\u00fck Irk Yeti\u015fkin Yavru K\u00f6pek Mamas\u0131 13+2kg Hediyeli"},"content":{"rendered":"","protected":false},"excerpt":{"rendered":"<p>LaVital B\u00fcy\u00fck Irk Yavru Somonlu K\u00f6pek Mamas\u0131 (Maxi Puppy Salmon Formula), 2 ayl\u0131k ya\u015ftan 15 ayl\u0131k ya\u015fa kadarki b\u00fcy\u00fcme d\u00f6nemde b\u00fcy\u00fck \u0131rk yavru k\u00f6peklerin genel sa\u011fl\u0131\u011f\u0131n\u0131n korunmas\u0131, ba\u011f\u0131\u015f\u0131kl\u0131k sisteminin geli\u015fmesi ve t\u00fcm besin madde ihtiyac\u0131n\u0131n kar\u015f\u0131lanmas\u0131 i\u00e7in \u00f6zel olarak form\u00fcle edilmi\u015ftir. Zengin i\u00e7eri\u011fi, kaliteli protein kayna\u011f\u0131, vitamin ve mineral dengesi sayesinde yavru k\u00fc\u00e7\u00fck \u0131rk k\u00f6peklerin besin madde ihtiya\u00e7lar\u0131n\u0131 eksiksiz olarak kar\u015f\u0131layacak d\u00fczeydedir.<br \/>\nBa\u011f\u0131rsak aktivitesi ve floras\u0131n\u0131 dengeleyen zengin i\u00e7eri\u011fiyle sa\u011fl\u0131kl\u0131 bir sindirime katk\u0131da bulunur. Bile\u015fiminde bulunan kaliteli protein kayna\u011f\u0131 somon sayesinde k\u00f6pe\u011finizin omega 6 ya\u011f asitleri ve bitkisel ya\u011f ihtiya\u00e7lar\u0131n\u0131 kar\u015f\u0131lamaktad\u0131r. Omega 6 ya\u011f asitleri sayesinde t\u00fcylerde d\u00f6k\u00fclme, deride kepeklenme gibi deri problemlerinin \u00f6n\u00fcne ge\u00e7erek yeti\u015fkin k\u00f6peklerin t\u00fcy ve deri sa\u011fl\u0131\u011f\u0131n\u0131 desteklemektedir. \u2022 Omega 6 ya\u011f asitleri sayesinde t\u00fcy ve deri sa\u011fl\u0131\u011f\u0131n\u0131 korumaktad\u0131r. B\u00f6ylelikle deride kepeklenme, t\u00fcylerde d\u00f6k\u00fclme gibi deri sorunlar\u0131n\u0131n azalt\u0131lmas\u0131n\u0131 sa\u011flamaktad\u0131r.<br \/>\n\u2022 \u0130\u00e7eri\u011finde bulunan do\u011fal antioksidanlar sayesinde serbest radikaller n\u00f6tralize edilerek h\u00fccre ve dokular korunmaktad\u0131r. B\u00f6ylelikle ba\u011f\u0131\u015f\u0131kl\u0131k sistemi ve genel sa\u011fl\u0131\u011f\u0131 g\u00fc\u00e7lendirmeye destek olur.<br \/>\n\u2022 Y\u00fcksek kaliteli protein kayna\u011f\u0131 i\u00e7ermesi ve bal\u0131k ya\u011f\u0131ndan gelen DHA\/EPA sayesinde yavru k\u00f6peklerin b\u00fcy\u00fcme d\u00f6nemlerine destek olur.<br \/>\nGeneti\u011fi de\u011fi\u015ftirilmi\u015f hi\u00e7bir organizma i\u00e7ermemekle birlikte AB mevzuatlar\u0131na uygun bir somonlu k\u00f6pek mamas\u0131d\u0131r. \u0130\u00e7eri\u011fi:<br \/>\nSomon Protein %15, I\u015flenmi\u015f Hayvansal Protein, Pirin\u00e7, M\u0131s\u0131r, Tavuk Ya\u011f\u0131, Bu\u011fday, M\u0131s\u0131r Gluteni, Somon Ya\u011f\u0131 %1, Kurutulmu\u015f Maya, Fruktooligosakkaritler (FOS) %1, Dikalsiyum Fosfat, Potasyum Klor\u00fcr, Sodyum Klor\u00fcr, Mojave Yucca %0,1, , Prebiyotik Mannanoligosakkaritler, Beta Glukan.<br \/>\nBesleyici \u0130laveler:<br \/>\nVitamin A (3a672a) 25,000 IU\/kg, Vitamin D3 (3a671) 1,500 IU\/kg, Vitamin E (3a700) 240 mg\/kg, Demir(II) S\u00fclfat Monohidrat 274 mg\/kg (Demir (3b103) 90 mg\/kg), Bak\u0131r S\u00fclfat Pentahidrat 35,4 mg\/kg (Bak\u0131r (3b405) 9 mg\/kg), Mangan S\u00fclfat Monohidrat 30,8 mg\/kg (Mangan (3b503) 10 mg\/kg), \u00c7inko S\u00fclfat Monohidrat 274 mg(kg (\u00c7inko (3b605) 100 mg\/kg), Anhidre Kalsiyum Iyodat 2,8 mg\/kg (\u0130yot (3b203) 1,8 mg\/kg), Sodyum Selenit 0,55 mg\/kg (Selenyum (3b802) 0,25 mg\/kg). Teknolojik \u0130laveler: Antioksidanlar.<br \/>\nBesleme \u00d6nerileri:<br \/>\nMamaya, tabloda belirtilen miktarlarda ba\u015flaman\u0131z \u00f6nerilir. G\u00fcnl\u00fck miktar yol g\u00f6stericidir ve hayvan\u0131n aktivitesine, fizyolojik durumuna ve \u00e7evre s\u0131cakl\u0131\u011f\u0131na ba\u011fl\u0131 olarak de\u011fi\u015febilir. Mama ile birlikte her zaman taze ve temiz su bulundurunuz. Mamay\u0131, serin ve kuru bir yerde saklay\u0131n\u0131z.<\/p>","protected":false},"featured_media":44476,"comment_status":"open","ping_status":"closed","template":"","meta":{"_acf_changed":false},"product_brand":[],"product_cat":[2464],"product_tag":[],"class_list":{"0":"post-45714","1":"product","2":"type-product","3":"status-publish","4":"has-post-thumbnail","6":"product_cat-yetiskin-kopek-mamalari","8":"first","9":"instock","10":"shipping-taxable","11":"product-type-simple"},"acf":[],"yoast_head":"<!-- This site is optimized with the Yoast SEO plugin v27.5 - https:\/\/yoast.com\/product\/yoast-seo-wordpress\/ -->\n<title>LaVital Somonlu Orta-B\u00fcy\u00fck Irk Yeti\u015fkin Yavru K\u00f6pek Mamas\u0131 13+2kg Hediyeli - Anadolu Pet Grup<\/title>\n<meta name=\"robots\" content=\"index, follow, max-snippet:-1, max-image-preview:large, max-video-preview:-1\" \/>\n<link rel=\"canonical\" href=\"https:\/\/anadolupet.com.tr\/en\/product\/lavital-somonlu-orta-buyuk-irk-yetiskin-yavru-kopek-mamasi-132kg-hediyeli\/\" \/>\n<meta property=\"og:locale\" content=\"en_US\" \/>\n<meta property=\"og:type\" content=\"article\" \/>\n<meta property=\"og:title\" content=\"LaVital Somonlu Orta-B\u00fcy\u00fck Irk Yeti\u015fkin Yavru K\u00f6pek Mamas\u0131 13+2kg Hediyeli - Anadolu Pet Grup\" \/>\n<meta property=\"og:description\" content=\"LaVital B\u00fcy\u00fck Irk Yavru Somonlu K\u00f6pek Mamas\u0131 (Maxi Puppy Salmon Formula), 2 ayl\u0131k ya\u015ftan 15 ayl\u0131k ya\u015fa kadarki b\u00fcy\u00fcme d\u00f6nemde b\u00fcy\u00fck \u0131rk yavru k\u00f6peklerin genel sa\u011fl\u0131\u011f\u0131n\u0131n korunmas\u0131, ba\u011f\u0131\u015f\u0131kl\u0131k sisteminin geli\u015fmesi ve t\u00fcm besin madde ihtiyac\u0131n\u0131n kar\u015f\u0131lanmas\u0131 i\u00e7in \u00f6zel olarak form\u00fcle edilmi\u015ftir. Zengin i\u00e7eri\u011fi, kaliteli protein kayna\u011f\u0131, vitamin ve mineral dengesi sayesinde yavru k\u00fc\u00e7\u00fck \u0131rk k\u00f6peklerin besin madde ihtiya\u00e7lar\u0131n\u0131 eksiksiz olarak kar\u015f\u0131layacak d\u00fczeydedir. Ba\u011f\u0131rsak aktivitesi ve floras\u0131n\u0131 dengeleyen zengin i\u00e7eri\u011fiyle sa\u011fl\u0131kl\u0131 bir sindirime katk\u0131da bulunur. Bile\u015fiminde bulunan kaliteli protein kayna\u011f\u0131 somon sayesinde k\u00f6pe\u011finizin omega 6 ya\u011f asitleri ve bitkisel ya\u011f ihtiya\u00e7lar\u0131n\u0131 kar\u015f\u0131lamaktad\u0131r. Omega 6 ya\u011f asitleri sayesinde t\u00fcylerde d\u00f6k\u00fclme, deride kepeklenme gibi deri problemlerinin \u00f6n\u00fcne ge\u00e7erek yeti\u015fkin k\u00f6peklerin t\u00fcy ve deri sa\u011fl\u0131\u011f\u0131n\u0131 desteklemektedir. \u2022 Omega 6 ya\u011f asitleri sayesinde t\u00fcy ve deri sa\u011fl\u0131\u011f\u0131n\u0131 korumaktad\u0131r. B\u00f6ylelikle deride kepeklenme, t\u00fcylerde d\u00f6k\u00fclme gibi deri sorunlar\u0131n\u0131n azalt\u0131lmas\u0131n\u0131 sa\u011flamaktad\u0131r. \u2022 \u0130\u00e7eri\u011finde bulunan do\u011fal antioksidanlar sayesinde serbest radikaller n\u00f6tralize edilerek h\u00fccre ve dokular korunmaktad\u0131r. B\u00f6ylelikle ba\u011f\u0131\u015f\u0131kl\u0131k sistemi ve genel sa\u011fl\u0131\u011f\u0131 g\u00fc\u00e7lendirmeye destek olur. \u2022 Y\u00fcksek kaliteli protein kayna\u011f\u0131 i\u00e7ermesi ve bal\u0131k ya\u011f\u0131ndan gelen DHA\/EPA sayesinde yavru k\u00f6peklerin b\u00fcy\u00fcme d\u00f6nemlerine destek olur. Geneti\u011fi de\u011fi\u015ftirilmi\u015f hi\u00e7bir organizma i\u00e7ermemekle birlikte AB mevzuatlar\u0131na uygun bir somonlu k\u00f6pek mamas\u0131d\u0131r. \u0130\u00e7eri\u011fi: Somon Protein %15, I\u015flenmi\u015f Hayvansal Protein, Pirin\u00e7, M\u0131s\u0131r, Tavuk Ya\u011f\u0131, Bu\u011fday, M\u0131s\u0131r Gluteni, Somon Ya\u011f\u0131 %1, Kurutulmu\u015f Maya, Fruktooligosakkaritler (FOS) %1, Dikalsiyum Fosfat, Potasyum Klor\u00fcr, Sodyum Klor\u00fcr, Mojave Yucca %0,1, , Prebiyotik Mannanoligosakkaritler, Beta Glukan. Besleyici \u0130laveler: Vitamin A (3a672a) 25,000 IU\/kg, Vitamin D3 (3a671) 1,500 IU\/kg, Vitamin E (3a700) 240 mg\/kg, Demir(II) S\u00fclfat Monohidrat 274 mg\/kg (Demir (3b103) 90 mg\/kg), Bak\u0131r S\u00fclfat Pentahidrat 35,4 mg\/kg (Bak\u0131r (3b405) 9 mg\/kg), Mangan S\u00fclfat Monohidrat 30,8 mg\/kg (Mangan (3b503) 10 mg\/kg), \u00c7inko S\u00fclfat Monohidrat 274 mg(kg (\u00c7inko (3b605) 100 mg\/kg), Anhidre Kalsiyum Iyodat 2,8 mg\/kg (\u0130yot (3b203) 1,8 mg\/kg), Sodyum Selenit 0,55 mg\/kg (Selenyum (3b802) 0,25 mg\/kg). Teknolojik \u0130laveler: Antioksidanlar. Besleme \u00d6nerileri: Mamaya, tabloda belirtilen miktarlarda ba\u015flaman\u0131z \u00f6nerilir. G\u00fcnl\u00fck miktar yol g\u00f6stericidir ve hayvan\u0131n aktivitesine, fizyolojik durumuna ve \u00e7evre s\u0131cakl\u0131\u011f\u0131na ba\u011fl\u0131 olarak de\u011fi\u015febilir. Mama ile birlikte her zaman taze ve temiz su bulundurunuz. Mamay\u0131, serin ve kuru bir yerde saklay\u0131n\u0131z.\" \/>\n<meta property=\"og:url\" content=\"https:\/\/anadolupet.com.tr\/en\/product\/lavital-somonlu-orta-buyuk-irk-yetiskin-yavru-kopek-mamasi-132kg-hediyeli\/\" \/>\n<meta property=\"og:site_name\" content=\"Anadolu Pet Grup\" \/>\n<meta property=\"article:modified_time\" content=\"2026-02-23T12:50:33+00:00\" \/>\n<meta property=\"og:image\" content=\"https:\/\/anadolupet.com.tr\/wp-content\/uploads\/2026\/02\/801-103843.jpg\" \/>\n\t<meta property=\"og:image:width\" content=\"750\" \/>\n\t<meta property=\"og:image:height\" content=\"750\" \/>\n\t<meta property=\"og:image:type\" content=\"image\/jpeg\" \/>\n<meta name=\"twitter:card\" content=\"summary_large_image\" \/>\n<script type=\"application\/ld+json\" class=\"yoast-schema-graph\">{\"@context\":\"https:\\\/\\\/schema.org\",\"@graph\":[{\"@type\":\"WebPage\",\"@id\":\"https:\\\/\\\/anadolupet.com.tr\\\/urun\\\/lavital-somonlu-orta-buyuk-irk-yetiskin-yavru-kopek-mamasi-132kg-hediyeli\\\/\",\"url\":\"https:\\\/\\\/anadolupet.com.tr\\\/urun\\\/lavital-somonlu-orta-buyuk-irk-yetiskin-yavru-kopek-mamasi-132kg-hediyeli\\\/\",\"name\":\"LaVital Somonlu Orta-B\u00fcy\u00fck Irk Yeti\u015fkin Yavru K\u00f6pek Mamas\u0131 13+2kg Hediyeli - Anadolu Pet Grup\",\"isPartOf\":{\"@id\":\"https:\\\/\\\/anadolupet.com.tr\\\/#website\"},\"primaryImageOfPage\":{\"@id\":\"https:\\\/\\\/anadolupet.com.tr\\\/urun\\\/lavital-somonlu-orta-buyuk-irk-yetiskin-yavru-kopek-mamasi-132kg-hediyeli\\\/#primaryimage\"},\"image\":{\"@id\":\"https:\\\/\\\/anadolupet.com.tr\\\/urun\\\/lavital-somonlu-orta-buyuk-irk-yetiskin-yavru-kopek-mamasi-132kg-hediyeli\\\/#primaryimage\"},\"thumbnailUrl\":\"https:\\\/\\\/anadolupet.com.tr\\\/wp-content\\\/uploads\\\/2026\\\/02\\\/801-103843.jpg\",\"datePublished\":\"2026-02-14T14:43:40+00:00\",\"dateModified\":\"2026-02-23T12:50:33+00:00\",\"breadcrumb\":{\"@id\":\"https:\\\/\\\/anadolupet.com.tr\\\/urun\\\/lavital-somonlu-orta-buyuk-irk-yetiskin-yavru-kopek-mamasi-132kg-hediyeli\\\/#breadcrumb\"},\"inLanguage\":\"en-US\",\"potentialAction\":[{\"@type\":\"ReadAction\",\"target\":[\"https:\\\/\\\/anadolupet.com.tr\\\/urun\\\/lavital-somonlu-orta-buyuk-irk-yetiskin-yavru-kopek-mamasi-132kg-hediyeli\\\/\"]}]},{\"@type\":\"ImageObject\",\"inLanguage\":\"en-US\",\"@id\":\"https:\\\/\\\/anadolupet.com.tr\\\/urun\\\/lavital-somonlu-orta-buyuk-irk-yetiskin-yavru-kopek-mamasi-132kg-hediyeli\\\/#primaryimage\",\"url\":\"https:\\\/\\\/anadolupet.com.tr\\\/wp-content\\\/uploads\\\/2026\\\/02\\\/801-103843.jpg\",\"contentUrl\":\"https:\\\/\\\/anadolupet.com.tr\\\/wp-content\\\/uploads\\\/2026\\\/02\\\/801-103843.jpg\",\"width\":750,\"height\":750},{\"@type\":\"BreadcrumbList\",\"@id\":\"https:\\\/\\\/anadolupet.com.tr\\\/urun\\\/lavital-somonlu-orta-buyuk-irk-yetiskin-yavru-kopek-mamasi-132kg-hediyeli\\\/#breadcrumb\",\"itemListElement\":[{\"@type\":\"ListItem\",\"position\":1,\"name\":\"Anasayfa\",\"item\":\"https:\\\/\\\/anadolupet.com.tr\\\/\"},{\"@type\":\"ListItem\",\"position\":2,\"name\":\"\u00dcr\u00fcnler\",\"item\":\"https:\\\/\\\/anadolupet.com.tr\\\/urunler\\\/\"},{\"@type\":\"ListItem\",\"position\":3,\"name\":\"LaVital Somonlu Orta-B\u00fcy\u00fck Irk Yeti\u015fkin Yavru K\u00f6pek Mamas\u0131 13+2kg Hediyeli\"}]},{\"@type\":\"WebSite\",\"@id\":\"https:\\\/\\\/anadolupet.com.tr\\\/#website\",\"url\":\"https:\\\/\\\/anadolupet.com.tr\\\/\",\"name\":\"Anadolu Pet Grup\",\"description\":\"Her Can\u0131n \u0130yi Ya\u015fam\u0131 \u0130\u00e7in Biraraday\u0131z\",\"publisher\":{\"@id\":\"https:\\\/\\\/anadolupet.com.tr\\\/#organization\"},\"potentialAction\":[{\"@type\":\"SearchAction\",\"target\":{\"@type\":\"EntryPoint\",\"urlTemplate\":\"https:\\\/\\\/anadolupet.com.tr\\\/?s={search_term_string}\"},\"query-input\":{\"@type\":\"PropertyValueSpecification\",\"valueRequired\":true,\"valueName\":\"search_term_string\"}}],\"inLanguage\":\"en-US\"},{\"@type\":\"Organization\",\"@id\":\"https:\\\/\\\/anadolupet.com.tr\\\/#organization\",\"name\":\"Anadolu Pet Grup\",\"alternateName\":\"Anadolu Pet\",\"url\":\"https:\\\/\\\/anadolupet.com.tr\\\/\",\"logo\":{\"@type\":\"ImageObject\",\"inLanguage\":\"en-US\",\"@id\":\"https:\\\/\\\/anadolupet.com.tr\\\/#\\\/schema\\\/logo\\\/image\\\/\",\"url\":\"https:\\\/\\\/anadolupet.com.tr\\\/wp-content\\\/uploads\\\/2026\\\/03\\\/1614666743370.jpg\",\"contentUrl\":\"https:\\\/\\\/anadolupet.com.tr\\\/wp-content\\\/uploads\\\/2026\\\/03\\\/1614666743370.jpg\",\"width\":800,\"height\":571,\"caption\":\"Anadolu Pet Grup\"},\"image\":{\"@id\":\"https:\\\/\\\/anadolupet.com.tr\\\/#\\\/schema\\\/logo\\\/image\\\/\"}}]}<\/script>\n<!-- \/ Yoast SEO plugin. -->","yoast_head_json":{"title":"LaVital Somonlu Orta-B\u00fcy\u00fck Irk Yeti\u015fkin Yavru K\u00f6pek Mamas\u0131 13+2kg Hediyeli - Anadolu Pet Grup","robots":{"index":"index","follow":"follow","max-snippet":"max-snippet:-1","max-image-preview":"max-image-preview:large","max-video-preview":"max-video-preview:-1"},"canonical":"https:\/\/anadolupet.com.tr\/en\/product\/lavital-somonlu-orta-buyuk-irk-yetiskin-yavru-kopek-mamasi-132kg-hediyeli\/","og_locale":"en_US","og_type":"article","og_title":"LaVital Somonlu Orta-B\u00fcy\u00fck Irk Yeti\u015fkin Yavru K\u00f6pek Mamas\u0131 13+2kg Hediyeli - Anadolu Pet Grup","og_description":"LaVital B\u00fcy\u00fck Irk Yavru Somonlu K\u00f6pek Mamas\u0131 (Maxi Puppy Salmon Formula), 2 ayl\u0131k ya\u015ftan 15 ayl\u0131k ya\u015fa kadarki b\u00fcy\u00fcme d\u00f6nemde b\u00fcy\u00fck \u0131rk yavru k\u00f6peklerin genel sa\u011fl\u0131\u011f\u0131n\u0131n korunmas\u0131, ba\u011f\u0131\u015f\u0131kl\u0131k sisteminin geli\u015fmesi ve t\u00fcm besin madde ihtiyac\u0131n\u0131n kar\u015f\u0131lanmas\u0131 i\u00e7in \u00f6zel olarak form\u00fcle edilmi\u015ftir. Zengin i\u00e7eri\u011fi, kaliteli protein kayna\u011f\u0131, vitamin ve mineral dengesi sayesinde yavru k\u00fc\u00e7\u00fck \u0131rk k\u00f6peklerin besin madde ihtiya\u00e7lar\u0131n\u0131 eksiksiz olarak kar\u015f\u0131layacak d\u00fczeydedir. Ba\u011f\u0131rsak aktivitesi ve floras\u0131n\u0131 dengeleyen zengin i\u00e7eri\u011fiyle sa\u011fl\u0131kl\u0131 bir sindirime katk\u0131da bulunur. Bile\u015fiminde bulunan kaliteli protein kayna\u011f\u0131 somon sayesinde k\u00f6pe\u011finizin omega 6 ya\u011f asitleri ve bitkisel ya\u011f ihtiya\u00e7lar\u0131n\u0131 kar\u015f\u0131lamaktad\u0131r. Omega 6 ya\u011f asitleri sayesinde t\u00fcylerde d\u00f6k\u00fclme, deride kepeklenme gibi deri problemlerinin \u00f6n\u00fcne ge\u00e7erek yeti\u015fkin k\u00f6peklerin t\u00fcy ve deri sa\u011fl\u0131\u011f\u0131n\u0131 desteklemektedir. \u2022 Omega 6 ya\u011f asitleri sayesinde t\u00fcy ve deri sa\u011fl\u0131\u011f\u0131n\u0131 korumaktad\u0131r. B\u00f6ylelikle deride kepeklenme, t\u00fcylerde d\u00f6k\u00fclme gibi deri sorunlar\u0131n\u0131n azalt\u0131lmas\u0131n\u0131 sa\u011flamaktad\u0131r. \u2022 \u0130\u00e7eri\u011finde bulunan do\u011fal antioksidanlar sayesinde serbest radikaller n\u00f6tralize edilerek h\u00fccre ve dokular korunmaktad\u0131r. B\u00f6ylelikle ba\u011f\u0131\u015f\u0131kl\u0131k sistemi ve genel sa\u011fl\u0131\u011f\u0131 g\u00fc\u00e7lendirmeye destek olur. \u2022 Y\u00fcksek kaliteli protein kayna\u011f\u0131 i\u00e7ermesi ve bal\u0131k ya\u011f\u0131ndan gelen DHA\/EPA sayesinde yavru k\u00f6peklerin b\u00fcy\u00fcme d\u00f6nemlerine destek olur. Geneti\u011fi de\u011fi\u015ftirilmi\u015f hi\u00e7bir organizma i\u00e7ermemekle birlikte AB mevzuatlar\u0131na uygun bir somonlu k\u00f6pek mamas\u0131d\u0131r. \u0130\u00e7eri\u011fi: Somon Protein %15, I\u015flenmi\u015f Hayvansal Protein, Pirin\u00e7, M\u0131s\u0131r, Tavuk Ya\u011f\u0131, Bu\u011fday, M\u0131s\u0131r Gluteni, Somon Ya\u011f\u0131 %1, Kurutulmu\u015f Maya, Fruktooligosakkaritler (FOS) %1, Dikalsiyum Fosfat, Potasyum Klor\u00fcr, Sodyum Klor\u00fcr, Mojave Yucca %0,1, , Prebiyotik Mannanoligosakkaritler, Beta Glukan. Besleyici \u0130laveler: Vitamin A (3a672a) 25,000 IU\/kg, Vitamin D3 (3a671) 1,500 IU\/kg, Vitamin E (3a700) 240 mg\/kg, Demir(II) S\u00fclfat Monohidrat 274 mg\/kg (Demir (3b103) 90 mg\/kg), Bak\u0131r S\u00fclfat Pentahidrat 35,4 mg\/kg (Bak\u0131r (3b405) 9 mg\/kg), Mangan S\u00fclfat Monohidrat 30,8 mg\/kg (Mangan (3b503) 10 mg\/kg), \u00c7inko S\u00fclfat Monohidrat 274 mg(kg (\u00c7inko (3b605) 100 mg\/kg), Anhidre Kalsiyum Iyodat 2,8 mg\/kg (\u0130yot (3b203) 1,8 mg\/kg), Sodyum Selenit 0,55 mg\/kg (Selenyum (3b802) 0,25 mg\/kg). Teknolojik \u0130laveler: Antioksidanlar. Besleme \u00d6nerileri: Mamaya, tabloda belirtilen miktarlarda ba\u015flaman\u0131z \u00f6nerilir. G\u00fcnl\u00fck miktar yol g\u00f6stericidir ve hayvan\u0131n aktivitesine, fizyolojik durumuna ve \u00e7evre s\u0131cakl\u0131\u011f\u0131na ba\u011fl\u0131 olarak de\u011fi\u015febilir. Mama ile birlikte her zaman taze ve temiz su bulundurunuz. Mamay\u0131, serin ve kuru bir yerde saklay\u0131n\u0131z.","og_url":"https:\/\/anadolupet.com.tr\/en\/product\/lavital-somonlu-orta-buyuk-irk-yetiskin-yavru-kopek-mamasi-132kg-hediyeli\/","og_site_name":"Anadolu Pet Grup","article_modified_time":"2026-02-23T12:50:33+00:00","og_image":[{"width":750,"height":750,"url":"https:\/\/anadolupet.com.tr\/wp-content\/uploads\/2026\/02\/801-103843.jpg","type":"image\/jpeg"}],"twitter_card":"summary_large_image","schema":{"@context":"https:\/\/schema.org","@graph":[{"@type":"WebPage","@id":"https:\/\/anadolupet.com.tr\/urun\/lavital-somonlu-orta-buyuk-irk-yetiskin-yavru-kopek-mamasi-132kg-hediyeli\/","url":"https:\/\/anadolupet.com.tr\/urun\/lavital-somonlu-orta-buyuk-irk-yetiskin-yavru-kopek-mamasi-132kg-hediyeli\/","name":"LaVital Somonlu Orta-B\u00fcy\u00fck Irk Yeti\u015fkin Yavru K\u00f6pek Mamas\u0131 13+2kg Hediyeli - Anadolu Pet Grup","isPartOf":{"@id":"https:\/\/anadolupet.com.tr\/#website"},"primaryImageOfPage":{"@id":"https:\/\/anadolupet.com.tr\/urun\/lavital-somonlu-orta-buyuk-irk-yetiskin-yavru-kopek-mamasi-132kg-hediyeli\/#primaryimage"},"image":{"@id":"https:\/\/anadolupet.com.tr\/urun\/lavital-somonlu-orta-buyuk-irk-yetiskin-yavru-kopek-mamasi-132kg-hediyeli\/#primaryimage"},"thumbnailUrl":"https:\/\/anadolupet.com.tr\/wp-content\/uploads\/2026\/02\/801-103843.jpg","datePublished":"2026-02-14T14:43:40+00:00","dateModified":"2026-02-23T12:50:33+00:00","breadcrumb":{"@id":"https:\/\/anadolupet.com.tr\/urun\/lavital-somonlu-orta-buyuk-irk-yetiskin-yavru-kopek-mamasi-132kg-hediyeli\/#breadcrumb"},"inLanguage":"en-US","potentialAction":[{"@type":"ReadAction","target":["https:\/\/anadolupet.com.tr\/urun\/lavital-somonlu-orta-buyuk-irk-yetiskin-yavru-kopek-mamasi-132kg-hediyeli\/"]}]},{"@type":"ImageObject","inLanguage":"en-US","@id":"https:\/\/anadolupet.com.tr\/urun\/lavital-somonlu-orta-buyuk-irk-yetiskin-yavru-kopek-mamasi-132kg-hediyeli\/#primaryimage","url":"https:\/\/anadolupet.com.tr\/wp-content\/uploads\/2026\/02\/801-103843.jpg","contentUrl":"https:\/\/anadolupet.com.tr\/wp-content\/uploads\/2026\/02\/801-103843.jpg","width":750,"height":750},{"@type":"BreadcrumbList","@id":"https:\/\/anadolupet.com.tr\/urun\/lavital-somonlu-orta-buyuk-irk-yetiskin-yavru-kopek-mamasi-132kg-hediyeli\/#breadcrumb","itemListElement":[{"@type":"ListItem","position":1,"name":"Anasayfa","item":"https:\/\/anadolupet.com.tr\/"},{"@type":"ListItem","position":2,"name":"\u00dcr\u00fcnler","item":"https:\/\/anadolupet.com.tr\/urunler\/"},{"@type":"ListItem","position":3,"name":"LaVital Somonlu Orta-B\u00fcy\u00fck Irk Yeti\u015fkin Yavru K\u00f6pek Mamas\u0131 13+2kg Hediyeli"}]},{"@type":"WebSite","@id":"https:\/\/anadolupet.com.tr\/#website","url":"https:\/\/anadolupet.com.tr\/","name":"Anadolu Pet Group","description":"We Stand Together for the Well-Being of Every Life","publisher":{"@id":"https:\/\/anadolupet.com.tr\/#organization"},"potentialAction":[{"@type":"SearchAction","target":{"@type":"EntryPoint","urlTemplate":"https:\/\/anadolupet.com.tr\/?s={search_term_string}"},"query-input":{"@type":"PropertyValueSpecification","valueRequired":true,"valueName":"search_term_string"}}],"inLanguage":"en-US"},{"@type":"Organization","@id":"https:\/\/anadolupet.com.tr\/#organization","name":"Anadolu Pet Group","alternateName":"Anadolu Pet","url":"https:\/\/anadolupet.com.tr\/","logo":{"@type":"ImageObject","inLanguage":"en-US","@id":"https:\/\/anadolupet.com.tr\/#\/schema\/logo\/image\/","url":"https:\/\/anadolupet.com.tr\/wp-content\/uploads\/2026\/03\/1614666743370.jpg","contentUrl":"https:\/\/anadolupet.com.tr\/wp-content\/uploads\/2026\/03\/1614666743370.jpg","width":800,"height":571,"caption":"Anadolu Pet Grup"},"image":{"@id":"https:\/\/anadolupet.com.tr\/#\/schema\/logo\/image\/"}}]}},"_links":{"self":[{"href":"https:\/\/anadolupet.com.tr\/en\/wp-json\/wp\/v2\/product\/45714","targetHints":{"allow":["GET"]}}],"collection":[{"href":"https:\/\/anadolupet.com.tr\/en\/wp-json\/wp\/v2\/product"}],"about":[{"href":"https:\/\/anadolupet.com.tr\/en\/wp-json\/wp\/v2\/types\/product"}],"replies":[{"embeddable":true,"href":"https:\/\/anadolupet.com.tr\/en\/wp-json\/wp\/v2\/comments?post=45714"}],"wp:featuredmedia":[{"embeddable":true,"href":"https:\/\/anadolupet.com.tr\/en\/wp-json\/wp\/v2\/media\/44476"}],"wp:attachment":[{"href":"https:\/\/anadolupet.com.tr\/en\/wp-json\/wp\/v2\/media?parent=45714"}],"wp:term":[{"taxonomy":"product_brand","embeddable":true,"href":"https:\/\/anadolupet.com.tr\/en\/wp-json\/wp\/v2\/product_brand?post=45714"},{"taxonomy":"product_cat","embeddable":true,"href":"https:\/\/anadolupet.com.tr\/en\/wp-json\/wp\/v2\/product_cat?post=45714"},{"taxonomy":"product_tag","embeddable":true,"href":"https:\/\/anadolupet.com.tr\/en\/wp-json\/wp\/v2\/product_tag?post=45714"}],"curies":[{"name":"wp","href":"https:\/\/api.w.org\/{rel}","templated":true}]}}