{"id":45717,"date":"2026-02-14T14:43:50","date_gmt":"2026-02-14T14:43:50","guid":{"rendered":"https:\/\/anadolupet.com.tr\/urun\/lavital-somonlu-ve-zerdecalli-yavru-kedi-konservesi-85gr\/"},"modified":"2026-05-13T16:34:05","modified_gmt":"2026-05-13T13:34:05","slug":"lavital-somonlu-ve-zerdecalli-yavru-kedi-konservesi-85gr","status":"publish","type":"product","link":"https:\/\/anadolupet.com.tr\/en\/urun\/lavital-somonlu-ve-zerdecalli-yavru-kedi-konservesi-85gr\/","title":{"rendered":"Lavital Somonlu ve Zerde\u00e7all\u0131 Yavru Kedi Konservesi 85GR"},"content":{"rendered":"","protected":false},"excerpt":{"rendered":"<p><em><strong>LaVital Somonlu ve Zerde\u00e7all\u0131 Yavru Kedi Konservesi\u00a0 85GR,<\/strong><\/em> Evcil dostunuzun sa\u011fl\u0131\u011f\u0131 i\u00e7in \u00f6zenle geli\u015ftirilen bu \u00f6zel form\u00fcl; g\u00fc\u00e7l\u00fc kaslar i\u00e7in y\u00fcksek kaliteli protein i\u00e7erir, ba\u011f\u0131\u015f\u0131kl\u0131k sistemini destekleyen taurin ile koruma sa\u011flar. Zengin multivitamin i\u00e7eri\u011fi, metabolizmay\u0131 d\u00fczenler ve genel v\u00fccut fonksiyonlar\u0131n\u0131 destekleyerek dengeli bir ya\u015fam sunar. Omega bak\u0131m\u0131ndan zengin somon, t\u00fcylerin canl\u0131l\u0131\u011f\u0131n\u0131 art\u0131r\u0131r, parlak ve sa\u011fl\u0131kl\u0131 bir g\u00f6r\u00fcn\u00fcm kazand\u0131r\u0131r. Zerde\u00e7al\u0131n g\u00fc\u00e7l\u00fc antioksidan etkisi, h\u00fccreleri serbest radikallere kar\u015f\u0131 korur, ba\u011f\u0131\u015f\u0131kl\u0131\u011f\u0131 g\u00fc\u00e7lendirir.<\/p>\n<p><strong>\u0130\u00e7indekiler : <\/strong><\/p>\n<p>Et ve hayvansal t\u00fcrevler, Bal\u0131k ve bal\u0131k t\u00fcrevleri (Somon %4), Mineraller, Bitkisel k\u00f6kenli t\u00fcrevler (Zerde\u00e7al).<\/p>\n<p><strong>Besleyici \u0130laveler:<\/strong><\/p>\n<p>D3 Vitamini (3a671) 200 IU, E Vitamini (3a700i)\u00a020 mg, B1 (3a821) 10 mg, B2 (3a825i) 6 mg, B6 (3a831) 2 mg, Biotin (3a880) 300 \u00b5g, B9 (3a316) 350 \u00b5g, B12 (3a837) 75 \u00b5g, Niasinamid (3a315) 15 mg, Kalsiyum D-Pantotenat (3a841) 9 mg, Sodyum Askorbat (3a312) 0.5 mg, \u00c7inko (3b605)\u00a025 mg, Manganez (3b503)\u00a01.4 mg, \u0130yot (3b202)\u00a01.4 mg, Taurin (3a370) 800 mg.<\/p>\n<p><strong>Analitik Bile\u015fenler : <\/strong><\/p>\n<p>Ham protein %13.0, Ham ya\u011f %7.0, Ham lif %0.05, Ham k\u00fcl %3.0, Nem %75.<\/p>\n<p><strong>Beslenme \u00d6nerileri :<\/strong><\/p>\n<p>G\u00fcnde 4 kg\u2019l\u0131k yeti\u015fkin bir kedi i\u00e7in 4 paket mama \u00f6nerilir. G\u00fcnl\u00fck miktar; ya\u015f, aktivite ve \u00e7evreye g\u00f6re de\u011fi\u015febilir. Oda s\u0131cakl\u0131\u011f\u0131nda servis edin, her zaman taze su bulundurun.<\/p>\n<p><strong>Saklama Ko\u015fullar\u0131 :<\/strong><\/p>\n<p>Serin ve kuru yerde saklay\u0131n\u0131z. Tavsiye edilen t\u00fcketim tarihinden \u00f6nce t\u00fcketmesini sa\u011flay\u0131n. \u0130nsan g\u0131das\u0131 olarak kullan\u0131ma uygun de\u011fildir. Tavsiye edilen t\u00fcketim tarihi ve parti no i\u00e7in kutu alt\u0131ndaki bask\u0131ya bak\u0131n\u0131z.<\/p>","protected":false},"featured_media":46423,"comment_status":"open","ping_status":"closed","template":"","meta":{"_acf_changed":false},"product_brand":[],"product_cat":[3840],"product_tag":[],"class_list":{"0":"post-45717","1":"product","2":"type-product","3":"status-publish","4":"has-post-thumbnail","6":"product_cat-yavru-kedi-konserveleri","8":"first","9":"instock","10":"shipping-taxable","11":"product-type-simple"},"acf":[],"yoast_head":"<!-- This site is optimized with the Yoast SEO plugin v27.5 - https:\/\/yoast.com\/product\/yoast-seo-wordpress\/ -->\n<title>Lavital Somonlu ve Zerde\u00e7all\u0131 Yavru Kedi Konservesi 85GR - Anadolu Pet Grup<\/title>\n<meta name=\"robots\" content=\"index, follow, max-snippet:-1, max-image-preview:large, max-video-preview:-1\" \/>\n<link rel=\"canonical\" href=\"https:\/\/anadolupet.com.tr\/en\/product\/lavital-somonlu-ve-zerdecalli-yavru-kedi-konservesi-85gr\/\" \/>\n<meta property=\"og:locale\" content=\"en_US\" \/>\n<meta property=\"og:type\" content=\"article\" \/>\n<meta property=\"og:title\" content=\"Lavital Somonlu ve Zerde\u00e7all\u0131 Yavru Kedi Konservesi 85GR - Anadolu Pet Grup\" \/>\n<meta property=\"og:description\" content=\"LaVital Somonlu ve Zerde\u00e7all\u0131 Yavru Kedi Konservesi\u00a0 85GR, Evcil dostunuzun sa\u011fl\u0131\u011f\u0131 i\u00e7in \u00f6zenle geli\u015ftirilen bu \u00f6zel form\u00fcl; g\u00fc\u00e7l\u00fc kaslar i\u00e7in y\u00fcksek kaliteli protein i\u00e7erir, ba\u011f\u0131\u015f\u0131kl\u0131k sistemini destekleyen taurin ile koruma sa\u011flar. Zengin multivitamin i\u00e7eri\u011fi, metabolizmay\u0131 d\u00fczenler ve genel v\u00fccut fonksiyonlar\u0131n\u0131 destekleyerek dengeli bir ya\u015fam sunar. Omega bak\u0131m\u0131ndan zengin somon, t\u00fcylerin canl\u0131l\u0131\u011f\u0131n\u0131 art\u0131r\u0131r, parlak ve sa\u011fl\u0131kl\u0131 bir g\u00f6r\u00fcn\u00fcm kazand\u0131r\u0131r. Zerde\u00e7al\u0131n g\u00fc\u00e7l\u00fc antioksidan etkisi, h\u00fccreleri serbest radikallere kar\u015f\u0131 korur, ba\u011f\u0131\u015f\u0131kl\u0131\u011f\u0131 g\u00fc\u00e7lendirir.  \u0130\u00e7indekiler :   Et ve hayvansal t\u00fcrevler, Bal\u0131k ve bal\u0131k t\u00fcrevleri (Somon %4), Mineraller, Bitkisel k\u00f6kenli t\u00fcrevler (Zerde\u00e7al).  Besleyici \u0130laveler:  D3 Vitamini (3a671) 200 IU, E Vitamini (3a700i)\u00a020 mg, B1 (3a821) 10 mg, B2 (3a825i) 6 mg, B6 (3a831) 2 mg, Biotin (3a880) 300 \u00b5g, B9 (3a316) 350 \u00b5g, B12 (3a837) 75 \u00b5g, Niasinamid (3a315) 15 mg, Kalsiyum D-Pantotenat (3a841) 9 mg, Sodyum Askorbat (3a312) 0.5 mg, \u00c7inko (3b605)\u00a025 mg, Manganez (3b503)\u00a01.4 mg, \u0130yot (3b202)\u00a01.4 mg, Taurin (3a370) 800 mg.  Analitik Bile\u015fenler :   Ham protein %13.0, Ham ya\u011f %7.0, Ham lif %0.05, Ham k\u00fcl %3.0, Nem %75.  Beslenme \u00d6nerileri :  G\u00fcnde 4 kg\u2019l\u0131k yeti\u015fkin bir kedi i\u00e7in 4 paket mama \u00f6nerilir. G\u00fcnl\u00fck miktar; ya\u015f, aktivite ve \u00e7evreye g\u00f6re de\u011fi\u015febilir. Oda s\u0131cakl\u0131\u011f\u0131nda servis edin, her zaman taze su bulundurun.  Saklama Ko\u015fullar\u0131 :  Serin ve kuru yerde saklay\u0131n\u0131z. Tavsiye edilen t\u00fcketim tarihinden \u00f6nce t\u00fcketmesini sa\u011flay\u0131n. \u0130nsan g\u0131das\u0131 olarak kullan\u0131ma uygun de\u011fildir. Tavsiye edilen t\u00fcketim tarihi ve parti no i\u00e7in kutu alt\u0131ndaki bask\u0131ya bak\u0131n\u0131z.\" \/>\n<meta property=\"og:url\" content=\"https:\/\/anadolupet.com.tr\/en\/product\/lavital-somonlu-ve-zerdecalli-yavru-kedi-konservesi-85gr\/\" \/>\n<meta property=\"og:site_name\" content=\"Anadolu Pet Grup\" \/>\n<meta property=\"article:modified_time\" content=\"2026-05-13T13:34:05+00:00\" \/>\n<meta property=\"og:image\" content=\"https:\/\/anadolupet.com.tr\/wp-content\/uploads\/2026\/02\/807-000001-1-1-scaled.jpg\" \/>\n\t<meta property=\"og:image:width\" content=\"2560\" \/>\n\t<meta property=\"og:image:height\" content=\"1707\" \/>\n\t<meta property=\"og:image:type\" content=\"image\/jpeg\" \/>\n<meta name=\"twitter:card\" content=\"summary_large_image\" \/>\n<meta name=\"twitter:label1\" content=\"Est. reading time\" \/>\n\t<meta name=\"twitter:data1\" content=\"1 minute\" \/>\n<script type=\"application\/ld+json\" class=\"yoast-schema-graph\">{\"@context\":\"https:\\\/\\\/schema.org\",\"@graph\":[{\"@type\":\"WebPage\",\"@id\":\"https:\\\/\\\/anadolupet.com.tr\\\/urun\\\/lavital-somonlu-ve-zerdecalli-yavru-kedi-konservesi-85gr\\\/\",\"url\":\"https:\\\/\\\/anadolupet.com.tr\\\/urun\\\/lavital-somonlu-ve-zerdecalli-yavru-kedi-konservesi-85gr\\\/\",\"name\":\"Lavital Somonlu ve Zerde\u00e7all\u0131 Yavru Kedi Konservesi 85GR - Anadolu Pet Grup\",\"isPartOf\":{\"@id\":\"https:\\\/\\\/anadolupet.com.tr\\\/#website\"},\"primaryImageOfPage\":{\"@id\":\"https:\\\/\\\/anadolupet.com.tr\\\/urun\\\/lavital-somonlu-ve-zerdecalli-yavru-kedi-konservesi-85gr\\\/#primaryimage\"},\"image\":{\"@id\":\"https:\\\/\\\/anadolupet.com.tr\\\/urun\\\/lavital-somonlu-ve-zerdecalli-yavru-kedi-konservesi-85gr\\\/#primaryimage\"},\"thumbnailUrl\":\"https:\\\/\\\/anadolupet.com.tr\\\/wp-content\\\/uploads\\\/2026\\\/02\\\/807-000001-1-1-scaled.jpg\",\"datePublished\":\"2026-02-14T14:43:50+00:00\",\"dateModified\":\"2026-05-13T13:34:05+00:00\",\"breadcrumb\":{\"@id\":\"https:\\\/\\\/anadolupet.com.tr\\\/urun\\\/lavital-somonlu-ve-zerdecalli-yavru-kedi-konservesi-85gr\\\/#breadcrumb\"},\"inLanguage\":\"en-US\",\"potentialAction\":[{\"@type\":\"ReadAction\",\"target\":[\"https:\\\/\\\/anadolupet.com.tr\\\/urun\\\/lavital-somonlu-ve-zerdecalli-yavru-kedi-konservesi-85gr\\\/\"]}]},{\"@type\":\"ImageObject\",\"inLanguage\":\"en-US\",\"@id\":\"https:\\\/\\\/anadolupet.com.tr\\\/urun\\\/lavital-somonlu-ve-zerdecalli-yavru-kedi-konservesi-85gr\\\/#primaryimage\",\"url\":\"https:\\\/\\\/anadolupet.com.tr\\\/wp-content\\\/uploads\\\/2026\\\/02\\\/807-000001-1-1-scaled.jpg\",\"contentUrl\":\"https:\\\/\\\/anadolupet.com.tr\\\/wp-content\\\/uploads\\\/2026\\\/02\\\/807-000001-1-1-scaled.jpg\",\"width\":2560,\"height\":1707},{\"@type\":\"BreadcrumbList\",\"@id\":\"https:\\\/\\\/anadolupet.com.tr\\\/urun\\\/lavital-somonlu-ve-zerdecalli-yavru-kedi-konservesi-85gr\\\/#breadcrumb\",\"itemListElement\":[{\"@type\":\"ListItem\",\"position\":1,\"name\":\"Anasayfa\",\"item\":\"https:\\\/\\\/anadolupet.com.tr\\\/\"},{\"@type\":\"ListItem\",\"position\":2,\"name\":\"\u00dcr\u00fcnler\",\"item\":\"https:\\\/\\\/anadolupet.com.tr\\\/urunler\\\/\"},{\"@type\":\"ListItem\",\"position\":3,\"name\":\"Lavital Somonlu ve Zerde\u00e7all\u0131 Yavru Kedi Konservesi 85GR\"}]},{\"@type\":\"WebSite\",\"@id\":\"https:\\\/\\\/anadolupet.com.tr\\\/#website\",\"url\":\"https:\\\/\\\/anadolupet.com.tr\\\/\",\"name\":\"Anadolu Pet Grup\",\"description\":\"Her Can\u0131n \u0130yi Ya\u015fam\u0131 \u0130\u00e7in Biraraday\u0131z\",\"publisher\":{\"@id\":\"https:\\\/\\\/anadolupet.com.tr\\\/#organization\"},\"potentialAction\":[{\"@type\":\"SearchAction\",\"target\":{\"@type\":\"EntryPoint\",\"urlTemplate\":\"https:\\\/\\\/anadolupet.com.tr\\\/?s={search_term_string}\"},\"query-input\":{\"@type\":\"PropertyValueSpecification\",\"valueRequired\":true,\"valueName\":\"search_term_string\"}}],\"inLanguage\":\"en-US\"},{\"@type\":\"Organization\",\"@id\":\"https:\\\/\\\/anadolupet.com.tr\\\/#organization\",\"name\":\"Anadolu Pet Grup\",\"alternateName\":\"Anadolu Pet\",\"url\":\"https:\\\/\\\/anadolupet.com.tr\\\/\",\"logo\":{\"@type\":\"ImageObject\",\"inLanguage\":\"en-US\",\"@id\":\"https:\\\/\\\/anadolupet.com.tr\\\/#\\\/schema\\\/logo\\\/image\\\/\",\"url\":\"https:\\\/\\\/anadolupet.com.tr\\\/wp-content\\\/uploads\\\/2026\\\/03\\\/1614666743370.jpg\",\"contentUrl\":\"https:\\\/\\\/anadolupet.com.tr\\\/wp-content\\\/uploads\\\/2026\\\/03\\\/1614666743370.jpg\",\"width\":800,\"height\":571,\"caption\":\"Anadolu Pet Grup\"},\"image\":{\"@id\":\"https:\\\/\\\/anadolupet.com.tr\\\/#\\\/schema\\\/logo\\\/image\\\/\"}}]}<\/script>\n<!-- \/ Yoast SEO plugin. -->","yoast_head_json":{"title":"Lavital Somonlu ve Zerde\u00e7all\u0131 Yavru Kedi Konservesi 85GR - Anadolu Pet Grup","robots":{"index":"index","follow":"follow","max-snippet":"max-snippet:-1","max-image-preview":"max-image-preview:large","max-video-preview":"max-video-preview:-1"},"canonical":"https:\/\/anadolupet.com.tr\/en\/product\/lavital-somonlu-ve-zerdecalli-yavru-kedi-konservesi-85gr\/","og_locale":"en_US","og_type":"article","og_title":"Lavital Somonlu ve Zerde\u00e7all\u0131 Yavru Kedi Konservesi 85GR - Anadolu Pet Grup","og_description":"LaVital Somonlu ve Zerde\u00e7all\u0131 Yavru Kedi Konservesi\u00a0 85GR, Evcil dostunuzun sa\u011fl\u0131\u011f\u0131 i\u00e7in \u00f6zenle geli\u015ftirilen bu \u00f6zel form\u00fcl; g\u00fc\u00e7l\u00fc kaslar i\u00e7in y\u00fcksek kaliteli protein i\u00e7erir, ba\u011f\u0131\u015f\u0131kl\u0131k sistemini destekleyen taurin ile koruma sa\u011flar. Zengin multivitamin i\u00e7eri\u011fi, metabolizmay\u0131 d\u00fczenler ve genel v\u00fccut fonksiyonlar\u0131n\u0131 destekleyerek dengeli bir ya\u015fam sunar. Omega bak\u0131m\u0131ndan zengin somon, t\u00fcylerin canl\u0131l\u0131\u011f\u0131n\u0131 art\u0131r\u0131r, parlak ve sa\u011fl\u0131kl\u0131 bir g\u00f6r\u00fcn\u00fcm kazand\u0131r\u0131r. Zerde\u00e7al\u0131n g\u00fc\u00e7l\u00fc antioksidan etkisi, h\u00fccreleri serbest radikallere kar\u015f\u0131 korur, ba\u011f\u0131\u015f\u0131kl\u0131\u011f\u0131 g\u00fc\u00e7lendirir.  \u0130\u00e7indekiler :   Et ve hayvansal t\u00fcrevler, Bal\u0131k ve bal\u0131k t\u00fcrevleri (Somon %4), Mineraller, Bitkisel k\u00f6kenli t\u00fcrevler (Zerde\u00e7al).  Besleyici \u0130laveler:  D3 Vitamini (3a671) 200 IU, E Vitamini (3a700i)\u00a020 mg, B1 (3a821) 10 mg, B2 (3a825i) 6 mg, B6 (3a831) 2 mg, Biotin (3a880) 300 \u00b5g, B9 (3a316) 350 \u00b5g, B12 (3a837) 75 \u00b5g, Niasinamid (3a315) 15 mg, Kalsiyum D-Pantotenat (3a841) 9 mg, Sodyum Askorbat (3a312) 0.5 mg, \u00c7inko (3b605)\u00a025 mg, Manganez (3b503)\u00a01.4 mg, \u0130yot (3b202)\u00a01.4 mg, Taurin (3a370) 800 mg.  Analitik Bile\u015fenler :   Ham protein %13.0, Ham ya\u011f %7.0, Ham lif %0.05, Ham k\u00fcl %3.0, Nem %75.  Beslenme \u00d6nerileri :  G\u00fcnde 4 kg\u2019l\u0131k yeti\u015fkin bir kedi i\u00e7in 4 paket mama \u00f6nerilir. G\u00fcnl\u00fck miktar; ya\u015f, aktivite ve \u00e7evreye g\u00f6re de\u011fi\u015febilir. Oda s\u0131cakl\u0131\u011f\u0131nda servis edin, her zaman taze su bulundurun.  Saklama Ko\u015fullar\u0131 :  Serin ve kuru yerde saklay\u0131n\u0131z. Tavsiye edilen t\u00fcketim tarihinden \u00f6nce t\u00fcketmesini sa\u011flay\u0131n. \u0130nsan g\u0131das\u0131 olarak kullan\u0131ma uygun de\u011fildir. Tavsiye edilen t\u00fcketim tarihi ve parti no i\u00e7in kutu alt\u0131ndaki bask\u0131ya bak\u0131n\u0131z.","og_url":"https:\/\/anadolupet.com.tr\/en\/product\/lavital-somonlu-ve-zerdecalli-yavru-kedi-konservesi-85gr\/","og_site_name":"Anadolu Pet Grup","article_modified_time":"2026-05-13T13:34:05+00:00","og_image":[{"width":2560,"height":1707,"url":"https:\/\/anadolupet.com.tr\/wp-content\/uploads\/2026\/02\/807-000001-1-1-scaled.jpg","type":"image\/jpeg"}],"twitter_card":"summary_large_image","twitter_misc":{"Est. reading time":"1 minute"},"schema":{"@context":"https:\/\/schema.org","@graph":[{"@type":"WebPage","@id":"https:\/\/anadolupet.com.tr\/urun\/lavital-somonlu-ve-zerdecalli-yavru-kedi-konservesi-85gr\/","url":"https:\/\/anadolupet.com.tr\/urun\/lavital-somonlu-ve-zerdecalli-yavru-kedi-konservesi-85gr\/","name":"Lavital Somonlu ve Zerde\u00e7all\u0131 Yavru Kedi Konservesi 85GR - Anadolu Pet Grup","isPartOf":{"@id":"https:\/\/anadolupet.com.tr\/#website"},"primaryImageOfPage":{"@id":"https:\/\/anadolupet.com.tr\/urun\/lavital-somonlu-ve-zerdecalli-yavru-kedi-konservesi-85gr\/#primaryimage"},"image":{"@id":"https:\/\/anadolupet.com.tr\/urun\/lavital-somonlu-ve-zerdecalli-yavru-kedi-konservesi-85gr\/#primaryimage"},"thumbnailUrl":"https:\/\/anadolupet.com.tr\/wp-content\/uploads\/2026\/02\/807-000001-1-1-scaled.jpg","datePublished":"2026-02-14T14:43:50+00:00","dateModified":"2026-05-13T13:34:05+00:00","breadcrumb":{"@id":"https:\/\/anadolupet.com.tr\/urun\/lavital-somonlu-ve-zerdecalli-yavru-kedi-konservesi-85gr\/#breadcrumb"},"inLanguage":"en-US","potentialAction":[{"@type":"ReadAction","target":["https:\/\/anadolupet.com.tr\/urun\/lavital-somonlu-ve-zerdecalli-yavru-kedi-konservesi-85gr\/"]}]},{"@type":"ImageObject","inLanguage":"en-US","@id":"https:\/\/anadolupet.com.tr\/urun\/lavital-somonlu-ve-zerdecalli-yavru-kedi-konservesi-85gr\/#primaryimage","url":"https:\/\/anadolupet.com.tr\/wp-content\/uploads\/2026\/02\/807-000001-1-1-scaled.jpg","contentUrl":"https:\/\/anadolupet.com.tr\/wp-content\/uploads\/2026\/02\/807-000001-1-1-scaled.jpg","width":2560,"height":1707},{"@type":"BreadcrumbList","@id":"https:\/\/anadolupet.com.tr\/urun\/lavital-somonlu-ve-zerdecalli-yavru-kedi-konservesi-85gr\/#breadcrumb","itemListElement":[{"@type":"ListItem","position":1,"name":"Anasayfa","item":"https:\/\/anadolupet.com.tr\/"},{"@type":"ListItem","position":2,"name":"\u00dcr\u00fcnler","item":"https:\/\/anadolupet.com.tr\/urunler\/"},{"@type":"ListItem","position":3,"name":"Lavital Somonlu ve Zerde\u00e7all\u0131 Yavru Kedi Konservesi 85GR"}]},{"@type":"WebSite","@id":"https:\/\/anadolupet.com.tr\/#website","url":"https:\/\/anadolupet.com.tr\/","name":"Anadolu Pet Group","description":"We Stand Together for the Well-Being of Every Life","publisher":{"@id":"https:\/\/anadolupet.com.tr\/#organization"},"potentialAction":[{"@type":"SearchAction","target":{"@type":"EntryPoint","urlTemplate":"https:\/\/anadolupet.com.tr\/?s={search_term_string}"},"query-input":{"@type":"PropertyValueSpecification","valueRequired":true,"valueName":"search_term_string"}}],"inLanguage":"en-US"},{"@type":"Organization","@id":"https:\/\/anadolupet.com.tr\/#organization","name":"Anadolu Pet Group","alternateName":"Anadolu Pet","url":"https:\/\/anadolupet.com.tr\/","logo":{"@type":"ImageObject","inLanguage":"en-US","@id":"https:\/\/anadolupet.com.tr\/#\/schema\/logo\/image\/","url":"https:\/\/anadolupet.com.tr\/wp-content\/uploads\/2026\/03\/1614666743370.jpg","contentUrl":"https:\/\/anadolupet.com.tr\/wp-content\/uploads\/2026\/03\/1614666743370.jpg","width":800,"height":571,"caption":"Anadolu Pet Grup"},"image":{"@id":"https:\/\/anadolupet.com.tr\/#\/schema\/logo\/image\/"}}]}},"_links":{"self":[{"href":"https:\/\/anadolupet.com.tr\/en\/wp-json\/wp\/v2\/product\/45717","targetHints":{"allow":["GET"]}}],"collection":[{"href":"https:\/\/anadolupet.com.tr\/en\/wp-json\/wp\/v2\/product"}],"about":[{"href":"https:\/\/anadolupet.com.tr\/en\/wp-json\/wp\/v2\/types\/product"}],"replies":[{"embeddable":true,"href":"https:\/\/anadolupet.com.tr\/en\/wp-json\/wp\/v2\/comments?post=45717"}],"wp:featuredmedia":[{"embeddable":true,"href":"https:\/\/anadolupet.com.tr\/en\/wp-json\/wp\/v2\/media\/46423"}],"wp:attachment":[{"href":"https:\/\/anadolupet.com.tr\/en\/wp-json\/wp\/v2\/media?parent=45717"}],"wp:term":[{"taxonomy":"product_brand","embeddable":true,"href":"https:\/\/anadolupet.com.tr\/en\/wp-json\/wp\/v2\/product_brand?post=45717"},{"taxonomy":"product_cat","embeddable":true,"href":"https:\/\/anadolupet.com.tr\/en\/wp-json\/wp\/v2\/product_cat?post=45717"},{"taxonomy":"product_tag","embeddable":true,"href":"https:\/\/anadolupet.com.tr\/en\/wp-json\/wp\/v2\/product_tag?post=45717"}],"curies":[{"name":"wp","href":"https:\/\/api.w.org\/{rel}","templated":true}]}}