{"id":45736,"date":"2026-02-14T14:44:32","date_gmt":"2026-02-14T14:44:32","guid":{"rendered":"https:\/\/anadolupet.com.tr\/urun\/lavital-vet-hipoalerjenik-kopek-mamasi-10-kg\/"},"modified":"2026-02-23T12:51:24","modified_gmt":"2026-02-23T12:51:24","slug":"lavital-vet-hipoalerjenik-kopek-mamasi-10-kg","status":"publish","type":"product","link":"https:\/\/anadolupet.com.tr\/en\/urun\/lavital-vet-hipoalerjenik-kopek-mamasi-10-kg\/","title":{"rendered":"LaVital Vet. Hipoalerjenik K\u00f6pek Mamas\u0131 10 KG"},"content":{"rendered":"","protected":false},"excerpt":{"rendered":"<p>LaVital Therapeutic Series Hypoallergenic Dog Food with Salmon<br \/>\nLaVital Therapeutic Series Hypoallergenic Dog Food with Salmon, yeti\u015fkin k\u00f6peklerde yem maddeleri ve besin maddelerine kar\u015f\u0131 intolerans\u0131n azalt\u0131lmas\u0131 i\u00e7in kullan\u0131lan diyetetik tam evcil hayvan mamas\u0131d\u0131r. Bu diyetetik evcil hayvan mamas\u0131 se\u00e7ilmi\u015f se\u00e7ilmi\u015f protein kaynaklar\u0131, bir hidrolize protein kayna\u011f\u0131 ve se\u00e7ilmi\u015f karbonhidrat kaynaklar\u0131 i\u00e7ermektedir.<br \/>\nBESLENME TAL\u0130MATLARI: Sadece bu mama ile besleyiniz. Kullanmadan \u00f6nce veya kullan\u0131m s\u00fcresini uzatmadan bir veteriner hekime dan\u0131\u015f\u0131lmas\u0131 tavsiye edilir. Tavsiye edilen kullan\u0131m s\u00fcresi: 3 ila 8 hafta: intolerans belirtileri ortadan kalkarsa, bu yem ba\u015flang\u0131\u00e7tan bir y\u0131la kadar kullan\u0131labilir. Tavsiye edilen g\u00fcnl\u00fck miktar i\u00e7in tabloya bak\u0131n\u0131z ve bu miktar her evcil hayvan\u0131n ya\u015f\u0131na veya \u00f6zel ihtiya\u00e7lar\u0131na g\u00f6re de\u011fi\u015febilir. \u00dcr\u00fcn\u00fc serin ve kuru bir yerde, do\u011frudan g\u00fcne\u015f \u0131\u015f\u0131\u011f\u0131 almayacak \u015fekilde saklay\u0131n. Her zaman taze ve temiz su bulundurunuz. \u0130\u00c7\u0130NDEK\u0130LER: B\u0130LE\u015e\u0130M: Bitkisel k\u00f6kenli t\u00fcrevler (bezelye 3.11.1, pirin\u00e7 1.6.16), somon unu 10.4.2 (%15), bitkisel s\u0131v\u0131 ve kat\u0131 ya\u011flar (ay\u00e7i\u00e7ek ya\u011f\u0131) 2.20.1, hidrolize somon proteini 9.6.1 (%3), maya \u00fcr\u00fcnleri 12.1.12, mineraller 11, kurutulmu\u015f pancar posas\u0131 4.1.10, lignosel\u00fcloz 7.8.1, somon ya\u011f\u0131 10.4.6 (%1), fruktooligosakkaritler 13.2.11 (%0.5), plantago tohumu 5.31.1 (%0.5).<br \/>\nProtein kayna\u011f\u0131: Somon 10.4.2, hidrolize somon proteini 9.6.1, bezelye 3.11.1<br \/>\nKarbonhidrat kayna\u011f\u0131: Bezelye 3.11.1, pirin\u00e7 1.6.16<br \/>\nANAL\u0130T\u0130K B\u0130LE\u015eENLER: Protein %22.6, Ya\u011f i\u00e7eri\u011fi %9.4, Ham sel\u00fcloz %3.5, Ham k\u00fcl %6.4, Omega 6 %3.6, Omega 3 %0.75<br \/>\nKG BA\u015eINA KATKILAR: Besinsel katk\u0131lar\/kg: Vitamin A 3a672a 25000 U.I., Vitamin D3 3a671 1500 U.I., Vitamin E 3a700 415 mg, \u00c7inko (\u00c7inko s\u00fclfat monohidrat 3b605) 100 mg, Demir (Demir (II) s\u00fclfat monohidrat 3b103) 90 mg, Bak\u0131r (Bak\u0131r (II) s\u00fclfat pentahidrat 3b405) 9 mg, Manganez (Manganez s\u00fclfat monohidrat 3b503) 10 mg, \u0130yot (Gran\u00fcle kaplanm\u0131\u015f kalsiyum iyodat anhidraz 3b203) 1.8 mg, Selenyum (Sodyum Selenit 3b801) 0.25 mg, DL-metiyonin 3c301 1750 mg, Kolin klor\u00fcr 3a890 1225 mg<br \/>\nTeknolojik Katk\u0131lar: Antioksidanlar (1b320 B\u00fctillendirilmi\u015f hidroksianisol (BHA) 50 mg\/kg, E321 B\u00fctillendirilmi\u015f hidroksitoluen (BHT) 50mg\/kg ve koruyucular (1a330 (Sitrik asit) 50 mg\/kg).<\/p>","protected":false},"featured_media":44518,"comment_status":"open","ping_status":"closed","template":"","meta":{"_acf_changed":false},"product_brand":[],"product_cat":[2464],"product_tag":[],"class_list":{"0":"post-45736","1":"product","2":"type-product","3":"status-publish","4":"has-post-thumbnail","6":"product_cat-yetiskin-kopek-mamalari","8":"first","9":"instock","10":"shipping-taxable","11":"product-type-simple"},"acf":[],"yoast_head":"<!-- This site is optimized with the Yoast SEO plugin v27.5 - https:\/\/yoast.com\/product\/yoast-seo-wordpress\/ -->\n<title>LaVital Vet. Hipoalerjenik K\u00f6pek Mamas\u0131 10 KG - Anadolu Pet Grup<\/title>\n<meta name=\"robots\" content=\"index, follow, max-snippet:-1, max-image-preview:large, max-video-preview:-1\" \/>\n<link rel=\"canonical\" href=\"https:\/\/anadolupet.com.tr\/en\/product\/lavital-vet-hipoalerjenik-kopek-mamasi-10-kg\/\" \/>\n<meta property=\"og:locale\" content=\"en_US\" \/>\n<meta property=\"og:type\" content=\"article\" \/>\n<meta property=\"og:title\" content=\"LaVital Vet. Hipoalerjenik K\u00f6pek Mamas\u0131 10 KG - Anadolu Pet Grup\" \/>\n<meta property=\"og:description\" content=\"LaVital Therapeutic Series Hypoallergenic Dog Food with Salmon LaVital Therapeutic Series Hypoallergenic Dog Food with Salmon, yeti\u015fkin k\u00f6peklerde yem maddeleri ve besin maddelerine kar\u015f\u0131 intolerans\u0131n azalt\u0131lmas\u0131 i\u00e7in kullan\u0131lan diyetetik tam evcil hayvan mamas\u0131d\u0131r. Bu diyetetik evcil hayvan mamas\u0131 se\u00e7ilmi\u015f se\u00e7ilmi\u015f protein kaynaklar\u0131, bir hidrolize protein kayna\u011f\u0131 ve se\u00e7ilmi\u015f karbonhidrat kaynaklar\u0131 i\u00e7ermektedir. BESLENME TAL\u0130MATLARI: Sadece bu mama ile besleyiniz. Kullanmadan \u00f6nce veya kullan\u0131m s\u00fcresini uzatmadan bir veteriner hekime dan\u0131\u015f\u0131lmas\u0131 tavsiye edilir. Tavsiye edilen kullan\u0131m s\u00fcresi: 3 ila 8 hafta: intolerans belirtileri ortadan kalkarsa, bu yem ba\u015flang\u0131\u00e7tan bir y\u0131la kadar kullan\u0131labilir. Tavsiye edilen g\u00fcnl\u00fck miktar i\u00e7in tabloya bak\u0131n\u0131z ve bu miktar her evcil hayvan\u0131n ya\u015f\u0131na veya \u00f6zel ihtiya\u00e7lar\u0131na g\u00f6re de\u011fi\u015febilir. \u00dcr\u00fcn\u00fc serin ve kuru bir yerde, do\u011frudan g\u00fcne\u015f \u0131\u015f\u0131\u011f\u0131 almayacak \u015fekilde saklay\u0131n. Her zaman taze ve temiz su bulundurunuz. \u0130\u00c7\u0130NDEK\u0130LER: B\u0130LE\u015e\u0130M: Bitkisel k\u00f6kenli t\u00fcrevler (bezelye 3.11.1, pirin\u00e7 1.6.16), somon unu 10.4.2 (%15), bitkisel s\u0131v\u0131 ve kat\u0131 ya\u011flar (ay\u00e7i\u00e7ek ya\u011f\u0131) 2.20.1, hidrolize somon proteini 9.6.1 (%3), maya \u00fcr\u00fcnleri 12.1.12, mineraller 11, kurutulmu\u015f pancar posas\u0131 4.1.10, lignosel\u00fcloz 7.8.1, somon ya\u011f\u0131 10.4.6 (%1), fruktooligosakkaritler 13.2.11 (%0.5), plantago tohumu 5.31.1 (%0.5). Protein kayna\u011f\u0131: Somon 10.4.2, hidrolize somon proteini 9.6.1, bezelye 3.11.1 Karbonhidrat kayna\u011f\u0131: Bezelye 3.11.1, pirin\u00e7 1.6.16 ANAL\u0130T\u0130K B\u0130LE\u015eENLER: Protein %22.6, Ya\u011f i\u00e7eri\u011fi %9.4, Ham sel\u00fcloz %3.5, Ham k\u00fcl %6.4, Omega 6 %3.6, Omega 3 %0.75 KG BA\u015eINA KATKILAR: Besinsel katk\u0131lar\/kg: Vitamin A 3a672a 25000 U.I., Vitamin D3 3a671 1500 U.I., Vitamin E 3a700 415 mg, \u00c7inko (\u00c7inko s\u00fclfat monohidrat 3b605) 100 mg, Demir (Demir (II) s\u00fclfat monohidrat 3b103) 90 mg, Bak\u0131r (Bak\u0131r (II) s\u00fclfat pentahidrat 3b405) 9 mg, Manganez (Manganez s\u00fclfat monohidrat 3b503) 10 mg, \u0130yot (Gran\u00fcle kaplanm\u0131\u015f kalsiyum iyodat anhidraz 3b203) 1.8 mg, Selenyum (Sodyum Selenit 3b801) 0.25 mg, DL-metiyonin 3c301 1750 mg, Kolin klor\u00fcr 3a890 1225 mg Teknolojik Katk\u0131lar: Antioksidanlar (1b320 B\u00fctillendirilmi\u015f hidroksianisol (BHA) 50 mg\/kg, E321 B\u00fctillendirilmi\u015f hidroksitoluen (BHT) 50mg\/kg ve koruyucular (1a330 (Sitrik asit) 50 mg\/kg).\" \/>\n<meta property=\"og:url\" content=\"https:\/\/anadolupet.com.tr\/en\/product\/lavital-vet-hipoalerjenik-kopek-mamasi-10-kg\/\" \/>\n<meta property=\"og:site_name\" content=\"Anadolu Pet Grup\" \/>\n<meta property=\"article:modified_time\" content=\"2026-02-23T12:51:24+00:00\" \/>\n<meta property=\"og:image\" content=\"https:\/\/anadolupet.com.tr\/wp-content\/uploads\/2026\/02\/806-000002.jpg\" \/>\n\t<meta property=\"og:image:width\" content=\"750\" \/>\n\t<meta property=\"og:image:height\" content=\"750\" \/>\n\t<meta property=\"og:image:type\" content=\"image\/jpeg\" \/>\n<meta name=\"twitter:card\" content=\"summary_large_image\" \/>\n<script type=\"application\/ld+json\" class=\"yoast-schema-graph\">{\"@context\":\"https:\\\/\\\/schema.org\",\"@graph\":[{\"@type\":\"WebPage\",\"@id\":\"https:\\\/\\\/anadolupet.com.tr\\\/urun\\\/lavital-vet-hipoalerjenik-kopek-mamasi-10-kg\\\/\",\"url\":\"https:\\\/\\\/anadolupet.com.tr\\\/urun\\\/lavital-vet-hipoalerjenik-kopek-mamasi-10-kg\\\/\",\"name\":\"LaVital Vet. Hipoalerjenik K\u00f6pek Mamas\u0131 10 KG - Anadolu Pet Grup\",\"isPartOf\":{\"@id\":\"https:\\\/\\\/anadolupet.com.tr\\\/#website\"},\"primaryImageOfPage\":{\"@id\":\"https:\\\/\\\/anadolupet.com.tr\\\/urun\\\/lavital-vet-hipoalerjenik-kopek-mamasi-10-kg\\\/#primaryimage\"},\"image\":{\"@id\":\"https:\\\/\\\/anadolupet.com.tr\\\/urun\\\/lavital-vet-hipoalerjenik-kopek-mamasi-10-kg\\\/#primaryimage\"},\"thumbnailUrl\":\"https:\\\/\\\/anadolupet.com.tr\\\/wp-content\\\/uploads\\\/2026\\\/02\\\/806-000002.jpg\",\"datePublished\":\"2026-02-14T14:44:32+00:00\",\"dateModified\":\"2026-02-23T12:51:24+00:00\",\"breadcrumb\":{\"@id\":\"https:\\\/\\\/anadolupet.com.tr\\\/urun\\\/lavital-vet-hipoalerjenik-kopek-mamasi-10-kg\\\/#breadcrumb\"},\"inLanguage\":\"en-US\",\"potentialAction\":[{\"@type\":\"ReadAction\",\"target\":[\"https:\\\/\\\/anadolupet.com.tr\\\/urun\\\/lavital-vet-hipoalerjenik-kopek-mamasi-10-kg\\\/\"]}]},{\"@type\":\"ImageObject\",\"inLanguage\":\"en-US\",\"@id\":\"https:\\\/\\\/anadolupet.com.tr\\\/urun\\\/lavital-vet-hipoalerjenik-kopek-mamasi-10-kg\\\/#primaryimage\",\"url\":\"https:\\\/\\\/anadolupet.com.tr\\\/wp-content\\\/uploads\\\/2026\\\/02\\\/806-000002.jpg\",\"contentUrl\":\"https:\\\/\\\/anadolupet.com.tr\\\/wp-content\\\/uploads\\\/2026\\\/02\\\/806-000002.jpg\",\"width\":750,\"height\":750},{\"@type\":\"BreadcrumbList\",\"@id\":\"https:\\\/\\\/anadolupet.com.tr\\\/urun\\\/lavital-vet-hipoalerjenik-kopek-mamasi-10-kg\\\/#breadcrumb\",\"itemListElement\":[{\"@type\":\"ListItem\",\"position\":1,\"name\":\"Anasayfa\",\"item\":\"https:\\\/\\\/anadolupet.com.tr\\\/\"},{\"@type\":\"ListItem\",\"position\":2,\"name\":\"\u00dcr\u00fcnler\",\"item\":\"https:\\\/\\\/anadolupet.com.tr\\\/urunler\\\/\"},{\"@type\":\"ListItem\",\"position\":3,\"name\":\"LaVital Vet. Hipoalerjenik K\u00f6pek Mamas\u0131 10 KG\"}]},{\"@type\":\"WebSite\",\"@id\":\"https:\\\/\\\/anadolupet.com.tr\\\/#website\",\"url\":\"https:\\\/\\\/anadolupet.com.tr\\\/\",\"name\":\"Anadolu Pet Grup\",\"description\":\"Her Can\u0131n \u0130yi Ya\u015fam\u0131 \u0130\u00e7in Biraraday\u0131z\",\"publisher\":{\"@id\":\"https:\\\/\\\/anadolupet.com.tr\\\/#organization\"},\"potentialAction\":[{\"@type\":\"SearchAction\",\"target\":{\"@type\":\"EntryPoint\",\"urlTemplate\":\"https:\\\/\\\/anadolupet.com.tr\\\/?s={search_term_string}\"},\"query-input\":{\"@type\":\"PropertyValueSpecification\",\"valueRequired\":true,\"valueName\":\"search_term_string\"}}],\"inLanguage\":\"en-US\"},{\"@type\":\"Organization\",\"@id\":\"https:\\\/\\\/anadolupet.com.tr\\\/#organization\",\"name\":\"Anadolu Pet Grup\",\"alternateName\":\"Anadolu Pet\",\"url\":\"https:\\\/\\\/anadolupet.com.tr\\\/\",\"logo\":{\"@type\":\"ImageObject\",\"inLanguage\":\"en-US\",\"@id\":\"https:\\\/\\\/anadolupet.com.tr\\\/#\\\/schema\\\/logo\\\/image\\\/\",\"url\":\"https:\\\/\\\/anadolupet.com.tr\\\/wp-content\\\/uploads\\\/2026\\\/03\\\/1614666743370.jpg\",\"contentUrl\":\"https:\\\/\\\/anadolupet.com.tr\\\/wp-content\\\/uploads\\\/2026\\\/03\\\/1614666743370.jpg\",\"width\":800,\"height\":571,\"caption\":\"Anadolu Pet Grup\"},\"image\":{\"@id\":\"https:\\\/\\\/anadolupet.com.tr\\\/#\\\/schema\\\/logo\\\/image\\\/\"}}]}<\/script>\n<!-- \/ Yoast SEO plugin. -->","yoast_head_json":{"title":"LaVital Vet. Hipoalerjenik K\u00f6pek Mamas\u0131 10 KG - Anadolu Pet Grup","robots":{"index":"index","follow":"follow","max-snippet":"max-snippet:-1","max-image-preview":"max-image-preview:large","max-video-preview":"max-video-preview:-1"},"canonical":"https:\/\/anadolupet.com.tr\/en\/product\/lavital-vet-hipoalerjenik-kopek-mamasi-10-kg\/","og_locale":"en_US","og_type":"article","og_title":"LaVital Vet. Hipoalerjenik K\u00f6pek Mamas\u0131 10 KG - Anadolu Pet Grup","og_description":"LaVital Therapeutic Series Hypoallergenic Dog Food with Salmon LaVital Therapeutic Series Hypoallergenic Dog Food with Salmon, yeti\u015fkin k\u00f6peklerde yem maddeleri ve besin maddelerine kar\u015f\u0131 intolerans\u0131n azalt\u0131lmas\u0131 i\u00e7in kullan\u0131lan diyetetik tam evcil hayvan mamas\u0131d\u0131r. Bu diyetetik evcil hayvan mamas\u0131 se\u00e7ilmi\u015f se\u00e7ilmi\u015f protein kaynaklar\u0131, bir hidrolize protein kayna\u011f\u0131 ve se\u00e7ilmi\u015f karbonhidrat kaynaklar\u0131 i\u00e7ermektedir. BESLENME TAL\u0130MATLARI: Sadece bu mama ile besleyiniz. Kullanmadan \u00f6nce veya kullan\u0131m s\u00fcresini uzatmadan bir veteriner hekime dan\u0131\u015f\u0131lmas\u0131 tavsiye edilir. Tavsiye edilen kullan\u0131m s\u00fcresi: 3 ila 8 hafta: intolerans belirtileri ortadan kalkarsa, bu yem ba\u015flang\u0131\u00e7tan bir y\u0131la kadar kullan\u0131labilir. Tavsiye edilen g\u00fcnl\u00fck miktar i\u00e7in tabloya bak\u0131n\u0131z ve bu miktar her evcil hayvan\u0131n ya\u015f\u0131na veya \u00f6zel ihtiya\u00e7lar\u0131na g\u00f6re de\u011fi\u015febilir. \u00dcr\u00fcn\u00fc serin ve kuru bir yerde, do\u011frudan g\u00fcne\u015f \u0131\u015f\u0131\u011f\u0131 almayacak \u015fekilde saklay\u0131n. Her zaman taze ve temiz su bulundurunuz. \u0130\u00c7\u0130NDEK\u0130LER: B\u0130LE\u015e\u0130M: Bitkisel k\u00f6kenli t\u00fcrevler (bezelye 3.11.1, pirin\u00e7 1.6.16), somon unu 10.4.2 (%15), bitkisel s\u0131v\u0131 ve kat\u0131 ya\u011flar (ay\u00e7i\u00e7ek ya\u011f\u0131) 2.20.1, hidrolize somon proteini 9.6.1 (%3), maya \u00fcr\u00fcnleri 12.1.12, mineraller 11, kurutulmu\u015f pancar posas\u0131 4.1.10, lignosel\u00fcloz 7.8.1, somon ya\u011f\u0131 10.4.6 (%1), fruktooligosakkaritler 13.2.11 (%0.5), plantago tohumu 5.31.1 (%0.5). Protein kayna\u011f\u0131: Somon 10.4.2, hidrolize somon proteini 9.6.1, bezelye 3.11.1 Karbonhidrat kayna\u011f\u0131: Bezelye 3.11.1, pirin\u00e7 1.6.16 ANAL\u0130T\u0130K B\u0130LE\u015eENLER: Protein %22.6, Ya\u011f i\u00e7eri\u011fi %9.4, Ham sel\u00fcloz %3.5, Ham k\u00fcl %6.4, Omega 6 %3.6, Omega 3 %0.75 KG BA\u015eINA KATKILAR: Besinsel katk\u0131lar\/kg: Vitamin A 3a672a 25000 U.I., Vitamin D3 3a671 1500 U.I., Vitamin E 3a700 415 mg, \u00c7inko (\u00c7inko s\u00fclfat monohidrat 3b605) 100 mg, Demir (Demir (II) s\u00fclfat monohidrat 3b103) 90 mg, Bak\u0131r (Bak\u0131r (II) s\u00fclfat pentahidrat 3b405) 9 mg, Manganez (Manganez s\u00fclfat monohidrat 3b503) 10 mg, \u0130yot (Gran\u00fcle kaplanm\u0131\u015f kalsiyum iyodat anhidraz 3b203) 1.8 mg, Selenyum (Sodyum Selenit 3b801) 0.25 mg, DL-metiyonin 3c301 1750 mg, Kolin klor\u00fcr 3a890 1225 mg Teknolojik Katk\u0131lar: Antioksidanlar (1b320 B\u00fctillendirilmi\u015f hidroksianisol (BHA) 50 mg\/kg, E321 B\u00fctillendirilmi\u015f hidroksitoluen (BHT) 50mg\/kg ve koruyucular (1a330 (Sitrik asit) 50 mg\/kg).","og_url":"https:\/\/anadolupet.com.tr\/en\/product\/lavital-vet-hipoalerjenik-kopek-mamasi-10-kg\/","og_site_name":"Anadolu Pet Grup","article_modified_time":"2026-02-23T12:51:24+00:00","og_image":[{"width":750,"height":750,"url":"https:\/\/anadolupet.com.tr\/wp-content\/uploads\/2026\/02\/806-000002.jpg","type":"image\/jpeg"}],"twitter_card":"summary_large_image","schema":{"@context":"https:\/\/schema.org","@graph":[{"@type":"WebPage","@id":"https:\/\/anadolupet.com.tr\/urun\/lavital-vet-hipoalerjenik-kopek-mamasi-10-kg\/","url":"https:\/\/anadolupet.com.tr\/urun\/lavital-vet-hipoalerjenik-kopek-mamasi-10-kg\/","name":"LaVital Vet. Hipoalerjenik K\u00f6pek Mamas\u0131 10 KG - Anadolu Pet Grup","isPartOf":{"@id":"https:\/\/anadolupet.com.tr\/#website"},"primaryImageOfPage":{"@id":"https:\/\/anadolupet.com.tr\/urun\/lavital-vet-hipoalerjenik-kopek-mamasi-10-kg\/#primaryimage"},"image":{"@id":"https:\/\/anadolupet.com.tr\/urun\/lavital-vet-hipoalerjenik-kopek-mamasi-10-kg\/#primaryimage"},"thumbnailUrl":"https:\/\/anadolupet.com.tr\/wp-content\/uploads\/2026\/02\/806-000002.jpg","datePublished":"2026-02-14T14:44:32+00:00","dateModified":"2026-02-23T12:51:24+00:00","breadcrumb":{"@id":"https:\/\/anadolupet.com.tr\/urun\/lavital-vet-hipoalerjenik-kopek-mamasi-10-kg\/#breadcrumb"},"inLanguage":"en-US","potentialAction":[{"@type":"ReadAction","target":["https:\/\/anadolupet.com.tr\/urun\/lavital-vet-hipoalerjenik-kopek-mamasi-10-kg\/"]}]},{"@type":"ImageObject","inLanguage":"en-US","@id":"https:\/\/anadolupet.com.tr\/urun\/lavital-vet-hipoalerjenik-kopek-mamasi-10-kg\/#primaryimage","url":"https:\/\/anadolupet.com.tr\/wp-content\/uploads\/2026\/02\/806-000002.jpg","contentUrl":"https:\/\/anadolupet.com.tr\/wp-content\/uploads\/2026\/02\/806-000002.jpg","width":750,"height":750},{"@type":"BreadcrumbList","@id":"https:\/\/anadolupet.com.tr\/urun\/lavital-vet-hipoalerjenik-kopek-mamasi-10-kg\/#breadcrumb","itemListElement":[{"@type":"ListItem","position":1,"name":"Anasayfa","item":"https:\/\/anadolupet.com.tr\/"},{"@type":"ListItem","position":2,"name":"\u00dcr\u00fcnler","item":"https:\/\/anadolupet.com.tr\/urunler\/"},{"@type":"ListItem","position":3,"name":"LaVital Vet. Hipoalerjenik K\u00f6pek Mamas\u0131 10 KG"}]},{"@type":"WebSite","@id":"https:\/\/anadolupet.com.tr\/#website","url":"https:\/\/anadolupet.com.tr\/","name":"Anadolu Pet Group","description":"We Stand Together for the Well-Being of Every Life","publisher":{"@id":"https:\/\/anadolupet.com.tr\/#organization"},"potentialAction":[{"@type":"SearchAction","target":{"@type":"EntryPoint","urlTemplate":"https:\/\/anadolupet.com.tr\/?s={search_term_string}"},"query-input":{"@type":"PropertyValueSpecification","valueRequired":true,"valueName":"search_term_string"}}],"inLanguage":"en-US"},{"@type":"Organization","@id":"https:\/\/anadolupet.com.tr\/#organization","name":"Anadolu Pet Group","alternateName":"Anadolu Pet","url":"https:\/\/anadolupet.com.tr\/","logo":{"@type":"ImageObject","inLanguage":"en-US","@id":"https:\/\/anadolupet.com.tr\/#\/schema\/logo\/image\/","url":"https:\/\/anadolupet.com.tr\/wp-content\/uploads\/2026\/03\/1614666743370.jpg","contentUrl":"https:\/\/anadolupet.com.tr\/wp-content\/uploads\/2026\/03\/1614666743370.jpg","width":800,"height":571,"caption":"Anadolu Pet Grup"},"image":{"@id":"https:\/\/anadolupet.com.tr\/#\/schema\/logo\/image\/"}}]}},"_links":{"self":[{"href":"https:\/\/anadolupet.com.tr\/en\/wp-json\/wp\/v2\/product\/45736","targetHints":{"allow":["GET"]}}],"collection":[{"href":"https:\/\/anadolupet.com.tr\/en\/wp-json\/wp\/v2\/product"}],"about":[{"href":"https:\/\/anadolupet.com.tr\/en\/wp-json\/wp\/v2\/types\/product"}],"replies":[{"embeddable":true,"href":"https:\/\/anadolupet.com.tr\/en\/wp-json\/wp\/v2\/comments?post=45736"}],"wp:featuredmedia":[{"embeddable":true,"href":"https:\/\/anadolupet.com.tr\/en\/wp-json\/wp\/v2\/media\/44518"}],"wp:attachment":[{"href":"https:\/\/anadolupet.com.tr\/en\/wp-json\/wp\/v2\/media?parent=45736"}],"wp:term":[{"taxonomy":"product_brand","embeddable":true,"href":"https:\/\/anadolupet.com.tr\/en\/wp-json\/wp\/v2\/product_brand?post=45736"},{"taxonomy":"product_cat","embeddable":true,"href":"https:\/\/anadolupet.com.tr\/en\/wp-json\/wp\/v2\/product_cat?post=45736"},{"taxonomy":"product_tag","embeddable":true,"href":"https:\/\/anadolupet.com.tr\/en\/wp-json\/wp\/v2\/product_tag?post=45736"}],"curies":[{"name":"wp","href":"https:\/\/api.w.org\/{rel}","templated":true}]}}