{"id":45738,"date":"2026-02-14T14:44:32","date_gmt":"2026-02-14T14:44:32","guid":{"rendered":"https:\/\/anadolupet.com.tr\/urun\/lavital-vet-joint-eklem-sagligi-kopek-mamasi-10-kg\/"},"modified":"2026-02-23T12:51:24","modified_gmt":"2026-02-23T12:51:24","slug":"lavital-vet-joint-eklem-sagligi-kopek-mamasi-10-kg","status":"publish","type":"product","link":"https:\/\/anadolupet.com.tr\/en\/urun\/lavital-vet-joint-eklem-sagligi-kopek-mamasi-10-kg\/","title":{"rendered":"LaVital Vet. Joint Eklem Sa\u011fl\u0131\u011f\u0131 K\u00f6pek Mamas\u0131 10 KG"},"content":{"rendered":"","protected":false},"excerpt":{"rendered":"<p>LaVital Therapeutic Series Joint Dog Food with Chicken, yeti\u015fkin k\u00f6peklerde osteoartritis durumunda eklem metabolizmas\u0131n\u0131n desteklenmesi i\u00e7in kullan\u0131lan diyetetik tam evcil hayvan mamas\u0131d\u0131r. Bu mama, y\u00fcksek seviyede EPA, toplam omega-3 ya\u011f asitleri ve E vitamini i\u00e7erir.<br \/>\nBESLENME TAL\u0130MATLARI: Sadece bu mama ile besleyiniz. Kullanmadan \u00f6nce veya kullan\u0131m s\u00fcresini uzatmadan bir veteriner hekime dan\u0131\u015f\u0131lmas\u0131 tavsiye edilir. Tavsiye edilen kullan\u0131m s\u00fcresi: ba\u015flang\u0131\u00e7tan 3 aya kadard\u0131r. Tavsiye edilen g\u00fcnl\u00fck miktar i\u00e7in tabloya bak\u0131n\u0131z ve bu miktar her evcil hayvan\u0131n ya\u015f\u0131na veya \u00f6zel ihtiya\u00e7lar\u0131na g\u00f6re de\u011fi\u015febilir. \u00dcr\u00fcn\u00fc serin ve kuru bir yerde, do\u011frudan g\u00fcne\u015f \u0131\u015f\u0131\u011f\u0131 almayacak \u015fekilde saklay\u0131n. Her zaman taze ve temiz su bulundurunuz. \u0130\u00c7\u0130NDEK\u0130LER: B\u0130LE\u015e\u0130M: Et ve hayvansal t\u00fcrevler (i\u015flenmi\u015f tavuk proteini 9.4.1), bitkisel k\u00f6kenli t\u00fcrevler (kurutulmu\u015f bezelye 3.11.1, karabu\u011fday 5.6.1), hamsi unu 10.4.2 (%8), hamsi ya\u011f\u0131 10.4.6 (%5), keten tohumu 2.8.1, lignosel\u00fcloz 7.8.1, hidrolize tavuk proteini 9.6.1, kurutulmu\u015f pancar posas\u0131 4.1.10, krill unu 10.7.1 (%2.5), tavuk ya\u011f\u0131 9.2.1, plantago tohumu 5.31.1, kurutulmu\u015f alg (Schizochytrium sp.) 7.1.2 (%0.5), mineraller 11, fruktooligosakkaritler 13.2.11, glikozamin (hayvansal dokudan elde edilen) 13.2.8, kondroitin s\u00fclfat 13.12.2.<br \/>\nProtein kayna\u011f\u0131: Bezelye 3.11.1, i\u015flenmi\u015f tavuk proteini 9.4.1, hidrolize tavuk proteini 9.6.1, hamsi unu 10.4.2.<br \/>\nKarbonhidrat kayna\u011f\u0131: Bezelye 3.11.1, karabu\u011fday 5.6.1.<br \/>\nANAL\u0130T\u0130K B\u0130LE\u015eENLER: Protein %31.5, Ya\u011f i\u00e7eri\u011fi %15.5, Ham sel\u00fcloz %5.3, Ham k\u00fcl %6.3, Omega 3 ya\u011f asitleri (toplam) %3.12, Eikosapentaenoik asit (toplam) %1, Vitamin E (toplam) 3a700 310 mg. KG BA\u015eINA KATKILAR: Besinsel katk\u0131lar\/kg: Vitamin A 3a672a 25000 U.I., Vitamin D3 3a671 1500 U.I., Vitamin E 3a700 290 mg, \u00c7inko (\u00c7inko s\u00fclfat monohidrat 3b605) 100 mg, Demir (Demir (II) s\u00fclfat monohidrat 3b103) 90 mg, Bak\u0131r (Bak\u0131r (II) s\u00fclfat pentahidrat 3b405) 9 mg, Manganez (Manganez s\u00fclfat monohidrat 3b503) 10 mg, \u0130yot (Gran\u00fcle kaplanm\u0131\u015f kalsiyum iyodat anhidraz 3b203) 1.8 mg, Selenyum (Sodyum Selenit 3b801) 0.25 mg, DL-metiyonin 3c301 500 mg, Kolin klor\u00fcr 3a890 350 mg.<br \/>\nTeknolojik katk\u0131lar: Antioksidanlar (1b320 B\u00fctillendirilmi\u015f hidroksianisol (BHA) 50 mg\/kg, E321 B\u00fctillendirilmi\u015f hidroksitoluen (BHT) 50mg\/kg ve koruyucular (1a330 (Sitrik asit) 50 mg\/kg).<br \/>\nAromatikler ve i\u015ftah artt\u0131r\u0131c\u0131lar: Boswellia serrata\u2019dan elde edilen kuru olibanum \u00f6z\u00fct\u00fc 800 mg.<\/p>","protected":false},"featured_media":44520,"comment_status":"open","ping_status":"closed","template":"","meta":{"_acf_changed":false},"product_brand":[],"product_cat":[2464],"product_tag":[],"class_list":{"0":"post-45738","1":"product","2":"type-product","3":"status-publish","4":"has-post-thumbnail","6":"product_cat-yetiskin-kopek-mamalari","8":"first","9":"instock","10":"shipping-taxable","11":"product-type-simple"},"acf":[],"yoast_head":"<!-- This site is optimized with the Yoast SEO plugin v27.5 - https:\/\/yoast.com\/product\/yoast-seo-wordpress\/ -->\n<title>LaVital Vet. Joint Eklem Sa\u011fl\u0131\u011f\u0131 K\u00f6pek Mamas\u0131 10 KG - Anadolu Pet Grup<\/title>\n<meta name=\"robots\" content=\"index, follow, max-snippet:-1, max-image-preview:large, max-video-preview:-1\" \/>\n<link rel=\"canonical\" href=\"https:\/\/anadolupet.com.tr\/en\/product\/lavital-vet-joint-eklem-sagligi-kopek-mamasi-10-kg\/\" \/>\n<meta property=\"og:locale\" content=\"en_US\" \/>\n<meta property=\"og:type\" content=\"article\" \/>\n<meta property=\"og:title\" content=\"LaVital Vet. Joint Eklem Sa\u011fl\u0131\u011f\u0131 K\u00f6pek Mamas\u0131 10 KG - Anadolu Pet Grup\" \/>\n<meta property=\"og:description\" content=\"LaVital Therapeutic Series Joint Dog Food with Chicken, yeti\u015fkin k\u00f6peklerde osteoartritis durumunda eklem metabolizmas\u0131n\u0131n desteklenmesi i\u00e7in kullan\u0131lan diyetetik tam evcil hayvan mamas\u0131d\u0131r. Bu mama, y\u00fcksek seviyede EPA, toplam omega-3 ya\u011f asitleri ve E vitamini i\u00e7erir. BESLENME TAL\u0130MATLARI: Sadece bu mama ile besleyiniz. Kullanmadan \u00f6nce veya kullan\u0131m s\u00fcresini uzatmadan bir veteriner hekime dan\u0131\u015f\u0131lmas\u0131 tavsiye edilir. Tavsiye edilen kullan\u0131m s\u00fcresi: ba\u015flang\u0131\u00e7tan 3 aya kadard\u0131r. Tavsiye edilen g\u00fcnl\u00fck miktar i\u00e7in tabloya bak\u0131n\u0131z ve bu miktar her evcil hayvan\u0131n ya\u015f\u0131na veya \u00f6zel ihtiya\u00e7lar\u0131na g\u00f6re de\u011fi\u015febilir. \u00dcr\u00fcn\u00fc serin ve kuru bir yerde, do\u011frudan g\u00fcne\u015f \u0131\u015f\u0131\u011f\u0131 almayacak \u015fekilde saklay\u0131n. Her zaman taze ve temiz su bulundurunuz. \u0130\u00c7\u0130NDEK\u0130LER: B\u0130LE\u015e\u0130M: Et ve hayvansal t\u00fcrevler (i\u015flenmi\u015f tavuk proteini 9.4.1), bitkisel k\u00f6kenli t\u00fcrevler (kurutulmu\u015f bezelye 3.11.1, karabu\u011fday 5.6.1), hamsi unu 10.4.2 (%8), hamsi ya\u011f\u0131 10.4.6 (%5), keten tohumu 2.8.1, lignosel\u00fcloz 7.8.1, hidrolize tavuk proteini 9.6.1, kurutulmu\u015f pancar posas\u0131 4.1.10, krill unu 10.7.1 (%2.5), tavuk ya\u011f\u0131 9.2.1, plantago tohumu 5.31.1, kurutulmu\u015f alg (Schizochytrium sp.) 7.1.2 (%0.5), mineraller 11, fruktooligosakkaritler 13.2.11, glikozamin (hayvansal dokudan elde edilen) 13.2.8, kondroitin s\u00fclfat 13.12.2. Protein kayna\u011f\u0131: Bezelye 3.11.1, i\u015flenmi\u015f tavuk proteini 9.4.1, hidrolize tavuk proteini 9.6.1, hamsi unu 10.4.2. Karbonhidrat kayna\u011f\u0131: Bezelye 3.11.1, karabu\u011fday 5.6.1. ANAL\u0130T\u0130K B\u0130LE\u015eENLER: Protein %31.5, Ya\u011f i\u00e7eri\u011fi %15.5, Ham sel\u00fcloz %5.3, Ham k\u00fcl %6.3, Omega 3 ya\u011f asitleri (toplam) %3.12, Eikosapentaenoik asit (toplam) %1, Vitamin E (toplam) 3a700 310 mg. KG BA\u015eINA KATKILAR: Besinsel katk\u0131lar\/kg: Vitamin A 3a672a 25000 U.I., Vitamin D3 3a671 1500 U.I., Vitamin E 3a700 290 mg, \u00c7inko (\u00c7inko s\u00fclfat monohidrat 3b605) 100 mg, Demir (Demir (II) s\u00fclfat monohidrat 3b103) 90 mg, Bak\u0131r (Bak\u0131r (II) s\u00fclfat pentahidrat 3b405) 9 mg, Manganez (Manganez s\u00fclfat monohidrat 3b503) 10 mg, \u0130yot (Gran\u00fcle kaplanm\u0131\u015f kalsiyum iyodat anhidraz 3b203) 1.8 mg, Selenyum (Sodyum Selenit 3b801) 0.25 mg, DL-metiyonin 3c301 500 mg, Kolin klor\u00fcr 3a890 350 mg. Teknolojik katk\u0131lar: Antioksidanlar (1b320 B\u00fctillendirilmi\u015f hidroksianisol (BHA) 50 mg\/kg, E321 B\u00fctillendirilmi\u015f hidroksitoluen (BHT) 50mg\/kg ve koruyucular (1a330 (Sitrik asit) 50 mg\/kg). Aromatikler ve i\u015ftah artt\u0131r\u0131c\u0131lar: Boswellia serrata\u2019dan elde edilen kuru olibanum \u00f6z\u00fct\u00fc 800 mg.\" \/>\n<meta property=\"og:url\" content=\"https:\/\/anadolupet.com.tr\/en\/product\/lavital-vet-joint-eklem-sagligi-kopek-mamasi-10-kg\/\" \/>\n<meta property=\"og:site_name\" content=\"Anadolu Pet Grup\" \/>\n<meta property=\"article:modified_time\" content=\"2026-02-23T12:51:24+00:00\" \/>\n<meta property=\"og:image\" content=\"https:\/\/anadolupet.com.tr\/wp-content\/uploads\/2026\/02\/806-000004.jpg\" \/>\n\t<meta property=\"og:image:width\" content=\"750\" \/>\n\t<meta property=\"og:image:height\" content=\"750\" \/>\n\t<meta property=\"og:image:type\" content=\"image\/jpeg\" \/>\n<meta name=\"twitter:card\" content=\"summary_large_image\" \/>\n<script type=\"application\/ld+json\" class=\"yoast-schema-graph\">{\"@context\":\"https:\\\/\\\/schema.org\",\"@graph\":[{\"@type\":\"WebPage\",\"@id\":\"https:\\\/\\\/anadolupet.com.tr\\\/urun\\\/lavital-vet-joint-eklem-sagligi-kopek-mamasi-10-kg\\\/\",\"url\":\"https:\\\/\\\/anadolupet.com.tr\\\/urun\\\/lavital-vet-joint-eklem-sagligi-kopek-mamasi-10-kg\\\/\",\"name\":\"LaVital Vet. Joint Eklem Sa\u011fl\u0131\u011f\u0131 K\u00f6pek Mamas\u0131 10 KG - Anadolu Pet Grup\",\"isPartOf\":{\"@id\":\"https:\\\/\\\/anadolupet.com.tr\\\/#website\"},\"primaryImageOfPage\":{\"@id\":\"https:\\\/\\\/anadolupet.com.tr\\\/urun\\\/lavital-vet-joint-eklem-sagligi-kopek-mamasi-10-kg\\\/#primaryimage\"},\"image\":{\"@id\":\"https:\\\/\\\/anadolupet.com.tr\\\/urun\\\/lavital-vet-joint-eklem-sagligi-kopek-mamasi-10-kg\\\/#primaryimage\"},\"thumbnailUrl\":\"https:\\\/\\\/anadolupet.com.tr\\\/wp-content\\\/uploads\\\/2026\\\/02\\\/806-000004.jpg\",\"datePublished\":\"2026-02-14T14:44:32+00:00\",\"dateModified\":\"2026-02-23T12:51:24+00:00\",\"breadcrumb\":{\"@id\":\"https:\\\/\\\/anadolupet.com.tr\\\/urun\\\/lavital-vet-joint-eklem-sagligi-kopek-mamasi-10-kg\\\/#breadcrumb\"},\"inLanguage\":\"en-US\",\"potentialAction\":[{\"@type\":\"ReadAction\",\"target\":[\"https:\\\/\\\/anadolupet.com.tr\\\/urun\\\/lavital-vet-joint-eklem-sagligi-kopek-mamasi-10-kg\\\/\"]}]},{\"@type\":\"ImageObject\",\"inLanguage\":\"en-US\",\"@id\":\"https:\\\/\\\/anadolupet.com.tr\\\/urun\\\/lavital-vet-joint-eklem-sagligi-kopek-mamasi-10-kg\\\/#primaryimage\",\"url\":\"https:\\\/\\\/anadolupet.com.tr\\\/wp-content\\\/uploads\\\/2026\\\/02\\\/806-000004.jpg\",\"contentUrl\":\"https:\\\/\\\/anadolupet.com.tr\\\/wp-content\\\/uploads\\\/2026\\\/02\\\/806-000004.jpg\",\"width\":750,\"height\":750},{\"@type\":\"BreadcrumbList\",\"@id\":\"https:\\\/\\\/anadolupet.com.tr\\\/urun\\\/lavital-vet-joint-eklem-sagligi-kopek-mamasi-10-kg\\\/#breadcrumb\",\"itemListElement\":[{\"@type\":\"ListItem\",\"position\":1,\"name\":\"Anasayfa\",\"item\":\"https:\\\/\\\/anadolupet.com.tr\\\/\"},{\"@type\":\"ListItem\",\"position\":2,\"name\":\"\u00dcr\u00fcnler\",\"item\":\"https:\\\/\\\/anadolupet.com.tr\\\/urunler\\\/\"},{\"@type\":\"ListItem\",\"position\":3,\"name\":\"LaVital Vet. Joint Eklem Sa\u011fl\u0131\u011f\u0131 K\u00f6pek Mamas\u0131 10 KG\"}]},{\"@type\":\"WebSite\",\"@id\":\"https:\\\/\\\/anadolupet.com.tr\\\/#website\",\"url\":\"https:\\\/\\\/anadolupet.com.tr\\\/\",\"name\":\"Anadolu Pet Grup\",\"description\":\"Her Can\u0131n \u0130yi Ya\u015fam\u0131 \u0130\u00e7in Biraraday\u0131z\",\"publisher\":{\"@id\":\"https:\\\/\\\/anadolupet.com.tr\\\/#organization\"},\"potentialAction\":[{\"@type\":\"SearchAction\",\"target\":{\"@type\":\"EntryPoint\",\"urlTemplate\":\"https:\\\/\\\/anadolupet.com.tr\\\/?s={search_term_string}\"},\"query-input\":{\"@type\":\"PropertyValueSpecification\",\"valueRequired\":true,\"valueName\":\"search_term_string\"}}],\"inLanguage\":\"en-US\"},{\"@type\":\"Organization\",\"@id\":\"https:\\\/\\\/anadolupet.com.tr\\\/#organization\",\"name\":\"Anadolu Pet Grup\",\"alternateName\":\"Anadolu Pet\",\"url\":\"https:\\\/\\\/anadolupet.com.tr\\\/\",\"logo\":{\"@type\":\"ImageObject\",\"inLanguage\":\"en-US\",\"@id\":\"https:\\\/\\\/anadolupet.com.tr\\\/#\\\/schema\\\/logo\\\/image\\\/\",\"url\":\"https:\\\/\\\/anadolupet.com.tr\\\/wp-content\\\/uploads\\\/2026\\\/03\\\/1614666743370.jpg\",\"contentUrl\":\"https:\\\/\\\/anadolupet.com.tr\\\/wp-content\\\/uploads\\\/2026\\\/03\\\/1614666743370.jpg\",\"width\":800,\"height\":571,\"caption\":\"Anadolu Pet Grup\"},\"image\":{\"@id\":\"https:\\\/\\\/anadolupet.com.tr\\\/#\\\/schema\\\/logo\\\/image\\\/\"}}]}<\/script>\n<!-- \/ Yoast SEO plugin. -->","yoast_head_json":{"title":"LaVital Vet. Joint Eklem Sa\u011fl\u0131\u011f\u0131 K\u00f6pek Mamas\u0131 10 KG - Anadolu Pet Grup","robots":{"index":"index","follow":"follow","max-snippet":"max-snippet:-1","max-image-preview":"max-image-preview:large","max-video-preview":"max-video-preview:-1"},"canonical":"https:\/\/anadolupet.com.tr\/en\/product\/lavital-vet-joint-eklem-sagligi-kopek-mamasi-10-kg\/","og_locale":"en_US","og_type":"article","og_title":"LaVital Vet. Joint Eklem Sa\u011fl\u0131\u011f\u0131 K\u00f6pek Mamas\u0131 10 KG - Anadolu Pet Grup","og_description":"LaVital Therapeutic Series Joint Dog Food with Chicken, yeti\u015fkin k\u00f6peklerde osteoartritis durumunda eklem metabolizmas\u0131n\u0131n desteklenmesi i\u00e7in kullan\u0131lan diyetetik tam evcil hayvan mamas\u0131d\u0131r. Bu mama, y\u00fcksek seviyede EPA, toplam omega-3 ya\u011f asitleri ve E vitamini i\u00e7erir. BESLENME TAL\u0130MATLARI: Sadece bu mama ile besleyiniz. Kullanmadan \u00f6nce veya kullan\u0131m s\u00fcresini uzatmadan bir veteriner hekime dan\u0131\u015f\u0131lmas\u0131 tavsiye edilir. Tavsiye edilen kullan\u0131m s\u00fcresi: ba\u015flang\u0131\u00e7tan 3 aya kadard\u0131r. Tavsiye edilen g\u00fcnl\u00fck miktar i\u00e7in tabloya bak\u0131n\u0131z ve bu miktar her evcil hayvan\u0131n ya\u015f\u0131na veya \u00f6zel ihtiya\u00e7lar\u0131na g\u00f6re de\u011fi\u015febilir. \u00dcr\u00fcn\u00fc serin ve kuru bir yerde, do\u011frudan g\u00fcne\u015f \u0131\u015f\u0131\u011f\u0131 almayacak \u015fekilde saklay\u0131n. Her zaman taze ve temiz su bulundurunuz. \u0130\u00c7\u0130NDEK\u0130LER: B\u0130LE\u015e\u0130M: Et ve hayvansal t\u00fcrevler (i\u015flenmi\u015f tavuk proteini 9.4.1), bitkisel k\u00f6kenli t\u00fcrevler (kurutulmu\u015f bezelye 3.11.1, karabu\u011fday 5.6.1), hamsi unu 10.4.2 (%8), hamsi ya\u011f\u0131 10.4.6 (%5), keten tohumu 2.8.1, lignosel\u00fcloz 7.8.1, hidrolize tavuk proteini 9.6.1, kurutulmu\u015f pancar posas\u0131 4.1.10, krill unu 10.7.1 (%2.5), tavuk ya\u011f\u0131 9.2.1, plantago tohumu 5.31.1, kurutulmu\u015f alg (Schizochytrium sp.) 7.1.2 (%0.5), mineraller 11, fruktooligosakkaritler 13.2.11, glikozamin (hayvansal dokudan elde edilen) 13.2.8, kondroitin s\u00fclfat 13.12.2. Protein kayna\u011f\u0131: Bezelye 3.11.1, i\u015flenmi\u015f tavuk proteini 9.4.1, hidrolize tavuk proteini 9.6.1, hamsi unu 10.4.2. Karbonhidrat kayna\u011f\u0131: Bezelye 3.11.1, karabu\u011fday 5.6.1. ANAL\u0130T\u0130K B\u0130LE\u015eENLER: Protein %31.5, Ya\u011f i\u00e7eri\u011fi %15.5, Ham sel\u00fcloz %5.3, Ham k\u00fcl %6.3, Omega 3 ya\u011f asitleri (toplam) %3.12, Eikosapentaenoik asit (toplam) %1, Vitamin E (toplam) 3a700 310 mg. KG BA\u015eINA KATKILAR: Besinsel katk\u0131lar\/kg: Vitamin A 3a672a 25000 U.I., Vitamin D3 3a671 1500 U.I., Vitamin E 3a700 290 mg, \u00c7inko (\u00c7inko s\u00fclfat monohidrat 3b605) 100 mg, Demir (Demir (II) s\u00fclfat monohidrat 3b103) 90 mg, Bak\u0131r (Bak\u0131r (II) s\u00fclfat pentahidrat 3b405) 9 mg, Manganez (Manganez s\u00fclfat monohidrat 3b503) 10 mg, \u0130yot (Gran\u00fcle kaplanm\u0131\u015f kalsiyum iyodat anhidraz 3b203) 1.8 mg, Selenyum (Sodyum Selenit 3b801) 0.25 mg, DL-metiyonin 3c301 500 mg, Kolin klor\u00fcr 3a890 350 mg. Teknolojik katk\u0131lar: Antioksidanlar (1b320 B\u00fctillendirilmi\u015f hidroksianisol (BHA) 50 mg\/kg, E321 B\u00fctillendirilmi\u015f hidroksitoluen (BHT) 50mg\/kg ve koruyucular (1a330 (Sitrik asit) 50 mg\/kg). Aromatikler ve i\u015ftah artt\u0131r\u0131c\u0131lar: Boswellia serrata\u2019dan elde edilen kuru olibanum \u00f6z\u00fct\u00fc 800 mg.","og_url":"https:\/\/anadolupet.com.tr\/en\/product\/lavital-vet-joint-eklem-sagligi-kopek-mamasi-10-kg\/","og_site_name":"Anadolu Pet Grup","article_modified_time":"2026-02-23T12:51:24+00:00","og_image":[{"width":750,"height":750,"url":"https:\/\/anadolupet.com.tr\/wp-content\/uploads\/2026\/02\/806-000004.jpg","type":"image\/jpeg"}],"twitter_card":"summary_large_image","schema":{"@context":"https:\/\/schema.org","@graph":[{"@type":"WebPage","@id":"https:\/\/anadolupet.com.tr\/urun\/lavital-vet-joint-eklem-sagligi-kopek-mamasi-10-kg\/","url":"https:\/\/anadolupet.com.tr\/urun\/lavital-vet-joint-eklem-sagligi-kopek-mamasi-10-kg\/","name":"LaVital Vet. Joint Eklem Sa\u011fl\u0131\u011f\u0131 K\u00f6pek Mamas\u0131 10 KG - Anadolu Pet Grup","isPartOf":{"@id":"https:\/\/anadolupet.com.tr\/#website"},"primaryImageOfPage":{"@id":"https:\/\/anadolupet.com.tr\/urun\/lavital-vet-joint-eklem-sagligi-kopek-mamasi-10-kg\/#primaryimage"},"image":{"@id":"https:\/\/anadolupet.com.tr\/urun\/lavital-vet-joint-eklem-sagligi-kopek-mamasi-10-kg\/#primaryimage"},"thumbnailUrl":"https:\/\/anadolupet.com.tr\/wp-content\/uploads\/2026\/02\/806-000004.jpg","datePublished":"2026-02-14T14:44:32+00:00","dateModified":"2026-02-23T12:51:24+00:00","breadcrumb":{"@id":"https:\/\/anadolupet.com.tr\/urun\/lavital-vet-joint-eklem-sagligi-kopek-mamasi-10-kg\/#breadcrumb"},"inLanguage":"en-US","potentialAction":[{"@type":"ReadAction","target":["https:\/\/anadolupet.com.tr\/urun\/lavital-vet-joint-eklem-sagligi-kopek-mamasi-10-kg\/"]}]},{"@type":"ImageObject","inLanguage":"en-US","@id":"https:\/\/anadolupet.com.tr\/urun\/lavital-vet-joint-eklem-sagligi-kopek-mamasi-10-kg\/#primaryimage","url":"https:\/\/anadolupet.com.tr\/wp-content\/uploads\/2026\/02\/806-000004.jpg","contentUrl":"https:\/\/anadolupet.com.tr\/wp-content\/uploads\/2026\/02\/806-000004.jpg","width":750,"height":750},{"@type":"BreadcrumbList","@id":"https:\/\/anadolupet.com.tr\/urun\/lavital-vet-joint-eklem-sagligi-kopek-mamasi-10-kg\/#breadcrumb","itemListElement":[{"@type":"ListItem","position":1,"name":"Anasayfa","item":"https:\/\/anadolupet.com.tr\/"},{"@type":"ListItem","position":2,"name":"\u00dcr\u00fcnler","item":"https:\/\/anadolupet.com.tr\/urunler\/"},{"@type":"ListItem","position":3,"name":"LaVital Vet. Joint Eklem Sa\u011fl\u0131\u011f\u0131 K\u00f6pek Mamas\u0131 10 KG"}]},{"@type":"WebSite","@id":"https:\/\/anadolupet.com.tr\/#website","url":"https:\/\/anadolupet.com.tr\/","name":"Anadolu Pet Group","description":"We Stand Together for the Well-Being of Every Life","publisher":{"@id":"https:\/\/anadolupet.com.tr\/#organization"},"potentialAction":[{"@type":"SearchAction","target":{"@type":"EntryPoint","urlTemplate":"https:\/\/anadolupet.com.tr\/?s={search_term_string}"},"query-input":{"@type":"PropertyValueSpecification","valueRequired":true,"valueName":"search_term_string"}}],"inLanguage":"en-US"},{"@type":"Organization","@id":"https:\/\/anadolupet.com.tr\/#organization","name":"Anadolu Pet Group","alternateName":"Anadolu Pet","url":"https:\/\/anadolupet.com.tr\/","logo":{"@type":"ImageObject","inLanguage":"en-US","@id":"https:\/\/anadolupet.com.tr\/#\/schema\/logo\/image\/","url":"https:\/\/anadolupet.com.tr\/wp-content\/uploads\/2026\/03\/1614666743370.jpg","contentUrl":"https:\/\/anadolupet.com.tr\/wp-content\/uploads\/2026\/03\/1614666743370.jpg","width":800,"height":571,"caption":"Anadolu Pet Grup"},"image":{"@id":"https:\/\/anadolupet.com.tr\/#\/schema\/logo\/image\/"}}]}},"_links":{"self":[{"href":"https:\/\/anadolupet.com.tr\/en\/wp-json\/wp\/v2\/product\/45738","targetHints":{"allow":["GET"]}}],"collection":[{"href":"https:\/\/anadolupet.com.tr\/en\/wp-json\/wp\/v2\/product"}],"about":[{"href":"https:\/\/anadolupet.com.tr\/en\/wp-json\/wp\/v2\/types\/product"}],"replies":[{"embeddable":true,"href":"https:\/\/anadolupet.com.tr\/en\/wp-json\/wp\/v2\/comments?post=45738"}],"wp:featuredmedia":[{"embeddable":true,"href":"https:\/\/anadolupet.com.tr\/en\/wp-json\/wp\/v2\/media\/44520"}],"wp:attachment":[{"href":"https:\/\/anadolupet.com.tr\/en\/wp-json\/wp\/v2\/media?parent=45738"}],"wp:term":[{"taxonomy":"product_brand","embeddable":true,"href":"https:\/\/anadolupet.com.tr\/en\/wp-json\/wp\/v2\/product_brand?post=45738"},{"taxonomy":"product_cat","embeddable":true,"href":"https:\/\/anadolupet.com.tr\/en\/wp-json\/wp\/v2\/product_cat?post=45738"},{"taxonomy":"product_tag","embeddable":true,"href":"https:\/\/anadolupet.com.tr\/en\/wp-json\/wp\/v2\/product_tag?post=45738"}],"curies":[{"name":"wp","href":"https:\/\/api.w.org\/{rel}","templated":true}]}}