{"id":45742,"date":"2026-02-14T14:44:33","date_gmt":"2026-02-14T14:44:33","guid":{"rendered":"https:\/\/anadolupet.com.tr\/urun\/lavital-vet-obezite-kopek-mamasi-10-kg\/"},"modified":"2026-02-23T12:51:24","modified_gmt":"2026-02-23T12:51:24","slug":"lavital-vet-obezite-kopek-mamasi-10-kg","status":"publish","type":"product","link":"https:\/\/anadolupet.com.tr\/en\/urun\/lavital-vet-obezite-kopek-mamasi-10-kg\/","title":{"rendered":"LaVital Vet. Obezite K\u00f6pek Mamas\u0131 10 KG"},"content":{"rendered":"","protected":false},"excerpt":{"rendered":"<p>LaVital Therapeutic Series Obesity Dog Food with Chicken, yeti\u015fkin k\u00f6peklerde a\u015f\u0131r\u0131 kilonun azalt\u0131lmas\u0131 i\u00e7in kullan\u0131lan diyetetik tam evcil hayvan mamas\u0131d\u0131r. Bu diyetetik evcil hayvan mamas\u0131 d\u00fc\u015f\u00fck enerji yo\u011funlu\u011funa sahiptir. Minimum gereksinimlerin kar\u015f\u0131land\u0131\u011f\u0131ndan emin olmak i\u00e7in, a\u015f\u0131r\u0131 v\u00fccut a\u011f\u0131rl\u0131\u011f\u0131n\u0131n azalt\u0131lmas\u0131 i\u00e7in bir diyetin besin seviyeleri s\u0131n\u0131rl\u0131 g\u00fcnl\u00fck enerji al\u0131m\u0131n\u0131 telafi etmek i\u00e7in buna g\u00f6re art\u0131r\u0131lmal\u0131d\u0131r.<br \/>\nBESLENME TAL\u0130MATLARI: Sadece bu mama ile besleyiniz. Kullanmadan \u00f6nce bir veteriner hekime dan\u0131\u015f\u0131lmas\u0131 tavsiye edilir. Tavsiye edilen kullan\u0131m s\u00fcresi: Hedef v\u00fccut a\u011f\u0131rl\u0131\u011f\u0131na ula\u015f\u0131ncaya kadar ve sonras\u0131nda gerekirse hedef v\u00fccut a\u011f\u0131rl\u0131\u011f\u0131n\u0131 korumak i\u00e7in. Tavsiye edilen g\u00fcnl\u00fck miktar i\u00e7in tabloya bak\u0131n\u0131z ve bu miktar her evcil hayvan\u0131n ya\u015f\u0131na veya \u00f6zel ihtiya\u00e7lar\u0131na g\u00f6re de\u011fi\u015febilir. \u00dcr\u00fcn\u00fc serin ve kuru bir yerde, do\u011frudan g\u00fcne\u015f \u0131\u015f\u0131\u011f\u0131 almayacak \u015fekilde saklay\u0131n. Her zaman taze ve temiz su bulundurunuz. \u0130\u00c7\u0130NDEK\u0130LER: B\u0130LE\u015e\u0130M: Et ve hayvansal t\u00fcrevler (i\u015flenmi\u015f tavuk proteini 9.4.1), bitkisel k\u00f6kenli t\u00fcrevler (bu\u011fday 1.11.1, pirin\u00e7 1.6.16, bezelye proteini 3.11.9, m\u0131s\u0131r gl\u00fcteni 1.2.8), lignosel\u00fcloz 7.8.1 (%10), tavuk ya\u011f\u0131 9.2.1, hidrolize tavuk proteini 9.6.1, kurutulmu\u015f pancar posas\u0131 4.1.10 (%2), inaktif bira mayas\u0131 12.1.5, mineraller 11, fruktooligosakkaritler 13.2.11 (%0.5), plantogo tohumu 5.31.1 (%0.5), glikozamin (hayvansal dokudan elde edilen) 13.2.8, mojave yucca 7.12.1 (%0.05).<br \/>\nProtein kayna\u011f\u0131: \u0130\u015flenmi\u015f tavuk proteini 9.4.1, bezelye proteini 3.11.9, m\u0131s\u0131r gl\u00fcteni 1.2.8, hidrolize tavuk proteini 9.6.1.<br \/>\nKarbonhidrat kayna\u011f\u0131: Bu\u011fday 1.11.1, pirin\u00e7 1.6.16.<br \/>\nANAL\u0130T\u0130K B\u0130LE\u015eENLER: Protein %34, Ya\u011f i\u00e7eri\u011fi %7.2, Ham sel\u00fcloz %7.7, Ham k\u00fcl %5.6.<br \/>\nMetabolize edilebilir enerji: 3185 kcal\/kg<br \/>\nKG BA\u015eINA KATKILAR: Besinsel katk\u0131lar\/kg: Vitamin A 3a672a 31250 U.I., Vitamin D3 3a671 1875 U.I., Vitamin E 3a700 300 mg, \u00c7inko (\u00c7inko s\u00fclfat monohidrat 3b605) 125 mg, Demir (Demir (II) s\u00fclfat monohidrat 3b103) 112.5 mg, Bak\u0131r (Bak\u0131r (II) s\u00fclfat pentahidrat 3b405) 11.25 mg, Manganez (Manganez s\u00fclfat monohidrat 3b503) 12.5 mg, \u0130yot (Gran\u00fcle kaplanm\u0131\u015f kalsiyum iyodat anhidraz 3b203) 2.25 mg, Selenyum (Sodyum Selenit 3b801) 0.31 mg, L-karnitin L-tartarat 3a911 500 mg.<br \/>\nTeknolojik katk\u0131lar: Antioksidanlar (1b320 B\u00fctillendirilmi\u015f hidroksianisol (BHA) 50 mg\/kg, E321 B\u00fctillendirilmi\u015f hidroksitoluen (BHT) 50mg\/kg ve koruyucular (1a330 (Sitrik asit) 50 mg\/kg).<\/p>","protected":false},"featured_media":44522,"comment_status":"open","ping_status":"closed","template":"","meta":{"_acf_changed":false},"product_brand":[],"product_cat":[2464],"product_tag":[],"class_list":{"0":"post-45742","1":"product","2":"type-product","3":"status-publish","4":"has-post-thumbnail","6":"product_cat-yetiskin-kopek-mamalari","8":"first","9":"instock","10":"shipping-taxable","11":"product-type-simple"},"acf":[],"yoast_head":"<!-- This site is optimized with the Yoast SEO plugin v27.4 - https:\/\/yoast.com\/product\/yoast-seo-wordpress\/ -->\n<title>LaVital Vet. Obezite K\u00f6pek Mamas\u0131 10 KG - Anadolu Pet Grup<\/title>\n<meta name=\"robots\" content=\"index, follow, max-snippet:-1, max-image-preview:large, max-video-preview:-1\" \/>\n<link rel=\"canonical\" href=\"https:\/\/anadolupet.com.tr\/en\/product\/lavital-vet-obezite-kopek-mamasi-10-kg\/\" \/>\n<meta property=\"og:locale\" content=\"en_US\" \/>\n<meta property=\"og:type\" content=\"article\" \/>\n<meta property=\"og:title\" content=\"LaVital Vet. Obezite K\u00f6pek Mamas\u0131 10 KG - Anadolu Pet Grup\" \/>\n<meta property=\"og:description\" content=\"LaVital Therapeutic Series Obesity Dog Food with Chicken, yeti\u015fkin k\u00f6peklerde a\u015f\u0131r\u0131 kilonun azalt\u0131lmas\u0131 i\u00e7in kullan\u0131lan diyetetik tam evcil hayvan mamas\u0131d\u0131r. Bu diyetetik evcil hayvan mamas\u0131 d\u00fc\u015f\u00fck enerji yo\u011funlu\u011funa sahiptir. Minimum gereksinimlerin kar\u015f\u0131land\u0131\u011f\u0131ndan emin olmak i\u00e7in, a\u015f\u0131r\u0131 v\u00fccut a\u011f\u0131rl\u0131\u011f\u0131n\u0131n azalt\u0131lmas\u0131 i\u00e7in bir diyetin besin seviyeleri s\u0131n\u0131rl\u0131 g\u00fcnl\u00fck enerji al\u0131m\u0131n\u0131 telafi etmek i\u00e7in buna g\u00f6re art\u0131r\u0131lmal\u0131d\u0131r. BESLENME TAL\u0130MATLARI: Sadece bu mama ile besleyiniz. Kullanmadan \u00f6nce bir veteriner hekime dan\u0131\u015f\u0131lmas\u0131 tavsiye edilir. Tavsiye edilen kullan\u0131m s\u00fcresi: Hedef v\u00fccut a\u011f\u0131rl\u0131\u011f\u0131na ula\u015f\u0131ncaya kadar ve sonras\u0131nda gerekirse hedef v\u00fccut a\u011f\u0131rl\u0131\u011f\u0131n\u0131 korumak i\u00e7in. Tavsiye edilen g\u00fcnl\u00fck miktar i\u00e7in tabloya bak\u0131n\u0131z ve bu miktar her evcil hayvan\u0131n ya\u015f\u0131na veya \u00f6zel ihtiya\u00e7lar\u0131na g\u00f6re de\u011fi\u015febilir. \u00dcr\u00fcn\u00fc serin ve kuru bir yerde, do\u011frudan g\u00fcne\u015f \u0131\u015f\u0131\u011f\u0131 almayacak \u015fekilde saklay\u0131n. Her zaman taze ve temiz su bulundurunuz. \u0130\u00c7\u0130NDEK\u0130LER: B\u0130LE\u015e\u0130M: Et ve hayvansal t\u00fcrevler (i\u015flenmi\u015f tavuk proteini 9.4.1), bitkisel k\u00f6kenli t\u00fcrevler (bu\u011fday 1.11.1, pirin\u00e7 1.6.16, bezelye proteini 3.11.9, m\u0131s\u0131r gl\u00fcteni 1.2.8), lignosel\u00fcloz 7.8.1 (%10), tavuk ya\u011f\u0131 9.2.1, hidrolize tavuk proteini 9.6.1, kurutulmu\u015f pancar posas\u0131 4.1.10 (%2), inaktif bira mayas\u0131 12.1.5, mineraller 11, fruktooligosakkaritler 13.2.11 (%0.5), plantogo tohumu 5.31.1 (%0.5), glikozamin (hayvansal dokudan elde edilen) 13.2.8, mojave yucca 7.12.1 (%0.05). Protein kayna\u011f\u0131: \u0130\u015flenmi\u015f tavuk proteini 9.4.1, bezelye proteini 3.11.9, m\u0131s\u0131r gl\u00fcteni 1.2.8, hidrolize tavuk proteini 9.6.1. Karbonhidrat kayna\u011f\u0131: Bu\u011fday 1.11.1, pirin\u00e7 1.6.16. ANAL\u0130T\u0130K B\u0130LE\u015eENLER: Protein %34, Ya\u011f i\u00e7eri\u011fi %7.2, Ham sel\u00fcloz %7.7, Ham k\u00fcl %5.6. Metabolize edilebilir enerji: 3185 kcal\/kg KG BA\u015eINA KATKILAR: Besinsel katk\u0131lar\/kg: Vitamin A 3a672a 31250 U.I., Vitamin D3 3a671 1875 U.I., Vitamin E 3a700 300 mg, \u00c7inko (\u00c7inko s\u00fclfat monohidrat 3b605) 125 mg, Demir (Demir (II) s\u00fclfat monohidrat 3b103) 112.5 mg, Bak\u0131r (Bak\u0131r (II) s\u00fclfat pentahidrat 3b405) 11.25 mg, Manganez (Manganez s\u00fclfat monohidrat 3b503) 12.5 mg, \u0130yot (Gran\u00fcle kaplanm\u0131\u015f kalsiyum iyodat anhidraz 3b203) 2.25 mg, Selenyum (Sodyum Selenit 3b801) 0.31 mg, L-karnitin L-tartarat 3a911 500 mg. Teknolojik katk\u0131lar: Antioksidanlar (1b320 B\u00fctillendirilmi\u015f hidroksianisol (BHA) 50 mg\/kg, E321 B\u00fctillendirilmi\u015f hidroksitoluen (BHT) 50mg\/kg ve koruyucular (1a330 (Sitrik asit) 50 mg\/kg).\" \/>\n<meta property=\"og:url\" content=\"https:\/\/anadolupet.com.tr\/en\/product\/lavital-vet-obezite-kopek-mamasi-10-kg\/\" \/>\n<meta property=\"og:site_name\" content=\"Anadolu Pet Grup\" \/>\n<meta property=\"article:modified_time\" content=\"2026-02-23T12:51:24+00:00\" \/>\n<meta property=\"og:image\" content=\"https:\/\/anadolupet.com.tr\/wp-content\/uploads\/2026\/02\/806-000006.jpg\" \/>\n\t<meta property=\"og:image:width\" content=\"750\" \/>\n\t<meta property=\"og:image:height\" content=\"750\" \/>\n\t<meta property=\"og:image:type\" content=\"image\/jpeg\" \/>\n<meta name=\"twitter:card\" content=\"summary_large_image\" \/>\n<script type=\"application\/ld+json\" class=\"yoast-schema-graph\">{\"@context\":\"https:\\\/\\\/schema.org\",\"@graph\":[{\"@type\":\"WebPage\",\"@id\":\"https:\\\/\\\/anadolupet.com.tr\\\/urun\\\/lavital-vet-obezite-kopek-mamasi-10-kg\\\/\",\"url\":\"https:\\\/\\\/anadolupet.com.tr\\\/urun\\\/lavital-vet-obezite-kopek-mamasi-10-kg\\\/\",\"name\":\"LaVital Vet. Obezite K\u00f6pek Mamas\u0131 10 KG - Anadolu Pet Grup\",\"isPartOf\":{\"@id\":\"https:\\\/\\\/anadolupet.com.tr\\\/#website\"},\"primaryImageOfPage\":{\"@id\":\"https:\\\/\\\/anadolupet.com.tr\\\/urun\\\/lavital-vet-obezite-kopek-mamasi-10-kg\\\/#primaryimage\"},\"image\":{\"@id\":\"https:\\\/\\\/anadolupet.com.tr\\\/urun\\\/lavital-vet-obezite-kopek-mamasi-10-kg\\\/#primaryimage\"},\"thumbnailUrl\":\"https:\\\/\\\/anadolupet.com.tr\\\/wp-content\\\/uploads\\\/2026\\\/02\\\/806-000006.jpg\",\"datePublished\":\"2026-02-14T14:44:33+00:00\",\"dateModified\":\"2026-02-23T12:51:24+00:00\",\"breadcrumb\":{\"@id\":\"https:\\\/\\\/anadolupet.com.tr\\\/urun\\\/lavital-vet-obezite-kopek-mamasi-10-kg\\\/#breadcrumb\"},\"inLanguage\":\"en-US\",\"potentialAction\":[{\"@type\":\"ReadAction\",\"target\":[\"https:\\\/\\\/anadolupet.com.tr\\\/urun\\\/lavital-vet-obezite-kopek-mamasi-10-kg\\\/\"]}]},{\"@type\":\"ImageObject\",\"inLanguage\":\"en-US\",\"@id\":\"https:\\\/\\\/anadolupet.com.tr\\\/urun\\\/lavital-vet-obezite-kopek-mamasi-10-kg\\\/#primaryimage\",\"url\":\"https:\\\/\\\/anadolupet.com.tr\\\/wp-content\\\/uploads\\\/2026\\\/02\\\/806-000006.jpg\",\"contentUrl\":\"https:\\\/\\\/anadolupet.com.tr\\\/wp-content\\\/uploads\\\/2026\\\/02\\\/806-000006.jpg\",\"width\":750,\"height\":750},{\"@type\":\"BreadcrumbList\",\"@id\":\"https:\\\/\\\/anadolupet.com.tr\\\/urun\\\/lavital-vet-obezite-kopek-mamasi-10-kg\\\/#breadcrumb\",\"itemListElement\":[{\"@type\":\"ListItem\",\"position\":1,\"name\":\"Anasayfa\",\"item\":\"https:\\\/\\\/anadolupet.com.tr\\\/\"},{\"@type\":\"ListItem\",\"position\":2,\"name\":\"\u00dcr\u00fcnler\",\"item\":\"https:\\\/\\\/anadolupet.com.tr\\\/urunler\\\/\"},{\"@type\":\"ListItem\",\"position\":3,\"name\":\"LaVital Vet. Obezite K\u00f6pek Mamas\u0131 10 KG\"}]},{\"@type\":\"WebSite\",\"@id\":\"https:\\\/\\\/anadolupet.com.tr\\\/#website\",\"url\":\"https:\\\/\\\/anadolupet.com.tr\\\/\",\"name\":\"Anadolu Pet Grup\",\"description\":\"Her Can\u0131n \u0130yi Ya\u015fam\u0131 \u0130\u00e7in Biraraday\u0131z\",\"publisher\":{\"@id\":\"https:\\\/\\\/anadolupet.com.tr\\\/#organization\"},\"potentialAction\":[{\"@type\":\"SearchAction\",\"target\":{\"@type\":\"EntryPoint\",\"urlTemplate\":\"https:\\\/\\\/anadolupet.com.tr\\\/?s={search_term_string}\"},\"query-input\":{\"@type\":\"PropertyValueSpecification\",\"valueRequired\":true,\"valueName\":\"search_term_string\"}}],\"inLanguage\":\"en-US\"},{\"@type\":\"Organization\",\"@id\":\"https:\\\/\\\/anadolupet.com.tr\\\/#organization\",\"name\":\"Anadolu Pet Grup\",\"alternateName\":\"Anadolu Pet\",\"url\":\"https:\\\/\\\/anadolupet.com.tr\\\/\",\"logo\":{\"@type\":\"ImageObject\",\"inLanguage\":\"en-US\",\"@id\":\"https:\\\/\\\/anadolupet.com.tr\\\/#\\\/schema\\\/logo\\\/image\\\/\",\"url\":\"https:\\\/\\\/anadolupet.com.tr\\\/wp-content\\\/uploads\\\/2026\\\/03\\\/1614666743370.jpg\",\"contentUrl\":\"https:\\\/\\\/anadolupet.com.tr\\\/wp-content\\\/uploads\\\/2026\\\/03\\\/1614666743370.jpg\",\"width\":800,\"height\":571,\"caption\":\"Anadolu Pet Grup\"},\"image\":{\"@id\":\"https:\\\/\\\/anadolupet.com.tr\\\/#\\\/schema\\\/logo\\\/image\\\/\"}}]}<\/script>\n<!-- \/ Yoast SEO plugin. -->","yoast_head_json":{"title":"LaVital Vet. Obezite K\u00f6pek Mamas\u0131 10 KG - Anadolu Pet Grup","robots":{"index":"index","follow":"follow","max-snippet":"max-snippet:-1","max-image-preview":"max-image-preview:large","max-video-preview":"max-video-preview:-1"},"canonical":"https:\/\/anadolupet.com.tr\/en\/product\/lavital-vet-obezite-kopek-mamasi-10-kg\/","og_locale":"en_US","og_type":"article","og_title":"LaVital Vet. Obezite K\u00f6pek Mamas\u0131 10 KG - Anadolu Pet Grup","og_description":"LaVital Therapeutic Series Obesity Dog Food with Chicken, yeti\u015fkin k\u00f6peklerde a\u015f\u0131r\u0131 kilonun azalt\u0131lmas\u0131 i\u00e7in kullan\u0131lan diyetetik tam evcil hayvan mamas\u0131d\u0131r. Bu diyetetik evcil hayvan mamas\u0131 d\u00fc\u015f\u00fck enerji yo\u011funlu\u011funa sahiptir. Minimum gereksinimlerin kar\u015f\u0131land\u0131\u011f\u0131ndan emin olmak i\u00e7in, a\u015f\u0131r\u0131 v\u00fccut a\u011f\u0131rl\u0131\u011f\u0131n\u0131n azalt\u0131lmas\u0131 i\u00e7in bir diyetin besin seviyeleri s\u0131n\u0131rl\u0131 g\u00fcnl\u00fck enerji al\u0131m\u0131n\u0131 telafi etmek i\u00e7in buna g\u00f6re art\u0131r\u0131lmal\u0131d\u0131r. BESLENME TAL\u0130MATLARI: Sadece bu mama ile besleyiniz. Kullanmadan \u00f6nce bir veteriner hekime dan\u0131\u015f\u0131lmas\u0131 tavsiye edilir. Tavsiye edilen kullan\u0131m s\u00fcresi: Hedef v\u00fccut a\u011f\u0131rl\u0131\u011f\u0131na ula\u015f\u0131ncaya kadar ve sonras\u0131nda gerekirse hedef v\u00fccut a\u011f\u0131rl\u0131\u011f\u0131n\u0131 korumak i\u00e7in. Tavsiye edilen g\u00fcnl\u00fck miktar i\u00e7in tabloya bak\u0131n\u0131z ve bu miktar her evcil hayvan\u0131n ya\u015f\u0131na veya \u00f6zel ihtiya\u00e7lar\u0131na g\u00f6re de\u011fi\u015febilir. \u00dcr\u00fcn\u00fc serin ve kuru bir yerde, do\u011frudan g\u00fcne\u015f \u0131\u015f\u0131\u011f\u0131 almayacak \u015fekilde saklay\u0131n. Her zaman taze ve temiz su bulundurunuz. \u0130\u00c7\u0130NDEK\u0130LER: B\u0130LE\u015e\u0130M: Et ve hayvansal t\u00fcrevler (i\u015flenmi\u015f tavuk proteini 9.4.1), bitkisel k\u00f6kenli t\u00fcrevler (bu\u011fday 1.11.1, pirin\u00e7 1.6.16, bezelye proteini 3.11.9, m\u0131s\u0131r gl\u00fcteni 1.2.8), lignosel\u00fcloz 7.8.1 (%10), tavuk ya\u011f\u0131 9.2.1, hidrolize tavuk proteini 9.6.1, kurutulmu\u015f pancar posas\u0131 4.1.10 (%2), inaktif bira mayas\u0131 12.1.5, mineraller 11, fruktooligosakkaritler 13.2.11 (%0.5), plantogo tohumu 5.31.1 (%0.5), glikozamin (hayvansal dokudan elde edilen) 13.2.8, mojave yucca 7.12.1 (%0.05). Protein kayna\u011f\u0131: \u0130\u015flenmi\u015f tavuk proteini 9.4.1, bezelye proteini 3.11.9, m\u0131s\u0131r gl\u00fcteni 1.2.8, hidrolize tavuk proteini 9.6.1. Karbonhidrat kayna\u011f\u0131: Bu\u011fday 1.11.1, pirin\u00e7 1.6.16. ANAL\u0130T\u0130K B\u0130LE\u015eENLER: Protein %34, Ya\u011f i\u00e7eri\u011fi %7.2, Ham sel\u00fcloz %7.7, Ham k\u00fcl %5.6. Metabolize edilebilir enerji: 3185 kcal\/kg KG BA\u015eINA KATKILAR: Besinsel katk\u0131lar\/kg: Vitamin A 3a672a 31250 U.I., Vitamin D3 3a671 1875 U.I., Vitamin E 3a700 300 mg, \u00c7inko (\u00c7inko s\u00fclfat monohidrat 3b605) 125 mg, Demir (Demir (II) s\u00fclfat monohidrat 3b103) 112.5 mg, Bak\u0131r (Bak\u0131r (II) s\u00fclfat pentahidrat 3b405) 11.25 mg, Manganez (Manganez s\u00fclfat monohidrat 3b503) 12.5 mg, \u0130yot (Gran\u00fcle kaplanm\u0131\u015f kalsiyum iyodat anhidraz 3b203) 2.25 mg, Selenyum (Sodyum Selenit 3b801) 0.31 mg, L-karnitin L-tartarat 3a911 500 mg. Teknolojik katk\u0131lar: Antioksidanlar (1b320 B\u00fctillendirilmi\u015f hidroksianisol (BHA) 50 mg\/kg, E321 B\u00fctillendirilmi\u015f hidroksitoluen (BHT) 50mg\/kg ve koruyucular (1a330 (Sitrik asit) 50 mg\/kg).","og_url":"https:\/\/anadolupet.com.tr\/en\/product\/lavital-vet-obezite-kopek-mamasi-10-kg\/","og_site_name":"Anadolu Pet Grup","article_modified_time":"2026-02-23T12:51:24+00:00","og_image":[{"width":750,"height":750,"url":"https:\/\/anadolupet.com.tr\/wp-content\/uploads\/2026\/02\/806-000006.jpg","type":"image\/jpeg"}],"twitter_card":"summary_large_image","schema":{"@context":"https:\/\/schema.org","@graph":[{"@type":"WebPage","@id":"https:\/\/anadolupet.com.tr\/urun\/lavital-vet-obezite-kopek-mamasi-10-kg\/","url":"https:\/\/anadolupet.com.tr\/urun\/lavital-vet-obezite-kopek-mamasi-10-kg\/","name":"LaVital Vet. Obezite K\u00f6pek Mamas\u0131 10 KG - Anadolu Pet Grup","isPartOf":{"@id":"https:\/\/anadolupet.com.tr\/#website"},"primaryImageOfPage":{"@id":"https:\/\/anadolupet.com.tr\/urun\/lavital-vet-obezite-kopek-mamasi-10-kg\/#primaryimage"},"image":{"@id":"https:\/\/anadolupet.com.tr\/urun\/lavital-vet-obezite-kopek-mamasi-10-kg\/#primaryimage"},"thumbnailUrl":"https:\/\/anadolupet.com.tr\/wp-content\/uploads\/2026\/02\/806-000006.jpg","datePublished":"2026-02-14T14:44:33+00:00","dateModified":"2026-02-23T12:51:24+00:00","breadcrumb":{"@id":"https:\/\/anadolupet.com.tr\/urun\/lavital-vet-obezite-kopek-mamasi-10-kg\/#breadcrumb"},"inLanguage":"en-US","potentialAction":[{"@type":"ReadAction","target":["https:\/\/anadolupet.com.tr\/urun\/lavital-vet-obezite-kopek-mamasi-10-kg\/"]}]},{"@type":"ImageObject","inLanguage":"en-US","@id":"https:\/\/anadolupet.com.tr\/urun\/lavital-vet-obezite-kopek-mamasi-10-kg\/#primaryimage","url":"https:\/\/anadolupet.com.tr\/wp-content\/uploads\/2026\/02\/806-000006.jpg","contentUrl":"https:\/\/anadolupet.com.tr\/wp-content\/uploads\/2026\/02\/806-000006.jpg","width":750,"height":750},{"@type":"BreadcrumbList","@id":"https:\/\/anadolupet.com.tr\/urun\/lavital-vet-obezite-kopek-mamasi-10-kg\/#breadcrumb","itemListElement":[{"@type":"ListItem","position":1,"name":"Anasayfa","item":"https:\/\/anadolupet.com.tr\/"},{"@type":"ListItem","position":2,"name":"\u00dcr\u00fcnler","item":"https:\/\/anadolupet.com.tr\/urunler\/"},{"@type":"ListItem","position":3,"name":"LaVital Vet. Obezite K\u00f6pek Mamas\u0131 10 KG"}]},{"@type":"WebSite","@id":"https:\/\/anadolupet.com.tr\/#website","url":"https:\/\/anadolupet.com.tr\/","name":"Anadolu Pet Group","description":"We Stand Together for the Well-Being of Every Life","publisher":{"@id":"https:\/\/anadolupet.com.tr\/#organization"},"potentialAction":[{"@type":"SearchAction","target":{"@type":"EntryPoint","urlTemplate":"https:\/\/anadolupet.com.tr\/?s={search_term_string}"},"query-input":{"@type":"PropertyValueSpecification","valueRequired":true,"valueName":"search_term_string"}}],"inLanguage":"en-US"},{"@type":"Organization","@id":"https:\/\/anadolupet.com.tr\/#organization","name":"Anadolu Pet Group","alternateName":"Anadolu Pet","url":"https:\/\/anadolupet.com.tr\/","logo":{"@type":"ImageObject","inLanguage":"en-US","@id":"https:\/\/anadolupet.com.tr\/#\/schema\/logo\/image\/","url":"https:\/\/anadolupet.com.tr\/wp-content\/uploads\/2026\/03\/1614666743370.jpg","contentUrl":"https:\/\/anadolupet.com.tr\/wp-content\/uploads\/2026\/03\/1614666743370.jpg","width":800,"height":571,"caption":"Anadolu Pet Grup"},"image":{"@id":"https:\/\/anadolupet.com.tr\/#\/schema\/logo\/image\/"}}]}},"_links":{"self":[{"href":"https:\/\/anadolupet.com.tr\/en\/wp-json\/wp\/v2\/product\/45742","targetHints":{"allow":["GET"]}}],"collection":[{"href":"https:\/\/anadolupet.com.tr\/en\/wp-json\/wp\/v2\/product"}],"about":[{"href":"https:\/\/anadolupet.com.tr\/en\/wp-json\/wp\/v2\/types\/product"}],"replies":[{"embeddable":true,"href":"https:\/\/anadolupet.com.tr\/en\/wp-json\/wp\/v2\/comments?post=45742"}],"wp:featuredmedia":[{"embeddable":true,"href":"https:\/\/anadolupet.com.tr\/en\/wp-json\/wp\/v2\/media\/44522"}],"wp:attachment":[{"href":"https:\/\/anadolupet.com.tr\/en\/wp-json\/wp\/v2\/media?parent=45742"}],"wp:term":[{"taxonomy":"product_brand","embeddable":true,"href":"https:\/\/anadolupet.com.tr\/en\/wp-json\/wp\/v2\/product_brand?post=45742"},{"taxonomy":"product_cat","embeddable":true,"href":"https:\/\/anadolupet.com.tr\/en\/wp-json\/wp\/v2\/product_cat?post=45742"},{"taxonomy":"product_tag","embeddable":true,"href":"https:\/\/anadolupet.com.tr\/en\/wp-json\/wp\/v2\/product_tag?post=45742"}],"curies":[{"name":"wp","href":"https:\/\/api.w.org\/{rel}","templated":true}]}}