{"id":45744,"date":"2026-02-14T14:44:33","date_gmt":"2026-02-14T14:44:33","guid":{"rendered":"https:\/\/anadolupet.com.tr\/urun\/lavital-vet-struvite-uriner-sistem-kedi-mamasi-15-kg\/"},"modified":"2026-02-23T12:51:24","modified_gmt":"2026-02-23T12:51:24","slug":"lavital-vet-struvite-uriner-sistem-kedi-mamasi-15-kg","status":"publish","type":"product","link":"https:\/\/anadolupet.com.tr\/en\/urun\/lavital-vet-struvite-uriner-sistem-kedi-mamasi-15-kg\/","title":{"rendered":"LaVital Vet. Struvite \u00dcriner Sistem Kedi Mamas\u0131 1,5 KG"},"content":{"rendered":"","protected":false},"excerpt":{"rendered":"<p>LaVital Therapeutic Series Struvite Cat Food with Chicken, yeti\u015fkin kedilerde str\u00fcvit ta\u015flar\u0131n\u0131n \u00e7\u00f6z\u00fclmesi ve str\u00fcvit ta\u015flar\u0131n\u0131n tekrar olu\u015fumunun azalt\u0131lmas\u0131 i\u00e7in kullan\u0131lan diyetetik tam evcil hayvan mamas\u0131d\u0131r. Bu diyetetik evcil hayvan mamas\u0131 str\u00fcvit i\u00e7in doymam\u0131\u015f idrar \u00f6zellikleri ve\/veya metastabilize edici \u00f6zellikleri ve idrar asitle\u015ftirici \u00f6zelliklere sahiptir.<br \/>\nBESLENME TAL\u0130MATLARI: Sadece bu mama ile besleyiniz. Kullanmadan \u00f6nce veya kullan\u0131m s\u00fcresini uzatmadan bir veteriner hekime dan\u0131\u015f\u0131lmas\u0131 tavsiye edilir. Tavsiye edilen kullan\u0131m s\u00fcresi: Str\u00fcvit ta\u015flar\u0131n\u0131n \u00e7\u00f6z\u00fclmesinde 5 ila 12 hafta; str\u00fcvit ta\u015flar\u0131n\u0131n tekrar olu\u015fumunun azalt\u0131lmas\u0131nda ba\u015flang\u0131\u00e7tan 6 aya kadard\u0131r. Tavsiye edilen g\u00fcnl\u00fck miktar i\u00e7in tabloya bak\u0131n\u0131z ve bu miktar her evcil hayvan\u0131n ya\u015f\u0131na veya \u00f6zel ihtiya\u00e7lar\u0131na g\u00f6re de\u011fi\u015febilir. \u00dcr\u00fcn\u00fc serin ve kuru bir yerde, do\u011frudan g\u00fcne\u015f \u0131\u015f\u0131\u011f\u0131 almayacak \u015fekilde saklay\u0131n. Her zaman taze ve temiz su bulundurunuz. \u0130\u00c7\u0130NDEK\u0130LER: B\u0130LE\u015e\u0130M: Et ve hayvansal t\u00fcrevler (i\u015flenmi\u015f tavuk proteini 9.4.1), bitkisel k\u00f6kenli t\u00fcrevler (m\u0131s\u0131r 1.2.1, bu\u011fday 1.11.1, m\u0131s\u0131r gl\u00fcteni 1.2.8), bezelye proteini 3.11.9, tavuk ya\u011f\u0131 9.2.1 mineraller 11, hidrolize tavuk proteini 9.6.1 lignosel\u00fcloz 7.8.1, somon ya\u011f\u0131 10.4.6 (%2), frukto-oligosakkaritler 13.2.11, bira mayas\u0131 12.1.5, kurutulmu\u015f alg (Schizochytrium sp.) 7.1.2 (%0.5).<br \/>\nProtein kayna\u011f\u0131: \u0130\u015flenmi\u015f tavuk proteini 9.4.1, m\u0131s\u0131r gluteni 1.2.8, hidrolize tavuk proteini 9.6.1, maya \u00fcr\u00fcnleri 12.1.12, bezelye proteini 3.11.9<br \/>\nKarbonhidrat kayna\u011f\u0131: M\u0131s\u0131r 1.2.1, bu\u011fday 1.11.1.<br \/>\nANAL\u0130T\u0130K B\u0130LE\u015eENLER: Protein %34.8, Ya\u011f i\u00e7eri\u011fi %13.6, Ham sel\u00fcloz %4.2, Ham k\u00fcl %7.2, Kalsiyum %0.91, Fosfor %0.7, Magnezyum %0.07, Potasyum %0.95, Sodyum %1, Klor\u00fcr %2, S\u00fclf\u00fcr %0.39. KG BA\u015eINA KATKILAR: Besinsel katk\u0131lar\/kg: Vitamin A 3a672a 18750 U.I., Vitamin D3 3a671 1125 U.I., Vitamin E 3a700 480 mg, \u00c7inko (\u00c7inko s\u00fclfat monohidrat 3b605) 75 mg, Demir (Demir (II) s\u00fclfat monohidrat 3b103) 67.5 mg, Bak\u0131r (Bak\u0131r (II) s\u00fclfat pentahidrat 3b405) 6.75 mg, Manganez (Manganez s\u00fclfat monohidrat 3b503) 7.5 mg, \u0130yot (Gran\u00fcle kaplanm\u0131\u015f kalsiyum iyodat anhidraz 3b203) 1.35 mg, Selenyum (Sodyum Selenit 3b801) 0.19 mg, Taurin 3a370 2000 mg, DL-metiyonin 3c301 3000 mg, Kolin klor\u00fcr 3a890 2100 mg. Teknolojik katk\u0131lar: Antioksidanlar (1b320 B\u00fctillendirilmi\u015f hidroksianisol (BHA) 50 mg\/kg, E321 B\u00fctillendirilmi\u015f hidroksitoluen (BHT) 50mg\/kg ve koruyucular (1a330 (Sitrik asit) 50 mg\/kg).<\/p>","protected":false},"featured_media":44513,"comment_status":"open","ping_status":"closed","template":"","meta":{"_acf_changed":false},"product_brand":[],"product_cat":[3841],"product_tag":[],"class_list":{"0":"post-45744","1":"product","2":"type-product","3":"status-publish","4":"has-post-thumbnail","6":"product_cat-receteli-diyet-kedi-mamalari-kedi","8":"first","9":"instock","10":"shipping-taxable","11":"product-type-simple"},"acf":[],"yoast_head":"<!-- This site is optimized with the Yoast SEO plugin v27.5 - https:\/\/yoast.com\/product\/yoast-seo-wordpress\/ -->\n<title>LaVital Vet. Struvite \u00dcriner Sistem Kedi Mamas\u0131 1,5 KG - Anadolu Pet Grup<\/title>\n<meta name=\"robots\" content=\"index, follow, max-snippet:-1, max-image-preview:large, max-video-preview:-1\" \/>\n<link rel=\"canonical\" href=\"https:\/\/anadolupet.com.tr\/en\/product\/lavital-vet-struvite-uriner-sistem-kedi-mamasi-15-kg\/\" \/>\n<meta property=\"og:locale\" content=\"en_US\" \/>\n<meta property=\"og:type\" content=\"article\" \/>\n<meta property=\"og:title\" content=\"LaVital Vet. Struvite \u00dcriner Sistem Kedi Mamas\u0131 1,5 KG - Anadolu Pet Grup\" \/>\n<meta property=\"og:description\" content=\"LaVital Therapeutic Series Struvite Cat Food with Chicken, yeti\u015fkin kedilerde str\u00fcvit ta\u015flar\u0131n\u0131n \u00e7\u00f6z\u00fclmesi ve str\u00fcvit ta\u015flar\u0131n\u0131n tekrar olu\u015fumunun azalt\u0131lmas\u0131 i\u00e7in kullan\u0131lan diyetetik tam evcil hayvan mamas\u0131d\u0131r. Bu diyetetik evcil hayvan mamas\u0131 str\u00fcvit i\u00e7in doymam\u0131\u015f idrar \u00f6zellikleri ve\/veya metastabilize edici \u00f6zellikleri ve idrar asitle\u015ftirici \u00f6zelliklere sahiptir. BESLENME TAL\u0130MATLARI: Sadece bu mama ile besleyiniz. Kullanmadan \u00f6nce veya kullan\u0131m s\u00fcresini uzatmadan bir veteriner hekime dan\u0131\u015f\u0131lmas\u0131 tavsiye edilir. Tavsiye edilen kullan\u0131m s\u00fcresi: Str\u00fcvit ta\u015flar\u0131n\u0131n \u00e7\u00f6z\u00fclmesinde 5 ila 12 hafta; str\u00fcvit ta\u015flar\u0131n\u0131n tekrar olu\u015fumunun azalt\u0131lmas\u0131nda ba\u015flang\u0131\u00e7tan 6 aya kadard\u0131r. Tavsiye edilen g\u00fcnl\u00fck miktar i\u00e7in tabloya bak\u0131n\u0131z ve bu miktar her evcil hayvan\u0131n ya\u015f\u0131na veya \u00f6zel ihtiya\u00e7lar\u0131na g\u00f6re de\u011fi\u015febilir. \u00dcr\u00fcn\u00fc serin ve kuru bir yerde, do\u011frudan g\u00fcne\u015f \u0131\u015f\u0131\u011f\u0131 almayacak \u015fekilde saklay\u0131n. Her zaman taze ve temiz su bulundurunuz. \u0130\u00c7\u0130NDEK\u0130LER: B\u0130LE\u015e\u0130M: Et ve hayvansal t\u00fcrevler (i\u015flenmi\u015f tavuk proteini 9.4.1), bitkisel k\u00f6kenli t\u00fcrevler (m\u0131s\u0131r 1.2.1, bu\u011fday 1.11.1, m\u0131s\u0131r gl\u00fcteni 1.2.8), bezelye proteini 3.11.9, tavuk ya\u011f\u0131 9.2.1 mineraller 11, hidrolize tavuk proteini 9.6.1 lignosel\u00fcloz 7.8.1, somon ya\u011f\u0131 10.4.6 (%2), frukto-oligosakkaritler 13.2.11, bira mayas\u0131 12.1.5, kurutulmu\u015f alg (Schizochytrium sp.) 7.1.2 (%0.5). Protein kayna\u011f\u0131: \u0130\u015flenmi\u015f tavuk proteini 9.4.1, m\u0131s\u0131r gluteni 1.2.8, hidrolize tavuk proteini 9.6.1, maya \u00fcr\u00fcnleri 12.1.12, bezelye proteini 3.11.9 Karbonhidrat kayna\u011f\u0131: M\u0131s\u0131r 1.2.1, bu\u011fday 1.11.1. ANAL\u0130T\u0130K B\u0130LE\u015eENLER: Protein %34.8, Ya\u011f i\u00e7eri\u011fi %13.6, Ham sel\u00fcloz %4.2, Ham k\u00fcl %7.2, Kalsiyum %0.91, Fosfor %0.7, Magnezyum %0.07, Potasyum %0.95, Sodyum %1, Klor\u00fcr %2, S\u00fclf\u00fcr %0.39. KG BA\u015eINA KATKILAR: Besinsel katk\u0131lar\/kg: Vitamin A 3a672a 18750 U.I., Vitamin D3 3a671 1125 U.I., Vitamin E 3a700 480 mg, \u00c7inko (\u00c7inko s\u00fclfat monohidrat 3b605) 75 mg, Demir (Demir (II) s\u00fclfat monohidrat 3b103) 67.5 mg, Bak\u0131r (Bak\u0131r (II) s\u00fclfat pentahidrat 3b405) 6.75 mg, Manganez (Manganez s\u00fclfat monohidrat 3b503) 7.5 mg, \u0130yot (Gran\u00fcle kaplanm\u0131\u015f kalsiyum iyodat anhidraz 3b203) 1.35 mg, Selenyum (Sodyum Selenit 3b801) 0.19 mg, Taurin 3a370 2000 mg, DL-metiyonin 3c301 3000 mg, Kolin klor\u00fcr 3a890 2100 mg. Teknolojik katk\u0131lar: Antioksidanlar (1b320 B\u00fctillendirilmi\u015f hidroksianisol (BHA) 50 mg\/kg, E321 B\u00fctillendirilmi\u015f hidroksitoluen (BHT) 50mg\/kg ve koruyucular (1a330 (Sitrik asit) 50 mg\/kg).\" \/>\n<meta property=\"og:url\" content=\"https:\/\/anadolupet.com.tr\/en\/product\/lavital-vet-struvite-uriner-sistem-kedi-mamasi-15-kg\/\" \/>\n<meta property=\"og:site_name\" content=\"Anadolu Pet Grup\" \/>\n<meta property=\"article:modified_time\" content=\"2026-02-23T12:51:24+00:00\" \/>\n<meta property=\"og:image\" content=\"https:\/\/anadolupet.com.tr\/wp-content\/uploads\/2026\/02\/805-000005.jpg\" \/>\n\t<meta property=\"og:image:width\" content=\"750\" \/>\n\t<meta property=\"og:image:height\" content=\"750\" \/>\n\t<meta property=\"og:image:type\" content=\"image\/jpeg\" \/>\n<meta name=\"twitter:card\" content=\"summary_large_image\" \/>\n<script type=\"application\/ld+json\" class=\"yoast-schema-graph\">{\"@context\":\"https:\\\/\\\/schema.org\",\"@graph\":[{\"@type\":\"WebPage\",\"@id\":\"https:\\\/\\\/anadolupet.com.tr\\\/urun\\\/lavital-vet-struvite-uriner-sistem-kedi-mamasi-15-kg\\\/\",\"url\":\"https:\\\/\\\/anadolupet.com.tr\\\/urun\\\/lavital-vet-struvite-uriner-sistem-kedi-mamasi-15-kg\\\/\",\"name\":\"LaVital Vet. Struvite \u00dcriner Sistem Kedi Mamas\u0131 1,5 KG - Anadolu Pet Grup\",\"isPartOf\":{\"@id\":\"https:\\\/\\\/anadolupet.com.tr\\\/#website\"},\"primaryImageOfPage\":{\"@id\":\"https:\\\/\\\/anadolupet.com.tr\\\/urun\\\/lavital-vet-struvite-uriner-sistem-kedi-mamasi-15-kg\\\/#primaryimage\"},\"image\":{\"@id\":\"https:\\\/\\\/anadolupet.com.tr\\\/urun\\\/lavital-vet-struvite-uriner-sistem-kedi-mamasi-15-kg\\\/#primaryimage\"},\"thumbnailUrl\":\"https:\\\/\\\/anadolupet.com.tr\\\/wp-content\\\/uploads\\\/2026\\\/02\\\/805-000005.jpg\",\"datePublished\":\"2026-02-14T14:44:33+00:00\",\"dateModified\":\"2026-02-23T12:51:24+00:00\",\"breadcrumb\":{\"@id\":\"https:\\\/\\\/anadolupet.com.tr\\\/urun\\\/lavital-vet-struvite-uriner-sistem-kedi-mamasi-15-kg\\\/#breadcrumb\"},\"inLanguage\":\"en-US\",\"potentialAction\":[{\"@type\":\"ReadAction\",\"target\":[\"https:\\\/\\\/anadolupet.com.tr\\\/urun\\\/lavital-vet-struvite-uriner-sistem-kedi-mamasi-15-kg\\\/\"]}]},{\"@type\":\"ImageObject\",\"inLanguage\":\"en-US\",\"@id\":\"https:\\\/\\\/anadolupet.com.tr\\\/urun\\\/lavital-vet-struvite-uriner-sistem-kedi-mamasi-15-kg\\\/#primaryimage\",\"url\":\"https:\\\/\\\/anadolupet.com.tr\\\/wp-content\\\/uploads\\\/2026\\\/02\\\/805-000005.jpg\",\"contentUrl\":\"https:\\\/\\\/anadolupet.com.tr\\\/wp-content\\\/uploads\\\/2026\\\/02\\\/805-000005.jpg\",\"width\":750,\"height\":750},{\"@type\":\"BreadcrumbList\",\"@id\":\"https:\\\/\\\/anadolupet.com.tr\\\/urun\\\/lavital-vet-struvite-uriner-sistem-kedi-mamasi-15-kg\\\/#breadcrumb\",\"itemListElement\":[{\"@type\":\"ListItem\",\"position\":1,\"name\":\"Anasayfa\",\"item\":\"https:\\\/\\\/anadolupet.com.tr\\\/\"},{\"@type\":\"ListItem\",\"position\":2,\"name\":\"\u00dcr\u00fcnler\",\"item\":\"https:\\\/\\\/anadolupet.com.tr\\\/urunler\\\/\"},{\"@type\":\"ListItem\",\"position\":3,\"name\":\"LaVital Vet. Struvite \u00dcriner Sistem Kedi Mamas\u0131 1,5 KG\"}]},{\"@type\":\"WebSite\",\"@id\":\"https:\\\/\\\/anadolupet.com.tr\\\/#website\",\"url\":\"https:\\\/\\\/anadolupet.com.tr\\\/\",\"name\":\"Anadolu Pet Grup\",\"description\":\"Her Can\u0131n \u0130yi Ya\u015fam\u0131 \u0130\u00e7in Biraraday\u0131z\",\"publisher\":{\"@id\":\"https:\\\/\\\/anadolupet.com.tr\\\/#organization\"},\"potentialAction\":[{\"@type\":\"SearchAction\",\"target\":{\"@type\":\"EntryPoint\",\"urlTemplate\":\"https:\\\/\\\/anadolupet.com.tr\\\/?s={search_term_string}\"},\"query-input\":{\"@type\":\"PropertyValueSpecification\",\"valueRequired\":true,\"valueName\":\"search_term_string\"}}],\"inLanguage\":\"en-US\"},{\"@type\":\"Organization\",\"@id\":\"https:\\\/\\\/anadolupet.com.tr\\\/#organization\",\"name\":\"Anadolu Pet Grup\",\"alternateName\":\"Anadolu Pet\",\"url\":\"https:\\\/\\\/anadolupet.com.tr\\\/\",\"logo\":{\"@type\":\"ImageObject\",\"inLanguage\":\"en-US\",\"@id\":\"https:\\\/\\\/anadolupet.com.tr\\\/#\\\/schema\\\/logo\\\/image\\\/\",\"url\":\"https:\\\/\\\/anadolupet.com.tr\\\/wp-content\\\/uploads\\\/2026\\\/03\\\/1614666743370.jpg\",\"contentUrl\":\"https:\\\/\\\/anadolupet.com.tr\\\/wp-content\\\/uploads\\\/2026\\\/03\\\/1614666743370.jpg\",\"width\":800,\"height\":571,\"caption\":\"Anadolu Pet Grup\"},\"image\":{\"@id\":\"https:\\\/\\\/anadolupet.com.tr\\\/#\\\/schema\\\/logo\\\/image\\\/\"}}]}<\/script>\n<!-- \/ Yoast SEO plugin. -->","yoast_head_json":{"title":"LaVital Vet. Struvite \u00dcriner Sistem Kedi Mamas\u0131 1,5 KG - Anadolu Pet Grup","robots":{"index":"index","follow":"follow","max-snippet":"max-snippet:-1","max-image-preview":"max-image-preview:large","max-video-preview":"max-video-preview:-1"},"canonical":"https:\/\/anadolupet.com.tr\/en\/product\/lavital-vet-struvite-uriner-sistem-kedi-mamasi-15-kg\/","og_locale":"en_US","og_type":"article","og_title":"LaVital Vet. Struvite \u00dcriner Sistem Kedi Mamas\u0131 1,5 KG - Anadolu Pet Grup","og_description":"LaVital Therapeutic Series Struvite Cat Food with Chicken, yeti\u015fkin kedilerde str\u00fcvit ta\u015flar\u0131n\u0131n \u00e7\u00f6z\u00fclmesi ve str\u00fcvit ta\u015flar\u0131n\u0131n tekrar olu\u015fumunun azalt\u0131lmas\u0131 i\u00e7in kullan\u0131lan diyetetik tam evcil hayvan mamas\u0131d\u0131r. Bu diyetetik evcil hayvan mamas\u0131 str\u00fcvit i\u00e7in doymam\u0131\u015f idrar \u00f6zellikleri ve\/veya metastabilize edici \u00f6zellikleri ve idrar asitle\u015ftirici \u00f6zelliklere sahiptir. BESLENME TAL\u0130MATLARI: Sadece bu mama ile besleyiniz. Kullanmadan \u00f6nce veya kullan\u0131m s\u00fcresini uzatmadan bir veteriner hekime dan\u0131\u015f\u0131lmas\u0131 tavsiye edilir. Tavsiye edilen kullan\u0131m s\u00fcresi: Str\u00fcvit ta\u015flar\u0131n\u0131n \u00e7\u00f6z\u00fclmesinde 5 ila 12 hafta; str\u00fcvit ta\u015flar\u0131n\u0131n tekrar olu\u015fumunun azalt\u0131lmas\u0131nda ba\u015flang\u0131\u00e7tan 6 aya kadard\u0131r. Tavsiye edilen g\u00fcnl\u00fck miktar i\u00e7in tabloya bak\u0131n\u0131z ve bu miktar her evcil hayvan\u0131n ya\u015f\u0131na veya \u00f6zel ihtiya\u00e7lar\u0131na g\u00f6re de\u011fi\u015febilir. \u00dcr\u00fcn\u00fc serin ve kuru bir yerde, do\u011frudan g\u00fcne\u015f \u0131\u015f\u0131\u011f\u0131 almayacak \u015fekilde saklay\u0131n. Her zaman taze ve temiz su bulundurunuz. \u0130\u00c7\u0130NDEK\u0130LER: B\u0130LE\u015e\u0130M: Et ve hayvansal t\u00fcrevler (i\u015flenmi\u015f tavuk proteini 9.4.1), bitkisel k\u00f6kenli t\u00fcrevler (m\u0131s\u0131r 1.2.1, bu\u011fday 1.11.1, m\u0131s\u0131r gl\u00fcteni 1.2.8), bezelye proteini 3.11.9, tavuk ya\u011f\u0131 9.2.1 mineraller 11, hidrolize tavuk proteini 9.6.1 lignosel\u00fcloz 7.8.1, somon ya\u011f\u0131 10.4.6 (%2), frukto-oligosakkaritler 13.2.11, bira mayas\u0131 12.1.5, kurutulmu\u015f alg (Schizochytrium sp.) 7.1.2 (%0.5). Protein kayna\u011f\u0131: \u0130\u015flenmi\u015f tavuk proteini 9.4.1, m\u0131s\u0131r gluteni 1.2.8, hidrolize tavuk proteini 9.6.1, maya \u00fcr\u00fcnleri 12.1.12, bezelye proteini 3.11.9 Karbonhidrat kayna\u011f\u0131: M\u0131s\u0131r 1.2.1, bu\u011fday 1.11.1. ANAL\u0130T\u0130K B\u0130LE\u015eENLER: Protein %34.8, Ya\u011f i\u00e7eri\u011fi %13.6, Ham sel\u00fcloz %4.2, Ham k\u00fcl %7.2, Kalsiyum %0.91, Fosfor %0.7, Magnezyum %0.07, Potasyum %0.95, Sodyum %1, Klor\u00fcr %2, S\u00fclf\u00fcr %0.39. KG BA\u015eINA KATKILAR: Besinsel katk\u0131lar\/kg: Vitamin A 3a672a 18750 U.I., Vitamin D3 3a671 1125 U.I., Vitamin E 3a700 480 mg, \u00c7inko (\u00c7inko s\u00fclfat monohidrat 3b605) 75 mg, Demir (Demir (II) s\u00fclfat monohidrat 3b103) 67.5 mg, Bak\u0131r (Bak\u0131r (II) s\u00fclfat pentahidrat 3b405) 6.75 mg, Manganez (Manganez s\u00fclfat monohidrat 3b503) 7.5 mg, \u0130yot (Gran\u00fcle kaplanm\u0131\u015f kalsiyum iyodat anhidraz 3b203) 1.35 mg, Selenyum (Sodyum Selenit 3b801) 0.19 mg, Taurin 3a370 2000 mg, DL-metiyonin 3c301 3000 mg, Kolin klor\u00fcr 3a890 2100 mg. Teknolojik katk\u0131lar: Antioksidanlar (1b320 B\u00fctillendirilmi\u015f hidroksianisol (BHA) 50 mg\/kg, E321 B\u00fctillendirilmi\u015f hidroksitoluen (BHT) 50mg\/kg ve koruyucular (1a330 (Sitrik asit) 50 mg\/kg).","og_url":"https:\/\/anadolupet.com.tr\/en\/product\/lavital-vet-struvite-uriner-sistem-kedi-mamasi-15-kg\/","og_site_name":"Anadolu Pet Grup","article_modified_time":"2026-02-23T12:51:24+00:00","og_image":[{"width":750,"height":750,"url":"https:\/\/anadolupet.com.tr\/wp-content\/uploads\/2026\/02\/805-000005.jpg","type":"image\/jpeg"}],"twitter_card":"summary_large_image","schema":{"@context":"https:\/\/schema.org","@graph":[{"@type":"WebPage","@id":"https:\/\/anadolupet.com.tr\/urun\/lavital-vet-struvite-uriner-sistem-kedi-mamasi-15-kg\/","url":"https:\/\/anadolupet.com.tr\/urun\/lavital-vet-struvite-uriner-sistem-kedi-mamasi-15-kg\/","name":"LaVital Vet. Struvite \u00dcriner Sistem Kedi Mamas\u0131 1,5 KG - Anadolu Pet Grup","isPartOf":{"@id":"https:\/\/anadolupet.com.tr\/#website"},"primaryImageOfPage":{"@id":"https:\/\/anadolupet.com.tr\/urun\/lavital-vet-struvite-uriner-sistem-kedi-mamasi-15-kg\/#primaryimage"},"image":{"@id":"https:\/\/anadolupet.com.tr\/urun\/lavital-vet-struvite-uriner-sistem-kedi-mamasi-15-kg\/#primaryimage"},"thumbnailUrl":"https:\/\/anadolupet.com.tr\/wp-content\/uploads\/2026\/02\/805-000005.jpg","datePublished":"2026-02-14T14:44:33+00:00","dateModified":"2026-02-23T12:51:24+00:00","breadcrumb":{"@id":"https:\/\/anadolupet.com.tr\/urun\/lavital-vet-struvite-uriner-sistem-kedi-mamasi-15-kg\/#breadcrumb"},"inLanguage":"en-US","potentialAction":[{"@type":"ReadAction","target":["https:\/\/anadolupet.com.tr\/urun\/lavital-vet-struvite-uriner-sistem-kedi-mamasi-15-kg\/"]}]},{"@type":"ImageObject","inLanguage":"en-US","@id":"https:\/\/anadolupet.com.tr\/urun\/lavital-vet-struvite-uriner-sistem-kedi-mamasi-15-kg\/#primaryimage","url":"https:\/\/anadolupet.com.tr\/wp-content\/uploads\/2026\/02\/805-000005.jpg","contentUrl":"https:\/\/anadolupet.com.tr\/wp-content\/uploads\/2026\/02\/805-000005.jpg","width":750,"height":750},{"@type":"BreadcrumbList","@id":"https:\/\/anadolupet.com.tr\/urun\/lavital-vet-struvite-uriner-sistem-kedi-mamasi-15-kg\/#breadcrumb","itemListElement":[{"@type":"ListItem","position":1,"name":"Anasayfa","item":"https:\/\/anadolupet.com.tr\/"},{"@type":"ListItem","position":2,"name":"\u00dcr\u00fcnler","item":"https:\/\/anadolupet.com.tr\/urunler\/"},{"@type":"ListItem","position":3,"name":"LaVital Vet. Struvite \u00dcriner Sistem Kedi Mamas\u0131 1,5 KG"}]},{"@type":"WebSite","@id":"https:\/\/anadolupet.com.tr\/#website","url":"https:\/\/anadolupet.com.tr\/","name":"Anadolu Pet Group","description":"We Stand Together for the Well-Being of Every Life","publisher":{"@id":"https:\/\/anadolupet.com.tr\/#organization"},"potentialAction":[{"@type":"SearchAction","target":{"@type":"EntryPoint","urlTemplate":"https:\/\/anadolupet.com.tr\/?s={search_term_string}"},"query-input":{"@type":"PropertyValueSpecification","valueRequired":true,"valueName":"search_term_string"}}],"inLanguage":"en-US"},{"@type":"Organization","@id":"https:\/\/anadolupet.com.tr\/#organization","name":"Anadolu Pet Group","alternateName":"Anadolu Pet","url":"https:\/\/anadolupet.com.tr\/","logo":{"@type":"ImageObject","inLanguage":"en-US","@id":"https:\/\/anadolupet.com.tr\/#\/schema\/logo\/image\/","url":"https:\/\/anadolupet.com.tr\/wp-content\/uploads\/2026\/03\/1614666743370.jpg","contentUrl":"https:\/\/anadolupet.com.tr\/wp-content\/uploads\/2026\/03\/1614666743370.jpg","width":800,"height":571,"caption":"Anadolu Pet Grup"},"image":{"@id":"https:\/\/anadolupet.com.tr\/#\/schema\/logo\/image\/"}}]}},"_links":{"self":[{"href":"https:\/\/anadolupet.com.tr\/en\/wp-json\/wp\/v2\/product\/45744","targetHints":{"allow":["GET"]}}],"collection":[{"href":"https:\/\/anadolupet.com.tr\/en\/wp-json\/wp\/v2\/product"}],"about":[{"href":"https:\/\/anadolupet.com.tr\/en\/wp-json\/wp\/v2\/types\/product"}],"replies":[{"embeddable":true,"href":"https:\/\/anadolupet.com.tr\/en\/wp-json\/wp\/v2\/comments?post=45744"}],"wp:featuredmedia":[{"embeddable":true,"href":"https:\/\/anadolupet.com.tr\/en\/wp-json\/wp\/v2\/media\/44513"}],"wp:attachment":[{"href":"https:\/\/anadolupet.com.tr\/en\/wp-json\/wp\/v2\/media?parent=45744"}],"wp:term":[{"taxonomy":"product_brand","embeddable":true,"href":"https:\/\/anadolupet.com.tr\/en\/wp-json\/wp\/v2\/product_brand?post=45744"},{"taxonomy":"product_cat","embeddable":true,"href":"https:\/\/anadolupet.com.tr\/en\/wp-json\/wp\/v2\/product_cat?post=45744"},{"taxonomy":"product_tag","embeddable":true,"href":"https:\/\/anadolupet.com.tr\/en\/wp-json\/wp\/v2\/product_tag?post=45744"}],"curies":[{"name":"wp","href":"https:\/\/api.w.org\/{rel}","templated":true}]}}