{"id":45753,"date":"2026-02-14T14:44:34","date_gmt":"2026-02-14T14:44:34","guid":{"rendered":"https:\/\/anadolupet.com.tr\/urun\/lavital-yetiskin-yas-kopek-mamasi-adult-somonlu-395gr\/"},"modified":"2026-02-23T12:51:25","modified_gmt":"2026-02-23T12:51:25","slug":"lavital-yetiskin-yas-kopek-mamasi-adult-somonlu-395gr","status":"publish","type":"product","link":"https:\/\/anadolupet.com.tr\/en\/urun\/lavital-yetiskin-yas-kopek-mamasi-adult-somonlu-395gr\/","title":{"rendered":"LaVital Yeti\u015fkin Ya\u015f K\u00f6pek Mamas\u0131 (Adult) Somonlu 395GR"},"content":{"rendered":"","protected":false},"excerpt":{"rendered":"<p>Somon Etli Konserve Mama (Yeti\u015fkin K\u00f6pekler \u0130\u00e7in)<br \/>\n\u00dcr\u00fcn Tan\u0131m\u0131: Yeti\u015fkin k\u00f6pekler i\u00e7in form\u00fcle edilmi\u015f, somon eti i\u00e7eren tam yemdir. Hayvansal protein kayna\u011f\u0131 olarak somon (%4) i\u00e7ermektedir. Dengeli besin profiliyle g\u00fcnl\u00fck enerji ihtiyac\u0131n\u0131 kar\u015f\u0131lamaya yard\u0131mc\u0131 olur. Y\u00fcksek nem oran\u0131 sayesinde lezzetli ve kolay t\u00fcketilebilir yap\u0131dad\u0131r.<br \/>\n\u0130\u00e7indekiler: Et ve hayvansal t\u00fcrevler, bal\u0131k ve bal\u0131k t\u00fcrevleri (somon %4), mineraller, bitkisel k\u00f6kenli t\u00fcrevler.<br \/>\nAnalitik Bile\u015fenler:<br \/>\nHam protein: %8<br \/>\nHam ya\u011f: %5<br \/>\nHam lif: %0.5<br \/>\nHam k\u00fcl: %2.5<br \/>\nNem: %80<br \/>\nBesleyici Katk\u0131 Maddeleri (kg ba\u015f\u0131na):<br \/>\nD3 Vitamini (3a671): 300 IU<br \/>\nE Vitamini (3a700i): 22 mg<br \/>\nB1 Vitamini (3a821): 3.9 mg<br \/>\nB6 Vitamini (3a831): 1.3 mg<br \/>\nBiotin (3a880): 110 \u00b5g<br \/>\nFolik Asit (B9 &#8211; 3a316): 123 \u00b5g<br \/>\nBak\u0131r (3b405): 0.2 mg<br \/>\n\u00c7inko (3b605): 6.1 mg<br \/>\nManganez (3b503): 1.5 mg<br \/>\n\u0130yot (3b201): 0.3 mg<br \/>\nKolin Klor\u00fcr (3a890): 14.8 mg<br \/>\nKullan\u0131m Talimatlar\u0131:<br \/>\nOda s\u0131cakl\u0131\u011f\u0131nda servis ediniz.<br \/>\nHer zaman temiz ve taze i\u00e7me suyu bulundurulmal\u0131d\u0131r.<br \/>\nA\u00e7\u0131ld\u0131ktan sonra \u00fczeri kapal\u0131 \u015fekilde buzdolab\u0131nda saklanmal\u0131 ve 48 saat i\u00e7inde t\u00fcketilmelidir.<br \/>\n\u0130nsan t\u00fcketimi i\u00e7in uygun de\u011fildir.<\/p>","protected":false},"featured_media":44538,"comment_status":"open","ping_status":"closed","template":"","meta":{"_acf_changed":false},"product_brand":[],"product_cat":[2450],"product_tag":[],"class_list":{"0":"post-45753","1":"product","2":"type-product","3":"status-publish","4":"has-post-thumbnail","6":"product_cat-kopek-konserveleri","8":"first","9":"instock","10":"shipping-taxable","11":"product-type-simple"},"acf":[],"yoast_head":"<!-- This site is optimized with the Yoast SEO plugin v27.5 - https:\/\/yoast.com\/product\/yoast-seo-wordpress\/ -->\n<title>LaVital Yeti\u015fkin Ya\u015f K\u00f6pek Mamas\u0131 (Adult) Somonlu 395GR - Anadolu Pet Grup<\/title>\n<meta name=\"robots\" content=\"index, follow, max-snippet:-1, max-image-preview:large, max-video-preview:-1\" \/>\n<link rel=\"canonical\" href=\"https:\/\/anadolupet.com.tr\/en\/product\/lavital-yetiskin-yas-kopek-mamasi-adult-somonlu-395gr\/\" \/>\n<meta property=\"og:locale\" content=\"en_US\" \/>\n<meta property=\"og:type\" content=\"article\" \/>\n<meta property=\"og:title\" content=\"LaVital Yeti\u015fkin Ya\u015f K\u00f6pek Mamas\u0131 (Adult) Somonlu 395GR - Anadolu Pet Grup\" \/>\n<meta property=\"og:description\" content=\"Somon Etli Konserve Mama (Yeti\u015fkin K\u00f6pekler \u0130\u00e7in) \u00dcr\u00fcn Tan\u0131m\u0131: Yeti\u015fkin k\u00f6pekler i\u00e7in form\u00fcle edilmi\u015f, somon eti i\u00e7eren tam yemdir. Hayvansal protein kayna\u011f\u0131 olarak somon (%4) i\u00e7ermektedir. Dengeli besin profiliyle g\u00fcnl\u00fck enerji ihtiyac\u0131n\u0131 kar\u015f\u0131lamaya yard\u0131mc\u0131 olur. Y\u00fcksek nem oran\u0131 sayesinde lezzetli ve kolay t\u00fcketilebilir yap\u0131dad\u0131r. \u0130\u00e7indekiler: Et ve hayvansal t\u00fcrevler, bal\u0131k ve bal\u0131k t\u00fcrevleri (somon %4), mineraller, bitkisel k\u00f6kenli t\u00fcrevler. Analitik Bile\u015fenler: Ham protein: %8 Ham ya\u011f: %5 Ham lif: %0.5 Ham k\u00fcl: %2.5 Nem: %80 Besleyici Katk\u0131 Maddeleri (kg ba\u015f\u0131na): D3 Vitamini (3a671): 300 IU E Vitamini (3a700i): 22 mg B1 Vitamini (3a821): 3.9 mg B6 Vitamini (3a831): 1.3 mg Biotin (3a880): 110 \u00b5g Folik Asit (B9 - 3a316): 123 \u00b5g Bak\u0131r (3b405): 0.2 mg \u00c7inko (3b605): 6.1 mg Manganez (3b503): 1.5 mg \u0130yot (3b201): 0.3 mg Kolin Klor\u00fcr (3a890): 14.8 mg Kullan\u0131m Talimatlar\u0131: Oda s\u0131cakl\u0131\u011f\u0131nda servis ediniz. Her zaman temiz ve taze i\u00e7me suyu bulundurulmal\u0131d\u0131r. A\u00e7\u0131ld\u0131ktan sonra \u00fczeri kapal\u0131 \u015fekilde buzdolab\u0131nda saklanmal\u0131 ve 48 saat i\u00e7inde t\u00fcketilmelidir. \u0130nsan t\u00fcketimi i\u00e7in uygun de\u011fildir.\" \/>\n<meta property=\"og:url\" content=\"https:\/\/anadolupet.com.tr\/en\/product\/lavital-yetiskin-yas-kopek-mamasi-adult-somonlu-395gr\/\" \/>\n<meta property=\"og:site_name\" content=\"Anadolu Pet Grup\" \/>\n<meta property=\"article:modified_time\" content=\"2026-02-23T12:51:25+00:00\" \/>\n<meta property=\"og:image\" content=\"https:\/\/anadolupet.com.tr\/wp-content\/uploads\/2026\/02\/807-000014.jpeg\" \/>\n\t<meta property=\"og:image:width\" content=\"2560\" \/>\n\t<meta property=\"og:image:height\" content=\"2560\" \/>\n\t<meta property=\"og:image:type\" content=\"image\/jpeg\" \/>\n<meta name=\"twitter:card\" content=\"summary_large_image\" \/>\n<script type=\"application\/ld+json\" class=\"yoast-schema-graph\">{\"@context\":\"https:\\\/\\\/schema.org\",\"@graph\":[{\"@type\":\"WebPage\",\"@id\":\"https:\\\/\\\/anadolupet.com.tr\\\/urun\\\/lavital-yetiskin-yas-kopek-mamasi-adult-somonlu-395gr\\\/\",\"url\":\"https:\\\/\\\/anadolupet.com.tr\\\/urun\\\/lavital-yetiskin-yas-kopek-mamasi-adult-somonlu-395gr\\\/\",\"name\":\"LaVital Yeti\u015fkin Ya\u015f K\u00f6pek Mamas\u0131 (Adult) Somonlu 395GR - Anadolu Pet Grup\",\"isPartOf\":{\"@id\":\"https:\\\/\\\/anadolupet.com.tr\\\/#website\"},\"primaryImageOfPage\":{\"@id\":\"https:\\\/\\\/anadolupet.com.tr\\\/urun\\\/lavital-yetiskin-yas-kopek-mamasi-adult-somonlu-395gr\\\/#primaryimage\"},\"image\":{\"@id\":\"https:\\\/\\\/anadolupet.com.tr\\\/urun\\\/lavital-yetiskin-yas-kopek-mamasi-adult-somonlu-395gr\\\/#primaryimage\"},\"thumbnailUrl\":\"https:\\\/\\\/anadolupet.com.tr\\\/wp-content\\\/uploads\\\/2026\\\/02\\\/807-000014.jpeg\",\"datePublished\":\"2026-02-14T14:44:34+00:00\",\"dateModified\":\"2026-02-23T12:51:25+00:00\",\"breadcrumb\":{\"@id\":\"https:\\\/\\\/anadolupet.com.tr\\\/urun\\\/lavital-yetiskin-yas-kopek-mamasi-adult-somonlu-395gr\\\/#breadcrumb\"},\"inLanguage\":\"en-US\",\"potentialAction\":[{\"@type\":\"ReadAction\",\"target\":[\"https:\\\/\\\/anadolupet.com.tr\\\/urun\\\/lavital-yetiskin-yas-kopek-mamasi-adult-somonlu-395gr\\\/\"]}]},{\"@type\":\"ImageObject\",\"inLanguage\":\"en-US\",\"@id\":\"https:\\\/\\\/anadolupet.com.tr\\\/urun\\\/lavital-yetiskin-yas-kopek-mamasi-adult-somonlu-395gr\\\/#primaryimage\",\"url\":\"https:\\\/\\\/anadolupet.com.tr\\\/wp-content\\\/uploads\\\/2026\\\/02\\\/807-000014.jpeg\",\"contentUrl\":\"https:\\\/\\\/anadolupet.com.tr\\\/wp-content\\\/uploads\\\/2026\\\/02\\\/807-000014.jpeg\",\"width\":2560,\"height\":2560},{\"@type\":\"BreadcrumbList\",\"@id\":\"https:\\\/\\\/anadolupet.com.tr\\\/urun\\\/lavital-yetiskin-yas-kopek-mamasi-adult-somonlu-395gr\\\/#breadcrumb\",\"itemListElement\":[{\"@type\":\"ListItem\",\"position\":1,\"name\":\"Anasayfa\",\"item\":\"https:\\\/\\\/anadolupet.com.tr\\\/\"},{\"@type\":\"ListItem\",\"position\":2,\"name\":\"\u00dcr\u00fcnler\",\"item\":\"https:\\\/\\\/anadolupet.com.tr\\\/urunler\\\/\"},{\"@type\":\"ListItem\",\"position\":3,\"name\":\"LaVital Yeti\u015fkin Ya\u015f K\u00f6pek Mamas\u0131 (Adult) Somonlu 395GR\"}]},{\"@type\":\"WebSite\",\"@id\":\"https:\\\/\\\/anadolupet.com.tr\\\/#website\",\"url\":\"https:\\\/\\\/anadolupet.com.tr\\\/\",\"name\":\"Anadolu Pet Grup\",\"description\":\"Her Can\u0131n \u0130yi Ya\u015fam\u0131 \u0130\u00e7in Biraraday\u0131z\",\"publisher\":{\"@id\":\"https:\\\/\\\/anadolupet.com.tr\\\/#organization\"},\"potentialAction\":[{\"@type\":\"SearchAction\",\"target\":{\"@type\":\"EntryPoint\",\"urlTemplate\":\"https:\\\/\\\/anadolupet.com.tr\\\/?s={search_term_string}\"},\"query-input\":{\"@type\":\"PropertyValueSpecification\",\"valueRequired\":true,\"valueName\":\"search_term_string\"}}],\"inLanguage\":\"en-US\"},{\"@type\":\"Organization\",\"@id\":\"https:\\\/\\\/anadolupet.com.tr\\\/#organization\",\"name\":\"Anadolu Pet Grup\",\"alternateName\":\"Anadolu Pet\",\"url\":\"https:\\\/\\\/anadolupet.com.tr\\\/\",\"logo\":{\"@type\":\"ImageObject\",\"inLanguage\":\"en-US\",\"@id\":\"https:\\\/\\\/anadolupet.com.tr\\\/#\\\/schema\\\/logo\\\/image\\\/\",\"url\":\"https:\\\/\\\/anadolupet.com.tr\\\/wp-content\\\/uploads\\\/2026\\\/03\\\/1614666743370.jpg\",\"contentUrl\":\"https:\\\/\\\/anadolupet.com.tr\\\/wp-content\\\/uploads\\\/2026\\\/03\\\/1614666743370.jpg\",\"width\":800,\"height\":571,\"caption\":\"Anadolu Pet Grup\"},\"image\":{\"@id\":\"https:\\\/\\\/anadolupet.com.tr\\\/#\\\/schema\\\/logo\\\/image\\\/\"}}]}<\/script>\n<!-- \/ Yoast SEO plugin. -->","yoast_head_json":{"title":"LaVital Yeti\u015fkin Ya\u015f K\u00f6pek Mamas\u0131 (Adult) Somonlu 395GR - Anadolu Pet Grup","robots":{"index":"index","follow":"follow","max-snippet":"max-snippet:-1","max-image-preview":"max-image-preview:large","max-video-preview":"max-video-preview:-1"},"canonical":"https:\/\/anadolupet.com.tr\/en\/product\/lavital-yetiskin-yas-kopek-mamasi-adult-somonlu-395gr\/","og_locale":"en_US","og_type":"article","og_title":"LaVital Yeti\u015fkin Ya\u015f K\u00f6pek Mamas\u0131 (Adult) Somonlu 395GR - Anadolu Pet Grup","og_description":"Somon Etli Konserve Mama (Yeti\u015fkin K\u00f6pekler \u0130\u00e7in) \u00dcr\u00fcn Tan\u0131m\u0131: Yeti\u015fkin k\u00f6pekler i\u00e7in form\u00fcle edilmi\u015f, somon eti i\u00e7eren tam yemdir. Hayvansal protein kayna\u011f\u0131 olarak somon (%4) i\u00e7ermektedir. Dengeli besin profiliyle g\u00fcnl\u00fck enerji ihtiyac\u0131n\u0131 kar\u015f\u0131lamaya yard\u0131mc\u0131 olur. Y\u00fcksek nem oran\u0131 sayesinde lezzetli ve kolay t\u00fcketilebilir yap\u0131dad\u0131r. \u0130\u00e7indekiler: Et ve hayvansal t\u00fcrevler, bal\u0131k ve bal\u0131k t\u00fcrevleri (somon %4), mineraller, bitkisel k\u00f6kenli t\u00fcrevler. Analitik Bile\u015fenler: Ham protein: %8 Ham ya\u011f: %5 Ham lif: %0.5 Ham k\u00fcl: %2.5 Nem: %80 Besleyici Katk\u0131 Maddeleri (kg ba\u015f\u0131na): D3 Vitamini (3a671): 300 IU E Vitamini (3a700i): 22 mg B1 Vitamini (3a821): 3.9 mg B6 Vitamini (3a831): 1.3 mg Biotin (3a880): 110 \u00b5g Folik Asit (B9 - 3a316): 123 \u00b5g Bak\u0131r (3b405): 0.2 mg \u00c7inko (3b605): 6.1 mg Manganez (3b503): 1.5 mg \u0130yot (3b201): 0.3 mg Kolin Klor\u00fcr (3a890): 14.8 mg Kullan\u0131m Talimatlar\u0131: Oda s\u0131cakl\u0131\u011f\u0131nda servis ediniz. Her zaman temiz ve taze i\u00e7me suyu bulundurulmal\u0131d\u0131r. A\u00e7\u0131ld\u0131ktan sonra \u00fczeri kapal\u0131 \u015fekilde buzdolab\u0131nda saklanmal\u0131 ve 48 saat i\u00e7inde t\u00fcketilmelidir. \u0130nsan t\u00fcketimi i\u00e7in uygun de\u011fildir.","og_url":"https:\/\/anadolupet.com.tr\/en\/product\/lavital-yetiskin-yas-kopek-mamasi-adult-somonlu-395gr\/","og_site_name":"Anadolu Pet Grup","article_modified_time":"2026-02-23T12:51:25+00:00","og_image":[{"width":2560,"height":2560,"url":"https:\/\/anadolupet.com.tr\/wp-content\/uploads\/2026\/02\/807-000014.jpeg","type":"image\/jpeg"}],"twitter_card":"summary_large_image","schema":{"@context":"https:\/\/schema.org","@graph":[{"@type":"WebPage","@id":"https:\/\/anadolupet.com.tr\/urun\/lavital-yetiskin-yas-kopek-mamasi-adult-somonlu-395gr\/","url":"https:\/\/anadolupet.com.tr\/urun\/lavital-yetiskin-yas-kopek-mamasi-adult-somonlu-395gr\/","name":"LaVital Yeti\u015fkin Ya\u015f K\u00f6pek Mamas\u0131 (Adult) Somonlu 395GR - Anadolu Pet Grup","isPartOf":{"@id":"https:\/\/anadolupet.com.tr\/#website"},"primaryImageOfPage":{"@id":"https:\/\/anadolupet.com.tr\/urun\/lavital-yetiskin-yas-kopek-mamasi-adult-somonlu-395gr\/#primaryimage"},"image":{"@id":"https:\/\/anadolupet.com.tr\/urun\/lavital-yetiskin-yas-kopek-mamasi-adult-somonlu-395gr\/#primaryimage"},"thumbnailUrl":"https:\/\/anadolupet.com.tr\/wp-content\/uploads\/2026\/02\/807-000014.jpeg","datePublished":"2026-02-14T14:44:34+00:00","dateModified":"2026-02-23T12:51:25+00:00","breadcrumb":{"@id":"https:\/\/anadolupet.com.tr\/urun\/lavital-yetiskin-yas-kopek-mamasi-adult-somonlu-395gr\/#breadcrumb"},"inLanguage":"en-US","potentialAction":[{"@type":"ReadAction","target":["https:\/\/anadolupet.com.tr\/urun\/lavital-yetiskin-yas-kopek-mamasi-adult-somonlu-395gr\/"]}]},{"@type":"ImageObject","inLanguage":"en-US","@id":"https:\/\/anadolupet.com.tr\/urun\/lavital-yetiskin-yas-kopek-mamasi-adult-somonlu-395gr\/#primaryimage","url":"https:\/\/anadolupet.com.tr\/wp-content\/uploads\/2026\/02\/807-000014.jpeg","contentUrl":"https:\/\/anadolupet.com.tr\/wp-content\/uploads\/2026\/02\/807-000014.jpeg","width":2560,"height":2560},{"@type":"BreadcrumbList","@id":"https:\/\/anadolupet.com.tr\/urun\/lavital-yetiskin-yas-kopek-mamasi-adult-somonlu-395gr\/#breadcrumb","itemListElement":[{"@type":"ListItem","position":1,"name":"Anasayfa","item":"https:\/\/anadolupet.com.tr\/"},{"@type":"ListItem","position":2,"name":"\u00dcr\u00fcnler","item":"https:\/\/anadolupet.com.tr\/urunler\/"},{"@type":"ListItem","position":3,"name":"LaVital Yeti\u015fkin Ya\u015f K\u00f6pek Mamas\u0131 (Adult) Somonlu 395GR"}]},{"@type":"WebSite","@id":"https:\/\/anadolupet.com.tr\/#website","url":"https:\/\/anadolupet.com.tr\/","name":"Anadolu Pet Group","description":"We Stand Together for the Well-Being of Every Life","publisher":{"@id":"https:\/\/anadolupet.com.tr\/#organization"},"potentialAction":[{"@type":"SearchAction","target":{"@type":"EntryPoint","urlTemplate":"https:\/\/anadolupet.com.tr\/?s={search_term_string}"},"query-input":{"@type":"PropertyValueSpecification","valueRequired":true,"valueName":"search_term_string"}}],"inLanguage":"en-US"},{"@type":"Organization","@id":"https:\/\/anadolupet.com.tr\/#organization","name":"Anadolu Pet Group","alternateName":"Anadolu Pet","url":"https:\/\/anadolupet.com.tr\/","logo":{"@type":"ImageObject","inLanguage":"en-US","@id":"https:\/\/anadolupet.com.tr\/#\/schema\/logo\/image\/","url":"https:\/\/anadolupet.com.tr\/wp-content\/uploads\/2026\/03\/1614666743370.jpg","contentUrl":"https:\/\/anadolupet.com.tr\/wp-content\/uploads\/2026\/03\/1614666743370.jpg","width":800,"height":571,"caption":"Anadolu Pet Grup"},"image":{"@id":"https:\/\/anadolupet.com.tr\/#\/schema\/logo\/image\/"}}]}},"_links":{"self":[{"href":"https:\/\/anadolupet.com.tr\/en\/wp-json\/wp\/v2\/product\/45753","targetHints":{"allow":["GET"]}}],"collection":[{"href":"https:\/\/anadolupet.com.tr\/en\/wp-json\/wp\/v2\/product"}],"about":[{"href":"https:\/\/anadolupet.com.tr\/en\/wp-json\/wp\/v2\/types\/product"}],"replies":[{"embeddable":true,"href":"https:\/\/anadolupet.com.tr\/en\/wp-json\/wp\/v2\/comments?post=45753"}],"wp:featuredmedia":[{"embeddable":true,"href":"https:\/\/anadolupet.com.tr\/en\/wp-json\/wp\/v2\/media\/44538"}],"wp:attachment":[{"href":"https:\/\/anadolupet.com.tr\/en\/wp-json\/wp\/v2\/media?parent=45753"}],"wp:term":[{"taxonomy":"product_brand","embeddable":true,"href":"https:\/\/anadolupet.com.tr\/en\/wp-json\/wp\/v2\/product_brand?post=45753"},{"taxonomy":"product_cat","embeddable":true,"href":"https:\/\/anadolupet.com.tr\/en\/wp-json\/wp\/v2\/product_cat?post=45753"},{"taxonomy":"product_tag","embeddable":true,"href":"https:\/\/anadolupet.com.tr\/en\/wp-json\/wp\/v2\/product_tag?post=45753"}],"curies":[{"name":"wp","href":"https:\/\/api.w.org\/{rel}","templated":true}]}}