{"id":45758,"date":"2026-02-14T14:44:35","date_gmt":"2026-02-14T14:44:35","guid":{"rendered":"https:\/\/anadolupet.com.tr\/?post_type=product&#038;p=45758"},"modified":"2026-02-23T12:51:25","modified_gmt":"2026-02-23T12:51:25","slug":"moderna-aristo-acik-kedi-tuvaleti-sari-42cm","status":"publish","type":"product","link":"https:\/\/anadolupet.com.tr\/en\/urun\/moderna-aristo-acik-kedi-tuvaleti-sari-42cm\/","title":{"rendered":"Moderna Aristo A\u00e7\u0131k Kedi Tuvaleti Sar\u0131 -42CM"},"content":{"rendered":"","protected":false},"excerpt":{"rendered":"<p>Pratik, \u015f\u0131k ve hijyenik kullan\u0131m! Aristo A\u00e7\u0131k Kedi Tuvaleti, \u00e7\u0131kar\u0131labilir kenarl\u0131\u011f\u0131 ve ergonomik tasar\u0131m\u0131yla kediniz i\u00e7in rahat bir kullan\u0131m sunar. Rengiyle modern bir g\u00f6r\u00fcn\u00fcm kazand\u0131r\u0131rken, dayan\u0131kl\u0131 yap\u0131s\u0131 sayesinde uzun \u00f6m\u00fcrl\u00fc kullan\u0131m sa\u011flar.<br \/>\n\ud83d\udc3e \u00d6ne \u00c7\u0131kan \u00d6zellikler<br \/>\n\u00c7\u0131kar\u0131labilir kenarl\u0131k \u2013 yavru kediler i\u00e7in kolay giri\u015f-\u00e7\u0131k\u0131\u015f imk\u00e2n\u0131<br \/>\nYuvarlat\u0131lm\u0131\u015f kenarlar \u2013 g\u00fcvenli ve konforlu kullan\u0131m<br \/>\nFarkl\u0131 boy se\u00e7enekleri \u2013 her \u0131rk i\u00e7in uygun alternatifler<br \/>\nKolay temizlik \u2013 \u0131l\u0131k sabunlu su ile h\u0131zl\u0131 ve zahmetsiz temizlik<br \/>\nDayan\u0131kl\u0131 plastik malzeme \u2013 uzun s\u00fcreli kullan\u0131m i\u00e7in \u00fcst\u00fcn kalite<br \/>\nKum da\u011f\u0131lmas\u0131n\u0131 \u00f6nleyen tasar\u0131m \u2013 \u00e7evredeki alan\u0131 temiz ve d\u00fczenli tutar<br \/>\n\ud83d\udccf \u00dcr\u00fcn \u00d6l\u00e7\u00fcleri<br \/>\nEn: 30,9 cm<br \/>\nBoy: 43 cm<br \/>\nY\u00fckseklik: 12,3 cm<\/p>","protected":false},"featured_media":43467,"comment_status":"open","ping_status":"closed","template":"","meta":{"_acf_changed":false},"product_brand":[],"product_cat":[2430],"product_tag":[],"class_list":{"0":"post-45758","1":"product","2":"type-product","3":"status-publish","4":"has-post-thumbnail","6":"product_cat-kedi-tuvaletleri","8":"first","9":"instock","10":"shipping-taxable","11":"product-type-simple"},"acf":[],"yoast_head":"<!-- This site is optimized with the Yoast SEO plugin v27.5 - https:\/\/yoast.com\/product\/yoast-seo-wordpress\/ -->\n<title>Moderna Aristo A\u00e7\u0131k Kedi Tuvaleti Sar\u0131 -42CM - Anadolu Pet Grup<\/title>\n<meta name=\"robots\" content=\"index, follow, max-snippet:-1, max-image-preview:large, max-video-preview:-1\" \/>\n<link rel=\"canonical\" href=\"https:\/\/anadolupet.com.tr\/en\/product\/moderna-aristo-acik-kedi-tuvaleti-sari-42cm\/\" \/>\n<meta property=\"og:locale\" content=\"en_US\" \/>\n<meta property=\"og:type\" content=\"article\" \/>\n<meta property=\"og:title\" content=\"Moderna Aristo A\u00e7\u0131k Kedi Tuvaleti Sar\u0131 -42CM - Anadolu Pet Grup\" \/>\n<meta property=\"og:description\" content=\"Pratik, \u015f\u0131k ve hijyenik kullan\u0131m! Aristo A\u00e7\u0131k Kedi Tuvaleti, \u00e7\u0131kar\u0131labilir kenarl\u0131\u011f\u0131 ve ergonomik tasar\u0131m\u0131yla kediniz i\u00e7in rahat bir kullan\u0131m sunar. Rengiyle modern bir g\u00f6r\u00fcn\u00fcm kazand\u0131r\u0131rken, dayan\u0131kl\u0131 yap\u0131s\u0131 sayesinde uzun \u00f6m\u00fcrl\u00fc kullan\u0131m sa\u011flar. \ud83d\udc3e \u00d6ne \u00c7\u0131kan \u00d6zellikler \u00c7\u0131kar\u0131labilir kenarl\u0131k \u2013 yavru kediler i\u00e7in kolay giri\u015f-\u00e7\u0131k\u0131\u015f imk\u00e2n\u0131 Yuvarlat\u0131lm\u0131\u015f kenarlar \u2013 g\u00fcvenli ve konforlu kullan\u0131m Farkl\u0131 boy se\u00e7enekleri \u2013 her \u0131rk i\u00e7in uygun alternatifler Kolay temizlik \u2013 \u0131l\u0131k sabunlu su ile h\u0131zl\u0131 ve zahmetsiz temizlik Dayan\u0131kl\u0131 plastik malzeme \u2013 uzun s\u00fcreli kullan\u0131m i\u00e7in \u00fcst\u00fcn kalite Kum da\u011f\u0131lmas\u0131n\u0131 \u00f6nleyen tasar\u0131m \u2013 \u00e7evredeki alan\u0131 temiz ve d\u00fczenli tutar \ud83d\udccf \u00dcr\u00fcn \u00d6l\u00e7\u00fcleri En: 30,9 cm Boy: 43 cm Y\u00fckseklik: 12,3 cm\" \/>\n<meta property=\"og:url\" content=\"https:\/\/anadolupet.com.tr\/en\/product\/moderna-aristo-acik-kedi-tuvaleti-sari-42cm\/\" \/>\n<meta property=\"og:site_name\" content=\"Anadolu Pet Grup\" \/>\n<meta property=\"article:modified_time\" content=\"2026-02-23T12:51:25+00:00\" \/>\n<meta property=\"og:image\" content=\"https:\/\/anadolupet.com.tr\/wp-content\/uploads\/2026\/02\/242-C132-329.jpg\" \/>\n\t<meta property=\"og:image:width\" content=\"750\" \/>\n\t<meta property=\"og:image:height\" content=\"750\" \/>\n\t<meta property=\"og:image:type\" content=\"image\/jpeg\" \/>\n<meta name=\"twitter:card\" content=\"summary_large_image\" \/>\n<script type=\"application\/ld+json\" class=\"yoast-schema-graph\">{\"@context\":\"https:\\\/\\\/schema.org\",\"@graph\":[{\"@type\":\"WebPage\",\"@id\":\"https:\\\/\\\/anadolupet.com.tr\\\/urun\\\/moderna-aristo-acik-kedi-tuvaleti-sari-42cm\\\/\",\"url\":\"https:\\\/\\\/anadolupet.com.tr\\\/urun\\\/moderna-aristo-acik-kedi-tuvaleti-sari-42cm\\\/\",\"name\":\"Moderna Aristo A\u00e7\u0131k Kedi Tuvaleti Sar\u0131 -42CM - Anadolu Pet Grup\",\"isPartOf\":{\"@id\":\"https:\\\/\\\/anadolupet.com.tr\\\/#website\"},\"primaryImageOfPage\":{\"@id\":\"https:\\\/\\\/anadolupet.com.tr\\\/urun\\\/moderna-aristo-acik-kedi-tuvaleti-sari-42cm\\\/#primaryimage\"},\"image\":{\"@id\":\"https:\\\/\\\/anadolupet.com.tr\\\/urun\\\/moderna-aristo-acik-kedi-tuvaleti-sari-42cm\\\/#primaryimage\"},\"thumbnailUrl\":\"https:\\\/\\\/anadolupet.com.tr\\\/wp-content\\\/uploads\\\/2026\\\/02\\\/242-C132-329.jpg\",\"datePublished\":\"2026-02-14T14:44:35+00:00\",\"dateModified\":\"2026-02-23T12:51:25+00:00\",\"breadcrumb\":{\"@id\":\"https:\\\/\\\/anadolupet.com.tr\\\/urun\\\/moderna-aristo-acik-kedi-tuvaleti-sari-42cm\\\/#breadcrumb\"},\"inLanguage\":\"en-US\",\"potentialAction\":[{\"@type\":\"ReadAction\",\"target\":[\"https:\\\/\\\/anadolupet.com.tr\\\/urun\\\/moderna-aristo-acik-kedi-tuvaleti-sari-42cm\\\/\"]}]},{\"@type\":\"ImageObject\",\"inLanguage\":\"en-US\",\"@id\":\"https:\\\/\\\/anadolupet.com.tr\\\/urun\\\/moderna-aristo-acik-kedi-tuvaleti-sari-42cm\\\/#primaryimage\",\"url\":\"https:\\\/\\\/anadolupet.com.tr\\\/wp-content\\\/uploads\\\/2026\\\/02\\\/242-C132-329.jpg\",\"contentUrl\":\"https:\\\/\\\/anadolupet.com.tr\\\/wp-content\\\/uploads\\\/2026\\\/02\\\/242-C132-329.jpg\",\"width\":750,\"height\":750},{\"@type\":\"BreadcrumbList\",\"@id\":\"https:\\\/\\\/anadolupet.com.tr\\\/urun\\\/moderna-aristo-acik-kedi-tuvaleti-sari-42cm\\\/#breadcrumb\",\"itemListElement\":[{\"@type\":\"ListItem\",\"position\":1,\"name\":\"Anasayfa\",\"item\":\"https:\\\/\\\/anadolupet.com.tr\\\/\"},{\"@type\":\"ListItem\",\"position\":2,\"name\":\"\u00dcr\u00fcnler\",\"item\":\"https:\\\/\\\/anadolupet.com.tr\\\/urunler\\\/\"},{\"@type\":\"ListItem\",\"position\":3,\"name\":\"Moderna Aristo A\u00e7\u0131k Kedi Tuvaleti Sar\u0131 -42CM\"}]},{\"@type\":\"WebSite\",\"@id\":\"https:\\\/\\\/anadolupet.com.tr\\\/#website\",\"url\":\"https:\\\/\\\/anadolupet.com.tr\\\/\",\"name\":\"Anadolu Pet Grup\",\"description\":\"Her Can\u0131n \u0130yi Ya\u015fam\u0131 \u0130\u00e7in Biraraday\u0131z\",\"publisher\":{\"@id\":\"https:\\\/\\\/anadolupet.com.tr\\\/#organization\"},\"potentialAction\":[{\"@type\":\"SearchAction\",\"target\":{\"@type\":\"EntryPoint\",\"urlTemplate\":\"https:\\\/\\\/anadolupet.com.tr\\\/?s={search_term_string}\"},\"query-input\":{\"@type\":\"PropertyValueSpecification\",\"valueRequired\":true,\"valueName\":\"search_term_string\"}}],\"inLanguage\":\"en-US\"},{\"@type\":\"Organization\",\"@id\":\"https:\\\/\\\/anadolupet.com.tr\\\/#organization\",\"name\":\"Anadolu Pet Grup\",\"alternateName\":\"Anadolu Pet\",\"url\":\"https:\\\/\\\/anadolupet.com.tr\\\/\",\"logo\":{\"@type\":\"ImageObject\",\"inLanguage\":\"en-US\",\"@id\":\"https:\\\/\\\/anadolupet.com.tr\\\/#\\\/schema\\\/logo\\\/image\\\/\",\"url\":\"https:\\\/\\\/anadolupet.com.tr\\\/wp-content\\\/uploads\\\/2026\\\/03\\\/1614666743370.jpg\",\"contentUrl\":\"https:\\\/\\\/anadolupet.com.tr\\\/wp-content\\\/uploads\\\/2026\\\/03\\\/1614666743370.jpg\",\"width\":800,\"height\":571,\"caption\":\"Anadolu Pet Grup\"},\"image\":{\"@id\":\"https:\\\/\\\/anadolupet.com.tr\\\/#\\\/schema\\\/logo\\\/image\\\/\"}}]}<\/script>\n<!-- \/ Yoast SEO plugin. -->","yoast_head_json":{"title":"Moderna Aristo A\u00e7\u0131k Kedi Tuvaleti Sar\u0131 -42CM - Anadolu Pet Grup","robots":{"index":"index","follow":"follow","max-snippet":"max-snippet:-1","max-image-preview":"max-image-preview:large","max-video-preview":"max-video-preview:-1"},"canonical":"https:\/\/anadolupet.com.tr\/en\/product\/moderna-aristo-acik-kedi-tuvaleti-sari-42cm\/","og_locale":"en_US","og_type":"article","og_title":"Moderna Aristo A\u00e7\u0131k Kedi Tuvaleti Sar\u0131 -42CM - Anadolu Pet Grup","og_description":"Pratik, \u015f\u0131k ve hijyenik kullan\u0131m! Aristo A\u00e7\u0131k Kedi Tuvaleti, \u00e7\u0131kar\u0131labilir kenarl\u0131\u011f\u0131 ve ergonomik tasar\u0131m\u0131yla kediniz i\u00e7in rahat bir kullan\u0131m sunar. Rengiyle modern bir g\u00f6r\u00fcn\u00fcm kazand\u0131r\u0131rken, dayan\u0131kl\u0131 yap\u0131s\u0131 sayesinde uzun \u00f6m\u00fcrl\u00fc kullan\u0131m sa\u011flar. \ud83d\udc3e \u00d6ne \u00c7\u0131kan \u00d6zellikler \u00c7\u0131kar\u0131labilir kenarl\u0131k \u2013 yavru kediler i\u00e7in kolay giri\u015f-\u00e7\u0131k\u0131\u015f imk\u00e2n\u0131 Yuvarlat\u0131lm\u0131\u015f kenarlar \u2013 g\u00fcvenli ve konforlu kullan\u0131m Farkl\u0131 boy se\u00e7enekleri \u2013 her \u0131rk i\u00e7in uygun alternatifler Kolay temizlik \u2013 \u0131l\u0131k sabunlu su ile h\u0131zl\u0131 ve zahmetsiz temizlik Dayan\u0131kl\u0131 plastik malzeme \u2013 uzun s\u00fcreli kullan\u0131m i\u00e7in \u00fcst\u00fcn kalite Kum da\u011f\u0131lmas\u0131n\u0131 \u00f6nleyen tasar\u0131m \u2013 \u00e7evredeki alan\u0131 temiz ve d\u00fczenli tutar \ud83d\udccf \u00dcr\u00fcn \u00d6l\u00e7\u00fcleri En: 30,9 cm Boy: 43 cm Y\u00fckseklik: 12,3 cm","og_url":"https:\/\/anadolupet.com.tr\/en\/product\/moderna-aristo-acik-kedi-tuvaleti-sari-42cm\/","og_site_name":"Anadolu Pet Grup","article_modified_time":"2026-02-23T12:51:25+00:00","og_image":[{"width":750,"height":750,"url":"https:\/\/anadolupet.com.tr\/wp-content\/uploads\/2026\/02\/242-C132-329.jpg","type":"image\/jpeg"}],"twitter_card":"summary_large_image","schema":{"@context":"https:\/\/schema.org","@graph":[{"@type":"WebPage","@id":"https:\/\/anadolupet.com.tr\/urun\/moderna-aristo-acik-kedi-tuvaleti-sari-42cm\/","url":"https:\/\/anadolupet.com.tr\/urun\/moderna-aristo-acik-kedi-tuvaleti-sari-42cm\/","name":"Moderna Aristo A\u00e7\u0131k Kedi Tuvaleti Sar\u0131 -42CM - Anadolu Pet Grup","isPartOf":{"@id":"https:\/\/anadolupet.com.tr\/#website"},"primaryImageOfPage":{"@id":"https:\/\/anadolupet.com.tr\/urun\/moderna-aristo-acik-kedi-tuvaleti-sari-42cm\/#primaryimage"},"image":{"@id":"https:\/\/anadolupet.com.tr\/urun\/moderna-aristo-acik-kedi-tuvaleti-sari-42cm\/#primaryimage"},"thumbnailUrl":"https:\/\/anadolupet.com.tr\/wp-content\/uploads\/2026\/02\/242-C132-329.jpg","datePublished":"2026-02-14T14:44:35+00:00","dateModified":"2026-02-23T12:51:25+00:00","breadcrumb":{"@id":"https:\/\/anadolupet.com.tr\/urun\/moderna-aristo-acik-kedi-tuvaleti-sari-42cm\/#breadcrumb"},"inLanguage":"en-US","potentialAction":[{"@type":"ReadAction","target":["https:\/\/anadolupet.com.tr\/urun\/moderna-aristo-acik-kedi-tuvaleti-sari-42cm\/"]}]},{"@type":"ImageObject","inLanguage":"en-US","@id":"https:\/\/anadolupet.com.tr\/urun\/moderna-aristo-acik-kedi-tuvaleti-sari-42cm\/#primaryimage","url":"https:\/\/anadolupet.com.tr\/wp-content\/uploads\/2026\/02\/242-C132-329.jpg","contentUrl":"https:\/\/anadolupet.com.tr\/wp-content\/uploads\/2026\/02\/242-C132-329.jpg","width":750,"height":750},{"@type":"BreadcrumbList","@id":"https:\/\/anadolupet.com.tr\/urun\/moderna-aristo-acik-kedi-tuvaleti-sari-42cm\/#breadcrumb","itemListElement":[{"@type":"ListItem","position":1,"name":"Anasayfa","item":"https:\/\/anadolupet.com.tr\/"},{"@type":"ListItem","position":2,"name":"\u00dcr\u00fcnler","item":"https:\/\/anadolupet.com.tr\/urunler\/"},{"@type":"ListItem","position":3,"name":"Moderna Aristo A\u00e7\u0131k Kedi Tuvaleti Sar\u0131 -42CM"}]},{"@type":"WebSite","@id":"https:\/\/anadolupet.com.tr\/#website","url":"https:\/\/anadolupet.com.tr\/","name":"Anadolu Pet Group","description":"We Stand Together for the Well-Being of Every Life","publisher":{"@id":"https:\/\/anadolupet.com.tr\/#organization"},"potentialAction":[{"@type":"SearchAction","target":{"@type":"EntryPoint","urlTemplate":"https:\/\/anadolupet.com.tr\/?s={search_term_string}"},"query-input":{"@type":"PropertyValueSpecification","valueRequired":true,"valueName":"search_term_string"}}],"inLanguage":"en-US"},{"@type":"Organization","@id":"https:\/\/anadolupet.com.tr\/#organization","name":"Anadolu Pet Group","alternateName":"Anadolu Pet","url":"https:\/\/anadolupet.com.tr\/","logo":{"@type":"ImageObject","inLanguage":"en-US","@id":"https:\/\/anadolupet.com.tr\/#\/schema\/logo\/image\/","url":"https:\/\/anadolupet.com.tr\/wp-content\/uploads\/2026\/03\/1614666743370.jpg","contentUrl":"https:\/\/anadolupet.com.tr\/wp-content\/uploads\/2026\/03\/1614666743370.jpg","width":800,"height":571,"caption":"Anadolu Pet Grup"},"image":{"@id":"https:\/\/anadolupet.com.tr\/#\/schema\/logo\/image\/"}}]}},"_links":{"self":[{"href":"https:\/\/anadolupet.com.tr\/en\/wp-json\/wp\/v2\/product\/45758","targetHints":{"allow":["GET"]}}],"collection":[{"href":"https:\/\/anadolupet.com.tr\/en\/wp-json\/wp\/v2\/product"}],"about":[{"href":"https:\/\/anadolupet.com.tr\/en\/wp-json\/wp\/v2\/types\/product"}],"replies":[{"embeddable":true,"href":"https:\/\/anadolupet.com.tr\/en\/wp-json\/wp\/v2\/comments?post=45758"}],"wp:featuredmedia":[{"embeddable":true,"href":"https:\/\/anadolupet.com.tr\/en\/wp-json\/wp\/v2\/media\/43467"}],"wp:attachment":[{"href":"https:\/\/anadolupet.com.tr\/en\/wp-json\/wp\/v2\/media?parent=45758"}],"wp:term":[{"taxonomy":"product_brand","embeddable":true,"href":"https:\/\/anadolupet.com.tr\/en\/wp-json\/wp\/v2\/product_brand?post=45758"},{"taxonomy":"product_cat","embeddable":true,"href":"https:\/\/anadolupet.com.tr\/en\/wp-json\/wp\/v2\/product_cat?post=45758"},{"taxonomy":"product_tag","embeddable":true,"href":"https:\/\/anadolupet.com.tr\/en\/wp-json\/wp\/v2\/product_tag?post=45758"}],"curies":[{"name":"wp","href":"https:\/\/api.w.org\/{rel}","templated":true}]}}