{"id":45785,"date":"2026-02-14T14:44:40","date_gmt":"2026-02-14T14:44:40","guid":{"rendered":"https:\/\/anadolupet.com.tr\/?post_type=product&#038;p=45785"},"modified":"2026-02-23T12:51:26","modified_gmt":"2026-02-23T12:51:26","slug":"moderna-cat-concept-tirmalamali-kapali-kedi-tuvaleti-gri","status":"publish","type":"product","link":"https:\/\/anadolupet.com.tr\/en\/urun\/moderna-cat-concept-tirmalamali-kapali-kedi-tuvaleti-gri\/","title":{"rendered":"Moderna Cat Concept T\u0131rmalamal\u0131 Kapal\u0131 Kedi Tuvaleti &#8211; Gri"},"content":{"rendered":"","protected":false},"excerpt":{"rendered":"<p>Cat Concept With Cushion \u2013 3\u2019\u00fc 1 Arada Kedi Konsepti<br \/>\nTuvalet, yatak ve oyun alan\u0131 bir arada! Cat Concept With Cushion, kedinizin ihtiya\u00e7lar\u0131n\u0131 tek bir \u00fcr\u00fcnde bulu\u015fturan yenilik\u00e7i tasar\u0131m\u0131yla \u00f6ne \u00e7\u0131k\u0131yor. Hem tuvalet kab\u0131, hem yatak hem de oyun alan\u0131 olarak kullan\u0131labilen bu \u00e7ok y\u00f6nl\u00fc \u00fcr\u00fcn, kedinizin g\u00fcnl\u00fck rutinini daha keyifli hale getiriyor.<br \/>\n\ud83d\udc3e \u00d6ne \u00c7\u0131kan \u00d6zellikler<br \/>\n3\u2019\u00fc 1 arada tasar\u0131m \u2013 tuvalet, yatak ve oyun alan\u0131<br \/>\nYar\u0131 \u015feffaf kap\u0131 \u2013 kediniz i\u00e7in gizlilik ve konfor<br \/>\nDayan\u0131kl\u0131 premium plastik \u2013 uzun \u00f6m\u00fcrl\u00fc kullan\u0131m, %100 geri d\u00f6n\u00fc\u015ft\u00fcr\u00fclebilir<br \/>\nKolay temizlik \u2013 \u00fcst ve alt par\u00e7alar ayr\u0131labilir, \u0131l\u0131k sabunlu su ile temizlenebilir<br \/>\nMakinede y\u0131kanabilir minder \u2013 hijyenik ve pratik kullan\u0131m<br \/>\nAktif karbon filtre \u2013 k\u00f6t\u00fc kokular\u0131 azalt\u0131r<br \/>\nKarton oyuncak ve t\u0131rmalama dire\u011fi \u2013 kediniz i\u00e7in e\u011flenceli oyun alan\u0131<br \/>\nT\u0131rmalama dire\u011fi yedekleri \u2013 kolayca yenilenebilir<br \/>\nDahil edilen k\u00fcrek \u2013 temizlik s\u00fcresini minimuma indirir<br \/>\nRenkli ta\u015f\u0131ma kutusu \u2013 kolay kurulum i\u00e7in detayl\u0131 talimatlarla birlikte gelir<br \/>\nCat Concept, yenilik\u00e7i tasar\u0131m\u0131 sayesinde kedinizin hem oyun oynayabilece\u011fi hem dinlenebilece\u011fi hem de tuvalet ihtiyac\u0131n\u0131 kar\u015f\u0131layabilece\u011fi \u00e7ok y\u00f6nl\u00fc bir \u00e7\u00f6z\u00fcm sunar.<br \/>\n\ud83d\udccf \u00dcr\u00fcn \u00d6l\u00e7\u00fcleri 57.4 x 44.8 x 42.7 cm<\/p>","protected":false},"featured_media":43499,"comment_status":"open","ping_status":"closed","template":"","meta":{"_acf_changed":false},"product_brand":[],"product_cat":[2430],"product_tag":[],"class_list":{"0":"post-45785","1":"product","2":"type-product","3":"status-publish","4":"has-post-thumbnail","6":"product_cat-kedi-tuvaletleri","8":"first","9":"instock","10":"shipping-taxable","11":"product-type-simple"},"acf":[],"yoast_head":"<!-- This site is optimized with the Yoast SEO plugin v27.4 - https:\/\/yoast.com\/product\/yoast-seo-wordpress\/ -->\n<title>Moderna Cat Concept T\u0131rmalamal\u0131 Kapal\u0131 Kedi Tuvaleti - Gri - Anadolu Pet Grup<\/title>\n<meta name=\"robots\" content=\"index, follow, max-snippet:-1, max-image-preview:large, max-video-preview:-1\" \/>\n<link rel=\"canonical\" href=\"https:\/\/anadolupet.com.tr\/en\/product\/moderna-cat-concept-tirmalamali-kapali-kedi-tuvaleti-gri\/\" \/>\n<meta property=\"og:locale\" content=\"en_US\" \/>\n<meta property=\"og:type\" content=\"article\" \/>\n<meta property=\"og:title\" content=\"Moderna Cat Concept T\u0131rmalamal\u0131 Kapal\u0131 Kedi Tuvaleti - Gri - Anadolu Pet Grup\" \/>\n<meta property=\"og:description\" content=\"Cat Concept With Cushion \u2013 3\u2019\u00fc 1 Arada Kedi Konsepti Tuvalet, yatak ve oyun alan\u0131 bir arada! Cat Concept With Cushion, kedinizin ihtiya\u00e7lar\u0131n\u0131 tek bir \u00fcr\u00fcnde bulu\u015fturan yenilik\u00e7i tasar\u0131m\u0131yla \u00f6ne \u00e7\u0131k\u0131yor. Hem tuvalet kab\u0131, hem yatak hem de oyun alan\u0131 olarak kullan\u0131labilen bu \u00e7ok y\u00f6nl\u00fc \u00fcr\u00fcn, kedinizin g\u00fcnl\u00fck rutinini daha keyifli hale getiriyor. \ud83d\udc3e \u00d6ne \u00c7\u0131kan \u00d6zellikler 3\u2019\u00fc 1 arada tasar\u0131m \u2013 tuvalet, yatak ve oyun alan\u0131 Yar\u0131 \u015feffaf kap\u0131 \u2013 kediniz i\u00e7in gizlilik ve konfor Dayan\u0131kl\u0131 premium plastik \u2013 uzun \u00f6m\u00fcrl\u00fc kullan\u0131m, %100 geri d\u00f6n\u00fc\u015ft\u00fcr\u00fclebilir Kolay temizlik \u2013 \u00fcst ve alt par\u00e7alar ayr\u0131labilir, \u0131l\u0131k sabunlu su ile temizlenebilir Makinede y\u0131kanabilir minder \u2013 hijyenik ve pratik kullan\u0131m Aktif karbon filtre \u2013 k\u00f6t\u00fc kokular\u0131 azalt\u0131r Karton oyuncak ve t\u0131rmalama dire\u011fi \u2013 kediniz i\u00e7in e\u011flenceli oyun alan\u0131 T\u0131rmalama dire\u011fi yedekleri \u2013 kolayca yenilenebilir Dahil edilen k\u00fcrek \u2013 temizlik s\u00fcresini minimuma indirir Renkli ta\u015f\u0131ma kutusu \u2013 kolay kurulum i\u00e7in detayl\u0131 talimatlarla birlikte gelir Cat Concept, yenilik\u00e7i tasar\u0131m\u0131 sayesinde kedinizin hem oyun oynayabilece\u011fi hem dinlenebilece\u011fi hem de tuvalet ihtiyac\u0131n\u0131 kar\u015f\u0131layabilece\u011fi \u00e7ok y\u00f6nl\u00fc bir \u00e7\u00f6z\u00fcm sunar. \ud83d\udccf \u00dcr\u00fcn \u00d6l\u00e7\u00fcleri 57.4 x 44.8 x 42.7 cm\" \/>\n<meta property=\"og:url\" content=\"https:\/\/anadolupet.com.tr\/en\/product\/moderna-cat-concept-tirmalamali-kapali-kedi-tuvaleti-gri\/\" \/>\n<meta property=\"og:site_name\" content=\"Anadolu Pet Grup\" \/>\n<meta property=\"article:modified_time\" content=\"2026-02-23T12:51:26+00:00\" \/>\n<meta property=\"og:image\" content=\"https:\/\/anadolupet.com.tr\/wp-content\/uploads\/2026\/02\/242-C802-026.jpg\" \/>\n\t<meta property=\"og:image:width\" content=\"750\" \/>\n\t<meta property=\"og:image:height\" content=\"750\" \/>\n\t<meta property=\"og:image:type\" content=\"image\/jpeg\" \/>\n<meta name=\"twitter:card\" content=\"summary_large_image\" \/>\n<script type=\"application\/ld+json\" class=\"yoast-schema-graph\">{\"@context\":\"https:\\\/\\\/schema.org\",\"@graph\":[{\"@type\":\"WebPage\",\"@id\":\"https:\\\/\\\/anadolupet.com.tr\\\/urun\\\/moderna-cat-concept-tirmalamali-kapali-kedi-tuvaleti-gri\\\/\",\"url\":\"https:\\\/\\\/anadolupet.com.tr\\\/urun\\\/moderna-cat-concept-tirmalamali-kapali-kedi-tuvaleti-gri\\\/\",\"name\":\"Moderna Cat Concept T\u0131rmalamal\u0131 Kapal\u0131 Kedi Tuvaleti - Gri - Anadolu Pet Grup\",\"isPartOf\":{\"@id\":\"https:\\\/\\\/anadolupet.com.tr\\\/#website\"},\"primaryImageOfPage\":{\"@id\":\"https:\\\/\\\/anadolupet.com.tr\\\/urun\\\/moderna-cat-concept-tirmalamali-kapali-kedi-tuvaleti-gri\\\/#primaryimage\"},\"image\":{\"@id\":\"https:\\\/\\\/anadolupet.com.tr\\\/urun\\\/moderna-cat-concept-tirmalamali-kapali-kedi-tuvaleti-gri\\\/#primaryimage\"},\"thumbnailUrl\":\"https:\\\/\\\/anadolupet.com.tr\\\/wp-content\\\/uploads\\\/2026\\\/02\\\/242-C802-026.jpg\",\"datePublished\":\"2026-02-14T14:44:40+00:00\",\"dateModified\":\"2026-02-23T12:51:26+00:00\",\"breadcrumb\":{\"@id\":\"https:\\\/\\\/anadolupet.com.tr\\\/urun\\\/moderna-cat-concept-tirmalamali-kapali-kedi-tuvaleti-gri\\\/#breadcrumb\"},\"inLanguage\":\"en-US\",\"potentialAction\":[{\"@type\":\"ReadAction\",\"target\":[\"https:\\\/\\\/anadolupet.com.tr\\\/urun\\\/moderna-cat-concept-tirmalamali-kapali-kedi-tuvaleti-gri\\\/\"]}]},{\"@type\":\"ImageObject\",\"inLanguage\":\"en-US\",\"@id\":\"https:\\\/\\\/anadolupet.com.tr\\\/urun\\\/moderna-cat-concept-tirmalamali-kapali-kedi-tuvaleti-gri\\\/#primaryimage\",\"url\":\"https:\\\/\\\/anadolupet.com.tr\\\/wp-content\\\/uploads\\\/2026\\\/02\\\/242-C802-026.jpg\",\"contentUrl\":\"https:\\\/\\\/anadolupet.com.tr\\\/wp-content\\\/uploads\\\/2026\\\/02\\\/242-C802-026.jpg\",\"width\":750,\"height\":750},{\"@type\":\"BreadcrumbList\",\"@id\":\"https:\\\/\\\/anadolupet.com.tr\\\/urun\\\/moderna-cat-concept-tirmalamali-kapali-kedi-tuvaleti-gri\\\/#breadcrumb\",\"itemListElement\":[{\"@type\":\"ListItem\",\"position\":1,\"name\":\"Anasayfa\",\"item\":\"https:\\\/\\\/anadolupet.com.tr\\\/\"},{\"@type\":\"ListItem\",\"position\":2,\"name\":\"\u00dcr\u00fcnler\",\"item\":\"https:\\\/\\\/anadolupet.com.tr\\\/urunler\\\/\"},{\"@type\":\"ListItem\",\"position\":3,\"name\":\"Moderna Cat Concept T\u0131rmalamal\u0131 Kapal\u0131 Kedi Tuvaleti &#8211; Gri\"}]},{\"@type\":\"WebSite\",\"@id\":\"https:\\\/\\\/anadolupet.com.tr\\\/#website\",\"url\":\"https:\\\/\\\/anadolupet.com.tr\\\/\",\"name\":\"Anadolu Pet Grup\",\"description\":\"Her Can\u0131n \u0130yi Ya\u015fam\u0131 \u0130\u00e7in Biraraday\u0131z\",\"publisher\":{\"@id\":\"https:\\\/\\\/anadolupet.com.tr\\\/#organization\"},\"potentialAction\":[{\"@type\":\"SearchAction\",\"target\":{\"@type\":\"EntryPoint\",\"urlTemplate\":\"https:\\\/\\\/anadolupet.com.tr\\\/?s={search_term_string}\"},\"query-input\":{\"@type\":\"PropertyValueSpecification\",\"valueRequired\":true,\"valueName\":\"search_term_string\"}}],\"inLanguage\":\"en-US\"},{\"@type\":\"Organization\",\"@id\":\"https:\\\/\\\/anadolupet.com.tr\\\/#organization\",\"name\":\"Anadolu Pet Grup\",\"alternateName\":\"Anadolu Pet\",\"url\":\"https:\\\/\\\/anadolupet.com.tr\\\/\",\"logo\":{\"@type\":\"ImageObject\",\"inLanguage\":\"en-US\",\"@id\":\"https:\\\/\\\/anadolupet.com.tr\\\/#\\\/schema\\\/logo\\\/image\\\/\",\"url\":\"https:\\\/\\\/anadolupet.com.tr\\\/wp-content\\\/uploads\\\/2026\\\/03\\\/1614666743370.jpg\",\"contentUrl\":\"https:\\\/\\\/anadolupet.com.tr\\\/wp-content\\\/uploads\\\/2026\\\/03\\\/1614666743370.jpg\",\"width\":800,\"height\":571,\"caption\":\"Anadolu Pet Grup\"},\"image\":{\"@id\":\"https:\\\/\\\/anadolupet.com.tr\\\/#\\\/schema\\\/logo\\\/image\\\/\"}}]}<\/script>\n<!-- \/ Yoast SEO plugin. -->","yoast_head_json":{"title":"Moderna Cat Concept T\u0131rmalamal\u0131 Kapal\u0131 Kedi Tuvaleti - Gri - Anadolu Pet Grup","robots":{"index":"index","follow":"follow","max-snippet":"max-snippet:-1","max-image-preview":"max-image-preview:large","max-video-preview":"max-video-preview:-1"},"canonical":"https:\/\/anadolupet.com.tr\/en\/product\/moderna-cat-concept-tirmalamali-kapali-kedi-tuvaleti-gri\/","og_locale":"en_US","og_type":"article","og_title":"Moderna Cat Concept T\u0131rmalamal\u0131 Kapal\u0131 Kedi Tuvaleti - Gri - Anadolu Pet Grup","og_description":"Cat Concept With Cushion \u2013 3\u2019\u00fc 1 Arada Kedi Konsepti Tuvalet, yatak ve oyun alan\u0131 bir arada! Cat Concept With Cushion, kedinizin ihtiya\u00e7lar\u0131n\u0131 tek bir \u00fcr\u00fcnde bulu\u015fturan yenilik\u00e7i tasar\u0131m\u0131yla \u00f6ne \u00e7\u0131k\u0131yor. Hem tuvalet kab\u0131, hem yatak hem de oyun alan\u0131 olarak kullan\u0131labilen bu \u00e7ok y\u00f6nl\u00fc \u00fcr\u00fcn, kedinizin g\u00fcnl\u00fck rutinini daha keyifli hale getiriyor. \ud83d\udc3e \u00d6ne \u00c7\u0131kan \u00d6zellikler 3\u2019\u00fc 1 arada tasar\u0131m \u2013 tuvalet, yatak ve oyun alan\u0131 Yar\u0131 \u015feffaf kap\u0131 \u2013 kediniz i\u00e7in gizlilik ve konfor Dayan\u0131kl\u0131 premium plastik \u2013 uzun \u00f6m\u00fcrl\u00fc kullan\u0131m, %100 geri d\u00f6n\u00fc\u015ft\u00fcr\u00fclebilir Kolay temizlik \u2013 \u00fcst ve alt par\u00e7alar ayr\u0131labilir, \u0131l\u0131k sabunlu su ile temizlenebilir Makinede y\u0131kanabilir minder \u2013 hijyenik ve pratik kullan\u0131m Aktif karbon filtre \u2013 k\u00f6t\u00fc kokular\u0131 azalt\u0131r Karton oyuncak ve t\u0131rmalama dire\u011fi \u2013 kediniz i\u00e7in e\u011flenceli oyun alan\u0131 T\u0131rmalama dire\u011fi yedekleri \u2013 kolayca yenilenebilir Dahil edilen k\u00fcrek \u2013 temizlik s\u00fcresini minimuma indirir Renkli ta\u015f\u0131ma kutusu \u2013 kolay kurulum i\u00e7in detayl\u0131 talimatlarla birlikte gelir Cat Concept, yenilik\u00e7i tasar\u0131m\u0131 sayesinde kedinizin hem oyun oynayabilece\u011fi hem dinlenebilece\u011fi hem de tuvalet ihtiyac\u0131n\u0131 kar\u015f\u0131layabilece\u011fi \u00e7ok y\u00f6nl\u00fc bir \u00e7\u00f6z\u00fcm sunar. \ud83d\udccf \u00dcr\u00fcn \u00d6l\u00e7\u00fcleri 57.4 x 44.8 x 42.7 cm","og_url":"https:\/\/anadolupet.com.tr\/en\/product\/moderna-cat-concept-tirmalamali-kapali-kedi-tuvaleti-gri\/","og_site_name":"Anadolu Pet Grup","article_modified_time":"2026-02-23T12:51:26+00:00","og_image":[{"width":750,"height":750,"url":"https:\/\/anadolupet.com.tr\/wp-content\/uploads\/2026\/02\/242-C802-026.jpg","type":"image\/jpeg"}],"twitter_card":"summary_large_image","schema":{"@context":"https:\/\/schema.org","@graph":[{"@type":"WebPage","@id":"https:\/\/anadolupet.com.tr\/urun\/moderna-cat-concept-tirmalamali-kapali-kedi-tuvaleti-gri\/","url":"https:\/\/anadolupet.com.tr\/urun\/moderna-cat-concept-tirmalamali-kapali-kedi-tuvaleti-gri\/","name":"Moderna Cat Concept T\u0131rmalamal\u0131 Kapal\u0131 Kedi Tuvaleti - Gri - Anadolu Pet Grup","isPartOf":{"@id":"https:\/\/anadolupet.com.tr\/#website"},"primaryImageOfPage":{"@id":"https:\/\/anadolupet.com.tr\/urun\/moderna-cat-concept-tirmalamali-kapali-kedi-tuvaleti-gri\/#primaryimage"},"image":{"@id":"https:\/\/anadolupet.com.tr\/urun\/moderna-cat-concept-tirmalamali-kapali-kedi-tuvaleti-gri\/#primaryimage"},"thumbnailUrl":"https:\/\/anadolupet.com.tr\/wp-content\/uploads\/2026\/02\/242-C802-026.jpg","datePublished":"2026-02-14T14:44:40+00:00","dateModified":"2026-02-23T12:51:26+00:00","breadcrumb":{"@id":"https:\/\/anadolupet.com.tr\/urun\/moderna-cat-concept-tirmalamali-kapali-kedi-tuvaleti-gri\/#breadcrumb"},"inLanguage":"en-US","potentialAction":[{"@type":"ReadAction","target":["https:\/\/anadolupet.com.tr\/urun\/moderna-cat-concept-tirmalamali-kapali-kedi-tuvaleti-gri\/"]}]},{"@type":"ImageObject","inLanguage":"en-US","@id":"https:\/\/anadolupet.com.tr\/urun\/moderna-cat-concept-tirmalamali-kapali-kedi-tuvaleti-gri\/#primaryimage","url":"https:\/\/anadolupet.com.tr\/wp-content\/uploads\/2026\/02\/242-C802-026.jpg","contentUrl":"https:\/\/anadolupet.com.tr\/wp-content\/uploads\/2026\/02\/242-C802-026.jpg","width":750,"height":750},{"@type":"BreadcrumbList","@id":"https:\/\/anadolupet.com.tr\/urun\/moderna-cat-concept-tirmalamali-kapali-kedi-tuvaleti-gri\/#breadcrumb","itemListElement":[{"@type":"ListItem","position":1,"name":"Anasayfa","item":"https:\/\/anadolupet.com.tr\/"},{"@type":"ListItem","position":2,"name":"\u00dcr\u00fcnler","item":"https:\/\/anadolupet.com.tr\/urunler\/"},{"@type":"ListItem","position":3,"name":"Moderna Cat Concept T\u0131rmalamal\u0131 Kapal\u0131 Kedi Tuvaleti &#8211; Gri"}]},{"@type":"WebSite","@id":"https:\/\/anadolupet.com.tr\/#website","url":"https:\/\/anadolupet.com.tr\/","name":"Anadolu Pet Group","description":"We Stand Together for the Well-Being of Every Life","publisher":{"@id":"https:\/\/anadolupet.com.tr\/#organization"},"potentialAction":[{"@type":"SearchAction","target":{"@type":"EntryPoint","urlTemplate":"https:\/\/anadolupet.com.tr\/?s={search_term_string}"},"query-input":{"@type":"PropertyValueSpecification","valueRequired":true,"valueName":"search_term_string"}}],"inLanguage":"en-US"},{"@type":"Organization","@id":"https:\/\/anadolupet.com.tr\/#organization","name":"Anadolu Pet Group","alternateName":"Anadolu Pet","url":"https:\/\/anadolupet.com.tr\/","logo":{"@type":"ImageObject","inLanguage":"en-US","@id":"https:\/\/anadolupet.com.tr\/#\/schema\/logo\/image\/","url":"https:\/\/anadolupet.com.tr\/wp-content\/uploads\/2026\/03\/1614666743370.jpg","contentUrl":"https:\/\/anadolupet.com.tr\/wp-content\/uploads\/2026\/03\/1614666743370.jpg","width":800,"height":571,"caption":"Anadolu Pet Grup"},"image":{"@id":"https:\/\/anadolupet.com.tr\/#\/schema\/logo\/image\/"}}]}},"_links":{"self":[{"href":"https:\/\/anadolupet.com.tr\/en\/wp-json\/wp\/v2\/product\/45785","targetHints":{"allow":["GET"]}}],"collection":[{"href":"https:\/\/anadolupet.com.tr\/en\/wp-json\/wp\/v2\/product"}],"about":[{"href":"https:\/\/anadolupet.com.tr\/en\/wp-json\/wp\/v2\/types\/product"}],"replies":[{"embeddable":true,"href":"https:\/\/anadolupet.com.tr\/en\/wp-json\/wp\/v2\/comments?post=45785"}],"wp:featuredmedia":[{"embeddable":true,"href":"https:\/\/anadolupet.com.tr\/en\/wp-json\/wp\/v2\/media\/43499"}],"wp:attachment":[{"href":"https:\/\/anadolupet.com.tr\/en\/wp-json\/wp\/v2\/media?parent=45785"}],"wp:term":[{"taxonomy":"product_brand","embeddable":true,"href":"https:\/\/anadolupet.com.tr\/en\/wp-json\/wp\/v2\/product_brand?post=45785"},{"taxonomy":"product_cat","embeddable":true,"href":"https:\/\/anadolupet.com.tr\/en\/wp-json\/wp\/v2\/product_cat?post=45785"},{"taxonomy":"product_tag","embeddable":true,"href":"https:\/\/anadolupet.com.tr\/en\/wp-json\/wp\/v2\/product_tag?post=45785"}],"curies":[{"name":"wp","href":"https:\/\/api.w.org\/{rel}","templated":true}]}}