{"id":45786,"date":"2026-02-14T14:44:40","date_gmt":"2026-02-14T14:44:40","guid":{"rendered":"https:\/\/anadolupet.com.tr\/?post_type=product&#038;p=45786"},"modified":"2026-02-23T12:51:26","modified_gmt":"2026-02-23T12:51:26","slug":"moderna-doonut-minderli-kedi-evi","status":"publish","type":"product","link":"https:\/\/anadolupet.com.tr\/en\/urun\/moderna-doonut-minderli-kedi-evi\/","title":{"rendered":"Moderna Doonut Minderli Kedi Evi"},"content":{"rendered":"","protected":false},"excerpt":{"rendered":"<p>Doonut \u2013 Kedi ve K\u00fc\u00e7\u00fck K\u00f6pekler i\u00e7in Yatak<br \/>\n\u015e\u0131kl\u0131k ve konfor bir arada! Doonut, hem estetik hem de fonksiyonel bir saklanma ve dinlenme alan\u0131 sunar. Kediler ve k\u00fc\u00e7\u00fck k\u00f6pekler i\u00e7in m\u00fckemmel bir uyku noktas\u0131 olan bu \u00f6zel tasar\u0131m, modern evlere zarif bir dokunu\u015f katar.<br \/>\n\u00d6ne \u00c7\u0131kan \u00d6zellikler<br \/>\n\u015e\u0131k ve fonksiyonel tasar\u0131m: hem dekoratif hem kullan\u0131\u015fl\u0131<br \/>\nKediler ve k\u00fc\u00e7\u00fck k\u00f6pekler i\u00e7in ideal saklanma ve dinlenme alan\u0131<br \/>\nKaymaz ve dengeli taban, devrilmeyi \u00f6nler<br \/>\nS\u00fcper yumu\u015fak, y\u0131kanabilir minder ile ekstra konfor<br \/>\nKolay montaj, talimat videosu mevcut<br \/>\nIl\u0131k sabunlu su ile kolay temizlik<br \/>\nPremium plastik malzeme, uzun \u00f6m\u00fcrl\u00fc ve dayan\u0131kl\u0131 kullan\u0131m<br \/>\nDoonut, evcil dostunuza huzurlu bir uyku ortam\u0131 sunarken evinize modern bir g\u00f6r\u00fcn\u00fcm kazand\u0131r\u0131r. Hem pratik hem de \u015f\u0131k yap\u0131s\u0131yla g\u00fcnl\u00fck kullan\u0131mda vazge\u00e7ilmez bir \u00fcr\u00fcn.<br \/>\n\u00dcr\u00fcn \u00d6l\u00e7\u00fcleri 48.4 x 48.4 x 26.3 cm<\/p>","protected":false},"featured_media":43498,"comment_status":"open","ping_status":"closed","template":"","meta":{"_acf_changed":false},"product_brand":[],"product_cat":[2440],"product_tag":[],"class_list":{"0":"post-45786","1":"product","2":"type-product","3":"status-publish","4":"has-post-thumbnail","6":"product_cat-yataklar","8":"first","9":"instock","10":"shipping-taxable","11":"product-type-simple"},"acf":[],"yoast_head":"<!-- This site is optimized with the Yoast SEO plugin v27.4 - https:\/\/yoast.com\/product\/yoast-seo-wordpress\/ -->\n<title>Moderna Doonut Minderli Kedi Evi - Anadolu Pet Grup<\/title>\n<meta name=\"robots\" content=\"index, follow, max-snippet:-1, max-image-preview:large, max-video-preview:-1\" \/>\n<link rel=\"canonical\" href=\"https:\/\/anadolupet.com.tr\/en\/product\/moderna-doonut-minderli-kedi-evi\/\" \/>\n<meta property=\"og:locale\" content=\"en_US\" \/>\n<meta property=\"og:type\" content=\"article\" \/>\n<meta property=\"og:title\" content=\"Moderna Doonut Minderli Kedi Evi - Anadolu Pet Grup\" \/>\n<meta property=\"og:description\" content=\"Doonut \u2013 Kedi ve K\u00fc\u00e7\u00fck K\u00f6pekler i\u00e7in Yatak \u015e\u0131kl\u0131k ve konfor bir arada! Doonut, hem estetik hem de fonksiyonel bir saklanma ve dinlenme alan\u0131 sunar. Kediler ve k\u00fc\u00e7\u00fck k\u00f6pekler i\u00e7in m\u00fckemmel bir uyku noktas\u0131 olan bu \u00f6zel tasar\u0131m, modern evlere zarif bir dokunu\u015f katar. \u00d6ne \u00c7\u0131kan \u00d6zellikler \u015e\u0131k ve fonksiyonel tasar\u0131m: hem dekoratif hem kullan\u0131\u015fl\u0131 Kediler ve k\u00fc\u00e7\u00fck k\u00f6pekler i\u00e7in ideal saklanma ve dinlenme alan\u0131 Kaymaz ve dengeli taban, devrilmeyi \u00f6nler S\u00fcper yumu\u015fak, y\u0131kanabilir minder ile ekstra konfor Kolay montaj, talimat videosu mevcut Il\u0131k sabunlu su ile kolay temizlik Premium plastik malzeme, uzun \u00f6m\u00fcrl\u00fc ve dayan\u0131kl\u0131 kullan\u0131m Doonut, evcil dostunuza huzurlu bir uyku ortam\u0131 sunarken evinize modern bir g\u00f6r\u00fcn\u00fcm kazand\u0131r\u0131r. Hem pratik hem de \u015f\u0131k yap\u0131s\u0131yla g\u00fcnl\u00fck kullan\u0131mda vazge\u00e7ilmez bir \u00fcr\u00fcn. \u00dcr\u00fcn \u00d6l\u00e7\u00fcleri 48.4 x 48.4 x 26.3 cm\" \/>\n<meta property=\"og:url\" content=\"https:\/\/anadolupet.com.tr\/en\/product\/moderna-doonut-minderli-kedi-evi\/\" \/>\n<meta property=\"og:site_name\" content=\"Anadolu Pet Grup\" \/>\n<meta property=\"article:modified_time\" content=\"2026-02-23T12:51:26+00:00\" \/>\n<meta property=\"og:image\" content=\"https:\/\/anadolupet.com.tr\/wp-content\/uploads\/2026\/02\/242-C500-027.jpg\" \/>\n\t<meta property=\"og:image:width\" content=\"750\" \/>\n\t<meta property=\"og:image:height\" content=\"750\" \/>\n\t<meta property=\"og:image:type\" content=\"image\/jpeg\" \/>\n<meta name=\"twitter:card\" content=\"summary_large_image\" \/>\n<script type=\"application\/ld+json\" class=\"yoast-schema-graph\">{\"@context\":\"https:\\\/\\\/schema.org\",\"@graph\":[{\"@type\":\"WebPage\",\"@id\":\"https:\\\/\\\/anadolupet.com.tr\\\/urun\\\/moderna-doonut-minderli-kedi-evi\\\/\",\"url\":\"https:\\\/\\\/anadolupet.com.tr\\\/urun\\\/moderna-doonut-minderli-kedi-evi\\\/\",\"name\":\"Moderna Doonut Minderli Kedi Evi - Anadolu Pet Grup\",\"isPartOf\":{\"@id\":\"https:\\\/\\\/anadolupet.com.tr\\\/#website\"},\"primaryImageOfPage\":{\"@id\":\"https:\\\/\\\/anadolupet.com.tr\\\/urun\\\/moderna-doonut-minderli-kedi-evi\\\/#primaryimage\"},\"image\":{\"@id\":\"https:\\\/\\\/anadolupet.com.tr\\\/urun\\\/moderna-doonut-minderli-kedi-evi\\\/#primaryimage\"},\"thumbnailUrl\":\"https:\\\/\\\/anadolupet.com.tr\\\/wp-content\\\/uploads\\\/2026\\\/02\\\/242-C500-027.jpg\",\"datePublished\":\"2026-02-14T14:44:40+00:00\",\"dateModified\":\"2026-02-23T12:51:26+00:00\",\"breadcrumb\":{\"@id\":\"https:\\\/\\\/anadolupet.com.tr\\\/urun\\\/moderna-doonut-minderli-kedi-evi\\\/#breadcrumb\"},\"inLanguage\":\"en-US\",\"potentialAction\":[{\"@type\":\"ReadAction\",\"target\":[\"https:\\\/\\\/anadolupet.com.tr\\\/urun\\\/moderna-doonut-minderli-kedi-evi\\\/\"]}]},{\"@type\":\"ImageObject\",\"inLanguage\":\"en-US\",\"@id\":\"https:\\\/\\\/anadolupet.com.tr\\\/urun\\\/moderna-doonut-minderli-kedi-evi\\\/#primaryimage\",\"url\":\"https:\\\/\\\/anadolupet.com.tr\\\/wp-content\\\/uploads\\\/2026\\\/02\\\/242-C500-027.jpg\",\"contentUrl\":\"https:\\\/\\\/anadolupet.com.tr\\\/wp-content\\\/uploads\\\/2026\\\/02\\\/242-C500-027.jpg\",\"width\":750,\"height\":750},{\"@type\":\"BreadcrumbList\",\"@id\":\"https:\\\/\\\/anadolupet.com.tr\\\/urun\\\/moderna-doonut-minderli-kedi-evi\\\/#breadcrumb\",\"itemListElement\":[{\"@type\":\"ListItem\",\"position\":1,\"name\":\"Anasayfa\",\"item\":\"https:\\\/\\\/anadolupet.com.tr\\\/\"},{\"@type\":\"ListItem\",\"position\":2,\"name\":\"\u00dcr\u00fcnler\",\"item\":\"https:\\\/\\\/anadolupet.com.tr\\\/urunler\\\/\"},{\"@type\":\"ListItem\",\"position\":3,\"name\":\"Moderna Doonut Minderli Kedi Evi\"}]},{\"@type\":\"WebSite\",\"@id\":\"https:\\\/\\\/anadolupet.com.tr\\\/#website\",\"url\":\"https:\\\/\\\/anadolupet.com.tr\\\/\",\"name\":\"Anadolu Pet Grup\",\"description\":\"Her Can\u0131n \u0130yi Ya\u015fam\u0131 \u0130\u00e7in Biraraday\u0131z\",\"publisher\":{\"@id\":\"https:\\\/\\\/anadolupet.com.tr\\\/#organization\"},\"potentialAction\":[{\"@type\":\"SearchAction\",\"target\":{\"@type\":\"EntryPoint\",\"urlTemplate\":\"https:\\\/\\\/anadolupet.com.tr\\\/?s={search_term_string}\"},\"query-input\":{\"@type\":\"PropertyValueSpecification\",\"valueRequired\":true,\"valueName\":\"search_term_string\"}}],\"inLanguage\":\"en-US\"},{\"@type\":\"Organization\",\"@id\":\"https:\\\/\\\/anadolupet.com.tr\\\/#organization\",\"name\":\"Anadolu Pet Grup\",\"alternateName\":\"Anadolu Pet\",\"url\":\"https:\\\/\\\/anadolupet.com.tr\\\/\",\"logo\":{\"@type\":\"ImageObject\",\"inLanguage\":\"en-US\",\"@id\":\"https:\\\/\\\/anadolupet.com.tr\\\/#\\\/schema\\\/logo\\\/image\\\/\",\"url\":\"https:\\\/\\\/anadolupet.com.tr\\\/wp-content\\\/uploads\\\/2026\\\/03\\\/1614666743370.jpg\",\"contentUrl\":\"https:\\\/\\\/anadolupet.com.tr\\\/wp-content\\\/uploads\\\/2026\\\/03\\\/1614666743370.jpg\",\"width\":800,\"height\":571,\"caption\":\"Anadolu Pet Grup\"},\"image\":{\"@id\":\"https:\\\/\\\/anadolupet.com.tr\\\/#\\\/schema\\\/logo\\\/image\\\/\"}}]}<\/script>\n<!-- \/ Yoast SEO plugin. -->","yoast_head_json":{"title":"Moderna Doonut Minderli Kedi Evi - Anadolu Pet Grup","robots":{"index":"index","follow":"follow","max-snippet":"max-snippet:-1","max-image-preview":"max-image-preview:large","max-video-preview":"max-video-preview:-1"},"canonical":"https:\/\/anadolupet.com.tr\/en\/product\/moderna-doonut-minderli-kedi-evi\/","og_locale":"en_US","og_type":"article","og_title":"Moderna Doonut Minderli Kedi Evi - Anadolu Pet Grup","og_description":"Doonut \u2013 Kedi ve K\u00fc\u00e7\u00fck K\u00f6pekler i\u00e7in Yatak \u015e\u0131kl\u0131k ve konfor bir arada! Doonut, hem estetik hem de fonksiyonel bir saklanma ve dinlenme alan\u0131 sunar. Kediler ve k\u00fc\u00e7\u00fck k\u00f6pekler i\u00e7in m\u00fckemmel bir uyku noktas\u0131 olan bu \u00f6zel tasar\u0131m, modern evlere zarif bir dokunu\u015f katar. \u00d6ne \u00c7\u0131kan \u00d6zellikler \u015e\u0131k ve fonksiyonel tasar\u0131m: hem dekoratif hem kullan\u0131\u015fl\u0131 Kediler ve k\u00fc\u00e7\u00fck k\u00f6pekler i\u00e7in ideal saklanma ve dinlenme alan\u0131 Kaymaz ve dengeli taban, devrilmeyi \u00f6nler S\u00fcper yumu\u015fak, y\u0131kanabilir minder ile ekstra konfor Kolay montaj, talimat videosu mevcut Il\u0131k sabunlu su ile kolay temizlik Premium plastik malzeme, uzun \u00f6m\u00fcrl\u00fc ve dayan\u0131kl\u0131 kullan\u0131m Doonut, evcil dostunuza huzurlu bir uyku ortam\u0131 sunarken evinize modern bir g\u00f6r\u00fcn\u00fcm kazand\u0131r\u0131r. Hem pratik hem de \u015f\u0131k yap\u0131s\u0131yla g\u00fcnl\u00fck kullan\u0131mda vazge\u00e7ilmez bir \u00fcr\u00fcn. \u00dcr\u00fcn \u00d6l\u00e7\u00fcleri 48.4 x 48.4 x 26.3 cm","og_url":"https:\/\/anadolupet.com.tr\/en\/product\/moderna-doonut-minderli-kedi-evi\/","og_site_name":"Anadolu Pet Grup","article_modified_time":"2026-02-23T12:51:26+00:00","og_image":[{"width":750,"height":750,"url":"https:\/\/anadolupet.com.tr\/wp-content\/uploads\/2026\/02\/242-C500-027.jpg","type":"image\/jpeg"}],"twitter_card":"summary_large_image","schema":{"@context":"https:\/\/schema.org","@graph":[{"@type":"WebPage","@id":"https:\/\/anadolupet.com.tr\/urun\/moderna-doonut-minderli-kedi-evi\/","url":"https:\/\/anadolupet.com.tr\/urun\/moderna-doonut-minderli-kedi-evi\/","name":"Moderna Doonut Minderli Kedi Evi - Anadolu Pet Grup","isPartOf":{"@id":"https:\/\/anadolupet.com.tr\/#website"},"primaryImageOfPage":{"@id":"https:\/\/anadolupet.com.tr\/urun\/moderna-doonut-minderli-kedi-evi\/#primaryimage"},"image":{"@id":"https:\/\/anadolupet.com.tr\/urun\/moderna-doonut-minderli-kedi-evi\/#primaryimage"},"thumbnailUrl":"https:\/\/anadolupet.com.tr\/wp-content\/uploads\/2026\/02\/242-C500-027.jpg","datePublished":"2026-02-14T14:44:40+00:00","dateModified":"2026-02-23T12:51:26+00:00","breadcrumb":{"@id":"https:\/\/anadolupet.com.tr\/urun\/moderna-doonut-minderli-kedi-evi\/#breadcrumb"},"inLanguage":"en-US","potentialAction":[{"@type":"ReadAction","target":["https:\/\/anadolupet.com.tr\/urun\/moderna-doonut-minderli-kedi-evi\/"]}]},{"@type":"ImageObject","inLanguage":"en-US","@id":"https:\/\/anadolupet.com.tr\/urun\/moderna-doonut-minderli-kedi-evi\/#primaryimage","url":"https:\/\/anadolupet.com.tr\/wp-content\/uploads\/2026\/02\/242-C500-027.jpg","contentUrl":"https:\/\/anadolupet.com.tr\/wp-content\/uploads\/2026\/02\/242-C500-027.jpg","width":750,"height":750},{"@type":"BreadcrumbList","@id":"https:\/\/anadolupet.com.tr\/urun\/moderna-doonut-minderli-kedi-evi\/#breadcrumb","itemListElement":[{"@type":"ListItem","position":1,"name":"Anasayfa","item":"https:\/\/anadolupet.com.tr\/"},{"@type":"ListItem","position":2,"name":"\u00dcr\u00fcnler","item":"https:\/\/anadolupet.com.tr\/urunler\/"},{"@type":"ListItem","position":3,"name":"Moderna Doonut Minderli Kedi Evi"}]},{"@type":"WebSite","@id":"https:\/\/anadolupet.com.tr\/#website","url":"https:\/\/anadolupet.com.tr\/","name":"Anadolu Pet Group","description":"We Stand Together for the Well-Being of Every Life","publisher":{"@id":"https:\/\/anadolupet.com.tr\/#organization"},"potentialAction":[{"@type":"SearchAction","target":{"@type":"EntryPoint","urlTemplate":"https:\/\/anadolupet.com.tr\/?s={search_term_string}"},"query-input":{"@type":"PropertyValueSpecification","valueRequired":true,"valueName":"search_term_string"}}],"inLanguage":"en-US"},{"@type":"Organization","@id":"https:\/\/anadolupet.com.tr\/#organization","name":"Anadolu Pet Group","alternateName":"Anadolu Pet","url":"https:\/\/anadolupet.com.tr\/","logo":{"@type":"ImageObject","inLanguage":"en-US","@id":"https:\/\/anadolupet.com.tr\/#\/schema\/logo\/image\/","url":"https:\/\/anadolupet.com.tr\/wp-content\/uploads\/2026\/03\/1614666743370.jpg","contentUrl":"https:\/\/anadolupet.com.tr\/wp-content\/uploads\/2026\/03\/1614666743370.jpg","width":800,"height":571,"caption":"Anadolu Pet Grup"},"image":{"@id":"https:\/\/anadolupet.com.tr\/#\/schema\/logo\/image\/"}}]}},"_links":{"self":[{"href":"https:\/\/anadolupet.com.tr\/en\/wp-json\/wp\/v2\/product\/45786","targetHints":{"allow":["GET"]}}],"collection":[{"href":"https:\/\/anadolupet.com.tr\/en\/wp-json\/wp\/v2\/product"}],"about":[{"href":"https:\/\/anadolupet.com.tr\/en\/wp-json\/wp\/v2\/types\/product"}],"replies":[{"embeddable":true,"href":"https:\/\/anadolupet.com.tr\/en\/wp-json\/wp\/v2\/comments?post=45786"}],"wp:featuredmedia":[{"embeddable":true,"href":"https:\/\/anadolupet.com.tr\/en\/wp-json\/wp\/v2\/media\/43498"}],"wp:attachment":[{"href":"https:\/\/anadolupet.com.tr\/en\/wp-json\/wp\/v2\/media?parent=45786"}],"wp:term":[{"taxonomy":"product_brand","embeddable":true,"href":"https:\/\/anadolupet.com.tr\/en\/wp-json\/wp\/v2\/product_brand?post=45786"},{"taxonomy":"product_cat","embeddable":true,"href":"https:\/\/anadolupet.com.tr\/en\/wp-json\/wp\/v2\/product_cat?post=45786"},{"taxonomy":"product_tag","embeddable":true,"href":"https:\/\/anadolupet.com.tr\/en\/wp-json\/wp\/v2\/product_tag?post=45786"}],"curies":[{"name":"wp","href":"https:\/\/api.w.org\/{rel}","templated":true}]}}