{"id":45798,"date":"2026-02-14T14:44:41","date_gmt":"2026-02-14T14:44:41","guid":{"rendered":"https:\/\/anadolupet.com.tr\/?post_type=product&#038;p=45798"},"modified":"2026-02-23T12:51:27","modified_gmt":"2026-02-23T12:51:27","slug":"moderna-gusto-mama-kabi-gri-1300-ml","status":"publish","type":"product","link":"https:\/\/anadolupet.com.tr\/en\/urun\/moderna-gusto-mama-kabi-gri-1300-ml\/","title":{"rendered":"Moderna Gusto Mama Kab\u0131 &#8211; Gri 1300 ML"},"content":{"rendered":"","protected":false},"excerpt":{"rendered":"<p>Gusto Large \u2013 Mama ve Su Kab\u0131 (1,3 L)<br \/>\nPratik, dayan\u0131kl\u0131 ve \u00e7evre dostu tasar\u0131m! Gusto Large mama kab\u0131, evcil dostlar\u0131n\u0131z\u0131n g\u00fcnl\u00fck mama ve su ihtiyac\u0131n\u0131 kar\u015f\u0131lamak i\u00e7in \u00f6zel olarak tasarlanm\u0131\u015ft\u0131r. Yuvarlat\u0131lm\u0131\u015f kenarlar\u0131 sayesinde yap\u0131\u015fma olmaz, sa\u011flam taban\u0131 ise devrilmeyi \u00f6nler. Modern g\u00f6r\u00fcn\u00fcm\u00fcyle evinize uyum sa\u011flarken, ergonomik yap\u0131s\u0131yla kullan\u0131m kolayl\u0131\u011f\u0131 sunar.<br \/>\n\u00d6ne \u00c7\u0131kan \u00d6zellikler<br \/>\nErgonomik tutma kenarlar\u0131 ile g\u00fcvenli kavrama<br \/>\nYuvarlat\u0131lm\u0131\u015f kenarlar sayesinde yap\u0131\u015fma \u00f6nleyici tasar\u0131m<br \/>\nSa\u011flam ve dengeli taban, devrilmeyi \u00f6nler<br \/>\nBula\u015f\u0131k makinesinde y\u0131kanabilir, kolay temizlik sa\u011flar<br \/>\nFarkl\u0131 boy se\u00e7enekleri ile her \u0131rk i\u00e7in uygun<br \/>\n%98 geri d\u00f6n\u00fc\u015ft\u00fcr\u00fclm\u00fc\u015f plastikten \u00fcretilmi\u015ftir, \u00e7evre dostu ve uzun \u00f6m\u00fcrl\u00fc<br \/>\nModern ve \u015f\u0131k tasar\u0131m, ev dekoruna uyum sa\u011flar<br \/>\nGusto Large, hem kediler hem de k\u00f6pekler i\u00e7in ideal bir mama kab\u0131d\u0131r. Fonksiyonel yap\u0131s\u0131 sayesinde g\u00fcnl\u00fck kullan\u0131mda kolayl\u0131k sa\u011flar, \u00e7evre dostu \u00fcretimiyle de s\u00fcrd\u00fcr\u00fclebilir bir tercih sunar.<br \/>\nHacim 1,300 ml<br \/>\n\u00dcr\u00fcn \u00d6l\u00e7\u00fcleri 23.4 x 23.4 x 7.5 cm<\/p>","protected":false},"featured_media":43432,"comment_status":"open","ping_status":"closed","template":"","meta":{"_acf_changed":false},"product_brand":[],"product_cat":[2431],"product_tag":[],"class_list":{"0":"post-45798","1":"product","2":"type-product","3":"status-publish","4":"has-post-thumbnail","6":"product_cat-mama-kaplari","8":"first","9":"instock","10":"shipping-taxable","11":"product-type-simple"},"acf":[],"yoast_head":"<!-- This site is optimized with the Yoast SEO plugin v27.5 - https:\/\/yoast.com\/product\/yoast-seo-wordpress\/ -->\n<title>Moderna Gusto Mama Kab\u0131 - Gri 1300 ML - Anadolu Pet Grup<\/title>\n<meta name=\"robots\" content=\"index, follow, max-snippet:-1, max-image-preview:large, max-video-preview:-1\" \/>\n<link rel=\"canonical\" href=\"https:\/\/anadolupet.com.tr\/en\/product\/moderna-gusto-mama-kabi-gri-1300-ml\/\" \/>\n<meta property=\"og:locale\" content=\"en_US\" \/>\n<meta property=\"og:type\" content=\"article\" \/>\n<meta property=\"og:title\" content=\"Moderna Gusto Mama Kab\u0131 - Gri 1300 ML - Anadolu Pet Grup\" \/>\n<meta property=\"og:description\" content=\"Gusto Large \u2013 Mama ve Su Kab\u0131 (1,3 L) Pratik, dayan\u0131kl\u0131 ve \u00e7evre dostu tasar\u0131m! Gusto Large mama kab\u0131, evcil dostlar\u0131n\u0131z\u0131n g\u00fcnl\u00fck mama ve su ihtiyac\u0131n\u0131 kar\u015f\u0131lamak i\u00e7in \u00f6zel olarak tasarlanm\u0131\u015ft\u0131r. Yuvarlat\u0131lm\u0131\u015f kenarlar\u0131 sayesinde yap\u0131\u015fma olmaz, sa\u011flam taban\u0131 ise devrilmeyi \u00f6nler. Modern g\u00f6r\u00fcn\u00fcm\u00fcyle evinize uyum sa\u011flarken, ergonomik yap\u0131s\u0131yla kullan\u0131m kolayl\u0131\u011f\u0131 sunar. \u00d6ne \u00c7\u0131kan \u00d6zellikler Ergonomik tutma kenarlar\u0131 ile g\u00fcvenli kavrama Yuvarlat\u0131lm\u0131\u015f kenarlar sayesinde yap\u0131\u015fma \u00f6nleyici tasar\u0131m Sa\u011flam ve dengeli taban, devrilmeyi \u00f6nler Bula\u015f\u0131k makinesinde y\u0131kanabilir, kolay temizlik sa\u011flar Farkl\u0131 boy se\u00e7enekleri ile her \u0131rk i\u00e7in uygun %98 geri d\u00f6n\u00fc\u015ft\u00fcr\u00fclm\u00fc\u015f plastikten \u00fcretilmi\u015ftir, \u00e7evre dostu ve uzun \u00f6m\u00fcrl\u00fc Modern ve \u015f\u0131k tasar\u0131m, ev dekoruna uyum sa\u011flar Gusto Large, hem kediler hem de k\u00f6pekler i\u00e7in ideal bir mama kab\u0131d\u0131r. Fonksiyonel yap\u0131s\u0131 sayesinde g\u00fcnl\u00fck kullan\u0131mda kolayl\u0131k sa\u011flar, \u00e7evre dostu \u00fcretimiyle de s\u00fcrd\u00fcr\u00fclebilir bir tercih sunar. Hacim 1,300 ml \u00dcr\u00fcn \u00d6l\u00e7\u00fcleri 23.4 x 23.4 x 7.5 cm\" \/>\n<meta property=\"og:url\" content=\"https:\/\/anadolupet.com.tr\/en\/product\/moderna-gusto-mama-kabi-gri-1300-ml\/\" \/>\n<meta property=\"og:site_name\" content=\"Anadolu Pet Grup\" \/>\n<meta property=\"article:modified_time\" content=\"2026-02-23T12:51:27+00:00\" \/>\n<meta property=\"og:image\" content=\"https:\/\/anadolupet.com.tr\/wp-content\/uploads\/2026\/02\/242-BA04-0330.jpg\" \/>\n\t<meta property=\"og:image:width\" content=\"750\" \/>\n\t<meta property=\"og:image:height\" content=\"750\" \/>\n\t<meta property=\"og:image:type\" content=\"image\/jpeg\" \/>\n<meta name=\"twitter:card\" content=\"summary_large_image\" \/>\n<script type=\"application\/ld+json\" class=\"yoast-schema-graph\">{\"@context\":\"https:\\\/\\\/schema.org\",\"@graph\":[{\"@type\":\"WebPage\",\"@id\":\"https:\\\/\\\/anadolupet.com.tr\\\/urun\\\/moderna-gusto-mama-kabi-gri-1300-ml\\\/\",\"url\":\"https:\\\/\\\/anadolupet.com.tr\\\/urun\\\/moderna-gusto-mama-kabi-gri-1300-ml\\\/\",\"name\":\"Moderna Gusto Mama Kab\u0131 - Gri 1300 ML - Anadolu Pet Grup\",\"isPartOf\":{\"@id\":\"https:\\\/\\\/anadolupet.com.tr\\\/#website\"},\"primaryImageOfPage\":{\"@id\":\"https:\\\/\\\/anadolupet.com.tr\\\/urun\\\/moderna-gusto-mama-kabi-gri-1300-ml\\\/#primaryimage\"},\"image\":{\"@id\":\"https:\\\/\\\/anadolupet.com.tr\\\/urun\\\/moderna-gusto-mama-kabi-gri-1300-ml\\\/#primaryimage\"},\"thumbnailUrl\":\"https:\\\/\\\/anadolupet.com.tr\\\/wp-content\\\/uploads\\\/2026\\\/02\\\/242-BA04-0330.jpg\",\"datePublished\":\"2026-02-14T14:44:41+00:00\",\"dateModified\":\"2026-02-23T12:51:27+00:00\",\"breadcrumb\":{\"@id\":\"https:\\\/\\\/anadolupet.com.tr\\\/urun\\\/moderna-gusto-mama-kabi-gri-1300-ml\\\/#breadcrumb\"},\"inLanguage\":\"en-US\",\"potentialAction\":[{\"@type\":\"ReadAction\",\"target\":[\"https:\\\/\\\/anadolupet.com.tr\\\/urun\\\/moderna-gusto-mama-kabi-gri-1300-ml\\\/\"]}]},{\"@type\":\"ImageObject\",\"inLanguage\":\"en-US\",\"@id\":\"https:\\\/\\\/anadolupet.com.tr\\\/urun\\\/moderna-gusto-mama-kabi-gri-1300-ml\\\/#primaryimage\",\"url\":\"https:\\\/\\\/anadolupet.com.tr\\\/wp-content\\\/uploads\\\/2026\\\/02\\\/242-BA04-0330.jpg\",\"contentUrl\":\"https:\\\/\\\/anadolupet.com.tr\\\/wp-content\\\/uploads\\\/2026\\\/02\\\/242-BA04-0330.jpg\",\"width\":750,\"height\":750},{\"@type\":\"BreadcrumbList\",\"@id\":\"https:\\\/\\\/anadolupet.com.tr\\\/urun\\\/moderna-gusto-mama-kabi-gri-1300-ml\\\/#breadcrumb\",\"itemListElement\":[{\"@type\":\"ListItem\",\"position\":1,\"name\":\"Anasayfa\",\"item\":\"https:\\\/\\\/anadolupet.com.tr\\\/\"},{\"@type\":\"ListItem\",\"position\":2,\"name\":\"\u00dcr\u00fcnler\",\"item\":\"https:\\\/\\\/anadolupet.com.tr\\\/urunler\\\/\"},{\"@type\":\"ListItem\",\"position\":3,\"name\":\"Moderna Gusto Mama Kab\u0131 &#8211; Gri 1300 ML\"}]},{\"@type\":\"WebSite\",\"@id\":\"https:\\\/\\\/anadolupet.com.tr\\\/#website\",\"url\":\"https:\\\/\\\/anadolupet.com.tr\\\/\",\"name\":\"Anadolu Pet Grup\",\"description\":\"Her Can\u0131n \u0130yi Ya\u015fam\u0131 \u0130\u00e7in Biraraday\u0131z\",\"publisher\":{\"@id\":\"https:\\\/\\\/anadolupet.com.tr\\\/#organization\"},\"potentialAction\":[{\"@type\":\"SearchAction\",\"target\":{\"@type\":\"EntryPoint\",\"urlTemplate\":\"https:\\\/\\\/anadolupet.com.tr\\\/?s={search_term_string}\"},\"query-input\":{\"@type\":\"PropertyValueSpecification\",\"valueRequired\":true,\"valueName\":\"search_term_string\"}}],\"inLanguage\":\"en-US\"},{\"@type\":\"Organization\",\"@id\":\"https:\\\/\\\/anadolupet.com.tr\\\/#organization\",\"name\":\"Anadolu Pet Grup\",\"alternateName\":\"Anadolu Pet\",\"url\":\"https:\\\/\\\/anadolupet.com.tr\\\/\",\"logo\":{\"@type\":\"ImageObject\",\"inLanguage\":\"en-US\",\"@id\":\"https:\\\/\\\/anadolupet.com.tr\\\/#\\\/schema\\\/logo\\\/image\\\/\",\"url\":\"https:\\\/\\\/anadolupet.com.tr\\\/wp-content\\\/uploads\\\/2026\\\/03\\\/1614666743370.jpg\",\"contentUrl\":\"https:\\\/\\\/anadolupet.com.tr\\\/wp-content\\\/uploads\\\/2026\\\/03\\\/1614666743370.jpg\",\"width\":800,\"height\":571,\"caption\":\"Anadolu Pet Grup\"},\"image\":{\"@id\":\"https:\\\/\\\/anadolupet.com.tr\\\/#\\\/schema\\\/logo\\\/image\\\/\"}}]}<\/script>\n<!-- \/ Yoast SEO plugin. -->","yoast_head_json":{"title":"Moderna Gusto Mama Kab\u0131 - Gri 1300 ML - Anadolu Pet Grup","robots":{"index":"index","follow":"follow","max-snippet":"max-snippet:-1","max-image-preview":"max-image-preview:large","max-video-preview":"max-video-preview:-1"},"canonical":"https:\/\/anadolupet.com.tr\/en\/product\/moderna-gusto-mama-kabi-gri-1300-ml\/","og_locale":"en_US","og_type":"article","og_title":"Moderna Gusto Mama Kab\u0131 - Gri 1300 ML - Anadolu Pet Grup","og_description":"Gusto Large \u2013 Mama ve Su Kab\u0131 (1,3 L) Pratik, dayan\u0131kl\u0131 ve \u00e7evre dostu tasar\u0131m! Gusto Large mama kab\u0131, evcil dostlar\u0131n\u0131z\u0131n g\u00fcnl\u00fck mama ve su ihtiyac\u0131n\u0131 kar\u015f\u0131lamak i\u00e7in \u00f6zel olarak tasarlanm\u0131\u015ft\u0131r. Yuvarlat\u0131lm\u0131\u015f kenarlar\u0131 sayesinde yap\u0131\u015fma olmaz, sa\u011flam taban\u0131 ise devrilmeyi \u00f6nler. Modern g\u00f6r\u00fcn\u00fcm\u00fcyle evinize uyum sa\u011flarken, ergonomik yap\u0131s\u0131yla kullan\u0131m kolayl\u0131\u011f\u0131 sunar. \u00d6ne \u00c7\u0131kan \u00d6zellikler Ergonomik tutma kenarlar\u0131 ile g\u00fcvenli kavrama Yuvarlat\u0131lm\u0131\u015f kenarlar sayesinde yap\u0131\u015fma \u00f6nleyici tasar\u0131m Sa\u011flam ve dengeli taban, devrilmeyi \u00f6nler Bula\u015f\u0131k makinesinde y\u0131kanabilir, kolay temizlik sa\u011flar Farkl\u0131 boy se\u00e7enekleri ile her \u0131rk i\u00e7in uygun %98 geri d\u00f6n\u00fc\u015ft\u00fcr\u00fclm\u00fc\u015f plastikten \u00fcretilmi\u015ftir, \u00e7evre dostu ve uzun \u00f6m\u00fcrl\u00fc Modern ve \u015f\u0131k tasar\u0131m, ev dekoruna uyum sa\u011flar Gusto Large, hem kediler hem de k\u00f6pekler i\u00e7in ideal bir mama kab\u0131d\u0131r. Fonksiyonel yap\u0131s\u0131 sayesinde g\u00fcnl\u00fck kullan\u0131mda kolayl\u0131k sa\u011flar, \u00e7evre dostu \u00fcretimiyle de s\u00fcrd\u00fcr\u00fclebilir bir tercih sunar. Hacim 1,300 ml \u00dcr\u00fcn \u00d6l\u00e7\u00fcleri 23.4 x 23.4 x 7.5 cm","og_url":"https:\/\/anadolupet.com.tr\/en\/product\/moderna-gusto-mama-kabi-gri-1300-ml\/","og_site_name":"Anadolu Pet Grup","article_modified_time":"2026-02-23T12:51:27+00:00","og_image":[{"width":750,"height":750,"url":"https:\/\/anadolupet.com.tr\/wp-content\/uploads\/2026\/02\/242-BA04-0330.jpg","type":"image\/jpeg"}],"twitter_card":"summary_large_image","schema":{"@context":"https:\/\/schema.org","@graph":[{"@type":"WebPage","@id":"https:\/\/anadolupet.com.tr\/urun\/moderna-gusto-mama-kabi-gri-1300-ml\/","url":"https:\/\/anadolupet.com.tr\/urun\/moderna-gusto-mama-kabi-gri-1300-ml\/","name":"Moderna Gusto Mama Kab\u0131 - Gri 1300 ML - Anadolu Pet Grup","isPartOf":{"@id":"https:\/\/anadolupet.com.tr\/#website"},"primaryImageOfPage":{"@id":"https:\/\/anadolupet.com.tr\/urun\/moderna-gusto-mama-kabi-gri-1300-ml\/#primaryimage"},"image":{"@id":"https:\/\/anadolupet.com.tr\/urun\/moderna-gusto-mama-kabi-gri-1300-ml\/#primaryimage"},"thumbnailUrl":"https:\/\/anadolupet.com.tr\/wp-content\/uploads\/2026\/02\/242-BA04-0330.jpg","datePublished":"2026-02-14T14:44:41+00:00","dateModified":"2026-02-23T12:51:27+00:00","breadcrumb":{"@id":"https:\/\/anadolupet.com.tr\/urun\/moderna-gusto-mama-kabi-gri-1300-ml\/#breadcrumb"},"inLanguage":"en-US","potentialAction":[{"@type":"ReadAction","target":["https:\/\/anadolupet.com.tr\/urun\/moderna-gusto-mama-kabi-gri-1300-ml\/"]}]},{"@type":"ImageObject","inLanguage":"en-US","@id":"https:\/\/anadolupet.com.tr\/urun\/moderna-gusto-mama-kabi-gri-1300-ml\/#primaryimage","url":"https:\/\/anadolupet.com.tr\/wp-content\/uploads\/2026\/02\/242-BA04-0330.jpg","contentUrl":"https:\/\/anadolupet.com.tr\/wp-content\/uploads\/2026\/02\/242-BA04-0330.jpg","width":750,"height":750},{"@type":"BreadcrumbList","@id":"https:\/\/anadolupet.com.tr\/urun\/moderna-gusto-mama-kabi-gri-1300-ml\/#breadcrumb","itemListElement":[{"@type":"ListItem","position":1,"name":"Anasayfa","item":"https:\/\/anadolupet.com.tr\/"},{"@type":"ListItem","position":2,"name":"\u00dcr\u00fcnler","item":"https:\/\/anadolupet.com.tr\/urunler\/"},{"@type":"ListItem","position":3,"name":"Moderna Gusto Mama Kab\u0131 &#8211; Gri 1300 ML"}]},{"@type":"WebSite","@id":"https:\/\/anadolupet.com.tr\/#website","url":"https:\/\/anadolupet.com.tr\/","name":"Anadolu Pet Group","description":"We Stand Together for the Well-Being of Every Life","publisher":{"@id":"https:\/\/anadolupet.com.tr\/#organization"},"potentialAction":[{"@type":"SearchAction","target":{"@type":"EntryPoint","urlTemplate":"https:\/\/anadolupet.com.tr\/?s={search_term_string}"},"query-input":{"@type":"PropertyValueSpecification","valueRequired":true,"valueName":"search_term_string"}}],"inLanguage":"en-US"},{"@type":"Organization","@id":"https:\/\/anadolupet.com.tr\/#organization","name":"Anadolu Pet Group","alternateName":"Anadolu Pet","url":"https:\/\/anadolupet.com.tr\/","logo":{"@type":"ImageObject","inLanguage":"en-US","@id":"https:\/\/anadolupet.com.tr\/#\/schema\/logo\/image\/","url":"https:\/\/anadolupet.com.tr\/wp-content\/uploads\/2026\/03\/1614666743370.jpg","contentUrl":"https:\/\/anadolupet.com.tr\/wp-content\/uploads\/2026\/03\/1614666743370.jpg","width":800,"height":571,"caption":"Anadolu Pet Grup"},"image":{"@id":"https:\/\/anadolupet.com.tr\/#\/schema\/logo\/image\/"}}]}},"_links":{"self":[{"href":"https:\/\/anadolupet.com.tr\/en\/wp-json\/wp\/v2\/product\/45798","targetHints":{"allow":["GET"]}}],"collection":[{"href":"https:\/\/anadolupet.com.tr\/en\/wp-json\/wp\/v2\/product"}],"about":[{"href":"https:\/\/anadolupet.com.tr\/en\/wp-json\/wp\/v2\/types\/product"}],"replies":[{"embeddable":true,"href":"https:\/\/anadolupet.com.tr\/en\/wp-json\/wp\/v2\/comments?post=45798"}],"wp:featuredmedia":[{"embeddable":true,"href":"https:\/\/anadolupet.com.tr\/en\/wp-json\/wp\/v2\/media\/43432"}],"wp:attachment":[{"href":"https:\/\/anadolupet.com.tr\/en\/wp-json\/wp\/v2\/media?parent=45798"}],"wp:term":[{"taxonomy":"product_brand","embeddable":true,"href":"https:\/\/anadolupet.com.tr\/en\/wp-json\/wp\/v2\/product_brand?post=45798"},{"taxonomy":"product_cat","embeddable":true,"href":"https:\/\/anadolupet.com.tr\/en\/wp-json\/wp\/v2\/product_cat?post=45798"},{"taxonomy":"product_tag","embeddable":true,"href":"https:\/\/anadolupet.com.tr\/en\/wp-json\/wp\/v2\/product_tag?post=45798"}],"curies":[{"name":"wp","href":"https:\/\/api.w.org\/{rel}","templated":true}]}}