{"id":45803,"date":"2026-02-14T14:44:42","date_gmt":"2026-02-14T14:44:42","guid":{"rendered":"https:\/\/anadolupet.com.tr\/urun\/moderna-eden-dinner-mama-kabi-210-ml\/"},"modified":"2026-02-23T12:51:27","modified_gmt":"2026-02-23T12:51:27","slug":"moderna-eden-dinner-mama-kabi-210-ml","status":"publish","type":"product","link":"https:\/\/anadolupet.com.tr\/en\/urun\/moderna-eden-dinner-mama-kabi-210-ml\/","title":{"rendered":"Moderna Eden Dinner Mama Kab\u0131 &#8211; 210 ML"},"content":{"rendered":"","protected":false},"excerpt":{"rendered":"<p>Trendy Dinner X-Small Eden \u2013 Mama &#038; Su Kab\u0131<br \/>\nDo\u011fay\u0131 evinize ta\u015f\u0131yan \u015f\u0131k ve fonksiyonel tasar\u0131m! Trendy Dinner Eden serisi, sevimli tasar\u0131m\u0131 ve pratik \u00f6zellikleriyle evcil dostlar\u0131n\u0131z\u0131n beslenme alan\u0131na do\u011fall\u0131k katar. K\u00fc\u00e7\u00fck boyutuyla kediler ve k\u00fc\u00e7\u00fck \u0131rk k\u00f6pekler i\u00e7in ideal olan bu mama-su kab\u0131, hem estetik hem de dayan\u0131kl\u0131 yap\u0131s\u0131yla \u00f6ne \u00e7\u0131kar.<br \/>\n\ud83d\udc3e \u00d6ne \u00c7\u0131kan \u00d6zellikler<br \/>\n\u00c7izilmez &#038; UV korumal\u0131 IML tasar\u0131m \u2013 uzun \u00f6m\u00fcrl\u00fc, canl\u0131 desenler<br \/>\nKaymaz kau\u00e7uk ayaklar \u2013 yemek s\u0131ras\u0131nda sabit durur, kaymay\u0131 \u00f6nler<br \/>\nSa\u011flam taban \u2013 devrilmeyi engeller, g\u00fcvenli kullan\u0131m sa\u011flar<br \/>\nKar\u0131nca \u00f6nleyici kenar \u2013 \u00e7evresindeki hazne su ile doldurularak kar\u0131ncalar\u0131n mamaya ula\u015fmas\u0131 engellenir<br \/>\nBula\u015f\u0131k makinesinde y\u0131kanabilir \u2013 g\u00fcnl\u00fck kullan\u0131mda kolay temizlik<br \/>\nPremium plastik malzeme \u2013 dayan\u0131kl\u0131, uzun \u00f6m\u00fcrl\u00fc ve \u00e7evre dostu<br \/>\nFarkl\u0131 boy se\u00e7enekleri \u2013 her \u0131rk i\u00e7in uygun, kolayca istiflenebilir<br \/>\nTrendy Dinner Eden, yenilik\u00e7i IML (In Mould Label) dekorasyon tekni\u011fi sayesinde \u00e7izilmelere ve g\u00fcne\u015f \u0131\u015f\u0131\u011f\u0131na kar\u015f\u0131 dayan\u0131kl\u0131d\u0131r. Modern tasar\u0131m\u0131yla evinize do\u011fall\u0131k katarken, pratik \u00f6zellikleriyle beslenme alan\u0131n\u0131 hijyenik ve g\u00fcvenli hale getirir.<br \/>\n\ud83d\udccf \u00dcr\u00fcn \u00d6l\u00e7\u00fcleri 15.7 x 15.7 x 3.4 cm<br \/>\n\ud83d\udca7 Hacim 210 ml<\/p>","protected":false},"featured_media":43528,"comment_status":"open","ping_status":"closed","template":"","meta":{"_acf_changed":false},"product_brand":[],"product_cat":[2431],"product_tag":[],"class_list":{"0":"post-45803","1":"product","2":"type-product","3":"status-publish","4":"has-post-thumbnail","6":"product_cat-mama-kaplari","8":"first","9":"instock","10":"shipping-taxable","11":"product-type-simple"},"acf":[],"yoast_head":"<!-- This site is optimized with the Yoast SEO plugin v27.5 - https:\/\/yoast.com\/product\/yoast-seo-wordpress\/ -->\n<title>Moderna Eden Dinner Mama Kab\u0131 - 210 ML - Anadolu Pet Grup<\/title>\n<meta name=\"robots\" content=\"index, follow, max-snippet:-1, max-image-preview:large, max-video-preview:-1\" \/>\n<link rel=\"canonical\" href=\"https:\/\/anadolupet.com.tr\/en\/product\/moderna-eden-dinner-mama-kabi-210-ml\/\" \/>\n<meta property=\"og:locale\" content=\"en_US\" \/>\n<meta property=\"og:type\" content=\"article\" \/>\n<meta property=\"og:title\" content=\"Moderna Eden Dinner Mama Kab\u0131 - 210 ML - Anadolu Pet Grup\" \/>\n<meta property=\"og:description\" content=\"Trendy Dinner X-Small Eden \u2013 Mama &amp; Su Kab\u0131 Do\u011fay\u0131 evinize ta\u015f\u0131yan \u015f\u0131k ve fonksiyonel tasar\u0131m! Trendy Dinner Eden serisi, sevimli tasar\u0131m\u0131 ve pratik \u00f6zellikleriyle evcil dostlar\u0131n\u0131z\u0131n beslenme alan\u0131na do\u011fall\u0131k katar. K\u00fc\u00e7\u00fck boyutuyla kediler ve k\u00fc\u00e7\u00fck \u0131rk k\u00f6pekler i\u00e7in ideal olan bu mama-su kab\u0131, hem estetik hem de dayan\u0131kl\u0131 yap\u0131s\u0131yla \u00f6ne \u00e7\u0131kar. \ud83d\udc3e \u00d6ne \u00c7\u0131kan \u00d6zellikler \u00c7izilmez &amp; UV korumal\u0131 IML tasar\u0131m \u2013 uzun \u00f6m\u00fcrl\u00fc, canl\u0131 desenler Kaymaz kau\u00e7uk ayaklar \u2013 yemek s\u0131ras\u0131nda sabit durur, kaymay\u0131 \u00f6nler Sa\u011flam taban \u2013 devrilmeyi engeller, g\u00fcvenli kullan\u0131m sa\u011flar Kar\u0131nca \u00f6nleyici kenar \u2013 \u00e7evresindeki hazne su ile doldurularak kar\u0131ncalar\u0131n mamaya ula\u015fmas\u0131 engellenir Bula\u015f\u0131k makinesinde y\u0131kanabilir \u2013 g\u00fcnl\u00fck kullan\u0131mda kolay temizlik Premium plastik malzeme \u2013 dayan\u0131kl\u0131, uzun \u00f6m\u00fcrl\u00fc ve \u00e7evre dostu Farkl\u0131 boy se\u00e7enekleri \u2013 her \u0131rk i\u00e7in uygun, kolayca istiflenebilir Trendy Dinner Eden, yenilik\u00e7i IML (In Mould Label) dekorasyon tekni\u011fi sayesinde \u00e7izilmelere ve g\u00fcne\u015f \u0131\u015f\u0131\u011f\u0131na kar\u015f\u0131 dayan\u0131kl\u0131d\u0131r. Modern tasar\u0131m\u0131yla evinize do\u011fall\u0131k katarken, pratik \u00f6zellikleriyle beslenme alan\u0131n\u0131 hijyenik ve g\u00fcvenli hale getirir. \ud83d\udccf \u00dcr\u00fcn \u00d6l\u00e7\u00fcleri 15.7 x 15.7 x 3.4 cm \ud83d\udca7 Hacim 210 ml\" \/>\n<meta property=\"og:url\" content=\"https:\/\/anadolupet.com.tr\/en\/product\/moderna-eden-dinner-mama-kabi-210-ml\/\" \/>\n<meta property=\"og:site_name\" content=\"Anadolu Pet Grup\" \/>\n<meta property=\"article:modified_time\" content=\"2026-02-23T12:51:27+00:00\" \/>\n<meta property=\"og:image\" content=\"https:\/\/anadolupet.com.tr\/wp-content\/uploads\/2026\/02\/242-H130-0379.jpg\" \/>\n\t<meta property=\"og:image:width\" content=\"750\" \/>\n\t<meta property=\"og:image:height\" content=\"750\" \/>\n\t<meta property=\"og:image:type\" content=\"image\/jpeg\" \/>\n<meta name=\"twitter:card\" content=\"summary_large_image\" \/>\n<script type=\"application\/ld+json\" class=\"yoast-schema-graph\">{\"@context\":\"https:\\\/\\\/schema.org\",\"@graph\":[{\"@type\":\"WebPage\",\"@id\":\"https:\\\/\\\/anadolupet.com.tr\\\/urun\\\/moderna-eden-dinner-mama-kabi-210-ml\\\/\",\"url\":\"https:\\\/\\\/anadolupet.com.tr\\\/urun\\\/moderna-eden-dinner-mama-kabi-210-ml\\\/\",\"name\":\"Moderna Eden Dinner Mama Kab\u0131 - 210 ML - Anadolu Pet Grup\",\"isPartOf\":{\"@id\":\"https:\\\/\\\/anadolupet.com.tr\\\/#website\"},\"primaryImageOfPage\":{\"@id\":\"https:\\\/\\\/anadolupet.com.tr\\\/urun\\\/moderna-eden-dinner-mama-kabi-210-ml\\\/#primaryimage\"},\"image\":{\"@id\":\"https:\\\/\\\/anadolupet.com.tr\\\/urun\\\/moderna-eden-dinner-mama-kabi-210-ml\\\/#primaryimage\"},\"thumbnailUrl\":\"https:\\\/\\\/anadolupet.com.tr\\\/wp-content\\\/uploads\\\/2026\\\/02\\\/242-H130-0379.jpg\",\"datePublished\":\"2026-02-14T14:44:42+00:00\",\"dateModified\":\"2026-02-23T12:51:27+00:00\",\"breadcrumb\":{\"@id\":\"https:\\\/\\\/anadolupet.com.tr\\\/urun\\\/moderna-eden-dinner-mama-kabi-210-ml\\\/#breadcrumb\"},\"inLanguage\":\"en-US\",\"potentialAction\":[{\"@type\":\"ReadAction\",\"target\":[\"https:\\\/\\\/anadolupet.com.tr\\\/urun\\\/moderna-eden-dinner-mama-kabi-210-ml\\\/\"]}]},{\"@type\":\"ImageObject\",\"inLanguage\":\"en-US\",\"@id\":\"https:\\\/\\\/anadolupet.com.tr\\\/urun\\\/moderna-eden-dinner-mama-kabi-210-ml\\\/#primaryimage\",\"url\":\"https:\\\/\\\/anadolupet.com.tr\\\/wp-content\\\/uploads\\\/2026\\\/02\\\/242-H130-0379.jpg\",\"contentUrl\":\"https:\\\/\\\/anadolupet.com.tr\\\/wp-content\\\/uploads\\\/2026\\\/02\\\/242-H130-0379.jpg\",\"width\":750,\"height\":750},{\"@type\":\"BreadcrumbList\",\"@id\":\"https:\\\/\\\/anadolupet.com.tr\\\/urun\\\/moderna-eden-dinner-mama-kabi-210-ml\\\/#breadcrumb\",\"itemListElement\":[{\"@type\":\"ListItem\",\"position\":1,\"name\":\"Anasayfa\",\"item\":\"https:\\\/\\\/anadolupet.com.tr\\\/\"},{\"@type\":\"ListItem\",\"position\":2,\"name\":\"\u00dcr\u00fcnler\",\"item\":\"https:\\\/\\\/anadolupet.com.tr\\\/urunler\\\/\"},{\"@type\":\"ListItem\",\"position\":3,\"name\":\"Moderna Eden Dinner Mama Kab\u0131 &#8211; 210 ML\"}]},{\"@type\":\"WebSite\",\"@id\":\"https:\\\/\\\/anadolupet.com.tr\\\/#website\",\"url\":\"https:\\\/\\\/anadolupet.com.tr\\\/\",\"name\":\"Anadolu Pet Grup\",\"description\":\"Her Can\u0131n \u0130yi Ya\u015fam\u0131 \u0130\u00e7in Biraraday\u0131z\",\"publisher\":{\"@id\":\"https:\\\/\\\/anadolupet.com.tr\\\/#organization\"},\"potentialAction\":[{\"@type\":\"SearchAction\",\"target\":{\"@type\":\"EntryPoint\",\"urlTemplate\":\"https:\\\/\\\/anadolupet.com.tr\\\/?s={search_term_string}\"},\"query-input\":{\"@type\":\"PropertyValueSpecification\",\"valueRequired\":true,\"valueName\":\"search_term_string\"}}],\"inLanguage\":\"en-US\"},{\"@type\":\"Organization\",\"@id\":\"https:\\\/\\\/anadolupet.com.tr\\\/#organization\",\"name\":\"Anadolu Pet Grup\",\"alternateName\":\"Anadolu Pet\",\"url\":\"https:\\\/\\\/anadolupet.com.tr\\\/\",\"logo\":{\"@type\":\"ImageObject\",\"inLanguage\":\"en-US\",\"@id\":\"https:\\\/\\\/anadolupet.com.tr\\\/#\\\/schema\\\/logo\\\/image\\\/\",\"url\":\"https:\\\/\\\/anadolupet.com.tr\\\/wp-content\\\/uploads\\\/2026\\\/03\\\/1614666743370.jpg\",\"contentUrl\":\"https:\\\/\\\/anadolupet.com.tr\\\/wp-content\\\/uploads\\\/2026\\\/03\\\/1614666743370.jpg\",\"width\":800,\"height\":571,\"caption\":\"Anadolu Pet Grup\"},\"image\":{\"@id\":\"https:\\\/\\\/anadolupet.com.tr\\\/#\\\/schema\\\/logo\\\/image\\\/\"}}]}<\/script>\n<!-- \/ Yoast SEO plugin. -->","yoast_head_json":{"title":"Moderna Eden Dinner Mama Kab\u0131 - 210 ML - Anadolu Pet Grup","robots":{"index":"index","follow":"follow","max-snippet":"max-snippet:-1","max-image-preview":"max-image-preview:large","max-video-preview":"max-video-preview:-1"},"canonical":"https:\/\/anadolupet.com.tr\/en\/product\/moderna-eden-dinner-mama-kabi-210-ml\/","og_locale":"en_US","og_type":"article","og_title":"Moderna Eden Dinner Mama Kab\u0131 - 210 ML - Anadolu Pet Grup","og_description":"Trendy Dinner X-Small Eden \u2013 Mama & Su Kab\u0131 Do\u011fay\u0131 evinize ta\u015f\u0131yan \u015f\u0131k ve fonksiyonel tasar\u0131m! Trendy Dinner Eden serisi, sevimli tasar\u0131m\u0131 ve pratik \u00f6zellikleriyle evcil dostlar\u0131n\u0131z\u0131n beslenme alan\u0131na do\u011fall\u0131k katar. K\u00fc\u00e7\u00fck boyutuyla kediler ve k\u00fc\u00e7\u00fck \u0131rk k\u00f6pekler i\u00e7in ideal olan bu mama-su kab\u0131, hem estetik hem de dayan\u0131kl\u0131 yap\u0131s\u0131yla \u00f6ne \u00e7\u0131kar. \ud83d\udc3e \u00d6ne \u00c7\u0131kan \u00d6zellikler \u00c7izilmez & UV korumal\u0131 IML tasar\u0131m \u2013 uzun \u00f6m\u00fcrl\u00fc, canl\u0131 desenler Kaymaz kau\u00e7uk ayaklar \u2013 yemek s\u0131ras\u0131nda sabit durur, kaymay\u0131 \u00f6nler Sa\u011flam taban \u2013 devrilmeyi engeller, g\u00fcvenli kullan\u0131m sa\u011flar Kar\u0131nca \u00f6nleyici kenar \u2013 \u00e7evresindeki hazne su ile doldurularak kar\u0131ncalar\u0131n mamaya ula\u015fmas\u0131 engellenir Bula\u015f\u0131k makinesinde y\u0131kanabilir \u2013 g\u00fcnl\u00fck kullan\u0131mda kolay temizlik Premium plastik malzeme \u2013 dayan\u0131kl\u0131, uzun \u00f6m\u00fcrl\u00fc ve \u00e7evre dostu Farkl\u0131 boy se\u00e7enekleri \u2013 her \u0131rk i\u00e7in uygun, kolayca istiflenebilir Trendy Dinner Eden, yenilik\u00e7i IML (In Mould Label) dekorasyon tekni\u011fi sayesinde \u00e7izilmelere ve g\u00fcne\u015f \u0131\u015f\u0131\u011f\u0131na kar\u015f\u0131 dayan\u0131kl\u0131d\u0131r. Modern tasar\u0131m\u0131yla evinize do\u011fall\u0131k katarken, pratik \u00f6zellikleriyle beslenme alan\u0131n\u0131 hijyenik ve g\u00fcvenli hale getirir. \ud83d\udccf \u00dcr\u00fcn \u00d6l\u00e7\u00fcleri 15.7 x 15.7 x 3.4 cm \ud83d\udca7 Hacim 210 ml","og_url":"https:\/\/anadolupet.com.tr\/en\/product\/moderna-eden-dinner-mama-kabi-210-ml\/","og_site_name":"Anadolu Pet Grup","article_modified_time":"2026-02-23T12:51:27+00:00","og_image":[{"width":750,"height":750,"url":"https:\/\/anadolupet.com.tr\/wp-content\/uploads\/2026\/02\/242-H130-0379.jpg","type":"image\/jpeg"}],"twitter_card":"summary_large_image","schema":{"@context":"https:\/\/schema.org","@graph":[{"@type":"WebPage","@id":"https:\/\/anadolupet.com.tr\/urun\/moderna-eden-dinner-mama-kabi-210-ml\/","url":"https:\/\/anadolupet.com.tr\/urun\/moderna-eden-dinner-mama-kabi-210-ml\/","name":"Moderna Eden Dinner Mama Kab\u0131 - 210 ML - Anadolu Pet Grup","isPartOf":{"@id":"https:\/\/anadolupet.com.tr\/#website"},"primaryImageOfPage":{"@id":"https:\/\/anadolupet.com.tr\/urun\/moderna-eden-dinner-mama-kabi-210-ml\/#primaryimage"},"image":{"@id":"https:\/\/anadolupet.com.tr\/urun\/moderna-eden-dinner-mama-kabi-210-ml\/#primaryimage"},"thumbnailUrl":"https:\/\/anadolupet.com.tr\/wp-content\/uploads\/2026\/02\/242-H130-0379.jpg","datePublished":"2026-02-14T14:44:42+00:00","dateModified":"2026-02-23T12:51:27+00:00","breadcrumb":{"@id":"https:\/\/anadolupet.com.tr\/urun\/moderna-eden-dinner-mama-kabi-210-ml\/#breadcrumb"},"inLanguage":"en-US","potentialAction":[{"@type":"ReadAction","target":["https:\/\/anadolupet.com.tr\/urun\/moderna-eden-dinner-mama-kabi-210-ml\/"]}]},{"@type":"ImageObject","inLanguage":"en-US","@id":"https:\/\/anadolupet.com.tr\/urun\/moderna-eden-dinner-mama-kabi-210-ml\/#primaryimage","url":"https:\/\/anadolupet.com.tr\/wp-content\/uploads\/2026\/02\/242-H130-0379.jpg","contentUrl":"https:\/\/anadolupet.com.tr\/wp-content\/uploads\/2026\/02\/242-H130-0379.jpg","width":750,"height":750},{"@type":"BreadcrumbList","@id":"https:\/\/anadolupet.com.tr\/urun\/moderna-eden-dinner-mama-kabi-210-ml\/#breadcrumb","itemListElement":[{"@type":"ListItem","position":1,"name":"Anasayfa","item":"https:\/\/anadolupet.com.tr\/"},{"@type":"ListItem","position":2,"name":"\u00dcr\u00fcnler","item":"https:\/\/anadolupet.com.tr\/urunler\/"},{"@type":"ListItem","position":3,"name":"Moderna Eden Dinner Mama Kab\u0131 &#8211; 210 ML"}]},{"@type":"WebSite","@id":"https:\/\/anadolupet.com.tr\/#website","url":"https:\/\/anadolupet.com.tr\/","name":"Anadolu Pet Group","description":"We Stand Together for the Well-Being of Every Life","publisher":{"@id":"https:\/\/anadolupet.com.tr\/#organization"},"potentialAction":[{"@type":"SearchAction","target":{"@type":"EntryPoint","urlTemplate":"https:\/\/anadolupet.com.tr\/?s={search_term_string}"},"query-input":{"@type":"PropertyValueSpecification","valueRequired":true,"valueName":"search_term_string"}}],"inLanguage":"en-US"},{"@type":"Organization","@id":"https:\/\/anadolupet.com.tr\/#organization","name":"Anadolu Pet Group","alternateName":"Anadolu Pet","url":"https:\/\/anadolupet.com.tr\/","logo":{"@type":"ImageObject","inLanguage":"en-US","@id":"https:\/\/anadolupet.com.tr\/#\/schema\/logo\/image\/","url":"https:\/\/anadolupet.com.tr\/wp-content\/uploads\/2026\/03\/1614666743370.jpg","contentUrl":"https:\/\/anadolupet.com.tr\/wp-content\/uploads\/2026\/03\/1614666743370.jpg","width":800,"height":571,"caption":"Anadolu Pet Grup"},"image":{"@id":"https:\/\/anadolupet.com.tr\/#\/schema\/logo\/image\/"}}]}},"_links":{"self":[{"href":"https:\/\/anadolupet.com.tr\/en\/wp-json\/wp\/v2\/product\/45803","targetHints":{"allow":["GET"]}}],"collection":[{"href":"https:\/\/anadolupet.com.tr\/en\/wp-json\/wp\/v2\/product"}],"about":[{"href":"https:\/\/anadolupet.com.tr\/en\/wp-json\/wp\/v2\/types\/product"}],"replies":[{"embeddable":true,"href":"https:\/\/anadolupet.com.tr\/en\/wp-json\/wp\/v2\/comments?post=45803"}],"wp:featuredmedia":[{"embeddable":true,"href":"https:\/\/anadolupet.com.tr\/en\/wp-json\/wp\/v2\/media\/43528"}],"wp:attachment":[{"href":"https:\/\/anadolupet.com.tr\/en\/wp-json\/wp\/v2\/media?parent=45803"}],"wp:term":[{"taxonomy":"product_brand","embeddable":true,"href":"https:\/\/anadolupet.com.tr\/en\/wp-json\/wp\/v2\/product_brand?post=45803"},{"taxonomy":"product_cat","embeddable":true,"href":"https:\/\/anadolupet.com.tr\/en\/wp-json\/wp\/v2\/product_cat?post=45803"},{"taxonomy":"product_tag","embeddable":true,"href":"https:\/\/anadolupet.com.tr\/en\/wp-json\/wp\/v2\/product_tag?post=45803"}],"curies":[{"name":"wp","href":"https:\/\/api.w.org\/{rel}","templated":true}]}}