{"id":45806,"date":"2026-02-14T14:44:43","date_gmt":"2026-02-14T14:44:43","guid":{"rendered":"https:\/\/anadolupet.com.tr\/urun\/moderna-eden-hercules-acik-kedi-tuvaleti-50-cm\/"},"modified":"2026-02-23T12:51:28","modified_gmt":"2026-02-23T12:51:28","slug":"moderna-eden-hercules-acik-kedi-tuvaleti-50-cm","status":"publish","type":"product","link":"https:\/\/anadolupet.com.tr\/en\/urun\/moderna-eden-hercules-acik-kedi-tuvaleti-50-cm\/","title":{"rendered":"Moderna Eden Hercules A\u00e7\u0131k Kedi Tuvaleti &#8211; 50 CM"},"content":{"rendered":"","protected":false},"excerpt":{"rendered":"<p>Hercules Eden \u2013 A\u00e7\u0131k Kedi Tuvaleti<br \/>\nDo\u011fay\u0131 evinize ta\u015f\u0131yan \u015f\u0131k ve fonksiyonel tasar\u0131m! Hercules Eden a\u00e7\u0131k kedi tuvaleti, modern monstera yaprak desenli tasar\u0131m\u0131yla evinize estetik bir dokunu\u015f katarken kediniz i\u00e7in konforlu bir kullan\u0131m sunar. A\u00e7\u0131k tasar\u0131m\u0131 ve y\u00fckseltilmi\u015f arka k\u0131sm\u0131 sayesinde kediniz tuvaletten \u00e7\u0131kt\u0131\u011f\u0131nda kumun d\u0131\u015far\u0131 ta\u015fmas\u0131n\u0131 \u00f6nler.<br \/>\n\ud83d\udc3e \u00d6ne \u00c7\u0131kan \u00d6zellikler<br \/>\n\u00c7izilmez &#038; UV korumal\u0131 IML tasar\u0131m \u2013 uzun \u00f6m\u00fcrl\u00fc, canl\u0131 desenler<br \/>\nDayan\u0131kl\u0131 premium plastik \u2013 BPA i\u00e7ermeyen, toksik olmayan ve uzun \u00f6m\u00fcrl\u00fc kullan\u0131m<br \/>\nKum da\u011f\u0131lmas\u0131n\u0131 \u00f6nleyen tasar\u0131m \u2013 y\u00fckseltilmi\u015f arka k\u0131s\u0131m sayesinde hijyenik kullan\u0131m<br \/>\n\u00c7\u0131kar\u0131labilir kenar \u2013 liner torbalar\u0131 sabitleyerek pratik temizlik sa\u011flar<br \/>\nKolay temizlik \u2013 s\u0131cak sabunlu su ile h\u0131zl\u0131 ve hijyenik temizlik<br \/>\nModern monstera yaprak deseni \u2013 evinize do\u011fall\u0131k ve \u015f\u0131kl\u0131k katar<br \/>\nHercules Eden, yenilik\u00e7i IML (In Mould Label) dekorasyon tekni\u011fi sayesinde \u00e7izilmelere ve g\u00fcne\u015f \u0131\u015f\u0131\u011f\u0131na kar\u015f\u0131 dayan\u0131kl\u0131d\u0131r. \u00c7\u0131kar\u0131labilir kenar\u0131 sayesinde liner torbalar kolayca sabitlenir ve temizlik s\u00fcreci minimuma iner.<br \/>\n\ud83d\udccf \u00dcr\u00fcn \u00d6l\u00e7\u00fcleri 50.9 x 39.2 x 19.2 cm<\/p>","protected":false},"featured_media":43559,"comment_status":"open","ping_status":"closed","template":"","meta":{"_acf_changed":false},"product_brand":[],"product_cat":[2430],"product_tag":[],"class_list":{"0":"post-45806","1":"product","2":"type-product","3":"status-publish","4":"has-post-thumbnail","6":"product_cat-kedi-tuvaletleri","8":"first","9":"instock","10":"shipping-taxable","11":"product-type-simple"},"acf":[],"yoast_head":"<!-- This site is optimized with the Yoast SEO plugin v27.5 - https:\/\/yoast.com\/product\/yoast-seo-wordpress\/ -->\n<title>Moderna Eden Hercules A\u00e7\u0131k Kedi Tuvaleti - 50 CM - Anadolu Pet Grup<\/title>\n<meta name=\"robots\" content=\"index, follow, max-snippet:-1, max-image-preview:large, max-video-preview:-1\" \/>\n<link rel=\"canonical\" href=\"https:\/\/anadolupet.com.tr\/en\/product\/moderna-eden-hercules-acik-kedi-tuvaleti-50-cm\/\" \/>\n<meta property=\"og:locale\" content=\"en_US\" \/>\n<meta property=\"og:type\" content=\"article\" \/>\n<meta property=\"og:title\" content=\"Moderna Eden Hercules A\u00e7\u0131k Kedi Tuvaleti - 50 CM - Anadolu Pet Grup\" \/>\n<meta property=\"og:description\" content=\"Hercules Eden \u2013 A\u00e7\u0131k Kedi Tuvaleti Do\u011fay\u0131 evinize ta\u015f\u0131yan \u015f\u0131k ve fonksiyonel tasar\u0131m! Hercules Eden a\u00e7\u0131k kedi tuvaleti, modern monstera yaprak desenli tasar\u0131m\u0131yla evinize estetik bir dokunu\u015f katarken kediniz i\u00e7in konforlu bir kullan\u0131m sunar. A\u00e7\u0131k tasar\u0131m\u0131 ve y\u00fckseltilmi\u015f arka k\u0131sm\u0131 sayesinde kediniz tuvaletten \u00e7\u0131kt\u0131\u011f\u0131nda kumun d\u0131\u015far\u0131 ta\u015fmas\u0131n\u0131 \u00f6nler. \ud83d\udc3e \u00d6ne \u00c7\u0131kan \u00d6zellikler \u00c7izilmez &amp; UV korumal\u0131 IML tasar\u0131m \u2013 uzun \u00f6m\u00fcrl\u00fc, canl\u0131 desenler Dayan\u0131kl\u0131 premium plastik \u2013 BPA i\u00e7ermeyen, toksik olmayan ve uzun \u00f6m\u00fcrl\u00fc kullan\u0131m Kum da\u011f\u0131lmas\u0131n\u0131 \u00f6nleyen tasar\u0131m \u2013 y\u00fckseltilmi\u015f arka k\u0131s\u0131m sayesinde hijyenik kullan\u0131m \u00c7\u0131kar\u0131labilir kenar \u2013 liner torbalar\u0131 sabitleyerek pratik temizlik sa\u011flar Kolay temizlik \u2013 s\u0131cak sabunlu su ile h\u0131zl\u0131 ve hijyenik temizlik Modern monstera yaprak deseni \u2013 evinize do\u011fall\u0131k ve \u015f\u0131kl\u0131k katar Hercules Eden, yenilik\u00e7i IML (In Mould Label) dekorasyon tekni\u011fi sayesinde \u00e7izilmelere ve g\u00fcne\u015f \u0131\u015f\u0131\u011f\u0131na kar\u015f\u0131 dayan\u0131kl\u0131d\u0131r. \u00c7\u0131kar\u0131labilir kenar\u0131 sayesinde liner torbalar kolayca sabitlenir ve temizlik s\u00fcreci minimuma iner. \ud83d\udccf \u00dcr\u00fcn \u00d6l\u00e7\u00fcleri 50.9 x 39.2 x 19.2 cm\" \/>\n<meta property=\"og:url\" content=\"https:\/\/anadolupet.com.tr\/en\/product\/moderna-eden-hercules-acik-kedi-tuvaleti-50-cm\/\" \/>\n<meta property=\"og:site_name\" content=\"Anadolu Pet Grup\" \/>\n<meta property=\"article:modified_time\" content=\"2026-02-23T12:51:28+00:00\" \/>\n<meta property=\"og:image\" content=\"https:\/\/anadolupet.com.tr\/wp-content\/uploads\/2026\/02\/242-K162-0379.jpg\" \/>\n\t<meta property=\"og:image:width\" content=\"750\" \/>\n\t<meta property=\"og:image:height\" content=\"750\" \/>\n\t<meta property=\"og:image:type\" content=\"image\/jpeg\" \/>\n<meta name=\"twitter:card\" content=\"summary_large_image\" \/>\n<script type=\"application\/ld+json\" class=\"yoast-schema-graph\">{\"@context\":\"https:\\\/\\\/schema.org\",\"@graph\":[{\"@type\":\"WebPage\",\"@id\":\"https:\\\/\\\/anadolupet.com.tr\\\/urun\\\/moderna-eden-hercules-acik-kedi-tuvaleti-50-cm\\\/\",\"url\":\"https:\\\/\\\/anadolupet.com.tr\\\/urun\\\/moderna-eden-hercules-acik-kedi-tuvaleti-50-cm\\\/\",\"name\":\"Moderna Eden Hercules A\u00e7\u0131k Kedi Tuvaleti - 50 CM - Anadolu Pet Grup\",\"isPartOf\":{\"@id\":\"https:\\\/\\\/anadolupet.com.tr\\\/#website\"},\"primaryImageOfPage\":{\"@id\":\"https:\\\/\\\/anadolupet.com.tr\\\/urun\\\/moderna-eden-hercules-acik-kedi-tuvaleti-50-cm\\\/#primaryimage\"},\"image\":{\"@id\":\"https:\\\/\\\/anadolupet.com.tr\\\/urun\\\/moderna-eden-hercules-acik-kedi-tuvaleti-50-cm\\\/#primaryimage\"},\"thumbnailUrl\":\"https:\\\/\\\/anadolupet.com.tr\\\/wp-content\\\/uploads\\\/2026\\\/02\\\/242-K162-0379.jpg\",\"datePublished\":\"2026-02-14T14:44:43+00:00\",\"dateModified\":\"2026-02-23T12:51:28+00:00\",\"breadcrumb\":{\"@id\":\"https:\\\/\\\/anadolupet.com.tr\\\/urun\\\/moderna-eden-hercules-acik-kedi-tuvaleti-50-cm\\\/#breadcrumb\"},\"inLanguage\":\"en-US\",\"potentialAction\":[{\"@type\":\"ReadAction\",\"target\":[\"https:\\\/\\\/anadolupet.com.tr\\\/urun\\\/moderna-eden-hercules-acik-kedi-tuvaleti-50-cm\\\/\"]}]},{\"@type\":\"ImageObject\",\"inLanguage\":\"en-US\",\"@id\":\"https:\\\/\\\/anadolupet.com.tr\\\/urun\\\/moderna-eden-hercules-acik-kedi-tuvaleti-50-cm\\\/#primaryimage\",\"url\":\"https:\\\/\\\/anadolupet.com.tr\\\/wp-content\\\/uploads\\\/2026\\\/02\\\/242-K162-0379.jpg\",\"contentUrl\":\"https:\\\/\\\/anadolupet.com.tr\\\/wp-content\\\/uploads\\\/2026\\\/02\\\/242-K162-0379.jpg\",\"width\":750,\"height\":750},{\"@type\":\"BreadcrumbList\",\"@id\":\"https:\\\/\\\/anadolupet.com.tr\\\/urun\\\/moderna-eden-hercules-acik-kedi-tuvaleti-50-cm\\\/#breadcrumb\",\"itemListElement\":[{\"@type\":\"ListItem\",\"position\":1,\"name\":\"Anasayfa\",\"item\":\"https:\\\/\\\/anadolupet.com.tr\\\/\"},{\"@type\":\"ListItem\",\"position\":2,\"name\":\"\u00dcr\u00fcnler\",\"item\":\"https:\\\/\\\/anadolupet.com.tr\\\/urunler\\\/\"},{\"@type\":\"ListItem\",\"position\":3,\"name\":\"Moderna Eden Hercules A\u00e7\u0131k Kedi Tuvaleti &#8211; 50 CM\"}]},{\"@type\":\"WebSite\",\"@id\":\"https:\\\/\\\/anadolupet.com.tr\\\/#website\",\"url\":\"https:\\\/\\\/anadolupet.com.tr\\\/\",\"name\":\"Anadolu Pet Grup\",\"description\":\"Her Can\u0131n \u0130yi Ya\u015fam\u0131 \u0130\u00e7in Biraraday\u0131z\",\"publisher\":{\"@id\":\"https:\\\/\\\/anadolupet.com.tr\\\/#organization\"},\"potentialAction\":[{\"@type\":\"SearchAction\",\"target\":{\"@type\":\"EntryPoint\",\"urlTemplate\":\"https:\\\/\\\/anadolupet.com.tr\\\/?s={search_term_string}\"},\"query-input\":{\"@type\":\"PropertyValueSpecification\",\"valueRequired\":true,\"valueName\":\"search_term_string\"}}],\"inLanguage\":\"en-US\"},{\"@type\":\"Organization\",\"@id\":\"https:\\\/\\\/anadolupet.com.tr\\\/#organization\",\"name\":\"Anadolu Pet Grup\",\"alternateName\":\"Anadolu Pet\",\"url\":\"https:\\\/\\\/anadolupet.com.tr\\\/\",\"logo\":{\"@type\":\"ImageObject\",\"inLanguage\":\"en-US\",\"@id\":\"https:\\\/\\\/anadolupet.com.tr\\\/#\\\/schema\\\/logo\\\/image\\\/\",\"url\":\"https:\\\/\\\/anadolupet.com.tr\\\/wp-content\\\/uploads\\\/2026\\\/03\\\/1614666743370.jpg\",\"contentUrl\":\"https:\\\/\\\/anadolupet.com.tr\\\/wp-content\\\/uploads\\\/2026\\\/03\\\/1614666743370.jpg\",\"width\":800,\"height\":571,\"caption\":\"Anadolu Pet Grup\"},\"image\":{\"@id\":\"https:\\\/\\\/anadolupet.com.tr\\\/#\\\/schema\\\/logo\\\/image\\\/\"}}]}<\/script>\n<!-- \/ Yoast SEO plugin. -->","yoast_head_json":{"title":"Moderna Eden Hercules A\u00e7\u0131k Kedi Tuvaleti - 50 CM - Anadolu Pet Grup","robots":{"index":"index","follow":"follow","max-snippet":"max-snippet:-1","max-image-preview":"max-image-preview:large","max-video-preview":"max-video-preview:-1"},"canonical":"https:\/\/anadolupet.com.tr\/en\/product\/moderna-eden-hercules-acik-kedi-tuvaleti-50-cm\/","og_locale":"en_US","og_type":"article","og_title":"Moderna Eden Hercules A\u00e7\u0131k Kedi Tuvaleti - 50 CM - Anadolu Pet Grup","og_description":"Hercules Eden \u2013 A\u00e7\u0131k Kedi Tuvaleti Do\u011fay\u0131 evinize ta\u015f\u0131yan \u015f\u0131k ve fonksiyonel tasar\u0131m! Hercules Eden a\u00e7\u0131k kedi tuvaleti, modern monstera yaprak desenli tasar\u0131m\u0131yla evinize estetik bir dokunu\u015f katarken kediniz i\u00e7in konforlu bir kullan\u0131m sunar. A\u00e7\u0131k tasar\u0131m\u0131 ve y\u00fckseltilmi\u015f arka k\u0131sm\u0131 sayesinde kediniz tuvaletten \u00e7\u0131kt\u0131\u011f\u0131nda kumun d\u0131\u015far\u0131 ta\u015fmas\u0131n\u0131 \u00f6nler. \ud83d\udc3e \u00d6ne \u00c7\u0131kan \u00d6zellikler \u00c7izilmez & UV korumal\u0131 IML tasar\u0131m \u2013 uzun \u00f6m\u00fcrl\u00fc, canl\u0131 desenler Dayan\u0131kl\u0131 premium plastik \u2013 BPA i\u00e7ermeyen, toksik olmayan ve uzun \u00f6m\u00fcrl\u00fc kullan\u0131m Kum da\u011f\u0131lmas\u0131n\u0131 \u00f6nleyen tasar\u0131m \u2013 y\u00fckseltilmi\u015f arka k\u0131s\u0131m sayesinde hijyenik kullan\u0131m \u00c7\u0131kar\u0131labilir kenar \u2013 liner torbalar\u0131 sabitleyerek pratik temizlik sa\u011flar Kolay temizlik \u2013 s\u0131cak sabunlu su ile h\u0131zl\u0131 ve hijyenik temizlik Modern monstera yaprak deseni \u2013 evinize do\u011fall\u0131k ve \u015f\u0131kl\u0131k katar Hercules Eden, yenilik\u00e7i IML (In Mould Label) dekorasyon tekni\u011fi sayesinde \u00e7izilmelere ve g\u00fcne\u015f \u0131\u015f\u0131\u011f\u0131na kar\u015f\u0131 dayan\u0131kl\u0131d\u0131r. \u00c7\u0131kar\u0131labilir kenar\u0131 sayesinde liner torbalar kolayca sabitlenir ve temizlik s\u00fcreci minimuma iner. \ud83d\udccf \u00dcr\u00fcn \u00d6l\u00e7\u00fcleri 50.9 x 39.2 x 19.2 cm","og_url":"https:\/\/anadolupet.com.tr\/en\/product\/moderna-eden-hercules-acik-kedi-tuvaleti-50-cm\/","og_site_name":"Anadolu Pet Grup","article_modified_time":"2026-02-23T12:51:28+00:00","og_image":[{"width":750,"height":750,"url":"https:\/\/anadolupet.com.tr\/wp-content\/uploads\/2026\/02\/242-K162-0379.jpg","type":"image\/jpeg"}],"twitter_card":"summary_large_image","schema":{"@context":"https:\/\/schema.org","@graph":[{"@type":"WebPage","@id":"https:\/\/anadolupet.com.tr\/urun\/moderna-eden-hercules-acik-kedi-tuvaleti-50-cm\/","url":"https:\/\/anadolupet.com.tr\/urun\/moderna-eden-hercules-acik-kedi-tuvaleti-50-cm\/","name":"Moderna Eden Hercules A\u00e7\u0131k Kedi Tuvaleti - 50 CM - Anadolu Pet Grup","isPartOf":{"@id":"https:\/\/anadolupet.com.tr\/#website"},"primaryImageOfPage":{"@id":"https:\/\/anadolupet.com.tr\/urun\/moderna-eden-hercules-acik-kedi-tuvaleti-50-cm\/#primaryimage"},"image":{"@id":"https:\/\/anadolupet.com.tr\/urun\/moderna-eden-hercules-acik-kedi-tuvaleti-50-cm\/#primaryimage"},"thumbnailUrl":"https:\/\/anadolupet.com.tr\/wp-content\/uploads\/2026\/02\/242-K162-0379.jpg","datePublished":"2026-02-14T14:44:43+00:00","dateModified":"2026-02-23T12:51:28+00:00","breadcrumb":{"@id":"https:\/\/anadolupet.com.tr\/urun\/moderna-eden-hercules-acik-kedi-tuvaleti-50-cm\/#breadcrumb"},"inLanguage":"en-US","potentialAction":[{"@type":"ReadAction","target":["https:\/\/anadolupet.com.tr\/urun\/moderna-eden-hercules-acik-kedi-tuvaleti-50-cm\/"]}]},{"@type":"ImageObject","inLanguage":"en-US","@id":"https:\/\/anadolupet.com.tr\/urun\/moderna-eden-hercules-acik-kedi-tuvaleti-50-cm\/#primaryimage","url":"https:\/\/anadolupet.com.tr\/wp-content\/uploads\/2026\/02\/242-K162-0379.jpg","contentUrl":"https:\/\/anadolupet.com.tr\/wp-content\/uploads\/2026\/02\/242-K162-0379.jpg","width":750,"height":750},{"@type":"BreadcrumbList","@id":"https:\/\/anadolupet.com.tr\/urun\/moderna-eden-hercules-acik-kedi-tuvaleti-50-cm\/#breadcrumb","itemListElement":[{"@type":"ListItem","position":1,"name":"Anasayfa","item":"https:\/\/anadolupet.com.tr\/"},{"@type":"ListItem","position":2,"name":"\u00dcr\u00fcnler","item":"https:\/\/anadolupet.com.tr\/urunler\/"},{"@type":"ListItem","position":3,"name":"Moderna Eden Hercules A\u00e7\u0131k Kedi Tuvaleti &#8211; 50 CM"}]},{"@type":"WebSite","@id":"https:\/\/anadolupet.com.tr\/#website","url":"https:\/\/anadolupet.com.tr\/","name":"Anadolu Pet Group","description":"We Stand Together for the Well-Being of Every Life","publisher":{"@id":"https:\/\/anadolupet.com.tr\/#organization"},"potentialAction":[{"@type":"SearchAction","target":{"@type":"EntryPoint","urlTemplate":"https:\/\/anadolupet.com.tr\/?s={search_term_string}"},"query-input":{"@type":"PropertyValueSpecification","valueRequired":true,"valueName":"search_term_string"}}],"inLanguage":"en-US"},{"@type":"Organization","@id":"https:\/\/anadolupet.com.tr\/#organization","name":"Anadolu Pet Group","alternateName":"Anadolu Pet","url":"https:\/\/anadolupet.com.tr\/","logo":{"@type":"ImageObject","inLanguage":"en-US","@id":"https:\/\/anadolupet.com.tr\/#\/schema\/logo\/image\/","url":"https:\/\/anadolupet.com.tr\/wp-content\/uploads\/2026\/03\/1614666743370.jpg","contentUrl":"https:\/\/anadolupet.com.tr\/wp-content\/uploads\/2026\/03\/1614666743370.jpg","width":800,"height":571,"caption":"Anadolu Pet Grup"},"image":{"@id":"https:\/\/anadolupet.com.tr\/#\/schema\/logo\/image\/"}}]}},"_links":{"self":[{"href":"https:\/\/anadolupet.com.tr\/en\/wp-json\/wp\/v2\/product\/45806","targetHints":{"allow":["GET"]}}],"collection":[{"href":"https:\/\/anadolupet.com.tr\/en\/wp-json\/wp\/v2\/product"}],"about":[{"href":"https:\/\/anadolupet.com.tr\/en\/wp-json\/wp\/v2\/types\/product"}],"replies":[{"embeddable":true,"href":"https:\/\/anadolupet.com.tr\/en\/wp-json\/wp\/v2\/comments?post=45806"}],"wp:featuredmedia":[{"embeddable":true,"href":"https:\/\/anadolupet.com.tr\/en\/wp-json\/wp\/v2\/media\/43559"}],"wp:attachment":[{"href":"https:\/\/anadolupet.com.tr\/en\/wp-json\/wp\/v2\/media?parent=45806"}],"wp:term":[{"taxonomy":"product_brand","embeddable":true,"href":"https:\/\/anadolupet.com.tr\/en\/wp-json\/wp\/v2\/product_brand?post=45806"},{"taxonomy":"product_cat","embeddable":true,"href":"https:\/\/anadolupet.com.tr\/en\/wp-json\/wp\/v2\/product_cat?post=45806"},{"taxonomy":"product_tag","embeddable":true,"href":"https:\/\/anadolupet.com.tr\/en\/wp-json\/wp\/v2\/product_tag?post=45806"}],"curies":[{"name":"wp","href":"https:\/\/api.w.org\/{rel}","templated":true}]}}