{"id":45813,"date":"2026-02-14T14:44:44","date_gmt":"2026-02-14T14:44:44","guid":{"rendered":"https:\/\/anadolupet.com.tr\/urun\/moderna-flip-koseli-filtreli-kedi-tuvaleti-gri\/"},"modified":"2026-02-23T12:51:28","modified_gmt":"2026-02-23T12:51:28","slug":"moderna-flip-koseli-filtreli-kedi-tuvaleti-gri","status":"publish","type":"product","link":"https:\/\/anadolupet.com.tr\/en\/urun\/moderna-flip-koseli-filtreli-kedi-tuvaleti-gri\/","title":{"rendered":"Moderna Flip K\u00f6\u015feli Filtreli Kedi Tuvaleti &#8211; Gri"},"content":{"rendered":"","protected":false},"excerpt":{"rendered":"<p>Flip Corner \u2013 K\u00f6\u015feye Yerle\u015ftirilebilir Kapal\u0131 Kedi Tuvaleti<br \/>\nDar alanlar i\u00e7in ak\u0131ll\u0131 \u00e7\u00f6z\u00fcm! Flip Corner, k\u00f6\u015feye yerle\u015ftirilebilen \u00f6zel tasar\u0131m\u0131yla evinizde yerden tasarruf sa\u011flar. Flip kapak sistemi sayesinde g\u00fcnl\u00fck temizlik \u00e7ok daha kolayd\u0131r. Kediniz i\u00e7in mahremiyet sunarken sizin i\u00e7in pratik kullan\u0131m avantajlar\u0131 sa\u011flar.<br \/>\n\ud83d\udc3e \u00d6ne \u00c7\u0131kan \u00d6zellikler<br \/>\nK\u00f6\u015fe tasar\u0131m\u0131 \u2013 dar alanlarda ideal kullan\u0131m<br \/>\nFlip kapak sistemi \u2013 g\u00fcnl\u00fck temizli\u011fi zahmetsiz hale getirir<br \/>\nYar\u0131 \u015feffaf kap\u0131 \u2013 kediniz i\u00e7in mahremiyet sa\u011flar<br \/>\nKolay ta\u015f\u0131mak i\u00e7in entegre sap<br \/>\nK\u00f6t\u00fc kokular\u0131 hapseden filtre sistemi<br \/>\nDahil edilen k\u00fcrek ile pratik temizlik<br \/>\nClip-lock kilitler \u2013 kutuyu g\u00fcvenli \u015fekilde sabitler<br \/>\nIl\u0131k sabunlu su ile kolay temizlik<br \/>\nUzun \u00f6m\u00fcrl\u00fc kullan\u0131m i\u00e7in premium plastik malzeme<br \/>\n%100 geri d\u00f6n\u00fc\u015ft\u00fcr\u00fclebilir, \u00e7evre dostu \u00fcretim<br \/>\nFlip Corner, kediniz i\u00e7in geni\u015f ve konforlu bir alan sunarken evinizde estetik bir g\u00f6r\u00fcn\u00fcm sa\u011flar. Pratik sap\u0131 sayesinde kolayca ta\u015f\u0131nabilir, filtre sistemiyle k\u00f6t\u00fc kokular hapsedilir ve \u015feffaf kap\u0131 kedinize mahremiyet sa\u011flar.<br \/>\n\ud83d\udccf \u00dcr\u00fcn \u00d6l\u00e7\u00fcleri 56.3 x 44.4 x 36.4 cm<\/p>","protected":false},"featured_media":43489,"comment_status":"open","ping_status":"closed","template":"","meta":{"_acf_changed":false},"product_brand":[],"product_cat":[2430],"product_tag":[],"class_list":{"0":"post-45813","1":"product","2":"type-product","3":"status-publish","4":"has-post-thumbnail","6":"product_cat-kedi-tuvaletleri","8":"first","9":"instock","10":"shipping-taxable","11":"product-type-simple"},"acf":[],"yoast_head":"<!-- This site is optimized with the Yoast SEO plugin v27.5 - https:\/\/yoast.com\/product\/yoast-seo-wordpress\/ -->\n<title>Moderna Flip K\u00f6\u015feli Filtreli Kedi Tuvaleti - Gri - Anadolu Pet Grup<\/title>\n<meta name=\"robots\" content=\"index, follow, max-snippet:-1, max-image-preview:large, max-video-preview:-1\" \/>\n<link rel=\"canonical\" href=\"https:\/\/anadolupet.com.tr\/en\/product\/moderna-flip-koseli-filtreli-kedi-tuvaleti-gri\/\" \/>\n<meta property=\"og:locale\" content=\"en_US\" \/>\n<meta property=\"og:type\" content=\"article\" \/>\n<meta property=\"og:title\" content=\"Moderna Flip K\u00f6\u015feli Filtreli Kedi Tuvaleti - Gri - Anadolu Pet Grup\" \/>\n<meta property=\"og:description\" content=\"Flip Corner \u2013 K\u00f6\u015feye Yerle\u015ftirilebilir Kapal\u0131 Kedi Tuvaleti Dar alanlar i\u00e7in ak\u0131ll\u0131 \u00e7\u00f6z\u00fcm! Flip Corner, k\u00f6\u015feye yerle\u015ftirilebilen \u00f6zel tasar\u0131m\u0131yla evinizde yerden tasarruf sa\u011flar. Flip kapak sistemi sayesinde g\u00fcnl\u00fck temizlik \u00e7ok daha kolayd\u0131r. Kediniz i\u00e7in mahremiyet sunarken sizin i\u00e7in pratik kullan\u0131m avantajlar\u0131 sa\u011flar. \ud83d\udc3e \u00d6ne \u00c7\u0131kan \u00d6zellikler K\u00f6\u015fe tasar\u0131m\u0131 \u2013 dar alanlarda ideal kullan\u0131m Flip kapak sistemi \u2013 g\u00fcnl\u00fck temizli\u011fi zahmetsiz hale getirir Yar\u0131 \u015feffaf kap\u0131 \u2013 kediniz i\u00e7in mahremiyet sa\u011flar Kolay ta\u015f\u0131mak i\u00e7in entegre sap K\u00f6t\u00fc kokular\u0131 hapseden filtre sistemi Dahil edilen k\u00fcrek ile pratik temizlik Clip-lock kilitler \u2013 kutuyu g\u00fcvenli \u015fekilde sabitler Il\u0131k sabunlu su ile kolay temizlik Uzun \u00f6m\u00fcrl\u00fc kullan\u0131m i\u00e7in premium plastik malzeme %100 geri d\u00f6n\u00fc\u015ft\u00fcr\u00fclebilir, \u00e7evre dostu \u00fcretim Flip Corner, kediniz i\u00e7in geni\u015f ve konforlu bir alan sunarken evinizde estetik bir g\u00f6r\u00fcn\u00fcm sa\u011flar. Pratik sap\u0131 sayesinde kolayca ta\u015f\u0131nabilir, filtre sistemiyle k\u00f6t\u00fc kokular hapsedilir ve \u015feffaf kap\u0131 kedinize mahremiyet sa\u011flar. \ud83d\udccf \u00dcr\u00fcn \u00d6l\u00e7\u00fcleri 56.3 x 44.4 x 36.4 cm\" \/>\n<meta property=\"og:url\" content=\"https:\/\/anadolupet.com.tr\/en\/product\/moderna-flip-koseli-filtreli-kedi-tuvaleti-gri\/\" \/>\n<meta property=\"og:site_name\" content=\"Anadolu Pet Grup\" \/>\n<meta property=\"article:modified_time\" content=\"2026-02-23T12:51:28+00:00\" \/>\n<meta property=\"og:image\" content=\"https:\/\/anadolupet.com.tr\/wp-content\/uploads\/2026\/02\/242-C250-330.jpg\" \/>\n\t<meta property=\"og:image:width\" content=\"750\" \/>\n\t<meta property=\"og:image:height\" content=\"750\" \/>\n\t<meta property=\"og:image:type\" content=\"image\/jpeg\" \/>\n<meta name=\"twitter:card\" content=\"summary_large_image\" \/>\n<script type=\"application\/ld+json\" class=\"yoast-schema-graph\">{\"@context\":\"https:\\\/\\\/schema.org\",\"@graph\":[{\"@type\":\"WebPage\",\"@id\":\"https:\\\/\\\/anadolupet.com.tr\\\/urun\\\/moderna-flip-koseli-filtreli-kedi-tuvaleti-gri\\\/\",\"url\":\"https:\\\/\\\/anadolupet.com.tr\\\/urun\\\/moderna-flip-koseli-filtreli-kedi-tuvaleti-gri\\\/\",\"name\":\"Moderna Flip K\u00f6\u015feli Filtreli Kedi Tuvaleti - Gri - Anadolu Pet Grup\",\"isPartOf\":{\"@id\":\"https:\\\/\\\/anadolupet.com.tr\\\/#website\"},\"primaryImageOfPage\":{\"@id\":\"https:\\\/\\\/anadolupet.com.tr\\\/urun\\\/moderna-flip-koseli-filtreli-kedi-tuvaleti-gri\\\/#primaryimage\"},\"image\":{\"@id\":\"https:\\\/\\\/anadolupet.com.tr\\\/urun\\\/moderna-flip-koseli-filtreli-kedi-tuvaleti-gri\\\/#primaryimage\"},\"thumbnailUrl\":\"https:\\\/\\\/anadolupet.com.tr\\\/wp-content\\\/uploads\\\/2026\\\/02\\\/242-C250-330.jpg\",\"datePublished\":\"2026-02-14T14:44:44+00:00\",\"dateModified\":\"2026-02-23T12:51:28+00:00\",\"breadcrumb\":{\"@id\":\"https:\\\/\\\/anadolupet.com.tr\\\/urun\\\/moderna-flip-koseli-filtreli-kedi-tuvaleti-gri\\\/#breadcrumb\"},\"inLanguage\":\"en-US\",\"potentialAction\":[{\"@type\":\"ReadAction\",\"target\":[\"https:\\\/\\\/anadolupet.com.tr\\\/urun\\\/moderna-flip-koseli-filtreli-kedi-tuvaleti-gri\\\/\"]}]},{\"@type\":\"ImageObject\",\"inLanguage\":\"en-US\",\"@id\":\"https:\\\/\\\/anadolupet.com.tr\\\/urun\\\/moderna-flip-koseli-filtreli-kedi-tuvaleti-gri\\\/#primaryimage\",\"url\":\"https:\\\/\\\/anadolupet.com.tr\\\/wp-content\\\/uploads\\\/2026\\\/02\\\/242-C250-330.jpg\",\"contentUrl\":\"https:\\\/\\\/anadolupet.com.tr\\\/wp-content\\\/uploads\\\/2026\\\/02\\\/242-C250-330.jpg\",\"width\":750,\"height\":750},{\"@type\":\"BreadcrumbList\",\"@id\":\"https:\\\/\\\/anadolupet.com.tr\\\/urun\\\/moderna-flip-koseli-filtreli-kedi-tuvaleti-gri\\\/#breadcrumb\",\"itemListElement\":[{\"@type\":\"ListItem\",\"position\":1,\"name\":\"Anasayfa\",\"item\":\"https:\\\/\\\/anadolupet.com.tr\\\/\"},{\"@type\":\"ListItem\",\"position\":2,\"name\":\"\u00dcr\u00fcnler\",\"item\":\"https:\\\/\\\/anadolupet.com.tr\\\/urunler\\\/\"},{\"@type\":\"ListItem\",\"position\":3,\"name\":\"Moderna Flip K\u00f6\u015feli Filtreli Kedi Tuvaleti &#8211; Gri\"}]},{\"@type\":\"WebSite\",\"@id\":\"https:\\\/\\\/anadolupet.com.tr\\\/#website\",\"url\":\"https:\\\/\\\/anadolupet.com.tr\\\/\",\"name\":\"Anadolu Pet Grup\",\"description\":\"Her Can\u0131n \u0130yi Ya\u015fam\u0131 \u0130\u00e7in Biraraday\u0131z\",\"publisher\":{\"@id\":\"https:\\\/\\\/anadolupet.com.tr\\\/#organization\"},\"potentialAction\":[{\"@type\":\"SearchAction\",\"target\":{\"@type\":\"EntryPoint\",\"urlTemplate\":\"https:\\\/\\\/anadolupet.com.tr\\\/?s={search_term_string}\"},\"query-input\":{\"@type\":\"PropertyValueSpecification\",\"valueRequired\":true,\"valueName\":\"search_term_string\"}}],\"inLanguage\":\"en-US\"},{\"@type\":\"Organization\",\"@id\":\"https:\\\/\\\/anadolupet.com.tr\\\/#organization\",\"name\":\"Anadolu Pet Grup\",\"alternateName\":\"Anadolu Pet\",\"url\":\"https:\\\/\\\/anadolupet.com.tr\\\/\",\"logo\":{\"@type\":\"ImageObject\",\"inLanguage\":\"en-US\",\"@id\":\"https:\\\/\\\/anadolupet.com.tr\\\/#\\\/schema\\\/logo\\\/image\\\/\",\"url\":\"https:\\\/\\\/anadolupet.com.tr\\\/wp-content\\\/uploads\\\/2026\\\/03\\\/1614666743370.jpg\",\"contentUrl\":\"https:\\\/\\\/anadolupet.com.tr\\\/wp-content\\\/uploads\\\/2026\\\/03\\\/1614666743370.jpg\",\"width\":800,\"height\":571,\"caption\":\"Anadolu Pet Grup\"},\"image\":{\"@id\":\"https:\\\/\\\/anadolupet.com.tr\\\/#\\\/schema\\\/logo\\\/image\\\/\"}}]}<\/script>\n<!-- \/ Yoast SEO plugin. -->","yoast_head_json":{"title":"Moderna Flip K\u00f6\u015feli Filtreli Kedi Tuvaleti - Gri - Anadolu Pet Grup","robots":{"index":"index","follow":"follow","max-snippet":"max-snippet:-1","max-image-preview":"max-image-preview:large","max-video-preview":"max-video-preview:-1"},"canonical":"https:\/\/anadolupet.com.tr\/en\/product\/moderna-flip-koseli-filtreli-kedi-tuvaleti-gri\/","og_locale":"en_US","og_type":"article","og_title":"Moderna Flip K\u00f6\u015feli Filtreli Kedi Tuvaleti - Gri - Anadolu Pet Grup","og_description":"Flip Corner \u2013 K\u00f6\u015feye Yerle\u015ftirilebilir Kapal\u0131 Kedi Tuvaleti Dar alanlar i\u00e7in ak\u0131ll\u0131 \u00e7\u00f6z\u00fcm! Flip Corner, k\u00f6\u015feye yerle\u015ftirilebilen \u00f6zel tasar\u0131m\u0131yla evinizde yerden tasarruf sa\u011flar. Flip kapak sistemi sayesinde g\u00fcnl\u00fck temizlik \u00e7ok daha kolayd\u0131r. Kediniz i\u00e7in mahremiyet sunarken sizin i\u00e7in pratik kullan\u0131m avantajlar\u0131 sa\u011flar. \ud83d\udc3e \u00d6ne \u00c7\u0131kan \u00d6zellikler K\u00f6\u015fe tasar\u0131m\u0131 \u2013 dar alanlarda ideal kullan\u0131m Flip kapak sistemi \u2013 g\u00fcnl\u00fck temizli\u011fi zahmetsiz hale getirir Yar\u0131 \u015feffaf kap\u0131 \u2013 kediniz i\u00e7in mahremiyet sa\u011flar Kolay ta\u015f\u0131mak i\u00e7in entegre sap K\u00f6t\u00fc kokular\u0131 hapseden filtre sistemi Dahil edilen k\u00fcrek ile pratik temizlik Clip-lock kilitler \u2013 kutuyu g\u00fcvenli \u015fekilde sabitler Il\u0131k sabunlu su ile kolay temizlik Uzun \u00f6m\u00fcrl\u00fc kullan\u0131m i\u00e7in premium plastik malzeme %100 geri d\u00f6n\u00fc\u015ft\u00fcr\u00fclebilir, \u00e7evre dostu \u00fcretim Flip Corner, kediniz i\u00e7in geni\u015f ve konforlu bir alan sunarken evinizde estetik bir g\u00f6r\u00fcn\u00fcm sa\u011flar. Pratik sap\u0131 sayesinde kolayca ta\u015f\u0131nabilir, filtre sistemiyle k\u00f6t\u00fc kokular hapsedilir ve \u015feffaf kap\u0131 kedinize mahremiyet sa\u011flar. \ud83d\udccf \u00dcr\u00fcn \u00d6l\u00e7\u00fcleri 56.3 x 44.4 x 36.4 cm","og_url":"https:\/\/anadolupet.com.tr\/en\/product\/moderna-flip-koseli-filtreli-kedi-tuvaleti-gri\/","og_site_name":"Anadolu Pet Grup","article_modified_time":"2026-02-23T12:51:28+00:00","og_image":[{"width":750,"height":750,"url":"https:\/\/anadolupet.com.tr\/wp-content\/uploads\/2026\/02\/242-C250-330.jpg","type":"image\/jpeg"}],"twitter_card":"summary_large_image","schema":{"@context":"https:\/\/schema.org","@graph":[{"@type":"WebPage","@id":"https:\/\/anadolupet.com.tr\/urun\/moderna-flip-koseli-filtreli-kedi-tuvaleti-gri\/","url":"https:\/\/anadolupet.com.tr\/urun\/moderna-flip-koseli-filtreli-kedi-tuvaleti-gri\/","name":"Moderna Flip K\u00f6\u015feli Filtreli Kedi Tuvaleti - Gri - Anadolu Pet Grup","isPartOf":{"@id":"https:\/\/anadolupet.com.tr\/#website"},"primaryImageOfPage":{"@id":"https:\/\/anadolupet.com.tr\/urun\/moderna-flip-koseli-filtreli-kedi-tuvaleti-gri\/#primaryimage"},"image":{"@id":"https:\/\/anadolupet.com.tr\/urun\/moderna-flip-koseli-filtreli-kedi-tuvaleti-gri\/#primaryimage"},"thumbnailUrl":"https:\/\/anadolupet.com.tr\/wp-content\/uploads\/2026\/02\/242-C250-330.jpg","datePublished":"2026-02-14T14:44:44+00:00","dateModified":"2026-02-23T12:51:28+00:00","breadcrumb":{"@id":"https:\/\/anadolupet.com.tr\/urun\/moderna-flip-koseli-filtreli-kedi-tuvaleti-gri\/#breadcrumb"},"inLanguage":"en-US","potentialAction":[{"@type":"ReadAction","target":["https:\/\/anadolupet.com.tr\/urun\/moderna-flip-koseli-filtreli-kedi-tuvaleti-gri\/"]}]},{"@type":"ImageObject","inLanguage":"en-US","@id":"https:\/\/anadolupet.com.tr\/urun\/moderna-flip-koseli-filtreli-kedi-tuvaleti-gri\/#primaryimage","url":"https:\/\/anadolupet.com.tr\/wp-content\/uploads\/2026\/02\/242-C250-330.jpg","contentUrl":"https:\/\/anadolupet.com.tr\/wp-content\/uploads\/2026\/02\/242-C250-330.jpg","width":750,"height":750},{"@type":"BreadcrumbList","@id":"https:\/\/anadolupet.com.tr\/urun\/moderna-flip-koseli-filtreli-kedi-tuvaleti-gri\/#breadcrumb","itemListElement":[{"@type":"ListItem","position":1,"name":"Anasayfa","item":"https:\/\/anadolupet.com.tr\/"},{"@type":"ListItem","position":2,"name":"\u00dcr\u00fcnler","item":"https:\/\/anadolupet.com.tr\/urunler\/"},{"@type":"ListItem","position":3,"name":"Moderna Flip K\u00f6\u015feli Filtreli Kedi Tuvaleti &#8211; Gri"}]},{"@type":"WebSite","@id":"https:\/\/anadolupet.com.tr\/#website","url":"https:\/\/anadolupet.com.tr\/","name":"Anadolu Pet Group","description":"We Stand Together for the Well-Being of Every Life","publisher":{"@id":"https:\/\/anadolupet.com.tr\/#organization"},"potentialAction":[{"@type":"SearchAction","target":{"@type":"EntryPoint","urlTemplate":"https:\/\/anadolupet.com.tr\/?s={search_term_string}"},"query-input":{"@type":"PropertyValueSpecification","valueRequired":true,"valueName":"search_term_string"}}],"inLanguage":"en-US"},{"@type":"Organization","@id":"https:\/\/anadolupet.com.tr\/#organization","name":"Anadolu Pet Group","alternateName":"Anadolu Pet","url":"https:\/\/anadolupet.com.tr\/","logo":{"@type":"ImageObject","inLanguage":"en-US","@id":"https:\/\/anadolupet.com.tr\/#\/schema\/logo\/image\/","url":"https:\/\/anadolupet.com.tr\/wp-content\/uploads\/2026\/03\/1614666743370.jpg","contentUrl":"https:\/\/anadolupet.com.tr\/wp-content\/uploads\/2026\/03\/1614666743370.jpg","width":800,"height":571,"caption":"Anadolu Pet Grup"},"image":{"@id":"https:\/\/anadolupet.com.tr\/#\/schema\/logo\/image\/"}}]}},"_links":{"self":[{"href":"https:\/\/anadolupet.com.tr\/en\/wp-json\/wp\/v2\/product\/45813","targetHints":{"allow":["GET"]}}],"collection":[{"href":"https:\/\/anadolupet.com.tr\/en\/wp-json\/wp\/v2\/product"}],"about":[{"href":"https:\/\/anadolupet.com.tr\/en\/wp-json\/wp\/v2\/types\/product"}],"replies":[{"embeddable":true,"href":"https:\/\/anadolupet.com.tr\/en\/wp-json\/wp\/v2\/comments?post=45813"}],"wp:featuredmedia":[{"embeddable":true,"href":"https:\/\/anadolupet.com.tr\/en\/wp-json\/wp\/v2\/media\/43489"}],"wp:attachment":[{"href":"https:\/\/anadolupet.com.tr\/en\/wp-json\/wp\/v2\/media?parent=45813"}],"wp:term":[{"taxonomy":"product_brand","embeddable":true,"href":"https:\/\/anadolupet.com.tr\/en\/wp-json\/wp\/v2\/product_brand?post=45813"},{"taxonomy":"product_cat","embeddable":true,"href":"https:\/\/anadolupet.com.tr\/en\/wp-json\/wp\/v2\/product_cat?post=45813"},{"taxonomy":"product_tag","embeddable":true,"href":"https:\/\/anadolupet.com.tr\/en\/wp-json\/wp\/v2\/product_tag?post=45813"}],"curies":[{"name":"wp","href":"https:\/\/api.w.org\/{rel}","templated":true}]}}