{"id":45826,"date":"2026-02-14T14:44:47","date_gmt":"2026-02-14T14:44:47","guid":{"rendered":"https:\/\/anadolupet.com.tr\/?post_type=product&#038;p=45826"},"modified":"2026-02-23T12:51:29","modified_gmt":"2026-02-23T12:51:29","slug":"moderna-lotus-geri-donusum-kedi-tuvaleti-44x439x405-cm","status":"publish","type":"product","link":"https:\/\/anadolupet.com.tr\/en\/urun\/moderna-lotus-geri-donusum-kedi-tuvaleti-44x439x405-cm\/","title":{"rendered":"Moderna Lotus Geri D\u00f6n\u00fc\u015f\u00fcm Kedi Tuvaleti 44&#215;43,9&#215;40,5 cm"},"content":{"rendered":"","protected":false},"excerpt":{"rendered":"<p>Lotus Kedi Tuvaleti<br \/>\nModern tasar\u0131m, geni\u015f kullan\u0131m alan\u0131 ve kolay temizlik! Lotus Kedi Tuvaleti, kedinizin ihtiya\u00e7lar\u0131n\u0131 kar\u015f\u0131lamak i\u00e7in hem \u015f\u0131k hem de fonksiyonel bir \u00e7\u00f6z\u00fcm sunar. Esnek tasar\u0131m\u0131 ve kenarlar\u0131ndaki kulplar\u0131 sayesinde kumu bo\u015faltmak \u00e7ok daha kolayd\u0131r. Geni\u015f i\u00e7 hacmiyle kediniz rahat\u00e7a hareket edebilir.<br \/>\n\u00d6ne \u00c7\u0131kan \u00d6zellikler<br \/>\nEsnek tasar\u0131m ve kulplar sayesinde kolay bo\u015faltma<br \/>\nGeni\u015f i\u00e7 hacim, kediniz i\u00e7in konforlu kullan\u0131m<br \/>\nIl\u0131k sabunlu su ile kolay temizlik<br \/>\nBPA i\u00e7ermez, toksik de\u011fildir<br \/>\n+%98 geri d\u00f6n\u00fc\u015ft\u00fcr\u00fclm\u00fc\u015f plastikten \u00fcretilmi\u015f \u00e7evre dostu malzeme<br \/>\nSa\u011flam ve uzun \u00f6m\u00fcrl\u00fc kullan\u0131m<br \/>\nLotus Kedi Tuvaleti, hem kedinizin konforunu hem de sizin pratik kullan\u0131m\u0131n\u0131z\u0131 d\u00fc\u015f\u00fcnerek tasarlanm\u0131\u015ft\u0131r. Modern g\u00f6r\u00fcn\u00fcm\u00fcyle evinize uyum sa\u011flar, \u00e7evre dostu yap\u0131s\u0131yla s\u00fcrd\u00fcr\u00fclebilir bir se\u00e7imdir.<br \/>\n\u00dcr\u00fcn \u00d6l\u00e7\u00fcleri<br \/>\nUzunluk: 44 cm<br \/>\nGeni\u015flik: 43.9 cm<br \/>\nY\u00fckseklik: 40.5 cm<\/p>","protected":false},"featured_media":43452,"comment_status":"open","ping_status":"closed","template":"","meta":{"_acf_changed":false},"product_brand":[],"product_cat":[2430],"product_tag":[],"class_list":{"0":"post-45826","1":"product","2":"type-product","3":"status-publish","4":"has-post-thumbnail","6":"product_cat-kedi-tuvaletleri","8":"first","9":"instock","10":"shipping-taxable","11":"product-type-simple"},"acf":[],"yoast_head":"<!-- This site is optimized with the Yoast SEO plugin v27.5 - https:\/\/yoast.com\/product\/yoast-seo-wordpress\/ -->\n<title>Moderna Lotus Geri D\u00f6n\u00fc\u015f\u00fcm Kedi Tuvaleti 44x43,9x40,5 cm - Anadolu Pet Grup<\/title>\n<meta name=\"robots\" content=\"index, follow, max-snippet:-1, max-image-preview:large, max-video-preview:-1\" \/>\n<link rel=\"canonical\" href=\"https:\/\/anadolupet.com.tr\/en\/product\/moderna-lotus-geri-donusum-kedi-tuvaleti-44x439x405-cm\/\" \/>\n<meta property=\"og:locale\" content=\"en_US\" \/>\n<meta property=\"og:type\" content=\"article\" \/>\n<meta property=\"og:title\" content=\"Moderna Lotus Geri D\u00f6n\u00fc\u015f\u00fcm Kedi Tuvaleti 44x43,9x40,5 cm - Anadolu Pet Grup\" \/>\n<meta property=\"og:description\" content=\"Lotus Kedi Tuvaleti Modern tasar\u0131m, geni\u015f kullan\u0131m alan\u0131 ve kolay temizlik! Lotus Kedi Tuvaleti, kedinizin ihtiya\u00e7lar\u0131n\u0131 kar\u015f\u0131lamak i\u00e7in hem \u015f\u0131k hem de fonksiyonel bir \u00e7\u00f6z\u00fcm sunar. Esnek tasar\u0131m\u0131 ve kenarlar\u0131ndaki kulplar\u0131 sayesinde kumu bo\u015faltmak \u00e7ok daha kolayd\u0131r. Geni\u015f i\u00e7 hacmiyle kediniz rahat\u00e7a hareket edebilir. \u00d6ne \u00c7\u0131kan \u00d6zellikler Esnek tasar\u0131m ve kulplar sayesinde kolay bo\u015faltma Geni\u015f i\u00e7 hacim, kediniz i\u00e7in konforlu kullan\u0131m Il\u0131k sabunlu su ile kolay temizlik BPA i\u00e7ermez, toksik de\u011fildir +%98 geri d\u00f6n\u00fc\u015ft\u00fcr\u00fclm\u00fc\u015f plastikten \u00fcretilmi\u015f \u00e7evre dostu malzeme Sa\u011flam ve uzun \u00f6m\u00fcrl\u00fc kullan\u0131m Lotus Kedi Tuvaleti, hem kedinizin konforunu hem de sizin pratik kullan\u0131m\u0131n\u0131z\u0131 d\u00fc\u015f\u00fcnerek tasarlanm\u0131\u015ft\u0131r. Modern g\u00f6r\u00fcn\u00fcm\u00fcyle evinize uyum sa\u011flar, \u00e7evre dostu yap\u0131s\u0131yla s\u00fcrd\u00fcr\u00fclebilir bir se\u00e7imdir. \u00dcr\u00fcn \u00d6l\u00e7\u00fcleri Uzunluk: 44 cm Geni\u015flik: 43.9 cm Y\u00fckseklik: 40.5 cm\" \/>\n<meta property=\"og:url\" content=\"https:\/\/anadolupet.com.tr\/en\/product\/moderna-lotus-geri-donusum-kedi-tuvaleti-44x439x405-cm\/\" \/>\n<meta property=\"og:site_name\" content=\"Anadolu Pet Grup\" \/>\n<meta property=\"article:modified_time\" content=\"2026-02-23T12:51:29+00:00\" \/>\n<meta property=\"og:image\" content=\"https:\/\/anadolupet.com.tr\/wp-content\/uploads\/2026\/02\/242-BM00-0412.jpg\" \/>\n\t<meta property=\"og:image:width\" content=\"750\" \/>\n\t<meta property=\"og:image:height\" content=\"750\" \/>\n\t<meta property=\"og:image:type\" content=\"image\/jpeg\" \/>\n<meta name=\"twitter:card\" content=\"summary_large_image\" \/>\n<script type=\"application\/ld+json\" class=\"yoast-schema-graph\">{\"@context\":\"https:\\\/\\\/schema.org\",\"@graph\":[{\"@type\":\"WebPage\",\"@id\":\"https:\\\/\\\/anadolupet.com.tr\\\/urun\\\/moderna-lotus-geri-donusum-kedi-tuvaleti-44x439x405-cm\\\/\",\"url\":\"https:\\\/\\\/anadolupet.com.tr\\\/urun\\\/moderna-lotus-geri-donusum-kedi-tuvaleti-44x439x405-cm\\\/\",\"name\":\"Moderna Lotus Geri D\u00f6n\u00fc\u015f\u00fcm Kedi Tuvaleti 44x43,9x40,5 cm - Anadolu Pet Grup\",\"isPartOf\":{\"@id\":\"https:\\\/\\\/anadolupet.com.tr\\\/#website\"},\"primaryImageOfPage\":{\"@id\":\"https:\\\/\\\/anadolupet.com.tr\\\/urun\\\/moderna-lotus-geri-donusum-kedi-tuvaleti-44x439x405-cm\\\/#primaryimage\"},\"image\":{\"@id\":\"https:\\\/\\\/anadolupet.com.tr\\\/urun\\\/moderna-lotus-geri-donusum-kedi-tuvaleti-44x439x405-cm\\\/#primaryimage\"},\"thumbnailUrl\":\"https:\\\/\\\/anadolupet.com.tr\\\/wp-content\\\/uploads\\\/2026\\\/02\\\/242-BM00-0412.jpg\",\"datePublished\":\"2026-02-14T14:44:47+00:00\",\"dateModified\":\"2026-02-23T12:51:29+00:00\",\"breadcrumb\":{\"@id\":\"https:\\\/\\\/anadolupet.com.tr\\\/urun\\\/moderna-lotus-geri-donusum-kedi-tuvaleti-44x439x405-cm\\\/#breadcrumb\"},\"inLanguage\":\"en-US\",\"potentialAction\":[{\"@type\":\"ReadAction\",\"target\":[\"https:\\\/\\\/anadolupet.com.tr\\\/urun\\\/moderna-lotus-geri-donusum-kedi-tuvaleti-44x439x405-cm\\\/\"]}]},{\"@type\":\"ImageObject\",\"inLanguage\":\"en-US\",\"@id\":\"https:\\\/\\\/anadolupet.com.tr\\\/urun\\\/moderna-lotus-geri-donusum-kedi-tuvaleti-44x439x405-cm\\\/#primaryimage\",\"url\":\"https:\\\/\\\/anadolupet.com.tr\\\/wp-content\\\/uploads\\\/2026\\\/02\\\/242-BM00-0412.jpg\",\"contentUrl\":\"https:\\\/\\\/anadolupet.com.tr\\\/wp-content\\\/uploads\\\/2026\\\/02\\\/242-BM00-0412.jpg\",\"width\":750,\"height\":750},{\"@type\":\"BreadcrumbList\",\"@id\":\"https:\\\/\\\/anadolupet.com.tr\\\/urun\\\/moderna-lotus-geri-donusum-kedi-tuvaleti-44x439x405-cm\\\/#breadcrumb\",\"itemListElement\":[{\"@type\":\"ListItem\",\"position\":1,\"name\":\"Anasayfa\",\"item\":\"https:\\\/\\\/anadolupet.com.tr\\\/\"},{\"@type\":\"ListItem\",\"position\":2,\"name\":\"\u00dcr\u00fcnler\",\"item\":\"https:\\\/\\\/anadolupet.com.tr\\\/urunler\\\/\"},{\"@type\":\"ListItem\",\"position\":3,\"name\":\"Moderna Lotus Geri D\u00f6n\u00fc\u015f\u00fcm Kedi Tuvaleti 44&#215;43,9&#215;40,5 cm\"}]},{\"@type\":\"WebSite\",\"@id\":\"https:\\\/\\\/anadolupet.com.tr\\\/#website\",\"url\":\"https:\\\/\\\/anadolupet.com.tr\\\/\",\"name\":\"Anadolu Pet Grup\",\"description\":\"Her Can\u0131n \u0130yi Ya\u015fam\u0131 \u0130\u00e7in Biraraday\u0131z\",\"publisher\":{\"@id\":\"https:\\\/\\\/anadolupet.com.tr\\\/#organization\"},\"potentialAction\":[{\"@type\":\"SearchAction\",\"target\":{\"@type\":\"EntryPoint\",\"urlTemplate\":\"https:\\\/\\\/anadolupet.com.tr\\\/?s={search_term_string}\"},\"query-input\":{\"@type\":\"PropertyValueSpecification\",\"valueRequired\":true,\"valueName\":\"search_term_string\"}}],\"inLanguage\":\"en-US\"},{\"@type\":\"Organization\",\"@id\":\"https:\\\/\\\/anadolupet.com.tr\\\/#organization\",\"name\":\"Anadolu Pet Grup\",\"alternateName\":\"Anadolu Pet\",\"url\":\"https:\\\/\\\/anadolupet.com.tr\\\/\",\"logo\":{\"@type\":\"ImageObject\",\"inLanguage\":\"en-US\",\"@id\":\"https:\\\/\\\/anadolupet.com.tr\\\/#\\\/schema\\\/logo\\\/image\\\/\",\"url\":\"https:\\\/\\\/anadolupet.com.tr\\\/wp-content\\\/uploads\\\/2026\\\/03\\\/1614666743370.jpg\",\"contentUrl\":\"https:\\\/\\\/anadolupet.com.tr\\\/wp-content\\\/uploads\\\/2026\\\/03\\\/1614666743370.jpg\",\"width\":800,\"height\":571,\"caption\":\"Anadolu Pet Grup\"},\"image\":{\"@id\":\"https:\\\/\\\/anadolupet.com.tr\\\/#\\\/schema\\\/logo\\\/image\\\/\"}}]}<\/script>\n<!-- \/ Yoast SEO plugin. -->","yoast_head_json":{"title":"Moderna Lotus Geri D\u00f6n\u00fc\u015f\u00fcm Kedi Tuvaleti 44x43,9x40,5 cm - Anadolu Pet Grup","robots":{"index":"index","follow":"follow","max-snippet":"max-snippet:-1","max-image-preview":"max-image-preview:large","max-video-preview":"max-video-preview:-1"},"canonical":"https:\/\/anadolupet.com.tr\/en\/product\/moderna-lotus-geri-donusum-kedi-tuvaleti-44x439x405-cm\/","og_locale":"en_US","og_type":"article","og_title":"Moderna Lotus Geri D\u00f6n\u00fc\u015f\u00fcm Kedi Tuvaleti 44x43,9x40,5 cm - Anadolu Pet Grup","og_description":"Lotus Kedi Tuvaleti Modern tasar\u0131m, geni\u015f kullan\u0131m alan\u0131 ve kolay temizlik! Lotus Kedi Tuvaleti, kedinizin ihtiya\u00e7lar\u0131n\u0131 kar\u015f\u0131lamak i\u00e7in hem \u015f\u0131k hem de fonksiyonel bir \u00e7\u00f6z\u00fcm sunar. Esnek tasar\u0131m\u0131 ve kenarlar\u0131ndaki kulplar\u0131 sayesinde kumu bo\u015faltmak \u00e7ok daha kolayd\u0131r. Geni\u015f i\u00e7 hacmiyle kediniz rahat\u00e7a hareket edebilir. \u00d6ne \u00c7\u0131kan \u00d6zellikler Esnek tasar\u0131m ve kulplar sayesinde kolay bo\u015faltma Geni\u015f i\u00e7 hacim, kediniz i\u00e7in konforlu kullan\u0131m Il\u0131k sabunlu su ile kolay temizlik BPA i\u00e7ermez, toksik de\u011fildir +%98 geri d\u00f6n\u00fc\u015ft\u00fcr\u00fclm\u00fc\u015f plastikten \u00fcretilmi\u015f \u00e7evre dostu malzeme Sa\u011flam ve uzun \u00f6m\u00fcrl\u00fc kullan\u0131m Lotus Kedi Tuvaleti, hem kedinizin konforunu hem de sizin pratik kullan\u0131m\u0131n\u0131z\u0131 d\u00fc\u015f\u00fcnerek tasarlanm\u0131\u015ft\u0131r. Modern g\u00f6r\u00fcn\u00fcm\u00fcyle evinize uyum sa\u011flar, \u00e7evre dostu yap\u0131s\u0131yla s\u00fcrd\u00fcr\u00fclebilir bir se\u00e7imdir. \u00dcr\u00fcn \u00d6l\u00e7\u00fcleri Uzunluk: 44 cm Geni\u015flik: 43.9 cm Y\u00fckseklik: 40.5 cm","og_url":"https:\/\/anadolupet.com.tr\/en\/product\/moderna-lotus-geri-donusum-kedi-tuvaleti-44x439x405-cm\/","og_site_name":"Anadolu Pet Grup","article_modified_time":"2026-02-23T12:51:29+00:00","og_image":[{"width":750,"height":750,"url":"https:\/\/anadolupet.com.tr\/wp-content\/uploads\/2026\/02\/242-BM00-0412.jpg","type":"image\/jpeg"}],"twitter_card":"summary_large_image","schema":{"@context":"https:\/\/schema.org","@graph":[{"@type":"WebPage","@id":"https:\/\/anadolupet.com.tr\/urun\/moderna-lotus-geri-donusum-kedi-tuvaleti-44x439x405-cm\/","url":"https:\/\/anadolupet.com.tr\/urun\/moderna-lotus-geri-donusum-kedi-tuvaleti-44x439x405-cm\/","name":"Moderna Lotus Geri D\u00f6n\u00fc\u015f\u00fcm Kedi Tuvaleti 44x43,9x40,5 cm - Anadolu Pet Grup","isPartOf":{"@id":"https:\/\/anadolupet.com.tr\/#website"},"primaryImageOfPage":{"@id":"https:\/\/anadolupet.com.tr\/urun\/moderna-lotus-geri-donusum-kedi-tuvaleti-44x439x405-cm\/#primaryimage"},"image":{"@id":"https:\/\/anadolupet.com.tr\/urun\/moderna-lotus-geri-donusum-kedi-tuvaleti-44x439x405-cm\/#primaryimage"},"thumbnailUrl":"https:\/\/anadolupet.com.tr\/wp-content\/uploads\/2026\/02\/242-BM00-0412.jpg","datePublished":"2026-02-14T14:44:47+00:00","dateModified":"2026-02-23T12:51:29+00:00","breadcrumb":{"@id":"https:\/\/anadolupet.com.tr\/urun\/moderna-lotus-geri-donusum-kedi-tuvaleti-44x439x405-cm\/#breadcrumb"},"inLanguage":"en-US","potentialAction":[{"@type":"ReadAction","target":["https:\/\/anadolupet.com.tr\/urun\/moderna-lotus-geri-donusum-kedi-tuvaleti-44x439x405-cm\/"]}]},{"@type":"ImageObject","inLanguage":"en-US","@id":"https:\/\/anadolupet.com.tr\/urun\/moderna-lotus-geri-donusum-kedi-tuvaleti-44x439x405-cm\/#primaryimage","url":"https:\/\/anadolupet.com.tr\/wp-content\/uploads\/2026\/02\/242-BM00-0412.jpg","contentUrl":"https:\/\/anadolupet.com.tr\/wp-content\/uploads\/2026\/02\/242-BM00-0412.jpg","width":750,"height":750},{"@type":"BreadcrumbList","@id":"https:\/\/anadolupet.com.tr\/urun\/moderna-lotus-geri-donusum-kedi-tuvaleti-44x439x405-cm\/#breadcrumb","itemListElement":[{"@type":"ListItem","position":1,"name":"Anasayfa","item":"https:\/\/anadolupet.com.tr\/"},{"@type":"ListItem","position":2,"name":"\u00dcr\u00fcnler","item":"https:\/\/anadolupet.com.tr\/urunler\/"},{"@type":"ListItem","position":3,"name":"Moderna Lotus Geri D\u00f6n\u00fc\u015f\u00fcm Kedi Tuvaleti 44&#215;43,9&#215;40,5 cm"}]},{"@type":"WebSite","@id":"https:\/\/anadolupet.com.tr\/#website","url":"https:\/\/anadolupet.com.tr\/","name":"Anadolu Pet Group","description":"We Stand Together for the Well-Being of Every Life","publisher":{"@id":"https:\/\/anadolupet.com.tr\/#organization"},"potentialAction":[{"@type":"SearchAction","target":{"@type":"EntryPoint","urlTemplate":"https:\/\/anadolupet.com.tr\/?s={search_term_string}"},"query-input":{"@type":"PropertyValueSpecification","valueRequired":true,"valueName":"search_term_string"}}],"inLanguage":"en-US"},{"@type":"Organization","@id":"https:\/\/anadolupet.com.tr\/#organization","name":"Anadolu Pet Group","alternateName":"Anadolu Pet","url":"https:\/\/anadolupet.com.tr\/","logo":{"@type":"ImageObject","inLanguage":"en-US","@id":"https:\/\/anadolupet.com.tr\/#\/schema\/logo\/image\/","url":"https:\/\/anadolupet.com.tr\/wp-content\/uploads\/2026\/03\/1614666743370.jpg","contentUrl":"https:\/\/anadolupet.com.tr\/wp-content\/uploads\/2026\/03\/1614666743370.jpg","width":800,"height":571,"caption":"Anadolu Pet Grup"},"image":{"@id":"https:\/\/anadolupet.com.tr\/#\/schema\/logo\/image\/"}}]}},"_links":{"self":[{"href":"https:\/\/anadolupet.com.tr\/en\/wp-json\/wp\/v2\/product\/45826","targetHints":{"allow":["GET"]}}],"collection":[{"href":"https:\/\/anadolupet.com.tr\/en\/wp-json\/wp\/v2\/product"}],"about":[{"href":"https:\/\/anadolupet.com.tr\/en\/wp-json\/wp\/v2\/types\/product"}],"replies":[{"embeddable":true,"href":"https:\/\/anadolupet.com.tr\/en\/wp-json\/wp\/v2\/comments?post=45826"}],"wp:featuredmedia":[{"embeddable":true,"href":"https:\/\/anadolupet.com.tr\/en\/wp-json\/wp\/v2\/media\/43452"}],"wp:attachment":[{"href":"https:\/\/anadolupet.com.tr\/en\/wp-json\/wp\/v2\/media?parent=45826"}],"wp:term":[{"taxonomy":"product_brand","embeddable":true,"href":"https:\/\/anadolupet.com.tr\/en\/wp-json\/wp\/v2\/product_brand?post=45826"},{"taxonomy":"product_cat","embeddable":true,"href":"https:\/\/anadolupet.com.tr\/en\/wp-json\/wp\/v2\/product_cat?post=45826"},{"taxonomy":"product_tag","embeddable":true,"href":"https:\/\/anadolupet.com.tr\/en\/wp-json\/wp\/v2\/product_tag?post=45826"}],"curies":[{"name":"wp","href":"https:\/\/api.w.org\/{rel}","templated":true}]}}