{"id":45827,"date":"2026-02-14T14:44:47","date_gmt":"2026-02-14T14:44:47","guid":{"rendered":"https:\/\/anadolupet.com.tr\/?post_type=product&#038;p=45827"},"modified":"2026-02-23T12:51:29","modified_gmt":"2026-02-23T12:51:29","slug":"moderna-love-hercules-acik-kedi-tuvaleti-50cm","status":"publish","type":"product","link":"https:\/\/anadolupet.com.tr\/en\/urun\/moderna-love-hercules-acik-kedi-tuvaleti-50cm\/","title":{"rendered":"Moderna Love Hercules A\u00e7\u0131k Kedi Tuvaleti &#8211; 50CM"},"content":{"rendered":"","protected":false},"excerpt":{"rendered":"<p>Hercules Cats in Love \u2013 A\u00e7\u0131k Kedi Tuvaleti<br \/>\nA\u00e7\u0131k alan seven kediler i\u00e7in ideal \u00e7\u00f6z\u00fcm! Hercules Cats in Love, kedinizin tuvalet ihtiyac\u0131n\u0131 kar\u015f\u0131lamak i\u00e7in hem konforlu hem de hijyenik bir \u00e7\u00f6z\u00fcm sunar. A\u00e7\u0131k tasar\u0131m\u0131 sayesinde kediniz \u00f6zg\u00fcrce kullanabilir, \u00e7\u0131kar\u0131labilir kenarl\u0131\u011f\u0131 ise kumun d\u0131\u015far\u0131 da\u011f\u0131lmas\u0131n\u0131 \u00f6nler.<br \/>\n\ud83d\udc3e \u00d6ne \u00c7\u0131kan \u00d6zellikler<br \/>\nIML dekorasyon tekni\u011fi \u2013 \u00e7izilmez ve UV \u0131\u015f\u0131nlar\u0131na kar\u015f\u0131 dayan\u0131kl\u0131 tasar\u0131m<br \/>\n\u00c7\u0131kar\u0131labilir kenarl\u0131k \u2013 kumun d\u0131\u015far\u0131 ta\u015fmas\u0131n\u0131 engeller, liner bag kullan\u0131m\u0131n\u0131 kolayla\u015ft\u0131r\u0131r<br \/>\nY\u00fckseltilmi\u015f arka tasar\u0131m \u2013 kediniz tuvaletten \u00e7\u0131kt\u0131\u011f\u0131nda kumun da\u011f\u0131lmas\u0131n\u0131 \u00f6nler<br \/>\nKolay temizlik \u2013 \u0131l\u0131k sabunlu su ile zahmetsizce temizlenir<br \/>\nDayan\u0131kl\u0131 premium plastik \u2013 uzun \u00f6m\u00fcrl\u00fc kullan\u0131m, BPA\u2019s\u0131z ve g\u00fcvenli<br \/>\n\u015e\u0131k Cats in Love deseni \u2013 estetik ve modern g\u00f6r\u00fcn\u00fcm<br \/>\nHercules Cats in Love, kedinizin rahatl\u0131\u011f\u0131 i\u00e7in a\u00e7\u0131k tasar\u0131m\u0131yla \u00f6zg\u00fcr kullan\u0131m sunarken sizin i\u00e7in temizlik ve hijyen kolayl\u0131\u011f\u0131 sa\u011flar. \u00c7\u0131kar\u0131labilir kenarl\u0131\u011f\u0131 sayesinde liner bag sabitlenir ve kullan\u0131m daha pratik hale gelir.<br \/>\n\ud83d\udccf \u00dcr\u00fcn \u00d6l\u00e7\u00fcleri 50.9 x 39.2 x 19.2 cm<\/p>","protected":false},"featured_media":43558,"comment_status":"open","ping_status":"closed","template":"","meta":{"_acf_changed":false},"product_brand":[],"product_cat":[2430],"product_tag":[],"class_list":{"0":"post-45827","1":"product","2":"type-product","3":"status-publish","4":"has-post-thumbnail","6":"product_cat-kedi-tuvaletleri","8":"first","9":"instock","10":"shipping-taxable","11":"product-type-simple"},"acf":[],"yoast_head":"<!-- This site is optimized with the Yoast SEO plugin v27.4 - https:\/\/yoast.com\/product\/yoast-seo-wordpress\/ -->\n<title>Moderna Love Hercules A\u00e7\u0131k Kedi Tuvaleti - 50CM - Anadolu Pet Grup<\/title>\n<meta name=\"robots\" content=\"index, follow, max-snippet:-1, max-image-preview:large, max-video-preview:-1\" \/>\n<link rel=\"canonical\" href=\"https:\/\/anadolupet.com.tr\/en\/product\/moderna-love-hercules-acik-kedi-tuvaleti-50cm\/\" \/>\n<meta property=\"og:locale\" content=\"en_US\" \/>\n<meta property=\"og:type\" content=\"article\" \/>\n<meta property=\"og:title\" content=\"Moderna Love Hercules A\u00e7\u0131k Kedi Tuvaleti - 50CM - Anadolu Pet Grup\" \/>\n<meta property=\"og:description\" content=\"Hercules Cats in Love \u2013 A\u00e7\u0131k Kedi Tuvaleti A\u00e7\u0131k alan seven kediler i\u00e7in ideal \u00e7\u00f6z\u00fcm! Hercules Cats in Love, kedinizin tuvalet ihtiyac\u0131n\u0131 kar\u015f\u0131lamak i\u00e7in hem konforlu hem de hijyenik bir \u00e7\u00f6z\u00fcm sunar. A\u00e7\u0131k tasar\u0131m\u0131 sayesinde kediniz \u00f6zg\u00fcrce kullanabilir, \u00e7\u0131kar\u0131labilir kenarl\u0131\u011f\u0131 ise kumun d\u0131\u015far\u0131 da\u011f\u0131lmas\u0131n\u0131 \u00f6nler. \ud83d\udc3e \u00d6ne \u00c7\u0131kan \u00d6zellikler IML dekorasyon tekni\u011fi \u2013 \u00e7izilmez ve UV \u0131\u015f\u0131nlar\u0131na kar\u015f\u0131 dayan\u0131kl\u0131 tasar\u0131m \u00c7\u0131kar\u0131labilir kenarl\u0131k \u2013 kumun d\u0131\u015far\u0131 ta\u015fmas\u0131n\u0131 engeller, liner bag kullan\u0131m\u0131n\u0131 kolayla\u015ft\u0131r\u0131r Y\u00fckseltilmi\u015f arka tasar\u0131m \u2013 kediniz tuvaletten \u00e7\u0131kt\u0131\u011f\u0131nda kumun da\u011f\u0131lmas\u0131n\u0131 \u00f6nler Kolay temizlik \u2013 \u0131l\u0131k sabunlu su ile zahmetsizce temizlenir Dayan\u0131kl\u0131 premium plastik \u2013 uzun \u00f6m\u00fcrl\u00fc kullan\u0131m, BPA\u2019s\u0131z ve g\u00fcvenli \u015e\u0131k Cats in Love deseni \u2013 estetik ve modern g\u00f6r\u00fcn\u00fcm Hercules Cats in Love, kedinizin rahatl\u0131\u011f\u0131 i\u00e7in a\u00e7\u0131k tasar\u0131m\u0131yla \u00f6zg\u00fcr kullan\u0131m sunarken sizin i\u00e7in temizlik ve hijyen kolayl\u0131\u011f\u0131 sa\u011flar. \u00c7\u0131kar\u0131labilir kenarl\u0131\u011f\u0131 sayesinde liner bag sabitlenir ve kullan\u0131m daha pratik hale gelir. \ud83d\udccf \u00dcr\u00fcn \u00d6l\u00e7\u00fcleri 50.9 x 39.2 x 19.2 cm\" \/>\n<meta property=\"og:url\" content=\"https:\/\/anadolupet.com.tr\/en\/product\/moderna-love-hercules-acik-kedi-tuvaleti-50cm\/\" \/>\n<meta property=\"og:site_name\" content=\"Anadolu Pet Grup\" \/>\n<meta property=\"article:modified_time\" content=\"2026-02-23T12:51:29+00:00\" \/>\n<meta property=\"og:image\" content=\"https:\/\/anadolupet.com.tr\/wp-content\/uploads\/2026\/02\/242-K162-027-CL.jpg\" \/>\n\t<meta property=\"og:image:width\" content=\"750\" \/>\n\t<meta property=\"og:image:height\" content=\"750\" \/>\n\t<meta property=\"og:image:type\" content=\"image\/jpeg\" \/>\n<meta name=\"twitter:card\" content=\"summary_large_image\" \/>\n<script type=\"application\/ld+json\" class=\"yoast-schema-graph\">{\"@context\":\"https:\\\/\\\/schema.org\",\"@graph\":[{\"@type\":\"WebPage\",\"@id\":\"https:\\\/\\\/anadolupet.com.tr\\\/urun\\\/moderna-love-hercules-acik-kedi-tuvaleti-50cm\\\/\",\"url\":\"https:\\\/\\\/anadolupet.com.tr\\\/urun\\\/moderna-love-hercules-acik-kedi-tuvaleti-50cm\\\/\",\"name\":\"Moderna Love Hercules A\u00e7\u0131k Kedi Tuvaleti - 50CM - Anadolu Pet Grup\",\"isPartOf\":{\"@id\":\"https:\\\/\\\/anadolupet.com.tr\\\/#website\"},\"primaryImageOfPage\":{\"@id\":\"https:\\\/\\\/anadolupet.com.tr\\\/urun\\\/moderna-love-hercules-acik-kedi-tuvaleti-50cm\\\/#primaryimage\"},\"image\":{\"@id\":\"https:\\\/\\\/anadolupet.com.tr\\\/urun\\\/moderna-love-hercules-acik-kedi-tuvaleti-50cm\\\/#primaryimage\"},\"thumbnailUrl\":\"https:\\\/\\\/anadolupet.com.tr\\\/wp-content\\\/uploads\\\/2026\\\/02\\\/242-K162-027-CL.jpg\",\"datePublished\":\"2026-02-14T14:44:47+00:00\",\"dateModified\":\"2026-02-23T12:51:29+00:00\",\"breadcrumb\":{\"@id\":\"https:\\\/\\\/anadolupet.com.tr\\\/urun\\\/moderna-love-hercules-acik-kedi-tuvaleti-50cm\\\/#breadcrumb\"},\"inLanguage\":\"en-US\",\"potentialAction\":[{\"@type\":\"ReadAction\",\"target\":[\"https:\\\/\\\/anadolupet.com.tr\\\/urun\\\/moderna-love-hercules-acik-kedi-tuvaleti-50cm\\\/\"]}]},{\"@type\":\"ImageObject\",\"inLanguage\":\"en-US\",\"@id\":\"https:\\\/\\\/anadolupet.com.tr\\\/urun\\\/moderna-love-hercules-acik-kedi-tuvaleti-50cm\\\/#primaryimage\",\"url\":\"https:\\\/\\\/anadolupet.com.tr\\\/wp-content\\\/uploads\\\/2026\\\/02\\\/242-K162-027-CL.jpg\",\"contentUrl\":\"https:\\\/\\\/anadolupet.com.tr\\\/wp-content\\\/uploads\\\/2026\\\/02\\\/242-K162-027-CL.jpg\",\"width\":750,\"height\":750},{\"@type\":\"BreadcrumbList\",\"@id\":\"https:\\\/\\\/anadolupet.com.tr\\\/urun\\\/moderna-love-hercules-acik-kedi-tuvaleti-50cm\\\/#breadcrumb\",\"itemListElement\":[{\"@type\":\"ListItem\",\"position\":1,\"name\":\"Anasayfa\",\"item\":\"https:\\\/\\\/anadolupet.com.tr\\\/\"},{\"@type\":\"ListItem\",\"position\":2,\"name\":\"\u00dcr\u00fcnler\",\"item\":\"https:\\\/\\\/anadolupet.com.tr\\\/urunler\\\/\"},{\"@type\":\"ListItem\",\"position\":3,\"name\":\"Moderna Love Hercules A\u00e7\u0131k Kedi Tuvaleti &#8211; 50CM\"}]},{\"@type\":\"WebSite\",\"@id\":\"https:\\\/\\\/anadolupet.com.tr\\\/#website\",\"url\":\"https:\\\/\\\/anadolupet.com.tr\\\/\",\"name\":\"Anadolu Pet Grup\",\"description\":\"Her Can\u0131n \u0130yi Ya\u015fam\u0131 \u0130\u00e7in Biraraday\u0131z\",\"publisher\":{\"@id\":\"https:\\\/\\\/anadolupet.com.tr\\\/#organization\"},\"potentialAction\":[{\"@type\":\"SearchAction\",\"target\":{\"@type\":\"EntryPoint\",\"urlTemplate\":\"https:\\\/\\\/anadolupet.com.tr\\\/?s={search_term_string}\"},\"query-input\":{\"@type\":\"PropertyValueSpecification\",\"valueRequired\":true,\"valueName\":\"search_term_string\"}}],\"inLanguage\":\"en-US\"},{\"@type\":\"Organization\",\"@id\":\"https:\\\/\\\/anadolupet.com.tr\\\/#organization\",\"name\":\"Anadolu Pet Grup\",\"alternateName\":\"Anadolu Pet\",\"url\":\"https:\\\/\\\/anadolupet.com.tr\\\/\",\"logo\":{\"@type\":\"ImageObject\",\"inLanguage\":\"en-US\",\"@id\":\"https:\\\/\\\/anadolupet.com.tr\\\/#\\\/schema\\\/logo\\\/image\\\/\",\"url\":\"https:\\\/\\\/anadolupet.com.tr\\\/wp-content\\\/uploads\\\/2026\\\/03\\\/1614666743370.jpg\",\"contentUrl\":\"https:\\\/\\\/anadolupet.com.tr\\\/wp-content\\\/uploads\\\/2026\\\/03\\\/1614666743370.jpg\",\"width\":800,\"height\":571,\"caption\":\"Anadolu Pet Grup\"},\"image\":{\"@id\":\"https:\\\/\\\/anadolupet.com.tr\\\/#\\\/schema\\\/logo\\\/image\\\/\"}}]}<\/script>\n<!-- \/ Yoast SEO plugin. -->","yoast_head_json":{"title":"Moderna Love Hercules A\u00e7\u0131k Kedi Tuvaleti - 50CM - Anadolu Pet Grup","robots":{"index":"index","follow":"follow","max-snippet":"max-snippet:-1","max-image-preview":"max-image-preview:large","max-video-preview":"max-video-preview:-1"},"canonical":"https:\/\/anadolupet.com.tr\/en\/product\/moderna-love-hercules-acik-kedi-tuvaleti-50cm\/","og_locale":"en_US","og_type":"article","og_title":"Moderna Love Hercules A\u00e7\u0131k Kedi Tuvaleti - 50CM - Anadolu Pet Grup","og_description":"Hercules Cats in Love \u2013 A\u00e7\u0131k Kedi Tuvaleti A\u00e7\u0131k alan seven kediler i\u00e7in ideal \u00e7\u00f6z\u00fcm! Hercules Cats in Love, kedinizin tuvalet ihtiyac\u0131n\u0131 kar\u015f\u0131lamak i\u00e7in hem konforlu hem de hijyenik bir \u00e7\u00f6z\u00fcm sunar. A\u00e7\u0131k tasar\u0131m\u0131 sayesinde kediniz \u00f6zg\u00fcrce kullanabilir, \u00e7\u0131kar\u0131labilir kenarl\u0131\u011f\u0131 ise kumun d\u0131\u015far\u0131 da\u011f\u0131lmas\u0131n\u0131 \u00f6nler. \ud83d\udc3e \u00d6ne \u00c7\u0131kan \u00d6zellikler IML dekorasyon tekni\u011fi \u2013 \u00e7izilmez ve UV \u0131\u015f\u0131nlar\u0131na kar\u015f\u0131 dayan\u0131kl\u0131 tasar\u0131m \u00c7\u0131kar\u0131labilir kenarl\u0131k \u2013 kumun d\u0131\u015far\u0131 ta\u015fmas\u0131n\u0131 engeller, liner bag kullan\u0131m\u0131n\u0131 kolayla\u015ft\u0131r\u0131r Y\u00fckseltilmi\u015f arka tasar\u0131m \u2013 kediniz tuvaletten \u00e7\u0131kt\u0131\u011f\u0131nda kumun da\u011f\u0131lmas\u0131n\u0131 \u00f6nler Kolay temizlik \u2013 \u0131l\u0131k sabunlu su ile zahmetsizce temizlenir Dayan\u0131kl\u0131 premium plastik \u2013 uzun \u00f6m\u00fcrl\u00fc kullan\u0131m, BPA\u2019s\u0131z ve g\u00fcvenli \u015e\u0131k Cats in Love deseni \u2013 estetik ve modern g\u00f6r\u00fcn\u00fcm Hercules Cats in Love, kedinizin rahatl\u0131\u011f\u0131 i\u00e7in a\u00e7\u0131k tasar\u0131m\u0131yla \u00f6zg\u00fcr kullan\u0131m sunarken sizin i\u00e7in temizlik ve hijyen kolayl\u0131\u011f\u0131 sa\u011flar. \u00c7\u0131kar\u0131labilir kenarl\u0131\u011f\u0131 sayesinde liner bag sabitlenir ve kullan\u0131m daha pratik hale gelir. \ud83d\udccf \u00dcr\u00fcn \u00d6l\u00e7\u00fcleri 50.9 x 39.2 x 19.2 cm","og_url":"https:\/\/anadolupet.com.tr\/en\/product\/moderna-love-hercules-acik-kedi-tuvaleti-50cm\/","og_site_name":"Anadolu Pet Grup","article_modified_time":"2026-02-23T12:51:29+00:00","og_image":[{"width":750,"height":750,"url":"https:\/\/anadolupet.com.tr\/wp-content\/uploads\/2026\/02\/242-K162-027-CL.jpg","type":"image\/jpeg"}],"twitter_card":"summary_large_image","schema":{"@context":"https:\/\/schema.org","@graph":[{"@type":"WebPage","@id":"https:\/\/anadolupet.com.tr\/urun\/moderna-love-hercules-acik-kedi-tuvaleti-50cm\/","url":"https:\/\/anadolupet.com.tr\/urun\/moderna-love-hercules-acik-kedi-tuvaleti-50cm\/","name":"Moderna Love Hercules A\u00e7\u0131k Kedi Tuvaleti - 50CM - Anadolu Pet Grup","isPartOf":{"@id":"https:\/\/anadolupet.com.tr\/#website"},"primaryImageOfPage":{"@id":"https:\/\/anadolupet.com.tr\/urun\/moderna-love-hercules-acik-kedi-tuvaleti-50cm\/#primaryimage"},"image":{"@id":"https:\/\/anadolupet.com.tr\/urun\/moderna-love-hercules-acik-kedi-tuvaleti-50cm\/#primaryimage"},"thumbnailUrl":"https:\/\/anadolupet.com.tr\/wp-content\/uploads\/2026\/02\/242-K162-027-CL.jpg","datePublished":"2026-02-14T14:44:47+00:00","dateModified":"2026-02-23T12:51:29+00:00","breadcrumb":{"@id":"https:\/\/anadolupet.com.tr\/urun\/moderna-love-hercules-acik-kedi-tuvaleti-50cm\/#breadcrumb"},"inLanguage":"en-US","potentialAction":[{"@type":"ReadAction","target":["https:\/\/anadolupet.com.tr\/urun\/moderna-love-hercules-acik-kedi-tuvaleti-50cm\/"]}]},{"@type":"ImageObject","inLanguage":"en-US","@id":"https:\/\/anadolupet.com.tr\/urun\/moderna-love-hercules-acik-kedi-tuvaleti-50cm\/#primaryimage","url":"https:\/\/anadolupet.com.tr\/wp-content\/uploads\/2026\/02\/242-K162-027-CL.jpg","contentUrl":"https:\/\/anadolupet.com.tr\/wp-content\/uploads\/2026\/02\/242-K162-027-CL.jpg","width":750,"height":750},{"@type":"BreadcrumbList","@id":"https:\/\/anadolupet.com.tr\/urun\/moderna-love-hercules-acik-kedi-tuvaleti-50cm\/#breadcrumb","itemListElement":[{"@type":"ListItem","position":1,"name":"Anasayfa","item":"https:\/\/anadolupet.com.tr\/"},{"@type":"ListItem","position":2,"name":"\u00dcr\u00fcnler","item":"https:\/\/anadolupet.com.tr\/urunler\/"},{"@type":"ListItem","position":3,"name":"Moderna Love Hercules A\u00e7\u0131k Kedi Tuvaleti &#8211; 50CM"}]},{"@type":"WebSite","@id":"https:\/\/anadolupet.com.tr\/#website","url":"https:\/\/anadolupet.com.tr\/","name":"Anadolu Pet Group","description":"We Stand Together for the Well-Being of Every Life","publisher":{"@id":"https:\/\/anadolupet.com.tr\/#organization"},"potentialAction":[{"@type":"SearchAction","target":{"@type":"EntryPoint","urlTemplate":"https:\/\/anadolupet.com.tr\/?s={search_term_string}"},"query-input":{"@type":"PropertyValueSpecification","valueRequired":true,"valueName":"search_term_string"}}],"inLanguage":"en-US"},{"@type":"Organization","@id":"https:\/\/anadolupet.com.tr\/#organization","name":"Anadolu Pet Group","alternateName":"Anadolu Pet","url":"https:\/\/anadolupet.com.tr\/","logo":{"@type":"ImageObject","inLanguage":"en-US","@id":"https:\/\/anadolupet.com.tr\/#\/schema\/logo\/image\/","url":"https:\/\/anadolupet.com.tr\/wp-content\/uploads\/2026\/03\/1614666743370.jpg","contentUrl":"https:\/\/anadolupet.com.tr\/wp-content\/uploads\/2026\/03\/1614666743370.jpg","width":800,"height":571,"caption":"Anadolu Pet Grup"},"image":{"@id":"https:\/\/anadolupet.com.tr\/#\/schema\/logo\/image\/"}}]}},"_links":{"self":[{"href":"https:\/\/anadolupet.com.tr\/en\/wp-json\/wp\/v2\/product\/45827","targetHints":{"allow":["GET"]}}],"collection":[{"href":"https:\/\/anadolupet.com.tr\/en\/wp-json\/wp\/v2\/product"}],"about":[{"href":"https:\/\/anadolupet.com.tr\/en\/wp-json\/wp\/v2\/types\/product"}],"replies":[{"embeddable":true,"href":"https:\/\/anadolupet.com.tr\/en\/wp-json\/wp\/v2\/comments?post=45827"}],"wp:featuredmedia":[{"embeddable":true,"href":"https:\/\/anadolupet.com.tr\/en\/wp-json\/wp\/v2\/media\/43558"}],"wp:attachment":[{"href":"https:\/\/anadolupet.com.tr\/en\/wp-json\/wp\/v2\/media?parent=45827"}],"wp:term":[{"taxonomy":"product_brand","embeddable":true,"href":"https:\/\/anadolupet.com.tr\/en\/wp-json\/wp\/v2\/product_brand?post=45827"},{"taxonomy":"product_cat","embeddable":true,"href":"https:\/\/anadolupet.com.tr\/en\/wp-json\/wp\/v2\/product_cat?post=45827"},{"taxonomy":"product_tag","embeddable":true,"href":"https:\/\/anadolupet.com.tr\/en\/wp-json\/wp\/v2\/product_tag?post=45827"}],"curies":[{"name":"wp","href":"https:\/\/api.w.org\/{rel}","templated":true}]}}