{"id":45828,"date":"2026-02-14T14:44:47","date_gmt":"2026-02-14T14:44:47","guid":{"rendered":"https:\/\/anadolupet.com.tr\/?post_type=product&#038;p=45828"},"modified":"2026-02-23T12:51:29","modified_gmt":"2026-02-23T12:51:29","slug":"moderna-love-mama-saklama-kabi-gri-6-lt","status":"publish","type":"product","link":"https:\/\/anadolupet.com.tr\/en\/urun\/moderna-love-mama-saklama-kabi-gri-6-lt\/","title":{"rendered":"Moderna Love Mama Saklama Kab\u0131 &#8211; Gri 6 LT"},"content":{"rendered":"","protected":false},"excerpt":{"rendered":"<p>Trendy Story Small \u2013 Cats in Love Mama Kab\u0131 (6 L)<br \/>\nSevimli tasar\u0131m, taze mama ve pratik kullan\u0131m! Trendy Story Small \u2013 Cats in Love mama kab\u0131, evcil dostunuzun mamas\u0131n\u0131 g\u00fcvenle saklamak i\u00e7in \u00f6zel olarak tasarlanm\u0131\u015ft\u0131r. \u015e\u0131k tasar\u0131m\u0131, dayan\u0131kl\u0131 yap\u0131s\u0131 ve pratik kullan\u0131m \u00f6zellikleriyle hem kediniz hem de sizin i\u00e7in ideal bir \u00e7\u00f6z\u00fcmd\u00fcr.<br \/>\n\ud83d\udc3e \u00d6ne \u00c7\u0131kan \u00d6zellikler<br \/>\nIML dekorasyon tekni\u011fi \u2013 \u00e7izilmez ve UV \u0131\u015f\u0131nlar\u0131na kar\u015f\u0131 dayan\u0131kl\u0131 tasar\u0131m<br \/>\nKolay kavrama kenarlar\u0131 \u2013 g\u00fcvenli ve rahat tutu\u015f sa\u011flar<br \/>\nBula\u015f\u0131k makinesinde y\u0131kanabilir \u2013 g\u00fcnl\u00fck kullan\u0131mda maksimum hijyen<br \/>\nDayan\u0131kl\u0131 premium plastik \u2013 uzun \u00f6m\u00fcrl\u00fc kullan\u0131m, BPA\u2019s\u0131z ve \u00e7evre dostu<br \/>\nB\u00fcy\u00fck mente\u015feli kapak \u2013 mama doldurmay\u0131 kolayla\u015ft\u0131r\u0131r<br \/>\nK\u00fc\u00e7\u00fck sabitlenebilir kapak \u2013 g\u00fcnl\u00fck kullan\u0131m i\u00e7in pratik eri\u015fim<br \/>\nMama tazeli\u011fini korur \u2013 maman\u0131n lezzetini ve besin de\u011ferini uzun s\u00fcre muhafaza eder<br \/>\nTrendy Story mama kab\u0131, hem fonksiyonel hem de estetik tasar\u0131m\u0131yla evinizde \u015f\u0131k bir g\u00f6r\u00fcn\u00fcm sunar. Kedinizin mamas\u0131 her zaman taze ve lezzetli kal\u0131r.<br \/>\n\ud83d\udce6 Hacim 6 L<br \/>\n\ud83d\udccf \u00dcr\u00fcn \u00d6l\u00e7\u00fcleri 27.2 x 21.3 x 29.5 cm<\/p>","protected":false},"featured_media":43385,"comment_status":"open","ping_status":"closed","template":"","meta":{"_acf_changed":false},"product_brand":[],"product_cat":[2430],"product_tag":[],"class_list":{"0":"post-45828","1":"product","2":"type-product","3":"status-publish","4":"has-post-thumbnail","6":"product_cat-kedi-tuvaletleri","8":"first","9":"instock","10":"shipping-taxable","11":"product-type-simple"},"acf":[],"yoast_head":"<!-- This site is optimized with the Yoast SEO plugin v27.4 - https:\/\/yoast.com\/product\/yoast-seo-wordpress\/ -->\n<title>Moderna Love Mama Saklama Kab\u0131 - Gri 6 LT - Anadolu Pet Grup<\/title>\n<meta name=\"robots\" content=\"index, follow, max-snippet:-1, max-image-preview:large, max-video-preview:-1\" \/>\n<link rel=\"canonical\" href=\"https:\/\/anadolupet.com.tr\/en\/product\/moderna-love-mama-saklama-kabi-gri-6-lt\/\" \/>\n<meta property=\"og:locale\" content=\"en_US\" \/>\n<meta property=\"og:type\" content=\"article\" \/>\n<meta property=\"og:title\" content=\"Moderna Love Mama Saklama Kab\u0131 - Gri 6 LT - Anadolu Pet Grup\" \/>\n<meta property=\"og:description\" content=\"Trendy Story Small \u2013 Cats in Love Mama Kab\u0131 (6 L) Sevimli tasar\u0131m, taze mama ve pratik kullan\u0131m! Trendy Story Small \u2013 Cats in Love mama kab\u0131, evcil dostunuzun mamas\u0131n\u0131 g\u00fcvenle saklamak i\u00e7in \u00f6zel olarak tasarlanm\u0131\u015ft\u0131r. \u015e\u0131k tasar\u0131m\u0131, dayan\u0131kl\u0131 yap\u0131s\u0131 ve pratik kullan\u0131m \u00f6zellikleriyle hem kediniz hem de sizin i\u00e7in ideal bir \u00e7\u00f6z\u00fcmd\u00fcr. \ud83d\udc3e \u00d6ne \u00c7\u0131kan \u00d6zellikler IML dekorasyon tekni\u011fi \u2013 \u00e7izilmez ve UV \u0131\u015f\u0131nlar\u0131na kar\u015f\u0131 dayan\u0131kl\u0131 tasar\u0131m Kolay kavrama kenarlar\u0131 \u2013 g\u00fcvenli ve rahat tutu\u015f sa\u011flar Bula\u015f\u0131k makinesinde y\u0131kanabilir \u2013 g\u00fcnl\u00fck kullan\u0131mda maksimum hijyen Dayan\u0131kl\u0131 premium plastik \u2013 uzun \u00f6m\u00fcrl\u00fc kullan\u0131m, BPA\u2019s\u0131z ve \u00e7evre dostu B\u00fcy\u00fck mente\u015feli kapak \u2013 mama doldurmay\u0131 kolayla\u015ft\u0131r\u0131r K\u00fc\u00e7\u00fck sabitlenebilir kapak \u2013 g\u00fcnl\u00fck kullan\u0131m i\u00e7in pratik eri\u015fim Mama tazeli\u011fini korur \u2013 maman\u0131n lezzetini ve besin de\u011ferini uzun s\u00fcre muhafaza eder Trendy Story mama kab\u0131, hem fonksiyonel hem de estetik tasar\u0131m\u0131yla evinizde \u015f\u0131k bir g\u00f6r\u00fcn\u00fcm sunar. Kedinizin mamas\u0131 her zaman taze ve lezzetli kal\u0131r. \ud83d\udce6 Hacim 6 L \ud83d\udccf \u00dcr\u00fcn \u00d6l\u00e7\u00fcleri 27.2 x 21.3 x 29.5 cm\" \/>\n<meta property=\"og:url\" content=\"https:\/\/anadolupet.com.tr\/en\/product\/moderna-love-mama-saklama-kabi-gri-6-lt\/\" \/>\n<meta property=\"og:site_name\" content=\"Anadolu Pet Grup\" \/>\n<meta property=\"article:modified_time\" content=\"2026-02-23T12:51:29+00:00\" \/>\n<meta property=\"og:image\" content=\"https:\/\/anadolupet.com.tr\/wp-content\/uploads\/2026\/02\/242-AF50-027.jpg\" \/>\n\t<meta property=\"og:image:width\" content=\"750\" \/>\n\t<meta property=\"og:image:height\" content=\"750\" \/>\n\t<meta property=\"og:image:type\" content=\"image\/jpeg\" \/>\n<meta name=\"twitter:card\" content=\"summary_large_image\" \/>\n<script type=\"application\/ld+json\" class=\"yoast-schema-graph\">{\"@context\":\"https:\\\/\\\/schema.org\",\"@graph\":[{\"@type\":\"WebPage\",\"@id\":\"https:\\\/\\\/anadolupet.com.tr\\\/urun\\\/moderna-love-mama-saklama-kabi-gri-6-lt\\\/\",\"url\":\"https:\\\/\\\/anadolupet.com.tr\\\/urun\\\/moderna-love-mama-saklama-kabi-gri-6-lt\\\/\",\"name\":\"Moderna Love Mama Saklama Kab\u0131 - Gri 6 LT - Anadolu Pet Grup\",\"isPartOf\":{\"@id\":\"https:\\\/\\\/anadolupet.com.tr\\\/#website\"},\"primaryImageOfPage\":{\"@id\":\"https:\\\/\\\/anadolupet.com.tr\\\/urun\\\/moderna-love-mama-saklama-kabi-gri-6-lt\\\/#primaryimage\"},\"image\":{\"@id\":\"https:\\\/\\\/anadolupet.com.tr\\\/urun\\\/moderna-love-mama-saklama-kabi-gri-6-lt\\\/#primaryimage\"},\"thumbnailUrl\":\"https:\\\/\\\/anadolupet.com.tr\\\/wp-content\\\/uploads\\\/2026\\\/02\\\/242-AF50-027.jpg\",\"datePublished\":\"2026-02-14T14:44:47+00:00\",\"dateModified\":\"2026-02-23T12:51:29+00:00\",\"breadcrumb\":{\"@id\":\"https:\\\/\\\/anadolupet.com.tr\\\/urun\\\/moderna-love-mama-saklama-kabi-gri-6-lt\\\/#breadcrumb\"},\"inLanguage\":\"en-US\",\"potentialAction\":[{\"@type\":\"ReadAction\",\"target\":[\"https:\\\/\\\/anadolupet.com.tr\\\/urun\\\/moderna-love-mama-saklama-kabi-gri-6-lt\\\/\"]}]},{\"@type\":\"ImageObject\",\"inLanguage\":\"en-US\",\"@id\":\"https:\\\/\\\/anadolupet.com.tr\\\/urun\\\/moderna-love-mama-saklama-kabi-gri-6-lt\\\/#primaryimage\",\"url\":\"https:\\\/\\\/anadolupet.com.tr\\\/wp-content\\\/uploads\\\/2026\\\/02\\\/242-AF50-027.jpg\",\"contentUrl\":\"https:\\\/\\\/anadolupet.com.tr\\\/wp-content\\\/uploads\\\/2026\\\/02\\\/242-AF50-027.jpg\",\"width\":750,\"height\":750},{\"@type\":\"BreadcrumbList\",\"@id\":\"https:\\\/\\\/anadolupet.com.tr\\\/urun\\\/moderna-love-mama-saklama-kabi-gri-6-lt\\\/#breadcrumb\",\"itemListElement\":[{\"@type\":\"ListItem\",\"position\":1,\"name\":\"Anasayfa\",\"item\":\"https:\\\/\\\/anadolupet.com.tr\\\/\"},{\"@type\":\"ListItem\",\"position\":2,\"name\":\"\u00dcr\u00fcnler\",\"item\":\"https:\\\/\\\/anadolupet.com.tr\\\/urunler\\\/\"},{\"@type\":\"ListItem\",\"position\":3,\"name\":\"Moderna Love Mama Saklama Kab\u0131 &#8211; Gri 6 LT\"}]},{\"@type\":\"WebSite\",\"@id\":\"https:\\\/\\\/anadolupet.com.tr\\\/#website\",\"url\":\"https:\\\/\\\/anadolupet.com.tr\\\/\",\"name\":\"Anadolu Pet Grup\",\"description\":\"Her Can\u0131n \u0130yi Ya\u015fam\u0131 \u0130\u00e7in Biraraday\u0131z\",\"publisher\":{\"@id\":\"https:\\\/\\\/anadolupet.com.tr\\\/#organization\"},\"potentialAction\":[{\"@type\":\"SearchAction\",\"target\":{\"@type\":\"EntryPoint\",\"urlTemplate\":\"https:\\\/\\\/anadolupet.com.tr\\\/?s={search_term_string}\"},\"query-input\":{\"@type\":\"PropertyValueSpecification\",\"valueRequired\":true,\"valueName\":\"search_term_string\"}}],\"inLanguage\":\"en-US\"},{\"@type\":\"Organization\",\"@id\":\"https:\\\/\\\/anadolupet.com.tr\\\/#organization\",\"name\":\"Anadolu Pet Grup\",\"alternateName\":\"Anadolu Pet\",\"url\":\"https:\\\/\\\/anadolupet.com.tr\\\/\",\"logo\":{\"@type\":\"ImageObject\",\"inLanguage\":\"en-US\",\"@id\":\"https:\\\/\\\/anadolupet.com.tr\\\/#\\\/schema\\\/logo\\\/image\\\/\",\"url\":\"https:\\\/\\\/anadolupet.com.tr\\\/wp-content\\\/uploads\\\/2026\\\/03\\\/1614666743370.jpg\",\"contentUrl\":\"https:\\\/\\\/anadolupet.com.tr\\\/wp-content\\\/uploads\\\/2026\\\/03\\\/1614666743370.jpg\",\"width\":800,\"height\":571,\"caption\":\"Anadolu Pet Grup\"},\"image\":{\"@id\":\"https:\\\/\\\/anadolupet.com.tr\\\/#\\\/schema\\\/logo\\\/image\\\/\"}}]}<\/script>\n<!-- \/ Yoast SEO plugin. -->","yoast_head_json":{"title":"Moderna Love Mama Saklama Kab\u0131 - Gri 6 LT - Anadolu Pet Grup","robots":{"index":"index","follow":"follow","max-snippet":"max-snippet:-1","max-image-preview":"max-image-preview:large","max-video-preview":"max-video-preview:-1"},"canonical":"https:\/\/anadolupet.com.tr\/en\/product\/moderna-love-mama-saklama-kabi-gri-6-lt\/","og_locale":"en_US","og_type":"article","og_title":"Moderna Love Mama Saklama Kab\u0131 - Gri 6 LT - Anadolu Pet Grup","og_description":"Trendy Story Small \u2013 Cats in Love Mama Kab\u0131 (6 L) Sevimli tasar\u0131m, taze mama ve pratik kullan\u0131m! Trendy Story Small \u2013 Cats in Love mama kab\u0131, evcil dostunuzun mamas\u0131n\u0131 g\u00fcvenle saklamak i\u00e7in \u00f6zel olarak tasarlanm\u0131\u015ft\u0131r. \u015e\u0131k tasar\u0131m\u0131, dayan\u0131kl\u0131 yap\u0131s\u0131 ve pratik kullan\u0131m \u00f6zellikleriyle hem kediniz hem de sizin i\u00e7in ideal bir \u00e7\u00f6z\u00fcmd\u00fcr. \ud83d\udc3e \u00d6ne \u00c7\u0131kan \u00d6zellikler IML dekorasyon tekni\u011fi \u2013 \u00e7izilmez ve UV \u0131\u015f\u0131nlar\u0131na kar\u015f\u0131 dayan\u0131kl\u0131 tasar\u0131m Kolay kavrama kenarlar\u0131 \u2013 g\u00fcvenli ve rahat tutu\u015f sa\u011flar Bula\u015f\u0131k makinesinde y\u0131kanabilir \u2013 g\u00fcnl\u00fck kullan\u0131mda maksimum hijyen Dayan\u0131kl\u0131 premium plastik \u2013 uzun \u00f6m\u00fcrl\u00fc kullan\u0131m, BPA\u2019s\u0131z ve \u00e7evre dostu B\u00fcy\u00fck mente\u015feli kapak \u2013 mama doldurmay\u0131 kolayla\u015ft\u0131r\u0131r K\u00fc\u00e7\u00fck sabitlenebilir kapak \u2013 g\u00fcnl\u00fck kullan\u0131m i\u00e7in pratik eri\u015fim Mama tazeli\u011fini korur \u2013 maman\u0131n lezzetini ve besin de\u011ferini uzun s\u00fcre muhafaza eder Trendy Story mama kab\u0131, hem fonksiyonel hem de estetik tasar\u0131m\u0131yla evinizde \u015f\u0131k bir g\u00f6r\u00fcn\u00fcm sunar. Kedinizin mamas\u0131 her zaman taze ve lezzetli kal\u0131r. \ud83d\udce6 Hacim 6 L \ud83d\udccf \u00dcr\u00fcn \u00d6l\u00e7\u00fcleri 27.2 x 21.3 x 29.5 cm","og_url":"https:\/\/anadolupet.com.tr\/en\/product\/moderna-love-mama-saklama-kabi-gri-6-lt\/","og_site_name":"Anadolu Pet Grup","article_modified_time":"2026-02-23T12:51:29+00:00","og_image":[{"width":750,"height":750,"url":"https:\/\/anadolupet.com.tr\/wp-content\/uploads\/2026\/02\/242-AF50-027.jpg","type":"image\/jpeg"}],"twitter_card":"summary_large_image","schema":{"@context":"https:\/\/schema.org","@graph":[{"@type":"WebPage","@id":"https:\/\/anadolupet.com.tr\/urun\/moderna-love-mama-saklama-kabi-gri-6-lt\/","url":"https:\/\/anadolupet.com.tr\/urun\/moderna-love-mama-saklama-kabi-gri-6-lt\/","name":"Moderna Love Mama Saklama Kab\u0131 - Gri 6 LT - Anadolu Pet Grup","isPartOf":{"@id":"https:\/\/anadolupet.com.tr\/#website"},"primaryImageOfPage":{"@id":"https:\/\/anadolupet.com.tr\/urun\/moderna-love-mama-saklama-kabi-gri-6-lt\/#primaryimage"},"image":{"@id":"https:\/\/anadolupet.com.tr\/urun\/moderna-love-mama-saklama-kabi-gri-6-lt\/#primaryimage"},"thumbnailUrl":"https:\/\/anadolupet.com.tr\/wp-content\/uploads\/2026\/02\/242-AF50-027.jpg","datePublished":"2026-02-14T14:44:47+00:00","dateModified":"2026-02-23T12:51:29+00:00","breadcrumb":{"@id":"https:\/\/anadolupet.com.tr\/urun\/moderna-love-mama-saklama-kabi-gri-6-lt\/#breadcrumb"},"inLanguage":"en-US","potentialAction":[{"@type":"ReadAction","target":["https:\/\/anadolupet.com.tr\/urun\/moderna-love-mama-saklama-kabi-gri-6-lt\/"]}]},{"@type":"ImageObject","inLanguage":"en-US","@id":"https:\/\/anadolupet.com.tr\/urun\/moderna-love-mama-saklama-kabi-gri-6-lt\/#primaryimage","url":"https:\/\/anadolupet.com.tr\/wp-content\/uploads\/2026\/02\/242-AF50-027.jpg","contentUrl":"https:\/\/anadolupet.com.tr\/wp-content\/uploads\/2026\/02\/242-AF50-027.jpg","width":750,"height":750},{"@type":"BreadcrumbList","@id":"https:\/\/anadolupet.com.tr\/urun\/moderna-love-mama-saklama-kabi-gri-6-lt\/#breadcrumb","itemListElement":[{"@type":"ListItem","position":1,"name":"Anasayfa","item":"https:\/\/anadolupet.com.tr\/"},{"@type":"ListItem","position":2,"name":"\u00dcr\u00fcnler","item":"https:\/\/anadolupet.com.tr\/urunler\/"},{"@type":"ListItem","position":3,"name":"Moderna Love Mama Saklama Kab\u0131 &#8211; Gri 6 LT"}]},{"@type":"WebSite","@id":"https:\/\/anadolupet.com.tr\/#website","url":"https:\/\/anadolupet.com.tr\/","name":"Anadolu Pet Group","description":"We Stand Together for the Well-Being of Every Life","publisher":{"@id":"https:\/\/anadolupet.com.tr\/#organization"},"potentialAction":[{"@type":"SearchAction","target":{"@type":"EntryPoint","urlTemplate":"https:\/\/anadolupet.com.tr\/?s={search_term_string}"},"query-input":{"@type":"PropertyValueSpecification","valueRequired":true,"valueName":"search_term_string"}}],"inLanguage":"en-US"},{"@type":"Organization","@id":"https:\/\/anadolupet.com.tr\/#organization","name":"Anadolu Pet Group","alternateName":"Anadolu Pet","url":"https:\/\/anadolupet.com.tr\/","logo":{"@type":"ImageObject","inLanguage":"en-US","@id":"https:\/\/anadolupet.com.tr\/#\/schema\/logo\/image\/","url":"https:\/\/anadolupet.com.tr\/wp-content\/uploads\/2026\/03\/1614666743370.jpg","contentUrl":"https:\/\/anadolupet.com.tr\/wp-content\/uploads\/2026\/03\/1614666743370.jpg","width":800,"height":571,"caption":"Anadolu Pet Grup"},"image":{"@id":"https:\/\/anadolupet.com.tr\/#\/schema\/logo\/image\/"}}]}},"_links":{"self":[{"href":"https:\/\/anadolupet.com.tr\/en\/wp-json\/wp\/v2\/product\/45828","targetHints":{"allow":["GET"]}}],"collection":[{"href":"https:\/\/anadolupet.com.tr\/en\/wp-json\/wp\/v2\/product"}],"about":[{"href":"https:\/\/anadolupet.com.tr\/en\/wp-json\/wp\/v2\/types\/product"}],"replies":[{"embeddable":true,"href":"https:\/\/anadolupet.com.tr\/en\/wp-json\/wp\/v2\/comments?post=45828"}],"wp:featuredmedia":[{"embeddable":true,"href":"https:\/\/anadolupet.com.tr\/en\/wp-json\/wp\/v2\/media\/43385"}],"wp:attachment":[{"href":"https:\/\/anadolupet.com.tr\/en\/wp-json\/wp\/v2\/media?parent=45828"}],"wp:term":[{"taxonomy":"product_brand","embeddable":true,"href":"https:\/\/anadolupet.com.tr\/en\/wp-json\/wp\/v2\/product_brand?post=45828"},{"taxonomy":"product_cat","embeddable":true,"href":"https:\/\/anadolupet.com.tr\/en\/wp-json\/wp\/v2\/product_cat?post=45828"},{"taxonomy":"product_tag","embeddable":true,"href":"https:\/\/anadolupet.com.tr\/en\/wp-json\/wp\/v2\/product_tag?post=45828"}],"curies":[{"name":"wp","href":"https:\/\/api.w.org\/{rel}","templated":true}]}}