{"id":45835,"date":"2026-02-14T14:44:49","date_gmt":"2026-02-14T14:44:49","guid":{"rendered":"https:\/\/anadolupet.com.tr\/urun\/moderna-handy-jumbo-kedi-kumu-kuregi-ve-tasima-aparati\/"},"modified":"2026-02-23T12:51:29","modified_gmt":"2026-02-23T12:51:29","slug":"moderna-handy-jumbo-kedi-kumu-kuregi-ve-tasima-aparati","status":"publish","type":"product","link":"https:\/\/anadolupet.com.tr\/en\/urun\/moderna-handy-jumbo-kedi-kumu-kuregi-ve-tasima-aparati\/","title":{"rendered":"Moderna Handy Jumbo Kedi Kumu K\u00fcre\u011fi ve Ta\u015f\u0131ma Aparat\u0131"},"content":{"rendered":"","protected":false},"excerpt":{"rendered":"<p>Moderna Handy Jumbo Kedi Kum K\u00fcre\u011fi ve K\u00fcrek Ta\u015f\u0131ma Aparat\u0131<br \/>\nPratik, dayan\u0131kl\u0131 ve hijyenik kullan\u0131m i\u00e7in ideal \u00e7\u00f6z\u00fcm! Moderna Handy Jumbo Kedi Kum K\u00fcre\u011fi, a\u00e7\u0131k veya kapal\u0131 tuvaletlerde ince ve kal\u0131n taneli kumlar\u0131 kolayca temizlemenizi sa\u011flar. Kendinden elekli yap\u0131s\u0131 ve geni\u015f haznesi sayesinde temizlik s\u00fcresini k\u0131salt\u0131r, ekonomik ve kullan\u0131c\u0131 dostu bir deneyim sunar.<br \/>\n\u00d6ne \u00c7\u0131kan \u00d6zellikler<br \/>\nKendinden elekli tasar\u0131m \u2013 ince ve kal\u0131n kumlar\u0131 kolayca ay\u0131r\u0131r<br \/>\nGeni\u015f hazne \u2013 h\u0131zl\u0131 ve pratik temizlik sa\u011flar<br \/>\nK\u00fcrek ta\u015f\u0131ma aparat\u0131 \u2013 hijyenik saklama ve kolay ta\u015f\u0131ma imk\u00e2n\u0131<br \/>\nDayan\u0131kl\u0131 plastik malzeme \u2013 uzun \u00f6m\u00fcrl\u00fc kullan\u0131m i\u00e7in tasarlanm\u0131\u015ft\u0131r<br \/>\n\u015e\u0131k ve pratik tasar\u0131m \u2013 seyahatlerde mama ta\u015f\u0131ma i\u00e7in de kullan\u0131labilir<br \/>\n\u00dcr\u00fcn \u00d6l\u00e7\u00fcleri Uzunluk: 30 cm<br \/>\nGeni\u015flik: 12 cm<\/p>","protected":false},"featured_media":43451,"comment_status":"open","ping_status":"closed","template":"","meta":{"_acf_changed":false},"product_brand":[],"product_cat":[2430],"product_tag":[],"class_list":{"0":"post-45835","1":"product","2":"type-product","3":"status-publish","4":"has-post-thumbnail","6":"product_cat-kedi-tuvaletleri","8":"first","9":"instock","10":"shipping-taxable","11":"product-type-simple"},"acf":[],"yoast_head":"<!-- This site is optimized with the Yoast SEO plugin v27.5 - https:\/\/yoast.com\/product\/yoast-seo-wordpress\/ -->\n<title>Moderna Handy Jumbo Kedi Kumu K\u00fcre\u011fi ve Ta\u015f\u0131ma Aparat\u0131 - Anadolu Pet Grup<\/title>\n<meta name=\"robots\" content=\"index, follow, max-snippet:-1, max-image-preview:large, max-video-preview:-1\" \/>\n<link rel=\"canonical\" href=\"https:\/\/anadolupet.com.tr\/en\/product\/moderna-handy-jumbo-kedi-kumu-kuregi-ve-tasima-aparati\/\" \/>\n<meta property=\"og:locale\" content=\"en_US\" \/>\n<meta property=\"og:type\" content=\"article\" \/>\n<meta property=\"og:title\" content=\"Moderna Handy Jumbo Kedi Kumu K\u00fcre\u011fi ve Ta\u015f\u0131ma Aparat\u0131 - Anadolu Pet Grup\" \/>\n<meta property=\"og:description\" content=\"Moderna Handy Jumbo Kedi Kum K\u00fcre\u011fi ve K\u00fcrek Ta\u015f\u0131ma Aparat\u0131 Pratik, dayan\u0131kl\u0131 ve hijyenik kullan\u0131m i\u00e7in ideal \u00e7\u00f6z\u00fcm! Moderna Handy Jumbo Kedi Kum K\u00fcre\u011fi, a\u00e7\u0131k veya kapal\u0131 tuvaletlerde ince ve kal\u0131n taneli kumlar\u0131 kolayca temizlemenizi sa\u011flar. Kendinden elekli yap\u0131s\u0131 ve geni\u015f haznesi sayesinde temizlik s\u00fcresini k\u0131salt\u0131r, ekonomik ve kullan\u0131c\u0131 dostu bir deneyim sunar. \u00d6ne \u00c7\u0131kan \u00d6zellikler Kendinden elekli tasar\u0131m \u2013 ince ve kal\u0131n kumlar\u0131 kolayca ay\u0131r\u0131r Geni\u015f hazne \u2013 h\u0131zl\u0131 ve pratik temizlik sa\u011flar K\u00fcrek ta\u015f\u0131ma aparat\u0131 \u2013 hijyenik saklama ve kolay ta\u015f\u0131ma imk\u00e2n\u0131 Dayan\u0131kl\u0131 plastik malzeme \u2013 uzun \u00f6m\u00fcrl\u00fc kullan\u0131m i\u00e7in tasarlanm\u0131\u015ft\u0131r \u015e\u0131k ve pratik tasar\u0131m \u2013 seyahatlerde mama ta\u015f\u0131ma i\u00e7in de kullan\u0131labilir \u00dcr\u00fcn \u00d6l\u00e7\u00fcleri Uzunluk: 30 cm Geni\u015flik: 12 cm\" \/>\n<meta property=\"og:url\" content=\"https:\/\/anadolupet.com.tr\/en\/product\/moderna-handy-jumbo-kedi-kumu-kuregi-ve-tasima-aparati\/\" \/>\n<meta property=\"og:site_name\" content=\"Anadolu Pet Grup\" \/>\n<meta property=\"article:modified_time\" content=\"2026-02-23T12:51:29+00:00\" \/>\n<meta property=\"og:image\" content=\"https:\/\/anadolupet.com.tr\/wp-content\/uploads\/2026\/02\/242-BL90-0330.jpg\" \/>\n\t<meta property=\"og:image:width\" content=\"750\" \/>\n\t<meta property=\"og:image:height\" content=\"750\" \/>\n\t<meta property=\"og:image:type\" content=\"image\/jpeg\" \/>\n<meta name=\"twitter:card\" content=\"summary_large_image\" \/>\n<script type=\"application\/ld+json\" class=\"yoast-schema-graph\">{\"@context\":\"https:\\\/\\\/schema.org\",\"@graph\":[{\"@type\":\"WebPage\",\"@id\":\"https:\\\/\\\/anadolupet.com.tr\\\/urun\\\/moderna-handy-jumbo-kedi-kumu-kuregi-ve-tasima-aparati\\\/\",\"url\":\"https:\\\/\\\/anadolupet.com.tr\\\/urun\\\/moderna-handy-jumbo-kedi-kumu-kuregi-ve-tasima-aparati\\\/\",\"name\":\"Moderna Handy Jumbo Kedi Kumu K\u00fcre\u011fi ve Ta\u015f\u0131ma Aparat\u0131 - Anadolu Pet Grup\",\"isPartOf\":{\"@id\":\"https:\\\/\\\/anadolupet.com.tr\\\/#website\"},\"primaryImageOfPage\":{\"@id\":\"https:\\\/\\\/anadolupet.com.tr\\\/urun\\\/moderna-handy-jumbo-kedi-kumu-kuregi-ve-tasima-aparati\\\/#primaryimage\"},\"image\":{\"@id\":\"https:\\\/\\\/anadolupet.com.tr\\\/urun\\\/moderna-handy-jumbo-kedi-kumu-kuregi-ve-tasima-aparati\\\/#primaryimage\"},\"thumbnailUrl\":\"https:\\\/\\\/anadolupet.com.tr\\\/wp-content\\\/uploads\\\/2026\\\/02\\\/242-BL90-0330.jpg\",\"datePublished\":\"2026-02-14T14:44:49+00:00\",\"dateModified\":\"2026-02-23T12:51:29+00:00\",\"breadcrumb\":{\"@id\":\"https:\\\/\\\/anadolupet.com.tr\\\/urun\\\/moderna-handy-jumbo-kedi-kumu-kuregi-ve-tasima-aparati\\\/#breadcrumb\"},\"inLanguage\":\"en-US\",\"potentialAction\":[{\"@type\":\"ReadAction\",\"target\":[\"https:\\\/\\\/anadolupet.com.tr\\\/urun\\\/moderna-handy-jumbo-kedi-kumu-kuregi-ve-tasima-aparati\\\/\"]}]},{\"@type\":\"ImageObject\",\"inLanguage\":\"en-US\",\"@id\":\"https:\\\/\\\/anadolupet.com.tr\\\/urun\\\/moderna-handy-jumbo-kedi-kumu-kuregi-ve-tasima-aparati\\\/#primaryimage\",\"url\":\"https:\\\/\\\/anadolupet.com.tr\\\/wp-content\\\/uploads\\\/2026\\\/02\\\/242-BL90-0330.jpg\",\"contentUrl\":\"https:\\\/\\\/anadolupet.com.tr\\\/wp-content\\\/uploads\\\/2026\\\/02\\\/242-BL90-0330.jpg\",\"width\":750,\"height\":750},{\"@type\":\"BreadcrumbList\",\"@id\":\"https:\\\/\\\/anadolupet.com.tr\\\/urun\\\/moderna-handy-jumbo-kedi-kumu-kuregi-ve-tasima-aparati\\\/#breadcrumb\",\"itemListElement\":[{\"@type\":\"ListItem\",\"position\":1,\"name\":\"Anasayfa\",\"item\":\"https:\\\/\\\/anadolupet.com.tr\\\/\"},{\"@type\":\"ListItem\",\"position\":2,\"name\":\"\u00dcr\u00fcnler\",\"item\":\"https:\\\/\\\/anadolupet.com.tr\\\/urunler\\\/\"},{\"@type\":\"ListItem\",\"position\":3,\"name\":\"Moderna Handy Jumbo Kedi Kumu K\u00fcre\u011fi ve Ta\u015f\u0131ma Aparat\u0131\"}]},{\"@type\":\"WebSite\",\"@id\":\"https:\\\/\\\/anadolupet.com.tr\\\/#website\",\"url\":\"https:\\\/\\\/anadolupet.com.tr\\\/\",\"name\":\"Anadolu Pet Grup\",\"description\":\"Her Can\u0131n \u0130yi Ya\u015fam\u0131 \u0130\u00e7in Biraraday\u0131z\",\"publisher\":{\"@id\":\"https:\\\/\\\/anadolupet.com.tr\\\/#organization\"},\"potentialAction\":[{\"@type\":\"SearchAction\",\"target\":{\"@type\":\"EntryPoint\",\"urlTemplate\":\"https:\\\/\\\/anadolupet.com.tr\\\/?s={search_term_string}\"},\"query-input\":{\"@type\":\"PropertyValueSpecification\",\"valueRequired\":true,\"valueName\":\"search_term_string\"}}],\"inLanguage\":\"en-US\"},{\"@type\":\"Organization\",\"@id\":\"https:\\\/\\\/anadolupet.com.tr\\\/#organization\",\"name\":\"Anadolu Pet Grup\",\"alternateName\":\"Anadolu Pet\",\"url\":\"https:\\\/\\\/anadolupet.com.tr\\\/\",\"logo\":{\"@type\":\"ImageObject\",\"inLanguage\":\"en-US\",\"@id\":\"https:\\\/\\\/anadolupet.com.tr\\\/#\\\/schema\\\/logo\\\/image\\\/\",\"url\":\"https:\\\/\\\/anadolupet.com.tr\\\/wp-content\\\/uploads\\\/2026\\\/03\\\/1614666743370.jpg\",\"contentUrl\":\"https:\\\/\\\/anadolupet.com.tr\\\/wp-content\\\/uploads\\\/2026\\\/03\\\/1614666743370.jpg\",\"width\":800,\"height\":571,\"caption\":\"Anadolu Pet Grup\"},\"image\":{\"@id\":\"https:\\\/\\\/anadolupet.com.tr\\\/#\\\/schema\\\/logo\\\/image\\\/\"}}]}<\/script>\n<!-- \/ Yoast SEO plugin. -->","yoast_head_json":{"title":"Moderna Handy Jumbo Kedi Kumu K\u00fcre\u011fi ve Ta\u015f\u0131ma Aparat\u0131 - Anadolu Pet Grup","robots":{"index":"index","follow":"follow","max-snippet":"max-snippet:-1","max-image-preview":"max-image-preview:large","max-video-preview":"max-video-preview:-1"},"canonical":"https:\/\/anadolupet.com.tr\/en\/product\/moderna-handy-jumbo-kedi-kumu-kuregi-ve-tasima-aparati\/","og_locale":"en_US","og_type":"article","og_title":"Moderna Handy Jumbo Kedi Kumu K\u00fcre\u011fi ve Ta\u015f\u0131ma Aparat\u0131 - Anadolu Pet Grup","og_description":"Moderna Handy Jumbo Kedi Kum K\u00fcre\u011fi ve K\u00fcrek Ta\u015f\u0131ma Aparat\u0131 Pratik, dayan\u0131kl\u0131 ve hijyenik kullan\u0131m i\u00e7in ideal \u00e7\u00f6z\u00fcm! Moderna Handy Jumbo Kedi Kum K\u00fcre\u011fi, a\u00e7\u0131k veya kapal\u0131 tuvaletlerde ince ve kal\u0131n taneli kumlar\u0131 kolayca temizlemenizi sa\u011flar. Kendinden elekli yap\u0131s\u0131 ve geni\u015f haznesi sayesinde temizlik s\u00fcresini k\u0131salt\u0131r, ekonomik ve kullan\u0131c\u0131 dostu bir deneyim sunar. \u00d6ne \u00c7\u0131kan \u00d6zellikler Kendinden elekli tasar\u0131m \u2013 ince ve kal\u0131n kumlar\u0131 kolayca ay\u0131r\u0131r Geni\u015f hazne \u2013 h\u0131zl\u0131 ve pratik temizlik sa\u011flar K\u00fcrek ta\u015f\u0131ma aparat\u0131 \u2013 hijyenik saklama ve kolay ta\u015f\u0131ma imk\u00e2n\u0131 Dayan\u0131kl\u0131 plastik malzeme \u2013 uzun \u00f6m\u00fcrl\u00fc kullan\u0131m i\u00e7in tasarlanm\u0131\u015ft\u0131r \u015e\u0131k ve pratik tasar\u0131m \u2013 seyahatlerde mama ta\u015f\u0131ma i\u00e7in de kullan\u0131labilir \u00dcr\u00fcn \u00d6l\u00e7\u00fcleri Uzunluk: 30 cm Geni\u015flik: 12 cm","og_url":"https:\/\/anadolupet.com.tr\/en\/product\/moderna-handy-jumbo-kedi-kumu-kuregi-ve-tasima-aparati\/","og_site_name":"Anadolu Pet Grup","article_modified_time":"2026-02-23T12:51:29+00:00","og_image":[{"width":750,"height":750,"url":"https:\/\/anadolupet.com.tr\/wp-content\/uploads\/2026\/02\/242-BL90-0330.jpg","type":"image\/jpeg"}],"twitter_card":"summary_large_image","schema":{"@context":"https:\/\/schema.org","@graph":[{"@type":"WebPage","@id":"https:\/\/anadolupet.com.tr\/urun\/moderna-handy-jumbo-kedi-kumu-kuregi-ve-tasima-aparati\/","url":"https:\/\/anadolupet.com.tr\/urun\/moderna-handy-jumbo-kedi-kumu-kuregi-ve-tasima-aparati\/","name":"Moderna Handy Jumbo Kedi Kumu K\u00fcre\u011fi ve Ta\u015f\u0131ma Aparat\u0131 - Anadolu Pet Grup","isPartOf":{"@id":"https:\/\/anadolupet.com.tr\/#website"},"primaryImageOfPage":{"@id":"https:\/\/anadolupet.com.tr\/urun\/moderna-handy-jumbo-kedi-kumu-kuregi-ve-tasima-aparati\/#primaryimage"},"image":{"@id":"https:\/\/anadolupet.com.tr\/urun\/moderna-handy-jumbo-kedi-kumu-kuregi-ve-tasima-aparati\/#primaryimage"},"thumbnailUrl":"https:\/\/anadolupet.com.tr\/wp-content\/uploads\/2026\/02\/242-BL90-0330.jpg","datePublished":"2026-02-14T14:44:49+00:00","dateModified":"2026-02-23T12:51:29+00:00","breadcrumb":{"@id":"https:\/\/anadolupet.com.tr\/urun\/moderna-handy-jumbo-kedi-kumu-kuregi-ve-tasima-aparati\/#breadcrumb"},"inLanguage":"en-US","potentialAction":[{"@type":"ReadAction","target":["https:\/\/anadolupet.com.tr\/urun\/moderna-handy-jumbo-kedi-kumu-kuregi-ve-tasima-aparati\/"]}]},{"@type":"ImageObject","inLanguage":"en-US","@id":"https:\/\/anadolupet.com.tr\/urun\/moderna-handy-jumbo-kedi-kumu-kuregi-ve-tasima-aparati\/#primaryimage","url":"https:\/\/anadolupet.com.tr\/wp-content\/uploads\/2026\/02\/242-BL90-0330.jpg","contentUrl":"https:\/\/anadolupet.com.tr\/wp-content\/uploads\/2026\/02\/242-BL90-0330.jpg","width":750,"height":750},{"@type":"BreadcrumbList","@id":"https:\/\/anadolupet.com.tr\/urun\/moderna-handy-jumbo-kedi-kumu-kuregi-ve-tasima-aparati\/#breadcrumb","itemListElement":[{"@type":"ListItem","position":1,"name":"Anasayfa","item":"https:\/\/anadolupet.com.tr\/"},{"@type":"ListItem","position":2,"name":"\u00dcr\u00fcnler","item":"https:\/\/anadolupet.com.tr\/urunler\/"},{"@type":"ListItem","position":3,"name":"Moderna Handy Jumbo Kedi Kumu K\u00fcre\u011fi ve Ta\u015f\u0131ma Aparat\u0131"}]},{"@type":"WebSite","@id":"https:\/\/anadolupet.com.tr\/#website","url":"https:\/\/anadolupet.com.tr\/","name":"Anadolu Pet Group","description":"We Stand Together for the Well-Being of Every Life","publisher":{"@id":"https:\/\/anadolupet.com.tr\/#organization"},"potentialAction":[{"@type":"SearchAction","target":{"@type":"EntryPoint","urlTemplate":"https:\/\/anadolupet.com.tr\/?s={search_term_string}"},"query-input":{"@type":"PropertyValueSpecification","valueRequired":true,"valueName":"search_term_string"}}],"inLanguage":"en-US"},{"@type":"Organization","@id":"https:\/\/anadolupet.com.tr\/#organization","name":"Anadolu Pet Group","alternateName":"Anadolu Pet","url":"https:\/\/anadolupet.com.tr\/","logo":{"@type":"ImageObject","inLanguage":"en-US","@id":"https:\/\/anadolupet.com.tr\/#\/schema\/logo\/image\/","url":"https:\/\/anadolupet.com.tr\/wp-content\/uploads\/2026\/03\/1614666743370.jpg","contentUrl":"https:\/\/anadolupet.com.tr\/wp-content\/uploads\/2026\/03\/1614666743370.jpg","width":800,"height":571,"caption":"Anadolu Pet Grup"},"image":{"@id":"https:\/\/anadolupet.com.tr\/#\/schema\/logo\/image\/"}}]}},"_links":{"self":[{"href":"https:\/\/anadolupet.com.tr\/en\/wp-json\/wp\/v2\/product\/45835","targetHints":{"allow":["GET"]}}],"collection":[{"href":"https:\/\/anadolupet.com.tr\/en\/wp-json\/wp\/v2\/product"}],"about":[{"href":"https:\/\/anadolupet.com.tr\/en\/wp-json\/wp\/v2\/types\/product"}],"replies":[{"embeddable":true,"href":"https:\/\/anadolupet.com.tr\/en\/wp-json\/wp\/v2\/comments?post=45835"}],"wp:featuredmedia":[{"embeddable":true,"href":"https:\/\/anadolupet.com.tr\/en\/wp-json\/wp\/v2\/media\/43451"}],"wp:attachment":[{"href":"https:\/\/anadolupet.com.tr\/en\/wp-json\/wp\/v2\/media?parent=45835"}],"wp:term":[{"taxonomy":"product_brand","embeddable":true,"href":"https:\/\/anadolupet.com.tr\/en\/wp-json\/wp\/v2\/product_brand?post=45835"},{"taxonomy":"product_cat","embeddable":true,"href":"https:\/\/anadolupet.com.tr\/en\/wp-json\/wp\/v2\/product_cat?post=45835"},{"taxonomy":"product_tag","embeddable":true,"href":"https:\/\/anadolupet.com.tr\/en\/wp-json\/wp\/v2\/product_tag?post=45835"}],"curies":[{"name":"wp","href":"https:\/\/api.w.org\/{rel}","templated":true}]}}