{"id":45837,"date":"2026-02-14T14:44:49","date_gmt":"2026-02-14T14:44:49","guid":{"rendered":"https:\/\/anadolupet.com.tr\/urun\/moderna-handy-kedi-kumu-kuregi-kirmizi\/"},"modified":"2026-02-23T12:51:29","modified_gmt":"2026-02-23T12:51:29","slug":"moderna-handy-kedi-kumu-kuregi-kirmizi","status":"publish","type":"product","link":"https:\/\/anadolupet.com.tr\/en\/urun\/moderna-handy-kedi-kumu-kuregi-kirmizi\/","title":{"rendered":"Moderna Handy Kedi Kumu K\u00fcre\u011fi &#8211; K\u0131rm\u0131z\u0131"},"content":{"rendered":"","protected":false},"excerpt":{"rendered":"<p>Handy \u2013 Pratik Kedi Kumu K\u00fcre\u011fi<br \/>\nKum temizli\u011fi art\u0131k \u00e7ok daha kolay! Handy, kedinizin tuvaletini temizlerken size en b\u00fcy\u00fck yard\u0131mc\u0131n\u0131z olacak. Ergonomik tasar\u0131m\u0131 sayesinde kullan\u0131m konforu sunar, pratik \u00f6zellikleriyle temizlik s\u00fcrecini h\u0131zland\u0131r\u0131r.<br \/>\nIl\u0131k sabunlu su ile kolayca temizlenir<br \/>\nTemizli\u011fi kolayla\u015ft\u0131ran \u00f6zel tasar\u0131m<br \/>\nErgonomik sap ile rahat kullan\u0131m<br \/>\nMa\u011faza raflar\u0131 i\u00e7in ask\u0131 aparat\u0131 ile gelir<br \/>\nKumun \u00f6mr\u00fcn\u00fc uzat\u0131r, k\u00f6t\u00fc kokular\u0131 \u00f6nler<br \/>\n%98 geri d\u00f6n\u00fc\u015ft\u00fcr\u00fclm\u00fc\u015f plastikten \u00fcretilmi\u015ftir<br \/>\nKedi tuvaletini temizleme zaman\u0131 geldi\u011finde, Handy her zaman yan\u0131n\u0131zda! Kullan\u0131c\u0131 dostu ergonomik sap\u0131 sayesinde zahmetsiz bir deneyim sunar. Ayr\u0131ca ma\u011faza raflar\u0131nda sergilemeye uygun ask\u0131 aparat\u0131 ile sat\u0131\u015f noktalar\u0131 i\u00e7in de idealdir.<br \/>\n\ud83d\udccf \u00d6l\u00e7\u00fcler: Uzunluk 30,5 cm x Geni\u015flik 10,1 cm x Y\u00fckseklik 4 cm<\/p>","protected":false},"featured_media":43405,"comment_status":"open","ping_status":"closed","template":"","meta":{"_acf_changed":false},"product_brand":[],"product_cat":[2430],"product_tag":[],"class_list":{"0":"post-45837","1":"product","2":"type-product","3":"status-publish","4":"has-post-thumbnail","6":"product_cat-kedi-tuvaletleri","8":"first","9":"instock","10":"shipping-taxable","11":"product-type-simple"},"acf":[],"yoast_head":"<!-- This site is optimized with the Yoast SEO plugin v27.5 - https:\/\/yoast.com\/product\/yoast-seo-wordpress\/ -->\n<title>Moderna Handy Kedi Kumu K\u00fcre\u011fi - K\u0131rm\u0131z\u0131 - Anadolu Pet Grup<\/title>\n<meta name=\"robots\" content=\"index, follow, max-snippet:-1, max-image-preview:large, max-video-preview:-1\" \/>\n<link rel=\"canonical\" href=\"https:\/\/anadolupet.com.tr\/en\/product\/moderna-handy-kedi-kumu-kuregi-kirmizi\/\" \/>\n<meta property=\"og:locale\" content=\"en_US\" \/>\n<meta property=\"og:type\" content=\"article\" \/>\n<meta property=\"og:title\" content=\"Moderna Handy Kedi Kumu K\u00fcre\u011fi - K\u0131rm\u0131z\u0131 - Anadolu Pet Grup\" \/>\n<meta property=\"og:description\" content=\"Handy \u2013 Pratik Kedi Kumu K\u00fcre\u011fi Kum temizli\u011fi art\u0131k \u00e7ok daha kolay! Handy, kedinizin tuvaletini temizlerken size en b\u00fcy\u00fck yard\u0131mc\u0131n\u0131z olacak. Ergonomik tasar\u0131m\u0131 sayesinde kullan\u0131m konforu sunar, pratik \u00f6zellikleriyle temizlik s\u00fcrecini h\u0131zland\u0131r\u0131r. Il\u0131k sabunlu su ile kolayca temizlenir Temizli\u011fi kolayla\u015ft\u0131ran \u00f6zel tasar\u0131m Ergonomik sap ile rahat kullan\u0131m Ma\u011faza raflar\u0131 i\u00e7in ask\u0131 aparat\u0131 ile gelir Kumun \u00f6mr\u00fcn\u00fc uzat\u0131r, k\u00f6t\u00fc kokular\u0131 \u00f6nler %98 geri d\u00f6n\u00fc\u015ft\u00fcr\u00fclm\u00fc\u015f plastikten \u00fcretilmi\u015ftir Kedi tuvaletini temizleme zaman\u0131 geldi\u011finde, Handy her zaman yan\u0131n\u0131zda! Kullan\u0131c\u0131 dostu ergonomik sap\u0131 sayesinde zahmetsiz bir deneyim sunar. Ayr\u0131ca ma\u011faza raflar\u0131nda sergilemeye uygun ask\u0131 aparat\u0131 ile sat\u0131\u015f noktalar\u0131 i\u00e7in de idealdir. \ud83d\udccf \u00d6l\u00e7\u00fcler: Uzunluk 30,5 cm x Geni\u015flik 10,1 cm x Y\u00fckseklik 4 cm\" \/>\n<meta property=\"og:url\" content=\"https:\/\/anadolupet.com.tr\/en\/product\/moderna-handy-kedi-kumu-kuregi-kirmizi\/\" \/>\n<meta property=\"og:site_name\" content=\"Anadolu Pet Grup\" \/>\n<meta property=\"article:modified_time\" content=\"2026-02-23T12:51:29+00:00\" \/>\n<meta property=\"og:image\" content=\"https:\/\/anadolupet.com.tr\/wp-content\/uploads\/2026\/02\/242-AI44-371.jpg\" \/>\n\t<meta property=\"og:image:width\" content=\"750\" \/>\n\t<meta property=\"og:image:height\" content=\"750\" \/>\n\t<meta property=\"og:image:type\" content=\"image\/jpeg\" \/>\n<meta name=\"twitter:card\" content=\"summary_large_image\" \/>\n<script type=\"application\/ld+json\" class=\"yoast-schema-graph\">{\"@context\":\"https:\\\/\\\/schema.org\",\"@graph\":[{\"@type\":\"WebPage\",\"@id\":\"https:\\\/\\\/anadolupet.com.tr\\\/urun\\\/moderna-handy-kedi-kumu-kuregi-kirmizi\\\/\",\"url\":\"https:\\\/\\\/anadolupet.com.tr\\\/urun\\\/moderna-handy-kedi-kumu-kuregi-kirmizi\\\/\",\"name\":\"Moderna Handy Kedi Kumu K\u00fcre\u011fi - K\u0131rm\u0131z\u0131 - Anadolu Pet Grup\",\"isPartOf\":{\"@id\":\"https:\\\/\\\/anadolupet.com.tr\\\/#website\"},\"primaryImageOfPage\":{\"@id\":\"https:\\\/\\\/anadolupet.com.tr\\\/urun\\\/moderna-handy-kedi-kumu-kuregi-kirmizi\\\/#primaryimage\"},\"image\":{\"@id\":\"https:\\\/\\\/anadolupet.com.tr\\\/urun\\\/moderna-handy-kedi-kumu-kuregi-kirmizi\\\/#primaryimage\"},\"thumbnailUrl\":\"https:\\\/\\\/anadolupet.com.tr\\\/wp-content\\\/uploads\\\/2026\\\/02\\\/242-AI44-371.jpg\",\"datePublished\":\"2026-02-14T14:44:49+00:00\",\"dateModified\":\"2026-02-23T12:51:29+00:00\",\"breadcrumb\":{\"@id\":\"https:\\\/\\\/anadolupet.com.tr\\\/urun\\\/moderna-handy-kedi-kumu-kuregi-kirmizi\\\/#breadcrumb\"},\"inLanguage\":\"en-US\",\"potentialAction\":[{\"@type\":\"ReadAction\",\"target\":[\"https:\\\/\\\/anadolupet.com.tr\\\/urun\\\/moderna-handy-kedi-kumu-kuregi-kirmizi\\\/\"]}]},{\"@type\":\"ImageObject\",\"inLanguage\":\"en-US\",\"@id\":\"https:\\\/\\\/anadolupet.com.tr\\\/urun\\\/moderna-handy-kedi-kumu-kuregi-kirmizi\\\/#primaryimage\",\"url\":\"https:\\\/\\\/anadolupet.com.tr\\\/wp-content\\\/uploads\\\/2026\\\/02\\\/242-AI44-371.jpg\",\"contentUrl\":\"https:\\\/\\\/anadolupet.com.tr\\\/wp-content\\\/uploads\\\/2026\\\/02\\\/242-AI44-371.jpg\",\"width\":750,\"height\":750},{\"@type\":\"BreadcrumbList\",\"@id\":\"https:\\\/\\\/anadolupet.com.tr\\\/urun\\\/moderna-handy-kedi-kumu-kuregi-kirmizi\\\/#breadcrumb\",\"itemListElement\":[{\"@type\":\"ListItem\",\"position\":1,\"name\":\"Anasayfa\",\"item\":\"https:\\\/\\\/anadolupet.com.tr\\\/\"},{\"@type\":\"ListItem\",\"position\":2,\"name\":\"\u00dcr\u00fcnler\",\"item\":\"https:\\\/\\\/anadolupet.com.tr\\\/urunler\\\/\"},{\"@type\":\"ListItem\",\"position\":3,\"name\":\"Moderna Handy Kedi Kumu K\u00fcre\u011fi &#8211; K\u0131rm\u0131z\u0131\"}]},{\"@type\":\"WebSite\",\"@id\":\"https:\\\/\\\/anadolupet.com.tr\\\/#website\",\"url\":\"https:\\\/\\\/anadolupet.com.tr\\\/\",\"name\":\"Anadolu Pet Grup\",\"description\":\"Her Can\u0131n \u0130yi Ya\u015fam\u0131 \u0130\u00e7in Biraraday\u0131z\",\"publisher\":{\"@id\":\"https:\\\/\\\/anadolupet.com.tr\\\/#organization\"},\"potentialAction\":[{\"@type\":\"SearchAction\",\"target\":{\"@type\":\"EntryPoint\",\"urlTemplate\":\"https:\\\/\\\/anadolupet.com.tr\\\/?s={search_term_string}\"},\"query-input\":{\"@type\":\"PropertyValueSpecification\",\"valueRequired\":true,\"valueName\":\"search_term_string\"}}],\"inLanguage\":\"en-US\"},{\"@type\":\"Organization\",\"@id\":\"https:\\\/\\\/anadolupet.com.tr\\\/#organization\",\"name\":\"Anadolu Pet Grup\",\"alternateName\":\"Anadolu Pet\",\"url\":\"https:\\\/\\\/anadolupet.com.tr\\\/\",\"logo\":{\"@type\":\"ImageObject\",\"inLanguage\":\"en-US\",\"@id\":\"https:\\\/\\\/anadolupet.com.tr\\\/#\\\/schema\\\/logo\\\/image\\\/\",\"url\":\"https:\\\/\\\/anadolupet.com.tr\\\/wp-content\\\/uploads\\\/2026\\\/03\\\/1614666743370.jpg\",\"contentUrl\":\"https:\\\/\\\/anadolupet.com.tr\\\/wp-content\\\/uploads\\\/2026\\\/03\\\/1614666743370.jpg\",\"width\":800,\"height\":571,\"caption\":\"Anadolu Pet Grup\"},\"image\":{\"@id\":\"https:\\\/\\\/anadolupet.com.tr\\\/#\\\/schema\\\/logo\\\/image\\\/\"}}]}<\/script>\n<!-- \/ Yoast SEO plugin. -->","yoast_head_json":{"title":"Moderna Handy Kedi Kumu K\u00fcre\u011fi - K\u0131rm\u0131z\u0131 - Anadolu Pet Grup","robots":{"index":"index","follow":"follow","max-snippet":"max-snippet:-1","max-image-preview":"max-image-preview:large","max-video-preview":"max-video-preview:-1"},"canonical":"https:\/\/anadolupet.com.tr\/en\/product\/moderna-handy-kedi-kumu-kuregi-kirmizi\/","og_locale":"en_US","og_type":"article","og_title":"Moderna Handy Kedi Kumu K\u00fcre\u011fi - K\u0131rm\u0131z\u0131 - Anadolu Pet Grup","og_description":"Handy \u2013 Pratik Kedi Kumu K\u00fcre\u011fi Kum temizli\u011fi art\u0131k \u00e7ok daha kolay! Handy, kedinizin tuvaletini temizlerken size en b\u00fcy\u00fck yard\u0131mc\u0131n\u0131z olacak. Ergonomik tasar\u0131m\u0131 sayesinde kullan\u0131m konforu sunar, pratik \u00f6zellikleriyle temizlik s\u00fcrecini h\u0131zland\u0131r\u0131r. Il\u0131k sabunlu su ile kolayca temizlenir Temizli\u011fi kolayla\u015ft\u0131ran \u00f6zel tasar\u0131m Ergonomik sap ile rahat kullan\u0131m Ma\u011faza raflar\u0131 i\u00e7in ask\u0131 aparat\u0131 ile gelir Kumun \u00f6mr\u00fcn\u00fc uzat\u0131r, k\u00f6t\u00fc kokular\u0131 \u00f6nler %98 geri d\u00f6n\u00fc\u015ft\u00fcr\u00fclm\u00fc\u015f plastikten \u00fcretilmi\u015ftir Kedi tuvaletini temizleme zaman\u0131 geldi\u011finde, Handy her zaman yan\u0131n\u0131zda! Kullan\u0131c\u0131 dostu ergonomik sap\u0131 sayesinde zahmetsiz bir deneyim sunar. Ayr\u0131ca ma\u011faza raflar\u0131nda sergilemeye uygun ask\u0131 aparat\u0131 ile sat\u0131\u015f noktalar\u0131 i\u00e7in de idealdir. \ud83d\udccf \u00d6l\u00e7\u00fcler: Uzunluk 30,5 cm x Geni\u015flik 10,1 cm x Y\u00fckseklik 4 cm","og_url":"https:\/\/anadolupet.com.tr\/en\/product\/moderna-handy-kedi-kumu-kuregi-kirmizi\/","og_site_name":"Anadolu Pet Grup","article_modified_time":"2026-02-23T12:51:29+00:00","og_image":[{"width":750,"height":750,"url":"https:\/\/anadolupet.com.tr\/wp-content\/uploads\/2026\/02\/242-AI44-371.jpg","type":"image\/jpeg"}],"twitter_card":"summary_large_image","schema":{"@context":"https:\/\/schema.org","@graph":[{"@type":"WebPage","@id":"https:\/\/anadolupet.com.tr\/urun\/moderna-handy-kedi-kumu-kuregi-kirmizi\/","url":"https:\/\/anadolupet.com.tr\/urun\/moderna-handy-kedi-kumu-kuregi-kirmizi\/","name":"Moderna Handy Kedi Kumu K\u00fcre\u011fi - K\u0131rm\u0131z\u0131 - Anadolu Pet Grup","isPartOf":{"@id":"https:\/\/anadolupet.com.tr\/#website"},"primaryImageOfPage":{"@id":"https:\/\/anadolupet.com.tr\/urun\/moderna-handy-kedi-kumu-kuregi-kirmizi\/#primaryimage"},"image":{"@id":"https:\/\/anadolupet.com.tr\/urun\/moderna-handy-kedi-kumu-kuregi-kirmizi\/#primaryimage"},"thumbnailUrl":"https:\/\/anadolupet.com.tr\/wp-content\/uploads\/2026\/02\/242-AI44-371.jpg","datePublished":"2026-02-14T14:44:49+00:00","dateModified":"2026-02-23T12:51:29+00:00","breadcrumb":{"@id":"https:\/\/anadolupet.com.tr\/urun\/moderna-handy-kedi-kumu-kuregi-kirmizi\/#breadcrumb"},"inLanguage":"en-US","potentialAction":[{"@type":"ReadAction","target":["https:\/\/anadolupet.com.tr\/urun\/moderna-handy-kedi-kumu-kuregi-kirmizi\/"]}]},{"@type":"ImageObject","inLanguage":"en-US","@id":"https:\/\/anadolupet.com.tr\/urun\/moderna-handy-kedi-kumu-kuregi-kirmizi\/#primaryimage","url":"https:\/\/anadolupet.com.tr\/wp-content\/uploads\/2026\/02\/242-AI44-371.jpg","contentUrl":"https:\/\/anadolupet.com.tr\/wp-content\/uploads\/2026\/02\/242-AI44-371.jpg","width":750,"height":750},{"@type":"BreadcrumbList","@id":"https:\/\/anadolupet.com.tr\/urun\/moderna-handy-kedi-kumu-kuregi-kirmizi\/#breadcrumb","itemListElement":[{"@type":"ListItem","position":1,"name":"Anasayfa","item":"https:\/\/anadolupet.com.tr\/"},{"@type":"ListItem","position":2,"name":"\u00dcr\u00fcnler","item":"https:\/\/anadolupet.com.tr\/urunler\/"},{"@type":"ListItem","position":3,"name":"Moderna Handy Kedi Kumu K\u00fcre\u011fi &#8211; K\u0131rm\u0131z\u0131"}]},{"@type":"WebSite","@id":"https:\/\/anadolupet.com.tr\/#website","url":"https:\/\/anadolupet.com.tr\/","name":"Anadolu Pet Group","description":"We Stand Together for the Well-Being of Every Life","publisher":{"@id":"https:\/\/anadolupet.com.tr\/#organization"},"potentialAction":[{"@type":"SearchAction","target":{"@type":"EntryPoint","urlTemplate":"https:\/\/anadolupet.com.tr\/?s={search_term_string}"},"query-input":{"@type":"PropertyValueSpecification","valueRequired":true,"valueName":"search_term_string"}}],"inLanguage":"en-US"},{"@type":"Organization","@id":"https:\/\/anadolupet.com.tr\/#organization","name":"Anadolu Pet Group","alternateName":"Anadolu Pet","url":"https:\/\/anadolupet.com.tr\/","logo":{"@type":"ImageObject","inLanguage":"en-US","@id":"https:\/\/anadolupet.com.tr\/#\/schema\/logo\/image\/","url":"https:\/\/anadolupet.com.tr\/wp-content\/uploads\/2026\/03\/1614666743370.jpg","contentUrl":"https:\/\/anadolupet.com.tr\/wp-content\/uploads\/2026\/03\/1614666743370.jpg","width":800,"height":571,"caption":"Anadolu Pet Grup"},"image":{"@id":"https:\/\/anadolupet.com.tr\/#\/schema\/logo\/image\/"}}]}},"_links":{"self":[{"href":"https:\/\/anadolupet.com.tr\/en\/wp-json\/wp\/v2\/product\/45837","targetHints":{"allow":["GET"]}}],"collection":[{"href":"https:\/\/anadolupet.com.tr\/en\/wp-json\/wp\/v2\/product"}],"about":[{"href":"https:\/\/anadolupet.com.tr\/en\/wp-json\/wp\/v2\/types\/product"}],"replies":[{"embeddable":true,"href":"https:\/\/anadolupet.com.tr\/en\/wp-json\/wp\/v2\/comments?post=45837"}],"wp:featuredmedia":[{"embeddable":true,"href":"https:\/\/anadolupet.com.tr\/en\/wp-json\/wp\/v2\/media\/43405"}],"wp:attachment":[{"href":"https:\/\/anadolupet.com.tr\/en\/wp-json\/wp\/v2\/media?parent=45837"}],"wp:term":[{"taxonomy":"product_brand","embeddable":true,"href":"https:\/\/anadolupet.com.tr\/en\/wp-json\/wp\/v2\/product_brand?post=45837"},{"taxonomy":"product_cat","embeddable":true,"href":"https:\/\/anadolupet.com.tr\/en\/wp-json\/wp\/v2\/product_cat?post=45837"},{"taxonomy":"product_tag","embeddable":true,"href":"https:\/\/anadolupet.com.tr\/en\/wp-json\/wp\/v2\/product_tag?post=45837"}],"curies":[{"name":"wp","href":"https:\/\/api.w.org\/{rel}","templated":true}]}}