{"id":45839,"date":"2026-02-14T14:44:50","date_gmt":"2026-02-14T14:44:50","guid":{"rendered":"https:\/\/anadolupet.com.tr\/urun\/moderna-hidden-planter-saksi-kapali-kedi-tuvaleti-beyaz\/"},"modified":"2026-02-23T12:51:29","modified_gmt":"2026-02-23T12:51:29","slug":"moderna-hidden-planter-saksi-kapali-kedi-tuvaleti-beyaz","status":"publish","type":"product","link":"https:\/\/anadolupet.com.tr\/en\/urun\/moderna-hidden-planter-saksi-kapali-kedi-tuvaleti-beyaz\/","title":{"rendered":"Moderna Hidden Planter Saks\u0131 Kapal\u0131 Kedi Tuvaleti &#8211; Beyaz"},"content":{"rendered":"","protected":false},"excerpt":{"rendered":"<p>Hidden Planter \u2013 Gizli Kapal\u0131 Kedi Tuvaleti<br \/>\n\u015e\u0131kl\u0131k ve fonksiyonelli\u011fi bir arada sunan gizli tasar\u0131m! Hidden Planter, evinizde dekoratif bir saks\u0131 gibi g\u00f6r\u00fcnen ama asl\u0131nda kediniz i\u00e7in \u00f6zel olarak tasarlanm\u0131\u015f gizli bir tuvalettir. Hem kedinizin mahremiyetini korur hem de ev dekorasyonuna estetik bir dokunu\u015f katar.<br \/>\n\ud83d\udc3e \u00d6ne \u00c7\u0131kan \u00d6zellikler<br \/>\nYuvarlat\u0131lm\u0131\u015f kenarlar \u2013 yap\u0131\u015fmaz y\u00fczey, kolay temizlik<br \/>\nIl\u0131k sabunlu su ile pratik temizlik<br \/>\nUzun \u00f6m\u00fcrl\u00fc kullan\u0131m i\u00e7in premium plastik malzeme<br \/>\nGer\u00e7ek bir saks\u0131 g\u00f6r\u00fcn\u00fcm\u00fc \u2013 ev dekoruna uyum sa\u011flar<br \/>\n\u0130ki tutma sapl\u0131 kapak \u2013 kolay kald\u0131rma ve kullan\u0131m<br \/>\nKediniz i\u00e7in geni\u015f ve mahrem alan<br \/>\n%100 geri d\u00f6n\u00fc\u015ft\u00fcr\u00fclebilir, \u00e7evre dostu plastik<br \/>\nBu dekoratif saks\u0131 g\u00f6r\u00fcn\u00fcml\u00fc tuvalet, kedinizin ihtiya\u00e7lar\u0131n\u0131 gizli ve hijyenik bir \u015fekilde kar\u015f\u0131lamas\u0131n\u0131 sa\u011flar. Mahremiyet sunarken evinizde \u015f\u0131k bir obje gibi durur.<br \/>\n\ud83d\udccf \u00d6l\u00e7\u00fcler: Uzunluk 49,5 cm x Geni\u015flik 49,5 cm x Y\u00fckseklik 48,5 cm<\/p>","protected":false},"featured_media":43458,"comment_status":"open","ping_status":"closed","template":"","meta":{"_acf_changed":false},"product_brand":[],"product_cat":[2430],"product_tag":[],"class_list":{"0":"post-45839","1":"product","2":"type-product","3":"status-publish","4":"has-post-thumbnail","6":"product_cat-kedi-tuvaletleri","8":"first","9":"instock","10":"shipping-taxable","11":"product-type-simple"},"acf":[],"yoast_head":"<!-- This site is optimized with the Yoast SEO plugin v27.5 - https:\/\/yoast.com\/product\/yoast-seo-wordpress\/ -->\n<title>Moderna Hidden Planter Saks\u0131 Kapal\u0131 Kedi Tuvaleti - Beyaz - Anadolu Pet Grup<\/title>\n<meta name=\"robots\" content=\"index, follow, max-snippet:-1, max-image-preview:large, max-video-preview:-1\" \/>\n<link rel=\"canonical\" href=\"https:\/\/anadolupet.com.tr\/en\/product\/moderna-hidden-planter-saksi-kapali-kedi-tuvaleti-beyaz\/\" \/>\n<meta property=\"og:locale\" content=\"en_US\" \/>\n<meta property=\"og:type\" content=\"article\" \/>\n<meta property=\"og:title\" content=\"Moderna Hidden Planter Saks\u0131 Kapal\u0131 Kedi Tuvaleti - Beyaz - Anadolu Pet Grup\" \/>\n<meta property=\"og:description\" content=\"Hidden Planter \u2013 Gizli Kapal\u0131 Kedi Tuvaleti \u015e\u0131kl\u0131k ve fonksiyonelli\u011fi bir arada sunan gizli tasar\u0131m! Hidden Planter, evinizde dekoratif bir saks\u0131 gibi g\u00f6r\u00fcnen ama asl\u0131nda kediniz i\u00e7in \u00f6zel olarak tasarlanm\u0131\u015f gizli bir tuvalettir. Hem kedinizin mahremiyetini korur hem de ev dekorasyonuna estetik bir dokunu\u015f katar. \ud83d\udc3e \u00d6ne \u00c7\u0131kan \u00d6zellikler Yuvarlat\u0131lm\u0131\u015f kenarlar \u2013 yap\u0131\u015fmaz y\u00fczey, kolay temizlik Il\u0131k sabunlu su ile pratik temizlik Uzun \u00f6m\u00fcrl\u00fc kullan\u0131m i\u00e7in premium plastik malzeme Ger\u00e7ek bir saks\u0131 g\u00f6r\u00fcn\u00fcm\u00fc \u2013 ev dekoruna uyum sa\u011flar \u0130ki tutma sapl\u0131 kapak \u2013 kolay kald\u0131rma ve kullan\u0131m Kediniz i\u00e7in geni\u015f ve mahrem alan %100 geri d\u00f6n\u00fc\u015ft\u00fcr\u00fclebilir, \u00e7evre dostu plastik Bu dekoratif saks\u0131 g\u00f6r\u00fcn\u00fcml\u00fc tuvalet, kedinizin ihtiya\u00e7lar\u0131n\u0131 gizli ve hijyenik bir \u015fekilde kar\u015f\u0131lamas\u0131n\u0131 sa\u011flar. Mahremiyet sunarken evinizde \u015f\u0131k bir obje gibi durur. \ud83d\udccf \u00d6l\u00e7\u00fcler: Uzunluk 49,5 cm x Geni\u015flik 49,5 cm x Y\u00fckseklik 48,5 cm\" \/>\n<meta property=\"og:url\" content=\"https:\/\/anadolupet.com.tr\/en\/product\/moderna-hidden-planter-saksi-kapali-kedi-tuvaleti-beyaz\/\" \/>\n<meta property=\"og:site_name\" content=\"Anadolu Pet Grup\" \/>\n<meta property=\"article:modified_time\" content=\"2026-02-23T12:51:29+00:00\" \/>\n<meta property=\"og:image\" content=\"https:\/\/anadolupet.com.tr\/wp-content\/uploads\/2026\/02\/242-BU70-0354_5.jpg\" \/>\n\t<meta property=\"og:image:width\" content=\"750\" \/>\n\t<meta property=\"og:image:height\" content=\"750\" \/>\n\t<meta property=\"og:image:type\" content=\"image\/jpeg\" \/>\n<meta name=\"twitter:card\" content=\"summary_large_image\" \/>\n<script type=\"application\/ld+json\" class=\"yoast-schema-graph\">{\"@context\":\"https:\\\/\\\/schema.org\",\"@graph\":[{\"@type\":\"WebPage\",\"@id\":\"https:\\\/\\\/anadolupet.com.tr\\\/urun\\\/moderna-hidden-planter-saksi-kapali-kedi-tuvaleti-beyaz\\\/\",\"url\":\"https:\\\/\\\/anadolupet.com.tr\\\/urun\\\/moderna-hidden-planter-saksi-kapali-kedi-tuvaleti-beyaz\\\/\",\"name\":\"Moderna Hidden Planter Saks\u0131 Kapal\u0131 Kedi Tuvaleti - Beyaz - Anadolu Pet Grup\",\"isPartOf\":{\"@id\":\"https:\\\/\\\/anadolupet.com.tr\\\/#website\"},\"primaryImageOfPage\":{\"@id\":\"https:\\\/\\\/anadolupet.com.tr\\\/urun\\\/moderna-hidden-planter-saksi-kapali-kedi-tuvaleti-beyaz\\\/#primaryimage\"},\"image\":{\"@id\":\"https:\\\/\\\/anadolupet.com.tr\\\/urun\\\/moderna-hidden-planter-saksi-kapali-kedi-tuvaleti-beyaz\\\/#primaryimage\"},\"thumbnailUrl\":\"https:\\\/\\\/anadolupet.com.tr\\\/wp-content\\\/uploads\\\/2026\\\/02\\\/242-BU70-0354_5.jpg\",\"datePublished\":\"2026-02-14T14:44:50+00:00\",\"dateModified\":\"2026-02-23T12:51:29+00:00\",\"breadcrumb\":{\"@id\":\"https:\\\/\\\/anadolupet.com.tr\\\/urun\\\/moderna-hidden-planter-saksi-kapali-kedi-tuvaleti-beyaz\\\/#breadcrumb\"},\"inLanguage\":\"en-US\",\"potentialAction\":[{\"@type\":\"ReadAction\",\"target\":[\"https:\\\/\\\/anadolupet.com.tr\\\/urun\\\/moderna-hidden-planter-saksi-kapali-kedi-tuvaleti-beyaz\\\/\"]}]},{\"@type\":\"ImageObject\",\"inLanguage\":\"en-US\",\"@id\":\"https:\\\/\\\/anadolupet.com.tr\\\/urun\\\/moderna-hidden-planter-saksi-kapali-kedi-tuvaleti-beyaz\\\/#primaryimage\",\"url\":\"https:\\\/\\\/anadolupet.com.tr\\\/wp-content\\\/uploads\\\/2026\\\/02\\\/242-BU70-0354_5.jpg\",\"contentUrl\":\"https:\\\/\\\/anadolupet.com.tr\\\/wp-content\\\/uploads\\\/2026\\\/02\\\/242-BU70-0354_5.jpg\",\"width\":750,\"height\":750},{\"@type\":\"BreadcrumbList\",\"@id\":\"https:\\\/\\\/anadolupet.com.tr\\\/urun\\\/moderna-hidden-planter-saksi-kapali-kedi-tuvaleti-beyaz\\\/#breadcrumb\",\"itemListElement\":[{\"@type\":\"ListItem\",\"position\":1,\"name\":\"Anasayfa\",\"item\":\"https:\\\/\\\/anadolupet.com.tr\\\/\"},{\"@type\":\"ListItem\",\"position\":2,\"name\":\"\u00dcr\u00fcnler\",\"item\":\"https:\\\/\\\/anadolupet.com.tr\\\/urunler\\\/\"},{\"@type\":\"ListItem\",\"position\":3,\"name\":\"Moderna Hidden Planter Saks\u0131 Kapal\u0131 Kedi Tuvaleti &#8211; Beyaz\"}]},{\"@type\":\"WebSite\",\"@id\":\"https:\\\/\\\/anadolupet.com.tr\\\/#website\",\"url\":\"https:\\\/\\\/anadolupet.com.tr\\\/\",\"name\":\"Anadolu Pet Grup\",\"description\":\"Her Can\u0131n \u0130yi Ya\u015fam\u0131 \u0130\u00e7in Biraraday\u0131z\",\"publisher\":{\"@id\":\"https:\\\/\\\/anadolupet.com.tr\\\/#organization\"},\"potentialAction\":[{\"@type\":\"SearchAction\",\"target\":{\"@type\":\"EntryPoint\",\"urlTemplate\":\"https:\\\/\\\/anadolupet.com.tr\\\/?s={search_term_string}\"},\"query-input\":{\"@type\":\"PropertyValueSpecification\",\"valueRequired\":true,\"valueName\":\"search_term_string\"}}],\"inLanguage\":\"en-US\"},{\"@type\":\"Organization\",\"@id\":\"https:\\\/\\\/anadolupet.com.tr\\\/#organization\",\"name\":\"Anadolu Pet Grup\",\"alternateName\":\"Anadolu Pet\",\"url\":\"https:\\\/\\\/anadolupet.com.tr\\\/\",\"logo\":{\"@type\":\"ImageObject\",\"inLanguage\":\"en-US\",\"@id\":\"https:\\\/\\\/anadolupet.com.tr\\\/#\\\/schema\\\/logo\\\/image\\\/\",\"url\":\"https:\\\/\\\/anadolupet.com.tr\\\/wp-content\\\/uploads\\\/2026\\\/03\\\/1614666743370.jpg\",\"contentUrl\":\"https:\\\/\\\/anadolupet.com.tr\\\/wp-content\\\/uploads\\\/2026\\\/03\\\/1614666743370.jpg\",\"width\":800,\"height\":571,\"caption\":\"Anadolu Pet Grup\"},\"image\":{\"@id\":\"https:\\\/\\\/anadolupet.com.tr\\\/#\\\/schema\\\/logo\\\/image\\\/\"}}]}<\/script>\n<!-- \/ Yoast SEO plugin. -->","yoast_head_json":{"title":"Moderna Hidden Planter Saks\u0131 Kapal\u0131 Kedi Tuvaleti - Beyaz - Anadolu Pet Grup","robots":{"index":"index","follow":"follow","max-snippet":"max-snippet:-1","max-image-preview":"max-image-preview:large","max-video-preview":"max-video-preview:-1"},"canonical":"https:\/\/anadolupet.com.tr\/en\/product\/moderna-hidden-planter-saksi-kapali-kedi-tuvaleti-beyaz\/","og_locale":"en_US","og_type":"article","og_title":"Moderna Hidden Planter Saks\u0131 Kapal\u0131 Kedi Tuvaleti - Beyaz - Anadolu Pet Grup","og_description":"Hidden Planter \u2013 Gizli Kapal\u0131 Kedi Tuvaleti \u015e\u0131kl\u0131k ve fonksiyonelli\u011fi bir arada sunan gizli tasar\u0131m! Hidden Planter, evinizde dekoratif bir saks\u0131 gibi g\u00f6r\u00fcnen ama asl\u0131nda kediniz i\u00e7in \u00f6zel olarak tasarlanm\u0131\u015f gizli bir tuvalettir. Hem kedinizin mahremiyetini korur hem de ev dekorasyonuna estetik bir dokunu\u015f katar. \ud83d\udc3e \u00d6ne \u00c7\u0131kan \u00d6zellikler Yuvarlat\u0131lm\u0131\u015f kenarlar \u2013 yap\u0131\u015fmaz y\u00fczey, kolay temizlik Il\u0131k sabunlu su ile pratik temizlik Uzun \u00f6m\u00fcrl\u00fc kullan\u0131m i\u00e7in premium plastik malzeme Ger\u00e7ek bir saks\u0131 g\u00f6r\u00fcn\u00fcm\u00fc \u2013 ev dekoruna uyum sa\u011flar \u0130ki tutma sapl\u0131 kapak \u2013 kolay kald\u0131rma ve kullan\u0131m Kediniz i\u00e7in geni\u015f ve mahrem alan %100 geri d\u00f6n\u00fc\u015ft\u00fcr\u00fclebilir, \u00e7evre dostu plastik Bu dekoratif saks\u0131 g\u00f6r\u00fcn\u00fcml\u00fc tuvalet, kedinizin ihtiya\u00e7lar\u0131n\u0131 gizli ve hijyenik bir \u015fekilde kar\u015f\u0131lamas\u0131n\u0131 sa\u011flar. Mahremiyet sunarken evinizde \u015f\u0131k bir obje gibi durur. \ud83d\udccf \u00d6l\u00e7\u00fcler: Uzunluk 49,5 cm x Geni\u015flik 49,5 cm x Y\u00fckseklik 48,5 cm","og_url":"https:\/\/anadolupet.com.tr\/en\/product\/moderna-hidden-planter-saksi-kapali-kedi-tuvaleti-beyaz\/","og_site_name":"Anadolu Pet Grup","article_modified_time":"2026-02-23T12:51:29+00:00","og_image":[{"width":750,"height":750,"url":"https:\/\/anadolupet.com.tr\/wp-content\/uploads\/2026\/02\/242-BU70-0354_5.jpg","type":"image\/jpeg"}],"twitter_card":"summary_large_image","schema":{"@context":"https:\/\/schema.org","@graph":[{"@type":"WebPage","@id":"https:\/\/anadolupet.com.tr\/urun\/moderna-hidden-planter-saksi-kapali-kedi-tuvaleti-beyaz\/","url":"https:\/\/anadolupet.com.tr\/urun\/moderna-hidden-planter-saksi-kapali-kedi-tuvaleti-beyaz\/","name":"Moderna Hidden Planter Saks\u0131 Kapal\u0131 Kedi Tuvaleti - Beyaz - Anadolu Pet Grup","isPartOf":{"@id":"https:\/\/anadolupet.com.tr\/#website"},"primaryImageOfPage":{"@id":"https:\/\/anadolupet.com.tr\/urun\/moderna-hidden-planter-saksi-kapali-kedi-tuvaleti-beyaz\/#primaryimage"},"image":{"@id":"https:\/\/anadolupet.com.tr\/urun\/moderna-hidden-planter-saksi-kapali-kedi-tuvaleti-beyaz\/#primaryimage"},"thumbnailUrl":"https:\/\/anadolupet.com.tr\/wp-content\/uploads\/2026\/02\/242-BU70-0354_5.jpg","datePublished":"2026-02-14T14:44:50+00:00","dateModified":"2026-02-23T12:51:29+00:00","breadcrumb":{"@id":"https:\/\/anadolupet.com.tr\/urun\/moderna-hidden-planter-saksi-kapali-kedi-tuvaleti-beyaz\/#breadcrumb"},"inLanguage":"en-US","potentialAction":[{"@type":"ReadAction","target":["https:\/\/anadolupet.com.tr\/urun\/moderna-hidden-planter-saksi-kapali-kedi-tuvaleti-beyaz\/"]}]},{"@type":"ImageObject","inLanguage":"en-US","@id":"https:\/\/anadolupet.com.tr\/urun\/moderna-hidden-planter-saksi-kapali-kedi-tuvaleti-beyaz\/#primaryimage","url":"https:\/\/anadolupet.com.tr\/wp-content\/uploads\/2026\/02\/242-BU70-0354_5.jpg","contentUrl":"https:\/\/anadolupet.com.tr\/wp-content\/uploads\/2026\/02\/242-BU70-0354_5.jpg","width":750,"height":750},{"@type":"BreadcrumbList","@id":"https:\/\/anadolupet.com.tr\/urun\/moderna-hidden-planter-saksi-kapali-kedi-tuvaleti-beyaz\/#breadcrumb","itemListElement":[{"@type":"ListItem","position":1,"name":"Anasayfa","item":"https:\/\/anadolupet.com.tr\/"},{"@type":"ListItem","position":2,"name":"\u00dcr\u00fcnler","item":"https:\/\/anadolupet.com.tr\/urunler\/"},{"@type":"ListItem","position":3,"name":"Moderna Hidden Planter Saks\u0131 Kapal\u0131 Kedi Tuvaleti &#8211; Beyaz"}]},{"@type":"WebSite","@id":"https:\/\/anadolupet.com.tr\/#website","url":"https:\/\/anadolupet.com.tr\/","name":"Anadolu Pet Group","description":"We Stand Together for the Well-Being of Every Life","publisher":{"@id":"https:\/\/anadolupet.com.tr\/#organization"},"potentialAction":[{"@type":"SearchAction","target":{"@type":"EntryPoint","urlTemplate":"https:\/\/anadolupet.com.tr\/?s={search_term_string}"},"query-input":{"@type":"PropertyValueSpecification","valueRequired":true,"valueName":"search_term_string"}}],"inLanguage":"en-US"},{"@type":"Organization","@id":"https:\/\/anadolupet.com.tr\/#organization","name":"Anadolu Pet Group","alternateName":"Anadolu Pet","url":"https:\/\/anadolupet.com.tr\/","logo":{"@type":"ImageObject","inLanguage":"en-US","@id":"https:\/\/anadolupet.com.tr\/#\/schema\/logo\/image\/","url":"https:\/\/anadolupet.com.tr\/wp-content\/uploads\/2026\/03\/1614666743370.jpg","contentUrl":"https:\/\/anadolupet.com.tr\/wp-content\/uploads\/2026\/03\/1614666743370.jpg","width":800,"height":571,"caption":"Anadolu Pet Grup"},"image":{"@id":"https:\/\/anadolupet.com.tr\/#\/schema\/logo\/image\/"}}]}},"_links":{"self":[{"href":"https:\/\/anadolupet.com.tr\/en\/wp-json\/wp\/v2\/product\/45839","targetHints":{"allow":["GET"]}}],"collection":[{"href":"https:\/\/anadolupet.com.tr\/en\/wp-json\/wp\/v2\/product"}],"about":[{"href":"https:\/\/anadolupet.com.tr\/en\/wp-json\/wp\/v2\/types\/product"}],"replies":[{"embeddable":true,"href":"https:\/\/anadolupet.com.tr\/en\/wp-json\/wp\/v2\/comments?post=45839"}],"wp:featuredmedia":[{"embeddable":true,"href":"https:\/\/anadolupet.com.tr\/en\/wp-json\/wp\/v2\/media\/43458"}],"wp:attachment":[{"href":"https:\/\/anadolupet.com.tr\/en\/wp-json\/wp\/v2\/media?parent=45839"}],"wp:term":[{"taxonomy":"product_brand","embeddable":true,"href":"https:\/\/anadolupet.com.tr\/en\/wp-json\/wp\/v2\/product_brand?post=45839"},{"taxonomy":"product_cat","embeddable":true,"href":"https:\/\/anadolupet.com.tr\/en\/wp-json\/wp\/v2\/product_cat?post=45839"},{"taxonomy":"product_tag","embeddable":true,"href":"https:\/\/anadolupet.com.tr\/en\/wp-json\/wp\/v2\/product_tag?post=45839"}],"curies":[{"name":"wp","href":"https:\/\/api.w.org\/{rel}","templated":true}]}}