{"id":45841,"date":"2026-02-14T14:44:50","date_gmt":"2026-02-14T14:44:50","guid":{"rendered":"https:\/\/anadolupet.com.tr\/urun\/moderna-kedifare-desenli-su-kabi-15l\/"},"modified":"2026-02-23T12:51:30","modified_gmt":"2026-02-23T12:51:30","slug":"moderna-kedifare-desenli-su-kabi-15l","status":"publish","type":"product","link":"https:\/\/anadolupet.com.tr\/en\/urun\/moderna-kedifare-desenli-su-kabi-15l\/","title":{"rendered":"Moderna Kedi&#038;Fare Desenli Su Kab\u0131 1,5L"},"content":{"rendered":"","protected":false},"excerpt":{"rendered":"<p>Moderna Hazneli Mama Kab\u0131 \u2013 1.5 L<br \/>\nFonksiyonel ve dayan\u0131kl\u0131 tasar\u0131m, evcil dostlar\u0131n\u0131z i\u00e7in konforlu beslenme! Moderna Hazneli Mama Kab\u0131, hem mama hem de su sebili olarak kullan\u0131labilen pratik yap\u0131s\u0131yla kedinizin ve k\u00f6pe\u011finizin g\u00fcnl\u00fck ihtiya\u00e7lar\u0131n\u0131 kar\u015f\u0131lamak i\u00e7in tasarlanm\u0131\u015ft\u0131r. \u00c7izilmeye ve UV \u0131\u015f\u0131nlar\u0131na dayan\u0131kl\u0131 \u00fcst\u00fcn kaliteli plastikten \u00fcretilmi\u015f olup, uzun \u00f6m\u00fcrl\u00fc kullan\u0131m sunar.<br \/>\n\ud83d\udc3e \u00d6ne \u00c7\u0131kan \u00d6zellikler<br \/>\n\u00c7izilmez &#038; UV \u0131\u015f\u0131nlar\u0131na dayan\u0131kl\u0131 plastik \u2013 uzun s\u00fcreli kullan\u0131m i\u00e7in \u00fcst\u00fcn kalite<br \/>\nKaymaz lastik ayaklar \u2013 sabit durur, devrilmeyi \u00f6nler<br \/>\nYuvarlak kenarlar \u2013 evcil dostlar\u0131n\u0131z i\u00e7in g\u00fcvenli kullan\u0131m sa\u011flar<br \/>\n\u00c7ok y\u00f6nl\u00fc kullan\u0131m \u2013 hem mama hem de su sebili olarak kullan\u0131labilir<br \/>\nKolay temizlik \u2013 \u0131l\u0131k sabunlu su ile y\u0131kanabilir, bula\u015f\u0131k makinesinde g\u00fcvenle temizlenebilir<br \/>\nDayan\u0131kl\u0131 ve hafif tasar\u0131m \u2013 ta\u015f\u0131nmas\u0131 kolay, uzun \u00f6m\u00fcrl\u00fc kullan\u0131m<br \/>\n\ud83d\udccf \u00dcr\u00fcn \u00d6l\u00e7\u00fcleri<br \/>\nGeni\u015flik: 27,8 cm<br \/>\nDerinlik: 15,9 cm<br \/>\nY\u00fckseklik: 21,3 cm<br \/>\n\ud83d\udca7 Hacim 1.5 L<\/p>","protected":false},"featured_media":43549,"comment_status":"open","ping_status":"closed","template":"","meta":{"_acf_changed":false},"product_brand":[],"product_cat":[2430],"product_tag":[],"class_list":{"0":"post-45841","1":"product","2":"type-product","3":"status-publish","4":"has-post-thumbnail","6":"product_cat-kedi-tuvaletleri","8":"first","9":"instock","10":"shipping-taxable","11":"product-type-simple"},"acf":[],"yoast_head":"<!-- This site is optimized with the Yoast SEO plugin v27.4 - https:\/\/yoast.com\/product\/yoast-seo-wordpress\/ -->\n<title>Moderna Kedi&amp;Fare Desenli Su Kab\u0131 1,5L - Anadolu Pet Grup<\/title>\n<meta name=\"robots\" content=\"index, follow, max-snippet:-1, max-image-preview:large, max-video-preview:-1\" \/>\n<link rel=\"canonical\" href=\"https:\/\/anadolupet.com.tr\/en\/product\/moderna-kedifare-desenli-su-kabi-15l\/\" \/>\n<meta property=\"og:locale\" content=\"en_US\" \/>\n<meta property=\"og:type\" content=\"article\" \/>\n<meta property=\"og:title\" content=\"Moderna Kedi&amp;Fare Desenli Su Kab\u0131 1,5L - Anadolu Pet Grup\" \/>\n<meta property=\"og:description\" content=\"Moderna Hazneli Mama Kab\u0131 \u2013 1.5 L Fonksiyonel ve dayan\u0131kl\u0131 tasar\u0131m, evcil dostlar\u0131n\u0131z i\u00e7in konforlu beslenme! Moderna Hazneli Mama Kab\u0131, hem mama hem de su sebili olarak kullan\u0131labilen pratik yap\u0131s\u0131yla kedinizin ve k\u00f6pe\u011finizin g\u00fcnl\u00fck ihtiya\u00e7lar\u0131n\u0131 kar\u015f\u0131lamak i\u00e7in tasarlanm\u0131\u015ft\u0131r. \u00c7izilmeye ve UV \u0131\u015f\u0131nlar\u0131na dayan\u0131kl\u0131 \u00fcst\u00fcn kaliteli plastikten \u00fcretilmi\u015f olup, uzun \u00f6m\u00fcrl\u00fc kullan\u0131m sunar. \ud83d\udc3e \u00d6ne \u00c7\u0131kan \u00d6zellikler \u00c7izilmez &amp; UV \u0131\u015f\u0131nlar\u0131na dayan\u0131kl\u0131 plastik \u2013 uzun s\u00fcreli kullan\u0131m i\u00e7in \u00fcst\u00fcn kalite Kaymaz lastik ayaklar \u2013 sabit durur, devrilmeyi \u00f6nler Yuvarlak kenarlar \u2013 evcil dostlar\u0131n\u0131z i\u00e7in g\u00fcvenli kullan\u0131m sa\u011flar \u00c7ok y\u00f6nl\u00fc kullan\u0131m \u2013 hem mama hem de su sebili olarak kullan\u0131labilir Kolay temizlik \u2013 \u0131l\u0131k sabunlu su ile y\u0131kanabilir, bula\u015f\u0131k makinesinde g\u00fcvenle temizlenebilir Dayan\u0131kl\u0131 ve hafif tasar\u0131m \u2013 ta\u015f\u0131nmas\u0131 kolay, uzun \u00f6m\u00fcrl\u00fc kullan\u0131m \ud83d\udccf \u00dcr\u00fcn \u00d6l\u00e7\u00fcleri Geni\u015flik: 27,8 cm Derinlik: 15,9 cm Y\u00fckseklik: 21,3 cm \ud83d\udca7 Hacim 1.5 L\" \/>\n<meta property=\"og:url\" content=\"https:\/\/anadolupet.com.tr\/en\/product\/moderna-kedifare-desenli-su-kabi-15l\/\" \/>\n<meta property=\"og:site_name\" content=\"Anadolu Pet Grup\" \/>\n<meta property=\"article:modified_time\" content=\"2026-02-23T12:51:30+00:00\" \/>\n<meta property=\"og:image\" content=\"https:\/\/anadolupet.com.tr\/wp-content\/uploads\/2026\/02\/242-H165-0015-AV01.jpg\" \/>\n\t<meta property=\"og:image:width\" content=\"750\" \/>\n\t<meta property=\"og:image:height\" content=\"750\" \/>\n\t<meta property=\"og:image:type\" content=\"image\/jpeg\" \/>\n<meta name=\"twitter:card\" content=\"summary_large_image\" \/>\n<script type=\"application\/ld+json\" class=\"yoast-schema-graph\">{\"@context\":\"https:\\\/\\\/schema.org\",\"@graph\":[{\"@type\":\"WebPage\",\"@id\":\"https:\\\/\\\/anadolupet.com.tr\\\/urun\\\/moderna-kedifare-desenli-su-kabi-15l\\\/\",\"url\":\"https:\\\/\\\/anadolupet.com.tr\\\/urun\\\/moderna-kedifare-desenli-su-kabi-15l\\\/\",\"name\":\"Moderna Kedi&Fare Desenli Su Kab\u0131 1,5L - Anadolu Pet Grup\",\"isPartOf\":{\"@id\":\"https:\\\/\\\/anadolupet.com.tr\\\/#website\"},\"primaryImageOfPage\":{\"@id\":\"https:\\\/\\\/anadolupet.com.tr\\\/urun\\\/moderna-kedifare-desenli-su-kabi-15l\\\/#primaryimage\"},\"image\":{\"@id\":\"https:\\\/\\\/anadolupet.com.tr\\\/urun\\\/moderna-kedifare-desenli-su-kabi-15l\\\/#primaryimage\"},\"thumbnailUrl\":\"https:\\\/\\\/anadolupet.com.tr\\\/wp-content\\\/uploads\\\/2026\\\/02\\\/242-H165-0015-AV01.jpg\",\"datePublished\":\"2026-02-14T14:44:50+00:00\",\"dateModified\":\"2026-02-23T12:51:30+00:00\",\"breadcrumb\":{\"@id\":\"https:\\\/\\\/anadolupet.com.tr\\\/urun\\\/moderna-kedifare-desenli-su-kabi-15l\\\/#breadcrumb\"},\"inLanguage\":\"en-US\",\"potentialAction\":[{\"@type\":\"ReadAction\",\"target\":[\"https:\\\/\\\/anadolupet.com.tr\\\/urun\\\/moderna-kedifare-desenli-su-kabi-15l\\\/\"]}]},{\"@type\":\"ImageObject\",\"inLanguage\":\"en-US\",\"@id\":\"https:\\\/\\\/anadolupet.com.tr\\\/urun\\\/moderna-kedifare-desenli-su-kabi-15l\\\/#primaryimage\",\"url\":\"https:\\\/\\\/anadolupet.com.tr\\\/wp-content\\\/uploads\\\/2026\\\/02\\\/242-H165-0015-AV01.jpg\",\"contentUrl\":\"https:\\\/\\\/anadolupet.com.tr\\\/wp-content\\\/uploads\\\/2026\\\/02\\\/242-H165-0015-AV01.jpg\",\"width\":750,\"height\":750},{\"@type\":\"BreadcrumbList\",\"@id\":\"https:\\\/\\\/anadolupet.com.tr\\\/urun\\\/moderna-kedifare-desenli-su-kabi-15l\\\/#breadcrumb\",\"itemListElement\":[{\"@type\":\"ListItem\",\"position\":1,\"name\":\"Anasayfa\",\"item\":\"https:\\\/\\\/anadolupet.com.tr\\\/\"},{\"@type\":\"ListItem\",\"position\":2,\"name\":\"\u00dcr\u00fcnler\",\"item\":\"https:\\\/\\\/anadolupet.com.tr\\\/urunler\\\/\"},{\"@type\":\"ListItem\",\"position\":3,\"name\":\"Moderna Kedi&#038;Fare Desenli Su Kab\u0131 1,5L\"}]},{\"@type\":\"WebSite\",\"@id\":\"https:\\\/\\\/anadolupet.com.tr\\\/#website\",\"url\":\"https:\\\/\\\/anadolupet.com.tr\\\/\",\"name\":\"Anadolu Pet Grup\",\"description\":\"Her Can\u0131n \u0130yi Ya\u015fam\u0131 \u0130\u00e7in Biraraday\u0131z\",\"publisher\":{\"@id\":\"https:\\\/\\\/anadolupet.com.tr\\\/#organization\"},\"potentialAction\":[{\"@type\":\"SearchAction\",\"target\":{\"@type\":\"EntryPoint\",\"urlTemplate\":\"https:\\\/\\\/anadolupet.com.tr\\\/?s={search_term_string}\"},\"query-input\":{\"@type\":\"PropertyValueSpecification\",\"valueRequired\":true,\"valueName\":\"search_term_string\"}}],\"inLanguage\":\"en-US\"},{\"@type\":\"Organization\",\"@id\":\"https:\\\/\\\/anadolupet.com.tr\\\/#organization\",\"name\":\"Anadolu Pet Grup\",\"alternateName\":\"Anadolu Pet\",\"url\":\"https:\\\/\\\/anadolupet.com.tr\\\/\",\"logo\":{\"@type\":\"ImageObject\",\"inLanguage\":\"en-US\",\"@id\":\"https:\\\/\\\/anadolupet.com.tr\\\/#\\\/schema\\\/logo\\\/image\\\/\",\"url\":\"https:\\\/\\\/anadolupet.com.tr\\\/wp-content\\\/uploads\\\/2026\\\/03\\\/1614666743370.jpg\",\"contentUrl\":\"https:\\\/\\\/anadolupet.com.tr\\\/wp-content\\\/uploads\\\/2026\\\/03\\\/1614666743370.jpg\",\"width\":800,\"height\":571,\"caption\":\"Anadolu Pet Grup\"},\"image\":{\"@id\":\"https:\\\/\\\/anadolupet.com.tr\\\/#\\\/schema\\\/logo\\\/image\\\/\"}}]}<\/script>\n<!-- \/ Yoast SEO plugin. -->","yoast_head_json":{"title":"Moderna Kedi&Fare Desenli Su Kab\u0131 1,5L - Anadolu Pet Grup","robots":{"index":"index","follow":"follow","max-snippet":"max-snippet:-1","max-image-preview":"max-image-preview:large","max-video-preview":"max-video-preview:-1"},"canonical":"https:\/\/anadolupet.com.tr\/en\/product\/moderna-kedifare-desenli-su-kabi-15l\/","og_locale":"en_US","og_type":"article","og_title":"Moderna Kedi&Fare Desenli Su Kab\u0131 1,5L - Anadolu Pet Grup","og_description":"Moderna Hazneli Mama Kab\u0131 \u2013 1.5 L Fonksiyonel ve dayan\u0131kl\u0131 tasar\u0131m, evcil dostlar\u0131n\u0131z i\u00e7in konforlu beslenme! Moderna Hazneli Mama Kab\u0131, hem mama hem de su sebili olarak kullan\u0131labilen pratik yap\u0131s\u0131yla kedinizin ve k\u00f6pe\u011finizin g\u00fcnl\u00fck ihtiya\u00e7lar\u0131n\u0131 kar\u015f\u0131lamak i\u00e7in tasarlanm\u0131\u015ft\u0131r. \u00c7izilmeye ve UV \u0131\u015f\u0131nlar\u0131na dayan\u0131kl\u0131 \u00fcst\u00fcn kaliteli plastikten \u00fcretilmi\u015f olup, uzun \u00f6m\u00fcrl\u00fc kullan\u0131m sunar. \ud83d\udc3e \u00d6ne \u00c7\u0131kan \u00d6zellikler \u00c7izilmez & UV \u0131\u015f\u0131nlar\u0131na dayan\u0131kl\u0131 plastik \u2013 uzun s\u00fcreli kullan\u0131m i\u00e7in \u00fcst\u00fcn kalite Kaymaz lastik ayaklar \u2013 sabit durur, devrilmeyi \u00f6nler Yuvarlak kenarlar \u2013 evcil dostlar\u0131n\u0131z i\u00e7in g\u00fcvenli kullan\u0131m sa\u011flar \u00c7ok y\u00f6nl\u00fc kullan\u0131m \u2013 hem mama hem de su sebili olarak kullan\u0131labilir Kolay temizlik \u2013 \u0131l\u0131k sabunlu su ile y\u0131kanabilir, bula\u015f\u0131k makinesinde g\u00fcvenle temizlenebilir Dayan\u0131kl\u0131 ve hafif tasar\u0131m \u2013 ta\u015f\u0131nmas\u0131 kolay, uzun \u00f6m\u00fcrl\u00fc kullan\u0131m \ud83d\udccf \u00dcr\u00fcn \u00d6l\u00e7\u00fcleri Geni\u015flik: 27,8 cm Derinlik: 15,9 cm Y\u00fckseklik: 21,3 cm \ud83d\udca7 Hacim 1.5 L","og_url":"https:\/\/anadolupet.com.tr\/en\/product\/moderna-kedifare-desenli-su-kabi-15l\/","og_site_name":"Anadolu Pet Grup","article_modified_time":"2026-02-23T12:51:30+00:00","og_image":[{"width":750,"height":750,"url":"https:\/\/anadolupet.com.tr\/wp-content\/uploads\/2026\/02\/242-H165-0015-AV01.jpg","type":"image\/jpeg"}],"twitter_card":"summary_large_image","schema":{"@context":"https:\/\/schema.org","@graph":[{"@type":"WebPage","@id":"https:\/\/anadolupet.com.tr\/urun\/moderna-kedifare-desenli-su-kabi-15l\/","url":"https:\/\/anadolupet.com.tr\/urun\/moderna-kedifare-desenli-su-kabi-15l\/","name":"Moderna Kedi&Fare Desenli Su Kab\u0131 1,5L - Anadolu Pet Grup","isPartOf":{"@id":"https:\/\/anadolupet.com.tr\/#website"},"primaryImageOfPage":{"@id":"https:\/\/anadolupet.com.tr\/urun\/moderna-kedifare-desenli-su-kabi-15l\/#primaryimage"},"image":{"@id":"https:\/\/anadolupet.com.tr\/urun\/moderna-kedifare-desenli-su-kabi-15l\/#primaryimage"},"thumbnailUrl":"https:\/\/anadolupet.com.tr\/wp-content\/uploads\/2026\/02\/242-H165-0015-AV01.jpg","datePublished":"2026-02-14T14:44:50+00:00","dateModified":"2026-02-23T12:51:30+00:00","breadcrumb":{"@id":"https:\/\/anadolupet.com.tr\/urun\/moderna-kedifare-desenli-su-kabi-15l\/#breadcrumb"},"inLanguage":"en-US","potentialAction":[{"@type":"ReadAction","target":["https:\/\/anadolupet.com.tr\/urun\/moderna-kedifare-desenli-su-kabi-15l\/"]}]},{"@type":"ImageObject","inLanguage":"en-US","@id":"https:\/\/anadolupet.com.tr\/urun\/moderna-kedifare-desenli-su-kabi-15l\/#primaryimage","url":"https:\/\/anadolupet.com.tr\/wp-content\/uploads\/2026\/02\/242-H165-0015-AV01.jpg","contentUrl":"https:\/\/anadolupet.com.tr\/wp-content\/uploads\/2026\/02\/242-H165-0015-AV01.jpg","width":750,"height":750},{"@type":"BreadcrumbList","@id":"https:\/\/anadolupet.com.tr\/urun\/moderna-kedifare-desenli-su-kabi-15l\/#breadcrumb","itemListElement":[{"@type":"ListItem","position":1,"name":"Anasayfa","item":"https:\/\/anadolupet.com.tr\/"},{"@type":"ListItem","position":2,"name":"\u00dcr\u00fcnler","item":"https:\/\/anadolupet.com.tr\/urunler\/"},{"@type":"ListItem","position":3,"name":"Moderna Kedi&#038;Fare Desenli Su Kab\u0131 1,5L"}]},{"@type":"WebSite","@id":"https:\/\/anadolupet.com.tr\/#website","url":"https:\/\/anadolupet.com.tr\/","name":"Anadolu Pet Group","description":"We Stand Together for the Well-Being of Every Life","publisher":{"@id":"https:\/\/anadolupet.com.tr\/#organization"},"potentialAction":[{"@type":"SearchAction","target":{"@type":"EntryPoint","urlTemplate":"https:\/\/anadolupet.com.tr\/?s={search_term_string}"},"query-input":{"@type":"PropertyValueSpecification","valueRequired":true,"valueName":"search_term_string"}}],"inLanguage":"en-US"},{"@type":"Organization","@id":"https:\/\/anadolupet.com.tr\/#organization","name":"Anadolu Pet Group","alternateName":"Anadolu Pet","url":"https:\/\/anadolupet.com.tr\/","logo":{"@type":"ImageObject","inLanguage":"en-US","@id":"https:\/\/anadolupet.com.tr\/#\/schema\/logo\/image\/","url":"https:\/\/anadolupet.com.tr\/wp-content\/uploads\/2026\/03\/1614666743370.jpg","contentUrl":"https:\/\/anadolupet.com.tr\/wp-content\/uploads\/2026\/03\/1614666743370.jpg","width":800,"height":571,"caption":"Anadolu Pet Grup"},"image":{"@id":"https:\/\/anadolupet.com.tr\/#\/schema\/logo\/image\/"}}]}},"_links":{"self":[{"href":"https:\/\/anadolupet.com.tr\/en\/wp-json\/wp\/v2\/product\/45841","targetHints":{"allow":["GET"]}}],"collection":[{"href":"https:\/\/anadolupet.com.tr\/en\/wp-json\/wp\/v2\/product"}],"about":[{"href":"https:\/\/anadolupet.com.tr\/en\/wp-json\/wp\/v2\/types\/product"}],"replies":[{"embeddable":true,"href":"https:\/\/anadolupet.com.tr\/en\/wp-json\/wp\/v2\/comments?post=45841"}],"wp:featuredmedia":[{"embeddable":true,"href":"https:\/\/anadolupet.com.tr\/en\/wp-json\/wp\/v2\/media\/43549"}],"wp:attachment":[{"href":"https:\/\/anadolupet.com.tr\/en\/wp-json\/wp\/v2\/media?parent=45841"}],"wp:term":[{"taxonomy":"product_brand","embeddable":true,"href":"https:\/\/anadolupet.com.tr\/en\/wp-json\/wp\/v2\/product_brand?post=45841"},{"taxonomy":"product_cat","embeddable":true,"href":"https:\/\/anadolupet.com.tr\/en\/wp-json\/wp\/v2\/product_cat?post=45841"},{"taxonomy":"product_tag","embeddable":true,"href":"https:\/\/anadolupet.com.tr\/en\/wp-json\/wp\/v2\/product_tag?post=45841"}],"curies":[{"name":"wp","href":"https:\/\/api.w.org\/{rel}","templated":true}]}}