{"id":45843,"date":"2026-02-14T14:44:51","date_gmt":"2026-02-14T14:44:51","guid":{"rendered":"https:\/\/anadolupet.com.tr\/urun\/moderna-love-trendy-roadrunner-tasima-cantasi\/"},"modified":"2026-02-23T12:51:30","modified_gmt":"2026-02-23T12:51:30","slug":"moderna-love-trendy-roadrunner-tasima-cantasi","status":"publish","type":"product","link":"https:\/\/anadolupet.com.tr\/en\/urun\/moderna-love-trendy-roadrunner-tasima-cantasi\/","title":{"rendered":"Moderna Love Trendy Roadrunner Ta\u015f\u0131ma \u00c7antas\u0131"},"content":{"rendered":"","protected":false},"excerpt":{"rendered":"<p>Trendy Runner Plastik Kap\u0131l\u0131 Ta\u015f\u0131ma Kab\u0131 \u2013 Cats in Love<br \/>\n\u015e\u0131k tasar\u0131m, g\u00fcvenli ve konforlu yolculuk! Trendy Runner Cats in Love ta\u015f\u0131ma kab\u0131, kedinizin seyahatlerini g\u00fcvenli ve rahat hale getirmek i\u00e7in tasarlanm\u0131\u015ft\u0131r. Romantik \u201cCats in Love\u201d deseniyle evcil dostunuzun ta\u015f\u0131ma kab\u0131 art\u0131k sadece i\u015flevsel de\u011fil, ayn\u0131 zamanda dekoratif bir par\u00e7a.<br \/>\n\ud83d\udc3e \u00d6ne \u00c7\u0131kan \u00d6zellikler<br \/>\n\u00c7izilmez &#038; UV korumal\u0131 IML tasar\u0131m \u2013 uzun \u00f6m\u00fcrl\u00fc, canl\u0131 desenler<br \/>\nKolay ta\u015f\u0131ma sap\u0131 \u2013 pratik ve rahat kullan\u0131m<br \/>\nGeni\u015f havaland\u0131rma a\u00e7\u0131kl\u0131klar\u0131 \u2013 s\u00fcrekli taze hava ak\u0131\u015f\u0131 sa\u011flar<br \/>\nDayan\u0131kl\u0131 ve sa\u011flam plastik \u2013 uzun \u00f6m\u00fcrl\u00fc kullan\u0131m i\u00e7in sert yap\u0131<br \/>\nKolay temizlik \u2013 s\u0131cak sabunlu su ile h\u0131zl\u0131 ve hijyenik temizlik<br \/>\nStabil ve sert g\u00f6vde \u2013 g\u00fcvenli ta\u015f\u0131ma i\u00e7in sa\u011flam yap\u0131<br \/>\nMaksimum ta\u015f\u0131ma kapasitesi: 5 kg \u2013 kediler ve k\u00fc\u00e7\u00fck \u0131rk k\u00f6pekler i\u00e7in ideal<br \/>\nTrendy Runner Cats in Love, yenilik\u00e7i IML (In Mould Label) dekorasyon tekni\u011fi sayesinde \u00e7izilmelere ve g\u00fcne\u015f \u0131\u015f\u0131\u011f\u0131na kar\u015f\u0131 dayan\u0131kl\u0131d\u0131r. Geni\u015f havaland\u0131rma a\u00e7\u0131kl\u0131klar\u0131 sayesinde kediniz yolculuk boyunca s\u00fcrekli taze hava al\u0131r.<br \/>\n\ud83d\udccf \u00dcr\u00fcn \u00d6l\u00e7\u00fcleri 50.1 x 32 x 34.5 cm<\/p>","protected":false},"featured_media":43567,"comment_status":"open","ping_status":"closed","template":"","meta":{"_acf_changed":false},"product_brand":[],"product_cat":[2439],"product_tag":[],"class_list":{"0":"post-45843","1":"product","2":"type-product","3":"status-publish","4":"has-post-thumbnail","6":"product_cat-tasima-cantalari","8":"first","9":"instock","10":"shipping-taxable","11":"product-type-simple"},"acf":[],"yoast_head":"<!-- This site is optimized with the Yoast SEO plugin v27.5 - https:\/\/yoast.com\/product\/yoast-seo-wordpress\/ -->\n<title>Moderna Love Trendy Roadrunner Ta\u015f\u0131ma \u00c7antas\u0131 - Anadolu Pet Grup<\/title>\n<meta name=\"robots\" content=\"index, follow, max-snippet:-1, max-image-preview:large, max-video-preview:-1\" \/>\n<link rel=\"canonical\" href=\"https:\/\/anadolupet.com.tr\/en\/product\/moderna-love-trendy-roadrunner-tasima-cantasi\/\" \/>\n<meta property=\"og:locale\" content=\"en_US\" \/>\n<meta property=\"og:type\" content=\"article\" \/>\n<meta property=\"og:title\" content=\"Moderna Love Trendy Roadrunner Ta\u015f\u0131ma \u00c7antas\u0131 - Anadolu Pet Grup\" \/>\n<meta property=\"og:description\" content=\"Trendy Runner Plastik Kap\u0131l\u0131 Ta\u015f\u0131ma Kab\u0131 \u2013 Cats in Love \u015e\u0131k tasar\u0131m, g\u00fcvenli ve konforlu yolculuk! Trendy Runner Cats in Love ta\u015f\u0131ma kab\u0131, kedinizin seyahatlerini g\u00fcvenli ve rahat hale getirmek i\u00e7in tasarlanm\u0131\u015ft\u0131r. Romantik \u201cCats in Love\u201d deseniyle evcil dostunuzun ta\u015f\u0131ma kab\u0131 art\u0131k sadece i\u015flevsel de\u011fil, ayn\u0131 zamanda dekoratif bir par\u00e7a. \ud83d\udc3e \u00d6ne \u00c7\u0131kan \u00d6zellikler \u00c7izilmez &amp; UV korumal\u0131 IML tasar\u0131m \u2013 uzun \u00f6m\u00fcrl\u00fc, canl\u0131 desenler Kolay ta\u015f\u0131ma sap\u0131 \u2013 pratik ve rahat kullan\u0131m Geni\u015f havaland\u0131rma a\u00e7\u0131kl\u0131klar\u0131 \u2013 s\u00fcrekli taze hava ak\u0131\u015f\u0131 sa\u011flar Dayan\u0131kl\u0131 ve sa\u011flam plastik \u2013 uzun \u00f6m\u00fcrl\u00fc kullan\u0131m i\u00e7in sert yap\u0131 Kolay temizlik \u2013 s\u0131cak sabunlu su ile h\u0131zl\u0131 ve hijyenik temizlik Stabil ve sert g\u00f6vde \u2013 g\u00fcvenli ta\u015f\u0131ma i\u00e7in sa\u011flam yap\u0131 Maksimum ta\u015f\u0131ma kapasitesi: 5 kg \u2013 kediler ve k\u00fc\u00e7\u00fck \u0131rk k\u00f6pekler i\u00e7in ideal Trendy Runner Cats in Love, yenilik\u00e7i IML (In Mould Label) dekorasyon tekni\u011fi sayesinde \u00e7izilmelere ve g\u00fcne\u015f \u0131\u015f\u0131\u011f\u0131na kar\u015f\u0131 dayan\u0131kl\u0131d\u0131r. Geni\u015f havaland\u0131rma a\u00e7\u0131kl\u0131klar\u0131 sayesinde kediniz yolculuk boyunca s\u00fcrekli taze hava al\u0131r. \ud83d\udccf \u00dcr\u00fcn \u00d6l\u00e7\u00fcleri 50.1 x 32 x 34.5 cm\" \/>\n<meta property=\"og:url\" content=\"https:\/\/anadolupet.com.tr\/en\/product\/moderna-love-trendy-roadrunner-tasima-cantasi\/\" \/>\n<meta property=\"og:site_name\" content=\"Anadolu Pet Grup\" \/>\n<meta property=\"article:modified_time\" content=\"2026-02-23T12:51:30+00:00\" \/>\n<meta property=\"og:image\" content=\"https:\/\/anadolupet.com.tr\/wp-content\/uploads\/2026\/02\/242-T150-026.jpg\" \/>\n\t<meta property=\"og:image:width\" content=\"750\" \/>\n\t<meta property=\"og:image:height\" content=\"750\" \/>\n\t<meta property=\"og:image:type\" content=\"image\/jpeg\" \/>\n<meta name=\"twitter:card\" content=\"summary_large_image\" \/>\n<script type=\"application\/ld+json\" class=\"yoast-schema-graph\">{\"@context\":\"https:\\\/\\\/schema.org\",\"@graph\":[{\"@type\":\"WebPage\",\"@id\":\"https:\\\/\\\/anadolupet.com.tr\\\/urun\\\/moderna-love-trendy-roadrunner-tasima-cantasi\\\/\",\"url\":\"https:\\\/\\\/anadolupet.com.tr\\\/urun\\\/moderna-love-trendy-roadrunner-tasima-cantasi\\\/\",\"name\":\"Moderna Love Trendy Roadrunner Ta\u015f\u0131ma \u00c7antas\u0131 - Anadolu Pet Grup\",\"isPartOf\":{\"@id\":\"https:\\\/\\\/anadolupet.com.tr\\\/#website\"},\"primaryImageOfPage\":{\"@id\":\"https:\\\/\\\/anadolupet.com.tr\\\/urun\\\/moderna-love-trendy-roadrunner-tasima-cantasi\\\/#primaryimage\"},\"image\":{\"@id\":\"https:\\\/\\\/anadolupet.com.tr\\\/urun\\\/moderna-love-trendy-roadrunner-tasima-cantasi\\\/#primaryimage\"},\"thumbnailUrl\":\"https:\\\/\\\/anadolupet.com.tr\\\/wp-content\\\/uploads\\\/2026\\\/02\\\/242-T150-026.jpg\",\"datePublished\":\"2026-02-14T14:44:51+00:00\",\"dateModified\":\"2026-02-23T12:51:30+00:00\",\"breadcrumb\":{\"@id\":\"https:\\\/\\\/anadolupet.com.tr\\\/urun\\\/moderna-love-trendy-roadrunner-tasima-cantasi\\\/#breadcrumb\"},\"inLanguage\":\"en-US\",\"potentialAction\":[{\"@type\":\"ReadAction\",\"target\":[\"https:\\\/\\\/anadolupet.com.tr\\\/urun\\\/moderna-love-trendy-roadrunner-tasima-cantasi\\\/\"]}]},{\"@type\":\"ImageObject\",\"inLanguage\":\"en-US\",\"@id\":\"https:\\\/\\\/anadolupet.com.tr\\\/urun\\\/moderna-love-trendy-roadrunner-tasima-cantasi\\\/#primaryimage\",\"url\":\"https:\\\/\\\/anadolupet.com.tr\\\/wp-content\\\/uploads\\\/2026\\\/02\\\/242-T150-026.jpg\",\"contentUrl\":\"https:\\\/\\\/anadolupet.com.tr\\\/wp-content\\\/uploads\\\/2026\\\/02\\\/242-T150-026.jpg\",\"width\":750,\"height\":750},{\"@type\":\"BreadcrumbList\",\"@id\":\"https:\\\/\\\/anadolupet.com.tr\\\/urun\\\/moderna-love-trendy-roadrunner-tasima-cantasi\\\/#breadcrumb\",\"itemListElement\":[{\"@type\":\"ListItem\",\"position\":1,\"name\":\"Anasayfa\",\"item\":\"https:\\\/\\\/anadolupet.com.tr\\\/\"},{\"@type\":\"ListItem\",\"position\":2,\"name\":\"\u00dcr\u00fcnler\",\"item\":\"https:\\\/\\\/anadolupet.com.tr\\\/urunler\\\/\"},{\"@type\":\"ListItem\",\"position\":3,\"name\":\"Moderna Love Trendy Roadrunner Ta\u015f\u0131ma \u00c7antas\u0131\"}]},{\"@type\":\"WebSite\",\"@id\":\"https:\\\/\\\/anadolupet.com.tr\\\/#website\",\"url\":\"https:\\\/\\\/anadolupet.com.tr\\\/\",\"name\":\"Anadolu Pet Grup\",\"description\":\"Her Can\u0131n \u0130yi Ya\u015fam\u0131 \u0130\u00e7in Biraraday\u0131z\",\"publisher\":{\"@id\":\"https:\\\/\\\/anadolupet.com.tr\\\/#organization\"},\"potentialAction\":[{\"@type\":\"SearchAction\",\"target\":{\"@type\":\"EntryPoint\",\"urlTemplate\":\"https:\\\/\\\/anadolupet.com.tr\\\/?s={search_term_string}\"},\"query-input\":{\"@type\":\"PropertyValueSpecification\",\"valueRequired\":true,\"valueName\":\"search_term_string\"}}],\"inLanguage\":\"en-US\"},{\"@type\":\"Organization\",\"@id\":\"https:\\\/\\\/anadolupet.com.tr\\\/#organization\",\"name\":\"Anadolu Pet Grup\",\"alternateName\":\"Anadolu Pet\",\"url\":\"https:\\\/\\\/anadolupet.com.tr\\\/\",\"logo\":{\"@type\":\"ImageObject\",\"inLanguage\":\"en-US\",\"@id\":\"https:\\\/\\\/anadolupet.com.tr\\\/#\\\/schema\\\/logo\\\/image\\\/\",\"url\":\"https:\\\/\\\/anadolupet.com.tr\\\/wp-content\\\/uploads\\\/2026\\\/03\\\/1614666743370.jpg\",\"contentUrl\":\"https:\\\/\\\/anadolupet.com.tr\\\/wp-content\\\/uploads\\\/2026\\\/03\\\/1614666743370.jpg\",\"width\":800,\"height\":571,\"caption\":\"Anadolu Pet Grup\"},\"image\":{\"@id\":\"https:\\\/\\\/anadolupet.com.tr\\\/#\\\/schema\\\/logo\\\/image\\\/\"}}]}<\/script>\n<!-- \/ Yoast SEO plugin. -->","yoast_head_json":{"title":"Moderna Love Trendy Roadrunner Ta\u015f\u0131ma \u00c7antas\u0131 - Anadolu Pet Grup","robots":{"index":"index","follow":"follow","max-snippet":"max-snippet:-1","max-image-preview":"max-image-preview:large","max-video-preview":"max-video-preview:-1"},"canonical":"https:\/\/anadolupet.com.tr\/en\/product\/moderna-love-trendy-roadrunner-tasima-cantasi\/","og_locale":"en_US","og_type":"article","og_title":"Moderna Love Trendy Roadrunner Ta\u015f\u0131ma \u00c7antas\u0131 - Anadolu Pet Grup","og_description":"Trendy Runner Plastik Kap\u0131l\u0131 Ta\u015f\u0131ma Kab\u0131 \u2013 Cats in Love \u015e\u0131k tasar\u0131m, g\u00fcvenli ve konforlu yolculuk! Trendy Runner Cats in Love ta\u015f\u0131ma kab\u0131, kedinizin seyahatlerini g\u00fcvenli ve rahat hale getirmek i\u00e7in tasarlanm\u0131\u015ft\u0131r. Romantik \u201cCats in Love\u201d deseniyle evcil dostunuzun ta\u015f\u0131ma kab\u0131 art\u0131k sadece i\u015flevsel de\u011fil, ayn\u0131 zamanda dekoratif bir par\u00e7a. \ud83d\udc3e \u00d6ne \u00c7\u0131kan \u00d6zellikler \u00c7izilmez & UV korumal\u0131 IML tasar\u0131m \u2013 uzun \u00f6m\u00fcrl\u00fc, canl\u0131 desenler Kolay ta\u015f\u0131ma sap\u0131 \u2013 pratik ve rahat kullan\u0131m Geni\u015f havaland\u0131rma a\u00e7\u0131kl\u0131klar\u0131 \u2013 s\u00fcrekli taze hava ak\u0131\u015f\u0131 sa\u011flar Dayan\u0131kl\u0131 ve sa\u011flam plastik \u2013 uzun \u00f6m\u00fcrl\u00fc kullan\u0131m i\u00e7in sert yap\u0131 Kolay temizlik \u2013 s\u0131cak sabunlu su ile h\u0131zl\u0131 ve hijyenik temizlik Stabil ve sert g\u00f6vde \u2013 g\u00fcvenli ta\u015f\u0131ma i\u00e7in sa\u011flam yap\u0131 Maksimum ta\u015f\u0131ma kapasitesi: 5 kg \u2013 kediler ve k\u00fc\u00e7\u00fck \u0131rk k\u00f6pekler i\u00e7in ideal Trendy Runner Cats in Love, yenilik\u00e7i IML (In Mould Label) dekorasyon tekni\u011fi sayesinde \u00e7izilmelere ve g\u00fcne\u015f \u0131\u015f\u0131\u011f\u0131na kar\u015f\u0131 dayan\u0131kl\u0131d\u0131r. Geni\u015f havaland\u0131rma a\u00e7\u0131kl\u0131klar\u0131 sayesinde kediniz yolculuk boyunca s\u00fcrekli taze hava al\u0131r. \ud83d\udccf \u00dcr\u00fcn \u00d6l\u00e7\u00fcleri 50.1 x 32 x 34.5 cm","og_url":"https:\/\/anadolupet.com.tr\/en\/product\/moderna-love-trendy-roadrunner-tasima-cantasi\/","og_site_name":"Anadolu Pet Grup","article_modified_time":"2026-02-23T12:51:30+00:00","og_image":[{"width":750,"height":750,"url":"https:\/\/anadolupet.com.tr\/wp-content\/uploads\/2026\/02\/242-T150-026.jpg","type":"image\/jpeg"}],"twitter_card":"summary_large_image","schema":{"@context":"https:\/\/schema.org","@graph":[{"@type":"WebPage","@id":"https:\/\/anadolupet.com.tr\/urun\/moderna-love-trendy-roadrunner-tasima-cantasi\/","url":"https:\/\/anadolupet.com.tr\/urun\/moderna-love-trendy-roadrunner-tasima-cantasi\/","name":"Moderna Love Trendy Roadrunner Ta\u015f\u0131ma \u00c7antas\u0131 - Anadolu Pet Grup","isPartOf":{"@id":"https:\/\/anadolupet.com.tr\/#website"},"primaryImageOfPage":{"@id":"https:\/\/anadolupet.com.tr\/urun\/moderna-love-trendy-roadrunner-tasima-cantasi\/#primaryimage"},"image":{"@id":"https:\/\/anadolupet.com.tr\/urun\/moderna-love-trendy-roadrunner-tasima-cantasi\/#primaryimage"},"thumbnailUrl":"https:\/\/anadolupet.com.tr\/wp-content\/uploads\/2026\/02\/242-T150-026.jpg","datePublished":"2026-02-14T14:44:51+00:00","dateModified":"2026-02-23T12:51:30+00:00","breadcrumb":{"@id":"https:\/\/anadolupet.com.tr\/urun\/moderna-love-trendy-roadrunner-tasima-cantasi\/#breadcrumb"},"inLanguage":"en-US","potentialAction":[{"@type":"ReadAction","target":["https:\/\/anadolupet.com.tr\/urun\/moderna-love-trendy-roadrunner-tasima-cantasi\/"]}]},{"@type":"ImageObject","inLanguage":"en-US","@id":"https:\/\/anadolupet.com.tr\/urun\/moderna-love-trendy-roadrunner-tasima-cantasi\/#primaryimage","url":"https:\/\/anadolupet.com.tr\/wp-content\/uploads\/2026\/02\/242-T150-026.jpg","contentUrl":"https:\/\/anadolupet.com.tr\/wp-content\/uploads\/2026\/02\/242-T150-026.jpg","width":750,"height":750},{"@type":"BreadcrumbList","@id":"https:\/\/anadolupet.com.tr\/urun\/moderna-love-trendy-roadrunner-tasima-cantasi\/#breadcrumb","itemListElement":[{"@type":"ListItem","position":1,"name":"Anasayfa","item":"https:\/\/anadolupet.com.tr\/"},{"@type":"ListItem","position":2,"name":"\u00dcr\u00fcnler","item":"https:\/\/anadolupet.com.tr\/urunler\/"},{"@type":"ListItem","position":3,"name":"Moderna Love Trendy Roadrunner Ta\u015f\u0131ma \u00c7antas\u0131"}]},{"@type":"WebSite","@id":"https:\/\/anadolupet.com.tr\/#website","url":"https:\/\/anadolupet.com.tr\/","name":"Anadolu Pet Group","description":"We Stand Together for the Well-Being of Every Life","publisher":{"@id":"https:\/\/anadolupet.com.tr\/#organization"},"potentialAction":[{"@type":"SearchAction","target":{"@type":"EntryPoint","urlTemplate":"https:\/\/anadolupet.com.tr\/?s={search_term_string}"},"query-input":{"@type":"PropertyValueSpecification","valueRequired":true,"valueName":"search_term_string"}}],"inLanguage":"en-US"},{"@type":"Organization","@id":"https:\/\/anadolupet.com.tr\/#organization","name":"Anadolu Pet Group","alternateName":"Anadolu Pet","url":"https:\/\/anadolupet.com.tr\/","logo":{"@type":"ImageObject","inLanguage":"en-US","@id":"https:\/\/anadolupet.com.tr\/#\/schema\/logo\/image\/","url":"https:\/\/anadolupet.com.tr\/wp-content\/uploads\/2026\/03\/1614666743370.jpg","contentUrl":"https:\/\/anadolupet.com.tr\/wp-content\/uploads\/2026\/03\/1614666743370.jpg","width":800,"height":571,"caption":"Anadolu Pet Grup"},"image":{"@id":"https:\/\/anadolupet.com.tr\/#\/schema\/logo\/image\/"}}]}},"_links":{"self":[{"href":"https:\/\/anadolupet.com.tr\/en\/wp-json\/wp\/v2\/product\/45843","targetHints":{"allow":["GET"]}}],"collection":[{"href":"https:\/\/anadolupet.com.tr\/en\/wp-json\/wp\/v2\/product"}],"about":[{"href":"https:\/\/anadolupet.com.tr\/en\/wp-json\/wp\/v2\/types\/product"}],"replies":[{"embeddable":true,"href":"https:\/\/anadolupet.com.tr\/en\/wp-json\/wp\/v2\/comments?post=45843"}],"wp:featuredmedia":[{"embeddable":true,"href":"https:\/\/anadolupet.com.tr\/en\/wp-json\/wp\/v2\/media\/43567"}],"wp:attachment":[{"href":"https:\/\/anadolupet.com.tr\/en\/wp-json\/wp\/v2\/media?parent=45843"}],"wp:term":[{"taxonomy":"product_brand","embeddable":true,"href":"https:\/\/anadolupet.com.tr\/en\/wp-json\/wp\/v2\/product_brand?post=45843"},{"taxonomy":"product_cat","embeddable":true,"href":"https:\/\/anadolupet.com.tr\/en\/wp-json\/wp\/v2\/product_cat?post=45843"},{"taxonomy":"product_tag","embeddable":true,"href":"https:\/\/anadolupet.com.tr\/en\/wp-json\/wp\/v2\/product_tag?post=45843"}],"curies":[{"name":"wp","href":"https:\/\/api.w.org\/{rel}","templated":true}]}}