{"id":45852,"date":"2026-02-14T14:44:52","date_gmt":"2026-02-14T14:44:52","guid":{"rendered":"https:\/\/anadolupet.com.tr\/?post_type=product&#038;p=45852"},"modified":"2026-02-23T12:51:30","modified_gmt":"2026-02-23T12:51:30","slug":"moderna-maasai-roanrunner-kedi-tasima-cantasi-50-cm","status":"publish","type":"product","link":"https:\/\/anadolupet.com.tr\/en\/urun\/moderna-maasai-roanrunner-kedi-tasima-cantasi-50-cm\/","title":{"rendered":"Moderna Maasai Roanrunner Kedi Ta\u015f\u0131ma \u00c7antas\u0131 -50 CM"},"content":{"rendered":"","protected":false},"excerpt":{"rendered":"<p>Trendy Runner Maasai \u2013 Ta\u015f\u0131ma Kab\u0131<br \/>\n\u015e\u0131k tasar\u0131m, g\u00fcvenli ta\u015f\u0131ma ve konfor bir arada! Trendy Runner Maasai, kediniz i\u00e7in hem estetik hem de fonksiyonel bir ta\u015f\u0131ma \u00e7\u00f6z\u00fcm\u00fc sunar. \u00d6zel IML dekorasyon tekni\u011fi sayesinde \u00e7izilmez ve UV \u0131\u015f\u0131nlar\u0131na kar\u015f\u0131 dayan\u0131kl\u0131d\u0131r. Modern Maasai tasar\u0131m\u0131yla dikkat \u00e7ekerken, geni\u015f havaland\u0131rma a\u00e7\u0131kl\u0131klar\u0131 sayesinde s\u00fcrekli taze hava ak\u0131\u015f\u0131 sa\u011flar.<br \/>\n\u00d6ne \u00c7\u0131kan \u00d6zellikler<br \/>\nIML dekorasyon tekni\u011fi ile \u00e7izilmez ve UV\u2019ye dayan\u0131kl\u0131 tasar\u0131m<br \/>\nKolay ta\u015f\u0131ma i\u00e7in ergonomik sap<br \/>\nGeni\u015f havaland\u0131rma a\u00e7\u0131kl\u0131klar\u0131 ile s\u00fcrekli taze hava ak\u0131\u015f\u0131<br \/>\nSa\u011flam ve dayan\u0131kl\u0131 plastik g\u00f6vde<br \/>\nIl\u0131k sabunlu su ile kolay temizlik<br \/>\nPremium plastik malzeme, uzun \u00f6m\u00fcrl\u00fc ve toksik madde i\u00e7ermez<br \/>\nMaksimum ta\u015f\u0131ma kapasitesi: 5 kg<br \/>\nTrendy Runner Maasai, kedinizin g\u00fcvenli ve konforlu bir \u015fekilde ta\u015f\u0131nmas\u0131n\u0131 sa\u011flar. \u015e\u0131k g\u00f6r\u00fcn\u00fcm\u00fcyle evcil dostunuzun stat\u00fcs\u00fcn\u00fc yans\u0131t\u0131rken, pratik ve dayan\u0131kl\u0131 yap\u0131s\u0131yla g\u00fcnl\u00fck kullan\u0131mda vazge\u00e7ilmez bir \u00fcr\u00fcnd\u00fcr.<br \/>\n\u00dcr\u00fcn \u00d6l\u00e7\u00fcleri 50.1 x 32 x 34.5 cm<\/p>","protected":false},"featured_media":43568,"comment_status":"open","ping_status":"closed","template":"","meta":{"_acf_changed":false},"product_brand":[],"product_cat":[2439],"product_tag":[],"class_list":{"0":"post-45852","1":"product","2":"type-product","3":"status-publish","4":"has-post-thumbnail","6":"product_cat-tasima-cantalari","8":"first","9":"instock","10":"shipping-taxable","11":"product-type-simple"},"acf":[],"yoast_head":"<!-- This site is optimized with the Yoast SEO plugin v27.4 - https:\/\/yoast.com\/product\/yoast-seo-wordpress\/ -->\n<title>Moderna Maasai Roanrunner Kedi Ta\u015f\u0131ma \u00c7antas\u0131 -50 CM - Anadolu Pet Grup<\/title>\n<meta name=\"robots\" content=\"index, follow, max-snippet:-1, max-image-preview:large, max-video-preview:-1\" \/>\n<link rel=\"canonical\" href=\"https:\/\/anadolupet.com.tr\/en\/product\/moderna-maasai-roanrunner-kedi-tasima-cantasi-50-cm\/\" \/>\n<meta property=\"og:locale\" content=\"en_US\" \/>\n<meta property=\"og:type\" content=\"article\" \/>\n<meta property=\"og:title\" content=\"Moderna Maasai Roanrunner Kedi Ta\u015f\u0131ma \u00c7antas\u0131 -50 CM - Anadolu Pet Grup\" \/>\n<meta property=\"og:description\" content=\"Trendy Runner Maasai \u2013 Ta\u015f\u0131ma Kab\u0131 \u015e\u0131k tasar\u0131m, g\u00fcvenli ta\u015f\u0131ma ve konfor bir arada! Trendy Runner Maasai, kediniz i\u00e7in hem estetik hem de fonksiyonel bir ta\u015f\u0131ma \u00e7\u00f6z\u00fcm\u00fc sunar. \u00d6zel IML dekorasyon tekni\u011fi sayesinde \u00e7izilmez ve UV \u0131\u015f\u0131nlar\u0131na kar\u015f\u0131 dayan\u0131kl\u0131d\u0131r. Modern Maasai tasar\u0131m\u0131yla dikkat \u00e7ekerken, geni\u015f havaland\u0131rma a\u00e7\u0131kl\u0131klar\u0131 sayesinde s\u00fcrekli taze hava ak\u0131\u015f\u0131 sa\u011flar. \u00d6ne \u00c7\u0131kan \u00d6zellikler IML dekorasyon tekni\u011fi ile \u00e7izilmez ve UV\u2019ye dayan\u0131kl\u0131 tasar\u0131m Kolay ta\u015f\u0131ma i\u00e7in ergonomik sap Geni\u015f havaland\u0131rma a\u00e7\u0131kl\u0131klar\u0131 ile s\u00fcrekli taze hava ak\u0131\u015f\u0131 Sa\u011flam ve dayan\u0131kl\u0131 plastik g\u00f6vde Il\u0131k sabunlu su ile kolay temizlik Premium plastik malzeme, uzun \u00f6m\u00fcrl\u00fc ve toksik madde i\u00e7ermez Maksimum ta\u015f\u0131ma kapasitesi: 5 kg Trendy Runner Maasai, kedinizin g\u00fcvenli ve konforlu bir \u015fekilde ta\u015f\u0131nmas\u0131n\u0131 sa\u011flar. \u015e\u0131k g\u00f6r\u00fcn\u00fcm\u00fcyle evcil dostunuzun stat\u00fcs\u00fcn\u00fc yans\u0131t\u0131rken, pratik ve dayan\u0131kl\u0131 yap\u0131s\u0131yla g\u00fcnl\u00fck kullan\u0131mda vazge\u00e7ilmez bir \u00fcr\u00fcnd\u00fcr. \u00dcr\u00fcn \u00d6l\u00e7\u00fcleri 50.1 x 32 x 34.5 cm\" \/>\n<meta property=\"og:url\" content=\"https:\/\/anadolupet.com.tr\/en\/product\/moderna-maasai-roanrunner-kedi-tasima-cantasi-50-cm\/\" \/>\n<meta property=\"og:site_name\" content=\"Anadolu Pet Grup\" \/>\n<meta property=\"article:modified_time\" content=\"2026-02-23T12:51:30+00:00\" \/>\n<meta property=\"og:image\" content=\"https:\/\/anadolupet.com.tr\/wp-content\/uploads\/2026\/02\/242-T150-0027.jpg\" \/>\n\t<meta property=\"og:image:width\" content=\"750\" \/>\n\t<meta property=\"og:image:height\" content=\"750\" \/>\n\t<meta property=\"og:image:type\" content=\"image\/jpeg\" \/>\n<meta name=\"twitter:card\" content=\"summary_large_image\" \/>\n<script type=\"application\/ld+json\" class=\"yoast-schema-graph\">{\"@context\":\"https:\\\/\\\/schema.org\",\"@graph\":[{\"@type\":\"WebPage\",\"@id\":\"https:\\\/\\\/anadolupet.com.tr\\\/urun\\\/moderna-maasai-roanrunner-kedi-tasima-cantasi-50-cm\\\/\",\"url\":\"https:\\\/\\\/anadolupet.com.tr\\\/urun\\\/moderna-maasai-roanrunner-kedi-tasima-cantasi-50-cm\\\/\",\"name\":\"Moderna Maasai Roanrunner Kedi Ta\u015f\u0131ma \u00c7antas\u0131 -50 CM - Anadolu Pet Grup\",\"isPartOf\":{\"@id\":\"https:\\\/\\\/anadolupet.com.tr\\\/#website\"},\"primaryImageOfPage\":{\"@id\":\"https:\\\/\\\/anadolupet.com.tr\\\/urun\\\/moderna-maasai-roanrunner-kedi-tasima-cantasi-50-cm\\\/#primaryimage\"},\"image\":{\"@id\":\"https:\\\/\\\/anadolupet.com.tr\\\/urun\\\/moderna-maasai-roanrunner-kedi-tasima-cantasi-50-cm\\\/#primaryimage\"},\"thumbnailUrl\":\"https:\\\/\\\/anadolupet.com.tr\\\/wp-content\\\/uploads\\\/2026\\\/02\\\/242-T150-0027.jpg\",\"datePublished\":\"2026-02-14T14:44:52+00:00\",\"dateModified\":\"2026-02-23T12:51:30+00:00\",\"breadcrumb\":{\"@id\":\"https:\\\/\\\/anadolupet.com.tr\\\/urun\\\/moderna-maasai-roanrunner-kedi-tasima-cantasi-50-cm\\\/#breadcrumb\"},\"inLanguage\":\"en-US\",\"potentialAction\":[{\"@type\":\"ReadAction\",\"target\":[\"https:\\\/\\\/anadolupet.com.tr\\\/urun\\\/moderna-maasai-roanrunner-kedi-tasima-cantasi-50-cm\\\/\"]}]},{\"@type\":\"ImageObject\",\"inLanguage\":\"en-US\",\"@id\":\"https:\\\/\\\/anadolupet.com.tr\\\/urun\\\/moderna-maasai-roanrunner-kedi-tasima-cantasi-50-cm\\\/#primaryimage\",\"url\":\"https:\\\/\\\/anadolupet.com.tr\\\/wp-content\\\/uploads\\\/2026\\\/02\\\/242-T150-0027.jpg\",\"contentUrl\":\"https:\\\/\\\/anadolupet.com.tr\\\/wp-content\\\/uploads\\\/2026\\\/02\\\/242-T150-0027.jpg\",\"width\":750,\"height\":750},{\"@type\":\"BreadcrumbList\",\"@id\":\"https:\\\/\\\/anadolupet.com.tr\\\/urun\\\/moderna-maasai-roanrunner-kedi-tasima-cantasi-50-cm\\\/#breadcrumb\",\"itemListElement\":[{\"@type\":\"ListItem\",\"position\":1,\"name\":\"Anasayfa\",\"item\":\"https:\\\/\\\/anadolupet.com.tr\\\/\"},{\"@type\":\"ListItem\",\"position\":2,\"name\":\"\u00dcr\u00fcnler\",\"item\":\"https:\\\/\\\/anadolupet.com.tr\\\/urunler\\\/\"},{\"@type\":\"ListItem\",\"position\":3,\"name\":\"Moderna Maasai Roanrunner Kedi Ta\u015f\u0131ma \u00c7antas\u0131 -50 CM\"}]},{\"@type\":\"WebSite\",\"@id\":\"https:\\\/\\\/anadolupet.com.tr\\\/#website\",\"url\":\"https:\\\/\\\/anadolupet.com.tr\\\/\",\"name\":\"Anadolu Pet Grup\",\"description\":\"Her Can\u0131n \u0130yi Ya\u015fam\u0131 \u0130\u00e7in Biraraday\u0131z\",\"publisher\":{\"@id\":\"https:\\\/\\\/anadolupet.com.tr\\\/#organization\"},\"potentialAction\":[{\"@type\":\"SearchAction\",\"target\":{\"@type\":\"EntryPoint\",\"urlTemplate\":\"https:\\\/\\\/anadolupet.com.tr\\\/?s={search_term_string}\"},\"query-input\":{\"@type\":\"PropertyValueSpecification\",\"valueRequired\":true,\"valueName\":\"search_term_string\"}}],\"inLanguage\":\"en-US\"},{\"@type\":\"Organization\",\"@id\":\"https:\\\/\\\/anadolupet.com.tr\\\/#organization\",\"name\":\"Anadolu Pet Grup\",\"alternateName\":\"Anadolu Pet\",\"url\":\"https:\\\/\\\/anadolupet.com.tr\\\/\",\"logo\":{\"@type\":\"ImageObject\",\"inLanguage\":\"en-US\",\"@id\":\"https:\\\/\\\/anadolupet.com.tr\\\/#\\\/schema\\\/logo\\\/image\\\/\",\"url\":\"https:\\\/\\\/anadolupet.com.tr\\\/wp-content\\\/uploads\\\/2026\\\/03\\\/1614666743370.jpg\",\"contentUrl\":\"https:\\\/\\\/anadolupet.com.tr\\\/wp-content\\\/uploads\\\/2026\\\/03\\\/1614666743370.jpg\",\"width\":800,\"height\":571,\"caption\":\"Anadolu Pet Grup\"},\"image\":{\"@id\":\"https:\\\/\\\/anadolupet.com.tr\\\/#\\\/schema\\\/logo\\\/image\\\/\"}}]}<\/script>\n<!-- \/ Yoast SEO plugin. -->","yoast_head_json":{"title":"Moderna Maasai Roanrunner Kedi Ta\u015f\u0131ma \u00c7antas\u0131 -50 CM - Anadolu Pet Grup","robots":{"index":"index","follow":"follow","max-snippet":"max-snippet:-1","max-image-preview":"max-image-preview:large","max-video-preview":"max-video-preview:-1"},"canonical":"https:\/\/anadolupet.com.tr\/en\/product\/moderna-maasai-roanrunner-kedi-tasima-cantasi-50-cm\/","og_locale":"en_US","og_type":"article","og_title":"Moderna Maasai Roanrunner Kedi Ta\u015f\u0131ma \u00c7antas\u0131 -50 CM - Anadolu Pet Grup","og_description":"Trendy Runner Maasai \u2013 Ta\u015f\u0131ma Kab\u0131 \u015e\u0131k tasar\u0131m, g\u00fcvenli ta\u015f\u0131ma ve konfor bir arada! Trendy Runner Maasai, kediniz i\u00e7in hem estetik hem de fonksiyonel bir ta\u015f\u0131ma \u00e7\u00f6z\u00fcm\u00fc sunar. \u00d6zel IML dekorasyon tekni\u011fi sayesinde \u00e7izilmez ve UV \u0131\u015f\u0131nlar\u0131na kar\u015f\u0131 dayan\u0131kl\u0131d\u0131r. Modern Maasai tasar\u0131m\u0131yla dikkat \u00e7ekerken, geni\u015f havaland\u0131rma a\u00e7\u0131kl\u0131klar\u0131 sayesinde s\u00fcrekli taze hava ak\u0131\u015f\u0131 sa\u011flar. \u00d6ne \u00c7\u0131kan \u00d6zellikler IML dekorasyon tekni\u011fi ile \u00e7izilmez ve UV\u2019ye dayan\u0131kl\u0131 tasar\u0131m Kolay ta\u015f\u0131ma i\u00e7in ergonomik sap Geni\u015f havaland\u0131rma a\u00e7\u0131kl\u0131klar\u0131 ile s\u00fcrekli taze hava ak\u0131\u015f\u0131 Sa\u011flam ve dayan\u0131kl\u0131 plastik g\u00f6vde Il\u0131k sabunlu su ile kolay temizlik Premium plastik malzeme, uzun \u00f6m\u00fcrl\u00fc ve toksik madde i\u00e7ermez Maksimum ta\u015f\u0131ma kapasitesi: 5 kg Trendy Runner Maasai, kedinizin g\u00fcvenli ve konforlu bir \u015fekilde ta\u015f\u0131nmas\u0131n\u0131 sa\u011flar. \u015e\u0131k g\u00f6r\u00fcn\u00fcm\u00fcyle evcil dostunuzun stat\u00fcs\u00fcn\u00fc yans\u0131t\u0131rken, pratik ve dayan\u0131kl\u0131 yap\u0131s\u0131yla g\u00fcnl\u00fck kullan\u0131mda vazge\u00e7ilmez bir \u00fcr\u00fcnd\u00fcr. \u00dcr\u00fcn \u00d6l\u00e7\u00fcleri 50.1 x 32 x 34.5 cm","og_url":"https:\/\/anadolupet.com.tr\/en\/product\/moderna-maasai-roanrunner-kedi-tasima-cantasi-50-cm\/","og_site_name":"Anadolu Pet Grup","article_modified_time":"2026-02-23T12:51:30+00:00","og_image":[{"width":750,"height":750,"url":"https:\/\/anadolupet.com.tr\/wp-content\/uploads\/2026\/02\/242-T150-0027.jpg","type":"image\/jpeg"}],"twitter_card":"summary_large_image","schema":{"@context":"https:\/\/schema.org","@graph":[{"@type":"WebPage","@id":"https:\/\/anadolupet.com.tr\/urun\/moderna-maasai-roanrunner-kedi-tasima-cantasi-50-cm\/","url":"https:\/\/anadolupet.com.tr\/urun\/moderna-maasai-roanrunner-kedi-tasima-cantasi-50-cm\/","name":"Moderna Maasai Roanrunner Kedi Ta\u015f\u0131ma \u00c7antas\u0131 -50 CM - Anadolu Pet Grup","isPartOf":{"@id":"https:\/\/anadolupet.com.tr\/#website"},"primaryImageOfPage":{"@id":"https:\/\/anadolupet.com.tr\/urun\/moderna-maasai-roanrunner-kedi-tasima-cantasi-50-cm\/#primaryimage"},"image":{"@id":"https:\/\/anadolupet.com.tr\/urun\/moderna-maasai-roanrunner-kedi-tasima-cantasi-50-cm\/#primaryimage"},"thumbnailUrl":"https:\/\/anadolupet.com.tr\/wp-content\/uploads\/2026\/02\/242-T150-0027.jpg","datePublished":"2026-02-14T14:44:52+00:00","dateModified":"2026-02-23T12:51:30+00:00","breadcrumb":{"@id":"https:\/\/anadolupet.com.tr\/urun\/moderna-maasai-roanrunner-kedi-tasima-cantasi-50-cm\/#breadcrumb"},"inLanguage":"en-US","potentialAction":[{"@type":"ReadAction","target":["https:\/\/anadolupet.com.tr\/urun\/moderna-maasai-roanrunner-kedi-tasima-cantasi-50-cm\/"]}]},{"@type":"ImageObject","inLanguage":"en-US","@id":"https:\/\/anadolupet.com.tr\/urun\/moderna-maasai-roanrunner-kedi-tasima-cantasi-50-cm\/#primaryimage","url":"https:\/\/anadolupet.com.tr\/wp-content\/uploads\/2026\/02\/242-T150-0027.jpg","contentUrl":"https:\/\/anadolupet.com.tr\/wp-content\/uploads\/2026\/02\/242-T150-0027.jpg","width":750,"height":750},{"@type":"BreadcrumbList","@id":"https:\/\/anadolupet.com.tr\/urun\/moderna-maasai-roanrunner-kedi-tasima-cantasi-50-cm\/#breadcrumb","itemListElement":[{"@type":"ListItem","position":1,"name":"Anasayfa","item":"https:\/\/anadolupet.com.tr\/"},{"@type":"ListItem","position":2,"name":"\u00dcr\u00fcnler","item":"https:\/\/anadolupet.com.tr\/urunler\/"},{"@type":"ListItem","position":3,"name":"Moderna Maasai Roanrunner Kedi Ta\u015f\u0131ma \u00c7antas\u0131 -50 CM"}]},{"@type":"WebSite","@id":"https:\/\/anadolupet.com.tr\/#website","url":"https:\/\/anadolupet.com.tr\/","name":"Anadolu Pet Group","description":"We Stand Together for the Well-Being of Every Life","publisher":{"@id":"https:\/\/anadolupet.com.tr\/#organization"},"potentialAction":[{"@type":"SearchAction","target":{"@type":"EntryPoint","urlTemplate":"https:\/\/anadolupet.com.tr\/?s={search_term_string}"},"query-input":{"@type":"PropertyValueSpecification","valueRequired":true,"valueName":"search_term_string"}}],"inLanguage":"en-US"},{"@type":"Organization","@id":"https:\/\/anadolupet.com.tr\/#organization","name":"Anadolu Pet Group","alternateName":"Anadolu Pet","url":"https:\/\/anadolupet.com.tr\/","logo":{"@type":"ImageObject","inLanguage":"en-US","@id":"https:\/\/anadolupet.com.tr\/#\/schema\/logo\/image\/","url":"https:\/\/anadolupet.com.tr\/wp-content\/uploads\/2026\/03\/1614666743370.jpg","contentUrl":"https:\/\/anadolupet.com.tr\/wp-content\/uploads\/2026\/03\/1614666743370.jpg","width":800,"height":571,"caption":"Anadolu Pet Grup"},"image":{"@id":"https:\/\/anadolupet.com.tr\/#\/schema\/logo\/image\/"}}]}},"_links":{"self":[{"href":"https:\/\/anadolupet.com.tr\/en\/wp-json\/wp\/v2\/product\/45852","targetHints":{"allow":["GET"]}}],"collection":[{"href":"https:\/\/anadolupet.com.tr\/en\/wp-json\/wp\/v2\/product"}],"about":[{"href":"https:\/\/anadolupet.com.tr\/en\/wp-json\/wp\/v2\/types\/product"}],"replies":[{"embeddable":true,"href":"https:\/\/anadolupet.com.tr\/en\/wp-json\/wp\/v2\/comments?post=45852"}],"wp:featuredmedia":[{"embeddable":true,"href":"https:\/\/anadolupet.com.tr\/en\/wp-json\/wp\/v2\/media\/43568"}],"wp:attachment":[{"href":"https:\/\/anadolupet.com.tr\/en\/wp-json\/wp\/v2\/media?parent=45852"}],"wp:term":[{"taxonomy":"product_brand","embeddable":true,"href":"https:\/\/anadolupet.com.tr\/en\/wp-json\/wp\/v2\/product_brand?post=45852"},{"taxonomy":"product_cat","embeddable":true,"href":"https:\/\/anadolupet.com.tr\/en\/wp-json\/wp\/v2\/product_cat?post=45852"},{"taxonomy":"product_tag","embeddable":true,"href":"https:\/\/anadolupet.com.tr\/en\/wp-json\/wp\/v2\/product_tag?post=45852"}],"curies":[{"name":"wp","href":"https:\/\/api.w.org\/{rel}","templated":true}]}}