{"id":45856,"date":"2026-02-14T14:44:53","date_gmt":"2026-02-14T14:44:53","guid":{"rendered":"https:\/\/anadolupet.com.tr\/?post_type=product&#038;p=45856"},"modified":"2026-02-23T12:51:31","modified_gmt":"2026-02-23T12:51:31","slug":"moderna-roadrunner-iata-tasima-cantasi-lacivert-2","status":"publish","type":"product","link":"https:\/\/anadolupet.com.tr\/en\/urun\/moderna-roadrunner-iata-tasima-cantasi-lacivert-2\/","title":{"rendered":"Moderna Roadrunner IATA Ta\u015f\u0131ma \u00c7antas\u0131 Lacivert 2"},"content":{"rendered":"","protected":false},"excerpt":{"rendered":"<p>Road Runner Spring Lock Door Medium \u2013 Ta\u015f\u0131ma Kab\u0131<br \/>\nG\u00fcvenli, konforlu ve \u00e7evre dostu seyahatler i\u00e7in! Road Runner Spring Lock Door Medium, evcil dostlar\u0131n\u0131z\u0131 g\u00fcvenle ta\u015f\u0131man\u0131z i\u00e7in tasarlanm\u0131\u015f sa\u011flam ve pratik bir ta\u015f\u0131ma kab\u0131d\u0131r. Geni\u015f havaland\u0131rma a\u00e7\u0131kl\u0131klar\u0131 sayesinde s\u00fcrekli taze hava ak\u0131\u015f\u0131 sa\u011flar, dayan\u0131kl\u0131 yap\u0131s\u0131yla uzun \u00f6m\u00fcrl\u00fc kullan\u0131m sunar.<br \/>\n\u00d6ne \u00c7\u0131kan \u00d6zellikler<br \/>\nG\u00fcvenli yolculuk i\u00e7in yayl\u0131 kilitli kap\u0131 sistemi<br \/>\nKolay ta\u015f\u0131ma i\u00e7in ergonomik sap<br \/>\nGeni\u015f havaland\u0131rma a\u00e7\u0131kl\u0131klar\u0131 ile s\u00fcrekli taze hava ak\u0131\u015f\u0131<br \/>\nSa\u011flam ve dayan\u0131kl\u0131 plastik g\u00f6vde (+%70 geri d\u00f6n\u00fc\u015ft\u00fcr\u00fclm\u00fc\u015f malzeme)<br \/>\nEmniyet kemeri yuvalar\u0131 ile ekstra g\u00fcvenlik<br \/>\nKaymaz ve dengeli taban, devrilmeyi \u00f6nler<br \/>\nIl\u0131k sabunlu su ile kolay temizlik<br \/>\nFarkl\u0131 renk ve boy se\u00e7enekleri ile her \u0131rka uygun<br \/>\nRoad Runner ta\u015f\u0131ma kab\u0131, kediler ve k\u00fc\u00e7\u00fck-orta \u0131rk k\u00f6pekler i\u00e7in ideal bir seyahat \u00e7\u00f6z\u00fcm\u00fcd\u00fcr. Hem g\u00fcvenli hem de \u00e7evre dostu yap\u0131s\u0131yla evcil dostunuzla her yolculu\u011fu keyifli hale getirir.<br \/>\nMaksimum Ta\u015f\u0131ma Kapasitesi 8 kg<br \/>\n\u00dcr\u00fcn \u00d6l\u00e7\u00fcleri 56.4 x 37.4 x 35 cm<\/p>","protected":false},"featured_media":43576,"comment_status":"open","ping_status":"closed","template":"","meta":{"_acf_changed":false},"product_brand":[],"product_cat":[2439],"product_tag":[],"class_list":{"0":"post-45856","1":"product","2":"type-product","3":"status-publish","4":"has-post-thumbnail","6":"product_cat-tasima-cantalari","8":"first","9":"instock","10":"shipping-taxable","11":"product-type-simple"},"acf":[],"yoast_head":"<!-- This site is optimized with the Yoast SEO plugin v27.5 - https:\/\/yoast.com\/product\/yoast-seo-wordpress\/ -->\n<title>Moderna Roadrunner IATA Ta\u015f\u0131ma \u00c7antas\u0131 Lacivert 2 - Anadolu Pet Grup<\/title>\n<meta name=\"robots\" content=\"index, follow, max-snippet:-1, max-image-preview:large, max-video-preview:-1\" \/>\n<link rel=\"canonical\" href=\"https:\/\/anadolupet.com.tr\/en\/product\/moderna-roadrunner-iata-tasima-cantasi-lacivert-2\/\" \/>\n<meta property=\"og:locale\" content=\"en_US\" \/>\n<meta property=\"og:type\" content=\"article\" \/>\n<meta property=\"og:title\" content=\"Moderna Roadrunner IATA Ta\u015f\u0131ma \u00c7antas\u0131 Lacivert 2 - Anadolu Pet Grup\" \/>\n<meta property=\"og:description\" content=\"Road Runner Spring Lock Door Medium \u2013 Ta\u015f\u0131ma Kab\u0131 G\u00fcvenli, konforlu ve \u00e7evre dostu seyahatler i\u00e7in! Road Runner Spring Lock Door Medium, evcil dostlar\u0131n\u0131z\u0131 g\u00fcvenle ta\u015f\u0131man\u0131z i\u00e7in tasarlanm\u0131\u015f sa\u011flam ve pratik bir ta\u015f\u0131ma kab\u0131d\u0131r. Geni\u015f havaland\u0131rma a\u00e7\u0131kl\u0131klar\u0131 sayesinde s\u00fcrekli taze hava ak\u0131\u015f\u0131 sa\u011flar, dayan\u0131kl\u0131 yap\u0131s\u0131yla uzun \u00f6m\u00fcrl\u00fc kullan\u0131m sunar. \u00d6ne \u00c7\u0131kan \u00d6zellikler G\u00fcvenli yolculuk i\u00e7in yayl\u0131 kilitli kap\u0131 sistemi Kolay ta\u015f\u0131ma i\u00e7in ergonomik sap Geni\u015f havaland\u0131rma a\u00e7\u0131kl\u0131klar\u0131 ile s\u00fcrekli taze hava ak\u0131\u015f\u0131 Sa\u011flam ve dayan\u0131kl\u0131 plastik g\u00f6vde (+%70 geri d\u00f6n\u00fc\u015ft\u00fcr\u00fclm\u00fc\u015f malzeme) Emniyet kemeri yuvalar\u0131 ile ekstra g\u00fcvenlik Kaymaz ve dengeli taban, devrilmeyi \u00f6nler Il\u0131k sabunlu su ile kolay temizlik Farkl\u0131 renk ve boy se\u00e7enekleri ile her \u0131rka uygun Road Runner ta\u015f\u0131ma kab\u0131, kediler ve k\u00fc\u00e7\u00fck-orta \u0131rk k\u00f6pekler i\u00e7in ideal bir seyahat \u00e7\u00f6z\u00fcm\u00fcd\u00fcr. Hem g\u00fcvenli hem de \u00e7evre dostu yap\u0131s\u0131yla evcil dostunuzla her yolculu\u011fu keyifli hale getirir. Maksimum Ta\u015f\u0131ma Kapasitesi 8 kg \u00dcr\u00fcn \u00d6l\u00e7\u00fcleri 56.4 x 37.4 x 35 cm\" \/>\n<meta property=\"og:url\" content=\"https:\/\/anadolupet.com.tr\/en\/product\/moderna-roadrunner-iata-tasima-cantasi-lacivert-2\/\" \/>\n<meta property=\"og:site_name\" content=\"Anadolu Pet Grup\" \/>\n<meta property=\"article:modified_time\" content=\"2026-02-23T12:51:31+00:00\" \/>\n<meta property=\"og:image\" content=\"https:\/\/anadolupet.com.tr\/wp-content\/uploads\/2026\/02\/242-T203-331.jpg\" \/>\n\t<meta property=\"og:image:width\" content=\"750\" \/>\n\t<meta property=\"og:image:height\" content=\"750\" \/>\n\t<meta property=\"og:image:type\" content=\"image\/jpeg\" \/>\n<meta name=\"twitter:card\" content=\"summary_large_image\" \/>\n<script type=\"application\/ld+json\" class=\"yoast-schema-graph\">{\"@context\":\"https:\\\/\\\/schema.org\",\"@graph\":[{\"@type\":\"WebPage\",\"@id\":\"https:\\\/\\\/anadolupet.com.tr\\\/urun\\\/moderna-roadrunner-iata-tasima-cantasi-lacivert-2\\\/\",\"url\":\"https:\\\/\\\/anadolupet.com.tr\\\/urun\\\/moderna-roadrunner-iata-tasima-cantasi-lacivert-2\\\/\",\"name\":\"Moderna Roadrunner IATA Ta\u015f\u0131ma \u00c7antas\u0131 Lacivert 2 - Anadolu Pet Grup\",\"isPartOf\":{\"@id\":\"https:\\\/\\\/anadolupet.com.tr\\\/#website\"},\"primaryImageOfPage\":{\"@id\":\"https:\\\/\\\/anadolupet.com.tr\\\/urun\\\/moderna-roadrunner-iata-tasima-cantasi-lacivert-2\\\/#primaryimage\"},\"image\":{\"@id\":\"https:\\\/\\\/anadolupet.com.tr\\\/urun\\\/moderna-roadrunner-iata-tasima-cantasi-lacivert-2\\\/#primaryimage\"},\"thumbnailUrl\":\"https:\\\/\\\/anadolupet.com.tr\\\/wp-content\\\/uploads\\\/2026\\\/02\\\/242-T203-331.jpg\",\"datePublished\":\"2026-02-14T14:44:53+00:00\",\"dateModified\":\"2026-02-23T12:51:31+00:00\",\"breadcrumb\":{\"@id\":\"https:\\\/\\\/anadolupet.com.tr\\\/urun\\\/moderna-roadrunner-iata-tasima-cantasi-lacivert-2\\\/#breadcrumb\"},\"inLanguage\":\"en-US\",\"potentialAction\":[{\"@type\":\"ReadAction\",\"target\":[\"https:\\\/\\\/anadolupet.com.tr\\\/urun\\\/moderna-roadrunner-iata-tasima-cantasi-lacivert-2\\\/\"]}]},{\"@type\":\"ImageObject\",\"inLanguage\":\"en-US\",\"@id\":\"https:\\\/\\\/anadolupet.com.tr\\\/urun\\\/moderna-roadrunner-iata-tasima-cantasi-lacivert-2\\\/#primaryimage\",\"url\":\"https:\\\/\\\/anadolupet.com.tr\\\/wp-content\\\/uploads\\\/2026\\\/02\\\/242-T203-331.jpg\",\"contentUrl\":\"https:\\\/\\\/anadolupet.com.tr\\\/wp-content\\\/uploads\\\/2026\\\/02\\\/242-T203-331.jpg\",\"width\":750,\"height\":750},{\"@type\":\"BreadcrumbList\",\"@id\":\"https:\\\/\\\/anadolupet.com.tr\\\/urun\\\/moderna-roadrunner-iata-tasima-cantasi-lacivert-2\\\/#breadcrumb\",\"itemListElement\":[{\"@type\":\"ListItem\",\"position\":1,\"name\":\"Anasayfa\",\"item\":\"https:\\\/\\\/anadolupet.com.tr\\\/\"},{\"@type\":\"ListItem\",\"position\":2,\"name\":\"\u00dcr\u00fcnler\",\"item\":\"https:\\\/\\\/anadolupet.com.tr\\\/urunler\\\/\"},{\"@type\":\"ListItem\",\"position\":3,\"name\":\"Moderna Roadrunner IATA Ta\u015f\u0131ma \u00c7antas\u0131 Lacivert 2\"}]},{\"@type\":\"WebSite\",\"@id\":\"https:\\\/\\\/anadolupet.com.tr\\\/#website\",\"url\":\"https:\\\/\\\/anadolupet.com.tr\\\/\",\"name\":\"Anadolu Pet Grup\",\"description\":\"Her Can\u0131n \u0130yi Ya\u015fam\u0131 \u0130\u00e7in Biraraday\u0131z\",\"publisher\":{\"@id\":\"https:\\\/\\\/anadolupet.com.tr\\\/#organization\"},\"potentialAction\":[{\"@type\":\"SearchAction\",\"target\":{\"@type\":\"EntryPoint\",\"urlTemplate\":\"https:\\\/\\\/anadolupet.com.tr\\\/?s={search_term_string}\"},\"query-input\":{\"@type\":\"PropertyValueSpecification\",\"valueRequired\":true,\"valueName\":\"search_term_string\"}}],\"inLanguage\":\"en-US\"},{\"@type\":\"Organization\",\"@id\":\"https:\\\/\\\/anadolupet.com.tr\\\/#organization\",\"name\":\"Anadolu Pet Grup\",\"alternateName\":\"Anadolu Pet\",\"url\":\"https:\\\/\\\/anadolupet.com.tr\\\/\",\"logo\":{\"@type\":\"ImageObject\",\"inLanguage\":\"en-US\",\"@id\":\"https:\\\/\\\/anadolupet.com.tr\\\/#\\\/schema\\\/logo\\\/image\\\/\",\"url\":\"https:\\\/\\\/anadolupet.com.tr\\\/wp-content\\\/uploads\\\/2026\\\/03\\\/1614666743370.jpg\",\"contentUrl\":\"https:\\\/\\\/anadolupet.com.tr\\\/wp-content\\\/uploads\\\/2026\\\/03\\\/1614666743370.jpg\",\"width\":800,\"height\":571,\"caption\":\"Anadolu Pet Grup\"},\"image\":{\"@id\":\"https:\\\/\\\/anadolupet.com.tr\\\/#\\\/schema\\\/logo\\\/image\\\/\"}}]}<\/script>\n<!-- \/ Yoast SEO plugin. -->","yoast_head_json":{"title":"Moderna Roadrunner IATA Ta\u015f\u0131ma \u00c7antas\u0131 Lacivert 2 - Anadolu Pet Grup","robots":{"index":"index","follow":"follow","max-snippet":"max-snippet:-1","max-image-preview":"max-image-preview:large","max-video-preview":"max-video-preview:-1"},"canonical":"https:\/\/anadolupet.com.tr\/en\/product\/moderna-roadrunner-iata-tasima-cantasi-lacivert-2\/","og_locale":"en_US","og_type":"article","og_title":"Moderna Roadrunner IATA Ta\u015f\u0131ma \u00c7antas\u0131 Lacivert 2 - Anadolu Pet Grup","og_description":"Road Runner Spring Lock Door Medium \u2013 Ta\u015f\u0131ma Kab\u0131 G\u00fcvenli, konforlu ve \u00e7evre dostu seyahatler i\u00e7in! Road Runner Spring Lock Door Medium, evcil dostlar\u0131n\u0131z\u0131 g\u00fcvenle ta\u015f\u0131man\u0131z i\u00e7in tasarlanm\u0131\u015f sa\u011flam ve pratik bir ta\u015f\u0131ma kab\u0131d\u0131r. Geni\u015f havaland\u0131rma a\u00e7\u0131kl\u0131klar\u0131 sayesinde s\u00fcrekli taze hava ak\u0131\u015f\u0131 sa\u011flar, dayan\u0131kl\u0131 yap\u0131s\u0131yla uzun \u00f6m\u00fcrl\u00fc kullan\u0131m sunar. \u00d6ne \u00c7\u0131kan \u00d6zellikler G\u00fcvenli yolculuk i\u00e7in yayl\u0131 kilitli kap\u0131 sistemi Kolay ta\u015f\u0131ma i\u00e7in ergonomik sap Geni\u015f havaland\u0131rma a\u00e7\u0131kl\u0131klar\u0131 ile s\u00fcrekli taze hava ak\u0131\u015f\u0131 Sa\u011flam ve dayan\u0131kl\u0131 plastik g\u00f6vde (+%70 geri d\u00f6n\u00fc\u015ft\u00fcr\u00fclm\u00fc\u015f malzeme) Emniyet kemeri yuvalar\u0131 ile ekstra g\u00fcvenlik Kaymaz ve dengeli taban, devrilmeyi \u00f6nler Il\u0131k sabunlu su ile kolay temizlik Farkl\u0131 renk ve boy se\u00e7enekleri ile her \u0131rka uygun Road Runner ta\u015f\u0131ma kab\u0131, kediler ve k\u00fc\u00e7\u00fck-orta \u0131rk k\u00f6pekler i\u00e7in ideal bir seyahat \u00e7\u00f6z\u00fcm\u00fcd\u00fcr. Hem g\u00fcvenli hem de \u00e7evre dostu yap\u0131s\u0131yla evcil dostunuzla her yolculu\u011fu keyifli hale getirir. Maksimum Ta\u015f\u0131ma Kapasitesi 8 kg \u00dcr\u00fcn \u00d6l\u00e7\u00fcleri 56.4 x 37.4 x 35 cm","og_url":"https:\/\/anadolupet.com.tr\/en\/product\/moderna-roadrunner-iata-tasima-cantasi-lacivert-2\/","og_site_name":"Anadolu Pet Grup","article_modified_time":"2026-02-23T12:51:31+00:00","og_image":[{"width":750,"height":750,"url":"https:\/\/anadolupet.com.tr\/wp-content\/uploads\/2026\/02\/242-T203-331.jpg","type":"image\/jpeg"}],"twitter_card":"summary_large_image","schema":{"@context":"https:\/\/schema.org","@graph":[{"@type":"WebPage","@id":"https:\/\/anadolupet.com.tr\/urun\/moderna-roadrunner-iata-tasima-cantasi-lacivert-2\/","url":"https:\/\/anadolupet.com.tr\/urun\/moderna-roadrunner-iata-tasima-cantasi-lacivert-2\/","name":"Moderna Roadrunner IATA Ta\u015f\u0131ma \u00c7antas\u0131 Lacivert 2 - Anadolu Pet Grup","isPartOf":{"@id":"https:\/\/anadolupet.com.tr\/#website"},"primaryImageOfPage":{"@id":"https:\/\/anadolupet.com.tr\/urun\/moderna-roadrunner-iata-tasima-cantasi-lacivert-2\/#primaryimage"},"image":{"@id":"https:\/\/anadolupet.com.tr\/urun\/moderna-roadrunner-iata-tasima-cantasi-lacivert-2\/#primaryimage"},"thumbnailUrl":"https:\/\/anadolupet.com.tr\/wp-content\/uploads\/2026\/02\/242-T203-331.jpg","datePublished":"2026-02-14T14:44:53+00:00","dateModified":"2026-02-23T12:51:31+00:00","breadcrumb":{"@id":"https:\/\/anadolupet.com.tr\/urun\/moderna-roadrunner-iata-tasima-cantasi-lacivert-2\/#breadcrumb"},"inLanguage":"en-US","potentialAction":[{"@type":"ReadAction","target":["https:\/\/anadolupet.com.tr\/urun\/moderna-roadrunner-iata-tasima-cantasi-lacivert-2\/"]}]},{"@type":"ImageObject","inLanguage":"en-US","@id":"https:\/\/anadolupet.com.tr\/urun\/moderna-roadrunner-iata-tasima-cantasi-lacivert-2\/#primaryimage","url":"https:\/\/anadolupet.com.tr\/wp-content\/uploads\/2026\/02\/242-T203-331.jpg","contentUrl":"https:\/\/anadolupet.com.tr\/wp-content\/uploads\/2026\/02\/242-T203-331.jpg","width":750,"height":750},{"@type":"BreadcrumbList","@id":"https:\/\/anadolupet.com.tr\/urun\/moderna-roadrunner-iata-tasima-cantasi-lacivert-2\/#breadcrumb","itemListElement":[{"@type":"ListItem","position":1,"name":"Anasayfa","item":"https:\/\/anadolupet.com.tr\/"},{"@type":"ListItem","position":2,"name":"\u00dcr\u00fcnler","item":"https:\/\/anadolupet.com.tr\/urunler\/"},{"@type":"ListItem","position":3,"name":"Moderna Roadrunner IATA Ta\u015f\u0131ma \u00c7antas\u0131 Lacivert 2"}]},{"@type":"WebSite","@id":"https:\/\/anadolupet.com.tr\/#website","url":"https:\/\/anadolupet.com.tr\/","name":"Anadolu Pet Group","description":"We Stand Together for the Well-Being of Every Life","publisher":{"@id":"https:\/\/anadolupet.com.tr\/#organization"},"potentialAction":[{"@type":"SearchAction","target":{"@type":"EntryPoint","urlTemplate":"https:\/\/anadolupet.com.tr\/?s={search_term_string}"},"query-input":{"@type":"PropertyValueSpecification","valueRequired":true,"valueName":"search_term_string"}}],"inLanguage":"en-US"},{"@type":"Organization","@id":"https:\/\/anadolupet.com.tr\/#organization","name":"Anadolu Pet Group","alternateName":"Anadolu Pet","url":"https:\/\/anadolupet.com.tr\/","logo":{"@type":"ImageObject","inLanguage":"en-US","@id":"https:\/\/anadolupet.com.tr\/#\/schema\/logo\/image\/","url":"https:\/\/anadolupet.com.tr\/wp-content\/uploads\/2026\/03\/1614666743370.jpg","contentUrl":"https:\/\/anadolupet.com.tr\/wp-content\/uploads\/2026\/03\/1614666743370.jpg","width":800,"height":571,"caption":"Anadolu Pet Grup"},"image":{"@id":"https:\/\/anadolupet.com.tr\/#\/schema\/logo\/image\/"}}]}},"_links":{"self":[{"href":"https:\/\/anadolupet.com.tr\/en\/wp-json\/wp\/v2\/product\/45856","targetHints":{"allow":["GET"]}}],"collection":[{"href":"https:\/\/anadolupet.com.tr\/en\/wp-json\/wp\/v2\/product"}],"about":[{"href":"https:\/\/anadolupet.com.tr\/en\/wp-json\/wp\/v2\/types\/product"}],"replies":[{"embeddable":true,"href":"https:\/\/anadolupet.com.tr\/en\/wp-json\/wp\/v2\/comments?post=45856"}],"wp:featuredmedia":[{"embeddable":true,"href":"https:\/\/anadolupet.com.tr\/en\/wp-json\/wp\/v2\/media\/43576"}],"wp:attachment":[{"href":"https:\/\/anadolupet.com.tr\/en\/wp-json\/wp\/v2\/media?parent=45856"}],"wp:term":[{"taxonomy":"product_brand","embeddable":true,"href":"https:\/\/anadolupet.com.tr\/en\/wp-json\/wp\/v2\/product_brand?post=45856"},{"taxonomy":"product_cat","embeddable":true,"href":"https:\/\/anadolupet.com.tr\/en\/wp-json\/wp\/v2\/product_cat?post=45856"},{"taxonomy":"product_tag","embeddable":true,"href":"https:\/\/anadolupet.com.tr\/en\/wp-json\/wp\/v2\/product_tag?post=45856"}],"curies":[{"name":"wp","href":"https:\/\/api.w.org\/{rel}","templated":true}]}}