{"id":45857,"date":"2026-02-14T14:44:53","date_gmt":"2026-02-14T14:44:53","guid":{"rendered":"https:\/\/anadolupet.com.tr\/?post_type=product&#038;p=45857"},"modified":"2026-02-23T12:51:31","modified_gmt":"2026-02-23T12:51:31","slug":"moderna-scoop-sift-kedi-kumu-kuregi-gri","status":"publish","type":"product","link":"https:\/\/anadolupet.com.tr\/en\/urun\/moderna-scoop-sift-kedi-kumu-kuregi-gri\/","title":{"rendered":"Moderna Scoop Sift Kedi Kumu K\u00fcre\u011fi &#8211; Gri"},"content":{"rendered":"","protected":false},"excerpt":{"rendered":"<p>Scoop &#038; Sift \u2013 Kedi Kumu K\u00fcre\u011fi<br \/>\nMaksimum verim, minimum toz! Scoop &#038; Sift, yenilik\u00e7i tasar\u0131m\u0131yla kedinizin tuvalet temizli\u011fini zahmetsiz hale getirir. V \u015feklindeki b\u0131\u00e7aklar\u0131 sayesinde b\u00fcy\u00fck miktarda kumu tek seferde eleyebilir, toz olu\u015fumunu minimuma indirirsiniz. Ergonomik yap\u0131s\u0131 ve ak\u0131ll\u0131 detaylar\u0131yla temizlik art\u0131k \u00e7ok daha kolay!<br \/>\n\ud83d\udc3e \u00d6ne \u00c7\u0131kan \u00d6zellikler<br \/>\nV \u015feklinde b\u0131\u00e7aklar \u2013 verimli eleme, daha az toz<br \/>\nGeni\u015f kapasite \u2013 tek seferde b\u00fcy\u00fck miktarda kum temizli\u011fi<br \/>\n\u00dcst sap tasar\u0131m\u0131 \u2013 kir ve kumla do\u011frudan temas etmeden kullan\u0131m<br \/>\nErgonomik sepet \u015fekli \u2013 k\u00f6\u015felere kolay eri\u015fim sa\u011flar<br \/>\nGeli\u015ftirilmi\u015f stabilite \u2013 k\u00fcrekleme s\u0131ras\u0131nda daha sa\u011flam tutu\u015f<br \/>\nKolay temizlik \u2013 \u0131l\u0131k sabunlu su ile zahmetsizce temizlenir<br \/>\n\u00c7ok y\u00f6nl\u00fc kullan\u0131m \u2013 kedi ve k\u00f6pek kuru mamalar\u0131 i\u00e7in de uygundur<br \/>\nAsk\u0131 \u00f6zelli\u011fi \u2013 a\u00e7\u0131k tuvalet kab\u0131na as\u0131larak pratik saklama imk\u00e2n\u0131<br \/>\nScoop &#038; Sift, hem kedinizin tuvaletini temiz tutar hem de sizin i\u00e7in hijyen ve kullan\u0131m kolayl\u0131\u011f\u0131 sa\u011flar. Ak\u0131ll\u0131 tasar\u0131m\u0131 sayesinde temizlik rutininizi daha verimli hale getirir.<br \/>\n\ud83d\udccf \u00dcr\u00fcn \u00d6l\u00e7\u00fcleri<br \/>\nUzunluk: 13.3 cm<br \/>\nGeni\u015flik: 10.6 cm<br \/>\nY\u00fckseklik: 15.5 cm<\/p>","protected":false},"featured_media":43400,"comment_status":"open","ping_status":"closed","template":"","meta":{"_acf_changed":false},"product_brand":[],"product_cat":[2430],"product_tag":[],"class_list":{"0":"post-45857","1":"product","2":"type-product","3":"status-publish","4":"has-post-thumbnail","6":"product_cat-kedi-tuvaletleri","8":"first","9":"instock","10":"shipping-taxable","11":"product-type-simple"},"acf":[],"yoast_head":"<!-- This site is optimized with the Yoast SEO plugin v27.5 - https:\/\/yoast.com\/product\/yoast-seo-wordpress\/ -->\n<title>Moderna Scoop Sift Kedi Kumu K\u00fcre\u011fi - Gri - Anadolu Pet Grup<\/title>\n<meta name=\"robots\" content=\"index, follow, max-snippet:-1, max-image-preview:large, max-video-preview:-1\" \/>\n<link rel=\"canonical\" href=\"https:\/\/anadolupet.com.tr\/en\/product\/moderna-scoop-sift-kedi-kumu-kuregi-gri\/\" \/>\n<meta property=\"og:locale\" content=\"en_US\" \/>\n<meta property=\"og:type\" content=\"article\" \/>\n<meta property=\"og:title\" content=\"Moderna Scoop Sift Kedi Kumu K\u00fcre\u011fi - Gri - Anadolu Pet Grup\" \/>\n<meta property=\"og:description\" content=\"Scoop &amp; Sift \u2013 Kedi Kumu K\u00fcre\u011fi Maksimum verim, minimum toz! Scoop &amp; Sift, yenilik\u00e7i tasar\u0131m\u0131yla kedinizin tuvalet temizli\u011fini zahmetsiz hale getirir. V \u015feklindeki b\u0131\u00e7aklar\u0131 sayesinde b\u00fcy\u00fck miktarda kumu tek seferde eleyebilir, toz olu\u015fumunu minimuma indirirsiniz. Ergonomik yap\u0131s\u0131 ve ak\u0131ll\u0131 detaylar\u0131yla temizlik art\u0131k \u00e7ok daha kolay! \ud83d\udc3e \u00d6ne \u00c7\u0131kan \u00d6zellikler V \u015feklinde b\u0131\u00e7aklar \u2013 verimli eleme, daha az toz Geni\u015f kapasite \u2013 tek seferde b\u00fcy\u00fck miktarda kum temizli\u011fi \u00dcst sap tasar\u0131m\u0131 \u2013 kir ve kumla do\u011frudan temas etmeden kullan\u0131m Ergonomik sepet \u015fekli \u2013 k\u00f6\u015felere kolay eri\u015fim sa\u011flar Geli\u015ftirilmi\u015f stabilite \u2013 k\u00fcrekleme s\u0131ras\u0131nda daha sa\u011flam tutu\u015f Kolay temizlik \u2013 \u0131l\u0131k sabunlu su ile zahmetsizce temizlenir \u00c7ok y\u00f6nl\u00fc kullan\u0131m \u2013 kedi ve k\u00f6pek kuru mamalar\u0131 i\u00e7in de uygundur Ask\u0131 \u00f6zelli\u011fi \u2013 a\u00e7\u0131k tuvalet kab\u0131na as\u0131larak pratik saklama imk\u00e2n\u0131 Scoop &amp; Sift, hem kedinizin tuvaletini temiz tutar hem de sizin i\u00e7in hijyen ve kullan\u0131m kolayl\u0131\u011f\u0131 sa\u011flar. Ak\u0131ll\u0131 tasar\u0131m\u0131 sayesinde temizlik rutininizi daha verimli hale getirir. \ud83d\udccf \u00dcr\u00fcn \u00d6l\u00e7\u00fcleri Uzunluk: 13.3 cm Geni\u015flik: 10.6 cm Y\u00fckseklik: 15.5 cm\" \/>\n<meta property=\"og:url\" content=\"https:\/\/anadolupet.com.tr\/en\/product\/moderna-scoop-sift-kedi-kumu-kuregi-gri\/\" \/>\n<meta property=\"og:site_name\" content=\"Anadolu Pet Grup\" \/>\n<meta property=\"article:modified_time\" content=\"2026-02-23T12:51:31+00:00\" \/>\n<meta property=\"og:image\" content=\"https:\/\/anadolupet.com.tr\/wp-content\/uploads\/2026\/02\/242-AI31-330.jpg\" \/>\n\t<meta property=\"og:image:width\" content=\"750\" \/>\n\t<meta property=\"og:image:height\" content=\"750\" \/>\n\t<meta property=\"og:image:type\" content=\"image\/jpeg\" \/>\n<meta name=\"twitter:card\" content=\"summary_large_image\" \/>\n<script type=\"application\/ld+json\" class=\"yoast-schema-graph\">{\"@context\":\"https:\\\/\\\/schema.org\",\"@graph\":[{\"@type\":\"WebPage\",\"@id\":\"https:\\\/\\\/anadolupet.com.tr\\\/urun\\\/moderna-scoop-sift-kedi-kumu-kuregi-gri\\\/\",\"url\":\"https:\\\/\\\/anadolupet.com.tr\\\/urun\\\/moderna-scoop-sift-kedi-kumu-kuregi-gri\\\/\",\"name\":\"Moderna Scoop Sift Kedi Kumu K\u00fcre\u011fi - Gri - Anadolu Pet Grup\",\"isPartOf\":{\"@id\":\"https:\\\/\\\/anadolupet.com.tr\\\/#website\"},\"primaryImageOfPage\":{\"@id\":\"https:\\\/\\\/anadolupet.com.tr\\\/urun\\\/moderna-scoop-sift-kedi-kumu-kuregi-gri\\\/#primaryimage\"},\"image\":{\"@id\":\"https:\\\/\\\/anadolupet.com.tr\\\/urun\\\/moderna-scoop-sift-kedi-kumu-kuregi-gri\\\/#primaryimage\"},\"thumbnailUrl\":\"https:\\\/\\\/anadolupet.com.tr\\\/wp-content\\\/uploads\\\/2026\\\/02\\\/242-AI31-330.jpg\",\"datePublished\":\"2026-02-14T14:44:53+00:00\",\"dateModified\":\"2026-02-23T12:51:31+00:00\",\"breadcrumb\":{\"@id\":\"https:\\\/\\\/anadolupet.com.tr\\\/urun\\\/moderna-scoop-sift-kedi-kumu-kuregi-gri\\\/#breadcrumb\"},\"inLanguage\":\"en-US\",\"potentialAction\":[{\"@type\":\"ReadAction\",\"target\":[\"https:\\\/\\\/anadolupet.com.tr\\\/urun\\\/moderna-scoop-sift-kedi-kumu-kuregi-gri\\\/\"]}]},{\"@type\":\"ImageObject\",\"inLanguage\":\"en-US\",\"@id\":\"https:\\\/\\\/anadolupet.com.tr\\\/urun\\\/moderna-scoop-sift-kedi-kumu-kuregi-gri\\\/#primaryimage\",\"url\":\"https:\\\/\\\/anadolupet.com.tr\\\/wp-content\\\/uploads\\\/2026\\\/02\\\/242-AI31-330.jpg\",\"contentUrl\":\"https:\\\/\\\/anadolupet.com.tr\\\/wp-content\\\/uploads\\\/2026\\\/02\\\/242-AI31-330.jpg\",\"width\":750,\"height\":750},{\"@type\":\"BreadcrumbList\",\"@id\":\"https:\\\/\\\/anadolupet.com.tr\\\/urun\\\/moderna-scoop-sift-kedi-kumu-kuregi-gri\\\/#breadcrumb\",\"itemListElement\":[{\"@type\":\"ListItem\",\"position\":1,\"name\":\"Anasayfa\",\"item\":\"https:\\\/\\\/anadolupet.com.tr\\\/\"},{\"@type\":\"ListItem\",\"position\":2,\"name\":\"\u00dcr\u00fcnler\",\"item\":\"https:\\\/\\\/anadolupet.com.tr\\\/urunler\\\/\"},{\"@type\":\"ListItem\",\"position\":3,\"name\":\"Moderna Scoop Sift Kedi Kumu K\u00fcre\u011fi &#8211; Gri\"}]},{\"@type\":\"WebSite\",\"@id\":\"https:\\\/\\\/anadolupet.com.tr\\\/#website\",\"url\":\"https:\\\/\\\/anadolupet.com.tr\\\/\",\"name\":\"Anadolu Pet Grup\",\"description\":\"Her Can\u0131n \u0130yi Ya\u015fam\u0131 \u0130\u00e7in Biraraday\u0131z\",\"publisher\":{\"@id\":\"https:\\\/\\\/anadolupet.com.tr\\\/#organization\"},\"potentialAction\":[{\"@type\":\"SearchAction\",\"target\":{\"@type\":\"EntryPoint\",\"urlTemplate\":\"https:\\\/\\\/anadolupet.com.tr\\\/?s={search_term_string}\"},\"query-input\":{\"@type\":\"PropertyValueSpecification\",\"valueRequired\":true,\"valueName\":\"search_term_string\"}}],\"inLanguage\":\"en-US\"},{\"@type\":\"Organization\",\"@id\":\"https:\\\/\\\/anadolupet.com.tr\\\/#organization\",\"name\":\"Anadolu Pet Grup\",\"alternateName\":\"Anadolu Pet\",\"url\":\"https:\\\/\\\/anadolupet.com.tr\\\/\",\"logo\":{\"@type\":\"ImageObject\",\"inLanguage\":\"en-US\",\"@id\":\"https:\\\/\\\/anadolupet.com.tr\\\/#\\\/schema\\\/logo\\\/image\\\/\",\"url\":\"https:\\\/\\\/anadolupet.com.tr\\\/wp-content\\\/uploads\\\/2026\\\/03\\\/1614666743370.jpg\",\"contentUrl\":\"https:\\\/\\\/anadolupet.com.tr\\\/wp-content\\\/uploads\\\/2026\\\/03\\\/1614666743370.jpg\",\"width\":800,\"height\":571,\"caption\":\"Anadolu Pet Grup\"},\"image\":{\"@id\":\"https:\\\/\\\/anadolupet.com.tr\\\/#\\\/schema\\\/logo\\\/image\\\/\"}}]}<\/script>\n<!-- \/ Yoast SEO plugin. -->","yoast_head_json":{"title":"Moderna Scoop Sift Kedi Kumu K\u00fcre\u011fi - Gri - Anadolu Pet Grup","robots":{"index":"index","follow":"follow","max-snippet":"max-snippet:-1","max-image-preview":"max-image-preview:large","max-video-preview":"max-video-preview:-1"},"canonical":"https:\/\/anadolupet.com.tr\/en\/product\/moderna-scoop-sift-kedi-kumu-kuregi-gri\/","og_locale":"en_US","og_type":"article","og_title":"Moderna Scoop Sift Kedi Kumu K\u00fcre\u011fi - Gri - Anadolu Pet Grup","og_description":"Scoop & Sift \u2013 Kedi Kumu K\u00fcre\u011fi Maksimum verim, minimum toz! Scoop & Sift, yenilik\u00e7i tasar\u0131m\u0131yla kedinizin tuvalet temizli\u011fini zahmetsiz hale getirir. V \u015feklindeki b\u0131\u00e7aklar\u0131 sayesinde b\u00fcy\u00fck miktarda kumu tek seferde eleyebilir, toz olu\u015fumunu minimuma indirirsiniz. Ergonomik yap\u0131s\u0131 ve ak\u0131ll\u0131 detaylar\u0131yla temizlik art\u0131k \u00e7ok daha kolay! \ud83d\udc3e \u00d6ne \u00c7\u0131kan \u00d6zellikler V \u015feklinde b\u0131\u00e7aklar \u2013 verimli eleme, daha az toz Geni\u015f kapasite \u2013 tek seferde b\u00fcy\u00fck miktarda kum temizli\u011fi \u00dcst sap tasar\u0131m\u0131 \u2013 kir ve kumla do\u011frudan temas etmeden kullan\u0131m Ergonomik sepet \u015fekli \u2013 k\u00f6\u015felere kolay eri\u015fim sa\u011flar Geli\u015ftirilmi\u015f stabilite \u2013 k\u00fcrekleme s\u0131ras\u0131nda daha sa\u011flam tutu\u015f Kolay temizlik \u2013 \u0131l\u0131k sabunlu su ile zahmetsizce temizlenir \u00c7ok y\u00f6nl\u00fc kullan\u0131m \u2013 kedi ve k\u00f6pek kuru mamalar\u0131 i\u00e7in de uygundur Ask\u0131 \u00f6zelli\u011fi \u2013 a\u00e7\u0131k tuvalet kab\u0131na as\u0131larak pratik saklama imk\u00e2n\u0131 Scoop & Sift, hem kedinizin tuvaletini temiz tutar hem de sizin i\u00e7in hijyen ve kullan\u0131m kolayl\u0131\u011f\u0131 sa\u011flar. Ak\u0131ll\u0131 tasar\u0131m\u0131 sayesinde temizlik rutininizi daha verimli hale getirir. \ud83d\udccf \u00dcr\u00fcn \u00d6l\u00e7\u00fcleri Uzunluk: 13.3 cm Geni\u015flik: 10.6 cm Y\u00fckseklik: 15.5 cm","og_url":"https:\/\/anadolupet.com.tr\/en\/product\/moderna-scoop-sift-kedi-kumu-kuregi-gri\/","og_site_name":"Anadolu Pet Grup","article_modified_time":"2026-02-23T12:51:31+00:00","og_image":[{"width":750,"height":750,"url":"https:\/\/anadolupet.com.tr\/wp-content\/uploads\/2026\/02\/242-AI31-330.jpg","type":"image\/jpeg"}],"twitter_card":"summary_large_image","schema":{"@context":"https:\/\/schema.org","@graph":[{"@type":"WebPage","@id":"https:\/\/anadolupet.com.tr\/urun\/moderna-scoop-sift-kedi-kumu-kuregi-gri\/","url":"https:\/\/anadolupet.com.tr\/urun\/moderna-scoop-sift-kedi-kumu-kuregi-gri\/","name":"Moderna Scoop Sift Kedi Kumu K\u00fcre\u011fi - Gri - Anadolu Pet Grup","isPartOf":{"@id":"https:\/\/anadolupet.com.tr\/#website"},"primaryImageOfPage":{"@id":"https:\/\/anadolupet.com.tr\/urun\/moderna-scoop-sift-kedi-kumu-kuregi-gri\/#primaryimage"},"image":{"@id":"https:\/\/anadolupet.com.tr\/urun\/moderna-scoop-sift-kedi-kumu-kuregi-gri\/#primaryimage"},"thumbnailUrl":"https:\/\/anadolupet.com.tr\/wp-content\/uploads\/2026\/02\/242-AI31-330.jpg","datePublished":"2026-02-14T14:44:53+00:00","dateModified":"2026-02-23T12:51:31+00:00","breadcrumb":{"@id":"https:\/\/anadolupet.com.tr\/urun\/moderna-scoop-sift-kedi-kumu-kuregi-gri\/#breadcrumb"},"inLanguage":"en-US","potentialAction":[{"@type":"ReadAction","target":["https:\/\/anadolupet.com.tr\/urun\/moderna-scoop-sift-kedi-kumu-kuregi-gri\/"]}]},{"@type":"ImageObject","inLanguage":"en-US","@id":"https:\/\/anadolupet.com.tr\/urun\/moderna-scoop-sift-kedi-kumu-kuregi-gri\/#primaryimage","url":"https:\/\/anadolupet.com.tr\/wp-content\/uploads\/2026\/02\/242-AI31-330.jpg","contentUrl":"https:\/\/anadolupet.com.tr\/wp-content\/uploads\/2026\/02\/242-AI31-330.jpg","width":750,"height":750},{"@type":"BreadcrumbList","@id":"https:\/\/anadolupet.com.tr\/urun\/moderna-scoop-sift-kedi-kumu-kuregi-gri\/#breadcrumb","itemListElement":[{"@type":"ListItem","position":1,"name":"Anasayfa","item":"https:\/\/anadolupet.com.tr\/"},{"@type":"ListItem","position":2,"name":"\u00dcr\u00fcnler","item":"https:\/\/anadolupet.com.tr\/urunler\/"},{"@type":"ListItem","position":3,"name":"Moderna Scoop Sift Kedi Kumu K\u00fcre\u011fi &#8211; Gri"}]},{"@type":"WebSite","@id":"https:\/\/anadolupet.com.tr\/#website","url":"https:\/\/anadolupet.com.tr\/","name":"Anadolu Pet Group","description":"We Stand Together for the Well-Being of Every Life","publisher":{"@id":"https:\/\/anadolupet.com.tr\/#organization"},"potentialAction":[{"@type":"SearchAction","target":{"@type":"EntryPoint","urlTemplate":"https:\/\/anadolupet.com.tr\/?s={search_term_string}"},"query-input":{"@type":"PropertyValueSpecification","valueRequired":true,"valueName":"search_term_string"}}],"inLanguage":"en-US"},{"@type":"Organization","@id":"https:\/\/anadolupet.com.tr\/#organization","name":"Anadolu Pet Group","alternateName":"Anadolu Pet","url":"https:\/\/anadolupet.com.tr\/","logo":{"@type":"ImageObject","inLanguage":"en-US","@id":"https:\/\/anadolupet.com.tr\/#\/schema\/logo\/image\/","url":"https:\/\/anadolupet.com.tr\/wp-content\/uploads\/2026\/03\/1614666743370.jpg","contentUrl":"https:\/\/anadolupet.com.tr\/wp-content\/uploads\/2026\/03\/1614666743370.jpg","width":800,"height":571,"caption":"Anadolu Pet Grup"},"image":{"@id":"https:\/\/anadolupet.com.tr\/#\/schema\/logo\/image\/"}}]}},"_links":{"self":[{"href":"https:\/\/anadolupet.com.tr\/en\/wp-json\/wp\/v2\/product\/45857","targetHints":{"allow":["GET"]}}],"collection":[{"href":"https:\/\/anadolupet.com.tr\/en\/wp-json\/wp\/v2\/product"}],"about":[{"href":"https:\/\/anadolupet.com.tr\/en\/wp-json\/wp\/v2\/types\/product"}],"replies":[{"embeddable":true,"href":"https:\/\/anadolupet.com.tr\/en\/wp-json\/wp\/v2\/comments?post=45857"}],"wp:featuredmedia":[{"embeddable":true,"href":"https:\/\/anadolupet.com.tr\/en\/wp-json\/wp\/v2\/media\/43400"}],"wp:attachment":[{"href":"https:\/\/anadolupet.com.tr\/en\/wp-json\/wp\/v2\/media?parent=45857"}],"wp:term":[{"taxonomy":"product_brand","embeddable":true,"href":"https:\/\/anadolupet.com.tr\/en\/wp-json\/wp\/v2\/product_brand?post=45857"},{"taxonomy":"product_cat","embeddable":true,"href":"https:\/\/anadolupet.com.tr\/en\/wp-json\/wp\/v2\/product_cat?post=45857"},{"taxonomy":"product_tag","embeddable":true,"href":"https:\/\/anadolupet.com.tr\/en\/wp-json\/wp\/v2\/product_tag?post=45857"}],"curies":[{"name":"wp","href":"https:\/\/api.w.org\/{rel}","templated":true}]}}