{"id":45860,"date":"2026-02-14T14:44:54","date_gmt":"2026-02-14T14:44:54","guid":{"rendered":"https:\/\/anadolupet.com.tr\/urun\/moderna-maasai-kapali-kedi-tuvaleti-50cm\/"},"modified":"2026-02-23T12:51:31","modified_gmt":"2026-02-23T12:51:31","slug":"moderna-maasai-kapali-kedi-tuvaleti-50cm","status":"publish","type":"product","link":"https:\/\/anadolupet.com.tr\/en\/urun\/moderna-maasai-kapali-kedi-tuvaleti-50cm\/","title":{"rendered":"Moderna Maasai Kapal\u0131 Kedi Tuvaleti &#8211; 50CM"},"content":{"rendered":"","protected":false},"excerpt":{"rendered":"<p>Trendy Cat Large Maasai \u2013 Kapal\u0131 Kedi Tuvaleti<br \/>\n\u015e\u0131kl\u0131\u011f\u0131n ve dayan\u0131kl\u0131l\u0131\u011f\u0131n bulu\u015ftu\u011fu tasar\u0131m! \u201cMaasai\u201d modeli, stil sahibi kediler i\u00e7in \u00f6zel olarak tasarlanm\u0131\u015ft\u0131r. \u00d6yle ki kutuyu saklaman\u0131za hi\u00e7 gerek yok; evinizin dekoruna uyum sa\u011flayacak kadar \u015f\u0131k!<br \/>\n\u00c7izilmez &#038; UV korumal\u0131 IML tasar\u0131m<br \/>\nYar\u0131 \u015feffaf kap\u0131 ile ekstra mahremiyet<br \/>\nKolay ta\u015f\u0131mak i\u00e7in pratik tutma sap\u0131<br \/>\nHer \u0131rka uygun farkl\u0131 boy se\u00e7enekleri<br \/>\nIl\u0131k sabunlu su ile kolay temizlik<br \/>\nUzun \u00f6m\u00fcrl\u00fc kullan\u0131m i\u00e7in premium plastik malzeme<br \/>\nPratik k\u00fcrek ve \u00f6zel saklama b\u00f6lmesi ile kolay temizlik<br \/>\nKediniz t\u0131rmalamay\u0131 seviyorsa endi\u015felenmeyin! \u00d6zel IML (In Mould Label) dekorasyon tekni\u011fi sayesinde y\u00fczey \u00e7izilmelere ve g\u00fcne\u015f \u0131\u015f\u0131\u011f\u0131na kar\u015f\u0131 dayan\u0131kl\u0131d\u0131r. Yar\u0131 \u015feffaf kap\u0131 kedinize mahremiyet sa\u011flarken, entegre ta\u015f\u0131ma sap\u0131 size kullan\u0131m kolayl\u0131\u011f\u0131 sunar.<br \/>\nTemizlik zaman\u0131 geldi\u011finde, kutunun \u00fcst k\u0131sm\u0131nda yer alan pratik k\u00fcrek ve saklama b\u00f6lmesi sayesinde i\u015finiz minimuma iner. Ayr\u0131ca kutu, yaln\u0131zca \u0131l\u0131k sabunlu su ile kolayca temizlenebilir.<br \/>\nBPA i\u00e7ermeyen, toksik olmayan ve %100 geri d\u00f6n\u00fc\u015ft\u00fcr\u00fclebilir premium plastikten \u00fcretilmi\u015ftir. Dayan\u0131kl\u0131 yap\u0131s\u0131 sayesinde uzun y\u0131llar g\u00fcvenle kullanabilirsiniz.<br \/>\n\ud83d\udccf \u00d6l\u00e7\u00fcler: Uzunluk 50,2 cm x Geni\u015flik 38,8 cm x Y\u00fckseklik 37,5 cm<\/p>","protected":false},"featured_media":43440,"comment_status":"open","ping_status":"closed","template":"","meta":{"_acf_changed":false},"product_brand":[],"product_cat":[2430],"product_tag":[],"class_list":{"0":"post-45860","1":"product","2":"type-product","3":"status-publish","4":"has-post-thumbnail","6":"product_cat-kedi-tuvaletleri","8":"first","9":"instock","10":"shipping-taxable","11":"product-type-simple"},"acf":[],"yoast_head":"<!-- This site is optimized with the Yoast SEO plugin v27.5 - https:\/\/yoast.com\/product\/yoast-seo-wordpress\/ -->\n<title>Moderna Maasai Kapal\u0131 Kedi Tuvaleti - 50CM - Anadolu Pet Grup<\/title>\n<meta name=\"robots\" content=\"index, follow, max-snippet:-1, max-image-preview:large, max-video-preview:-1\" \/>\n<link rel=\"canonical\" href=\"https:\/\/anadolupet.com.tr\/en\/product\/moderna-maasai-kapali-kedi-tuvaleti-50cm\/\" \/>\n<meta property=\"og:locale\" content=\"en_US\" \/>\n<meta property=\"og:type\" content=\"article\" \/>\n<meta property=\"og:title\" content=\"Moderna Maasai Kapal\u0131 Kedi Tuvaleti - 50CM - Anadolu Pet Grup\" \/>\n<meta property=\"og:description\" content=\"Trendy Cat Large Maasai \u2013 Kapal\u0131 Kedi Tuvaleti \u015e\u0131kl\u0131\u011f\u0131n ve dayan\u0131kl\u0131l\u0131\u011f\u0131n bulu\u015ftu\u011fu tasar\u0131m! \u201cMaasai\u201d modeli, stil sahibi kediler i\u00e7in \u00f6zel olarak tasarlanm\u0131\u015ft\u0131r. \u00d6yle ki kutuyu saklaman\u0131za hi\u00e7 gerek yok; evinizin dekoruna uyum sa\u011flayacak kadar \u015f\u0131k! \u00c7izilmez &amp; UV korumal\u0131 IML tasar\u0131m Yar\u0131 \u015feffaf kap\u0131 ile ekstra mahremiyet Kolay ta\u015f\u0131mak i\u00e7in pratik tutma sap\u0131 Her \u0131rka uygun farkl\u0131 boy se\u00e7enekleri Il\u0131k sabunlu su ile kolay temizlik Uzun \u00f6m\u00fcrl\u00fc kullan\u0131m i\u00e7in premium plastik malzeme Pratik k\u00fcrek ve \u00f6zel saklama b\u00f6lmesi ile kolay temizlik Kediniz t\u0131rmalamay\u0131 seviyorsa endi\u015felenmeyin! \u00d6zel IML (In Mould Label) dekorasyon tekni\u011fi sayesinde y\u00fczey \u00e7izilmelere ve g\u00fcne\u015f \u0131\u015f\u0131\u011f\u0131na kar\u015f\u0131 dayan\u0131kl\u0131d\u0131r. Yar\u0131 \u015feffaf kap\u0131 kedinize mahremiyet sa\u011flarken, entegre ta\u015f\u0131ma sap\u0131 size kullan\u0131m kolayl\u0131\u011f\u0131 sunar. Temizlik zaman\u0131 geldi\u011finde, kutunun \u00fcst k\u0131sm\u0131nda yer alan pratik k\u00fcrek ve saklama b\u00f6lmesi sayesinde i\u015finiz minimuma iner. Ayr\u0131ca kutu, yaln\u0131zca \u0131l\u0131k sabunlu su ile kolayca temizlenebilir. BPA i\u00e7ermeyen, toksik olmayan ve %100 geri d\u00f6n\u00fc\u015ft\u00fcr\u00fclebilir premium plastikten \u00fcretilmi\u015ftir. Dayan\u0131kl\u0131 yap\u0131s\u0131 sayesinde uzun y\u0131llar g\u00fcvenle kullanabilirsiniz. \ud83d\udccf \u00d6l\u00e7\u00fcler: Uzunluk 50,2 cm x Geni\u015flik 38,8 cm x Y\u00fckseklik 37,5 cm\" \/>\n<meta property=\"og:url\" content=\"https:\/\/anadolupet.com.tr\/en\/product\/moderna-maasai-kapali-kedi-tuvaleti-50cm\/\" \/>\n<meta property=\"og:site_name\" content=\"Anadolu Pet Grup\" \/>\n<meta property=\"article:modified_time\" content=\"2026-02-23T12:51:31+00:00\" \/>\n<meta property=\"og:image\" content=\"https:\/\/anadolupet.com.tr\/wp-content\/uploads\/2026\/02\/242-BJ60-0363.jpg\" \/>\n\t<meta property=\"og:image:width\" content=\"750\" \/>\n\t<meta property=\"og:image:height\" content=\"750\" \/>\n\t<meta property=\"og:image:type\" content=\"image\/jpeg\" \/>\n<meta name=\"twitter:card\" content=\"summary_large_image\" \/>\n<script type=\"application\/ld+json\" class=\"yoast-schema-graph\">{\"@context\":\"https:\\\/\\\/schema.org\",\"@graph\":[{\"@type\":\"WebPage\",\"@id\":\"https:\\\/\\\/anadolupet.com.tr\\\/urun\\\/moderna-maasai-kapali-kedi-tuvaleti-50cm\\\/\",\"url\":\"https:\\\/\\\/anadolupet.com.tr\\\/urun\\\/moderna-maasai-kapali-kedi-tuvaleti-50cm\\\/\",\"name\":\"Moderna Maasai Kapal\u0131 Kedi Tuvaleti - 50CM - Anadolu Pet Grup\",\"isPartOf\":{\"@id\":\"https:\\\/\\\/anadolupet.com.tr\\\/#website\"},\"primaryImageOfPage\":{\"@id\":\"https:\\\/\\\/anadolupet.com.tr\\\/urun\\\/moderna-maasai-kapali-kedi-tuvaleti-50cm\\\/#primaryimage\"},\"image\":{\"@id\":\"https:\\\/\\\/anadolupet.com.tr\\\/urun\\\/moderna-maasai-kapali-kedi-tuvaleti-50cm\\\/#primaryimage\"},\"thumbnailUrl\":\"https:\\\/\\\/anadolupet.com.tr\\\/wp-content\\\/uploads\\\/2026\\\/02\\\/242-BJ60-0363.jpg\",\"datePublished\":\"2026-02-14T14:44:54+00:00\",\"dateModified\":\"2026-02-23T12:51:31+00:00\",\"breadcrumb\":{\"@id\":\"https:\\\/\\\/anadolupet.com.tr\\\/urun\\\/moderna-maasai-kapali-kedi-tuvaleti-50cm\\\/#breadcrumb\"},\"inLanguage\":\"en-US\",\"potentialAction\":[{\"@type\":\"ReadAction\",\"target\":[\"https:\\\/\\\/anadolupet.com.tr\\\/urun\\\/moderna-maasai-kapali-kedi-tuvaleti-50cm\\\/\"]}]},{\"@type\":\"ImageObject\",\"inLanguage\":\"en-US\",\"@id\":\"https:\\\/\\\/anadolupet.com.tr\\\/urun\\\/moderna-maasai-kapali-kedi-tuvaleti-50cm\\\/#primaryimage\",\"url\":\"https:\\\/\\\/anadolupet.com.tr\\\/wp-content\\\/uploads\\\/2026\\\/02\\\/242-BJ60-0363.jpg\",\"contentUrl\":\"https:\\\/\\\/anadolupet.com.tr\\\/wp-content\\\/uploads\\\/2026\\\/02\\\/242-BJ60-0363.jpg\",\"width\":750,\"height\":750},{\"@type\":\"BreadcrumbList\",\"@id\":\"https:\\\/\\\/anadolupet.com.tr\\\/urun\\\/moderna-maasai-kapali-kedi-tuvaleti-50cm\\\/#breadcrumb\",\"itemListElement\":[{\"@type\":\"ListItem\",\"position\":1,\"name\":\"Anasayfa\",\"item\":\"https:\\\/\\\/anadolupet.com.tr\\\/\"},{\"@type\":\"ListItem\",\"position\":2,\"name\":\"\u00dcr\u00fcnler\",\"item\":\"https:\\\/\\\/anadolupet.com.tr\\\/urunler\\\/\"},{\"@type\":\"ListItem\",\"position\":3,\"name\":\"Moderna Maasai Kapal\u0131 Kedi Tuvaleti &#8211; 50CM\"}]},{\"@type\":\"WebSite\",\"@id\":\"https:\\\/\\\/anadolupet.com.tr\\\/#website\",\"url\":\"https:\\\/\\\/anadolupet.com.tr\\\/\",\"name\":\"Anadolu Pet Grup\",\"description\":\"Her Can\u0131n \u0130yi Ya\u015fam\u0131 \u0130\u00e7in Biraraday\u0131z\",\"publisher\":{\"@id\":\"https:\\\/\\\/anadolupet.com.tr\\\/#organization\"},\"potentialAction\":[{\"@type\":\"SearchAction\",\"target\":{\"@type\":\"EntryPoint\",\"urlTemplate\":\"https:\\\/\\\/anadolupet.com.tr\\\/?s={search_term_string}\"},\"query-input\":{\"@type\":\"PropertyValueSpecification\",\"valueRequired\":true,\"valueName\":\"search_term_string\"}}],\"inLanguage\":\"en-US\"},{\"@type\":\"Organization\",\"@id\":\"https:\\\/\\\/anadolupet.com.tr\\\/#organization\",\"name\":\"Anadolu Pet Grup\",\"alternateName\":\"Anadolu Pet\",\"url\":\"https:\\\/\\\/anadolupet.com.tr\\\/\",\"logo\":{\"@type\":\"ImageObject\",\"inLanguage\":\"en-US\",\"@id\":\"https:\\\/\\\/anadolupet.com.tr\\\/#\\\/schema\\\/logo\\\/image\\\/\",\"url\":\"https:\\\/\\\/anadolupet.com.tr\\\/wp-content\\\/uploads\\\/2026\\\/03\\\/1614666743370.jpg\",\"contentUrl\":\"https:\\\/\\\/anadolupet.com.tr\\\/wp-content\\\/uploads\\\/2026\\\/03\\\/1614666743370.jpg\",\"width\":800,\"height\":571,\"caption\":\"Anadolu Pet Grup\"},\"image\":{\"@id\":\"https:\\\/\\\/anadolupet.com.tr\\\/#\\\/schema\\\/logo\\\/image\\\/\"}}]}<\/script>\n<!-- \/ Yoast SEO plugin. -->","yoast_head_json":{"title":"Moderna Maasai Kapal\u0131 Kedi Tuvaleti - 50CM - Anadolu Pet Grup","robots":{"index":"index","follow":"follow","max-snippet":"max-snippet:-1","max-image-preview":"max-image-preview:large","max-video-preview":"max-video-preview:-1"},"canonical":"https:\/\/anadolupet.com.tr\/en\/product\/moderna-maasai-kapali-kedi-tuvaleti-50cm\/","og_locale":"en_US","og_type":"article","og_title":"Moderna Maasai Kapal\u0131 Kedi Tuvaleti - 50CM - Anadolu Pet Grup","og_description":"Trendy Cat Large Maasai \u2013 Kapal\u0131 Kedi Tuvaleti \u015e\u0131kl\u0131\u011f\u0131n ve dayan\u0131kl\u0131l\u0131\u011f\u0131n bulu\u015ftu\u011fu tasar\u0131m! \u201cMaasai\u201d modeli, stil sahibi kediler i\u00e7in \u00f6zel olarak tasarlanm\u0131\u015ft\u0131r. \u00d6yle ki kutuyu saklaman\u0131za hi\u00e7 gerek yok; evinizin dekoruna uyum sa\u011flayacak kadar \u015f\u0131k! \u00c7izilmez & UV korumal\u0131 IML tasar\u0131m Yar\u0131 \u015feffaf kap\u0131 ile ekstra mahremiyet Kolay ta\u015f\u0131mak i\u00e7in pratik tutma sap\u0131 Her \u0131rka uygun farkl\u0131 boy se\u00e7enekleri Il\u0131k sabunlu su ile kolay temizlik Uzun \u00f6m\u00fcrl\u00fc kullan\u0131m i\u00e7in premium plastik malzeme Pratik k\u00fcrek ve \u00f6zel saklama b\u00f6lmesi ile kolay temizlik Kediniz t\u0131rmalamay\u0131 seviyorsa endi\u015felenmeyin! \u00d6zel IML (In Mould Label) dekorasyon tekni\u011fi sayesinde y\u00fczey \u00e7izilmelere ve g\u00fcne\u015f \u0131\u015f\u0131\u011f\u0131na kar\u015f\u0131 dayan\u0131kl\u0131d\u0131r. Yar\u0131 \u015feffaf kap\u0131 kedinize mahremiyet sa\u011flarken, entegre ta\u015f\u0131ma sap\u0131 size kullan\u0131m kolayl\u0131\u011f\u0131 sunar. Temizlik zaman\u0131 geldi\u011finde, kutunun \u00fcst k\u0131sm\u0131nda yer alan pratik k\u00fcrek ve saklama b\u00f6lmesi sayesinde i\u015finiz minimuma iner. Ayr\u0131ca kutu, yaln\u0131zca \u0131l\u0131k sabunlu su ile kolayca temizlenebilir. BPA i\u00e7ermeyen, toksik olmayan ve %100 geri d\u00f6n\u00fc\u015ft\u00fcr\u00fclebilir premium plastikten \u00fcretilmi\u015ftir. Dayan\u0131kl\u0131 yap\u0131s\u0131 sayesinde uzun y\u0131llar g\u00fcvenle kullanabilirsiniz. \ud83d\udccf \u00d6l\u00e7\u00fcler: Uzunluk 50,2 cm x Geni\u015flik 38,8 cm x Y\u00fckseklik 37,5 cm","og_url":"https:\/\/anadolupet.com.tr\/en\/product\/moderna-maasai-kapali-kedi-tuvaleti-50cm\/","og_site_name":"Anadolu Pet Grup","article_modified_time":"2026-02-23T12:51:31+00:00","og_image":[{"width":750,"height":750,"url":"https:\/\/anadolupet.com.tr\/wp-content\/uploads\/2026\/02\/242-BJ60-0363.jpg","type":"image\/jpeg"}],"twitter_card":"summary_large_image","schema":{"@context":"https:\/\/schema.org","@graph":[{"@type":"WebPage","@id":"https:\/\/anadolupet.com.tr\/urun\/moderna-maasai-kapali-kedi-tuvaleti-50cm\/","url":"https:\/\/anadolupet.com.tr\/urun\/moderna-maasai-kapali-kedi-tuvaleti-50cm\/","name":"Moderna Maasai Kapal\u0131 Kedi Tuvaleti - 50CM - Anadolu Pet Grup","isPartOf":{"@id":"https:\/\/anadolupet.com.tr\/#website"},"primaryImageOfPage":{"@id":"https:\/\/anadolupet.com.tr\/urun\/moderna-maasai-kapali-kedi-tuvaleti-50cm\/#primaryimage"},"image":{"@id":"https:\/\/anadolupet.com.tr\/urun\/moderna-maasai-kapali-kedi-tuvaleti-50cm\/#primaryimage"},"thumbnailUrl":"https:\/\/anadolupet.com.tr\/wp-content\/uploads\/2026\/02\/242-BJ60-0363.jpg","datePublished":"2026-02-14T14:44:54+00:00","dateModified":"2026-02-23T12:51:31+00:00","breadcrumb":{"@id":"https:\/\/anadolupet.com.tr\/urun\/moderna-maasai-kapali-kedi-tuvaleti-50cm\/#breadcrumb"},"inLanguage":"en-US","potentialAction":[{"@type":"ReadAction","target":["https:\/\/anadolupet.com.tr\/urun\/moderna-maasai-kapali-kedi-tuvaleti-50cm\/"]}]},{"@type":"ImageObject","inLanguage":"en-US","@id":"https:\/\/anadolupet.com.tr\/urun\/moderna-maasai-kapali-kedi-tuvaleti-50cm\/#primaryimage","url":"https:\/\/anadolupet.com.tr\/wp-content\/uploads\/2026\/02\/242-BJ60-0363.jpg","contentUrl":"https:\/\/anadolupet.com.tr\/wp-content\/uploads\/2026\/02\/242-BJ60-0363.jpg","width":750,"height":750},{"@type":"BreadcrumbList","@id":"https:\/\/anadolupet.com.tr\/urun\/moderna-maasai-kapali-kedi-tuvaleti-50cm\/#breadcrumb","itemListElement":[{"@type":"ListItem","position":1,"name":"Anasayfa","item":"https:\/\/anadolupet.com.tr\/"},{"@type":"ListItem","position":2,"name":"\u00dcr\u00fcnler","item":"https:\/\/anadolupet.com.tr\/urunler\/"},{"@type":"ListItem","position":3,"name":"Moderna Maasai Kapal\u0131 Kedi Tuvaleti &#8211; 50CM"}]},{"@type":"WebSite","@id":"https:\/\/anadolupet.com.tr\/#website","url":"https:\/\/anadolupet.com.tr\/","name":"Anadolu Pet Group","description":"We Stand Together for the Well-Being of Every Life","publisher":{"@id":"https:\/\/anadolupet.com.tr\/#organization"},"potentialAction":[{"@type":"SearchAction","target":{"@type":"EntryPoint","urlTemplate":"https:\/\/anadolupet.com.tr\/?s={search_term_string}"},"query-input":{"@type":"PropertyValueSpecification","valueRequired":true,"valueName":"search_term_string"}}],"inLanguage":"en-US"},{"@type":"Organization","@id":"https:\/\/anadolupet.com.tr\/#organization","name":"Anadolu Pet Group","alternateName":"Anadolu Pet","url":"https:\/\/anadolupet.com.tr\/","logo":{"@type":"ImageObject","inLanguage":"en-US","@id":"https:\/\/anadolupet.com.tr\/#\/schema\/logo\/image\/","url":"https:\/\/anadolupet.com.tr\/wp-content\/uploads\/2026\/03\/1614666743370.jpg","contentUrl":"https:\/\/anadolupet.com.tr\/wp-content\/uploads\/2026\/03\/1614666743370.jpg","width":800,"height":571,"caption":"Anadolu Pet Grup"},"image":{"@id":"https:\/\/anadolupet.com.tr\/#\/schema\/logo\/image\/"}}]}},"_links":{"self":[{"href":"https:\/\/anadolupet.com.tr\/en\/wp-json\/wp\/v2\/product\/45860","targetHints":{"allow":["GET"]}}],"collection":[{"href":"https:\/\/anadolupet.com.tr\/en\/wp-json\/wp\/v2\/product"}],"about":[{"href":"https:\/\/anadolupet.com.tr\/en\/wp-json\/wp\/v2\/types\/product"}],"replies":[{"embeddable":true,"href":"https:\/\/anadolupet.com.tr\/en\/wp-json\/wp\/v2\/comments?post=45860"}],"wp:featuredmedia":[{"embeddable":true,"href":"https:\/\/anadolupet.com.tr\/en\/wp-json\/wp\/v2\/media\/43440"}],"wp:attachment":[{"href":"https:\/\/anadolupet.com.tr\/en\/wp-json\/wp\/v2\/media?parent=45860"}],"wp:term":[{"taxonomy":"product_brand","embeddable":true,"href":"https:\/\/anadolupet.com.tr\/en\/wp-json\/wp\/v2\/product_brand?post=45860"},{"taxonomy":"product_cat","embeddable":true,"href":"https:\/\/anadolupet.com.tr\/en\/wp-json\/wp\/v2\/product_cat?post=45860"},{"taxonomy":"product_tag","embeddable":true,"href":"https:\/\/anadolupet.com.tr\/en\/wp-json\/wp\/v2\/product_tag?post=45860"}],"curies":[{"name":"wp","href":"https:\/\/api.w.org\/{rel}","templated":true}]}}