{"id":45861,"date":"2026-02-14T14:44:55","date_gmt":"2026-02-14T14:44:55","guid":{"rendered":"https:\/\/anadolupet.com.tr\/urun\/moderna-mega-smart-kapali-kedi-tuvaleti-titanium-65-cm\/"},"modified":"2026-02-23T12:51:31","modified_gmt":"2026-02-23T12:51:31","slug":"moderna-mega-smart-kapali-kedi-tuvaleti-titanium-65-cm","status":"publish","type":"product","link":"https:\/\/anadolupet.com.tr\/en\/urun\/moderna-mega-smart-kapali-kedi-tuvaleti-titanium-65-cm\/","title":{"rendered":"Moderna Mega Smart Kapal\u0131 Kedi Tuvaleti &#8211; Titanium 65 CM"},"content":{"rendered":"","protected":false},"excerpt":{"rendered":"<p>Mega Smart \u2013 Kapal\u0131 Kedi Tuvaleti<br \/>\nB\u00fcy\u00fck kediler ve \u00e7oklu kedi evleri i\u00e7in m\u00fckemmel \u00e7\u00f6z\u00fcm! Mega Smart, geni\u015f ve ferah yap\u0131s\u0131yla kedinizin konforunu art\u0131r\u0131rken sizin i\u00e7in hijyen ve kullan\u0131m kolayl\u0131\u011f\u0131 sa\u011flar. Al\u00e7ak giri\u015f tasar\u0131m\u0131 sayesinde her ya\u015f ve boydaki kediler i\u00e7in rahat eri\u015fim sunar.<br \/>\n\ud83d\udc3e \u00d6ne \u00c7\u0131kan \u00d6zellikler<br \/>\nYar\u0131 \u015feffaf kap\u0131 \u2013 kediniz i\u00e7in mahremiyet sa\u011flar<br \/>\nKolay ta\u015f\u0131mak i\u00e7in entegre sap<br \/>\nYuvarlat\u0131lm\u0131\u015f kenarlar \u2013 yap\u0131\u015fmaz y\u00fczey, kolay temizlik<br \/>\nEkstra derin tepsi \u2013 kum sa\u00e7\u0131lmas\u0131n\u0131 ve k\u00f6t\u00fc kokular\u0131 \u00f6nler<br \/>\nK\u00f6t\u00fc kokular\u0131 hapseden filtre sistemi<br \/>\nD\u00f6rt sa\u011flam clip-lock kilit \u2013 kutuyu g\u00fcvenli \u015fekilde sabitler<br \/>\nIl\u0131k sabunlu su ile kolay temizlik<br \/>\n%90\u2019dan fazla geri d\u00f6n\u00fc\u015ft\u00fcr\u00fclm\u00fc\u015f malzeme \u2013 \u00e7evre dostu ve uzun \u00f6m\u00fcrl\u00fc kullan\u0131m<br \/>\nTamamen geri d\u00f6n\u00fc\u015ft\u00fcr\u00fclebilir plastik<br \/>\nMega Smart, kedinizin mahremiyetini korurken sizin i\u00e7in pratik temizlik ve ta\u015f\u0131ma kolayl\u0131\u011f\u0131 sa\u011flar. Ekstra derin tepsi ve filtre sistemi sayesinde k\u00f6t\u00fc kokular hapsedilir, eviniz ferah kal\u0131r. Clip-lock kilitler kutuyu g\u00fcvenli \u015fekilde sabitlerken, entegre sap ile kolayca ta\u015f\u0131nabilir.<br \/>\n\ud83d\udccf \u00dcr\u00fcn \u00d6l\u00e7\u00fcleri 66.2 x 45.9 x 49 cm<\/p>","protected":false},"featured_media":43497,"comment_status":"open","ping_status":"closed","template":"","meta":{"_acf_changed":false},"product_brand":[],"product_cat":[2430],"product_tag":[],"class_list":{"0":"post-45861","1":"product","2":"type-product","3":"status-publish","4":"has-post-thumbnail","6":"product_cat-kedi-tuvaletleri","8":"first","9":"instock","10":"shipping-taxable","11":"product-type-simple"},"acf":[],"yoast_head":"<!-- This site is optimized with the Yoast SEO plugin v27.5 - https:\/\/yoast.com\/product\/yoast-seo-wordpress\/ -->\n<title>Moderna Mega Smart Kapal\u0131 Kedi Tuvaleti - Titanium 65 CM - Anadolu Pet Grup<\/title>\n<meta name=\"robots\" content=\"index, follow, max-snippet:-1, max-image-preview:large, max-video-preview:-1\" \/>\n<link rel=\"canonical\" href=\"https:\/\/anadolupet.com.tr\/en\/product\/moderna-mega-smart-kapali-kedi-tuvaleti-titanium-65-cm\/\" \/>\n<meta property=\"og:locale\" content=\"en_US\" \/>\n<meta property=\"og:type\" content=\"article\" \/>\n<meta property=\"og:title\" content=\"Moderna Mega Smart Kapal\u0131 Kedi Tuvaleti - Titanium 65 CM - Anadolu Pet Grup\" \/>\n<meta property=\"og:description\" content=\"Mega Smart \u2013 Kapal\u0131 Kedi Tuvaleti B\u00fcy\u00fck kediler ve \u00e7oklu kedi evleri i\u00e7in m\u00fckemmel \u00e7\u00f6z\u00fcm! Mega Smart, geni\u015f ve ferah yap\u0131s\u0131yla kedinizin konforunu art\u0131r\u0131rken sizin i\u00e7in hijyen ve kullan\u0131m kolayl\u0131\u011f\u0131 sa\u011flar. Al\u00e7ak giri\u015f tasar\u0131m\u0131 sayesinde her ya\u015f ve boydaki kediler i\u00e7in rahat eri\u015fim sunar. \ud83d\udc3e \u00d6ne \u00c7\u0131kan \u00d6zellikler Yar\u0131 \u015feffaf kap\u0131 \u2013 kediniz i\u00e7in mahremiyet sa\u011flar Kolay ta\u015f\u0131mak i\u00e7in entegre sap Yuvarlat\u0131lm\u0131\u015f kenarlar \u2013 yap\u0131\u015fmaz y\u00fczey, kolay temizlik Ekstra derin tepsi \u2013 kum sa\u00e7\u0131lmas\u0131n\u0131 ve k\u00f6t\u00fc kokular\u0131 \u00f6nler K\u00f6t\u00fc kokular\u0131 hapseden filtre sistemi D\u00f6rt sa\u011flam clip-lock kilit \u2013 kutuyu g\u00fcvenli \u015fekilde sabitler Il\u0131k sabunlu su ile kolay temizlik %90\u2019dan fazla geri d\u00f6n\u00fc\u015ft\u00fcr\u00fclm\u00fc\u015f malzeme \u2013 \u00e7evre dostu ve uzun \u00f6m\u00fcrl\u00fc kullan\u0131m Tamamen geri d\u00f6n\u00fc\u015ft\u00fcr\u00fclebilir plastik Mega Smart, kedinizin mahremiyetini korurken sizin i\u00e7in pratik temizlik ve ta\u015f\u0131ma kolayl\u0131\u011f\u0131 sa\u011flar. Ekstra derin tepsi ve filtre sistemi sayesinde k\u00f6t\u00fc kokular hapsedilir, eviniz ferah kal\u0131r. Clip-lock kilitler kutuyu g\u00fcvenli \u015fekilde sabitlerken, entegre sap ile kolayca ta\u015f\u0131nabilir. \ud83d\udccf \u00dcr\u00fcn \u00d6l\u00e7\u00fcleri 66.2 x 45.9 x 49 cm\" \/>\n<meta property=\"og:url\" content=\"https:\/\/anadolupet.com.tr\/en\/product\/moderna-mega-smart-kapali-kedi-tuvaleti-titanium-65-cm\/\" \/>\n<meta property=\"og:site_name\" content=\"Anadolu Pet Grup\" \/>\n<meta property=\"article:modified_time\" content=\"2026-02-23T12:51:31+00:00\" \/>\n<meta property=\"og:image\" content=\"https:\/\/anadolupet.com.tr\/wp-content\/uploads\/2026\/02\/242-C380-002.jpg\" \/>\n\t<meta property=\"og:image:width\" content=\"750\" \/>\n\t<meta property=\"og:image:height\" content=\"750\" \/>\n\t<meta property=\"og:image:type\" content=\"image\/jpeg\" \/>\n<meta name=\"twitter:card\" content=\"summary_large_image\" \/>\n<script type=\"application\/ld+json\" class=\"yoast-schema-graph\">{\"@context\":\"https:\\\/\\\/schema.org\",\"@graph\":[{\"@type\":\"WebPage\",\"@id\":\"https:\\\/\\\/anadolupet.com.tr\\\/urun\\\/moderna-mega-smart-kapali-kedi-tuvaleti-titanium-65-cm\\\/\",\"url\":\"https:\\\/\\\/anadolupet.com.tr\\\/urun\\\/moderna-mega-smart-kapali-kedi-tuvaleti-titanium-65-cm\\\/\",\"name\":\"Moderna Mega Smart Kapal\u0131 Kedi Tuvaleti - Titanium 65 CM - Anadolu Pet Grup\",\"isPartOf\":{\"@id\":\"https:\\\/\\\/anadolupet.com.tr\\\/#website\"},\"primaryImageOfPage\":{\"@id\":\"https:\\\/\\\/anadolupet.com.tr\\\/urun\\\/moderna-mega-smart-kapali-kedi-tuvaleti-titanium-65-cm\\\/#primaryimage\"},\"image\":{\"@id\":\"https:\\\/\\\/anadolupet.com.tr\\\/urun\\\/moderna-mega-smart-kapali-kedi-tuvaleti-titanium-65-cm\\\/#primaryimage\"},\"thumbnailUrl\":\"https:\\\/\\\/anadolupet.com.tr\\\/wp-content\\\/uploads\\\/2026\\\/02\\\/242-C380-002.jpg\",\"datePublished\":\"2026-02-14T14:44:55+00:00\",\"dateModified\":\"2026-02-23T12:51:31+00:00\",\"breadcrumb\":{\"@id\":\"https:\\\/\\\/anadolupet.com.tr\\\/urun\\\/moderna-mega-smart-kapali-kedi-tuvaleti-titanium-65-cm\\\/#breadcrumb\"},\"inLanguage\":\"en-US\",\"potentialAction\":[{\"@type\":\"ReadAction\",\"target\":[\"https:\\\/\\\/anadolupet.com.tr\\\/urun\\\/moderna-mega-smart-kapali-kedi-tuvaleti-titanium-65-cm\\\/\"]}]},{\"@type\":\"ImageObject\",\"inLanguage\":\"en-US\",\"@id\":\"https:\\\/\\\/anadolupet.com.tr\\\/urun\\\/moderna-mega-smart-kapali-kedi-tuvaleti-titanium-65-cm\\\/#primaryimage\",\"url\":\"https:\\\/\\\/anadolupet.com.tr\\\/wp-content\\\/uploads\\\/2026\\\/02\\\/242-C380-002.jpg\",\"contentUrl\":\"https:\\\/\\\/anadolupet.com.tr\\\/wp-content\\\/uploads\\\/2026\\\/02\\\/242-C380-002.jpg\",\"width\":750,\"height\":750},{\"@type\":\"BreadcrumbList\",\"@id\":\"https:\\\/\\\/anadolupet.com.tr\\\/urun\\\/moderna-mega-smart-kapali-kedi-tuvaleti-titanium-65-cm\\\/#breadcrumb\",\"itemListElement\":[{\"@type\":\"ListItem\",\"position\":1,\"name\":\"Anasayfa\",\"item\":\"https:\\\/\\\/anadolupet.com.tr\\\/\"},{\"@type\":\"ListItem\",\"position\":2,\"name\":\"\u00dcr\u00fcnler\",\"item\":\"https:\\\/\\\/anadolupet.com.tr\\\/urunler\\\/\"},{\"@type\":\"ListItem\",\"position\":3,\"name\":\"Moderna Mega Smart Kapal\u0131 Kedi Tuvaleti &#8211; Titanium 65 CM\"}]},{\"@type\":\"WebSite\",\"@id\":\"https:\\\/\\\/anadolupet.com.tr\\\/#website\",\"url\":\"https:\\\/\\\/anadolupet.com.tr\\\/\",\"name\":\"Anadolu Pet Grup\",\"description\":\"Her Can\u0131n \u0130yi Ya\u015fam\u0131 \u0130\u00e7in Biraraday\u0131z\",\"publisher\":{\"@id\":\"https:\\\/\\\/anadolupet.com.tr\\\/#organization\"},\"potentialAction\":[{\"@type\":\"SearchAction\",\"target\":{\"@type\":\"EntryPoint\",\"urlTemplate\":\"https:\\\/\\\/anadolupet.com.tr\\\/?s={search_term_string}\"},\"query-input\":{\"@type\":\"PropertyValueSpecification\",\"valueRequired\":true,\"valueName\":\"search_term_string\"}}],\"inLanguage\":\"en-US\"},{\"@type\":\"Organization\",\"@id\":\"https:\\\/\\\/anadolupet.com.tr\\\/#organization\",\"name\":\"Anadolu Pet Grup\",\"alternateName\":\"Anadolu Pet\",\"url\":\"https:\\\/\\\/anadolupet.com.tr\\\/\",\"logo\":{\"@type\":\"ImageObject\",\"inLanguage\":\"en-US\",\"@id\":\"https:\\\/\\\/anadolupet.com.tr\\\/#\\\/schema\\\/logo\\\/image\\\/\",\"url\":\"https:\\\/\\\/anadolupet.com.tr\\\/wp-content\\\/uploads\\\/2026\\\/03\\\/1614666743370.jpg\",\"contentUrl\":\"https:\\\/\\\/anadolupet.com.tr\\\/wp-content\\\/uploads\\\/2026\\\/03\\\/1614666743370.jpg\",\"width\":800,\"height\":571,\"caption\":\"Anadolu Pet Grup\"},\"image\":{\"@id\":\"https:\\\/\\\/anadolupet.com.tr\\\/#\\\/schema\\\/logo\\\/image\\\/\"}}]}<\/script>\n<!-- \/ Yoast SEO plugin. -->","yoast_head_json":{"title":"Moderna Mega Smart Kapal\u0131 Kedi Tuvaleti - Titanium 65 CM - Anadolu Pet Grup","robots":{"index":"index","follow":"follow","max-snippet":"max-snippet:-1","max-image-preview":"max-image-preview:large","max-video-preview":"max-video-preview:-1"},"canonical":"https:\/\/anadolupet.com.tr\/en\/product\/moderna-mega-smart-kapali-kedi-tuvaleti-titanium-65-cm\/","og_locale":"en_US","og_type":"article","og_title":"Moderna Mega Smart Kapal\u0131 Kedi Tuvaleti - Titanium 65 CM - Anadolu Pet Grup","og_description":"Mega Smart \u2013 Kapal\u0131 Kedi Tuvaleti B\u00fcy\u00fck kediler ve \u00e7oklu kedi evleri i\u00e7in m\u00fckemmel \u00e7\u00f6z\u00fcm! Mega Smart, geni\u015f ve ferah yap\u0131s\u0131yla kedinizin konforunu art\u0131r\u0131rken sizin i\u00e7in hijyen ve kullan\u0131m kolayl\u0131\u011f\u0131 sa\u011flar. Al\u00e7ak giri\u015f tasar\u0131m\u0131 sayesinde her ya\u015f ve boydaki kediler i\u00e7in rahat eri\u015fim sunar. \ud83d\udc3e \u00d6ne \u00c7\u0131kan \u00d6zellikler Yar\u0131 \u015feffaf kap\u0131 \u2013 kediniz i\u00e7in mahremiyet sa\u011flar Kolay ta\u015f\u0131mak i\u00e7in entegre sap Yuvarlat\u0131lm\u0131\u015f kenarlar \u2013 yap\u0131\u015fmaz y\u00fczey, kolay temizlik Ekstra derin tepsi \u2013 kum sa\u00e7\u0131lmas\u0131n\u0131 ve k\u00f6t\u00fc kokular\u0131 \u00f6nler K\u00f6t\u00fc kokular\u0131 hapseden filtre sistemi D\u00f6rt sa\u011flam clip-lock kilit \u2013 kutuyu g\u00fcvenli \u015fekilde sabitler Il\u0131k sabunlu su ile kolay temizlik %90\u2019dan fazla geri d\u00f6n\u00fc\u015ft\u00fcr\u00fclm\u00fc\u015f malzeme \u2013 \u00e7evre dostu ve uzun \u00f6m\u00fcrl\u00fc kullan\u0131m Tamamen geri d\u00f6n\u00fc\u015ft\u00fcr\u00fclebilir plastik Mega Smart, kedinizin mahremiyetini korurken sizin i\u00e7in pratik temizlik ve ta\u015f\u0131ma kolayl\u0131\u011f\u0131 sa\u011flar. Ekstra derin tepsi ve filtre sistemi sayesinde k\u00f6t\u00fc kokular hapsedilir, eviniz ferah kal\u0131r. Clip-lock kilitler kutuyu g\u00fcvenli \u015fekilde sabitlerken, entegre sap ile kolayca ta\u015f\u0131nabilir. \ud83d\udccf \u00dcr\u00fcn \u00d6l\u00e7\u00fcleri 66.2 x 45.9 x 49 cm","og_url":"https:\/\/anadolupet.com.tr\/en\/product\/moderna-mega-smart-kapali-kedi-tuvaleti-titanium-65-cm\/","og_site_name":"Anadolu Pet Grup","article_modified_time":"2026-02-23T12:51:31+00:00","og_image":[{"width":750,"height":750,"url":"https:\/\/anadolupet.com.tr\/wp-content\/uploads\/2026\/02\/242-C380-002.jpg","type":"image\/jpeg"}],"twitter_card":"summary_large_image","schema":{"@context":"https:\/\/schema.org","@graph":[{"@type":"WebPage","@id":"https:\/\/anadolupet.com.tr\/urun\/moderna-mega-smart-kapali-kedi-tuvaleti-titanium-65-cm\/","url":"https:\/\/anadolupet.com.tr\/urun\/moderna-mega-smart-kapali-kedi-tuvaleti-titanium-65-cm\/","name":"Moderna Mega Smart Kapal\u0131 Kedi Tuvaleti - Titanium 65 CM - Anadolu Pet Grup","isPartOf":{"@id":"https:\/\/anadolupet.com.tr\/#website"},"primaryImageOfPage":{"@id":"https:\/\/anadolupet.com.tr\/urun\/moderna-mega-smart-kapali-kedi-tuvaleti-titanium-65-cm\/#primaryimage"},"image":{"@id":"https:\/\/anadolupet.com.tr\/urun\/moderna-mega-smart-kapali-kedi-tuvaleti-titanium-65-cm\/#primaryimage"},"thumbnailUrl":"https:\/\/anadolupet.com.tr\/wp-content\/uploads\/2026\/02\/242-C380-002.jpg","datePublished":"2026-02-14T14:44:55+00:00","dateModified":"2026-02-23T12:51:31+00:00","breadcrumb":{"@id":"https:\/\/anadolupet.com.tr\/urun\/moderna-mega-smart-kapali-kedi-tuvaleti-titanium-65-cm\/#breadcrumb"},"inLanguage":"en-US","potentialAction":[{"@type":"ReadAction","target":["https:\/\/anadolupet.com.tr\/urun\/moderna-mega-smart-kapali-kedi-tuvaleti-titanium-65-cm\/"]}]},{"@type":"ImageObject","inLanguage":"en-US","@id":"https:\/\/anadolupet.com.tr\/urun\/moderna-mega-smart-kapali-kedi-tuvaleti-titanium-65-cm\/#primaryimage","url":"https:\/\/anadolupet.com.tr\/wp-content\/uploads\/2026\/02\/242-C380-002.jpg","contentUrl":"https:\/\/anadolupet.com.tr\/wp-content\/uploads\/2026\/02\/242-C380-002.jpg","width":750,"height":750},{"@type":"BreadcrumbList","@id":"https:\/\/anadolupet.com.tr\/urun\/moderna-mega-smart-kapali-kedi-tuvaleti-titanium-65-cm\/#breadcrumb","itemListElement":[{"@type":"ListItem","position":1,"name":"Anasayfa","item":"https:\/\/anadolupet.com.tr\/"},{"@type":"ListItem","position":2,"name":"\u00dcr\u00fcnler","item":"https:\/\/anadolupet.com.tr\/urunler\/"},{"@type":"ListItem","position":3,"name":"Moderna Mega Smart Kapal\u0131 Kedi Tuvaleti &#8211; Titanium 65 CM"}]},{"@type":"WebSite","@id":"https:\/\/anadolupet.com.tr\/#website","url":"https:\/\/anadolupet.com.tr\/","name":"Anadolu Pet Group","description":"We Stand Together for the Well-Being of Every Life","publisher":{"@id":"https:\/\/anadolupet.com.tr\/#organization"},"potentialAction":[{"@type":"SearchAction","target":{"@type":"EntryPoint","urlTemplate":"https:\/\/anadolupet.com.tr\/?s={search_term_string}"},"query-input":{"@type":"PropertyValueSpecification","valueRequired":true,"valueName":"search_term_string"}}],"inLanguage":"en-US"},{"@type":"Organization","@id":"https:\/\/anadolupet.com.tr\/#organization","name":"Anadolu Pet Group","alternateName":"Anadolu Pet","url":"https:\/\/anadolupet.com.tr\/","logo":{"@type":"ImageObject","inLanguage":"en-US","@id":"https:\/\/anadolupet.com.tr\/#\/schema\/logo\/image\/","url":"https:\/\/anadolupet.com.tr\/wp-content\/uploads\/2026\/03\/1614666743370.jpg","contentUrl":"https:\/\/anadolupet.com.tr\/wp-content\/uploads\/2026\/03\/1614666743370.jpg","width":800,"height":571,"caption":"Anadolu Pet Grup"},"image":{"@id":"https:\/\/anadolupet.com.tr\/#\/schema\/logo\/image\/"}}]}},"_links":{"self":[{"href":"https:\/\/anadolupet.com.tr\/en\/wp-json\/wp\/v2\/product\/45861","targetHints":{"allow":["GET"]}}],"collection":[{"href":"https:\/\/anadolupet.com.tr\/en\/wp-json\/wp\/v2\/product"}],"about":[{"href":"https:\/\/anadolupet.com.tr\/en\/wp-json\/wp\/v2\/types\/product"}],"replies":[{"embeddable":true,"href":"https:\/\/anadolupet.com.tr\/en\/wp-json\/wp\/v2\/comments?post=45861"}],"wp:featuredmedia":[{"embeddable":true,"href":"https:\/\/anadolupet.com.tr\/en\/wp-json\/wp\/v2\/media\/43497"}],"wp:attachment":[{"href":"https:\/\/anadolupet.com.tr\/en\/wp-json\/wp\/v2\/media?parent=45861"}],"wp:term":[{"taxonomy":"product_brand","embeddable":true,"href":"https:\/\/anadolupet.com.tr\/en\/wp-json\/wp\/v2\/product_brand?post=45861"},{"taxonomy":"product_cat","embeddable":true,"href":"https:\/\/anadolupet.com.tr\/en\/wp-json\/wp\/v2\/product_cat?post=45861"},{"taxonomy":"product_tag","embeddable":true,"href":"https:\/\/anadolupet.com.tr\/en\/wp-json\/wp\/v2\/product_tag?post=45861"}],"curies":[{"name":"wp","href":"https:\/\/api.w.org\/{rel}","templated":true}]}}