{"id":45865,"date":"2026-02-14T14:44:55","date_gmt":"2026-02-14T14:44:55","guid":{"rendered":"https:\/\/anadolupet.com.tr\/urun\/moderna-odyssey-cift-girisli-tasima-cantasi-xs\/"},"modified":"2026-02-23T12:51:31","modified_gmt":"2026-02-23T12:51:31","slug":"moderna-odyssey-cift-girisli-tasima-cantasi-xs","status":"publish","type":"product","link":"https:\/\/anadolupet.com.tr\/en\/urun\/moderna-odyssey-cift-girisli-tasima-cantasi-xs\/","title":{"rendered":"Moderna Odyssey \u00c7ift Giri\u015fli Ta\u015f\u0131ma \u00c7antas\u0131 &#8211; XS"},"content":{"rendered":"","protected":false},"excerpt":{"rendered":"<p>Odyssey X-Small \u2013 Ta\u015f\u0131ma Kab\u0131<br \/>\nGeni\u015f, sa\u011flam ve g\u00fcvenli\u2026 Maceraya \u00e7a\u011f\u0131ran yol arkada\u015f\u0131! Odyssey, minik dostunuzu g\u00fcvenle yan\u0131n\u0131za alman\u0131z i\u00e7in tasarlanm\u0131\u015f ideal ta\u015f\u0131ma kab\u0131d\u0131r. Hem konforu hem de g\u00fcvenli\u011fi bir arada sunar.<br \/>\nEn geni\u015f havaland\u0131rma a\u00e7\u0131kl\u0131klar\u0131 sayesinde s\u00fcrekli taze hava ak\u0131\u015f\u0131<br \/>\nKolay ta\u015f\u0131mak i\u00e7in pratik tutma sap\u0131<br \/>\nHer \u0131rka uygun farkl\u0131 boy se\u00e7enekleri<br \/>\nIl\u0131k sabunlu su ile kolay temizlik<br \/>\nY\u00fcksek i\u00e7 hacim, evcil hayvan\u0131n\u0131z\u0131n stresini azalt\u0131r<br \/>\n\u00dcstten a\u00e7\u0131lan kapak ile kolay yerle\u015ftirme ve \u00e7\u0131karma<br \/>\n\u00c7ok noktal\u0131 \u00f6n kilit ile ekstra g\u00fcvenlik<br \/>\nDayan\u0131kl\u0131 ve uzun \u00f6m\u00fcrl\u00fc sert plastik g\u00f6vde<br \/>\nYumu\u015fak dokulu, katlanabilir entegre ta\u015f\u0131ma sap\u0131<br \/>\nKrom kaplama, toksik olmayan metal kap\u0131 \u2013 sadece boyal\u0131 de\u011fil!<br \/>\nMaksimum ta\u015f\u0131ma kapasitesi: 5 kg<br \/>\nOdyssey, ad\u0131n\u0131n hakk\u0131n\u0131 veriyor: d\u00f6rt ayakl\u0131 dostunuzu uzun ve keyifli yolculuklara g\u00fcvenle g\u00f6t\u00fcr\u00fcr. Geni\u015f hava kanallar\u0131 sayesinde s\u00fcrekli temiz hava ak\u0131\u015f\u0131 sa\u011flan\u0131r. \u00d6n veya \u00fcstten a\u00e7\u0131lan kapak se\u00e7enekleriyle kullan\u0131m kolayl\u0131\u011f\u0131 sunar. \u0130\u00e7erideki y\u00fcksek alan, evcil hayvan\u0131n\u0131z\u0131n rahat ve stressiz bir yolculuk yapmas\u0131na yard\u0131mc\u0131 olur.<br \/>\nEkstra g\u00fcvenlik i\u00e7in \u00e7ok noktal\u0131 \u00f6n kilit bulunur. Ta\u015f\u0131ma konforunuz i\u00e7in ise yumu\u015fak dokulu, katlanabilir entegre sap eklenmi\u015ftir. Metal kap\u0131s\u0131 krom kaplamal\u0131d\u0131r ve toksik olmayan malzemeden \u00fcretilmi\u015ftir.<br \/>\nT\u00fcm Odyssey ta\u015f\u0131ma kaplar\u0131 %70 geri d\u00f6n\u00fc\u015ft\u00fcr\u00fclm\u00fc\u015f plastikten \u00fcretilmi\u015ftir ve %100 geri d\u00f6n\u00fc\u015ft\u00fcr\u00fclebilir yap\u0131s\u0131yla \u00e7evre dostudur.<br \/>\n\ud83d\udccf \u00d6l\u00e7\u00fcler: Uzunluk 48,8 cm x Geni\u015flik 32 cm x Y\u00fckseklik 33,2 cm<\/p>","protected":false},"featured_media":43420,"comment_status":"open","ping_status":"closed","template":"","meta":{"_acf_changed":false},"product_brand":[],"product_cat":[2439],"product_tag":[],"class_list":{"0":"post-45865","1":"product","2":"type-product","3":"status-publish","4":"has-post-thumbnail","6":"product_cat-tasima-cantalari","8":"first","9":"instock","10":"shipping-taxable","11":"product-type-simple"},"acf":[],"yoast_head":"<!-- This site is optimized with the Yoast SEO plugin v27.5 - https:\/\/yoast.com\/product\/yoast-seo-wordpress\/ -->\n<title>Moderna Odyssey \u00c7ift Giri\u015fli Ta\u015f\u0131ma \u00c7antas\u0131 - XS - Anadolu Pet Grup<\/title>\n<meta name=\"robots\" content=\"index, follow, max-snippet:-1, max-image-preview:large, max-video-preview:-1\" \/>\n<link rel=\"canonical\" href=\"https:\/\/anadolupet.com.tr\/en\/product\/moderna-odyssey-cift-girisli-tasima-cantasi-xs\/\" \/>\n<meta property=\"og:locale\" content=\"en_US\" \/>\n<meta property=\"og:type\" content=\"article\" \/>\n<meta property=\"og:title\" content=\"Moderna Odyssey \u00c7ift Giri\u015fli Ta\u015f\u0131ma \u00c7antas\u0131 - XS - Anadolu Pet Grup\" \/>\n<meta property=\"og:description\" content=\"Odyssey X-Small \u2013 Ta\u015f\u0131ma Kab\u0131 Geni\u015f, sa\u011flam ve g\u00fcvenli\u2026 Maceraya \u00e7a\u011f\u0131ran yol arkada\u015f\u0131! Odyssey, minik dostunuzu g\u00fcvenle yan\u0131n\u0131za alman\u0131z i\u00e7in tasarlanm\u0131\u015f ideal ta\u015f\u0131ma kab\u0131d\u0131r. Hem konforu hem de g\u00fcvenli\u011fi bir arada sunar. En geni\u015f havaland\u0131rma a\u00e7\u0131kl\u0131klar\u0131 sayesinde s\u00fcrekli taze hava ak\u0131\u015f\u0131 Kolay ta\u015f\u0131mak i\u00e7in pratik tutma sap\u0131 Her \u0131rka uygun farkl\u0131 boy se\u00e7enekleri Il\u0131k sabunlu su ile kolay temizlik Y\u00fcksek i\u00e7 hacim, evcil hayvan\u0131n\u0131z\u0131n stresini azalt\u0131r \u00dcstten a\u00e7\u0131lan kapak ile kolay yerle\u015ftirme ve \u00e7\u0131karma \u00c7ok noktal\u0131 \u00f6n kilit ile ekstra g\u00fcvenlik Dayan\u0131kl\u0131 ve uzun \u00f6m\u00fcrl\u00fc sert plastik g\u00f6vde Yumu\u015fak dokulu, katlanabilir entegre ta\u015f\u0131ma sap\u0131 Krom kaplama, toksik olmayan metal kap\u0131 \u2013 sadece boyal\u0131 de\u011fil! Maksimum ta\u015f\u0131ma kapasitesi: 5 kg Odyssey, ad\u0131n\u0131n hakk\u0131n\u0131 veriyor: d\u00f6rt ayakl\u0131 dostunuzu uzun ve keyifli yolculuklara g\u00fcvenle g\u00f6t\u00fcr\u00fcr. Geni\u015f hava kanallar\u0131 sayesinde s\u00fcrekli temiz hava ak\u0131\u015f\u0131 sa\u011flan\u0131r. \u00d6n veya \u00fcstten a\u00e7\u0131lan kapak se\u00e7enekleriyle kullan\u0131m kolayl\u0131\u011f\u0131 sunar. \u0130\u00e7erideki y\u00fcksek alan, evcil hayvan\u0131n\u0131z\u0131n rahat ve stressiz bir yolculuk yapmas\u0131na yard\u0131mc\u0131 olur. Ekstra g\u00fcvenlik i\u00e7in \u00e7ok noktal\u0131 \u00f6n kilit bulunur. Ta\u015f\u0131ma konforunuz i\u00e7in ise yumu\u015fak dokulu, katlanabilir entegre sap eklenmi\u015ftir. Metal kap\u0131s\u0131 krom kaplamal\u0131d\u0131r ve toksik olmayan malzemeden \u00fcretilmi\u015ftir. T\u00fcm Odyssey ta\u015f\u0131ma kaplar\u0131 %70 geri d\u00f6n\u00fc\u015ft\u00fcr\u00fclm\u00fc\u015f plastikten \u00fcretilmi\u015ftir ve %100 geri d\u00f6n\u00fc\u015ft\u00fcr\u00fclebilir yap\u0131s\u0131yla \u00e7evre dostudur. \ud83d\udccf \u00d6l\u00e7\u00fcler: Uzunluk 48,8 cm x Geni\u015flik 32 cm x Y\u00fckseklik 33,2 cm\" \/>\n<meta property=\"og:url\" content=\"https:\/\/anadolupet.com.tr\/en\/product\/moderna-odyssey-cift-girisli-tasima-cantasi-xs\/\" \/>\n<meta property=\"og:site_name\" content=\"Anadolu Pet Grup\" \/>\n<meta property=\"article:modified_time\" content=\"2026-02-23T12:51:31+00:00\" \/>\n<meta property=\"og:image\" content=\"https:\/\/anadolupet.com.tr\/wp-content\/uploads\/2026\/02\/242-AZ60-0373.jpg\" \/>\n\t<meta property=\"og:image:width\" content=\"750\" \/>\n\t<meta property=\"og:image:height\" content=\"750\" \/>\n\t<meta property=\"og:image:type\" content=\"image\/jpeg\" \/>\n<meta name=\"twitter:card\" content=\"summary_large_image\" \/>\n<script type=\"application\/ld+json\" class=\"yoast-schema-graph\">{\"@context\":\"https:\\\/\\\/schema.org\",\"@graph\":[{\"@type\":\"WebPage\",\"@id\":\"https:\\\/\\\/anadolupet.com.tr\\\/urun\\\/moderna-odyssey-cift-girisli-tasima-cantasi-xs\\\/\",\"url\":\"https:\\\/\\\/anadolupet.com.tr\\\/urun\\\/moderna-odyssey-cift-girisli-tasima-cantasi-xs\\\/\",\"name\":\"Moderna Odyssey \u00c7ift Giri\u015fli Ta\u015f\u0131ma \u00c7antas\u0131 - XS - Anadolu Pet Grup\",\"isPartOf\":{\"@id\":\"https:\\\/\\\/anadolupet.com.tr\\\/#website\"},\"primaryImageOfPage\":{\"@id\":\"https:\\\/\\\/anadolupet.com.tr\\\/urun\\\/moderna-odyssey-cift-girisli-tasima-cantasi-xs\\\/#primaryimage\"},\"image\":{\"@id\":\"https:\\\/\\\/anadolupet.com.tr\\\/urun\\\/moderna-odyssey-cift-girisli-tasima-cantasi-xs\\\/#primaryimage\"},\"thumbnailUrl\":\"https:\\\/\\\/anadolupet.com.tr\\\/wp-content\\\/uploads\\\/2026\\\/02\\\/242-AZ60-0373.jpg\",\"datePublished\":\"2026-02-14T14:44:55+00:00\",\"dateModified\":\"2026-02-23T12:51:31+00:00\",\"breadcrumb\":{\"@id\":\"https:\\\/\\\/anadolupet.com.tr\\\/urun\\\/moderna-odyssey-cift-girisli-tasima-cantasi-xs\\\/#breadcrumb\"},\"inLanguage\":\"en-US\",\"potentialAction\":[{\"@type\":\"ReadAction\",\"target\":[\"https:\\\/\\\/anadolupet.com.tr\\\/urun\\\/moderna-odyssey-cift-girisli-tasima-cantasi-xs\\\/\"]}]},{\"@type\":\"ImageObject\",\"inLanguage\":\"en-US\",\"@id\":\"https:\\\/\\\/anadolupet.com.tr\\\/urun\\\/moderna-odyssey-cift-girisli-tasima-cantasi-xs\\\/#primaryimage\",\"url\":\"https:\\\/\\\/anadolupet.com.tr\\\/wp-content\\\/uploads\\\/2026\\\/02\\\/242-AZ60-0373.jpg\",\"contentUrl\":\"https:\\\/\\\/anadolupet.com.tr\\\/wp-content\\\/uploads\\\/2026\\\/02\\\/242-AZ60-0373.jpg\",\"width\":750,\"height\":750},{\"@type\":\"BreadcrumbList\",\"@id\":\"https:\\\/\\\/anadolupet.com.tr\\\/urun\\\/moderna-odyssey-cift-girisli-tasima-cantasi-xs\\\/#breadcrumb\",\"itemListElement\":[{\"@type\":\"ListItem\",\"position\":1,\"name\":\"Anasayfa\",\"item\":\"https:\\\/\\\/anadolupet.com.tr\\\/\"},{\"@type\":\"ListItem\",\"position\":2,\"name\":\"\u00dcr\u00fcnler\",\"item\":\"https:\\\/\\\/anadolupet.com.tr\\\/urunler\\\/\"},{\"@type\":\"ListItem\",\"position\":3,\"name\":\"Moderna Odyssey \u00c7ift Giri\u015fli Ta\u015f\u0131ma \u00c7antas\u0131 &#8211; XS\"}]},{\"@type\":\"WebSite\",\"@id\":\"https:\\\/\\\/anadolupet.com.tr\\\/#website\",\"url\":\"https:\\\/\\\/anadolupet.com.tr\\\/\",\"name\":\"Anadolu Pet Grup\",\"description\":\"Her Can\u0131n \u0130yi Ya\u015fam\u0131 \u0130\u00e7in Biraraday\u0131z\",\"publisher\":{\"@id\":\"https:\\\/\\\/anadolupet.com.tr\\\/#organization\"},\"potentialAction\":[{\"@type\":\"SearchAction\",\"target\":{\"@type\":\"EntryPoint\",\"urlTemplate\":\"https:\\\/\\\/anadolupet.com.tr\\\/?s={search_term_string}\"},\"query-input\":{\"@type\":\"PropertyValueSpecification\",\"valueRequired\":true,\"valueName\":\"search_term_string\"}}],\"inLanguage\":\"en-US\"},{\"@type\":\"Organization\",\"@id\":\"https:\\\/\\\/anadolupet.com.tr\\\/#organization\",\"name\":\"Anadolu Pet Grup\",\"alternateName\":\"Anadolu Pet\",\"url\":\"https:\\\/\\\/anadolupet.com.tr\\\/\",\"logo\":{\"@type\":\"ImageObject\",\"inLanguage\":\"en-US\",\"@id\":\"https:\\\/\\\/anadolupet.com.tr\\\/#\\\/schema\\\/logo\\\/image\\\/\",\"url\":\"https:\\\/\\\/anadolupet.com.tr\\\/wp-content\\\/uploads\\\/2026\\\/03\\\/1614666743370.jpg\",\"contentUrl\":\"https:\\\/\\\/anadolupet.com.tr\\\/wp-content\\\/uploads\\\/2026\\\/03\\\/1614666743370.jpg\",\"width\":800,\"height\":571,\"caption\":\"Anadolu Pet Grup\"},\"image\":{\"@id\":\"https:\\\/\\\/anadolupet.com.tr\\\/#\\\/schema\\\/logo\\\/image\\\/\"}}]}<\/script>\n<!-- \/ Yoast SEO plugin. -->","yoast_head_json":{"title":"Moderna Odyssey \u00c7ift Giri\u015fli Ta\u015f\u0131ma \u00c7antas\u0131 - XS - Anadolu Pet Grup","robots":{"index":"index","follow":"follow","max-snippet":"max-snippet:-1","max-image-preview":"max-image-preview:large","max-video-preview":"max-video-preview:-1"},"canonical":"https:\/\/anadolupet.com.tr\/en\/product\/moderna-odyssey-cift-girisli-tasima-cantasi-xs\/","og_locale":"en_US","og_type":"article","og_title":"Moderna Odyssey \u00c7ift Giri\u015fli Ta\u015f\u0131ma \u00c7antas\u0131 - XS - Anadolu Pet Grup","og_description":"Odyssey X-Small \u2013 Ta\u015f\u0131ma Kab\u0131 Geni\u015f, sa\u011flam ve g\u00fcvenli\u2026 Maceraya \u00e7a\u011f\u0131ran yol arkada\u015f\u0131! Odyssey, minik dostunuzu g\u00fcvenle yan\u0131n\u0131za alman\u0131z i\u00e7in tasarlanm\u0131\u015f ideal ta\u015f\u0131ma kab\u0131d\u0131r. Hem konforu hem de g\u00fcvenli\u011fi bir arada sunar. En geni\u015f havaland\u0131rma a\u00e7\u0131kl\u0131klar\u0131 sayesinde s\u00fcrekli taze hava ak\u0131\u015f\u0131 Kolay ta\u015f\u0131mak i\u00e7in pratik tutma sap\u0131 Her \u0131rka uygun farkl\u0131 boy se\u00e7enekleri Il\u0131k sabunlu su ile kolay temizlik Y\u00fcksek i\u00e7 hacim, evcil hayvan\u0131n\u0131z\u0131n stresini azalt\u0131r \u00dcstten a\u00e7\u0131lan kapak ile kolay yerle\u015ftirme ve \u00e7\u0131karma \u00c7ok noktal\u0131 \u00f6n kilit ile ekstra g\u00fcvenlik Dayan\u0131kl\u0131 ve uzun \u00f6m\u00fcrl\u00fc sert plastik g\u00f6vde Yumu\u015fak dokulu, katlanabilir entegre ta\u015f\u0131ma sap\u0131 Krom kaplama, toksik olmayan metal kap\u0131 \u2013 sadece boyal\u0131 de\u011fil! Maksimum ta\u015f\u0131ma kapasitesi: 5 kg Odyssey, ad\u0131n\u0131n hakk\u0131n\u0131 veriyor: d\u00f6rt ayakl\u0131 dostunuzu uzun ve keyifli yolculuklara g\u00fcvenle g\u00f6t\u00fcr\u00fcr. Geni\u015f hava kanallar\u0131 sayesinde s\u00fcrekli temiz hava ak\u0131\u015f\u0131 sa\u011flan\u0131r. \u00d6n veya \u00fcstten a\u00e7\u0131lan kapak se\u00e7enekleriyle kullan\u0131m kolayl\u0131\u011f\u0131 sunar. \u0130\u00e7erideki y\u00fcksek alan, evcil hayvan\u0131n\u0131z\u0131n rahat ve stressiz bir yolculuk yapmas\u0131na yard\u0131mc\u0131 olur. Ekstra g\u00fcvenlik i\u00e7in \u00e7ok noktal\u0131 \u00f6n kilit bulunur. Ta\u015f\u0131ma konforunuz i\u00e7in ise yumu\u015fak dokulu, katlanabilir entegre sap eklenmi\u015ftir. Metal kap\u0131s\u0131 krom kaplamal\u0131d\u0131r ve toksik olmayan malzemeden \u00fcretilmi\u015ftir. T\u00fcm Odyssey ta\u015f\u0131ma kaplar\u0131 %70 geri d\u00f6n\u00fc\u015ft\u00fcr\u00fclm\u00fc\u015f plastikten \u00fcretilmi\u015ftir ve %100 geri d\u00f6n\u00fc\u015ft\u00fcr\u00fclebilir yap\u0131s\u0131yla \u00e7evre dostudur. \ud83d\udccf \u00d6l\u00e7\u00fcler: Uzunluk 48,8 cm x Geni\u015flik 32 cm x Y\u00fckseklik 33,2 cm","og_url":"https:\/\/anadolupet.com.tr\/en\/product\/moderna-odyssey-cift-girisli-tasima-cantasi-xs\/","og_site_name":"Anadolu Pet Grup","article_modified_time":"2026-02-23T12:51:31+00:00","og_image":[{"width":750,"height":750,"url":"https:\/\/anadolupet.com.tr\/wp-content\/uploads\/2026\/02\/242-AZ60-0373.jpg","type":"image\/jpeg"}],"twitter_card":"summary_large_image","schema":{"@context":"https:\/\/schema.org","@graph":[{"@type":"WebPage","@id":"https:\/\/anadolupet.com.tr\/urun\/moderna-odyssey-cift-girisli-tasima-cantasi-xs\/","url":"https:\/\/anadolupet.com.tr\/urun\/moderna-odyssey-cift-girisli-tasima-cantasi-xs\/","name":"Moderna Odyssey \u00c7ift Giri\u015fli Ta\u015f\u0131ma \u00c7antas\u0131 - XS - Anadolu Pet Grup","isPartOf":{"@id":"https:\/\/anadolupet.com.tr\/#website"},"primaryImageOfPage":{"@id":"https:\/\/anadolupet.com.tr\/urun\/moderna-odyssey-cift-girisli-tasima-cantasi-xs\/#primaryimage"},"image":{"@id":"https:\/\/anadolupet.com.tr\/urun\/moderna-odyssey-cift-girisli-tasima-cantasi-xs\/#primaryimage"},"thumbnailUrl":"https:\/\/anadolupet.com.tr\/wp-content\/uploads\/2026\/02\/242-AZ60-0373.jpg","datePublished":"2026-02-14T14:44:55+00:00","dateModified":"2026-02-23T12:51:31+00:00","breadcrumb":{"@id":"https:\/\/anadolupet.com.tr\/urun\/moderna-odyssey-cift-girisli-tasima-cantasi-xs\/#breadcrumb"},"inLanguage":"en-US","potentialAction":[{"@type":"ReadAction","target":["https:\/\/anadolupet.com.tr\/urun\/moderna-odyssey-cift-girisli-tasima-cantasi-xs\/"]}]},{"@type":"ImageObject","inLanguage":"en-US","@id":"https:\/\/anadolupet.com.tr\/urun\/moderna-odyssey-cift-girisli-tasima-cantasi-xs\/#primaryimage","url":"https:\/\/anadolupet.com.tr\/wp-content\/uploads\/2026\/02\/242-AZ60-0373.jpg","contentUrl":"https:\/\/anadolupet.com.tr\/wp-content\/uploads\/2026\/02\/242-AZ60-0373.jpg","width":750,"height":750},{"@type":"BreadcrumbList","@id":"https:\/\/anadolupet.com.tr\/urun\/moderna-odyssey-cift-girisli-tasima-cantasi-xs\/#breadcrumb","itemListElement":[{"@type":"ListItem","position":1,"name":"Anasayfa","item":"https:\/\/anadolupet.com.tr\/"},{"@type":"ListItem","position":2,"name":"\u00dcr\u00fcnler","item":"https:\/\/anadolupet.com.tr\/urunler\/"},{"@type":"ListItem","position":3,"name":"Moderna Odyssey \u00c7ift Giri\u015fli Ta\u015f\u0131ma \u00c7antas\u0131 &#8211; XS"}]},{"@type":"WebSite","@id":"https:\/\/anadolupet.com.tr\/#website","url":"https:\/\/anadolupet.com.tr\/","name":"Anadolu Pet Group","description":"We Stand Together for the Well-Being of Every Life","publisher":{"@id":"https:\/\/anadolupet.com.tr\/#organization"},"potentialAction":[{"@type":"SearchAction","target":{"@type":"EntryPoint","urlTemplate":"https:\/\/anadolupet.com.tr\/?s={search_term_string}"},"query-input":{"@type":"PropertyValueSpecification","valueRequired":true,"valueName":"search_term_string"}}],"inLanguage":"en-US"},{"@type":"Organization","@id":"https:\/\/anadolupet.com.tr\/#organization","name":"Anadolu Pet Group","alternateName":"Anadolu Pet","url":"https:\/\/anadolupet.com.tr\/","logo":{"@type":"ImageObject","inLanguage":"en-US","@id":"https:\/\/anadolupet.com.tr\/#\/schema\/logo\/image\/","url":"https:\/\/anadolupet.com.tr\/wp-content\/uploads\/2026\/03\/1614666743370.jpg","contentUrl":"https:\/\/anadolupet.com.tr\/wp-content\/uploads\/2026\/03\/1614666743370.jpg","width":800,"height":571,"caption":"Anadolu Pet Grup"},"image":{"@id":"https:\/\/anadolupet.com.tr\/#\/schema\/logo\/image\/"}}]}},"_links":{"self":[{"href":"https:\/\/anadolupet.com.tr\/en\/wp-json\/wp\/v2\/product\/45865","targetHints":{"allow":["GET"]}}],"collection":[{"href":"https:\/\/anadolupet.com.tr\/en\/wp-json\/wp\/v2\/product"}],"about":[{"href":"https:\/\/anadolupet.com.tr\/en\/wp-json\/wp\/v2\/types\/product"}],"replies":[{"embeddable":true,"href":"https:\/\/anadolupet.com.tr\/en\/wp-json\/wp\/v2\/comments?post=45865"}],"wp:featuredmedia":[{"embeddable":true,"href":"https:\/\/anadolupet.com.tr\/en\/wp-json\/wp\/v2\/media\/43420"}],"wp:attachment":[{"href":"https:\/\/anadolupet.com.tr\/en\/wp-json\/wp\/v2\/media?parent=45865"}],"wp:term":[{"taxonomy":"product_brand","embeddable":true,"href":"https:\/\/anadolupet.com.tr\/en\/wp-json\/wp\/v2\/product_brand?post=45865"},{"taxonomy":"product_cat","embeddable":true,"href":"https:\/\/anadolupet.com.tr\/en\/wp-json\/wp\/v2\/product_cat?post=45865"},{"taxonomy":"product_tag","embeddable":true,"href":"https:\/\/anadolupet.com.tr\/en\/wp-json\/wp\/v2\/product_tag?post=45865"}],"curies":[{"name":"wp","href":"https:\/\/api.w.org\/{rel}","templated":true}]}}