{"id":45866,"date":"2026-02-14T14:44:56","date_gmt":"2026-02-14T14:44:56","guid":{"rendered":"https:\/\/anadolupet.com.tr\/urun\/moderna-roadnrunner-iata-tasima-cantasi-gri-1\/"},"modified":"2026-02-23T12:51:31","modified_gmt":"2026-02-23T12:51:31","slug":"moderna-roadnrunner-iata-tasima-cantasi-gri-1","status":"publish","type":"product","link":"https:\/\/anadolupet.com.tr\/en\/urun\/moderna-roadnrunner-iata-tasima-cantasi-gri-1\/","title":{"rendered":"Moderna Roadnrunner IATA Ta\u015f\u0131ma \u00c7antas\u0131 Gri 1"},"content":{"rendered":"","protected":false},"excerpt":{"rendered":"<p>Road Runner Spring Lock Kap\u0131l\u0131 Ta\u015f\u0131ma Kab\u0131 \u2013 Small<br \/>\nEvcil dostlar\u0131n\u0131z i\u00e7in g\u00fcvenli ve konforlu seyahat! Road Runner Small ta\u015f\u0131ma kab\u0131, kedinizin veya k\u00fc\u00e7\u00fck \u0131rk k\u00f6pe\u011finizin yolculuklar\u0131n\u0131 g\u00fcvenli ve rahat hale getirmek i\u00e7in tasarlanm\u0131\u015ft\u0131r. Dayan\u0131kl\u0131 yap\u0131s\u0131, geni\u015f havaland\u0131rma a\u00e7\u0131kl\u0131klar\u0131 ve pratik ta\u015f\u0131ma sap\u0131 sayesinde her yolculukta ideal bir \u00e7\u00f6z\u00fcm sunar.<br \/>\n\ud83d\udc3e \u00d6ne \u00c7\u0131kan \u00d6zellikler<br \/>\nSpring Lock kap\u0131 sistemi \u2013 ekstra g\u00fcvenlik ve kolay kullan\u0131m<br \/>\nKolay ta\u015f\u0131ma sap\u0131 \u2013 pratik ve rahat ta\u015f\u0131ma imk\u00e2n\u0131<br \/>\nGeni\u015f havaland\u0131rma a\u00e7\u0131kl\u0131klar\u0131 \u2013 s\u00fcrekli taze hava ak\u0131\u015f\u0131 sa\u011flar<br \/>\nDayan\u0131kl\u0131 ve sa\u011flam plastik \u2013 uzun \u00f6m\u00fcrl\u00fc kullan\u0131m i\u00e7in sert yap\u0131<br \/>\nEmniyet kemeri yuvalar\u0131 \u2013 ara\u00e7 i\u00e7inde ekstra g\u00fcvenlik sa\u011flar<br \/>\nKolay temizlik \u2013 s\u0131cak sabunlu su ile h\u0131zl\u0131 ve hijyenik temizlik<br \/>\n%70 geri d\u00f6n\u00fc\u015ft\u00fcr\u00fclm\u00fc\u015f plastikten \u00fcretilmi\u015ftir \u2013 \u00e7evre dostu \u00fcretim<br \/>\nFarkl\u0131 boy ve renk se\u00e7enekleri \u2013 her \u0131rk i\u00e7in uygun alternatifler<br \/>\n\ud83d\udccf \u00dcr\u00fcn \u00d6l\u00e7\u00fcleri 48.6 x 32.3 x 30.3 cm<br \/>\n\u2696\ufe0f Maksimum Ta\u015f\u0131ma Kapasitesi 5 kg<\/p>","protected":false},"featured_media":43563,"comment_status":"open","ping_status":"closed","template":"","meta":{"_acf_changed":false},"product_brand":[],"product_cat":[2439],"product_tag":[],"class_list":{"0":"post-45866","1":"product","2":"type-product","3":"status-publish","4":"has-post-thumbnail","6":"product_cat-tasima-cantalari","8":"first","9":"instock","10":"shipping-taxable","11":"product-type-simple"},"acf":[],"yoast_head":"<!-- This site is optimized with the Yoast SEO plugin v27.5 - https:\/\/yoast.com\/product\/yoast-seo-wordpress\/ -->\n<title>Moderna Roadnrunner IATA Ta\u015f\u0131ma \u00c7antas\u0131 Gri 1 - Anadolu Pet Grup<\/title>\n<meta name=\"robots\" content=\"index, follow, max-snippet:-1, max-image-preview:large, max-video-preview:-1\" \/>\n<link rel=\"canonical\" href=\"https:\/\/anadolupet.com.tr\/en\/product\/moderna-roadnrunner-iata-tasima-cantasi-gri-1\/\" \/>\n<meta property=\"og:locale\" content=\"en_US\" \/>\n<meta property=\"og:type\" content=\"article\" \/>\n<meta property=\"og:title\" content=\"Moderna Roadnrunner IATA Ta\u015f\u0131ma \u00c7antas\u0131 Gri 1 - Anadolu Pet Grup\" \/>\n<meta property=\"og:description\" content=\"Road Runner Spring Lock Kap\u0131l\u0131 Ta\u015f\u0131ma Kab\u0131 \u2013 Small Evcil dostlar\u0131n\u0131z i\u00e7in g\u00fcvenli ve konforlu seyahat! Road Runner Small ta\u015f\u0131ma kab\u0131, kedinizin veya k\u00fc\u00e7\u00fck \u0131rk k\u00f6pe\u011finizin yolculuklar\u0131n\u0131 g\u00fcvenli ve rahat hale getirmek i\u00e7in tasarlanm\u0131\u015ft\u0131r. Dayan\u0131kl\u0131 yap\u0131s\u0131, geni\u015f havaland\u0131rma a\u00e7\u0131kl\u0131klar\u0131 ve pratik ta\u015f\u0131ma sap\u0131 sayesinde her yolculukta ideal bir \u00e7\u00f6z\u00fcm sunar. \ud83d\udc3e \u00d6ne \u00c7\u0131kan \u00d6zellikler Spring Lock kap\u0131 sistemi \u2013 ekstra g\u00fcvenlik ve kolay kullan\u0131m Kolay ta\u015f\u0131ma sap\u0131 \u2013 pratik ve rahat ta\u015f\u0131ma imk\u00e2n\u0131 Geni\u015f havaland\u0131rma a\u00e7\u0131kl\u0131klar\u0131 \u2013 s\u00fcrekli taze hava ak\u0131\u015f\u0131 sa\u011flar Dayan\u0131kl\u0131 ve sa\u011flam plastik \u2013 uzun \u00f6m\u00fcrl\u00fc kullan\u0131m i\u00e7in sert yap\u0131 Emniyet kemeri yuvalar\u0131 \u2013 ara\u00e7 i\u00e7inde ekstra g\u00fcvenlik sa\u011flar Kolay temizlik \u2013 s\u0131cak sabunlu su ile h\u0131zl\u0131 ve hijyenik temizlik %70 geri d\u00f6n\u00fc\u015ft\u00fcr\u00fclm\u00fc\u015f plastikten \u00fcretilmi\u015ftir \u2013 \u00e7evre dostu \u00fcretim Farkl\u0131 boy ve renk se\u00e7enekleri \u2013 her \u0131rk i\u00e7in uygun alternatifler \ud83d\udccf \u00dcr\u00fcn \u00d6l\u00e7\u00fcleri 48.6 x 32.3 x 30.3 cm \u2696\ufe0f Maksimum Ta\u015f\u0131ma Kapasitesi 5 kg\" \/>\n<meta property=\"og:url\" content=\"https:\/\/anadolupet.com.tr\/en\/product\/moderna-roadnrunner-iata-tasima-cantasi-gri-1\/\" \/>\n<meta property=\"og:site_name\" content=\"Anadolu Pet Grup\" \/>\n<meta property=\"article:modified_time\" content=\"2026-02-23T12:51:31+00:00\" \/>\n<meta property=\"og:image\" content=\"https:\/\/anadolupet.com.tr\/wp-content\/uploads\/2026\/02\/242-T103-312.jpg\" \/>\n\t<meta property=\"og:image:width\" content=\"750\" \/>\n\t<meta property=\"og:image:height\" content=\"750\" \/>\n\t<meta property=\"og:image:type\" content=\"image\/jpeg\" \/>\n<meta name=\"twitter:card\" content=\"summary_large_image\" \/>\n<script type=\"application\/ld+json\" class=\"yoast-schema-graph\">{\"@context\":\"https:\\\/\\\/schema.org\",\"@graph\":[{\"@type\":\"WebPage\",\"@id\":\"https:\\\/\\\/anadolupet.com.tr\\\/urun\\\/moderna-roadnrunner-iata-tasima-cantasi-gri-1\\\/\",\"url\":\"https:\\\/\\\/anadolupet.com.tr\\\/urun\\\/moderna-roadnrunner-iata-tasima-cantasi-gri-1\\\/\",\"name\":\"Moderna Roadnrunner IATA Ta\u015f\u0131ma \u00c7antas\u0131 Gri 1 - Anadolu Pet Grup\",\"isPartOf\":{\"@id\":\"https:\\\/\\\/anadolupet.com.tr\\\/#website\"},\"primaryImageOfPage\":{\"@id\":\"https:\\\/\\\/anadolupet.com.tr\\\/urun\\\/moderna-roadnrunner-iata-tasima-cantasi-gri-1\\\/#primaryimage\"},\"image\":{\"@id\":\"https:\\\/\\\/anadolupet.com.tr\\\/urun\\\/moderna-roadnrunner-iata-tasima-cantasi-gri-1\\\/#primaryimage\"},\"thumbnailUrl\":\"https:\\\/\\\/anadolupet.com.tr\\\/wp-content\\\/uploads\\\/2026\\\/02\\\/242-T103-312.jpg\",\"datePublished\":\"2026-02-14T14:44:56+00:00\",\"dateModified\":\"2026-02-23T12:51:31+00:00\",\"breadcrumb\":{\"@id\":\"https:\\\/\\\/anadolupet.com.tr\\\/urun\\\/moderna-roadnrunner-iata-tasima-cantasi-gri-1\\\/#breadcrumb\"},\"inLanguage\":\"en-US\",\"potentialAction\":[{\"@type\":\"ReadAction\",\"target\":[\"https:\\\/\\\/anadolupet.com.tr\\\/urun\\\/moderna-roadnrunner-iata-tasima-cantasi-gri-1\\\/\"]}]},{\"@type\":\"ImageObject\",\"inLanguage\":\"en-US\",\"@id\":\"https:\\\/\\\/anadolupet.com.tr\\\/urun\\\/moderna-roadnrunner-iata-tasima-cantasi-gri-1\\\/#primaryimage\",\"url\":\"https:\\\/\\\/anadolupet.com.tr\\\/wp-content\\\/uploads\\\/2026\\\/02\\\/242-T103-312.jpg\",\"contentUrl\":\"https:\\\/\\\/anadolupet.com.tr\\\/wp-content\\\/uploads\\\/2026\\\/02\\\/242-T103-312.jpg\",\"width\":750,\"height\":750},{\"@type\":\"BreadcrumbList\",\"@id\":\"https:\\\/\\\/anadolupet.com.tr\\\/urun\\\/moderna-roadnrunner-iata-tasima-cantasi-gri-1\\\/#breadcrumb\",\"itemListElement\":[{\"@type\":\"ListItem\",\"position\":1,\"name\":\"Anasayfa\",\"item\":\"https:\\\/\\\/anadolupet.com.tr\\\/\"},{\"@type\":\"ListItem\",\"position\":2,\"name\":\"\u00dcr\u00fcnler\",\"item\":\"https:\\\/\\\/anadolupet.com.tr\\\/urunler\\\/\"},{\"@type\":\"ListItem\",\"position\":3,\"name\":\"Moderna Roadnrunner IATA Ta\u015f\u0131ma \u00c7antas\u0131 Gri 1\"}]},{\"@type\":\"WebSite\",\"@id\":\"https:\\\/\\\/anadolupet.com.tr\\\/#website\",\"url\":\"https:\\\/\\\/anadolupet.com.tr\\\/\",\"name\":\"Anadolu Pet Grup\",\"description\":\"Her Can\u0131n \u0130yi Ya\u015fam\u0131 \u0130\u00e7in Biraraday\u0131z\",\"publisher\":{\"@id\":\"https:\\\/\\\/anadolupet.com.tr\\\/#organization\"},\"potentialAction\":[{\"@type\":\"SearchAction\",\"target\":{\"@type\":\"EntryPoint\",\"urlTemplate\":\"https:\\\/\\\/anadolupet.com.tr\\\/?s={search_term_string}\"},\"query-input\":{\"@type\":\"PropertyValueSpecification\",\"valueRequired\":true,\"valueName\":\"search_term_string\"}}],\"inLanguage\":\"en-US\"},{\"@type\":\"Organization\",\"@id\":\"https:\\\/\\\/anadolupet.com.tr\\\/#organization\",\"name\":\"Anadolu Pet Grup\",\"alternateName\":\"Anadolu Pet\",\"url\":\"https:\\\/\\\/anadolupet.com.tr\\\/\",\"logo\":{\"@type\":\"ImageObject\",\"inLanguage\":\"en-US\",\"@id\":\"https:\\\/\\\/anadolupet.com.tr\\\/#\\\/schema\\\/logo\\\/image\\\/\",\"url\":\"https:\\\/\\\/anadolupet.com.tr\\\/wp-content\\\/uploads\\\/2026\\\/03\\\/1614666743370.jpg\",\"contentUrl\":\"https:\\\/\\\/anadolupet.com.tr\\\/wp-content\\\/uploads\\\/2026\\\/03\\\/1614666743370.jpg\",\"width\":800,\"height\":571,\"caption\":\"Anadolu Pet Grup\"},\"image\":{\"@id\":\"https:\\\/\\\/anadolupet.com.tr\\\/#\\\/schema\\\/logo\\\/image\\\/\"}}]}<\/script>\n<!-- \/ Yoast SEO plugin. -->","yoast_head_json":{"title":"Moderna Roadnrunner IATA Ta\u015f\u0131ma \u00c7antas\u0131 Gri 1 - Anadolu Pet Grup","robots":{"index":"index","follow":"follow","max-snippet":"max-snippet:-1","max-image-preview":"max-image-preview:large","max-video-preview":"max-video-preview:-1"},"canonical":"https:\/\/anadolupet.com.tr\/en\/product\/moderna-roadnrunner-iata-tasima-cantasi-gri-1\/","og_locale":"en_US","og_type":"article","og_title":"Moderna Roadnrunner IATA Ta\u015f\u0131ma \u00c7antas\u0131 Gri 1 - Anadolu Pet Grup","og_description":"Road Runner Spring Lock Kap\u0131l\u0131 Ta\u015f\u0131ma Kab\u0131 \u2013 Small Evcil dostlar\u0131n\u0131z i\u00e7in g\u00fcvenli ve konforlu seyahat! Road Runner Small ta\u015f\u0131ma kab\u0131, kedinizin veya k\u00fc\u00e7\u00fck \u0131rk k\u00f6pe\u011finizin yolculuklar\u0131n\u0131 g\u00fcvenli ve rahat hale getirmek i\u00e7in tasarlanm\u0131\u015ft\u0131r. Dayan\u0131kl\u0131 yap\u0131s\u0131, geni\u015f havaland\u0131rma a\u00e7\u0131kl\u0131klar\u0131 ve pratik ta\u015f\u0131ma sap\u0131 sayesinde her yolculukta ideal bir \u00e7\u00f6z\u00fcm sunar. \ud83d\udc3e \u00d6ne \u00c7\u0131kan \u00d6zellikler Spring Lock kap\u0131 sistemi \u2013 ekstra g\u00fcvenlik ve kolay kullan\u0131m Kolay ta\u015f\u0131ma sap\u0131 \u2013 pratik ve rahat ta\u015f\u0131ma imk\u00e2n\u0131 Geni\u015f havaland\u0131rma a\u00e7\u0131kl\u0131klar\u0131 \u2013 s\u00fcrekli taze hava ak\u0131\u015f\u0131 sa\u011flar Dayan\u0131kl\u0131 ve sa\u011flam plastik \u2013 uzun \u00f6m\u00fcrl\u00fc kullan\u0131m i\u00e7in sert yap\u0131 Emniyet kemeri yuvalar\u0131 \u2013 ara\u00e7 i\u00e7inde ekstra g\u00fcvenlik sa\u011flar Kolay temizlik \u2013 s\u0131cak sabunlu su ile h\u0131zl\u0131 ve hijyenik temizlik %70 geri d\u00f6n\u00fc\u015ft\u00fcr\u00fclm\u00fc\u015f plastikten \u00fcretilmi\u015ftir \u2013 \u00e7evre dostu \u00fcretim Farkl\u0131 boy ve renk se\u00e7enekleri \u2013 her \u0131rk i\u00e7in uygun alternatifler \ud83d\udccf \u00dcr\u00fcn \u00d6l\u00e7\u00fcleri 48.6 x 32.3 x 30.3 cm \u2696\ufe0f Maksimum Ta\u015f\u0131ma Kapasitesi 5 kg","og_url":"https:\/\/anadolupet.com.tr\/en\/product\/moderna-roadnrunner-iata-tasima-cantasi-gri-1\/","og_site_name":"Anadolu Pet Grup","article_modified_time":"2026-02-23T12:51:31+00:00","og_image":[{"width":750,"height":750,"url":"https:\/\/anadolupet.com.tr\/wp-content\/uploads\/2026\/02\/242-T103-312.jpg","type":"image\/jpeg"}],"twitter_card":"summary_large_image","schema":{"@context":"https:\/\/schema.org","@graph":[{"@type":"WebPage","@id":"https:\/\/anadolupet.com.tr\/urun\/moderna-roadnrunner-iata-tasima-cantasi-gri-1\/","url":"https:\/\/anadolupet.com.tr\/urun\/moderna-roadnrunner-iata-tasima-cantasi-gri-1\/","name":"Moderna Roadnrunner IATA Ta\u015f\u0131ma \u00c7antas\u0131 Gri 1 - Anadolu Pet Grup","isPartOf":{"@id":"https:\/\/anadolupet.com.tr\/#website"},"primaryImageOfPage":{"@id":"https:\/\/anadolupet.com.tr\/urun\/moderna-roadnrunner-iata-tasima-cantasi-gri-1\/#primaryimage"},"image":{"@id":"https:\/\/anadolupet.com.tr\/urun\/moderna-roadnrunner-iata-tasima-cantasi-gri-1\/#primaryimage"},"thumbnailUrl":"https:\/\/anadolupet.com.tr\/wp-content\/uploads\/2026\/02\/242-T103-312.jpg","datePublished":"2026-02-14T14:44:56+00:00","dateModified":"2026-02-23T12:51:31+00:00","breadcrumb":{"@id":"https:\/\/anadolupet.com.tr\/urun\/moderna-roadnrunner-iata-tasima-cantasi-gri-1\/#breadcrumb"},"inLanguage":"en-US","potentialAction":[{"@type":"ReadAction","target":["https:\/\/anadolupet.com.tr\/urun\/moderna-roadnrunner-iata-tasima-cantasi-gri-1\/"]}]},{"@type":"ImageObject","inLanguage":"en-US","@id":"https:\/\/anadolupet.com.tr\/urun\/moderna-roadnrunner-iata-tasima-cantasi-gri-1\/#primaryimage","url":"https:\/\/anadolupet.com.tr\/wp-content\/uploads\/2026\/02\/242-T103-312.jpg","contentUrl":"https:\/\/anadolupet.com.tr\/wp-content\/uploads\/2026\/02\/242-T103-312.jpg","width":750,"height":750},{"@type":"BreadcrumbList","@id":"https:\/\/anadolupet.com.tr\/urun\/moderna-roadnrunner-iata-tasima-cantasi-gri-1\/#breadcrumb","itemListElement":[{"@type":"ListItem","position":1,"name":"Anasayfa","item":"https:\/\/anadolupet.com.tr\/"},{"@type":"ListItem","position":2,"name":"\u00dcr\u00fcnler","item":"https:\/\/anadolupet.com.tr\/urunler\/"},{"@type":"ListItem","position":3,"name":"Moderna Roadnrunner IATA Ta\u015f\u0131ma \u00c7antas\u0131 Gri 1"}]},{"@type":"WebSite","@id":"https:\/\/anadolupet.com.tr\/#website","url":"https:\/\/anadolupet.com.tr\/","name":"Anadolu Pet Group","description":"We Stand Together for the Well-Being of Every Life","publisher":{"@id":"https:\/\/anadolupet.com.tr\/#organization"},"potentialAction":[{"@type":"SearchAction","target":{"@type":"EntryPoint","urlTemplate":"https:\/\/anadolupet.com.tr\/?s={search_term_string}"},"query-input":{"@type":"PropertyValueSpecification","valueRequired":true,"valueName":"search_term_string"}}],"inLanguage":"en-US"},{"@type":"Organization","@id":"https:\/\/anadolupet.com.tr\/#organization","name":"Anadolu Pet Group","alternateName":"Anadolu Pet","url":"https:\/\/anadolupet.com.tr\/","logo":{"@type":"ImageObject","inLanguage":"en-US","@id":"https:\/\/anadolupet.com.tr\/#\/schema\/logo\/image\/","url":"https:\/\/anadolupet.com.tr\/wp-content\/uploads\/2026\/03\/1614666743370.jpg","contentUrl":"https:\/\/anadolupet.com.tr\/wp-content\/uploads\/2026\/03\/1614666743370.jpg","width":800,"height":571,"caption":"Anadolu Pet Grup"},"image":{"@id":"https:\/\/anadolupet.com.tr\/#\/schema\/logo\/image\/"}}]}},"_links":{"self":[{"href":"https:\/\/anadolupet.com.tr\/en\/wp-json\/wp\/v2\/product\/45866","targetHints":{"allow":["GET"]}}],"collection":[{"href":"https:\/\/anadolupet.com.tr\/en\/wp-json\/wp\/v2\/product"}],"about":[{"href":"https:\/\/anadolupet.com.tr\/en\/wp-json\/wp\/v2\/types\/product"}],"replies":[{"embeddable":true,"href":"https:\/\/anadolupet.com.tr\/en\/wp-json\/wp\/v2\/comments?post=45866"}],"wp:featuredmedia":[{"embeddable":true,"href":"https:\/\/anadolupet.com.tr\/en\/wp-json\/wp\/v2\/media\/43563"}],"wp:attachment":[{"href":"https:\/\/anadolupet.com.tr\/en\/wp-json\/wp\/v2\/media?parent=45866"}],"wp:term":[{"taxonomy":"product_brand","embeddable":true,"href":"https:\/\/anadolupet.com.tr\/en\/wp-json\/wp\/v2\/product_brand?post=45866"},{"taxonomy":"product_cat","embeddable":true,"href":"https:\/\/anadolupet.com.tr\/en\/wp-json\/wp\/v2\/product_cat?post=45866"},{"taxonomy":"product_tag","embeddable":true,"href":"https:\/\/anadolupet.com.tr\/en\/wp-json\/wp\/v2\/product_tag?post=45866"}],"curies":[{"name":"wp","href":"https:\/\/api.w.org\/{rel}","templated":true}]}}