{"id":45875,"date":"2026-02-14T14:44:57","date_gmt":"2026-02-14T14:44:57","guid":{"rendered":"https:\/\/anadolupet.com.tr\/?post_type=product&#038;p=45875"},"modified":"2026-02-23T12:51:32","modified_gmt":"2026-02-23T12:51:32","slug":"moderna-scoopy-small-grid-dar-aralikli-kedi-kumu-kuregi-gri","status":"publish","type":"product","link":"https:\/\/anadolupet.com.tr\/en\/urun\/moderna-scoopy-small-grid-dar-aralikli-kedi-kumu-kuregi-gri\/","title":{"rendered":"Moderna Scoopy Small Grid Dar Aral\u0131kl\u0131 Kedi Kumu K\u00fcre\u011fi &#8211; Gri"},"content":{"rendered":"","protected":false},"excerpt":{"rendered":"<p>Scoopy Small Grid \u2013 Kedi Kumu K\u00fcre\u011fi<br \/>\nG\u00fcnl\u00fck temizlik art\u0131k \u00e7ok daha kolay! Scoopy Small Grid, kedinizin tuvalet temizli\u011fini zahmetsiz hale getirmek i\u00e7in \u00f6zel olarak tasarlanm\u0131\u015ft\u0131r. Ergonomik sap\u0131 sayesinde rahat kullan\u0131m sunarken, kompakt boyutu ile pratik ve h\u0131zl\u0131 temizlik sa\u011flar.<br \/>\n\ud83d\udc3e \u00d6ne \u00c7\u0131kan \u00d6zellikler<br \/>\nPratik tasar\u0131m \u2013 g\u00fcnl\u00fck temizlik i\u00e7in ideal<br \/>\nErgonomik sap \u2013 rahat ve konforlu kullan\u0131m sa\u011flar<br \/>\nKolay temizlik \u2013 \u0131l\u0131k sabunlu su ile zahmetsizce temizlenir<br \/>\nKum \u00f6mr\u00fcn\u00fc uzat\u0131r \u2013 d\u00fczenli kullan\u0131m k\u00f6t\u00fc kokular\u0131 \u00f6nler<br \/>\nT\u00fcm kum \u00e7e\u015fitleriyle uyumlu \u2013 topakla\u015fan veya klasik kumlarda kullan\u0131labilir<br \/>\nDayan\u0131kl\u0131 premium plastik \u2013 uzun \u00f6m\u00fcrl\u00fc kullan\u0131m, %100 geri d\u00f6n\u00fc\u015ft\u00fcr\u00fclebilir ve \u00e7evre dostu<br \/>\nScoopy Small Grid, kedinizin tuvaletini temiz tutarken sizin i\u00e7in hijyen ve kullan\u0131m kolayl\u0131\u011f\u0131 sa\u011flar. D\u00fczenli kullan\u0131m sayesinde kum daha uzun s\u00fcre dayan\u0131r ve k\u00f6t\u00fc kokular \u00f6nlenir.<br \/>\n\ud83d\udccf \u00dcr\u00fcn \u00d6l\u00e7\u00fcleri<br \/>\nUzunluk: 27.8 cm<br \/>\nGeni\u015flik: 10.3 cm<br \/>\nY\u00fckseklik: 4.3 cm<\/p>","protected":false},"featured_media":43471,"comment_status":"open","ping_status":"closed","template":"","meta":{"_acf_changed":false},"product_brand":[],"product_cat":[2430],"product_tag":[],"class_list":{"0":"post-45875","1":"product","2":"type-product","3":"status-publish","4":"has-post-thumbnail","6":"product_cat-kedi-tuvaletleri","8":"first","9":"instock","10":"shipping-taxable","11":"product-type-simple"},"acf":[],"yoast_head":"<!-- This site is optimized with the Yoast SEO plugin v27.4 - https:\/\/yoast.com\/product\/yoast-seo-wordpress\/ -->\n<title>Moderna Scoopy Small Grid Dar Aral\u0131kl\u0131 Kedi Kumu K\u00fcre\u011fi - Gri - Anadolu Pet Grup<\/title>\n<meta name=\"robots\" content=\"index, follow, max-snippet:-1, max-image-preview:large, max-video-preview:-1\" \/>\n<link rel=\"canonical\" href=\"https:\/\/anadolupet.com.tr\/en\/product\/moderna-scoopy-small-grid-dar-aralikli-kedi-kumu-kuregi-gri\/\" \/>\n<meta property=\"og:locale\" content=\"en_US\" \/>\n<meta property=\"og:type\" content=\"article\" \/>\n<meta property=\"og:title\" content=\"Moderna Scoopy Small Grid Dar Aral\u0131kl\u0131 Kedi Kumu K\u00fcre\u011fi - Gri - Anadolu Pet Grup\" \/>\n<meta property=\"og:description\" content=\"Scoopy Small Grid \u2013 Kedi Kumu K\u00fcre\u011fi G\u00fcnl\u00fck temizlik art\u0131k \u00e7ok daha kolay! Scoopy Small Grid, kedinizin tuvalet temizli\u011fini zahmetsiz hale getirmek i\u00e7in \u00f6zel olarak tasarlanm\u0131\u015ft\u0131r. Ergonomik sap\u0131 sayesinde rahat kullan\u0131m sunarken, kompakt boyutu ile pratik ve h\u0131zl\u0131 temizlik sa\u011flar. \ud83d\udc3e \u00d6ne \u00c7\u0131kan \u00d6zellikler Pratik tasar\u0131m \u2013 g\u00fcnl\u00fck temizlik i\u00e7in ideal Ergonomik sap \u2013 rahat ve konforlu kullan\u0131m sa\u011flar Kolay temizlik \u2013 \u0131l\u0131k sabunlu su ile zahmetsizce temizlenir Kum \u00f6mr\u00fcn\u00fc uzat\u0131r \u2013 d\u00fczenli kullan\u0131m k\u00f6t\u00fc kokular\u0131 \u00f6nler T\u00fcm kum \u00e7e\u015fitleriyle uyumlu \u2013 topakla\u015fan veya klasik kumlarda kullan\u0131labilir Dayan\u0131kl\u0131 premium plastik \u2013 uzun \u00f6m\u00fcrl\u00fc kullan\u0131m, %100 geri d\u00f6n\u00fc\u015ft\u00fcr\u00fclebilir ve \u00e7evre dostu Scoopy Small Grid, kedinizin tuvaletini temiz tutarken sizin i\u00e7in hijyen ve kullan\u0131m kolayl\u0131\u011f\u0131 sa\u011flar. D\u00fczenli kullan\u0131m sayesinde kum daha uzun s\u00fcre dayan\u0131r ve k\u00f6t\u00fc kokular \u00f6nlenir. \ud83d\udccf \u00dcr\u00fcn \u00d6l\u00e7\u00fcleri Uzunluk: 27.8 cm Geni\u015flik: 10.3 cm Y\u00fckseklik: 4.3 cm\" \/>\n<meta property=\"og:url\" content=\"https:\/\/anadolupet.com.tr\/en\/product\/moderna-scoopy-small-grid-dar-aralikli-kedi-kumu-kuregi-gri\/\" \/>\n<meta property=\"og:site_name\" content=\"Anadolu Pet Grup\" \/>\n<meta property=\"article:modified_time\" content=\"2026-02-23T12:51:32+00:00\" \/>\n<meta property=\"og:image\" content=\"https:\/\/anadolupet.com.tr\/wp-content\/uploads\/2026\/02\/242-C155-330.jpg\" \/>\n\t<meta property=\"og:image:width\" content=\"750\" \/>\n\t<meta property=\"og:image:height\" content=\"750\" \/>\n\t<meta property=\"og:image:type\" content=\"image\/jpeg\" \/>\n<meta name=\"twitter:card\" content=\"summary_large_image\" \/>\n<script type=\"application\/ld+json\" class=\"yoast-schema-graph\">{\"@context\":\"https:\\\/\\\/schema.org\",\"@graph\":[{\"@type\":\"WebPage\",\"@id\":\"https:\\\/\\\/anadolupet.com.tr\\\/urun\\\/moderna-scoopy-small-grid-dar-aralikli-kedi-kumu-kuregi-gri\\\/\",\"url\":\"https:\\\/\\\/anadolupet.com.tr\\\/urun\\\/moderna-scoopy-small-grid-dar-aralikli-kedi-kumu-kuregi-gri\\\/\",\"name\":\"Moderna Scoopy Small Grid Dar Aral\u0131kl\u0131 Kedi Kumu K\u00fcre\u011fi - Gri - Anadolu Pet Grup\",\"isPartOf\":{\"@id\":\"https:\\\/\\\/anadolupet.com.tr\\\/#website\"},\"primaryImageOfPage\":{\"@id\":\"https:\\\/\\\/anadolupet.com.tr\\\/urun\\\/moderna-scoopy-small-grid-dar-aralikli-kedi-kumu-kuregi-gri\\\/#primaryimage\"},\"image\":{\"@id\":\"https:\\\/\\\/anadolupet.com.tr\\\/urun\\\/moderna-scoopy-small-grid-dar-aralikli-kedi-kumu-kuregi-gri\\\/#primaryimage\"},\"thumbnailUrl\":\"https:\\\/\\\/anadolupet.com.tr\\\/wp-content\\\/uploads\\\/2026\\\/02\\\/242-C155-330.jpg\",\"datePublished\":\"2026-02-14T14:44:57+00:00\",\"dateModified\":\"2026-02-23T12:51:32+00:00\",\"breadcrumb\":{\"@id\":\"https:\\\/\\\/anadolupet.com.tr\\\/urun\\\/moderna-scoopy-small-grid-dar-aralikli-kedi-kumu-kuregi-gri\\\/#breadcrumb\"},\"inLanguage\":\"en-US\",\"potentialAction\":[{\"@type\":\"ReadAction\",\"target\":[\"https:\\\/\\\/anadolupet.com.tr\\\/urun\\\/moderna-scoopy-small-grid-dar-aralikli-kedi-kumu-kuregi-gri\\\/\"]}]},{\"@type\":\"ImageObject\",\"inLanguage\":\"en-US\",\"@id\":\"https:\\\/\\\/anadolupet.com.tr\\\/urun\\\/moderna-scoopy-small-grid-dar-aralikli-kedi-kumu-kuregi-gri\\\/#primaryimage\",\"url\":\"https:\\\/\\\/anadolupet.com.tr\\\/wp-content\\\/uploads\\\/2026\\\/02\\\/242-C155-330.jpg\",\"contentUrl\":\"https:\\\/\\\/anadolupet.com.tr\\\/wp-content\\\/uploads\\\/2026\\\/02\\\/242-C155-330.jpg\",\"width\":750,\"height\":750},{\"@type\":\"BreadcrumbList\",\"@id\":\"https:\\\/\\\/anadolupet.com.tr\\\/urun\\\/moderna-scoopy-small-grid-dar-aralikli-kedi-kumu-kuregi-gri\\\/#breadcrumb\",\"itemListElement\":[{\"@type\":\"ListItem\",\"position\":1,\"name\":\"Anasayfa\",\"item\":\"https:\\\/\\\/anadolupet.com.tr\\\/\"},{\"@type\":\"ListItem\",\"position\":2,\"name\":\"\u00dcr\u00fcnler\",\"item\":\"https:\\\/\\\/anadolupet.com.tr\\\/urunler\\\/\"},{\"@type\":\"ListItem\",\"position\":3,\"name\":\"Moderna Scoopy Small Grid Dar Aral\u0131kl\u0131 Kedi Kumu K\u00fcre\u011fi &#8211; Gri\"}]},{\"@type\":\"WebSite\",\"@id\":\"https:\\\/\\\/anadolupet.com.tr\\\/#website\",\"url\":\"https:\\\/\\\/anadolupet.com.tr\\\/\",\"name\":\"Anadolu Pet Grup\",\"description\":\"Her Can\u0131n \u0130yi Ya\u015fam\u0131 \u0130\u00e7in Biraraday\u0131z\",\"publisher\":{\"@id\":\"https:\\\/\\\/anadolupet.com.tr\\\/#organization\"},\"potentialAction\":[{\"@type\":\"SearchAction\",\"target\":{\"@type\":\"EntryPoint\",\"urlTemplate\":\"https:\\\/\\\/anadolupet.com.tr\\\/?s={search_term_string}\"},\"query-input\":{\"@type\":\"PropertyValueSpecification\",\"valueRequired\":true,\"valueName\":\"search_term_string\"}}],\"inLanguage\":\"en-US\"},{\"@type\":\"Organization\",\"@id\":\"https:\\\/\\\/anadolupet.com.tr\\\/#organization\",\"name\":\"Anadolu Pet Grup\",\"alternateName\":\"Anadolu Pet\",\"url\":\"https:\\\/\\\/anadolupet.com.tr\\\/\",\"logo\":{\"@type\":\"ImageObject\",\"inLanguage\":\"en-US\",\"@id\":\"https:\\\/\\\/anadolupet.com.tr\\\/#\\\/schema\\\/logo\\\/image\\\/\",\"url\":\"https:\\\/\\\/anadolupet.com.tr\\\/wp-content\\\/uploads\\\/2026\\\/03\\\/1614666743370.jpg\",\"contentUrl\":\"https:\\\/\\\/anadolupet.com.tr\\\/wp-content\\\/uploads\\\/2026\\\/03\\\/1614666743370.jpg\",\"width\":800,\"height\":571,\"caption\":\"Anadolu Pet Grup\"},\"image\":{\"@id\":\"https:\\\/\\\/anadolupet.com.tr\\\/#\\\/schema\\\/logo\\\/image\\\/\"}}]}<\/script>\n<!-- \/ Yoast SEO plugin. -->","yoast_head_json":{"title":"Moderna Scoopy Small Grid Dar Aral\u0131kl\u0131 Kedi Kumu K\u00fcre\u011fi - Gri - Anadolu Pet Grup","robots":{"index":"index","follow":"follow","max-snippet":"max-snippet:-1","max-image-preview":"max-image-preview:large","max-video-preview":"max-video-preview:-1"},"canonical":"https:\/\/anadolupet.com.tr\/en\/product\/moderna-scoopy-small-grid-dar-aralikli-kedi-kumu-kuregi-gri\/","og_locale":"en_US","og_type":"article","og_title":"Moderna Scoopy Small Grid Dar Aral\u0131kl\u0131 Kedi Kumu K\u00fcre\u011fi - Gri - Anadolu Pet Grup","og_description":"Scoopy Small Grid \u2013 Kedi Kumu K\u00fcre\u011fi G\u00fcnl\u00fck temizlik art\u0131k \u00e7ok daha kolay! Scoopy Small Grid, kedinizin tuvalet temizli\u011fini zahmetsiz hale getirmek i\u00e7in \u00f6zel olarak tasarlanm\u0131\u015ft\u0131r. Ergonomik sap\u0131 sayesinde rahat kullan\u0131m sunarken, kompakt boyutu ile pratik ve h\u0131zl\u0131 temizlik sa\u011flar. \ud83d\udc3e \u00d6ne \u00c7\u0131kan \u00d6zellikler Pratik tasar\u0131m \u2013 g\u00fcnl\u00fck temizlik i\u00e7in ideal Ergonomik sap \u2013 rahat ve konforlu kullan\u0131m sa\u011flar Kolay temizlik \u2013 \u0131l\u0131k sabunlu su ile zahmetsizce temizlenir Kum \u00f6mr\u00fcn\u00fc uzat\u0131r \u2013 d\u00fczenli kullan\u0131m k\u00f6t\u00fc kokular\u0131 \u00f6nler T\u00fcm kum \u00e7e\u015fitleriyle uyumlu \u2013 topakla\u015fan veya klasik kumlarda kullan\u0131labilir Dayan\u0131kl\u0131 premium plastik \u2013 uzun \u00f6m\u00fcrl\u00fc kullan\u0131m, %100 geri d\u00f6n\u00fc\u015ft\u00fcr\u00fclebilir ve \u00e7evre dostu Scoopy Small Grid, kedinizin tuvaletini temiz tutarken sizin i\u00e7in hijyen ve kullan\u0131m kolayl\u0131\u011f\u0131 sa\u011flar. D\u00fczenli kullan\u0131m sayesinde kum daha uzun s\u00fcre dayan\u0131r ve k\u00f6t\u00fc kokular \u00f6nlenir. \ud83d\udccf \u00dcr\u00fcn \u00d6l\u00e7\u00fcleri Uzunluk: 27.8 cm Geni\u015flik: 10.3 cm Y\u00fckseklik: 4.3 cm","og_url":"https:\/\/anadolupet.com.tr\/en\/product\/moderna-scoopy-small-grid-dar-aralikli-kedi-kumu-kuregi-gri\/","og_site_name":"Anadolu Pet Grup","article_modified_time":"2026-02-23T12:51:32+00:00","og_image":[{"width":750,"height":750,"url":"https:\/\/anadolupet.com.tr\/wp-content\/uploads\/2026\/02\/242-C155-330.jpg","type":"image\/jpeg"}],"twitter_card":"summary_large_image","schema":{"@context":"https:\/\/schema.org","@graph":[{"@type":"WebPage","@id":"https:\/\/anadolupet.com.tr\/urun\/moderna-scoopy-small-grid-dar-aralikli-kedi-kumu-kuregi-gri\/","url":"https:\/\/anadolupet.com.tr\/urun\/moderna-scoopy-small-grid-dar-aralikli-kedi-kumu-kuregi-gri\/","name":"Moderna Scoopy Small Grid Dar Aral\u0131kl\u0131 Kedi Kumu K\u00fcre\u011fi - Gri - Anadolu Pet Grup","isPartOf":{"@id":"https:\/\/anadolupet.com.tr\/#website"},"primaryImageOfPage":{"@id":"https:\/\/anadolupet.com.tr\/urun\/moderna-scoopy-small-grid-dar-aralikli-kedi-kumu-kuregi-gri\/#primaryimage"},"image":{"@id":"https:\/\/anadolupet.com.tr\/urun\/moderna-scoopy-small-grid-dar-aralikli-kedi-kumu-kuregi-gri\/#primaryimage"},"thumbnailUrl":"https:\/\/anadolupet.com.tr\/wp-content\/uploads\/2026\/02\/242-C155-330.jpg","datePublished":"2026-02-14T14:44:57+00:00","dateModified":"2026-02-23T12:51:32+00:00","breadcrumb":{"@id":"https:\/\/anadolupet.com.tr\/urun\/moderna-scoopy-small-grid-dar-aralikli-kedi-kumu-kuregi-gri\/#breadcrumb"},"inLanguage":"en-US","potentialAction":[{"@type":"ReadAction","target":["https:\/\/anadolupet.com.tr\/urun\/moderna-scoopy-small-grid-dar-aralikli-kedi-kumu-kuregi-gri\/"]}]},{"@type":"ImageObject","inLanguage":"en-US","@id":"https:\/\/anadolupet.com.tr\/urun\/moderna-scoopy-small-grid-dar-aralikli-kedi-kumu-kuregi-gri\/#primaryimage","url":"https:\/\/anadolupet.com.tr\/wp-content\/uploads\/2026\/02\/242-C155-330.jpg","contentUrl":"https:\/\/anadolupet.com.tr\/wp-content\/uploads\/2026\/02\/242-C155-330.jpg","width":750,"height":750},{"@type":"BreadcrumbList","@id":"https:\/\/anadolupet.com.tr\/urun\/moderna-scoopy-small-grid-dar-aralikli-kedi-kumu-kuregi-gri\/#breadcrumb","itemListElement":[{"@type":"ListItem","position":1,"name":"Anasayfa","item":"https:\/\/anadolupet.com.tr\/"},{"@type":"ListItem","position":2,"name":"\u00dcr\u00fcnler","item":"https:\/\/anadolupet.com.tr\/urunler\/"},{"@type":"ListItem","position":3,"name":"Moderna Scoopy Small Grid Dar Aral\u0131kl\u0131 Kedi Kumu K\u00fcre\u011fi &#8211; Gri"}]},{"@type":"WebSite","@id":"https:\/\/anadolupet.com.tr\/#website","url":"https:\/\/anadolupet.com.tr\/","name":"Anadolu Pet Group","description":"We Stand Together for the Well-Being of Every Life","publisher":{"@id":"https:\/\/anadolupet.com.tr\/#organization"},"potentialAction":[{"@type":"SearchAction","target":{"@type":"EntryPoint","urlTemplate":"https:\/\/anadolupet.com.tr\/?s={search_term_string}"},"query-input":{"@type":"PropertyValueSpecification","valueRequired":true,"valueName":"search_term_string"}}],"inLanguage":"en-US"},{"@type":"Organization","@id":"https:\/\/anadolupet.com.tr\/#organization","name":"Anadolu Pet Group","alternateName":"Anadolu Pet","url":"https:\/\/anadolupet.com.tr\/","logo":{"@type":"ImageObject","inLanguage":"en-US","@id":"https:\/\/anadolupet.com.tr\/#\/schema\/logo\/image\/","url":"https:\/\/anadolupet.com.tr\/wp-content\/uploads\/2026\/03\/1614666743370.jpg","contentUrl":"https:\/\/anadolupet.com.tr\/wp-content\/uploads\/2026\/03\/1614666743370.jpg","width":800,"height":571,"caption":"Anadolu Pet Grup"},"image":{"@id":"https:\/\/anadolupet.com.tr\/#\/schema\/logo\/image\/"}}]}},"_links":{"self":[{"href":"https:\/\/anadolupet.com.tr\/en\/wp-json\/wp\/v2\/product\/45875","targetHints":{"allow":["GET"]}}],"collection":[{"href":"https:\/\/anadolupet.com.tr\/en\/wp-json\/wp\/v2\/product"}],"about":[{"href":"https:\/\/anadolupet.com.tr\/en\/wp-json\/wp\/v2\/types\/product"}],"replies":[{"embeddable":true,"href":"https:\/\/anadolupet.com.tr\/en\/wp-json\/wp\/v2\/comments?post=45875"}],"wp:featuredmedia":[{"embeddable":true,"href":"https:\/\/anadolupet.com.tr\/en\/wp-json\/wp\/v2\/media\/43471"}],"wp:attachment":[{"href":"https:\/\/anadolupet.com.tr\/en\/wp-json\/wp\/v2\/media?parent=45875"}],"wp:term":[{"taxonomy":"product_brand","embeddable":true,"href":"https:\/\/anadolupet.com.tr\/en\/wp-json\/wp\/v2\/product_brand?post=45875"},{"taxonomy":"product_cat","embeddable":true,"href":"https:\/\/anadolupet.com.tr\/en\/wp-json\/wp\/v2\/product_cat?post=45875"},{"taxonomy":"product_tag","embeddable":true,"href":"https:\/\/anadolupet.com.tr\/en\/wp-json\/wp\/v2\/product_tag?post=45875"}],"curies":[{"name":"wp","href":"https:\/\/api.w.org\/{rel}","templated":true}]}}