{"id":45887,"date":"2026-02-14T14:44:58","date_gmt":"2026-02-14T14:44:58","guid":{"rendered":"https:\/\/anadolupet.com.tr\/?post_type=product&#038;p=45887"},"modified":"2026-02-23T12:51:33","modified_gmt":"2026-02-23T12:51:33","slug":"moderna-sensibowl-mama-kabi-siyah-700-ml","status":"publish","type":"product","link":"https:\/\/anadolupet.com.tr\/en\/urun\/moderna-sensibowl-mama-kabi-siyah-700-ml\/","title":{"rendered":"Moderna Sensibowl Mama Kab\u0131 &#8211; Siyah 700 ML"},"content":{"rendered":"","protected":false},"excerpt":{"rendered":"<p>Sensibowl Medium \u2013 Mama Kab\u0131 (700 ml)<br \/>\nDenizden ilham alan tasar\u0131m, huzurlu bir beslenme deneyimi! Sensibowl Medium, zarif tasar\u0131m\u0131yla kedinizin veya k\u00f6pe\u011finizin \u00f6\u011f\u00fcnlerini adeta bir \u201czen\u201d an\u0131na d\u00f6n\u00fc\u015ft\u00fcr\u00fcr. Mat d\u0131\u015f y\u00fczey ve parlak i\u00e7 kaplama ile \u015f\u0131kl\u0131\u011f\u0131 birle\u015ftirirken, \u00f6zel formu sayesinde evcil dostunuzun rahat\u00e7a yemek yemesine yard\u0131mc\u0131 olur.<br \/>\n\u00d6ne \u00c7\u0131kan \u00d6zellikler<br \/>\nDenizden ilham alan \u00f6zel tasar\u0131m<br \/>\nMat d\u0131\u015f y\u00fczey ve parlak i\u00e7 kaplama<br \/>\nKaymaz kau\u00e7uk ayaklar ile sabit kullan\u0131m<br \/>\nErgonomik tutma kenarlar\u0131 sayesinde g\u00fcvenli kavrama<br \/>\nSa\u011flam ve dengeli taban, devrilmeyi \u00f6nler<br \/>\nKolay temizlenebilir, bula\u015f\u0131k makinesinde y\u0131kanabilir<br \/>\n\u00d6zel formu sayesinde kolay beslenme<br \/>\nPremium plastik malzeme, uzun \u00f6m\u00fcrl\u00fc ve toksik madde i\u00e7ermez<br \/>\nBPA\u2019s\u0131z, %100 geri d\u00f6n\u00fc\u015ft\u00fcr\u00fclebilir \u00e7evre dostu \u00fcretim<br \/>\nFarkl\u0131 boy se\u00e7enekleri ile her \u0131rk i\u00e7in uygun<br \/>\nKolayca istiflenebilir, yerden tasarruf sa\u011flar<br \/>\nSensibowl Medium, evcil dostunuzun \u00f6\u011f\u00fcnlerini hem \u015f\u0131k hem de konforlu hale getirir. Modern tasar\u0131m\u0131yla evinize uyum sa\u011flarken, pratik kullan\u0131m\u0131yla g\u00fcnl\u00fck ya\u015famda vazge\u00e7ilmezdir.<br \/>\nHacim 700 ml<br \/>\n\u00dcr\u00fcn \u00d6l\u00e7\u00fcleri 25 x 18 x 8.1 cm<\/p>","protected":false},"featured_media":43410,"comment_status":"open","ping_status":"closed","template":"","meta":{"_acf_changed":false},"product_brand":[],"product_cat":[2453],"product_tag":[],"class_list":{"0":"post-45887","1":"product","2":"type-product","3":"status-publish","4":"has-post-thumbnail","6":"product_cat-mama-kaplari-kopek","8":"first","9":"instock","10":"shipping-taxable","11":"product-type-simple"},"acf":[],"yoast_head":"<!-- This site is optimized with the Yoast SEO plugin v27.4 - https:\/\/yoast.com\/product\/yoast-seo-wordpress\/ -->\n<title>Moderna Sensibowl Mama Kab\u0131 - Siyah 700 ML - Anadolu Pet Grup<\/title>\n<meta name=\"robots\" content=\"index, follow, max-snippet:-1, max-image-preview:large, max-video-preview:-1\" \/>\n<link rel=\"canonical\" href=\"https:\/\/anadolupet.com.tr\/en\/product\/moderna-sensibowl-mama-kabi-siyah-700-ml\/\" \/>\n<meta property=\"og:locale\" content=\"en_US\" \/>\n<meta property=\"og:type\" content=\"article\" \/>\n<meta property=\"og:title\" content=\"Moderna Sensibowl Mama Kab\u0131 - Siyah 700 ML - Anadolu Pet Grup\" \/>\n<meta property=\"og:description\" content=\"Sensibowl Medium \u2013 Mama Kab\u0131 (700 ml) Denizden ilham alan tasar\u0131m, huzurlu bir beslenme deneyimi! Sensibowl Medium, zarif tasar\u0131m\u0131yla kedinizin veya k\u00f6pe\u011finizin \u00f6\u011f\u00fcnlerini adeta bir \u201czen\u201d an\u0131na d\u00f6n\u00fc\u015ft\u00fcr\u00fcr. Mat d\u0131\u015f y\u00fczey ve parlak i\u00e7 kaplama ile \u015f\u0131kl\u0131\u011f\u0131 birle\u015ftirirken, \u00f6zel formu sayesinde evcil dostunuzun rahat\u00e7a yemek yemesine yard\u0131mc\u0131 olur. \u00d6ne \u00c7\u0131kan \u00d6zellikler Denizden ilham alan \u00f6zel tasar\u0131m Mat d\u0131\u015f y\u00fczey ve parlak i\u00e7 kaplama Kaymaz kau\u00e7uk ayaklar ile sabit kullan\u0131m Ergonomik tutma kenarlar\u0131 sayesinde g\u00fcvenli kavrama Sa\u011flam ve dengeli taban, devrilmeyi \u00f6nler Kolay temizlenebilir, bula\u015f\u0131k makinesinde y\u0131kanabilir \u00d6zel formu sayesinde kolay beslenme Premium plastik malzeme, uzun \u00f6m\u00fcrl\u00fc ve toksik madde i\u00e7ermez BPA\u2019s\u0131z, %100 geri d\u00f6n\u00fc\u015ft\u00fcr\u00fclebilir \u00e7evre dostu \u00fcretim Farkl\u0131 boy se\u00e7enekleri ile her \u0131rk i\u00e7in uygun Kolayca istiflenebilir, yerden tasarruf sa\u011flar Sensibowl Medium, evcil dostunuzun \u00f6\u011f\u00fcnlerini hem \u015f\u0131k hem de konforlu hale getirir. Modern tasar\u0131m\u0131yla evinize uyum sa\u011flarken, pratik kullan\u0131m\u0131yla g\u00fcnl\u00fck ya\u015famda vazge\u00e7ilmezdir. Hacim 700 ml \u00dcr\u00fcn \u00d6l\u00e7\u00fcleri 25 x 18 x 8.1 cm\" \/>\n<meta property=\"og:url\" content=\"https:\/\/anadolupet.com.tr\/en\/product\/moderna-sensibowl-mama-kabi-siyah-700-ml\/\" \/>\n<meta property=\"og:site_name\" content=\"Anadolu Pet Grup\" \/>\n<meta property=\"article:modified_time\" content=\"2026-02-23T12:51:33+00:00\" \/>\n<meta property=\"og:image\" content=\"https:\/\/anadolupet.com.tr\/wp-content\/uploads\/2026\/02\/242-AO02-0015.jpg\" \/>\n\t<meta property=\"og:image:width\" content=\"750\" \/>\n\t<meta property=\"og:image:height\" content=\"750\" \/>\n\t<meta property=\"og:image:type\" content=\"image\/jpeg\" \/>\n<meta name=\"twitter:card\" content=\"summary_large_image\" \/>\n<script type=\"application\/ld+json\" class=\"yoast-schema-graph\">{\"@context\":\"https:\\\/\\\/schema.org\",\"@graph\":[{\"@type\":\"WebPage\",\"@id\":\"https:\\\/\\\/anadolupet.com.tr\\\/urun\\\/moderna-sensibowl-mama-kabi-siyah-700-ml\\\/\",\"url\":\"https:\\\/\\\/anadolupet.com.tr\\\/urun\\\/moderna-sensibowl-mama-kabi-siyah-700-ml\\\/\",\"name\":\"Moderna Sensibowl Mama Kab\u0131 - Siyah 700 ML - Anadolu Pet Grup\",\"isPartOf\":{\"@id\":\"https:\\\/\\\/anadolupet.com.tr\\\/#website\"},\"primaryImageOfPage\":{\"@id\":\"https:\\\/\\\/anadolupet.com.tr\\\/urun\\\/moderna-sensibowl-mama-kabi-siyah-700-ml\\\/#primaryimage\"},\"image\":{\"@id\":\"https:\\\/\\\/anadolupet.com.tr\\\/urun\\\/moderna-sensibowl-mama-kabi-siyah-700-ml\\\/#primaryimage\"},\"thumbnailUrl\":\"https:\\\/\\\/anadolupet.com.tr\\\/wp-content\\\/uploads\\\/2026\\\/02\\\/242-AO02-0015.jpg\",\"datePublished\":\"2026-02-14T14:44:58+00:00\",\"dateModified\":\"2026-02-23T12:51:33+00:00\",\"breadcrumb\":{\"@id\":\"https:\\\/\\\/anadolupet.com.tr\\\/urun\\\/moderna-sensibowl-mama-kabi-siyah-700-ml\\\/#breadcrumb\"},\"inLanguage\":\"en-US\",\"potentialAction\":[{\"@type\":\"ReadAction\",\"target\":[\"https:\\\/\\\/anadolupet.com.tr\\\/urun\\\/moderna-sensibowl-mama-kabi-siyah-700-ml\\\/\"]}]},{\"@type\":\"ImageObject\",\"inLanguage\":\"en-US\",\"@id\":\"https:\\\/\\\/anadolupet.com.tr\\\/urun\\\/moderna-sensibowl-mama-kabi-siyah-700-ml\\\/#primaryimage\",\"url\":\"https:\\\/\\\/anadolupet.com.tr\\\/wp-content\\\/uploads\\\/2026\\\/02\\\/242-AO02-0015.jpg\",\"contentUrl\":\"https:\\\/\\\/anadolupet.com.tr\\\/wp-content\\\/uploads\\\/2026\\\/02\\\/242-AO02-0015.jpg\",\"width\":750,\"height\":750},{\"@type\":\"BreadcrumbList\",\"@id\":\"https:\\\/\\\/anadolupet.com.tr\\\/urun\\\/moderna-sensibowl-mama-kabi-siyah-700-ml\\\/#breadcrumb\",\"itemListElement\":[{\"@type\":\"ListItem\",\"position\":1,\"name\":\"Anasayfa\",\"item\":\"https:\\\/\\\/anadolupet.com.tr\\\/\"},{\"@type\":\"ListItem\",\"position\":2,\"name\":\"\u00dcr\u00fcnler\",\"item\":\"https:\\\/\\\/anadolupet.com.tr\\\/urunler\\\/\"},{\"@type\":\"ListItem\",\"position\":3,\"name\":\"Moderna Sensibowl Mama Kab\u0131 &#8211; Siyah 700 ML\"}]},{\"@type\":\"WebSite\",\"@id\":\"https:\\\/\\\/anadolupet.com.tr\\\/#website\",\"url\":\"https:\\\/\\\/anadolupet.com.tr\\\/\",\"name\":\"Anadolu Pet Grup\",\"description\":\"Her Can\u0131n \u0130yi Ya\u015fam\u0131 \u0130\u00e7in Biraraday\u0131z\",\"publisher\":{\"@id\":\"https:\\\/\\\/anadolupet.com.tr\\\/#organization\"},\"potentialAction\":[{\"@type\":\"SearchAction\",\"target\":{\"@type\":\"EntryPoint\",\"urlTemplate\":\"https:\\\/\\\/anadolupet.com.tr\\\/?s={search_term_string}\"},\"query-input\":{\"@type\":\"PropertyValueSpecification\",\"valueRequired\":true,\"valueName\":\"search_term_string\"}}],\"inLanguage\":\"en-US\"},{\"@type\":\"Organization\",\"@id\":\"https:\\\/\\\/anadolupet.com.tr\\\/#organization\",\"name\":\"Anadolu Pet Grup\",\"alternateName\":\"Anadolu Pet\",\"url\":\"https:\\\/\\\/anadolupet.com.tr\\\/\",\"logo\":{\"@type\":\"ImageObject\",\"inLanguage\":\"en-US\",\"@id\":\"https:\\\/\\\/anadolupet.com.tr\\\/#\\\/schema\\\/logo\\\/image\\\/\",\"url\":\"https:\\\/\\\/anadolupet.com.tr\\\/wp-content\\\/uploads\\\/2026\\\/03\\\/1614666743370.jpg\",\"contentUrl\":\"https:\\\/\\\/anadolupet.com.tr\\\/wp-content\\\/uploads\\\/2026\\\/03\\\/1614666743370.jpg\",\"width\":800,\"height\":571,\"caption\":\"Anadolu Pet Grup\"},\"image\":{\"@id\":\"https:\\\/\\\/anadolupet.com.tr\\\/#\\\/schema\\\/logo\\\/image\\\/\"}}]}<\/script>\n<!-- \/ Yoast SEO plugin. -->","yoast_head_json":{"title":"Moderna Sensibowl Mama Kab\u0131 - Siyah 700 ML - Anadolu Pet Grup","robots":{"index":"index","follow":"follow","max-snippet":"max-snippet:-1","max-image-preview":"max-image-preview:large","max-video-preview":"max-video-preview:-1"},"canonical":"https:\/\/anadolupet.com.tr\/en\/product\/moderna-sensibowl-mama-kabi-siyah-700-ml\/","og_locale":"en_US","og_type":"article","og_title":"Moderna Sensibowl Mama Kab\u0131 - Siyah 700 ML - Anadolu Pet Grup","og_description":"Sensibowl Medium \u2013 Mama Kab\u0131 (700 ml) Denizden ilham alan tasar\u0131m, huzurlu bir beslenme deneyimi! Sensibowl Medium, zarif tasar\u0131m\u0131yla kedinizin veya k\u00f6pe\u011finizin \u00f6\u011f\u00fcnlerini adeta bir \u201czen\u201d an\u0131na d\u00f6n\u00fc\u015ft\u00fcr\u00fcr. Mat d\u0131\u015f y\u00fczey ve parlak i\u00e7 kaplama ile \u015f\u0131kl\u0131\u011f\u0131 birle\u015ftirirken, \u00f6zel formu sayesinde evcil dostunuzun rahat\u00e7a yemek yemesine yard\u0131mc\u0131 olur. \u00d6ne \u00c7\u0131kan \u00d6zellikler Denizden ilham alan \u00f6zel tasar\u0131m Mat d\u0131\u015f y\u00fczey ve parlak i\u00e7 kaplama Kaymaz kau\u00e7uk ayaklar ile sabit kullan\u0131m Ergonomik tutma kenarlar\u0131 sayesinde g\u00fcvenli kavrama Sa\u011flam ve dengeli taban, devrilmeyi \u00f6nler Kolay temizlenebilir, bula\u015f\u0131k makinesinde y\u0131kanabilir \u00d6zel formu sayesinde kolay beslenme Premium plastik malzeme, uzun \u00f6m\u00fcrl\u00fc ve toksik madde i\u00e7ermez BPA\u2019s\u0131z, %100 geri d\u00f6n\u00fc\u015ft\u00fcr\u00fclebilir \u00e7evre dostu \u00fcretim Farkl\u0131 boy se\u00e7enekleri ile her \u0131rk i\u00e7in uygun Kolayca istiflenebilir, yerden tasarruf sa\u011flar Sensibowl Medium, evcil dostunuzun \u00f6\u011f\u00fcnlerini hem \u015f\u0131k hem de konforlu hale getirir. Modern tasar\u0131m\u0131yla evinize uyum sa\u011flarken, pratik kullan\u0131m\u0131yla g\u00fcnl\u00fck ya\u015famda vazge\u00e7ilmezdir. Hacim 700 ml \u00dcr\u00fcn \u00d6l\u00e7\u00fcleri 25 x 18 x 8.1 cm","og_url":"https:\/\/anadolupet.com.tr\/en\/product\/moderna-sensibowl-mama-kabi-siyah-700-ml\/","og_site_name":"Anadolu Pet Grup","article_modified_time":"2026-02-23T12:51:33+00:00","og_image":[{"width":750,"height":750,"url":"https:\/\/anadolupet.com.tr\/wp-content\/uploads\/2026\/02\/242-AO02-0015.jpg","type":"image\/jpeg"}],"twitter_card":"summary_large_image","schema":{"@context":"https:\/\/schema.org","@graph":[{"@type":"WebPage","@id":"https:\/\/anadolupet.com.tr\/urun\/moderna-sensibowl-mama-kabi-siyah-700-ml\/","url":"https:\/\/anadolupet.com.tr\/urun\/moderna-sensibowl-mama-kabi-siyah-700-ml\/","name":"Moderna Sensibowl Mama Kab\u0131 - Siyah 700 ML - Anadolu Pet Grup","isPartOf":{"@id":"https:\/\/anadolupet.com.tr\/#website"},"primaryImageOfPage":{"@id":"https:\/\/anadolupet.com.tr\/urun\/moderna-sensibowl-mama-kabi-siyah-700-ml\/#primaryimage"},"image":{"@id":"https:\/\/anadolupet.com.tr\/urun\/moderna-sensibowl-mama-kabi-siyah-700-ml\/#primaryimage"},"thumbnailUrl":"https:\/\/anadolupet.com.tr\/wp-content\/uploads\/2026\/02\/242-AO02-0015.jpg","datePublished":"2026-02-14T14:44:58+00:00","dateModified":"2026-02-23T12:51:33+00:00","breadcrumb":{"@id":"https:\/\/anadolupet.com.tr\/urun\/moderna-sensibowl-mama-kabi-siyah-700-ml\/#breadcrumb"},"inLanguage":"en-US","potentialAction":[{"@type":"ReadAction","target":["https:\/\/anadolupet.com.tr\/urun\/moderna-sensibowl-mama-kabi-siyah-700-ml\/"]}]},{"@type":"ImageObject","inLanguage":"en-US","@id":"https:\/\/anadolupet.com.tr\/urun\/moderna-sensibowl-mama-kabi-siyah-700-ml\/#primaryimage","url":"https:\/\/anadolupet.com.tr\/wp-content\/uploads\/2026\/02\/242-AO02-0015.jpg","contentUrl":"https:\/\/anadolupet.com.tr\/wp-content\/uploads\/2026\/02\/242-AO02-0015.jpg","width":750,"height":750},{"@type":"BreadcrumbList","@id":"https:\/\/anadolupet.com.tr\/urun\/moderna-sensibowl-mama-kabi-siyah-700-ml\/#breadcrumb","itemListElement":[{"@type":"ListItem","position":1,"name":"Anasayfa","item":"https:\/\/anadolupet.com.tr\/"},{"@type":"ListItem","position":2,"name":"\u00dcr\u00fcnler","item":"https:\/\/anadolupet.com.tr\/urunler\/"},{"@type":"ListItem","position":3,"name":"Moderna Sensibowl Mama Kab\u0131 &#8211; Siyah 700 ML"}]},{"@type":"WebSite","@id":"https:\/\/anadolupet.com.tr\/#website","url":"https:\/\/anadolupet.com.tr\/","name":"Anadolu Pet Group","description":"We Stand Together for the Well-Being of Every Life","publisher":{"@id":"https:\/\/anadolupet.com.tr\/#organization"},"potentialAction":[{"@type":"SearchAction","target":{"@type":"EntryPoint","urlTemplate":"https:\/\/anadolupet.com.tr\/?s={search_term_string}"},"query-input":{"@type":"PropertyValueSpecification","valueRequired":true,"valueName":"search_term_string"}}],"inLanguage":"en-US"},{"@type":"Organization","@id":"https:\/\/anadolupet.com.tr\/#organization","name":"Anadolu Pet Group","alternateName":"Anadolu Pet","url":"https:\/\/anadolupet.com.tr\/","logo":{"@type":"ImageObject","inLanguage":"en-US","@id":"https:\/\/anadolupet.com.tr\/#\/schema\/logo\/image\/","url":"https:\/\/anadolupet.com.tr\/wp-content\/uploads\/2026\/03\/1614666743370.jpg","contentUrl":"https:\/\/anadolupet.com.tr\/wp-content\/uploads\/2026\/03\/1614666743370.jpg","width":800,"height":571,"caption":"Anadolu Pet Grup"},"image":{"@id":"https:\/\/anadolupet.com.tr\/#\/schema\/logo\/image\/"}}]}},"_links":{"self":[{"href":"https:\/\/anadolupet.com.tr\/en\/wp-json\/wp\/v2\/product\/45887","targetHints":{"allow":["GET"]}}],"collection":[{"href":"https:\/\/anadolupet.com.tr\/en\/wp-json\/wp\/v2\/product"}],"about":[{"href":"https:\/\/anadolupet.com.tr\/en\/wp-json\/wp\/v2\/types\/product"}],"replies":[{"embeddable":true,"href":"https:\/\/anadolupet.com.tr\/en\/wp-json\/wp\/v2\/comments?post=45887"}],"wp:featuredmedia":[{"embeddable":true,"href":"https:\/\/anadolupet.com.tr\/en\/wp-json\/wp\/v2\/media\/43410"}],"wp:attachment":[{"href":"https:\/\/anadolupet.com.tr\/en\/wp-json\/wp\/v2\/media?parent=45887"}],"wp:term":[{"taxonomy":"product_brand","embeddable":true,"href":"https:\/\/anadolupet.com.tr\/en\/wp-json\/wp\/v2\/product_brand?post=45887"},{"taxonomy":"product_cat","embeddable":true,"href":"https:\/\/anadolupet.com.tr\/en\/wp-json\/wp\/v2\/product_cat?post=45887"},{"taxonomy":"product_tag","embeddable":true,"href":"https:\/\/anadolupet.com.tr\/en\/wp-json\/wp\/v2\/product_tag?post=45887"}],"curies":[{"name":"wp","href":"https:\/\/api.w.org\/{rel}","templated":true}]}}