{"id":45891,"date":"2026-02-14T14:44:59","date_gmt":"2026-02-14T14:44:59","guid":{"rendered":"https:\/\/anadolupet.com.tr\/?post_type=product&#038;p=45891"},"modified":"2026-02-23T12:51:33","modified_gmt":"2026-02-23T12:51:33","slug":"moderna-smart-hazneli-mama-kabi-gri-15-lt","status":"publish","type":"product","link":"https:\/\/anadolupet.com.tr\/en\/urun\/moderna-smart-hazneli-mama-kabi-gri-15-lt\/","title":{"rendered":"Moderna Smart Hazneli Mama Kab\u0131 &#8211; Gri 1,5 LT"},"content":{"rendered":"","protected":false},"excerpt":{"rendered":"<p>Smart Snacker Large \u2013 Mama Otomati\u011fi (1,5 L)<br \/>\nEvcil dostunuz i\u00e7in s\u00fcrekli tazelik ve pratik kullan\u0131m! Smart Snacker Large, yer\u00e7ekimi prensibiyle \u00e7al\u0131\u015fan mama otomati\u011fi sayesinde kedinizin veya k\u00f6pe\u011finizin mamas\u0131 her zaman haz\u0131r olur. \u015eeffaf haznesi ile mama seviyesini kolayca takip edebilir, geni\u015f hacmi sayesinde uzun s\u00fcreli kullan\u0131m sa\u011flayabilirsiniz.<br \/>\n\u00d6ne \u00c7\u0131kan \u00d6zellikler<br \/>\nYer\u00e7ekimi sistemi ile s\u00fcrekli mama ak\u0131\u015f\u0131, ta\u015fma yapmaz<br \/>\nKaymaz kau\u00e7uk ayaklar ile sabit kullan\u0131m<br \/>\nErgonomik tutma kenarlar\u0131 sayesinde g\u00fcvenli kavrama<br \/>\nSa\u011flam ve dengeli taban, devrilmeyi \u00f6nler<br \/>\nKolay doldurma i\u00e7in kapakl\u0131 tasar\u0131m<br \/>\n\u015eeffaf silo sayesinde mama seviyesini an\u0131nda g\u00f6rebilme<br \/>\nBula\u015f\u0131k makinesinde y\u0131kanabilir, kolay temizlik sa\u011flar<br \/>\nBPA\u2019s\u0131z, toksik madde i\u00e7ermeyen premium plastik<br \/>\n%100 geri d\u00f6n\u00fc\u015ft\u00fcr\u00fclebilir, \u00e7evre dostu \u00fcretim<br \/>\nFarkl\u0131 boy se\u00e7enekleri ile her \u0131rk i\u00e7in uygun<br \/>\nSmart Snacker Large, evcil dostunuzun mamas\u0131n\u0131 her zaman taze ve ula\u015f\u0131labilir tutar. Pratik tasar\u0131m\u0131 sayesinde g\u00fcnl\u00fck kullan\u0131mda hijyen ve kolayl\u0131k sa\u011flar.<br \/>\nHacim 1,5 L<br \/>\n\u00dcr\u00fcn \u00d6l\u00e7\u00fcleri<\/p>","protected":false},"featured_media":43541,"comment_status":"open","ping_status":"closed","template":"","meta":{"_acf_changed":false},"product_brand":[],"product_cat":[2431],"product_tag":[],"class_list":{"0":"post-45891","1":"product","2":"type-product","3":"status-publish","4":"has-post-thumbnail","6":"product_cat-mama-kaplari","8":"first","9":"instock","10":"shipping-taxable","11":"product-type-simple"},"acf":[],"yoast_head":"<!-- This site is optimized with the Yoast SEO plugin v27.5 - https:\/\/yoast.com\/product\/yoast-seo-wordpress\/ -->\n<title>Moderna Smart Hazneli Mama Kab\u0131 - Gri 1,5 LT - Anadolu Pet Grup<\/title>\n<meta name=\"robots\" content=\"index, follow, max-snippet:-1, max-image-preview:large, max-video-preview:-1\" \/>\n<link rel=\"canonical\" href=\"https:\/\/anadolupet.com.tr\/en\/product\/moderna-smart-hazneli-mama-kabi-gri-15-lt\/\" \/>\n<meta property=\"og:locale\" content=\"en_US\" \/>\n<meta property=\"og:type\" content=\"article\" \/>\n<meta property=\"og:title\" content=\"Moderna Smart Hazneli Mama Kab\u0131 - Gri 1,5 LT - Anadolu Pet Grup\" \/>\n<meta property=\"og:description\" content=\"Smart Snacker Large \u2013 Mama Otomati\u011fi (1,5 L) Evcil dostunuz i\u00e7in s\u00fcrekli tazelik ve pratik kullan\u0131m! Smart Snacker Large, yer\u00e7ekimi prensibiyle \u00e7al\u0131\u015fan mama otomati\u011fi sayesinde kedinizin veya k\u00f6pe\u011finizin mamas\u0131 her zaman haz\u0131r olur. \u015eeffaf haznesi ile mama seviyesini kolayca takip edebilir, geni\u015f hacmi sayesinde uzun s\u00fcreli kullan\u0131m sa\u011flayabilirsiniz. \u00d6ne \u00c7\u0131kan \u00d6zellikler Yer\u00e7ekimi sistemi ile s\u00fcrekli mama ak\u0131\u015f\u0131, ta\u015fma yapmaz Kaymaz kau\u00e7uk ayaklar ile sabit kullan\u0131m Ergonomik tutma kenarlar\u0131 sayesinde g\u00fcvenli kavrama Sa\u011flam ve dengeli taban, devrilmeyi \u00f6nler Kolay doldurma i\u00e7in kapakl\u0131 tasar\u0131m \u015eeffaf silo sayesinde mama seviyesini an\u0131nda g\u00f6rebilme Bula\u015f\u0131k makinesinde y\u0131kanabilir, kolay temizlik sa\u011flar BPA\u2019s\u0131z, toksik madde i\u00e7ermeyen premium plastik %100 geri d\u00f6n\u00fc\u015ft\u00fcr\u00fclebilir, \u00e7evre dostu \u00fcretim Farkl\u0131 boy se\u00e7enekleri ile her \u0131rk i\u00e7in uygun Smart Snacker Large, evcil dostunuzun mamas\u0131n\u0131 her zaman taze ve ula\u015f\u0131labilir tutar. Pratik tasar\u0131m\u0131 sayesinde g\u00fcnl\u00fck kullan\u0131mda hijyen ve kolayl\u0131k sa\u011flar. Hacim 1,5 L \u00dcr\u00fcn \u00d6l\u00e7\u00fcleri\" \/>\n<meta property=\"og:url\" content=\"https:\/\/anadolupet.com.tr\/en\/product\/moderna-smart-hazneli-mama-kabi-gri-15-lt\/\" \/>\n<meta property=\"og:site_name\" content=\"Anadolu Pet Grup\" \/>\n<meta property=\"article:modified_time\" content=\"2026-02-23T12:51:33+00:00\" \/>\n<meta property=\"og:image\" content=\"https:\/\/anadolupet.com.tr\/wp-content\/uploads\/2026\/02\/242-H141-330.jpg\" \/>\n\t<meta property=\"og:image:width\" content=\"750\" \/>\n\t<meta property=\"og:image:height\" content=\"750\" \/>\n\t<meta property=\"og:image:type\" content=\"image\/jpeg\" \/>\n<meta name=\"twitter:card\" content=\"summary_large_image\" \/>\n<script type=\"application\/ld+json\" class=\"yoast-schema-graph\">{\"@context\":\"https:\\\/\\\/schema.org\",\"@graph\":[{\"@type\":\"WebPage\",\"@id\":\"https:\\\/\\\/anadolupet.com.tr\\\/urun\\\/moderna-smart-hazneli-mama-kabi-gri-15-lt\\\/\",\"url\":\"https:\\\/\\\/anadolupet.com.tr\\\/urun\\\/moderna-smart-hazneli-mama-kabi-gri-15-lt\\\/\",\"name\":\"Moderna Smart Hazneli Mama Kab\u0131 - Gri 1,5 LT - Anadolu Pet Grup\",\"isPartOf\":{\"@id\":\"https:\\\/\\\/anadolupet.com.tr\\\/#website\"},\"primaryImageOfPage\":{\"@id\":\"https:\\\/\\\/anadolupet.com.tr\\\/urun\\\/moderna-smart-hazneli-mama-kabi-gri-15-lt\\\/#primaryimage\"},\"image\":{\"@id\":\"https:\\\/\\\/anadolupet.com.tr\\\/urun\\\/moderna-smart-hazneli-mama-kabi-gri-15-lt\\\/#primaryimage\"},\"thumbnailUrl\":\"https:\\\/\\\/anadolupet.com.tr\\\/wp-content\\\/uploads\\\/2026\\\/02\\\/242-H141-330.jpg\",\"datePublished\":\"2026-02-14T14:44:59+00:00\",\"dateModified\":\"2026-02-23T12:51:33+00:00\",\"breadcrumb\":{\"@id\":\"https:\\\/\\\/anadolupet.com.tr\\\/urun\\\/moderna-smart-hazneli-mama-kabi-gri-15-lt\\\/#breadcrumb\"},\"inLanguage\":\"en-US\",\"potentialAction\":[{\"@type\":\"ReadAction\",\"target\":[\"https:\\\/\\\/anadolupet.com.tr\\\/urun\\\/moderna-smart-hazneli-mama-kabi-gri-15-lt\\\/\"]}]},{\"@type\":\"ImageObject\",\"inLanguage\":\"en-US\",\"@id\":\"https:\\\/\\\/anadolupet.com.tr\\\/urun\\\/moderna-smart-hazneli-mama-kabi-gri-15-lt\\\/#primaryimage\",\"url\":\"https:\\\/\\\/anadolupet.com.tr\\\/wp-content\\\/uploads\\\/2026\\\/02\\\/242-H141-330.jpg\",\"contentUrl\":\"https:\\\/\\\/anadolupet.com.tr\\\/wp-content\\\/uploads\\\/2026\\\/02\\\/242-H141-330.jpg\",\"width\":750,\"height\":750},{\"@type\":\"BreadcrumbList\",\"@id\":\"https:\\\/\\\/anadolupet.com.tr\\\/urun\\\/moderna-smart-hazneli-mama-kabi-gri-15-lt\\\/#breadcrumb\",\"itemListElement\":[{\"@type\":\"ListItem\",\"position\":1,\"name\":\"Anasayfa\",\"item\":\"https:\\\/\\\/anadolupet.com.tr\\\/\"},{\"@type\":\"ListItem\",\"position\":2,\"name\":\"\u00dcr\u00fcnler\",\"item\":\"https:\\\/\\\/anadolupet.com.tr\\\/urunler\\\/\"},{\"@type\":\"ListItem\",\"position\":3,\"name\":\"Moderna Smart Hazneli Mama Kab\u0131 &#8211; Gri 1,5 LT\"}]},{\"@type\":\"WebSite\",\"@id\":\"https:\\\/\\\/anadolupet.com.tr\\\/#website\",\"url\":\"https:\\\/\\\/anadolupet.com.tr\\\/\",\"name\":\"Anadolu Pet Grup\",\"description\":\"Her Can\u0131n \u0130yi Ya\u015fam\u0131 \u0130\u00e7in Biraraday\u0131z\",\"publisher\":{\"@id\":\"https:\\\/\\\/anadolupet.com.tr\\\/#organization\"},\"potentialAction\":[{\"@type\":\"SearchAction\",\"target\":{\"@type\":\"EntryPoint\",\"urlTemplate\":\"https:\\\/\\\/anadolupet.com.tr\\\/?s={search_term_string}\"},\"query-input\":{\"@type\":\"PropertyValueSpecification\",\"valueRequired\":true,\"valueName\":\"search_term_string\"}}],\"inLanguage\":\"en-US\"},{\"@type\":\"Organization\",\"@id\":\"https:\\\/\\\/anadolupet.com.tr\\\/#organization\",\"name\":\"Anadolu Pet Grup\",\"alternateName\":\"Anadolu Pet\",\"url\":\"https:\\\/\\\/anadolupet.com.tr\\\/\",\"logo\":{\"@type\":\"ImageObject\",\"inLanguage\":\"en-US\",\"@id\":\"https:\\\/\\\/anadolupet.com.tr\\\/#\\\/schema\\\/logo\\\/image\\\/\",\"url\":\"https:\\\/\\\/anadolupet.com.tr\\\/wp-content\\\/uploads\\\/2026\\\/03\\\/1614666743370.jpg\",\"contentUrl\":\"https:\\\/\\\/anadolupet.com.tr\\\/wp-content\\\/uploads\\\/2026\\\/03\\\/1614666743370.jpg\",\"width\":800,\"height\":571,\"caption\":\"Anadolu Pet Grup\"},\"image\":{\"@id\":\"https:\\\/\\\/anadolupet.com.tr\\\/#\\\/schema\\\/logo\\\/image\\\/\"}}]}<\/script>\n<!-- \/ Yoast SEO plugin. -->","yoast_head_json":{"title":"Moderna Smart Hazneli Mama Kab\u0131 - Gri 1,5 LT - Anadolu Pet Grup","robots":{"index":"index","follow":"follow","max-snippet":"max-snippet:-1","max-image-preview":"max-image-preview:large","max-video-preview":"max-video-preview:-1"},"canonical":"https:\/\/anadolupet.com.tr\/en\/product\/moderna-smart-hazneli-mama-kabi-gri-15-lt\/","og_locale":"en_US","og_type":"article","og_title":"Moderna Smart Hazneli Mama Kab\u0131 - Gri 1,5 LT - Anadolu Pet Grup","og_description":"Smart Snacker Large \u2013 Mama Otomati\u011fi (1,5 L) Evcil dostunuz i\u00e7in s\u00fcrekli tazelik ve pratik kullan\u0131m! Smart Snacker Large, yer\u00e7ekimi prensibiyle \u00e7al\u0131\u015fan mama otomati\u011fi sayesinde kedinizin veya k\u00f6pe\u011finizin mamas\u0131 her zaman haz\u0131r olur. \u015eeffaf haznesi ile mama seviyesini kolayca takip edebilir, geni\u015f hacmi sayesinde uzun s\u00fcreli kullan\u0131m sa\u011flayabilirsiniz. \u00d6ne \u00c7\u0131kan \u00d6zellikler Yer\u00e7ekimi sistemi ile s\u00fcrekli mama ak\u0131\u015f\u0131, ta\u015fma yapmaz Kaymaz kau\u00e7uk ayaklar ile sabit kullan\u0131m Ergonomik tutma kenarlar\u0131 sayesinde g\u00fcvenli kavrama Sa\u011flam ve dengeli taban, devrilmeyi \u00f6nler Kolay doldurma i\u00e7in kapakl\u0131 tasar\u0131m \u015eeffaf silo sayesinde mama seviyesini an\u0131nda g\u00f6rebilme Bula\u015f\u0131k makinesinde y\u0131kanabilir, kolay temizlik sa\u011flar BPA\u2019s\u0131z, toksik madde i\u00e7ermeyen premium plastik %100 geri d\u00f6n\u00fc\u015ft\u00fcr\u00fclebilir, \u00e7evre dostu \u00fcretim Farkl\u0131 boy se\u00e7enekleri ile her \u0131rk i\u00e7in uygun Smart Snacker Large, evcil dostunuzun mamas\u0131n\u0131 her zaman taze ve ula\u015f\u0131labilir tutar. Pratik tasar\u0131m\u0131 sayesinde g\u00fcnl\u00fck kullan\u0131mda hijyen ve kolayl\u0131k sa\u011flar. Hacim 1,5 L \u00dcr\u00fcn \u00d6l\u00e7\u00fcleri","og_url":"https:\/\/anadolupet.com.tr\/en\/product\/moderna-smart-hazneli-mama-kabi-gri-15-lt\/","og_site_name":"Anadolu Pet Grup","article_modified_time":"2026-02-23T12:51:33+00:00","og_image":[{"width":750,"height":750,"url":"https:\/\/anadolupet.com.tr\/wp-content\/uploads\/2026\/02\/242-H141-330.jpg","type":"image\/jpeg"}],"twitter_card":"summary_large_image","schema":{"@context":"https:\/\/schema.org","@graph":[{"@type":"WebPage","@id":"https:\/\/anadolupet.com.tr\/urun\/moderna-smart-hazneli-mama-kabi-gri-15-lt\/","url":"https:\/\/anadolupet.com.tr\/urun\/moderna-smart-hazneli-mama-kabi-gri-15-lt\/","name":"Moderna Smart Hazneli Mama Kab\u0131 - Gri 1,5 LT - Anadolu Pet Grup","isPartOf":{"@id":"https:\/\/anadolupet.com.tr\/#website"},"primaryImageOfPage":{"@id":"https:\/\/anadolupet.com.tr\/urun\/moderna-smart-hazneli-mama-kabi-gri-15-lt\/#primaryimage"},"image":{"@id":"https:\/\/anadolupet.com.tr\/urun\/moderna-smart-hazneli-mama-kabi-gri-15-lt\/#primaryimage"},"thumbnailUrl":"https:\/\/anadolupet.com.tr\/wp-content\/uploads\/2026\/02\/242-H141-330.jpg","datePublished":"2026-02-14T14:44:59+00:00","dateModified":"2026-02-23T12:51:33+00:00","breadcrumb":{"@id":"https:\/\/anadolupet.com.tr\/urun\/moderna-smart-hazneli-mama-kabi-gri-15-lt\/#breadcrumb"},"inLanguage":"en-US","potentialAction":[{"@type":"ReadAction","target":["https:\/\/anadolupet.com.tr\/urun\/moderna-smart-hazneli-mama-kabi-gri-15-lt\/"]}]},{"@type":"ImageObject","inLanguage":"en-US","@id":"https:\/\/anadolupet.com.tr\/urun\/moderna-smart-hazneli-mama-kabi-gri-15-lt\/#primaryimage","url":"https:\/\/anadolupet.com.tr\/wp-content\/uploads\/2026\/02\/242-H141-330.jpg","contentUrl":"https:\/\/anadolupet.com.tr\/wp-content\/uploads\/2026\/02\/242-H141-330.jpg","width":750,"height":750},{"@type":"BreadcrumbList","@id":"https:\/\/anadolupet.com.tr\/urun\/moderna-smart-hazneli-mama-kabi-gri-15-lt\/#breadcrumb","itemListElement":[{"@type":"ListItem","position":1,"name":"Anasayfa","item":"https:\/\/anadolupet.com.tr\/"},{"@type":"ListItem","position":2,"name":"\u00dcr\u00fcnler","item":"https:\/\/anadolupet.com.tr\/urunler\/"},{"@type":"ListItem","position":3,"name":"Moderna Smart Hazneli Mama Kab\u0131 &#8211; Gri 1,5 LT"}]},{"@type":"WebSite","@id":"https:\/\/anadolupet.com.tr\/#website","url":"https:\/\/anadolupet.com.tr\/","name":"Anadolu Pet Group","description":"We Stand Together for the Well-Being of Every Life","publisher":{"@id":"https:\/\/anadolupet.com.tr\/#organization"},"potentialAction":[{"@type":"SearchAction","target":{"@type":"EntryPoint","urlTemplate":"https:\/\/anadolupet.com.tr\/?s={search_term_string}"},"query-input":{"@type":"PropertyValueSpecification","valueRequired":true,"valueName":"search_term_string"}}],"inLanguage":"en-US"},{"@type":"Organization","@id":"https:\/\/anadolupet.com.tr\/#organization","name":"Anadolu Pet Group","alternateName":"Anadolu Pet","url":"https:\/\/anadolupet.com.tr\/","logo":{"@type":"ImageObject","inLanguage":"en-US","@id":"https:\/\/anadolupet.com.tr\/#\/schema\/logo\/image\/","url":"https:\/\/anadolupet.com.tr\/wp-content\/uploads\/2026\/03\/1614666743370.jpg","contentUrl":"https:\/\/anadolupet.com.tr\/wp-content\/uploads\/2026\/03\/1614666743370.jpg","width":800,"height":571,"caption":"Anadolu Pet Grup"},"image":{"@id":"https:\/\/anadolupet.com.tr\/#\/schema\/logo\/image\/"}}]}},"_links":{"self":[{"href":"https:\/\/anadolupet.com.tr\/en\/wp-json\/wp\/v2\/product\/45891","targetHints":{"allow":["GET"]}}],"collection":[{"href":"https:\/\/anadolupet.com.tr\/en\/wp-json\/wp\/v2\/product"}],"about":[{"href":"https:\/\/anadolupet.com.tr\/en\/wp-json\/wp\/v2\/types\/product"}],"replies":[{"embeddable":true,"href":"https:\/\/anadolupet.com.tr\/en\/wp-json\/wp\/v2\/comments?post=45891"}],"wp:featuredmedia":[{"embeddable":true,"href":"https:\/\/anadolupet.com.tr\/en\/wp-json\/wp\/v2\/media\/43541"}],"wp:attachment":[{"href":"https:\/\/anadolupet.com.tr\/en\/wp-json\/wp\/v2\/media?parent=45891"}],"wp:term":[{"taxonomy":"product_brand","embeddable":true,"href":"https:\/\/anadolupet.com.tr\/en\/wp-json\/wp\/v2\/product_brand?post=45891"},{"taxonomy":"product_cat","embeddable":true,"href":"https:\/\/anadolupet.com.tr\/en\/wp-json\/wp\/v2\/product_cat?post=45891"},{"taxonomy":"product_tag","embeddable":true,"href":"https:\/\/anadolupet.com.tr\/en\/wp-json\/wp\/v2\/product_tag?post=45891"}],"curies":[{"name":"wp","href":"https:\/\/api.w.org\/{rel}","templated":true}]}}