{"id":45900,"date":"2026-02-14T14:45:01","date_gmt":"2026-02-14T14:45:01","guid":{"rendered":"https:\/\/anadolupet.com.tr\/urun\/moderna-sensiflo-mama-kabi-beyaz-15-lt\/"},"modified":"2026-02-23T12:51:33","modified_gmt":"2026-02-23T12:51:33","slug":"moderna-sensiflo-mama-kabi-beyaz-15-lt","status":"publish","type":"product","link":"https:\/\/anadolupet.com.tr\/en\/urun\/moderna-sensiflo-mama-kabi-beyaz-15-lt\/","title":{"rendered":"Moderna Sensiflo Mama Kab\u0131 &#8211; Beyaz 1,5 LT"},"content":{"rendered":"","protected":false},"excerpt":{"rendered":"<p>Sensiflo \u2013 Mama ve Su Kab\u0131<br \/>\nYeterince sade, fark yaratacak kadar \u00f6zel! Sensiflo, hem mama hem de su i\u00e7in kullan\u0131labilen pratik ve \u015f\u0131k bir \u00e7\u00f6z\u00fcmd\u00fcr. Kedinizin veya k\u00f6pe\u011finizin g\u00fcnl\u00fck ihtiya\u00e7lar\u0131n\u0131 kar\u015f\u0131lamak i\u00e7in tasarlanm\u0131\u015ft\u0131r.<br \/>\nKaymaz kau\u00e7uk ayaklar ile sabit duru\u015f<br \/>\nKolay kavrama sa\u011flayan yan tutma yerleri<br \/>\nDevrilmeyi \u00f6nleyen sa\u011flam taban<br \/>\nG\u00fcnl\u00fck kullan\u0131m i\u00e7in bula\u015f\u0131k makinesinde y\u0131kanabilir<br \/>\nUzun \u00f6m\u00fcrl\u00fc kullan\u0131m i\u00e7in premium plastik malzeme<br \/>\nMama veya su kab\u0131 olarak kullan\u0131labilir<br \/>\n\u015eeffaf silo sayesinde mama ve su seviyesini kolayca takip edin<br \/>\nSensiflo\u2019nun su \u00e7\u0131k\u0131\u015f noktas\u0131 daha k\u00fc\u00e7\u00fck tasarlanm\u0131\u015ft\u0131r, b\u00f6ylece su sakin bir ak\u0131\u015fla ilerler. \u0130leti\u015fimli kaplar sistemi sayesinde alt hazne asla ta\u015fmaz. \u015eeffaf plastik g\u00f6vde, kalan mama veya su miktar\u0131n\u0131 her zaman g\u00f6rmenizi sa\u011flar.<br \/>\n\u00dcstelik BPA i\u00e7ermeyen, toksik olmayan premium plastikten \u00fcretilmi\u015ftir ve %100 geri d\u00f6n\u00fc\u015ft\u00fcr\u00fclebilir yap\u0131s\u0131yla \u00e7evre dostudur.<br \/>\n\ud83d\udccf Hacim: 1,5 L<br \/>\n\ud83d\udcd0 \u00d6l\u00e7\u00fcler: Uzunluk 28,4 cm x Geni\u015flik 19,8 cm x Y\u00fckseklik 24,9 cm<\/p>","protected":false},"featured_media":43419,"comment_status":"open","ping_status":"closed","template":"","meta":{"_acf_changed":false},"product_brand":[],"product_cat":[2453],"product_tag":[],"class_list":{"0":"post-45900","1":"product","2":"type-product","3":"status-publish","4":"has-post-thumbnail","6":"product_cat-mama-kaplari-kopek","8":"first","9":"instock","10":"shipping-taxable","11":"product-type-simple"},"acf":[],"yoast_head":"<!-- This site is optimized with the Yoast SEO plugin v27.4 - https:\/\/yoast.com\/product\/yoast-seo-wordpress\/ -->\n<title>Moderna Sensiflo Mama Kab\u0131 - Beyaz 1,5 LT - Anadolu Pet Grup<\/title>\n<meta name=\"robots\" content=\"index, follow, max-snippet:-1, max-image-preview:large, max-video-preview:-1\" \/>\n<link rel=\"canonical\" href=\"https:\/\/anadolupet.com.tr\/en\/product\/moderna-sensiflo-mama-kabi-beyaz-15-lt\/\" \/>\n<meta property=\"og:locale\" content=\"en_US\" \/>\n<meta property=\"og:type\" content=\"article\" \/>\n<meta property=\"og:title\" content=\"Moderna Sensiflo Mama Kab\u0131 - Beyaz 1,5 LT - Anadolu Pet Grup\" \/>\n<meta property=\"og:description\" content=\"Sensiflo \u2013 Mama ve Su Kab\u0131 Yeterince sade, fark yaratacak kadar \u00f6zel! Sensiflo, hem mama hem de su i\u00e7in kullan\u0131labilen pratik ve \u015f\u0131k bir \u00e7\u00f6z\u00fcmd\u00fcr. Kedinizin veya k\u00f6pe\u011finizin g\u00fcnl\u00fck ihtiya\u00e7lar\u0131n\u0131 kar\u015f\u0131lamak i\u00e7in tasarlanm\u0131\u015ft\u0131r. Kaymaz kau\u00e7uk ayaklar ile sabit duru\u015f Kolay kavrama sa\u011flayan yan tutma yerleri Devrilmeyi \u00f6nleyen sa\u011flam taban G\u00fcnl\u00fck kullan\u0131m i\u00e7in bula\u015f\u0131k makinesinde y\u0131kanabilir Uzun \u00f6m\u00fcrl\u00fc kullan\u0131m i\u00e7in premium plastik malzeme Mama veya su kab\u0131 olarak kullan\u0131labilir \u015eeffaf silo sayesinde mama ve su seviyesini kolayca takip edin Sensiflo\u2019nun su \u00e7\u0131k\u0131\u015f noktas\u0131 daha k\u00fc\u00e7\u00fck tasarlanm\u0131\u015ft\u0131r, b\u00f6ylece su sakin bir ak\u0131\u015fla ilerler. \u0130leti\u015fimli kaplar sistemi sayesinde alt hazne asla ta\u015fmaz. \u015eeffaf plastik g\u00f6vde, kalan mama veya su miktar\u0131n\u0131 her zaman g\u00f6rmenizi sa\u011flar. \u00dcstelik BPA i\u00e7ermeyen, toksik olmayan premium plastikten \u00fcretilmi\u015ftir ve %100 geri d\u00f6n\u00fc\u015ft\u00fcr\u00fclebilir yap\u0131s\u0131yla \u00e7evre dostudur. \ud83d\udccf Hacim: 1,5 L \ud83d\udcd0 \u00d6l\u00e7\u00fcler: Uzunluk 28,4 cm x Geni\u015flik 19,8 cm x Y\u00fckseklik 24,9 cm\" \/>\n<meta property=\"og:url\" content=\"https:\/\/anadolupet.com.tr\/en\/product\/moderna-sensiflo-mama-kabi-beyaz-15-lt\/\" \/>\n<meta property=\"og:site_name\" content=\"Anadolu Pet Grup\" \/>\n<meta property=\"article:modified_time\" content=\"2026-02-23T12:51:33+00:00\" \/>\n<meta property=\"og:image\" content=\"https:\/\/anadolupet.com.tr\/wp-content\/uploads\/2026\/02\/242-AO60-0354.jpg\" \/>\n\t<meta property=\"og:image:width\" content=\"750\" \/>\n\t<meta property=\"og:image:height\" content=\"750\" \/>\n\t<meta property=\"og:image:type\" content=\"image\/jpeg\" \/>\n<meta name=\"twitter:card\" content=\"summary_large_image\" \/>\n<script type=\"application\/ld+json\" class=\"yoast-schema-graph\">{\"@context\":\"https:\\\/\\\/schema.org\",\"@graph\":[{\"@type\":\"WebPage\",\"@id\":\"https:\\\/\\\/anadolupet.com.tr\\\/en\\\/product\\\/moderna-sensiflo-mama-kabi-beyaz-15-lt\\\/\",\"url\":\"https:\\\/\\\/anadolupet.com.tr\\\/en\\\/product\\\/moderna-sensiflo-mama-kabi-beyaz-15-lt\\\/\",\"name\":\"Moderna Sensiflo Mama Kab\u0131 - Beyaz 1,5 LT - Anadolu Pet Grup\",\"isPartOf\":{\"@id\":\"https:\\\/\\\/anadolupet.com.tr\\\/#website\"},\"primaryImageOfPage\":{\"@id\":\"https:\\\/\\\/anadolupet.com.tr\\\/en\\\/product\\\/moderna-sensiflo-mama-kabi-beyaz-15-lt\\\/#primaryimage\"},\"image\":{\"@id\":\"https:\\\/\\\/anadolupet.com.tr\\\/en\\\/product\\\/moderna-sensiflo-mama-kabi-beyaz-15-lt\\\/#primaryimage\"},\"thumbnailUrl\":\"https:\\\/\\\/anadolupet.com.tr\\\/wp-content\\\/uploads\\\/2026\\\/02\\\/242-AO60-0354.jpg\",\"datePublished\":\"2026-02-14T14:45:01+00:00\",\"dateModified\":\"2026-02-23T12:51:33+00:00\",\"breadcrumb\":{\"@id\":\"https:\\\/\\\/anadolupet.com.tr\\\/en\\\/product\\\/moderna-sensiflo-mama-kabi-beyaz-15-lt\\\/#breadcrumb\"},\"inLanguage\":\"en-US\",\"potentialAction\":[{\"@type\":\"ReadAction\",\"target\":[\"https:\\\/\\\/anadolupet.com.tr\\\/en\\\/product\\\/moderna-sensiflo-mama-kabi-beyaz-15-lt\\\/\"]}]},{\"@type\":\"ImageObject\",\"inLanguage\":\"en-US\",\"@id\":\"https:\\\/\\\/anadolupet.com.tr\\\/en\\\/product\\\/moderna-sensiflo-mama-kabi-beyaz-15-lt\\\/#primaryimage\",\"url\":\"https:\\\/\\\/anadolupet.com.tr\\\/wp-content\\\/uploads\\\/2026\\\/02\\\/242-AO60-0354.jpg\",\"contentUrl\":\"https:\\\/\\\/anadolupet.com.tr\\\/wp-content\\\/uploads\\\/2026\\\/02\\\/242-AO60-0354.jpg\",\"width\":750,\"height\":750},{\"@type\":\"BreadcrumbList\",\"@id\":\"https:\\\/\\\/anadolupet.com.tr\\\/en\\\/product\\\/moderna-sensiflo-mama-kabi-beyaz-15-lt\\\/#breadcrumb\",\"itemListElement\":[{\"@type\":\"ListItem\",\"position\":1,\"name\":\"Anasayfa\",\"item\":\"https:\\\/\\\/anadolupet.com.tr\\\/\"},{\"@type\":\"ListItem\",\"position\":2,\"name\":\"\u00dcr\u00fcnler\",\"item\":\"https:\\\/\\\/anadolupet.com.tr\\\/urunler\\\/\"},{\"@type\":\"ListItem\",\"position\":3,\"name\":\"Moderna Sensiflo Mama Kab\u0131 &#8211; Beyaz 1,5 LT\"}]},{\"@type\":\"WebSite\",\"@id\":\"https:\\\/\\\/anadolupet.com.tr\\\/#website\",\"url\":\"https:\\\/\\\/anadolupet.com.tr\\\/\",\"name\":\"Anadolu Pet Grup\",\"description\":\"Her Can\u0131n \u0130yi Ya\u015fam\u0131 \u0130\u00e7in Biraraday\u0131z\",\"publisher\":{\"@id\":\"https:\\\/\\\/anadolupet.com.tr\\\/#organization\"},\"potentialAction\":[{\"@type\":\"SearchAction\",\"target\":{\"@type\":\"EntryPoint\",\"urlTemplate\":\"https:\\\/\\\/anadolupet.com.tr\\\/?s={search_term_string}\"},\"query-input\":{\"@type\":\"PropertyValueSpecification\",\"valueRequired\":true,\"valueName\":\"search_term_string\"}}],\"inLanguage\":\"en-US\"},{\"@type\":\"Organization\",\"@id\":\"https:\\\/\\\/anadolupet.com.tr\\\/#organization\",\"name\":\"Anadolu Pet Grup\",\"alternateName\":\"Anadolu Pet\",\"url\":\"https:\\\/\\\/anadolupet.com.tr\\\/\",\"logo\":{\"@type\":\"ImageObject\",\"inLanguage\":\"en-US\",\"@id\":\"https:\\\/\\\/anadolupet.com.tr\\\/#\\\/schema\\\/logo\\\/image\\\/\",\"url\":\"https:\\\/\\\/anadolupet.com.tr\\\/wp-content\\\/uploads\\\/2026\\\/03\\\/1614666743370.jpg\",\"contentUrl\":\"https:\\\/\\\/anadolupet.com.tr\\\/wp-content\\\/uploads\\\/2026\\\/03\\\/1614666743370.jpg\",\"width\":800,\"height\":571,\"caption\":\"Anadolu Pet Grup\"},\"image\":{\"@id\":\"https:\\\/\\\/anadolupet.com.tr\\\/#\\\/schema\\\/logo\\\/image\\\/\"}}]}<\/script>\n<!-- \/ Yoast SEO plugin. -->","yoast_head_json":{"title":"Moderna Sensiflo Mama Kab\u0131 - Beyaz 1,5 LT - Anadolu Pet Grup","robots":{"index":"index","follow":"follow","max-snippet":"max-snippet:-1","max-image-preview":"max-image-preview:large","max-video-preview":"max-video-preview:-1"},"canonical":"https:\/\/anadolupet.com.tr\/en\/product\/moderna-sensiflo-mama-kabi-beyaz-15-lt\/","og_locale":"en_US","og_type":"article","og_title":"Moderna Sensiflo Mama Kab\u0131 - Beyaz 1,5 LT - Anadolu Pet Grup","og_description":"Sensiflo \u2013 Mama ve Su Kab\u0131 Yeterince sade, fark yaratacak kadar \u00f6zel! Sensiflo, hem mama hem de su i\u00e7in kullan\u0131labilen pratik ve \u015f\u0131k bir \u00e7\u00f6z\u00fcmd\u00fcr. Kedinizin veya k\u00f6pe\u011finizin g\u00fcnl\u00fck ihtiya\u00e7lar\u0131n\u0131 kar\u015f\u0131lamak i\u00e7in tasarlanm\u0131\u015ft\u0131r. Kaymaz kau\u00e7uk ayaklar ile sabit duru\u015f Kolay kavrama sa\u011flayan yan tutma yerleri Devrilmeyi \u00f6nleyen sa\u011flam taban G\u00fcnl\u00fck kullan\u0131m i\u00e7in bula\u015f\u0131k makinesinde y\u0131kanabilir Uzun \u00f6m\u00fcrl\u00fc kullan\u0131m i\u00e7in premium plastik malzeme Mama veya su kab\u0131 olarak kullan\u0131labilir \u015eeffaf silo sayesinde mama ve su seviyesini kolayca takip edin Sensiflo\u2019nun su \u00e7\u0131k\u0131\u015f noktas\u0131 daha k\u00fc\u00e7\u00fck tasarlanm\u0131\u015ft\u0131r, b\u00f6ylece su sakin bir ak\u0131\u015fla ilerler. \u0130leti\u015fimli kaplar sistemi sayesinde alt hazne asla ta\u015fmaz. \u015eeffaf plastik g\u00f6vde, kalan mama veya su miktar\u0131n\u0131 her zaman g\u00f6rmenizi sa\u011flar. \u00dcstelik BPA i\u00e7ermeyen, toksik olmayan premium plastikten \u00fcretilmi\u015ftir ve %100 geri d\u00f6n\u00fc\u015ft\u00fcr\u00fclebilir yap\u0131s\u0131yla \u00e7evre dostudur. \ud83d\udccf Hacim: 1,5 L \ud83d\udcd0 \u00d6l\u00e7\u00fcler: Uzunluk 28,4 cm x Geni\u015flik 19,8 cm x Y\u00fckseklik 24,9 cm","og_url":"https:\/\/anadolupet.com.tr\/en\/product\/moderna-sensiflo-mama-kabi-beyaz-15-lt\/","og_site_name":"Anadolu Pet Grup","article_modified_time":"2026-02-23T12:51:33+00:00","og_image":[{"width":750,"height":750,"url":"https:\/\/anadolupet.com.tr\/wp-content\/uploads\/2026\/02\/242-AO60-0354.jpg","type":"image\/jpeg"}],"twitter_card":"summary_large_image","schema":{"@context":"https:\/\/schema.org","@graph":[{"@type":"WebPage","@id":"https:\/\/anadolupet.com.tr\/en\/product\/moderna-sensiflo-mama-kabi-beyaz-15-lt\/","url":"https:\/\/anadolupet.com.tr\/en\/product\/moderna-sensiflo-mama-kabi-beyaz-15-lt\/","name":"Moderna Sensiflo Mama Kab\u0131 - Beyaz 1,5 LT - Anadolu Pet Grup","isPartOf":{"@id":"https:\/\/anadolupet.com.tr\/#website"},"primaryImageOfPage":{"@id":"https:\/\/anadolupet.com.tr\/en\/product\/moderna-sensiflo-mama-kabi-beyaz-15-lt\/#primaryimage"},"image":{"@id":"https:\/\/anadolupet.com.tr\/en\/product\/moderna-sensiflo-mama-kabi-beyaz-15-lt\/#primaryimage"},"thumbnailUrl":"https:\/\/anadolupet.com.tr\/wp-content\/uploads\/2026\/02\/242-AO60-0354.jpg","datePublished":"2026-02-14T14:45:01+00:00","dateModified":"2026-02-23T12:51:33+00:00","breadcrumb":{"@id":"https:\/\/anadolupet.com.tr\/en\/product\/moderna-sensiflo-mama-kabi-beyaz-15-lt\/#breadcrumb"},"inLanguage":"en-US","potentialAction":[{"@type":"ReadAction","target":["https:\/\/anadolupet.com.tr\/en\/product\/moderna-sensiflo-mama-kabi-beyaz-15-lt\/"]}]},{"@type":"ImageObject","inLanguage":"en-US","@id":"https:\/\/anadolupet.com.tr\/en\/product\/moderna-sensiflo-mama-kabi-beyaz-15-lt\/#primaryimage","url":"https:\/\/anadolupet.com.tr\/wp-content\/uploads\/2026\/02\/242-AO60-0354.jpg","contentUrl":"https:\/\/anadolupet.com.tr\/wp-content\/uploads\/2026\/02\/242-AO60-0354.jpg","width":750,"height":750},{"@type":"BreadcrumbList","@id":"https:\/\/anadolupet.com.tr\/en\/product\/moderna-sensiflo-mama-kabi-beyaz-15-lt\/#breadcrumb","itemListElement":[{"@type":"ListItem","position":1,"name":"Anasayfa","item":"https:\/\/anadolupet.com.tr\/"},{"@type":"ListItem","position":2,"name":"\u00dcr\u00fcnler","item":"https:\/\/anadolupet.com.tr\/urunler\/"},{"@type":"ListItem","position":3,"name":"Moderna Sensiflo Mama Kab\u0131 &#8211; Beyaz 1,5 LT"}]},{"@type":"WebSite","@id":"https:\/\/anadolupet.com.tr\/#website","url":"https:\/\/anadolupet.com.tr\/","name":"Anadolu Pet Group","description":"We Stand Together for the Well-Being of Every Life","publisher":{"@id":"https:\/\/anadolupet.com.tr\/#organization"},"potentialAction":[{"@type":"SearchAction","target":{"@type":"EntryPoint","urlTemplate":"https:\/\/anadolupet.com.tr\/?s={search_term_string}"},"query-input":{"@type":"PropertyValueSpecification","valueRequired":true,"valueName":"search_term_string"}}],"inLanguage":"en-US"},{"@type":"Organization","@id":"https:\/\/anadolupet.com.tr\/#organization","name":"Anadolu Pet Group","alternateName":"Anadolu Pet","url":"https:\/\/anadolupet.com.tr\/","logo":{"@type":"ImageObject","inLanguage":"en-US","@id":"https:\/\/anadolupet.com.tr\/#\/schema\/logo\/image\/","url":"https:\/\/anadolupet.com.tr\/wp-content\/uploads\/2026\/03\/1614666743370.jpg","contentUrl":"https:\/\/anadolupet.com.tr\/wp-content\/uploads\/2026\/03\/1614666743370.jpg","width":800,"height":571,"caption":"Anadolu Pet Grup"},"image":{"@id":"https:\/\/anadolupet.com.tr\/#\/schema\/logo\/image\/"}}]}},"_links":{"self":[{"href":"https:\/\/anadolupet.com.tr\/en\/wp-json\/wp\/v2\/product\/45900","targetHints":{"allow":["GET"]}}],"collection":[{"href":"https:\/\/anadolupet.com.tr\/en\/wp-json\/wp\/v2\/product"}],"about":[{"href":"https:\/\/anadolupet.com.tr\/en\/wp-json\/wp\/v2\/types\/product"}],"replies":[{"embeddable":true,"href":"https:\/\/anadolupet.com.tr\/en\/wp-json\/wp\/v2\/comments?post=45900"}],"wp:featuredmedia":[{"embeddable":true,"href":"https:\/\/anadolupet.com.tr\/en\/wp-json\/wp\/v2\/media\/43419"}],"wp:attachment":[{"href":"https:\/\/anadolupet.com.tr\/en\/wp-json\/wp\/v2\/media?parent=45900"}],"wp:term":[{"taxonomy":"product_brand","embeddable":true,"href":"https:\/\/anadolupet.com.tr\/en\/wp-json\/wp\/v2\/product_brand?post=45900"},{"taxonomy":"product_cat","embeddable":true,"href":"https:\/\/anadolupet.com.tr\/en\/wp-json\/wp\/v2\/product_cat?post=45900"},{"taxonomy":"product_tag","embeddable":true,"href":"https:\/\/anadolupet.com.tr\/en\/wp-json\/wp\/v2\/product_tag?post=45900"}],"curies":[{"name":"wp","href":"https:\/\/api.w.org\/{rel}","templated":true}]}}