{"id":45920,"date":"2026-02-14T14:45:06","date_gmt":"2026-02-14T14:45:06","guid":{"rendered":"https:\/\/anadolupet.com.tr\/?post_type=product&#038;p=45920"},"modified":"2026-02-23T12:51:35","modified_gmt":"2026-02-23T12:51:35","slug":"moderna-smarty-mama-kabi-sari-no-3","status":"publish","type":"product","link":"https:\/\/anadolupet.com.tr\/en\/urun\/moderna-smarty-mama-kabi-sari-no-3\/","title":{"rendered":"Moderna Smarty Mama Kab\u0131 &#8211; Sar\u0131 No 3"},"content":{"rendered":"","protected":false},"excerpt":{"rendered":"<p>Smarty Bowl Large \u2013 Mama ve Su Kab\u0131 (1,248 ml)<br \/>\nKaymaz tabanl\u0131, hijyenik ve pratik tasar\u0131m! Smarty Bowl Large, b\u00fcy\u00fck \u0131rk k\u00f6pekler ve kediler i\u00e7in \u00f6zel olarak tasarlanm\u0131\u015f mama ve su kab\u0131d\u0131r. Kaymaz kau\u00e7uk ayaklar\u0131 sayesinde sabit durur, yuvarlat\u0131lm\u0131\u015f kenarlar\u0131 ile yap\u0131\u015fma olmaz. Geni\u015f hacmiyle g\u00fcnl\u00fck kullan\u0131mda konfor ve hijyen sa\u011flar.<br \/>\n\u00d6ne \u00c7\u0131kan \u00d6zellikler<br \/>\nKaymaz kau\u00e7uk ayaklar ile sabit kullan\u0131m<br \/>\nErgonomik tutma kenarlar\u0131 sayesinde g\u00fcvenli kavrama<br \/>\nYuvarlat\u0131lm\u0131\u015f kenarlar ile yap\u0131\u015fma \u00f6nleyici tasar\u0131m<br \/>\nSa\u011flam ve dengeli taban, devrilmeyi \u00f6nler<br \/>\nBula\u015f\u0131k makinesinde y\u0131kanabilir, kolay temizlik sa\u011flar<br \/>\nFarkl\u0131 boy se\u00e7enekleri ile her \u0131rk i\u00e7in uygun<br \/>\nBPA\u2019s\u0131z, toksik madde i\u00e7ermeyen premium plastik<br \/>\n%100 geri d\u00f6n\u00fc\u015ft\u00fcr\u00fclebilir, \u00e7evre dostu \u00fcretim<br \/>\nSmarty Bowl Large, evcil dostlar\u0131n\u0131z\u0131n mama ve su ihtiyac\u0131n\u0131 g\u00fcvenle kar\u015f\u0131lar. Fonksiyonel yap\u0131s\u0131 sayesinde g\u00fcnl\u00fck kullan\u0131mda pratiklik sunarken \u00e7evre dostu \u00fcretimiyle s\u00fcrd\u00fcr\u00fclebilir bir tercih olu\u015fturur.<br \/>\nHacim 1,248 ml<br \/>\n\u00dcr\u00fcn \u00d6l\u00e7\u00fcleri 23.9 x 21.4 x 8.4 cm<\/p>","protected":false},"featured_media":43514,"comment_status":"open","ping_status":"closed","template":"","meta":{"_acf_changed":false},"product_brand":[],"product_cat":[2431],"product_tag":[],"class_list":{"0":"post-45920","1":"product","2":"type-product","3":"status-publish","4":"has-post-thumbnail","6":"product_cat-mama-kaplari","8":"first","9":"instock","10":"shipping-taxable","11":"product-type-simple"},"acf":[],"yoast_head":"<!-- This site is optimized with the Yoast SEO plugin v27.4 - https:\/\/yoast.com\/product\/yoast-seo-wordpress\/ -->\n<title>Moderna Smarty Mama Kab\u0131 - Sar\u0131 No 3 - Anadolu Pet Grup<\/title>\n<meta name=\"robots\" content=\"index, follow, max-snippet:-1, max-image-preview:large, max-video-preview:-1\" \/>\n<link rel=\"canonical\" href=\"https:\/\/anadolupet.com.tr\/en\/product\/moderna-smarty-mama-kabi-sari-no-3\/\" \/>\n<meta property=\"og:locale\" content=\"en_US\" \/>\n<meta property=\"og:type\" content=\"article\" \/>\n<meta property=\"og:title\" content=\"Moderna Smarty Mama Kab\u0131 - Sar\u0131 No 3 - Anadolu Pet Grup\" \/>\n<meta property=\"og:description\" content=\"Smarty Bowl Large \u2013 Mama ve Su Kab\u0131 (1,248 ml) Kaymaz tabanl\u0131, hijyenik ve pratik tasar\u0131m! Smarty Bowl Large, b\u00fcy\u00fck \u0131rk k\u00f6pekler ve kediler i\u00e7in \u00f6zel olarak tasarlanm\u0131\u015f mama ve su kab\u0131d\u0131r. Kaymaz kau\u00e7uk ayaklar\u0131 sayesinde sabit durur, yuvarlat\u0131lm\u0131\u015f kenarlar\u0131 ile yap\u0131\u015fma olmaz. Geni\u015f hacmiyle g\u00fcnl\u00fck kullan\u0131mda konfor ve hijyen sa\u011flar. \u00d6ne \u00c7\u0131kan \u00d6zellikler Kaymaz kau\u00e7uk ayaklar ile sabit kullan\u0131m Ergonomik tutma kenarlar\u0131 sayesinde g\u00fcvenli kavrama Yuvarlat\u0131lm\u0131\u015f kenarlar ile yap\u0131\u015fma \u00f6nleyici tasar\u0131m Sa\u011flam ve dengeli taban, devrilmeyi \u00f6nler Bula\u015f\u0131k makinesinde y\u0131kanabilir, kolay temizlik sa\u011flar Farkl\u0131 boy se\u00e7enekleri ile her \u0131rk i\u00e7in uygun BPA\u2019s\u0131z, toksik madde i\u00e7ermeyen premium plastik %100 geri d\u00f6n\u00fc\u015ft\u00fcr\u00fclebilir, \u00e7evre dostu \u00fcretim Smarty Bowl Large, evcil dostlar\u0131n\u0131z\u0131n mama ve su ihtiyac\u0131n\u0131 g\u00fcvenle kar\u015f\u0131lar. Fonksiyonel yap\u0131s\u0131 sayesinde g\u00fcnl\u00fck kullan\u0131mda pratiklik sunarken \u00e7evre dostu \u00fcretimiyle s\u00fcrd\u00fcr\u00fclebilir bir tercih olu\u015fturur. Hacim 1,248 ml \u00dcr\u00fcn \u00d6l\u00e7\u00fcleri 23.9 x 21.4 x 8.4 cm\" \/>\n<meta property=\"og:url\" content=\"https:\/\/anadolupet.com.tr\/en\/product\/moderna-smarty-mama-kabi-sari-no-3\/\" \/>\n<meta property=\"og:site_name\" content=\"Anadolu Pet Grup\" \/>\n<meta property=\"article:modified_time\" content=\"2026-02-23T12:51:35+00:00\" \/>\n<meta property=\"og:image\" content=\"https:\/\/anadolupet.com.tr\/wp-content\/uploads\/2026\/02\/242-H103-329.jpg\" \/>\n\t<meta property=\"og:image:width\" content=\"750\" \/>\n\t<meta property=\"og:image:height\" content=\"750\" \/>\n\t<meta property=\"og:image:type\" content=\"image\/jpeg\" \/>\n<meta name=\"twitter:card\" content=\"summary_large_image\" \/>\n<script type=\"application\/ld+json\" class=\"yoast-schema-graph\">{\"@context\":\"https:\\\/\\\/schema.org\",\"@graph\":[{\"@type\":\"WebPage\",\"@id\":\"https:\\\/\\\/anadolupet.com.tr\\\/urun\\\/moderna-smarty-mama-kabi-sari-no-3\\\/\",\"url\":\"https:\\\/\\\/anadolupet.com.tr\\\/urun\\\/moderna-smarty-mama-kabi-sari-no-3\\\/\",\"name\":\"Moderna Smarty Mama Kab\u0131 - Sar\u0131 No 3 - Anadolu Pet Grup\",\"isPartOf\":{\"@id\":\"https:\\\/\\\/anadolupet.com.tr\\\/#website\"},\"primaryImageOfPage\":{\"@id\":\"https:\\\/\\\/anadolupet.com.tr\\\/urun\\\/moderna-smarty-mama-kabi-sari-no-3\\\/#primaryimage\"},\"image\":{\"@id\":\"https:\\\/\\\/anadolupet.com.tr\\\/urun\\\/moderna-smarty-mama-kabi-sari-no-3\\\/#primaryimage\"},\"thumbnailUrl\":\"https:\\\/\\\/anadolupet.com.tr\\\/wp-content\\\/uploads\\\/2026\\\/02\\\/242-H103-329.jpg\",\"datePublished\":\"2026-02-14T14:45:06+00:00\",\"dateModified\":\"2026-02-23T12:51:35+00:00\",\"breadcrumb\":{\"@id\":\"https:\\\/\\\/anadolupet.com.tr\\\/urun\\\/moderna-smarty-mama-kabi-sari-no-3\\\/#breadcrumb\"},\"inLanguage\":\"en-US\",\"potentialAction\":[{\"@type\":\"ReadAction\",\"target\":[\"https:\\\/\\\/anadolupet.com.tr\\\/urun\\\/moderna-smarty-mama-kabi-sari-no-3\\\/\"]}]},{\"@type\":\"ImageObject\",\"inLanguage\":\"en-US\",\"@id\":\"https:\\\/\\\/anadolupet.com.tr\\\/urun\\\/moderna-smarty-mama-kabi-sari-no-3\\\/#primaryimage\",\"url\":\"https:\\\/\\\/anadolupet.com.tr\\\/wp-content\\\/uploads\\\/2026\\\/02\\\/242-H103-329.jpg\",\"contentUrl\":\"https:\\\/\\\/anadolupet.com.tr\\\/wp-content\\\/uploads\\\/2026\\\/02\\\/242-H103-329.jpg\",\"width\":750,\"height\":750},{\"@type\":\"BreadcrumbList\",\"@id\":\"https:\\\/\\\/anadolupet.com.tr\\\/urun\\\/moderna-smarty-mama-kabi-sari-no-3\\\/#breadcrumb\",\"itemListElement\":[{\"@type\":\"ListItem\",\"position\":1,\"name\":\"Anasayfa\",\"item\":\"https:\\\/\\\/anadolupet.com.tr\\\/\"},{\"@type\":\"ListItem\",\"position\":2,\"name\":\"\u00dcr\u00fcnler\",\"item\":\"https:\\\/\\\/anadolupet.com.tr\\\/urunler\\\/\"},{\"@type\":\"ListItem\",\"position\":3,\"name\":\"Moderna Smarty Mama Kab\u0131 &#8211; Sar\u0131 No 3\"}]},{\"@type\":\"WebSite\",\"@id\":\"https:\\\/\\\/anadolupet.com.tr\\\/#website\",\"url\":\"https:\\\/\\\/anadolupet.com.tr\\\/\",\"name\":\"Anadolu Pet Grup\",\"description\":\"Her Can\u0131n \u0130yi Ya\u015fam\u0131 \u0130\u00e7in Biraraday\u0131z\",\"publisher\":{\"@id\":\"https:\\\/\\\/anadolupet.com.tr\\\/#organization\"},\"potentialAction\":[{\"@type\":\"SearchAction\",\"target\":{\"@type\":\"EntryPoint\",\"urlTemplate\":\"https:\\\/\\\/anadolupet.com.tr\\\/?s={search_term_string}\"},\"query-input\":{\"@type\":\"PropertyValueSpecification\",\"valueRequired\":true,\"valueName\":\"search_term_string\"}}],\"inLanguage\":\"en-US\"},{\"@type\":\"Organization\",\"@id\":\"https:\\\/\\\/anadolupet.com.tr\\\/#organization\",\"name\":\"Anadolu Pet Grup\",\"alternateName\":\"Anadolu Pet\",\"url\":\"https:\\\/\\\/anadolupet.com.tr\\\/\",\"logo\":{\"@type\":\"ImageObject\",\"inLanguage\":\"en-US\",\"@id\":\"https:\\\/\\\/anadolupet.com.tr\\\/#\\\/schema\\\/logo\\\/image\\\/\",\"url\":\"https:\\\/\\\/anadolupet.com.tr\\\/wp-content\\\/uploads\\\/2026\\\/03\\\/1614666743370.jpg\",\"contentUrl\":\"https:\\\/\\\/anadolupet.com.tr\\\/wp-content\\\/uploads\\\/2026\\\/03\\\/1614666743370.jpg\",\"width\":800,\"height\":571,\"caption\":\"Anadolu Pet Grup\"},\"image\":{\"@id\":\"https:\\\/\\\/anadolupet.com.tr\\\/#\\\/schema\\\/logo\\\/image\\\/\"}}]}<\/script>\n<!-- \/ Yoast SEO plugin. -->","yoast_head_json":{"title":"Moderna Smarty Mama Kab\u0131 - Sar\u0131 No 3 - Anadolu Pet Grup","robots":{"index":"index","follow":"follow","max-snippet":"max-snippet:-1","max-image-preview":"max-image-preview:large","max-video-preview":"max-video-preview:-1"},"canonical":"https:\/\/anadolupet.com.tr\/en\/product\/moderna-smarty-mama-kabi-sari-no-3\/","og_locale":"en_US","og_type":"article","og_title":"Moderna Smarty Mama Kab\u0131 - Sar\u0131 No 3 - Anadolu Pet Grup","og_description":"Smarty Bowl Large \u2013 Mama ve Su Kab\u0131 (1,248 ml) Kaymaz tabanl\u0131, hijyenik ve pratik tasar\u0131m! Smarty Bowl Large, b\u00fcy\u00fck \u0131rk k\u00f6pekler ve kediler i\u00e7in \u00f6zel olarak tasarlanm\u0131\u015f mama ve su kab\u0131d\u0131r. Kaymaz kau\u00e7uk ayaklar\u0131 sayesinde sabit durur, yuvarlat\u0131lm\u0131\u015f kenarlar\u0131 ile yap\u0131\u015fma olmaz. Geni\u015f hacmiyle g\u00fcnl\u00fck kullan\u0131mda konfor ve hijyen sa\u011flar. \u00d6ne \u00c7\u0131kan \u00d6zellikler Kaymaz kau\u00e7uk ayaklar ile sabit kullan\u0131m Ergonomik tutma kenarlar\u0131 sayesinde g\u00fcvenli kavrama Yuvarlat\u0131lm\u0131\u015f kenarlar ile yap\u0131\u015fma \u00f6nleyici tasar\u0131m Sa\u011flam ve dengeli taban, devrilmeyi \u00f6nler Bula\u015f\u0131k makinesinde y\u0131kanabilir, kolay temizlik sa\u011flar Farkl\u0131 boy se\u00e7enekleri ile her \u0131rk i\u00e7in uygun BPA\u2019s\u0131z, toksik madde i\u00e7ermeyen premium plastik %100 geri d\u00f6n\u00fc\u015ft\u00fcr\u00fclebilir, \u00e7evre dostu \u00fcretim Smarty Bowl Large, evcil dostlar\u0131n\u0131z\u0131n mama ve su ihtiyac\u0131n\u0131 g\u00fcvenle kar\u015f\u0131lar. Fonksiyonel yap\u0131s\u0131 sayesinde g\u00fcnl\u00fck kullan\u0131mda pratiklik sunarken \u00e7evre dostu \u00fcretimiyle s\u00fcrd\u00fcr\u00fclebilir bir tercih olu\u015fturur. Hacim 1,248 ml \u00dcr\u00fcn \u00d6l\u00e7\u00fcleri 23.9 x 21.4 x 8.4 cm","og_url":"https:\/\/anadolupet.com.tr\/en\/product\/moderna-smarty-mama-kabi-sari-no-3\/","og_site_name":"Anadolu Pet Grup","article_modified_time":"2026-02-23T12:51:35+00:00","og_image":[{"width":750,"height":750,"url":"https:\/\/anadolupet.com.tr\/wp-content\/uploads\/2026\/02\/242-H103-329.jpg","type":"image\/jpeg"}],"twitter_card":"summary_large_image","schema":{"@context":"https:\/\/schema.org","@graph":[{"@type":"WebPage","@id":"https:\/\/anadolupet.com.tr\/urun\/moderna-smarty-mama-kabi-sari-no-3\/","url":"https:\/\/anadolupet.com.tr\/urun\/moderna-smarty-mama-kabi-sari-no-3\/","name":"Moderna Smarty Mama Kab\u0131 - Sar\u0131 No 3 - Anadolu Pet Grup","isPartOf":{"@id":"https:\/\/anadolupet.com.tr\/#website"},"primaryImageOfPage":{"@id":"https:\/\/anadolupet.com.tr\/urun\/moderna-smarty-mama-kabi-sari-no-3\/#primaryimage"},"image":{"@id":"https:\/\/anadolupet.com.tr\/urun\/moderna-smarty-mama-kabi-sari-no-3\/#primaryimage"},"thumbnailUrl":"https:\/\/anadolupet.com.tr\/wp-content\/uploads\/2026\/02\/242-H103-329.jpg","datePublished":"2026-02-14T14:45:06+00:00","dateModified":"2026-02-23T12:51:35+00:00","breadcrumb":{"@id":"https:\/\/anadolupet.com.tr\/urun\/moderna-smarty-mama-kabi-sari-no-3\/#breadcrumb"},"inLanguage":"en-US","potentialAction":[{"@type":"ReadAction","target":["https:\/\/anadolupet.com.tr\/urun\/moderna-smarty-mama-kabi-sari-no-3\/"]}]},{"@type":"ImageObject","inLanguage":"en-US","@id":"https:\/\/anadolupet.com.tr\/urun\/moderna-smarty-mama-kabi-sari-no-3\/#primaryimage","url":"https:\/\/anadolupet.com.tr\/wp-content\/uploads\/2026\/02\/242-H103-329.jpg","contentUrl":"https:\/\/anadolupet.com.tr\/wp-content\/uploads\/2026\/02\/242-H103-329.jpg","width":750,"height":750},{"@type":"BreadcrumbList","@id":"https:\/\/anadolupet.com.tr\/urun\/moderna-smarty-mama-kabi-sari-no-3\/#breadcrumb","itemListElement":[{"@type":"ListItem","position":1,"name":"Anasayfa","item":"https:\/\/anadolupet.com.tr\/"},{"@type":"ListItem","position":2,"name":"\u00dcr\u00fcnler","item":"https:\/\/anadolupet.com.tr\/urunler\/"},{"@type":"ListItem","position":3,"name":"Moderna Smarty Mama Kab\u0131 &#8211; Sar\u0131 No 3"}]},{"@type":"WebSite","@id":"https:\/\/anadolupet.com.tr\/#website","url":"https:\/\/anadolupet.com.tr\/","name":"Anadolu Pet Group","description":"We Stand Together for the Well-Being of Every Life","publisher":{"@id":"https:\/\/anadolupet.com.tr\/#organization"},"potentialAction":[{"@type":"SearchAction","target":{"@type":"EntryPoint","urlTemplate":"https:\/\/anadolupet.com.tr\/?s={search_term_string}"},"query-input":{"@type":"PropertyValueSpecification","valueRequired":true,"valueName":"search_term_string"}}],"inLanguage":"en-US"},{"@type":"Organization","@id":"https:\/\/anadolupet.com.tr\/#organization","name":"Anadolu Pet Group","alternateName":"Anadolu Pet","url":"https:\/\/anadolupet.com.tr\/","logo":{"@type":"ImageObject","inLanguage":"en-US","@id":"https:\/\/anadolupet.com.tr\/#\/schema\/logo\/image\/","url":"https:\/\/anadolupet.com.tr\/wp-content\/uploads\/2026\/03\/1614666743370.jpg","contentUrl":"https:\/\/anadolupet.com.tr\/wp-content\/uploads\/2026\/03\/1614666743370.jpg","width":800,"height":571,"caption":"Anadolu Pet Grup"},"image":{"@id":"https:\/\/anadolupet.com.tr\/#\/schema\/logo\/image\/"}}]}},"_links":{"self":[{"href":"https:\/\/anadolupet.com.tr\/en\/wp-json\/wp\/v2\/product\/45920","targetHints":{"allow":["GET"]}}],"collection":[{"href":"https:\/\/anadolupet.com.tr\/en\/wp-json\/wp\/v2\/product"}],"about":[{"href":"https:\/\/anadolupet.com.tr\/en\/wp-json\/wp\/v2\/types\/product"}],"replies":[{"embeddable":true,"href":"https:\/\/anadolupet.com.tr\/en\/wp-json\/wp\/v2\/comments?post=45920"}],"wp:featuredmedia":[{"embeddable":true,"href":"https:\/\/anadolupet.com.tr\/en\/wp-json\/wp\/v2\/media\/43514"}],"wp:attachment":[{"href":"https:\/\/anadolupet.com.tr\/en\/wp-json\/wp\/v2\/media?parent=45920"}],"wp:term":[{"taxonomy":"product_brand","embeddable":true,"href":"https:\/\/anadolupet.com.tr\/en\/wp-json\/wp\/v2\/product_brand?post=45920"},{"taxonomy":"product_cat","embeddable":true,"href":"https:\/\/anadolupet.com.tr\/en\/wp-json\/wp\/v2\/product_cat?post=45920"},{"taxonomy":"product_tag","embeddable":true,"href":"https:\/\/anadolupet.com.tr\/en\/wp-json\/wp\/v2\/product_tag?post=45920"}],"curies":[{"name":"wp","href":"https:\/\/api.w.org\/{rel}","templated":true}]}}