{"id":45923,"date":"2026-02-14T14:45:06","date_gmt":"2026-02-14T14:45:06","guid":{"rendered":"https:\/\/anadolupet.com.tr\/?post_type=product&#038;p=45923"},"modified":"2026-02-23T12:51:35","modified_gmt":"2026-02-23T12:51:35","slug":"moderna-trendy-friends-saklama-kabi-fusya-6-lt","status":"publish","type":"product","link":"https:\/\/anadolupet.com.tr\/en\/urun\/moderna-trendy-friends-saklama-kabi-fusya-6-lt\/","title":{"rendered":"Moderna Trendy Friends Saklama Kab\u0131 &#8211; Fu\u015fya 6 LT"},"content":{"rendered":"","protected":false},"excerpt":{"rendered":"<p>Friends Mama Saklama Kab\u0131 \u2013 6 L (Fu\u015fya)<br \/>\nTazelik ve hijyen art\u0131k garanti! Friends mama saklama kab\u0131, kedi ve k\u00f6peklerinizin kuru mamas\u0131n\u0131 hava almadan g\u00fcvenle muhafaza etmeniz i\u00e7in tasarlanm\u0131\u015ft\u0131r. \u015e\u0131k fu\u015fya rengiyle evinize canl\u0131l\u0131k katarken, dayan\u0131kl\u0131 yap\u0131s\u0131 sayesinde uzun s\u00fcreli kullan\u0131m sa\u011flar.<br \/>\n\ud83d\udc3e \u00d6ne \u00c7\u0131kan \u00d6zellikler<br \/>\n\u00c7izilmeye ve UV\u2019ye dayan\u0131kl\u0131 tasar\u0131m \u2013 uzun \u00f6m\u00fcrl\u00fc kullan\u0131m<br \/>\nHava ge\u00e7irmez kapak \u2013 maman\u0131n taze ve temiz kalmas\u0131n\u0131 sa\u011flar<br \/>\nYan klipsli ana kapak \u2013 mama doldurmay\u0131 kolayla\u015ft\u0131r\u0131r<br \/>\nYumu\u015fak kau\u00e7uk tutma kulplu \u00fcst kapak \u2013 g\u00fcnl\u00fck mama ak\u0131\u015f\u0131 i\u00e7in pratik kullan\u0131m<br \/>\nToksik madde i\u00e7ermeyen plastik \u2013 g\u00fcvenli ve sa\u011fl\u0131kl\u0131 depolama<br \/>\nBula\u015f\u0131k makinesinde y\u0131kanabilir \u2013 maksimum hijyen ve kolay temizlik<br \/>\nFriends mama saklama kab\u0131, hem fonksiyonel hem de estetik tasar\u0131m\u0131yla evcil dostlar\u0131n\u0131z\u0131n mamas\u0131n\u0131 g\u00fcvenle saklaman\u0131z\u0131 sa\u011flar.<br \/>\n\ud83d\udce6 Hacim 6 Litre<br \/>\n\ud83d\udccf \u00dcr\u00fcn \u00d6l\u00e7\u00fcleri<br \/>\nEn: 21,3 cm<br \/>\nBoy: 27,2 cm<br \/>\nY\u00fckseklik: 29,5 cm<\/p>","protected":false},"featured_media":43386,"comment_status":"open","ping_status":"closed","template":"","meta":{"_acf_changed":false},"product_brand":[],"product_cat":[2431],"product_tag":[],"class_list":{"0":"post-45923","1":"product","2":"type-product","3":"status-publish","4":"has-post-thumbnail","6":"product_cat-mama-kaplari","8":"first","9":"instock","10":"shipping-taxable","11":"product-type-simple"},"acf":[],"yoast_head":"<!-- This site is optimized with the Yoast SEO plugin v27.4 - https:\/\/yoast.com\/product\/yoast-seo-wordpress\/ -->\n<title>Moderna Trendy Friends Saklama Kab\u0131 - Fu\u015fya 6 LT - Anadolu Pet Grup<\/title>\n<meta name=\"robots\" content=\"index, follow, max-snippet:-1, max-image-preview:large, max-video-preview:-1\" \/>\n<link rel=\"canonical\" href=\"https:\/\/anadolupet.com.tr\/en\/product\/moderna-trendy-friends-saklama-kabi-fusya-6-lt\/\" \/>\n<meta property=\"og:locale\" content=\"en_US\" \/>\n<meta property=\"og:type\" content=\"article\" \/>\n<meta property=\"og:title\" content=\"Moderna Trendy Friends Saklama Kab\u0131 - Fu\u015fya 6 LT - Anadolu Pet Grup\" \/>\n<meta property=\"og:description\" content=\"Friends Mama Saklama Kab\u0131 \u2013 6 L (Fu\u015fya) Tazelik ve hijyen art\u0131k garanti! Friends mama saklama kab\u0131, kedi ve k\u00f6peklerinizin kuru mamas\u0131n\u0131 hava almadan g\u00fcvenle muhafaza etmeniz i\u00e7in tasarlanm\u0131\u015ft\u0131r. \u015e\u0131k fu\u015fya rengiyle evinize canl\u0131l\u0131k katarken, dayan\u0131kl\u0131 yap\u0131s\u0131 sayesinde uzun s\u00fcreli kullan\u0131m sa\u011flar. \ud83d\udc3e \u00d6ne \u00c7\u0131kan \u00d6zellikler \u00c7izilmeye ve UV\u2019ye dayan\u0131kl\u0131 tasar\u0131m \u2013 uzun \u00f6m\u00fcrl\u00fc kullan\u0131m Hava ge\u00e7irmez kapak \u2013 maman\u0131n taze ve temiz kalmas\u0131n\u0131 sa\u011flar Yan klipsli ana kapak \u2013 mama doldurmay\u0131 kolayla\u015ft\u0131r\u0131r Yumu\u015fak kau\u00e7uk tutma kulplu \u00fcst kapak \u2013 g\u00fcnl\u00fck mama ak\u0131\u015f\u0131 i\u00e7in pratik kullan\u0131m Toksik madde i\u00e7ermeyen plastik \u2013 g\u00fcvenli ve sa\u011fl\u0131kl\u0131 depolama Bula\u015f\u0131k makinesinde y\u0131kanabilir \u2013 maksimum hijyen ve kolay temizlik Friends mama saklama kab\u0131, hem fonksiyonel hem de estetik tasar\u0131m\u0131yla evcil dostlar\u0131n\u0131z\u0131n mamas\u0131n\u0131 g\u00fcvenle saklaman\u0131z\u0131 sa\u011flar. \ud83d\udce6 Hacim 6 Litre \ud83d\udccf \u00dcr\u00fcn \u00d6l\u00e7\u00fcleri En: 21,3 cm Boy: 27,2 cm Y\u00fckseklik: 29,5 cm\" \/>\n<meta property=\"og:url\" content=\"https:\/\/anadolupet.com.tr\/en\/product\/moderna-trendy-friends-saklama-kabi-fusya-6-lt\/\" \/>\n<meta property=\"og:site_name\" content=\"Anadolu Pet Grup\" \/>\n<meta property=\"article:modified_time\" content=\"2026-02-23T12:51:35+00:00\" \/>\n<meta property=\"og:image\" content=\"https:\/\/anadolupet.com.tr\/wp-content\/uploads\/2026\/02\/242-AF50-328.jpg\" \/>\n\t<meta property=\"og:image:width\" content=\"750\" \/>\n\t<meta property=\"og:image:height\" content=\"750\" \/>\n\t<meta property=\"og:image:type\" content=\"image\/jpeg\" \/>\n<meta name=\"twitter:card\" content=\"summary_large_image\" \/>\n<script type=\"application\/ld+json\" class=\"yoast-schema-graph\">{\"@context\":\"https:\\\/\\\/schema.org\",\"@graph\":[{\"@type\":\"WebPage\",\"@id\":\"https:\\\/\\\/anadolupet.com.tr\\\/urun\\\/moderna-trendy-friends-saklama-kabi-fusya-6-lt\\\/\",\"url\":\"https:\\\/\\\/anadolupet.com.tr\\\/urun\\\/moderna-trendy-friends-saklama-kabi-fusya-6-lt\\\/\",\"name\":\"Moderna Trendy Friends Saklama Kab\u0131 - Fu\u015fya 6 LT - Anadolu Pet Grup\",\"isPartOf\":{\"@id\":\"https:\\\/\\\/anadolupet.com.tr\\\/#website\"},\"primaryImageOfPage\":{\"@id\":\"https:\\\/\\\/anadolupet.com.tr\\\/urun\\\/moderna-trendy-friends-saklama-kabi-fusya-6-lt\\\/#primaryimage\"},\"image\":{\"@id\":\"https:\\\/\\\/anadolupet.com.tr\\\/urun\\\/moderna-trendy-friends-saklama-kabi-fusya-6-lt\\\/#primaryimage\"},\"thumbnailUrl\":\"https:\\\/\\\/anadolupet.com.tr\\\/wp-content\\\/uploads\\\/2026\\\/02\\\/242-AF50-328.jpg\",\"datePublished\":\"2026-02-14T14:45:06+00:00\",\"dateModified\":\"2026-02-23T12:51:35+00:00\",\"breadcrumb\":{\"@id\":\"https:\\\/\\\/anadolupet.com.tr\\\/urun\\\/moderna-trendy-friends-saklama-kabi-fusya-6-lt\\\/#breadcrumb\"},\"inLanguage\":\"en-US\",\"potentialAction\":[{\"@type\":\"ReadAction\",\"target\":[\"https:\\\/\\\/anadolupet.com.tr\\\/urun\\\/moderna-trendy-friends-saklama-kabi-fusya-6-lt\\\/\"]}]},{\"@type\":\"ImageObject\",\"inLanguage\":\"en-US\",\"@id\":\"https:\\\/\\\/anadolupet.com.tr\\\/urun\\\/moderna-trendy-friends-saklama-kabi-fusya-6-lt\\\/#primaryimage\",\"url\":\"https:\\\/\\\/anadolupet.com.tr\\\/wp-content\\\/uploads\\\/2026\\\/02\\\/242-AF50-328.jpg\",\"contentUrl\":\"https:\\\/\\\/anadolupet.com.tr\\\/wp-content\\\/uploads\\\/2026\\\/02\\\/242-AF50-328.jpg\",\"width\":750,\"height\":750},{\"@type\":\"BreadcrumbList\",\"@id\":\"https:\\\/\\\/anadolupet.com.tr\\\/urun\\\/moderna-trendy-friends-saklama-kabi-fusya-6-lt\\\/#breadcrumb\",\"itemListElement\":[{\"@type\":\"ListItem\",\"position\":1,\"name\":\"Anasayfa\",\"item\":\"https:\\\/\\\/anadolupet.com.tr\\\/\"},{\"@type\":\"ListItem\",\"position\":2,\"name\":\"\u00dcr\u00fcnler\",\"item\":\"https:\\\/\\\/anadolupet.com.tr\\\/urunler\\\/\"},{\"@type\":\"ListItem\",\"position\":3,\"name\":\"Moderna Trendy Friends Saklama Kab\u0131 &#8211; Fu\u015fya 6 LT\"}]},{\"@type\":\"WebSite\",\"@id\":\"https:\\\/\\\/anadolupet.com.tr\\\/#website\",\"url\":\"https:\\\/\\\/anadolupet.com.tr\\\/\",\"name\":\"Anadolu Pet Grup\",\"description\":\"Her Can\u0131n \u0130yi Ya\u015fam\u0131 \u0130\u00e7in Biraraday\u0131z\",\"publisher\":{\"@id\":\"https:\\\/\\\/anadolupet.com.tr\\\/#organization\"},\"potentialAction\":[{\"@type\":\"SearchAction\",\"target\":{\"@type\":\"EntryPoint\",\"urlTemplate\":\"https:\\\/\\\/anadolupet.com.tr\\\/?s={search_term_string}\"},\"query-input\":{\"@type\":\"PropertyValueSpecification\",\"valueRequired\":true,\"valueName\":\"search_term_string\"}}],\"inLanguage\":\"en-US\"},{\"@type\":\"Organization\",\"@id\":\"https:\\\/\\\/anadolupet.com.tr\\\/#organization\",\"name\":\"Anadolu Pet Grup\",\"alternateName\":\"Anadolu Pet\",\"url\":\"https:\\\/\\\/anadolupet.com.tr\\\/\",\"logo\":{\"@type\":\"ImageObject\",\"inLanguage\":\"en-US\",\"@id\":\"https:\\\/\\\/anadolupet.com.tr\\\/#\\\/schema\\\/logo\\\/image\\\/\",\"url\":\"https:\\\/\\\/anadolupet.com.tr\\\/wp-content\\\/uploads\\\/2026\\\/03\\\/1614666743370.jpg\",\"contentUrl\":\"https:\\\/\\\/anadolupet.com.tr\\\/wp-content\\\/uploads\\\/2026\\\/03\\\/1614666743370.jpg\",\"width\":800,\"height\":571,\"caption\":\"Anadolu Pet Grup\"},\"image\":{\"@id\":\"https:\\\/\\\/anadolupet.com.tr\\\/#\\\/schema\\\/logo\\\/image\\\/\"}}]}<\/script>\n<!-- \/ Yoast SEO plugin. -->","yoast_head_json":{"title":"Moderna Trendy Friends Saklama Kab\u0131 - Fu\u015fya 6 LT - Anadolu Pet Grup","robots":{"index":"index","follow":"follow","max-snippet":"max-snippet:-1","max-image-preview":"max-image-preview:large","max-video-preview":"max-video-preview:-1"},"canonical":"https:\/\/anadolupet.com.tr\/en\/product\/moderna-trendy-friends-saklama-kabi-fusya-6-lt\/","og_locale":"en_US","og_type":"article","og_title":"Moderna Trendy Friends Saklama Kab\u0131 - Fu\u015fya 6 LT - Anadolu Pet Grup","og_description":"Friends Mama Saklama Kab\u0131 \u2013 6 L (Fu\u015fya) Tazelik ve hijyen art\u0131k garanti! Friends mama saklama kab\u0131, kedi ve k\u00f6peklerinizin kuru mamas\u0131n\u0131 hava almadan g\u00fcvenle muhafaza etmeniz i\u00e7in tasarlanm\u0131\u015ft\u0131r. \u015e\u0131k fu\u015fya rengiyle evinize canl\u0131l\u0131k katarken, dayan\u0131kl\u0131 yap\u0131s\u0131 sayesinde uzun s\u00fcreli kullan\u0131m sa\u011flar. \ud83d\udc3e \u00d6ne \u00c7\u0131kan \u00d6zellikler \u00c7izilmeye ve UV\u2019ye dayan\u0131kl\u0131 tasar\u0131m \u2013 uzun \u00f6m\u00fcrl\u00fc kullan\u0131m Hava ge\u00e7irmez kapak \u2013 maman\u0131n taze ve temiz kalmas\u0131n\u0131 sa\u011flar Yan klipsli ana kapak \u2013 mama doldurmay\u0131 kolayla\u015ft\u0131r\u0131r Yumu\u015fak kau\u00e7uk tutma kulplu \u00fcst kapak \u2013 g\u00fcnl\u00fck mama ak\u0131\u015f\u0131 i\u00e7in pratik kullan\u0131m Toksik madde i\u00e7ermeyen plastik \u2013 g\u00fcvenli ve sa\u011fl\u0131kl\u0131 depolama Bula\u015f\u0131k makinesinde y\u0131kanabilir \u2013 maksimum hijyen ve kolay temizlik Friends mama saklama kab\u0131, hem fonksiyonel hem de estetik tasar\u0131m\u0131yla evcil dostlar\u0131n\u0131z\u0131n mamas\u0131n\u0131 g\u00fcvenle saklaman\u0131z\u0131 sa\u011flar. \ud83d\udce6 Hacim 6 Litre \ud83d\udccf \u00dcr\u00fcn \u00d6l\u00e7\u00fcleri En: 21,3 cm Boy: 27,2 cm Y\u00fckseklik: 29,5 cm","og_url":"https:\/\/anadolupet.com.tr\/en\/product\/moderna-trendy-friends-saklama-kabi-fusya-6-lt\/","og_site_name":"Anadolu Pet Grup","article_modified_time":"2026-02-23T12:51:35+00:00","og_image":[{"width":750,"height":750,"url":"https:\/\/anadolupet.com.tr\/wp-content\/uploads\/2026\/02\/242-AF50-328.jpg","type":"image\/jpeg"}],"twitter_card":"summary_large_image","schema":{"@context":"https:\/\/schema.org","@graph":[{"@type":"WebPage","@id":"https:\/\/anadolupet.com.tr\/urun\/moderna-trendy-friends-saklama-kabi-fusya-6-lt\/","url":"https:\/\/anadolupet.com.tr\/urun\/moderna-trendy-friends-saklama-kabi-fusya-6-lt\/","name":"Moderna Trendy Friends Saklama Kab\u0131 - Fu\u015fya 6 LT - Anadolu Pet Grup","isPartOf":{"@id":"https:\/\/anadolupet.com.tr\/#website"},"primaryImageOfPage":{"@id":"https:\/\/anadolupet.com.tr\/urun\/moderna-trendy-friends-saklama-kabi-fusya-6-lt\/#primaryimage"},"image":{"@id":"https:\/\/anadolupet.com.tr\/urun\/moderna-trendy-friends-saklama-kabi-fusya-6-lt\/#primaryimage"},"thumbnailUrl":"https:\/\/anadolupet.com.tr\/wp-content\/uploads\/2026\/02\/242-AF50-328.jpg","datePublished":"2026-02-14T14:45:06+00:00","dateModified":"2026-02-23T12:51:35+00:00","breadcrumb":{"@id":"https:\/\/anadolupet.com.tr\/urun\/moderna-trendy-friends-saklama-kabi-fusya-6-lt\/#breadcrumb"},"inLanguage":"en-US","potentialAction":[{"@type":"ReadAction","target":["https:\/\/anadolupet.com.tr\/urun\/moderna-trendy-friends-saklama-kabi-fusya-6-lt\/"]}]},{"@type":"ImageObject","inLanguage":"en-US","@id":"https:\/\/anadolupet.com.tr\/urun\/moderna-trendy-friends-saklama-kabi-fusya-6-lt\/#primaryimage","url":"https:\/\/anadolupet.com.tr\/wp-content\/uploads\/2026\/02\/242-AF50-328.jpg","contentUrl":"https:\/\/anadolupet.com.tr\/wp-content\/uploads\/2026\/02\/242-AF50-328.jpg","width":750,"height":750},{"@type":"BreadcrumbList","@id":"https:\/\/anadolupet.com.tr\/urun\/moderna-trendy-friends-saklama-kabi-fusya-6-lt\/#breadcrumb","itemListElement":[{"@type":"ListItem","position":1,"name":"Anasayfa","item":"https:\/\/anadolupet.com.tr\/"},{"@type":"ListItem","position":2,"name":"\u00dcr\u00fcnler","item":"https:\/\/anadolupet.com.tr\/urunler\/"},{"@type":"ListItem","position":3,"name":"Moderna Trendy Friends Saklama Kab\u0131 &#8211; Fu\u015fya 6 LT"}]},{"@type":"WebSite","@id":"https:\/\/anadolupet.com.tr\/#website","url":"https:\/\/anadolupet.com.tr\/","name":"Anadolu Pet Group","description":"We Stand Together for the Well-Being of Every Life","publisher":{"@id":"https:\/\/anadolupet.com.tr\/#organization"},"potentialAction":[{"@type":"SearchAction","target":{"@type":"EntryPoint","urlTemplate":"https:\/\/anadolupet.com.tr\/?s={search_term_string}"},"query-input":{"@type":"PropertyValueSpecification","valueRequired":true,"valueName":"search_term_string"}}],"inLanguage":"en-US"},{"@type":"Organization","@id":"https:\/\/anadolupet.com.tr\/#organization","name":"Anadolu Pet Group","alternateName":"Anadolu Pet","url":"https:\/\/anadolupet.com.tr\/","logo":{"@type":"ImageObject","inLanguage":"en-US","@id":"https:\/\/anadolupet.com.tr\/#\/schema\/logo\/image\/","url":"https:\/\/anadolupet.com.tr\/wp-content\/uploads\/2026\/03\/1614666743370.jpg","contentUrl":"https:\/\/anadolupet.com.tr\/wp-content\/uploads\/2026\/03\/1614666743370.jpg","width":800,"height":571,"caption":"Anadolu Pet Grup"},"image":{"@id":"https:\/\/anadolupet.com.tr\/#\/schema\/logo\/image\/"}}]}},"_links":{"self":[{"href":"https:\/\/anadolupet.com.tr\/en\/wp-json\/wp\/v2\/product\/45923","targetHints":{"allow":["GET"]}}],"collection":[{"href":"https:\/\/anadolupet.com.tr\/en\/wp-json\/wp\/v2\/product"}],"about":[{"href":"https:\/\/anadolupet.com.tr\/en\/wp-json\/wp\/v2\/types\/product"}],"replies":[{"embeddable":true,"href":"https:\/\/anadolupet.com.tr\/en\/wp-json\/wp\/v2\/comments?post=45923"}],"wp:featuredmedia":[{"embeddable":true,"href":"https:\/\/anadolupet.com.tr\/en\/wp-json\/wp\/v2\/media\/43386"}],"wp:attachment":[{"href":"https:\/\/anadolupet.com.tr\/en\/wp-json\/wp\/v2\/media?parent=45923"}],"wp:term":[{"taxonomy":"product_brand","embeddable":true,"href":"https:\/\/anadolupet.com.tr\/en\/wp-json\/wp\/v2\/product_brand?post=45923"},{"taxonomy":"product_cat","embeddable":true,"href":"https:\/\/anadolupet.com.tr\/en\/wp-json\/wp\/v2\/product_cat?post=45923"},{"taxonomy":"product_tag","embeddable":true,"href":"https:\/\/anadolupet.com.tr\/en\/wp-json\/wp\/v2\/product_tag?post=45923"}],"curies":[{"name":"wp","href":"https:\/\/api.w.org\/{rel}","templated":true}]}}